{"id":9,"date":"2011-12-01T13:25:31","date_gmt":"2011-12-01T13:25:31","guid":{"rendered":"http:\/\/cms.impact-structures.com\/?page_id=9"},"modified":"2012-07-31T14:27:01","modified_gmt":"2012-07-31T14:27:01","slug":"database-of-earth-impact-structures-2","status":"publish","type":"page","link":"http:\/\/estructuras-de-impacto.impact-structures.com\/?page_id=9","title":{"rendered":"Base de datos de las estructuras de impacto terrestres"},"content":{"rendered":"<p>Presentamos aqu\u00ed dos enlaces a bases de datos sobre estructuras de impacto terrestres:<\/p>\n<p><span style=\"color: #000000;\"><strong>Impact structures of the world<\/strong>, compilado por Jarmo Moilanen (2009)<\/span><\/p>\n<p><span style=\"color: #3366ff;\"><a href=\"http:\/\/www.somerikko.net\/impacts\/database.php\" target=\"_blank\"><span style=\"color: #3366ff;\">http:\/\/www.somerikko.net\/impacts\/database.php<\/span><\/a><\/span><\/p>\n<p><span style=\"color: #000000;\">y<\/span><\/p>\n<p><span style=\"color: #000000;\"><strong>Expert Database on Earth Impact Structures (EDEIS) of the<br \/>\nInstitute of Computational Mathematics and Mathematical Geophysics SD RAS Tsunami Laboratory (2008)<\/strong><\/span><\/p>\n<p><a href=\"http:\/\/tsun.sscc.ru\/nh\/impact.php\" target=\"_blank\">http:\/\/tsun.sscc.ru\/nh\/impact.php<\/a><\/p>\n<p>Estas bases de datos son de lejos m\u00e1s extensas que la base de datos de impactos terrestres canadiense, la cual deja mucho que desear acerca de sus criterios sobre la inclusi\u00f3n de estructuras. De hecho parece que la base de datos canadiense ha perdido su fiabilidad inicial y pensamos que las conexiones personales tienen preferencia sobre las cient\u00edficas a la hora de incluir o no una determinada estructura en su base de datos.<\/p>\n<p>Esto es especialmente evidente cuando uno mira las grandes estructuras de impacto espa\u00f1olas de Azuara y Rubielos de la C\u00e9rida, las cuales siguen descalificadas como estructuras probadas en la base de datos de impactos terrestres de la Universidad de New Brunswick (Canad\u00e1) que es llevada por John Spray.<\/p>\n<p>Aqu\u00ed puede citarse la visi\u00f3n de la ciencia, no basada en la ecuanimidad, de John Spray: En una carta remitida a \u00e9l por Ferran Claudin, \u00e9ste \u00faltimo le preguntaba c\u00f3mo era que la estructura de Azuara que inicialmente estaba incluida como una estructura de impacto probada hab\u00eda sido eliminada de la base datos y porque tambi\u00e9n Rubielos de la C\u00e9rida a pesar de todas las evidencias apabullantes sobre su origen por impacto no hab\u00eda sido incluida. Ferran Claudin se ofrec\u00eda a enviarle todos los art\u00edculos publicados sobre los impactos para que pudiera contrastarlos. La contestaci\u00f3n a la carta por parte de John Spray fue que si quer\u00eda enviarle los art\u00edculos bien, pero que \u00e9l no iba a leerlos.<\/p>\n<p>M\u00e1s acerca de la denominada \u201ccomunidad de impactistas\u201d y la obstrucci\u00f3n de la ciencia por parte de un peque\u00f1o grupo de personas<sup>1<\/sup>, cuyas acciones no se limitan s\u00f3lo a los impactos espa\u00f1oles sino tambi\u00e9n a los de otros continentes y a otros proyectos de investigaci\u00f3n sobre impactos, puede leerse en el submen\u00fa \u201cControversia\u201d de nuestra web. En este submen\u00fa se detallan sobretodo\u00a0 los procesos que acompa\u00f1an el caso de las estructuras de impacto espa\u00f1olas.<\/p>\n<p>_______________________________________________________<\/p>\n<p><sup>1<\/sup> Existen, seg\u00fan la bibliograf\u00eda al uso, diversas v\u00edas para entender (o pretender entender) como opera la comunidad cient\u00edfica<\/p>\n<ol>\n<li>Como una b\u00fasqueda de la verdad, una empresa para solventar puzles dentro de paradigmas (Kuhn, 1970)<\/li>\n<li>Una empresa social en la cual los cient\u00edficos tratan de enrolar a otros a su propia causa (Latour, 1987)<\/li>\n<li>Como una comunidad de intereses (Barnes, 1977). Estos intereses pueden ser: dinero, poder, estatus, privilegio u otras ventajas\u2026\u2026<\/li>\n<\/ol>\n<p>A menudo, cuando la gente piensa en \u201cciencia\u201d, piensa que el conocimiento cient\u00edfico es algo as\u00ed como una esencia por encima de los intereses humanos\u2026\u2026hay que recordar que en realidad el conocimiento cient\u00edfico es una creaci\u00f3n humana, ligada por tanto a la gloria y miseria humanas. Una persona o personas que cambia\/n o pretende\/n cambiar el punto de vista convencional, por lo general primero es ignorada, despu\u00e9s denostada y finalmente \u2013 si esto no funciona \u2013 atacada por parte del grupo dominante (o poseedor de la \u201cverdad o esencia\u201d del pto de vista dominante). De este modo, un cient\u00edfico o grupo de cient\u00edficos, podr\u00e1 ser atacado por parte del grupo dominante \u2013 a fin de preservar su \u201cverdad\u201d (de acuerdo con la v\u00eda de Barnes (1977)) \u2013 de diversas maneras: mediante el ostracismo, mediante el escrutinio excesivo de sus trabajos ( a trav\u00e9s de \u00e1rbitros afines), mediante el bloqueo y denegaci\u00f3n de trabajos, mediante el bloqueo de ayudas, mediante traslados, impidiendo sus publicaciones, mediante reprimendas formales, mediante la dispersi\u00f3n de rumores\u2026.etc. \u00a0Una serie de ejemplos en diversos campos puede leerse en la web de Brian Martin sobre la supresi\u00f3n de los disidentes (<a href=\"http:\/\/www.bmartin.cc\/pubs\/supp.html\" target=\"_blank\">http:\/\/www.bmartin.cc\/pubs\/supp.html<\/a> ).<\/p>\n","protected":false},"excerpt":{"rendered":"<p>Presentamos aqu\u00ed dos enlaces a bases de datos sobre estructuras de impacto terrestres: Impact structures of the world, compilado por Jarmo Moilanen (2009) http:\/\/www.somerikko.net\/impacts\/database.php y Expert Database on Earth Impact Structures (EDEIS) of the Institute of Computational Mathematics and Mathematical Geophysics SD RAS Tsunami Laboratory (2008) http:\/\/tsun.sscc.ru\/nh\/impact.php Estas bases de datos son de lejos m\u00e1s &hellip; <a href=\"http:\/\/estructuras-de-impacto.impact-structures.com\/?page_id=9\" class=\"more-link\">Continuar leyendo<span class=\"screen-reader-text\"> \u00abBase de datos de las estructuras de impacto terrestres\u00bb<\/span><\/a><\/p>\n","protected":false},"author":1,"featured_media":0,"parent":0,"menu_order":10,"comment_status":"closed","ping_status":"closed","template":"sidebar-page.php","meta":{"footnotes":""},"class_list":["post-9","page","type-page","status-publish","hentry"],"yoast_head":"<!-- This site is optimized with the Yoast SEO plugin v27.3 - https:\/\/yoast.com\/product\/yoast-seo-wordpress\/ -->\n<title>Base de datos de las estructuras de impacto terrestres - ERNSTSON CLAUDIN ESTRUCTURAS DE IMPACTO - CR\u00c1TERES METEOR\u00cdTICOS<\/title>\n<meta name=\"robots\" content=\"index, follow, max-snippet:-1, max-image-preview:large, max-video-preview:-1\" \/>\n<link rel=\"canonical\" href=\"https:\/\/estructuras-de-impacto.impact-structures.com\/?page_id=9\" \/>\n<meta property=\"og:locale\" content=\"es_ES\" \/>\n<meta property=\"og:type\" content=\"article\" \/>\n<meta property=\"og:title\" content=\"Base de datos de las estructuras de impacto terrestres - ERNSTSON CLAUDIN ESTRUCTURAS DE IMPACTO - CR\u00c1TERES METEOR\u00cdTICOS\" \/>\n<meta property=\"og:description\" content=\"Presentamos aqu\u00ed dos enlaces a bases de datos sobre estructuras de impacto terrestres: Impact structures of the world, compilado por Jarmo Moilanen (2009) http:\/\/www.somerikko.net\/impacts\/database.php y Expert Database on Earth Impact Structures (EDEIS) of the Institute of Computational Mathematics and Mathematical Geophysics SD RAS Tsunami Laboratory (2008) http:\/\/tsun.sscc.ru\/nh\/impact.php Estas bases de datos son de lejos m\u00e1s &hellip; Continuar leyendo &quot;Base de datos de las estructuras de impacto terrestres&quot;\" \/>\n<meta property=\"og:url\" content=\"https:\/\/estructuras-de-impacto.impact-structures.com\/?page_id=9\" \/>\n<meta property=\"og:site_name\" content=\"ERNSTSON CLAUDIN ESTRUCTURAS DE IMPACTO - CR\u00c1TERES METEOR\u00cdTICOS\" \/>\n<meta property=\"article:modified_time\" content=\"2012-07-31T14:27:01+00:00\" \/>\n<meta name=\"twitter:card\" content=\"summary_large_image\" \/>\n<meta name=\"twitter:label1\" content=\"Tiempo de lectura\" \/>\n\t<meta name=\"twitter:data1\" content=\"3 minutos\" \/>\n<script type=\"application\/ld+json\" class=\"yoast-schema-graph\">{\"@context\":\"https:\\\/\\\/schema.org\",\"@graph\":[{\"@type\":\"WebPage\",\"@id\":\"https:\\\/\\\/estructuras-de-impacto.impact-structures.com\\\/?page_id=9\",\"url\":\"https:\\\/\\\/estructuras-de-impacto.impact-structures.com\\\/?page_id=9\",\"name\":\"Base de datos de las estructuras de impacto terrestres - ERNSTSON CLAUDIN ESTRUCTURAS DE IMPACTO - CR\u00c1TERES METEOR\u00cdTICOS\",\"isPartOf\":{\"@id\":\"http:\\\/\\\/estructuras-de-impacto.impact-structures.com\\\/#website\"},\"datePublished\":\"2011-12-01T13:25:31+00:00\",\"dateModified\":\"2012-07-31T14:27:01+00:00\",\"breadcrumb\":{\"@id\":\"https:\\\/\\\/estructuras-de-impacto.impact-structures.com\\\/?page_id=9#breadcrumb\"},\"inLanguage\":\"es\",\"potentialAction\":[{\"@type\":\"ReadAction\",\"target\":[\"https:\\\/\\\/estructuras-de-impacto.impact-structures.com\\\/?page_id=9\"]}]},{\"@type\":\"BreadcrumbList\",\"@id\":\"https:\\\/\\\/estructuras-de-impacto.impact-structures.com\\\/?page_id=9#breadcrumb\",\"itemListElement\":[{\"@type\":\"ListItem\",\"position\":1,\"name\":\"Portada\",\"item\":\"http:\\\/\\\/estructuras-de-impacto.impact-structures.com\\\/\"},{\"@type\":\"ListItem\",\"position\":2,\"name\":\"Base de datos de las estructuras de impacto terrestres\"}]},{\"@type\":\"WebSite\",\"@id\":\"http:\\\/\\\/estructuras-de-impacto.impact-structures.com\\\/#website\",\"url\":\"http:\\\/\\\/estructuras-de-impacto.impact-structures.com\\\/\",\"name\":\"ERNSTSON CLAUDIN ESTRUCTURAS DE IMPACTO - CR\u00c1TERES METEOR\u00cdTICOS\",\"description\":\"Investigaci\u00f3n sobre la geolog\u00eda, geof\u00edsica, y petrolog\u00eda\",\"potentialAction\":[{\"@type\":\"SearchAction\",\"target\":{\"@type\":\"EntryPoint\",\"urlTemplate\":\"http:\\\/\\\/estructuras-de-impacto.impact-structures.com\\\/?s={search_term_string}\"},\"query-input\":{\"@type\":\"PropertyValueSpecification\",\"valueRequired\":true,\"valueName\":\"search_term_string\"}}],\"inLanguage\":\"es\"}]}<\/script>\n<!-- \/ Yoast SEO plugin. -->","yoast_head_json":{"title":"Base de datos de las estructuras de impacto terrestres - ERNSTSON CLAUDIN ESTRUCTURAS DE IMPACTO - CR\u00c1TERES METEOR\u00cdTICOS","robots":{"index":"index","follow":"follow","max-snippet":"max-snippet:-1","max-image-preview":"max-image-preview:large","max-video-preview":"max-video-preview:-1"},"canonical":"https:\/\/estructuras-de-impacto.impact-structures.com\/?page_id=9","og_locale":"es_ES","og_type":"article","og_title":"Base de datos de las estructuras de impacto terrestres - ERNSTSON CLAUDIN ESTRUCTURAS DE IMPACTO - CR\u00c1TERES METEOR\u00cdTICOS","og_description":"Presentamos aqu\u00ed dos enlaces a bases de datos sobre estructuras de impacto terrestres: Impact structures of the world, compilado por Jarmo Moilanen (2009) http:\/\/www.somerikko.net\/impacts\/database.php y Expert Database on Earth Impact Structures (EDEIS) of the Institute of Computational Mathematics and Mathematical Geophysics SD RAS Tsunami Laboratory (2008) http:\/\/tsun.sscc.ru\/nh\/impact.php Estas bases de datos son de lejos m\u00e1s &hellip; Continuar leyendo \"Base de datos de las estructuras de impacto terrestres\"","og_url":"https:\/\/estructuras-de-impacto.impact-structures.com\/?page_id=9","og_site_name":"ERNSTSON CLAUDIN ESTRUCTURAS DE IMPACTO - CR\u00c1TERES METEOR\u00cdTICOS","article_modified_time":"2012-07-31T14:27:01+00:00","twitter_card":"summary_large_image","twitter_misc":{"Tiempo de lectura":"3 minutos"},"schema":{"@context":"https:\/\/schema.org","@graph":[{"@type":"WebPage","@id":"https:\/\/estructuras-de-impacto.impact-structures.com\/?page_id=9","url":"https:\/\/estructuras-de-impacto.impact-structures.com\/?page_id=9","name":"Base de datos de las estructuras de impacto terrestres - ERNSTSON CLAUDIN ESTRUCTURAS DE IMPACTO - CR\u00c1TERES METEOR\u00cdTICOS","isPartOf":{"@id":"http:\/\/estructuras-de-impacto.impact-structures.com\/#website"},"datePublished":"2011-12-01T13:25:31+00:00","dateModified":"2012-07-31T14:27:01+00:00","breadcrumb":{"@id":"https:\/\/estructuras-de-impacto.impact-structures.com\/?page_id=9#breadcrumb"},"inLanguage":"es","potentialAction":[{"@type":"ReadAction","target":["https:\/\/estructuras-de-impacto.impact-structures.com\/?page_id=9"]}]},{"@type":"BreadcrumbList","@id":"https:\/\/estructuras-de-impacto.impact-structures.com\/?page_id=9#breadcrumb","itemListElement":[{"@type":"ListItem","position":1,"name":"Portada","item":"http:\/\/estructuras-de-impacto.impact-structures.com\/"},{"@type":"ListItem","position":2,"name":"Base de datos de las estructuras de impacto terrestres"}]},{"@type":"WebSite","@id":"http:\/\/estructuras-de-impacto.impact-structures.com\/#website","url":"http:\/\/estructuras-de-impacto.impact-structures.com\/","name":"ERNSTSON CLAUDIN ESTRUCTURAS DE IMPACTO - CR\u00c1TERES METEOR\u00cdTICOS","description":"Investigaci\u00f3n sobre la geolog\u00eda, geof\u00edsica, y petrolog\u00eda","potentialAction":[{"@type":"SearchAction","target":{"@type":"EntryPoint","urlTemplate":"http:\/\/estructuras-de-impacto.impact-structures.com\/?s={search_term_string}"},"query-input":{"@type":"PropertyValueSpecification","valueRequired":true,"valueName":"search_term_string"}}],"inLanguage":"es"}]}},"_links":{"self":[{"href":"http:\/\/estructuras-de-impacto.impact-structures.com\/index.php?rest_route=\/wp\/v2\/pages\/9","targetHints":{"allow":["GET"]}}],"collection":[{"href":"http:\/\/estructuras-de-impacto.impact-structures.com\/index.php?rest_route=\/wp\/v2\/pages"}],"about":[{"href":"http:\/\/estructuras-de-impacto.impact-structures.com\/index.php?rest_route=\/wp\/v2\/types\/page"}],"author":[{"embeddable":true,"href":"http:\/\/estructuras-de-impacto.impact-structures.com\/index.php?rest_route=\/wp\/v2\/users\/1"}],"replies":[{"embeddable":true,"href":"http:\/\/estructuras-de-impacto.impact-structures.com\/index.php?rest_route=%2Fwp%2Fv2%2Fcomments&post=9"}],"version-history":[{"count":0,"href":"http:\/\/estructuras-de-impacto.impact-structures.com\/index.php?rest_route=\/wp\/v2\/pages\/9\/revisions"}],"wp:attachment":[{"href":"http:\/\/estructuras-de-impacto.impact-structures.com\/index.php?rest_route=%2Fwp%2Fv2%2Fmedia&parent=9"}],"curies":[{"name":"wp","href":"https:\/\/api.w.org\/{rel}","templated":true}]}}