{"id":456,"date":"2011-12-04T17:54:28","date_gmt":"2011-12-04T17:54:28","guid":{"rendered":"http:\/\/cms.impact-structures.com\/?page_id=456"},"modified":"2012-07-27T09:31:49","modified_gmt":"2012-07-27T09:31:49","slug":"claudin-f-and-ernstson-k-2004-comment-on-triassic-cratered-cobbles-shock-effects-or-tectonic-pressure-by-m-g-shapman-m-a-evans-and-j-f-mchone","status":"publish","type":"page","link":"http:\/\/estructuras-de-impacto.impact-structures.com\/?page_id=456","title":{"rendered":"Comment on M.G. Shapman, M.A. Evans &#038; J.F. McHone (2004)"},"content":{"rendered":"<p><strong>\u00a0Claudin, F. and Ernstson, K. (2004): Comment on<\/strong><\/p>\n<p>TRIASSIC CRATERED COBBLES: SHOCK EFFECTS OR TECTONIC PRESSURE? by M.G. Shapman, M.A. Evans, and J.F. McHone<\/p>\n<p><a title=\"\" href=\"http:\/\/www.lpi.usra.edu\/meetings\/lpsc2004\/pdf\/1424.pdf\">http:\/\/www.lpi.usra.edu\/meetings\/lpsc2004\/pdf\/1424.pdf<\/a><\/p>\n<p><a href=\"http:\/\/estructuras-de-impacto.impact-structures.com\/wp-content\/uploads\/2011\/12\/chapman1.jpg\"><img loading=\"lazy\" decoding=\"async\" class=\"alignnone  wp-image-2221\" title=\"M. G. Chapman U.S. Geological Survey\" src=\"http:\/\/estructuras-de-impacto.impact-structures.com\/wp-content\/uploads\/2011\/12\/chapman1.jpg\" alt=\"\" width=\"1200\" height=\"259\" srcset=\"http:\/\/estructuras-de-impacto.impact-structures.com\/wp-content\/uploads\/2011\/12\/chapman1.jpg 1200w, http:\/\/estructuras-de-impacto.impact-structures.com\/wp-content\/uploads\/2011\/12\/chapman1-300x64.jpg 300w, http:\/\/estructuras-de-impacto.impact-structures.com\/wp-content\/uploads\/2011\/12\/chapman1-1024x221.jpg 1024w, http:\/\/estructuras-de-impacto.impact-structures.com\/wp-content\/uploads\/2011\/12\/chapman1-500x107.jpg 500w\" sizes=\"auto, (max-width: 709px) 85vw, (max-width: 909px) 67vw, (max-width: 1362px) 62vw, 840px\" \/><\/a><\/p>\n<p>In the article written by M.G.Shapman, M.A. Evans, and J.F.McHone, the suggested shock deformation of three Triassic conglomeratic deposits as contrasting with traditional models (pressure dissolution, tectonic\/overburden stress) is discussed. As we never investigated the Upper Triassic Shinarump and the Upper Triassic Quaco Fm. conglomeratic deposits, we are not able to comment on the critical discussion of the deformed cobbles.<\/p>\n<p>This is different for the Buntsandstein conglomerates surrounding the Azuara and Rubielos de la C\u00e9rida doublet impact structure in northern Spain. We made a detailed field study of the deposits and performed a petrographic analysis with a host of sections and thin sections of the deformed cobbles. Thermomicrometrical analyses of fluid inclusions were added. Moreover, we made shock experiments on artifical conglomerates. The results have been published (Ernstson et al. 2001a, b; download:\u00a0<a title=\"\" href=\"http:\/\/pubs.giss.nasa.gov\/docs\/2001\/2001_Ernstson_etal.pdf\">http:\/\/pubs.giss.nasa.gov\/docs\/2001\/2001_Ernstson_etal.pdf<\/a>), and, moreover, the whole complex is lengthily and in detail discussed in the web on<a href=\"\/impact-spain\/shock-deformation-in-triassic-buntsandstein-conglomerates-spain\/\" target=\"_blank\">\u00a0<\/a><a href=\"http:\/\/www.impact-structures.com\/impact-spain\/shock-deformation-in-triassic-buntsandstein-conglomerates-spain\/\" target=\"_blank\">http:\/\/www.impact-structures.com\/impact-spain\/shock-deformation-in-triassic-buntsandstein-conglomerates-spain\/<\/a>. From these investigations, a deformation process other than by impact shock can practically be excluded.<\/p>\n<p>Unfortunately, Shapman et al. do not refer to these basic conclusions but prefer to refer to critics of the Spanish impacts and of the shock-deformation model for the Buntsandstein conglomerates. This is used to support their critical view of the impact origin for the Shinarump and Quaco Fm. deformations &#8211; different from what we consider to be sound and honest scientific argumentation. In the following, we exemplify our point of view.<\/p>\n<p>1. Shapman et al. refer to percussion marks, radial fractures and halos to be observed on the cobbles of the three deposits, but they do not mention the basic deformation of the Spanish quartzite cobbles: deformation by spallation. Spallation, well known from fracture mechanics, results from dynamic deformation by shock pulses. Details can be read and seen in the Geology article (Ernstson et al. 2001; download:<a title=\"\" href=\"http:\/\/pubs.giss.nasa.gov\/docs\/2001\/2001_Ernstson_etal.pdf\">http:\/\/pubs.giss.nasa.gov\/docs\/2001\/2001_Ernstson_etal.pdf<\/a>\u00a0) and on http:\/\/www.impact-structures.com\/spain\/shocked.htm . Did Shapman et al. forget to mention spallation because it is incompatible with tectonic deformation and pressure dissolution?<\/p>\n<p>2. Shapman et al. refer to the Discussion paper by H. Stel, H.Rondeel and J.Smit in the Geology Forum (Stel et al. 2002). In this paper, Stel et al. doubt that the deformed Buntsandstein cobbles are generally related with the Azuara\/Rubielos de la C\u00e9rida impact. Thus, Shapman et al. are practising bad scientific style while referring to the Discussion paper but completely ignoring the respective Reply paper (Ernstson &amp; Hiltl 2002). In the Reply paper, Ernstson and Hiltl discuss the arguments presented by Stel et al. and they prove them wrong point by point. Some of the arguments presented by Stel et al. are considered to even support the impact evidence.<\/p>\n<p>3. Evidently, Shapman et al. are knowing the papers on the Azuara and Rubielos de la C\u00e9rida impact structures by hearsay only. Different from their reference, the Rubielos de la C\u00e9rida impact structure has never been mentioned in the Ernstson et al. (1985) EPSL paper. Different from their age statement, Azuara and Rubielos de la C\u00e9rida have never been suggested to be Late Tertiary impact structures. In all published papers, an Upper Eocene or Oligocene age is proposed.<\/p>\n<p>4. Shapman et al. refer to several efforts in the past to bring discredit on the Spanish impact structures, despite the clear impact evidence strong shock metamorphism included.<\/p>\n<p>In the first place, we mention Spanish geologists from the Zaragoza university and the Madrid Center of Astrobiology. They have been working in the impact region and published quite a few models for the Tertiary regional geology but did not recognize the omnipresent impact evidence. So, we can comprehend that they try to defend their models. This resulted in the submission of a paper to Meteoritics and Planetary Science &#8211; MAPS &#8211; (Cort\u00e9s et al. 2002) referred to also by Shapman et al. The mystery why this paper of such a quality was accepted and printed by MAPS is unsolved until today. This holds true also for the paper by Diaz-Mart\u00ednez et al. (2002). Both papers and the enigmatic attendant circumstances of their publication are addressed here:<\/p>\n<p><a href=\"http:\/\/www.impact-structures.com\/the-controversy-the-spanish-impact-structures-and-competing-models-of-an-endogenetic-origin\/maps-meteoritics-and-planetary-science-a-farce-of-a-review-process-the-enigmatic-acceptance-of-the-paper-angel-l-cortes-enrique-diaz-martinez-enrique-sanz-rubio-jesus-martinez-frias-and-crist\/\" target=\"_blank\">http:\/\/www.impact-structures.com\/the-controversy-the-spanish-impact-structures-and-competing-models-of-an-endogenetic-origin\/maps-meteoritics-and-planetary-science-a-farce-of-a-review-process-the-enigmatic-acceptance-of-the-paper-angel-l-cortes-enrique-diaz-martinez-enrique-sanz-rubio-jesus-martinez-frias-and-crist\/<\/a><\/p>\n<p><a href=\"http:\/\/www.impact-structures.com\/the-controversy-the-spanish-impact-structures-and-competing-models-of-an-endogenetic-origin\/claudin-f-and-ernstson-k-2004-review-of\/\" target=\"_blank\">http:\/\/www.impact-structures.com\/the-controversy-the-spanish-impact-structures-and-competing-models-of-an-endogenetic-origin\/claudin-f-and-ernstson-k-2004-review-of\/\u00a0<\/a><\/p>\n<p>and in more detail here:<\/p>\n<p>&#8212;\u00a0<a title=\"\" href=\"http:\/\/www.estructuras-de-impacto.impact-structures.com\/spain\/controversy\/replica_a_la_replica_a_los_comen.htm\">http:\/\/www.estructuras-de-impacto.impact-structures.com\/spain\/controversy\/replica_a_la_replica_a_los_comen.htm<\/a>\u00a0(in Spanish<\/p>\n<p>In the Montanary &amp; Koeberl (2000) paper referred to by Shapman et al., Azuara &#8211; after 15 years existence as an established impact structure &#8211; surprisingly has \u00abdisappeared\u00bb. As far as we know, the authors Montanary and Koeberl never put their foot on Azuara terrain, they never had Azuara impact rocks in hand, and they never made any thin-section inspection of Azuara shock metamorphism. Enigmatic and mysterious &#8230;. There is of course the story about the Langenhorst &amp; Deutsch (1995) paper on the TEM analysis of an Azuara sample from outside the impact structure. From this single analysis, Langenhorst and Deutsch &#8211; in a study of scientific acumen and efficiency without precedent &#8211; concluded that there is no shock in the Azuara structure ignoring all previously published papers on shock effects in polymictic breccias from within the Azuara structure. They also refused to withdraw the paper although having been informed about their mistake. This was the reason why Langenhorst and Deutsch were reproached with scientific dishonesty. The complete story may be read here:<\/p>\n<p><a href=\"http:\/\/www.impact-structures.com\/impact-spain\/the-azuara-impact-structure\/shock-effects-shock-metamorphism-in-rocks-from-the-azuara-impact-structure\/\" target=\"_blank\">http:\/\/www.impact-structures.com\/impact-spain\/the-azuara-impact-structure\/shock-effects-shock-metamorphism-in-rocks-from-the-azuara-impact-structure\/<\/a><\/p>\n<p>We may speculate that the elimination of the Azuara impact structure also from the Earth Impact Database, again referred to by Shapman et al., has its roots in this controversy. Azuara was eliminated from the list in 2003 after the Database had changed from R.A.F.Grieve to J.Whitehead and J.Spray. Having been aware of the elimination, Ferran Claudin wrote a letter to John Spray asking about the reason for the deletion despite the clear and established impact evidence. He especially pointed to the thorough PDF analysis performed by Dr. Ann Therriault clearly proving strong shock in Azuara polymictic breccias and impact ejecta. John Spray kindly answered that they would re-consider Azuara as soon as possible, but he gave no answer to the \u00abwhy?\u00bb. In the next months, Ferran Claudin sent two more e-mails to John Spray reminding him of the Azuara structure. The answers were always the same: They plan to re-consider the evidence, but John Spray didn&#8217;t have an answer to the \u00abWhy was Azuara eliminated?\u00bb &#8211; until today. When Ferran Claudin offered to send reprints of the papers published on the Spanish impacts, John Spray answered that Ferran Claudin could send him the papers but he would not read them. So much about John Spray and the Earth Impact Database at the New Brunswick university.<\/p>\n<p>Summarizing, Shapman et al. should well consider whether the mysteriously disappered Spanish impacts are able to support their questioning an impact origin for the deformations of the Triassic conglomerates.<\/p>\n","protected":false},"excerpt":{"rendered":"<p>\u00a0Claudin, F. and Ernstson, K. (2004): Comment on TRIASSIC CRATERED COBBLES: SHOCK EFFECTS OR TECTONIC PRESSURE? by M.G. Shapman, M.A. Evans, and J.F. McHone http:\/\/www.lpi.usra.edu\/meetings\/lpsc2004\/pdf\/1424.pdf In the article written by M.G.Shapman, M.A. Evans, and J.F.McHone, the suggested shock deformation of three Triassic conglomeratic deposits as contrasting with traditional models (pressure dissolution, tectonic\/overburden stress) is discussed. &hellip; <a href=\"http:\/\/estructuras-de-impacto.impact-structures.com\/?page_id=456\" class=\"more-link\">Continuar leyendo<span class=\"screen-reader-text\"> \u00abComment on M.G. Shapman, M.A. Evans &#038; J.F. McHone (2004)\u00bb<\/span><\/a><\/p>\n","protected":false},"author":1,"featured_media":0,"parent":28,"menu_order":0,"comment_status":"closed","ping_status":"closed","template":"sidebar-page.php","meta":{"footnotes":""},"class_list":["post-456","page","type-page","status-publish","hentry"],"yoast_head":"<!-- This site is optimized with the Yoast SEO plugin v27.3 - https:\/\/yoast.com\/product\/yoast-seo-wordpress\/ -->\n<title>Comment on M.G. Shapman, M.A. Evans &amp; J.F. McHone (2004) - ERNSTSON CLAUDIN ESTRUCTURAS DE IMPACTO - CR\u00c1TERES METEOR\u00cdTICOS<\/title>\n<meta name=\"robots\" content=\"index, follow, max-snippet:-1, max-image-preview:large, max-video-preview:-1\" \/>\n<link rel=\"canonical\" href=\"https:\/\/estructuras-de-impacto.impact-structures.com\/?page_id=456\" \/>\n<meta property=\"og:locale\" content=\"es_ES\" \/>\n<meta property=\"og:type\" content=\"article\" \/>\n<meta property=\"og:title\" content=\"Comment on M.G. Shapman, M.A. Evans &amp; J.F. McHone (2004) - ERNSTSON CLAUDIN ESTRUCTURAS DE IMPACTO - CR\u00c1TERES METEOR\u00cdTICOS\" \/>\n<meta property=\"og:description\" content=\"\u00a0Claudin, F. and Ernstson, K. (2004): Comment on TRIASSIC CRATERED COBBLES: SHOCK EFFECTS OR TECTONIC PRESSURE? by M.G. Shapman, M.A. Evans, and J.F. McHone http:\/\/www.lpi.usra.edu\/meetings\/lpsc2004\/pdf\/1424.pdf In the article written by M.G.Shapman, M.A. Evans, and J.F.McHone, the suggested shock deformation of three Triassic conglomeratic deposits as contrasting with traditional models (pressure dissolution, tectonic\/overburden stress) is discussed. &hellip; Continuar leyendo &quot;Comment on M.G. Shapman, M.A. Evans &#038; J.F. McHone (2004)&quot;\" \/>\n<meta property=\"og:url\" content=\"https:\/\/estructuras-de-impacto.impact-structures.com\/?page_id=456\" \/>\n<meta property=\"og:site_name\" content=\"ERNSTSON CLAUDIN ESTRUCTURAS DE IMPACTO - CR\u00c1TERES METEOR\u00cdTICOS\" \/>\n<meta property=\"article:modified_time\" content=\"2012-07-27T09:31:49+00:00\" \/>\n<meta property=\"og:image\" content=\"http:\/\/estructuras-de-impacto.impact-structures.com\/wp-content\/uploads\/2011\/12\/chapman1.jpg\" \/>\n<meta name=\"twitter:card\" content=\"summary_large_image\" \/>\n<meta name=\"twitter:label1\" content=\"Tiempo de lectura\" \/>\n\t<meta name=\"twitter:data1\" content=\"6 minutos\" \/>\n<script type=\"application\/ld+json\" class=\"yoast-schema-graph\">{\"@context\":\"https:\\\/\\\/schema.org\",\"@graph\":[{\"@type\":\"WebPage\",\"@id\":\"https:\\\/\\\/estructuras-de-impacto.impact-structures.com\\\/?page_id=456\",\"url\":\"https:\\\/\\\/estructuras-de-impacto.impact-structures.com\\\/?page_id=456\",\"name\":\"Comment on M.G. Shapman, M.A. Evans & J.F. McHone (2004) - ERNSTSON CLAUDIN ESTRUCTURAS DE IMPACTO - CR\u00c1TERES METEOR\u00cdTICOS\",\"isPartOf\":{\"@id\":\"http:\\\/\\\/estructuras-de-impacto.impact-structures.com\\\/#website\"},\"primaryImageOfPage\":{\"@id\":\"https:\\\/\\\/estructuras-de-impacto.impact-structures.com\\\/?page_id=456#primaryimage\"},\"image\":{\"@id\":\"https:\\\/\\\/estructuras-de-impacto.impact-structures.com\\\/?page_id=456#primaryimage\"},\"thumbnailUrl\":\"http:\\\/\\\/estructuras-de-impacto.impact-structures.com\\\/wp-content\\\/uploads\\\/2011\\\/12\\\/chapman1.jpg\",\"datePublished\":\"2011-12-04T17:54:28+00:00\",\"dateModified\":\"2012-07-27T09:31:49+00:00\",\"breadcrumb\":{\"@id\":\"https:\\\/\\\/estructuras-de-impacto.impact-structures.com\\\/?page_id=456#breadcrumb\"},\"inLanguage\":\"es\",\"potentialAction\":[{\"@type\":\"ReadAction\",\"target\":[\"https:\\\/\\\/estructuras-de-impacto.impact-structures.com\\\/?page_id=456\"]}]},{\"@type\":\"ImageObject\",\"inLanguage\":\"es\",\"@id\":\"https:\\\/\\\/estructuras-de-impacto.impact-structures.com\\\/?page_id=456#primaryimage\",\"url\":\"http:\\\/\\\/estructuras-de-impacto.impact-structures.com\\\/wp-content\\\/uploads\\\/2011\\\/12\\\/chapman1.jpg\",\"contentUrl\":\"http:\\\/\\\/estructuras-de-impacto.impact-structures.com\\\/wp-content\\\/uploads\\\/2011\\\/12\\\/chapman1.jpg\"},{\"@type\":\"BreadcrumbList\",\"@id\":\"https:\\\/\\\/estructuras-de-impacto.impact-structures.com\\\/?page_id=456#breadcrumb\",\"itemListElement\":[{\"@type\":\"ListItem\",\"position\":1,\"name\":\"Portada\",\"item\":\"http:\\\/\\\/estructuras-de-impacto.impact-structures.com\\\/\"},{\"@type\":\"ListItem\",\"position\":2,\"name\":\"La controversia\",\"item\":\"http:\\\/\\\/estructuras-de-impacto.impact-structures.com\\\/?page_id=28\"},{\"@type\":\"ListItem\",\"position\":3,\"name\":\"Comment on M.G. Shapman, M.A. Evans &#038; J.F. McHone (2004)\"}]},{\"@type\":\"WebSite\",\"@id\":\"http:\\\/\\\/estructuras-de-impacto.impact-structures.com\\\/#website\",\"url\":\"http:\\\/\\\/estructuras-de-impacto.impact-structures.com\\\/\",\"name\":\"ERNSTSON CLAUDIN ESTRUCTURAS DE IMPACTO - CR\u00c1TERES METEOR\u00cdTICOS\",\"description\":\"Investigaci\u00f3n sobre la geolog\u00eda, geof\u00edsica, y petrolog\u00eda\",\"potentialAction\":[{\"@type\":\"SearchAction\",\"target\":{\"@type\":\"EntryPoint\",\"urlTemplate\":\"http:\\\/\\\/estructuras-de-impacto.impact-structures.com\\\/?s={search_term_string}\"},\"query-input\":{\"@type\":\"PropertyValueSpecification\",\"valueRequired\":true,\"valueName\":\"search_term_string\"}}],\"inLanguage\":\"es\"}]}<\/script>\n<!-- \/ Yoast SEO plugin. -->","yoast_head_json":{"title":"Comment on M.G. Shapman, M.A. Evans & J.F. McHone (2004) - ERNSTSON CLAUDIN ESTRUCTURAS DE IMPACTO - CR\u00c1TERES METEOR\u00cdTICOS","robots":{"index":"index","follow":"follow","max-snippet":"max-snippet:-1","max-image-preview":"max-image-preview:large","max-video-preview":"max-video-preview:-1"},"canonical":"https:\/\/estructuras-de-impacto.impact-structures.com\/?page_id=456","og_locale":"es_ES","og_type":"article","og_title":"Comment on M.G. Shapman, M.A. Evans & J.F. McHone (2004) - ERNSTSON CLAUDIN ESTRUCTURAS DE IMPACTO - CR\u00c1TERES METEOR\u00cdTICOS","og_description":"\u00a0Claudin, F. and Ernstson, K. (2004): Comment on TRIASSIC CRATERED COBBLES: SHOCK EFFECTS OR TECTONIC PRESSURE? by M.G. Shapman, M.A. Evans, and J.F. McHone http:\/\/www.lpi.usra.edu\/meetings\/lpsc2004\/pdf\/1424.pdf In the article written by M.G.Shapman, M.A. Evans, and J.F.McHone, the suggested shock deformation of three Triassic conglomeratic deposits as contrasting with traditional models (pressure dissolution, tectonic\/overburden stress) is discussed. &hellip; Continuar leyendo \"Comment on M.G. Shapman, M.A. Evans &#038; J.F. McHone (2004)\"","og_url":"https:\/\/estructuras-de-impacto.impact-structures.com\/?page_id=456","og_site_name":"ERNSTSON CLAUDIN ESTRUCTURAS DE IMPACTO - CR\u00c1TERES METEOR\u00cdTICOS","article_modified_time":"2012-07-27T09:31:49+00:00","og_image":[{"url":"http:\/\/estructuras-de-impacto.impact-structures.com\/wp-content\/uploads\/2011\/12\/chapman1.jpg","type":"","width":"","height":""}],"twitter_card":"summary_large_image","twitter_misc":{"Tiempo de lectura":"6 minutos"},"schema":{"@context":"https:\/\/schema.org","@graph":[{"@type":"WebPage","@id":"https:\/\/estructuras-de-impacto.impact-structures.com\/?page_id=456","url":"https:\/\/estructuras-de-impacto.impact-structures.com\/?page_id=456","name":"Comment on M.G. Shapman, M.A. Evans & J.F. McHone (2004) - ERNSTSON CLAUDIN ESTRUCTURAS DE IMPACTO - CR\u00c1TERES METEOR\u00cdTICOS","isPartOf":{"@id":"http:\/\/estructuras-de-impacto.impact-structures.com\/#website"},"primaryImageOfPage":{"@id":"https:\/\/estructuras-de-impacto.impact-structures.com\/?page_id=456#primaryimage"},"image":{"@id":"https:\/\/estructuras-de-impacto.impact-structures.com\/?page_id=456#primaryimage"},"thumbnailUrl":"http:\/\/estructuras-de-impacto.impact-structures.com\/wp-content\/uploads\/2011\/12\/chapman1.jpg","datePublished":"2011-12-04T17:54:28+00:00","dateModified":"2012-07-27T09:31:49+00:00","breadcrumb":{"@id":"https:\/\/estructuras-de-impacto.impact-structures.com\/?page_id=456#breadcrumb"},"inLanguage":"es","potentialAction":[{"@type":"ReadAction","target":["https:\/\/estructuras-de-impacto.impact-structures.com\/?page_id=456"]}]},{"@type":"ImageObject","inLanguage":"es","@id":"https:\/\/estructuras-de-impacto.impact-structures.com\/?page_id=456#primaryimage","url":"http:\/\/estructuras-de-impacto.impact-structures.com\/wp-content\/uploads\/2011\/12\/chapman1.jpg","contentUrl":"http:\/\/estructuras-de-impacto.impact-structures.com\/wp-content\/uploads\/2011\/12\/chapman1.jpg"},{"@type":"BreadcrumbList","@id":"https:\/\/estructuras-de-impacto.impact-structures.com\/?page_id=456#breadcrumb","itemListElement":[{"@type":"ListItem","position":1,"name":"Portada","item":"http:\/\/estructuras-de-impacto.impact-structures.com\/"},{"@type":"ListItem","position":2,"name":"La controversia","item":"http:\/\/estructuras-de-impacto.impact-structures.com\/?page_id=28"},{"@type":"ListItem","position":3,"name":"Comment on M.G. Shapman, M.A. Evans &#038; J.F. McHone (2004)"}]},{"@type":"WebSite","@id":"http:\/\/estructuras-de-impacto.impact-structures.com\/#website","url":"http:\/\/estructuras-de-impacto.impact-structures.com\/","name":"ERNSTSON CLAUDIN ESTRUCTURAS DE IMPACTO - CR\u00c1TERES METEOR\u00cdTICOS","description":"Investigaci\u00f3n sobre la geolog\u00eda, geof\u00edsica, y petrolog\u00eda","potentialAction":[{"@type":"SearchAction","target":{"@type":"EntryPoint","urlTemplate":"http:\/\/estructuras-de-impacto.impact-structures.com\/?s={search_term_string}"},"query-input":{"@type":"PropertyValueSpecification","valueRequired":true,"valueName":"search_term_string"}}],"inLanguage":"es"}]}},"_links":{"self":[{"href":"http:\/\/estructuras-de-impacto.impact-structures.com\/index.php?rest_route=\/wp\/v2\/pages\/456","targetHints":{"allow":["GET"]}}],"collection":[{"href":"http:\/\/estructuras-de-impacto.impact-structures.com\/index.php?rest_route=\/wp\/v2\/pages"}],"about":[{"href":"http:\/\/estructuras-de-impacto.impact-structures.com\/index.php?rest_route=\/wp\/v2\/types\/page"}],"author":[{"embeddable":true,"href":"http:\/\/estructuras-de-impacto.impact-structures.com\/index.php?rest_route=\/wp\/v2\/users\/1"}],"replies":[{"embeddable":true,"href":"http:\/\/estructuras-de-impacto.impact-structures.com\/index.php?rest_route=%2Fwp%2Fv2%2Fcomments&post=456"}],"version-history":[{"count":0,"href":"http:\/\/estructuras-de-impacto.impact-structures.com\/index.php?rest_route=\/wp\/v2\/pages\/456\/revisions"}],"up":[{"embeddable":true,"href":"http:\/\/estructuras-de-impacto.impact-structures.com\/index.php?rest_route=\/wp\/v2\/pages\/28"}],"wp:attachment":[{"href":"http:\/\/estructuras-de-impacto.impact-structures.com\/index.php?rest_route=%2Fwp%2Fv2%2Fmedia&parent=456"}],"curies":[{"name":"wp","href":"https:\/\/api.w.org\/{rel}","templated":true}]}}