{"id":452,"date":"2011-12-04T17:52:58","date_gmt":"2011-12-04T17:52:58","guid":{"rendered":"http:\/\/cms.impact-structures.com\/?page_id=452"},"modified":"2011-12-04T17:52:58","modified_gmt":"2011-12-04T17:52:58","slug":"heraldo-de-aragon","status":"publish","type":"page","link":"http:\/\/estructuras-de-impacto.impact-structures.com\/?page_id=452","title":{"rendered":"Heraldo de Arag\u00f3n"},"content":{"rendered":"<h3>A newspaper article<\/h3>\n<p><strong>A la venta en Internet fragmentos de roca extra\u00eddos en Azuara (Up for sale in the Internet: Rock samples from Azuara)<\/strong>: Heraldo de Arag\u00f3n, Wednesday, November 6, 2002.<\/p>\n<p>&#8230; and two letters to the editor (in Spanish):<\/p>\n<p>&nbsp;<\/p>\n<p><strong>SOBRE EL SURREALISMO&#8230;..<\/strong><\/p>\n<p>En relaci\u00f3n a la noticia publicada en su diario \u201eA la venta en internet fragmentos de roca extraidos de Azuara\u201c, y en condici\u00f3n de amigo e investigador en la estructura de impacto de Azuara, quisiera hacer las siguientes matizaciones:<\/p>\n<p>a. La fotograf\u00eda exhibida en su diario corresponde a la suevita de Cucal\u00f3n, ampliamente documentada y perfectamente localizada en nuestra p\u00e1gina web (www.estructuras-de-impacto.impact-structures.com), por lo que la alusi\u00f3n velada a que tras el vendedor an\u00f3nimo de www.ebay.com debe estar K.Ernstson carece de fundamento y es, bajo cualquier punto de vista una calumnia sin prueba alguna (difama que algo queda). Cualquiera que visite nuestra web puede llegar y obtener muestras de los diferentes lugares citados, ya que se da una profusa documentaci\u00f3n y una localizaci\u00f3n detallada de los mismos.<\/p>\n<p>b. Independientemente de su origen, la foto exhibida, corresponde a una brecha y no a un conglomerado de cantos rodados (pueden observarse perfectamente cantos angulosos&#8230;). Este dato, perfectamente conocido por cualquier estudiante de secundaria, pone en entredicho, de manera total, la calidad y conocimientos del cient\u00edfico que hace tal afirmaci\u00f3n&#8230; a menos que se haga con el prop\u00f3sito determinado de intentar vender su origen sedimentario \u201enormal\u201c..<\/p>\n<p>c. La publicaci\u00f3n del art\u00edculo de los investigadores de la Universidad de Zaragoza (Cort\u00e9s et al.) en la revista MAPS, no ha significado el desmantelamiento de todo lo publicado por los autores favorables al impacto. Para el lector interesado, todo lo dicho sobre el tema \u2013 incluyendo el citado art\u00edculo y su r\u00e9plica \u2013 puede ser consultado en nuestra web (www.estructuras-de-impacto.impact-structures.com).<\/p>\n<p>d. Nosotros, es decir K.Ernstson y el autor de estas l\u00edneas, al menos en nuestras publicaciones conjuntas, no hemos hablado de extinciones de mam\u00edferos&#8230; No poseemos datos para poderlo hacer, por lo que poner en boca nuestra esta afirmaci\u00f3n vuelve a ser un ejercicio de mala intenci\u00f3n.<\/p>\n<p>e. El Sr. A.L. Cort\u00e9s, instalado en la tendencia relativista del todo vale (ya denunciada por Anguita et al (1999); para m\u00e1s informaci\u00f3n ver nuestra p\u00e1gina web), ya que no puede eliminar Azuara de la lista de estructuras de impacto con pruebas cient\u00edficas, lo intenta mediante la descalificaci\u00f3n personal de los investigadores impactistas&#8230;&#8230; Vive le surrealisme!!<\/p>\n<p>Ferran Claudin Botinas<\/p>\n<p>Ge\u00f3logo, colaborador del Museo de Geologia de Barcelona.<\/p>\n<p>C\/Picasso 17, Sta Maria de Palautordera. Barcelona-08460<\/p>\n<p>Tf\/938481498<\/p>\n<hr \/>\n<p>&nbsp;<\/p>\n<p><strong>Heraldo de Arag\u00f3n<\/strong><\/p>\n<p><strong>Oficina de Huesca<\/strong><\/p>\n<p><strong>Carta al director.<\/strong><\/p>\n<p>El articulo \u201eA la venta en Internet fragmentos de roca extra\u00eddos en Azuara\u201c en el Heraldo de Arag\u00f3n del d\u00eda 6 de este mes, me llamo la atenci\u00f3n, por que yo conozco personalmente al se\u00f1or Kord Ernstson, el cual es profesor de geolog\u00eda y geof\u00edsica en la Universidad de W\u00fcrzburg, en Alemania y un cient\u00edfico con reputaci\u00f3n internacional.<\/p>\n<p>Yo no estoy familiarizado con esto, pero lo que se sobre ello es que se trata de un descubrimiento geol\u00f3gico espectacular, el cual los ge\u00f3logos de la universidad de Zaragoza no quieren reconocer.<\/p>\n<p>Yo comprendo que el Heraldo de Arag\u00f3n relacione este asunto de subasta de piedras en Internet con la discusi\u00f3n cient\u00edfica, pero estoy enojado por el intento de desacreditar a Ernstson en publico, en esta discusi\u00f3n cient\u00edfica.<\/p>\n<p>Yo hable directamente por tel\u00e9fono con el Profesor Dr. Dr. habil. Kord Ernstson, quien me ha asegurado de que el no tiene absolutamente nada que ver con la subasta en Internet .<\/p>\n<p>Heinz Bernhard<\/p>\n<p>Cart\u00f3grafo y geof\u00edsico<\/p>\n<p>Lista de Correos, 22300 BARBASTRO<\/p>\n","protected":false},"excerpt":{"rendered":"<p>A newspaper article A la venta en Internet fragmentos de roca extra\u00eddos en Azuara (Up for sale in the Internet: Rock samples from Azuara): Heraldo de Arag\u00f3n, Wednesday, November 6, 2002. &#8230; and two letters to the editor (in Spanish): &nbsp; SOBRE EL SURREALISMO&#8230;.. En relaci\u00f3n a la noticia publicada en su diario \u201eA la &hellip; <a href=\"http:\/\/estructuras-de-impacto.impact-structures.com\/?page_id=452\" class=\"more-link\">Continuar leyendo<span class=\"screen-reader-text\"> \u00abHeraldo de Arag\u00f3n\u00bb<\/span><\/a><\/p>\n","protected":false},"author":1,"featured_media":0,"parent":28,"menu_order":0,"comment_status":"closed","ping_status":"closed","template":"sidebar-page.php","meta":{"footnotes":""},"class_list":["post-452","page","type-page","status-publish","hentry"],"yoast_head":"<!-- This site is optimized with the Yoast SEO plugin v27.3 - https:\/\/yoast.com\/product\/yoast-seo-wordpress\/ -->\n<title>Heraldo de Arag\u00f3n - ERNSTSON CLAUDIN ESTRUCTURAS DE IMPACTO - CR\u00c1TERES METEOR\u00cdTICOS<\/title>\n<meta name=\"robots\" content=\"index, follow, max-snippet:-1, max-image-preview:large, max-video-preview:-1\" \/>\n<link rel=\"canonical\" href=\"http:\/\/estructuras-de-impacto.impact-structures.com\/?page_id=452\" \/>\n<meta property=\"og:locale\" content=\"es_ES\" \/>\n<meta property=\"og:type\" content=\"article\" \/>\n<meta property=\"og:title\" content=\"Heraldo de Arag\u00f3n - ERNSTSON CLAUDIN ESTRUCTURAS DE IMPACTO - CR\u00c1TERES METEOR\u00cdTICOS\" \/>\n<meta property=\"og:description\" content=\"A newspaper article A la venta en Internet fragmentos de roca extra\u00eddos en Azuara (Up for sale in the Internet: Rock samples from Azuara): Heraldo de Arag\u00f3n, Wednesday, November 6, 2002. &#8230; and two letters to the editor (in Spanish): &nbsp; SOBRE EL SURREALISMO&#8230;.. En relaci\u00f3n a la noticia publicada en su diario \u201eA la &hellip; Continuar leyendo &quot;Heraldo de Arag\u00f3n&quot;\" \/>\n<meta property=\"og:url\" content=\"http:\/\/estructuras-de-impacto.impact-structures.com\/?page_id=452\" \/>\n<meta property=\"og:site_name\" content=\"ERNSTSON CLAUDIN ESTRUCTURAS DE IMPACTO - CR\u00c1TERES METEOR\u00cdTICOS\" \/>\n<meta name=\"twitter:card\" content=\"summary_large_image\" \/>\n<meta name=\"twitter:label1\" content=\"Tiempo de lectura\" \/>\n\t<meta name=\"twitter:data1\" content=\"3 minutos\" \/>\n<script type=\"application\/ld+json\" class=\"yoast-schema-graph\">{\"@context\":\"https:\\\/\\\/schema.org\",\"@graph\":[{\"@type\":\"WebPage\",\"@id\":\"http:\\\/\\\/estructuras-de-impacto.impact-structures.com\\\/?page_id=452\",\"url\":\"http:\\\/\\\/estructuras-de-impacto.impact-structures.com\\\/?page_id=452\",\"name\":\"Heraldo de Arag\u00f3n - ERNSTSON CLAUDIN ESTRUCTURAS DE IMPACTO - CR\u00c1TERES METEOR\u00cdTICOS\",\"isPartOf\":{\"@id\":\"http:\\\/\\\/estructuras-de-impacto.impact-structures.com\\\/#website\"},\"datePublished\":\"2011-12-04T17:52:58+00:00\",\"breadcrumb\":{\"@id\":\"http:\\\/\\\/estructuras-de-impacto.impact-structures.com\\\/?page_id=452#breadcrumb\"},\"inLanguage\":\"es\",\"potentialAction\":[{\"@type\":\"ReadAction\",\"target\":[\"http:\\\/\\\/estructuras-de-impacto.impact-structures.com\\\/?page_id=452\"]}]},{\"@type\":\"BreadcrumbList\",\"@id\":\"http:\\\/\\\/estructuras-de-impacto.impact-structures.com\\\/?page_id=452#breadcrumb\",\"itemListElement\":[{\"@type\":\"ListItem\",\"position\":1,\"name\":\"Portada\",\"item\":\"http:\\\/\\\/estructuras-de-impacto.impact-structures.com\\\/\"},{\"@type\":\"ListItem\",\"position\":2,\"name\":\"La controversia\",\"item\":\"http:\\\/\\\/estructuras-de-impacto.impact-structures.com\\\/?page_id=28\"},{\"@type\":\"ListItem\",\"position\":3,\"name\":\"Heraldo de Arag\u00f3n\"}]},{\"@type\":\"WebSite\",\"@id\":\"http:\\\/\\\/estructuras-de-impacto.impact-structures.com\\\/#website\",\"url\":\"http:\\\/\\\/estructuras-de-impacto.impact-structures.com\\\/\",\"name\":\"ERNSTSON CLAUDIN ESTRUCTURAS DE IMPACTO - CR\u00c1TERES METEOR\u00cdTICOS\",\"description\":\"Investigaci\u00f3n sobre la geolog\u00eda, geof\u00edsica, y petrolog\u00eda\",\"potentialAction\":[{\"@type\":\"SearchAction\",\"target\":{\"@type\":\"EntryPoint\",\"urlTemplate\":\"http:\\\/\\\/estructuras-de-impacto.impact-structures.com\\\/?s={search_term_string}\"},\"query-input\":{\"@type\":\"PropertyValueSpecification\",\"valueRequired\":true,\"valueName\":\"search_term_string\"}}],\"inLanguage\":\"es\"}]}<\/script>\n<!-- \/ Yoast SEO plugin. -->","yoast_head_json":{"title":"Heraldo de Arag\u00f3n - ERNSTSON CLAUDIN ESTRUCTURAS DE IMPACTO - CR\u00c1TERES METEOR\u00cdTICOS","robots":{"index":"index","follow":"follow","max-snippet":"max-snippet:-1","max-image-preview":"max-image-preview:large","max-video-preview":"max-video-preview:-1"},"canonical":"http:\/\/estructuras-de-impacto.impact-structures.com\/?page_id=452","og_locale":"es_ES","og_type":"article","og_title":"Heraldo de Arag\u00f3n - ERNSTSON CLAUDIN ESTRUCTURAS DE IMPACTO - CR\u00c1TERES METEOR\u00cdTICOS","og_description":"A newspaper article A la venta en Internet fragmentos de roca extra\u00eddos en Azuara (Up for sale in the Internet: Rock samples from Azuara): Heraldo de Arag\u00f3n, Wednesday, November 6, 2002. &#8230; and two letters to the editor (in Spanish): &nbsp; SOBRE EL SURREALISMO&#8230;.. En relaci\u00f3n a la noticia publicada en su diario \u201eA la &hellip; Continuar leyendo \"Heraldo de Arag\u00f3n\"","og_url":"http:\/\/estructuras-de-impacto.impact-structures.com\/?page_id=452","og_site_name":"ERNSTSON CLAUDIN ESTRUCTURAS DE IMPACTO - CR\u00c1TERES METEOR\u00cdTICOS","twitter_card":"summary_large_image","twitter_misc":{"Tiempo de lectura":"3 minutos"},"schema":{"@context":"https:\/\/schema.org","@graph":[{"@type":"WebPage","@id":"http:\/\/estructuras-de-impacto.impact-structures.com\/?page_id=452","url":"http:\/\/estructuras-de-impacto.impact-structures.com\/?page_id=452","name":"Heraldo de Arag\u00f3n - ERNSTSON CLAUDIN ESTRUCTURAS DE IMPACTO - CR\u00c1TERES METEOR\u00cdTICOS","isPartOf":{"@id":"http:\/\/estructuras-de-impacto.impact-structures.com\/#website"},"datePublished":"2011-12-04T17:52:58+00:00","breadcrumb":{"@id":"http:\/\/estructuras-de-impacto.impact-structures.com\/?page_id=452#breadcrumb"},"inLanguage":"es","potentialAction":[{"@type":"ReadAction","target":["http:\/\/estructuras-de-impacto.impact-structures.com\/?page_id=452"]}]},{"@type":"BreadcrumbList","@id":"http:\/\/estructuras-de-impacto.impact-structures.com\/?page_id=452#breadcrumb","itemListElement":[{"@type":"ListItem","position":1,"name":"Portada","item":"http:\/\/estructuras-de-impacto.impact-structures.com\/"},{"@type":"ListItem","position":2,"name":"La controversia","item":"http:\/\/estructuras-de-impacto.impact-structures.com\/?page_id=28"},{"@type":"ListItem","position":3,"name":"Heraldo de Arag\u00f3n"}]},{"@type":"WebSite","@id":"http:\/\/estructuras-de-impacto.impact-structures.com\/#website","url":"http:\/\/estructuras-de-impacto.impact-structures.com\/","name":"ERNSTSON CLAUDIN ESTRUCTURAS DE IMPACTO - CR\u00c1TERES METEOR\u00cdTICOS","description":"Investigaci\u00f3n sobre la geolog\u00eda, geof\u00edsica, y petrolog\u00eda","potentialAction":[{"@type":"SearchAction","target":{"@type":"EntryPoint","urlTemplate":"http:\/\/estructuras-de-impacto.impact-structures.com\/?s={search_term_string}"},"query-input":{"@type":"PropertyValueSpecification","valueRequired":true,"valueName":"search_term_string"}}],"inLanguage":"es"}]}},"_links":{"self":[{"href":"http:\/\/estructuras-de-impacto.impact-structures.com\/index.php?rest_route=\/wp\/v2\/pages\/452","targetHints":{"allow":["GET"]}}],"collection":[{"href":"http:\/\/estructuras-de-impacto.impact-structures.com\/index.php?rest_route=\/wp\/v2\/pages"}],"about":[{"href":"http:\/\/estructuras-de-impacto.impact-structures.com\/index.php?rest_route=\/wp\/v2\/types\/page"}],"author":[{"embeddable":true,"href":"http:\/\/estructuras-de-impacto.impact-structures.com\/index.php?rest_route=\/wp\/v2\/users\/1"}],"replies":[{"embeddable":true,"href":"http:\/\/estructuras-de-impacto.impact-structures.com\/index.php?rest_route=%2Fwp%2Fv2%2Fcomments&post=452"}],"version-history":[{"count":0,"href":"http:\/\/estructuras-de-impacto.impact-structures.com\/index.php?rest_route=\/wp\/v2\/pages\/452\/revisions"}],"up":[{"embeddable":true,"href":"http:\/\/estructuras-de-impacto.impact-structures.com\/index.php?rest_route=\/wp\/v2\/pages\/28"}],"wp:attachment":[{"href":"http:\/\/estructuras-de-impacto.impact-structures.com\/index.php?rest_route=%2Fwp%2Fv2%2Fmedia&parent=452"}],"curies":[{"name":"wp","href":"https:\/\/api.w.org\/{rel}","templated":true}]}}