{"id":450,"date":"2011-12-04T17:52:25","date_gmt":"2011-12-04T17:52:25","guid":{"rendered":"http:\/\/cms.impact-structures.com\/?page_id=450"},"modified":"2012-07-31T14:48:49","modified_gmt":"2012-07-31T14:48:49","slug":"the-impact-controversy-in-the-secondary-schools-classrooms","status":"publish","type":"page","link":"http:\/\/estructuras-de-impacto.impact-structures.com\/?page_id=450","title":{"rendered":"La controversia impactista en las aulas de secundaria."},"content":{"rendered":"<p>El debate sobre las estructuras de impacto espa\u00f1olas tambi\u00e9n ha entrado en las aulas de la educaci\u00f3n secundaria de Espa\u00f1a.<\/p>\n<pre><a href=\"http:\/\/estructuras-de-impacto.impact-structures.com\/wp-content\/uploads\/2011\/12\/la-tierra.jpg\"><img loading=\"lazy\" decoding=\"async\" title=\"ENSE\u00d1ANZA DE LAS CIENCIAS DE LA TIERRA\" src=\"http:\/\/estructuras-de-impacto.impact-structures.com\/wp-content\/uploads\/2011\/12\/la-tierra.jpg\" alt=\"\" width=\"564\" height=\"134\" \/><\/a><\/pre>\n<p>Algunos de los art\u00edculos publicados en la revista Ense\u00f1anza de las Ciencias de la Tierra:<\/p>\n<p>Cortes, A.L. y Mart\u00ednez, M.B. (1999): Controversia cient\u00edfica para el aula: \u00bf tiene la cubeta de Azuara un origen extraterrestre?. Ense\u00f1anza de las Ciencias de la Tierra, 7.2, 143-157<\/p>\n<p>Anguita, F.; M\u00e1rquez, A. y Claudin, F. (2000). R\u00e9plica al art\u00edculo \u201cControversia cient\u00edfica para el aula: \u00bf tiene la cubeta de Azuara un origen extraterrestre\u201d por A.L. Cort\u00e9s Gracia y M.B. Mart\u00ednez Pe\u00f1a (Ense\u00f1anza de las Ciencias de la Tierra, 7.2, 143-157). Ense\u00f1anza de las ciencias de la Tierra, 8.2, 148-153<\/p>\n<p>Cort\u00e9s, A.L. y Mart\u00ednez, M.B. (2001): R\u00e9plica a la discusi\u00f3n de F. Anguita, A. M\u00e1rquez y F. Claudin (ECT, 8.2, 148-153) al art\u00edculo \u201cControversia cient\u00edfica para el aula: \u00bf tiene la cubeta de Azuara un origen extraterrestre?. Ense\u00f1anza de las Ciencias de la Tierra, 9.1, 70-75.<\/p>\n<p>Contrarr\u00e9plica (\u00bf) al art\u00edculo de Cortes y Mart\u00ednez (2001) (Realizada por Ferran Claudin)<\/p>\n<p>Claudin, F. &amp; Ernstson, K. (2003): Geolog\u00eda planetaria y geolog\u00eda regional: El debate sobre un impacto m\u00faltiple an Arag\u00f3n. &#8211; Con un anexo \u00abNuevos datos sobre la Estructura de Azuara y zonas lim\u00edtrofes: Una cadena de cr\u00e1teres de impacto\u00bb. &#8211; Ense\u00f1anza de las Ciencias de la Tierra, 2003 (11.3) 202-212.<\/p>\n","protected":false},"excerpt":{"rendered":"<p>El debate sobre las estructuras de impacto espa\u00f1olas tambi\u00e9n ha entrado en las aulas de la educaci\u00f3n secundaria de Espa\u00f1a. Algunos de los art\u00edculos publicados en la revista Ense\u00f1anza de las Ciencias de la Tierra: Cortes, A.L. y Mart\u00ednez, M.B. (1999): Controversia cient\u00edfica para el aula: \u00bf tiene la cubeta de Azuara un origen extraterrestre?. &hellip; <a href=\"http:\/\/estructuras-de-impacto.impact-structures.com\/?page_id=450\" class=\"more-link\">Continuar leyendo<span class=\"screen-reader-text\"> \u00abLa controversia impactista en las aulas de secundaria.\u00bb<\/span><\/a><\/p>\n","protected":false},"author":1,"featured_media":0,"parent":28,"menu_order":0,"comment_status":"closed","ping_status":"closed","template":"sidebar-page.php","meta":{"footnotes":""},"class_list":["post-450","page","type-page","status-publish","hentry"],"yoast_head":"<!-- This site is optimized with the Yoast SEO plugin v27.3 - https:\/\/yoast.com\/product\/yoast-seo-wordpress\/ -->\n<title>La controversia impactista en las aulas de secundaria. - ERNSTSON CLAUDIN ESTRUCTURAS DE IMPACTO - CR\u00c1TERES METEOR\u00cdTICOS<\/title>\n<meta name=\"robots\" content=\"index, follow, max-snippet:-1, max-image-preview:large, max-video-preview:-1\" \/>\n<link rel=\"canonical\" href=\"http:\/\/estructuras-de-impacto.impact-structures.com\/?page_id=450\" \/>\n<meta property=\"og:locale\" content=\"es_ES\" \/>\n<meta property=\"og:type\" content=\"article\" \/>\n<meta property=\"og:title\" content=\"La controversia impactista en las aulas de secundaria. - ERNSTSON CLAUDIN ESTRUCTURAS DE IMPACTO - CR\u00c1TERES METEOR\u00cdTICOS\" \/>\n<meta property=\"og:description\" content=\"El debate sobre las estructuras de impacto espa\u00f1olas tambi\u00e9n ha entrado en las aulas de la educaci\u00f3n secundaria de Espa\u00f1a. Algunos de los art\u00edculos publicados en la revista Ense\u00f1anza de las Ciencias de la Tierra: Cortes, A.L. y Mart\u00ednez, M.B. (1999): Controversia cient\u00edfica para el aula: \u00bf tiene la cubeta de Azuara un origen extraterrestre?. &hellip; Continuar leyendo &quot;La controversia impactista en las aulas de secundaria.&quot;\" \/>\n<meta property=\"og:url\" content=\"http:\/\/estructuras-de-impacto.impact-structures.com\/?page_id=450\" \/>\n<meta property=\"og:site_name\" content=\"ERNSTSON CLAUDIN ESTRUCTURAS DE IMPACTO - CR\u00c1TERES METEOR\u00cdTICOS\" \/>\n<meta property=\"article:modified_time\" content=\"2012-07-31T14:48:49+00:00\" \/>\n<meta property=\"og:image\" content=\"http:\/\/estructuras-de-impacto.impact-structures.com\/wp-content\/uploads\/2011\/12\/la-tierra.jpg\" \/>\n<meta name=\"twitter:card\" content=\"summary_large_image\" \/>\n<meta name=\"twitter:label1\" content=\"Tiempo de lectura\" \/>\n\t<meta name=\"twitter:data1\" content=\"1 minuto\" \/>\n<script type=\"application\/ld+json\" class=\"yoast-schema-graph\">{\"@context\":\"https:\\\/\\\/schema.org\",\"@graph\":[{\"@type\":\"WebPage\",\"@id\":\"http:\\\/\\\/estructuras-de-impacto.impact-structures.com\\\/?page_id=450\",\"url\":\"http:\\\/\\\/estructuras-de-impacto.impact-structures.com\\\/?page_id=450\",\"name\":\"La controversia impactista en las aulas de secundaria. - ERNSTSON CLAUDIN ESTRUCTURAS DE IMPACTO - CR\u00c1TERES METEOR\u00cdTICOS\",\"isPartOf\":{\"@id\":\"http:\\\/\\\/estructuras-de-impacto.impact-structures.com\\\/#website\"},\"primaryImageOfPage\":{\"@id\":\"http:\\\/\\\/estructuras-de-impacto.impact-structures.com\\\/?page_id=450#primaryimage\"},\"image\":{\"@id\":\"http:\\\/\\\/estructuras-de-impacto.impact-structures.com\\\/?page_id=450#primaryimage\"},\"thumbnailUrl\":\"http:\\\/\\\/estructuras-de-impacto.impact-structures.com\\\/wp-content\\\/uploads\\\/2011\\\/12\\\/la-tierra.jpg\",\"datePublished\":\"2011-12-04T17:52:25+00:00\",\"dateModified\":\"2012-07-31T14:48:49+00:00\",\"breadcrumb\":{\"@id\":\"http:\\\/\\\/estructuras-de-impacto.impact-structures.com\\\/?page_id=450#breadcrumb\"},\"inLanguage\":\"es\",\"potentialAction\":[{\"@type\":\"ReadAction\",\"target\":[\"http:\\\/\\\/estructuras-de-impacto.impact-structures.com\\\/?page_id=450\"]}]},{\"@type\":\"ImageObject\",\"inLanguage\":\"es\",\"@id\":\"http:\\\/\\\/estructuras-de-impacto.impact-structures.com\\\/?page_id=450#primaryimage\",\"url\":\"http:\\\/\\\/estructuras-de-impacto.impact-structures.com\\\/wp-content\\\/uploads\\\/2011\\\/12\\\/la-tierra.jpg\",\"contentUrl\":\"http:\\\/\\\/estructuras-de-impacto.impact-structures.com\\\/wp-content\\\/uploads\\\/2011\\\/12\\\/la-tierra.jpg\"},{\"@type\":\"BreadcrumbList\",\"@id\":\"http:\\\/\\\/estructuras-de-impacto.impact-structures.com\\\/?page_id=450#breadcrumb\",\"itemListElement\":[{\"@type\":\"ListItem\",\"position\":1,\"name\":\"Portada\",\"item\":\"http:\\\/\\\/estructuras-de-impacto.impact-structures.com\\\/\"},{\"@type\":\"ListItem\",\"position\":2,\"name\":\"La controversia\",\"item\":\"http:\\\/\\\/estructuras-de-impacto.impact-structures.com\\\/?page_id=28\"},{\"@type\":\"ListItem\",\"position\":3,\"name\":\"La controversia impactista en las aulas de secundaria.\"}]},{\"@type\":\"WebSite\",\"@id\":\"http:\\\/\\\/estructuras-de-impacto.impact-structures.com\\\/#website\",\"url\":\"http:\\\/\\\/estructuras-de-impacto.impact-structures.com\\\/\",\"name\":\"ERNSTSON CLAUDIN ESTRUCTURAS DE IMPACTO - CR\u00c1TERES METEOR\u00cdTICOS\",\"description\":\"Investigaci\u00f3n sobre la geolog\u00eda, geof\u00edsica, y petrolog\u00eda\",\"potentialAction\":[{\"@type\":\"SearchAction\",\"target\":{\"@type\":\"EntryPoint\",\"urlTemplate\":\"http:\\\/\\\/estructuras-de-impacto.impact-structures.com\\\/?s={search_term_string}\"},\"query-input\":{\"@type\":\"PropertyValueSpecification\",\"valueRequired\":true,\"valueName\":\"search_term_string\"}}],\"inLanguage\":\"es\"}]}<\/script>\n<!-- \/ Yoast SEO plugin. -->","yoast_head_json":{"title":"La controversia impactista en las aulas de secundaria. - ERNSTSON CLAUDIN ESTRUCTURAS DE IMPACTO - CR\u00c1TERES METEOR\u00cdTICOS","robots":{"index":"index","follow":"follow","max-snippet":"max-snippet:-1","max-image-preview":"max-image-preview:large","max-video-preview":"max-video-preview:-1"},"canonical":"http:\/\/estructuras-de-impacto.impact-structures.com\/?page_id=450","og_locale":"es_ES","og_type":"article","og_title":"La controversia impactista en las aulas de secundaria. - ERNSTSON CLAUDIN ESTRUCTURAS DE IMPACTO - CR\u00c1TERES METEOR\u00cdTICOS","og_description":"El debate sobre las estructuras de impacto espa\u00f1olas tambi\u00e9n ha entrado en las aulas de la educaci\u00f3n secundaria de Espa\u00f1a. Algunos de los art\u00edculos publicados en la revista Ense\u00f1anza de las Ciencias de la Tierra: Cortes, A.L. y Mart\u00ednez, M.B. (1999): Controversia cient\u00edfica para el aula: \u00bf tiene la cubeta de Azuara un origen extraterrestre?. &hellip; Continuar leyendo \"La controversia impactista en las aulas de secundaria.\"","og_url":"http:\/\/estructuras-de-impacto.impact-structures.com\/?page_id=450","og_site_name":"ERNSTSON CLAUDIN ESTRUCTURAS DE IMPACTO - CR\u00c1TERES METEOR\u00cdTICOS","article_modified_time":"2012-07-31T14:48:49+00:00","og_image":[{"url":"http:\/\/estructuras-de-impacto.impact-structures.com\/wp-content\/uploads\/2011\/12\/la-tierra.jpg","type":"","width":"","height":""}],"twitter_card":"summary_large_image","twitter_misc":{"Tiempo de lectura":"1 minuto"},"schema":{"@context":"https:\/\/schema.org","@graph":[{"@type":"WebPage","@id":"http:\/\/estructuras-de-impacto.impact-structures.com\/?page_id=450","url":"http:\/\/estructuras-de-impacto.impact-structures.com\/?page_id=450","name":"La controversia impactista en las aulas de secundaria. - ERNSTSON CLAUDIN ESTRUCTURAS DE IMPACTO - CR\u00c1TERES METEOR\u00cdTICOS","isPartOf":{"@id":"http:\/\/estructuras-de-impacto.impact-structures.com\/#website"},"primaryImageOfPage":{"@id":"http:\/\/estructuras-de-impacto.impact-structures.com\/?page_id=450#primaryimage"},"image":{"@id":"http:\/\/estructuras-de-impacto.impact-structures.com\/?page_id=450#primaryimage"},"thumbnailUrl":"http:\/\/estructuras-de-impacto.impact-structures.com\/wp-content\/uploads\/2011\/12\/la-tierra.jpg","datePublished":"2011-12-04T17:52:25+00:00","dateModified":"2012-07-31T14:48:49+00:00","breadcrumb":{"@id":"http:\/\/estructuras-de-impacto.impact-structures.com\/?page_id=450#breadcrumb"},"inLanguage":"es","potentialAction":[{"@type":"ReadAction","target":["http:\/\/estructuras-de-impacto.impact-structures.com\/?page_id=450"]}]},{"@type":"ImageObject","inLanguage":"es","@id":"http:\/\/estructuras-de-impacto.impact-structures.com\/?page_id=450#primaryimage","url":"http:\/\/estructuras-de-impacto.impact-structures.com\/wp-content\/uploads\/2011\/12\/la-tierra.jpg","contentUrl":"http:\/\/estructuras-de-impacto.impact-structures.com\/wp-content\/uploads\/2011\/12\/la-tierra.jpg"},{"@type":"BreadcrumbList","@id":"http:\/\/estructuras-de-impacto.impact-structures.com\/?page_id=450#breadcrumb","itemListElement":[{"@type":"ListItem","position":1,"name":"Portada","item":"http:\/\/estructuras-de-impacto.impact-structures.com\/"},{"@type":"ListItem","position":2,"name":"La controversia","item":"http:\/\/estructuras-de-impacto.impact-structures.com\/?page_id=28"},{"@type":"ListItem","position":3,"name":"La controversia impactista en las aulas de secundaria."}]},{"@type":"WebSite","@id":"http:\/\/estructuras-de-impacto.impact-structures.com\/#website","url":"http:\/\/estructuras-de-impacto.impact-structures.com\/","name":"ERNSTSON CLAUDIN ESTRUCTURAS DE IMPACTO - CR\u00c1TERES METEOR\u00cdTICOS","description":"Investigaci\u00f3n sobre la geolog\u00eda, geof\u00edsica, y petrolog\u00eda","potentialAction":[{"@type":"SearchAction","target":{"@type":"EntryPoint","urlTemplate":"http:\/\/estructuras-de-impacto.impact-structures.com\/?s={search_term_string}"},"query-input":{"@type":"PropertyValueSpecification","valueRequired":true,"valueName":"search_term_string"}}],"inLanguage":"es"}]}},"_links":{"self":[{"href":"http:\/\/estructuras-de-impacto.impact-structures.com\/index.php?rest_route=\/wp\/v2\/pages\/450","targetHints":{"allow":["GET"]}}],"collection":[{"href":"http:\/\/estructuras-de-impacto.impact-structures.com\/index.php?rest_route=\/wp\/v2\/pages"}],"about":[{"href":"http:\/\/estructuras-de-impacto.impact-structures.com\/index.php?rest_route=\/wp\/v2\/types\/page"}],"author":[{"embeddable":true,"href":"http:\/\/estructuras-de-impacto.impact-structures.com\/index.php?rest_route=\/wp\/v2\/users\/1"}],"replies":[{"embeddable":true,"href":"http:\/\/estructuras-de-impacto.impact-structures.com\/index.php?rest_route=%2Fwp%2Fv2%2Fcomments&post=450"}],"version-history":[{"count":0,"href":"http:\/\/estructuras-de-impacto.impact-structures.com\/index.php?rest_route=\/wp\/v2\/pages\/450\/revisions"}],"up":[{"embeddable":true,"href":"http:\/\/estructuras-de-impacto.impact-structures.com\/index.php?rest_route=\/wp\/v2\/pages\/28"}],"wp:attachment":[{"href":"http:\/\/estructuras-de-impacto.impact-structures.com\/index.php?rest_route=%2Fwp%2Fv2%2Fmedia&parent=450"}],"curies":[{"name":"wp","href":"https:\/\/api.w.org\/{rel}","templated":true}]}}