{"id":448,"date":"2011-12-04T17:51:41","date_gmt":"2011-12-04T17:51:41","guid":{"rendered":"http:\/\/cms.impact-structures.com\/?page_id=448"},"modified":"2012-07-27T09:13:08","modified_gmt":"2012-07-27T09:13:08","slug":"maps-meteoritics-and-planetary-science-a-farce-of-a-review-process-the-enigmatic-acceptance-of-the-paper-angel-l-cortes-enrique-diaz-martinez-enrique-sanz-rubio-jesus-martinez-frias-and-crist","status":"publish","type":"page","link":"http:\/\/estructuras-de-impacto.impact-structures.com\/?page_id=448","title":{"rendered":"MAPS (Meteoritics and Planetary Science), a farce of a review process"},"content":{"rendered":"<h2>MAPS (Meteoritics and Planetary Science) &#8211;\u00a0<strong>una farsa de proceso de revision \u2013 la enigm\u00e1tica aceptaci\u00f3n del art\u00edculo MAPS (Meteoritics and Planetary Science)<\/strong><\/h2>\n<h2><span style=\"color: #800080;\">Angel L. Cort\u00e9s, Enrique D\u00edaz-Mart\u00ednez, Enrique Sanz-Rubio, Jes\u00fas Mart\u00ednez-Fr\u00edas and Cristina Fern\u00e1ndez: Cosmic impact versus terrestrial origin of the Azuara structure (Spain): A review. &#8211; Meteoritics &amp; Planetary Science 37, 875-894 (2002)<\/span><span class=\"Apple-style-span\" style=\"color: #333333; font-weight: 300;\">\u00a0<\/span><\/h2>\n<p><a href=\"http:\/\/estructuras-de-impacto.impact-structures.com\/wp-content\/uploads\/2011\/12\/maps.jpg\"><img loading=\"lazy\" decoding=\"async\" class=\"alignnone size-full wp-image-2218\" title=\"Meteoritics &amp; Planetary Science\" src=\"http:\/\/estructuras-de-impacto.impact-structures.com\/wp-content\/uploads\/2011\/12\/maps.jpg\" alt=\"\" width=\"511\" height=\"97\" srcset=\"http:\/\/estructuras-de-impacto.impact-structures.com\/wp-content\/uploads\/2011\/12\/maps.jpg 511w, http:\/\/estructuras-de-impacto.impact-structures.com\/wp-content\/uploads\/2011\/12\/maps-300x56.jpg 300w, http:\/\/estructuras-de-impacto.impact-structures.com\/wp-content\/uploads\/2011\/12\/maps-500x94.jpg 500w\" sizes=\"auto, (max-width: 511px) 85vw, 511px\" \/><\/a><\/p>\n<h3><strong>ComentARIO<\/strong><\/h3>\n<p>por K. Ernstson and F. Claudin<\/p>\n<p>B\u00e1sicamente apreciamos que Meteoritics &amp; Planetary Science (MAPS) haya decidido publicar este art\u00edculo, ya que ejemplifica e ilustra c\u00f3mo algunos ge\u00f3logos tanto antes como ahora tienen \u201csus problemas\u201d con las estructuras de impacto y con el proceso geol\u00f3gico de craterizaci\u00f3n por impacto (Melosh!), especialmente cuando ven en \u201cpeligro\u201d su trabajo sobre la geolog\u00eda regional.<\/p>\n<p>Ciertamente el proceso de revision de MAPS puede ser consideardo una farsa. Los revisores fueron Marcos Aurell de la universidad de Zaragoza, un declarado oponente sobre el or\u00edgen por impacto para la estructura de Azuara, y Kord Ernstson quien, junto con su grupo de trabajo, estableci\u00f3 la naturaleza por impacto de esta estructura.<\/p>\n<p>Aunque K. E. sugiri\u00f3 una revisi\u00f3n completa del manuscrito antes de su publicaci\u00f3n, la baj\u00edsima calidad del primer borrador del art\u00edculo permaneci\u00f3, y fue impresa sin grandes cambios. Como razones para este proceso de revisi\u00f3n desigual, tenemos que basarnos en conjeturas.<\/p>\n<p>\u00bfPorque MAPS, una respetada revista cient\u00edfica, public\u00f3 un art\u00edculo de esta calidad? Esto es justamente lo que colegas de todo el mundo tambi\u00e9n se preguntaron. Es un enigma. \u00bf O no? Hay que recordar el hecho que Alexander Deutsch es un Editor Asociado de MAPS. Y que, en conexi\u00f3n con el impacto de Azuara, Alexander Deutsch ha sido acusado por K. Ernstson de deshonestidad cient\u00edfica (ver la historia completa <span style=\"text-decoration: underline;\"><span style=\"color: #0000ff; text-decoration: underline;\"><a href=\"http:\/\/estructuras-de-impacto.impact-structures.com\/?page_id=123\" target=\"_blank\">aqu\u00ed<\/a><\/span><\/span>).<\/p>\n<p>\u00bfEl art\u00edculo de Cort\u00e9s et al. \u2013 un pago?<\/p>\n<p>Debe recordarse tambi\u00e9n el hecho que Christian Koeberl pertenece al Comit\u00e9 de Publicaci\u00f3n de la Meteoritical Society, que es quien publica MAPS. Y en conexi\u00f3n con los impactos de Azuara y Rubielos de la C\u00e9rida en Espa\u00f1a, Christian Koeberl (\u00a1como Presidente del programa \u201cEuropean Science Foundation IMPACT\u201d!, y por tanto financiado con fondos p\u00fablicos europeos\u2026..lo que presupone ejercer el cargo con una cierta imparcialidad y rigor cient\u00edfico) ha sido recriminado por nuestra parte por entorpecer cualquier discusi\u00f3n sobre estos impactos. Contra su mejor juicio, siempre y en cualquier lugar ha abogado por un origen no ligado a impacto para las estructuras espa\u00f1olas, aunque nunca ha puesto un pie en la zona de dichas estructuras. Y aqu\u00ed debemos hacer notar la circunstancia de que C. Koeberl es uno de los editores del indecible art\u00edculo de Diaz Mart\u00ednez, E., Sanz Rubio, E. y Martinez Frias, J. (2002): Sedimentary record of impact events in Spain. Geological Society of America. Special Paper 356: 551-562. (ver tambi\u00e9n \u00a0<span style=\"text-decoration: underline;\"><span style=\"color: #0000ff; text-decoration: underline;\"><a href=\"http:\/\/estructuras-de-impacto.impact-structures.com\/?page_id=456\" target=\"_blank\">Comment on the Shapman et al. article<\/a><\/span><\/span>, y <a href=\"http:\/\/estructuras-de-impacto.impact-structures.com\/?page_id=1442\">\u00a0<\/a><span style=\"text-decoration: underline;\"><span style=\"color: #0000ff; text-decoration: underline;\"><a href=\"http:\/\/estructuras-de-impacto.impact-structures.com\/?page_id=1442\">Review of the Diaz-Mat\u00ednez et al. article<\/a><\/span><\/span>).<\/p>\n<p>\u00bfEs el art\u00edculo de Cort\u00e9s et al. en MAPS un pago? \u00bf Una devoluci\u00f3n?<\/p>\n<p>\u00bf C\u00faal es el prop\u00f3sito de Cort\u00e9s, Diaz.Martinez et al.?. Ellos desean ardientemente que la estructura de impacto de Azuara desaparezca de los mapas de cr\u00e1teres bien establecidos. \u00a1C\u00f3mo se puede ser tan ingenuo! Cort\u00e9s, Diaz-Martinez et al. creen de manera obvia que la estructura de impacto de Azuara desparecer\u00e1 del campo cuando su etiqueta desaparezca de los mapas\u2026. Pero aunque la etiqueta desaparezca, donde quiera que vayan en la zona de la estructura de impacto de Azuara, las evidencias sobre su origen por impacto los esperaran.<\/p>\n<p>En el primer borrador de su art\u00edculo en MAPS, Cort\u00e9s, Diaz-Martinez et al. compararon ampliamente la estructura de impacto de Azuara con el cr\u00e1ter de impacto bien conocido de Ries para mostrar las diferencias alegadas. De este modo, no vieron la profunda ironia que su defensa de un origen endog\u00e9nico para Azuara supone una copia exacta de la oposici\u00f3n vehemente de la mayor\u00eda de ge\u00f3logos alemanes contra el origen por impacto del cr\u00e1ter de Ries hace 35 a\u00f1os. \u00a1Cort\u00e9s, Diaz-Martinez et al. no han aprendido nada de la historia!<\/p>\n<p>Un comentario m\u00e1s extenso y completo sobre el art\u00edculo de MAPS y sobre el extra\u00f1o proceso de revisi\u00f3n ha sido realizado por Ferran Claudin.<\/p>\n","protected":false},"excerpt":{"rendered":"<p>MAPS (Meteoritics and Planetary Science) &#8211;\u00a0una farsa de proceso de revision \u2013 la enigm\u00e1tica aceptaci\u00f3n del art\u00edculo MAPS (Meteoritics and Planetary Science) Angel L. Cort\u00e9s, Enrique D\u00edaz-Mart\u00ednez, Enrique Sanz-Rubio, Jes\u00fas Mart\u00ednez-Fr\u00edas and Cristina Fern\u00e1ndez: Cosmic impact versus terrestrial origin of the Azuara structure (Spain): A review. &#8211; Meteoritics &amp; Planetary Science 37, 875-894 (2002)\u00a0 ComentARIO &hellip; <a href=\"http:\/\/estructuras-de-impacto.impact-structures.com\/?page_id=448\" class=\"more-link\">Continuar leyendo<span class=\"screen-reader-text\"> \u00abMAPS (Meteoritics and Planetary Science), a farce of a review process\u00bb<\/span><\/a><\/p>\n","protected":false},"author":1,"featured_media":0,"parent":28,"menu_order":0,"comment_status":"closed","ping_status":"closed","template":"sidebar-page.php","meta":{"footnotes":""},"class_list":["post-448","page","type-page","status-publish","hentry"],"yoast_head":"<!-- This site is optimized with the Yoast SEO plugin v27.3 - https:\/\/yoast.com\/product\/yoast-seo-wordpress\/ -->\n<title>MAPS (Meteoritics and Planetary Science), a farce of a review process  - ERNSTSON CLAUDIN ESTRUCTURAS DE IMPACTO - CR\u00c1TERES METEOR\u00cdTICOS<\/title>\n<meta name=\"robots\" content=\"index, follow, max-snippet:-1, max-image-preview:large, max-video-preview:-1\" \/>\n<link rel=\"canonical\" href=\"https:\/\/estructuras-de-impacto.impact-structures.com\/?page_id=448\" \/>\n<meta property=\"og:locale\" content=\"es_ES\" \/>\n<meta property=\"og:type\" content=\"article\" \/>\n<meta property=\"og:title\" content=\"MAPS (Meteoritics and Planetary Science), a farce of a review process  - ERNSTSON CLAUDIN ESTRUCTURAS DE IMPACTO - CR\u00c1TERES METEOR\u00cdTICOS\" \/>\n<meta property=\"og:description\" content=\"MAPS (Meteoritics and Planetary Science) &#8211;\u00a0una farsa de proceso de revision \u2013 la enigm\u00e1tica aceptaci\u00f3n del art\u00edculo MAPS (Meteoritics and Planetary Science) Angel L. Cort\u00e9s, Enrique D\u00edaz-Mart\u00ednez, Enrique Sanz-Rubio, Jes\u00fas Mart\u00ednez-Fr\u00edas and Cristina Fern\u00e1ndez: Cosmic impact versus terrestrial origin of the Azuara structure (Spain): A review. &#8211; Meteoritics &amp; Planetary Science 37, 875-894 (2002)\u00a0 ComentARIO &hellip; Continuar leyendo &quot;MAPS (Meteoritics and Planetary Science), a farce of a review process&quot;\" \/>\n<meta property=\"og:url\" content=\"https:\/\/estructuras-de-impacto.impact-structures.com\/?page_id=448\" \/>\n<meta property=\"og:site_name\" content=\"ERNSTSON CLAUDIN ESTRUCTURAS DE IMPACTO - CR\u00c1TERES METEOR\u00cdTICOS\" \/>\n<meta property=\"article:modified_time\" content=\"2012-07-27T09:13:08+00:00\" \/>\n<meta property=\"og:image\" content=\"http:\/\/estructuras-de-impacto.impact-structures.com\/wp-content\/uploads\/2011\/12\/maps.jpg\" \/>\n<meta name=\"twitter:card\" content=\"summary_large_image\" \/>\n<meta name=\"twitter:label1\" content=\"Tiempo de lectura\" \/>\n\t<meta name=\"twitter:data1\" content=\"4 minutos\" \/>\n<script type=\"application\/ld+json\" class=\"yoast-schema-graph\">{\"@context\":\"https:\\\/\\\/schema.org\",\"@graph\":[{\"@type\":\"WebPage\",\"@id\":\"https:\\\/\\\/estructuras-de-impacto.impact-structures.com\\\/?page_id=448\",\"url\":\"https:\\\/\\\/estructuras-de-impacto.impact-structures.com\\\/?page_id=448\",\"name\":\"MAPS (Meteoritics and Planetary Science), a farce of a review process - ERNSTSON CLAUDIN ESTRUCTURAS DE IMPACTO - CR\u00c1TERES METEOR\u00cdTICOS\",\"isPartOf\":{\"@id\":\"http:\\\/\\\/estructuras-de-impacto.impact-structures.com\\\/#website\"},\"primaryImageOfPage\":{\"@id\":\"https:\\\/\\\/estructuras-de-impacto.impact-structures.com\\\/?page_id=448#primaryimage\"},\"image\":{\"@id\":\"https:\\\/\\\/estructuras-de-impacto.impact-structures.com\\\/?page_id=448#primaryimage\"},\"thumbnailUrl\":\"http:\\\/\\\/estructuras-de-impacto.impact-structures.com\\\/wp-content\\\/uploads\\\/2011\\\/12\\\/maps.jpg\",\"datePublished\":\"2011-12-04T17:51:41+00:00\",\"dateModified\":\"2012-07-27T09:13:08+00:00\",\"breadcrumb\":{\"@id\":\"https:\\\/\\\/estructuras-de-impacto.impact-structures.com\\\/?page_id=448#breadcrumb\"},\"inLanguage\":\"es\",\"potentialAction\":[{\"@type\":\"ReadAction\",\"target\":[\"https:\\\/\\\/estructuras-de-impacto.impact-structures.com\\\/?page_id=448\"]}]},{\"@type\":\"ImageObject\",\"inLanguage\":\"es\",\"@id\":\"https:\\\/\\\/estructuras-de-impacto.impact-structures.com\\\/?page_id=448#primaryimage\",\"url\":\"http:\\\/\\\/estructuras-de-impacto.impact-structures.com\\\/wp-content\\\/uploads\\\/2011\\\/12\\\/maps.jpg\",\"contentUrl\":\"http:\\\/\\\/estructuras-de-impacto.impact-structures.com\\\/wp-content\\\/uploads\\\/2011\\\/12\\\/maps.jpg\"},{\"@type\":\"BreadcrumbList\",\"@id\":\"https:\\\/\\\/estructuras-de-impacto.impact-structures.com\\\/?page_id=448#breadcrumb\",\"itemListElement\":[{\"@type\":\"ListItem\",\"position\":1,\"name\":\"Portada\",\"item\":\"http:\\\/\\\/estructuras-de-impacto.impact-structures.com\\\/\"},{\"@type\":\"ListItem\",\"position\":2,\"name\":\"La controversia\",\"item\":\"http:\\\/\\\/estructuras-de-impacto.impact-structures.com\\\/?page_id=28\"},{\"@type\":\"ListItem\",\"position\":3,\"name\":\"MAPS (Meteoritics and Planetary Science), a farce of a review process\"}]},{\"@type\":\"WebSite\",\"@id\":\"http:\\\/\\\/estructuras-de-impacto.impact-structures.com\\\/#website\",\"url\":\"http:\\\/\\\/estructuras-de-impacto.impact-structures.com\\\/\",\"name\":\"ERNSTSON CLAUDIN ESTRUCTURAS DE IMPACTO - CR\u00c1TERES METEOR\u00cdTICOS\",\"description\":\"Investigaci\u00f3n sobre la geolog\u00eda, geof\u00edsica, y petrolog\u00eda\",\"potentialAction\":[{\"@type\":\"SearchAction\",\"target\":{\"@type\":\"EntryPoint\",\"urlTemplate\":\"http:\\\/\\\/estructuras-de-impacto.impact-structures.com\\\/?s={search_term_string}\"},\"query-input\":{\"@type\":\"PropertyValueSpecification\",\"valueRequired\":true,\"valueName\":\"search_term_string\"}}],\"inLanguage\":\"es\"}]}<\/script>\n<!-- \/ Yoast SEO plugin. -->","yoast_head_json":{"title":"MAPS (Meteoritics and Planetary Science), a farce of a review process  - ERNSTSON CLAUDIN ESTRUCTURAS DE IMPACTO - CR\u00c1TERES METEOR\u00cdTICOS","robots":{"index":"index","follow":"follow","max-snippet":"max-snippet:-1","max-image-preview":"max-image-preview:large","max-video-preview":"max-video-preview:-1"},"canonical":"https:\/\/estructuras-de-impacto.impact-structures.com\/?page_id=448","og_locale":"es_ES","og_type":"article","og_title":"MAPS (Meteoritics and Planetary Science), a farce of a review process  - ERNSTSON CLAUDIN ESTRUCTURAS DE IMPACTO - CR\u00c1TERES METEOR\u00cdTICOS","og_description":"MAPS (Meteoritics and Planetary Science) &#8211;\u00a0una farsa de proceso de revision \u2013 la enigm\u00e1tica aceptaci\u00f3n del art\u00edculo MAPS (Meteoritics and Planetary Science) Angel L. Cort\u00e9s, Enrique D\u00edaz-Mart\u00ednez, Enrique Sanz-Rubio, Jes\u00fas Mart\u00ednez-Fr\u00edas and Cristina Fern\u00e1ndez: Cosmic impact versus terrestrial origin of the Azuara structure (Spain): A review. &#8211; Meteoritics &amp; Planetary Science 37, 875-894 (2002)\u00a0 ComentARIO &hellip; Continuar leyendo \"MAPS (Meteoritics and Planetary Science), a farce of a review process\"","og_url":"https:\/\/estructuras-de-impacto.impact-structures.com\/?page_id=448","og_site_name":"ERNSTSON CLAUDIN ESTRUCTURAS DE IMPACTO - CR\u00c1TERES METEOR\u00cdTICOS","article_modified_time":"2012-07-27T09:13:08+00:00","og_image":[{"url":"http:\/\/estructuras-de-impacto.impact-structures.com\/wp-content\/uploads\/2011\/12\/maps.jpg","type":"","width":"","height":""}],"twitter_card":"summary_large_image","twitter_misc":{"Tiempo de lectura":"4 minutos"},"schema":{"@context":"https:\/\/schema.org","@graph":[{"@type":"WebPage","@id":"https:\/\/estructuras-de-impacto.impact-structures.com\/?page_id=448","url":"https:\/\/estructuras-de-impacto.impact-structures.com\/?page_id=448","name":"MAPS (Meteoritics and Planetary Science), a farce of a review process - ERNSTSON CLAUDIN ESTRUCTURAS DE IMPACTO - CR\u00c1TERES METEOR\u00cdTICOS","isPartOf":{"@id":"http:\/\/estructuras-de-impacto.impact-structures.com\/#website"},"primaryImageOfPage":{"@id":"https:\/\/estructuras-de-impacto.impact-structures.com\/?page_id=448#primaryimage"},"image":{"@id":"https:\/\/estructuras-de-impacto.impact-structures.com\/?page_id=448#primaryimage"},"thumbnailUrl":"http:\/\/estructuras-de-impacto.impact-structures.com\/wp-content\/uploads\/2011\/12\/maps.jpg","datePublished":"2011-12-04T17:51:41+00:00","dateModified":"2012-07-27T09:13:08+00:00","breadcrumb":{"@id":"https:\/\/estructuras-de-impacto.impact-structures.com\/?page_id=448#breadcrumb"},"inLanguage":"es","potentialAction":[{"@type":"ReadAction","target":["https:\/\/estructuras-de-impacto.impact-structures.com\/?page_id=448"]}]},{"@type":"ImageObject","inLanguage":"es","@id":"https:\/\/estructuras-de-impacto.impact-structures.com\/?page_id=448#primaryimage","url":"http:\/\/estructuras-de-impacto.impact-structures.com\/wp-content\/uploads\/2011\/12\/maps.jpg","contentUrl":"http:\/\/estructuras-de-impacto.impact-structures.com\/wp-content\/uploads\/2011\/12\/maps.jpg"},{"@type":"BreadcrumbList","@id":"https:\/\/estructuras-de-impacto.impact-structures.com\/?page_id=448#breadcrumb","itemListElement":[{"@type":"ListItem","position":1,"name":"Portada","item":"http:\/\/estructuras-de-impacto.impact-structures.com\/"},{"@type":"ListItem","position":2,"name":"La controversia","item":"http:\/\/estructuras-de-impacto.impact-structures.com\/?page_id=28"},{"@type":"ListItem","position":3,"name":"MAPS (Meteoritics and Planetary Science), a farce of a review process"}]},{"@type":"WebSite","@id":"http:\/\/estructuras-de-impacto.impact-structures.com\/#website","url":"http:\/\/estructuras-de-impacto.impact-structures.com\/","name":"ERNSTSON CLAUDIN ESTRUCTURAS DE IMPACTO - CR\u00c1TERES METEOR\u00cdTICOS","description":"Investigaci\u00f3n sobre la geolog\u00eda, geof\u00edsica, y petrolog\u00eda","potentialAction":[{"@type":"SearchAction","target":{"@type":"EntryPoint","urlTemplate":"http:\/\/estructuras-de-impacto.impact-structures.com\/?s={search_term_string}"},"query-input":{"@type":"PropertyValueSpecification","valueRequired":true,"valueName":"search_term_string"}}],"inLanguage":"es"}]}},"_links":{"self":[{"href":"http:\/\/estructuras-de-impacto.impact-structures.com\/index.php?rest_route=\/wp\/v2\/pages\/448","targetHints":{"allow":["GET"]}}],"collection":[{"href":"http:\/\/estructuras-de-impacto.impact-structures.com\/index.php?rest_route=\/wp\/v2\/pages"}],"about":[{"href":"http:\/\/estructuras-de-impacto.impact-structures.com\/index.php?rest_route=\/wp\/v2\/types\/page"}],"author":[{"embeddable":true,"href":"http:\/\/estructuras-de-impacto.impact-structures.com\/index.php?rest_route=\/wp\/v2\/users\/1"}],"replies":[{"embeddable":true,"href":"http:\/\/estructuras-de-impacto.impact-structures.com\/index.php?rest_route=%2Fwp%2Fv2%2Fcomments&post=448"}],"version-history":[{"count":0,"href":"http:\/\/estructuras-de-impacto.impact-structures.com\/index.php?rest_route=\/wp\/v2\/pages\/448\/revisions"}],"up":[{"embeddable":true,"href":"http:\/\/estructuras-de-impacto.impact-structures.com\/index.php?rest_route=\/wp\/v2\/pages\/28"}],"wp:attachment":[{"href":"http:\/\/estructuras-de-impacto.impact-structures.com\/index.php?rest_route=%2Fwp%2Fv2%2Fmedia&parent=448"}],"curies":[{"name":"wp","href":"https:\/\/api.w.org\/{rel}","templated":true}]}}