{"id":395,"date":"2011-11-05T17:35:55","date_gmt":"2011-11-05T17:35:55","guid":{"rendered":"http:\/\/cms.impaktstrukturen.de\/?page_id=395"},"modified":"2019-11-03T13:02:07","modified_gmt":"2019-11-03T13:02:07","slug":"kontakt-2","status":"publish","type":"page","link":"http:\/\/estructuras-de-impacto.impact-structures.com\/?page_id=395","title":{"rendered":"Contacto"},"content":{"rendered":"<p><img loading=\"lazy\" decoding=\"async\" src=\"http:\/\/www.impact-structures.com\/images\/ernstson_small.jpg\" alt=\"ernstson.jpg (18747 Byte)\" width=\"137\" height=\"162\" \/><\/p>\n<p><strong>Kord Ernstson<\/strong><\/p>\n<p>Geof\u00edsico y Ge\u00f3logo<br \/>\nDr. rer. nat. (Geof\u00edsica)<br \/>\nDr. rer. nat.habil. (Geolog\u00eda)<br \/>\nProfesor en la Universidad de W\u00fcrzburg (Alemania)<\/p>\n<h4><a id=\"widget-sample\" href=\"https:\/\/orcid.org\/0000-0001-9692-6868\" target=\"effectiveUserOrcid\" rel=\"noopener noreferrer\">ORCID.ORG\/0000-0001-9692-6868<\/a><\/h4>\n<p><a href=\"https:\/\/www.researchgate.net\/profile\/Kord_Ernstson\" target=\"_blank\" rel=\"noopener noreferrer\">ResearchGate<\/a><\/p>\n<p><a href=\"https:\/\/uni-wuerzburg.academia.edu\/KordErnstson\" target=\"_blank\" rel=\"noopener noreferrer\">ACADEMIA<\/a><\/p>\n<p><span style=\"color: #000000; font-family: 'Trebuchet MS', Helvetica, Geneva, Swiss, SunSans-Regular;\"><strong><a href=\"http:\/\/impacto.impact-structures.com\/wp-content\/uploads\/2011\/11\/FerranBotinas.jpg\"><img loading=\"lazy\" decoding=\"async\" class=\"alignnone size-full wp-image-2071\" title=\"FerranBotinas\" src=\"http:\/\/impacto.impact-structures.com\/wp-content\/uploads\/2011\/11\/FerranBotinas.jpg\" alt=\"\" width=\"102\" height=\"120\" \/><\/a><\/strong><\/span><\/p>\n<div>\n<h2>Fernando Claudin<\/h2>\n<p>Ge\u00f3logo<br \/>\nProfesor de Ense\u00f1anza Secundaria<br \/>\nColaborador del Museo de Geological de Barcelona (Espa\u00f1a)<\/p>\n<\/div>\n<p>Direcci\u00f3n postal<\/p>\n<p>Am Judengarten 23, D &#8211; 97204 H\u00f6chberg, Alemania<\/p>\n<p>C\/Picasso, 17. Sta Maria de Palautordera. Barcelona-08460, Espa\u00f1a<\/p>\n<p>IES Giola. C\/Tulipa\u00a0S\/N, Llinars del Vall\u00e8s. Barcelona-08450. Espa\u00f1a<\/p>\n<p>informaci\u00f3n global:<\/p>\n<p><a href=\"http:\/\/estructuras-de-impacto.impact-structures.com\/wp-content\/uploads\/2019\/11\/Bildschirmfoto-2019-11-03-um-13.47.32.png\"><img loading=\"lazy\" decoding=\"async\" class=\"alignnone size-full wp-image-2855\" src=\"http:\/\/estructuras-de-impacto.impact-structures.com\/wp-content\/uploads\/2019\/11\/Bildschirmfoto-2019-11-03-um-13.47.32.png\" alt=\"\" width=\"270\" height=\"145\" \/><\/a><\/p>\n","protected":false},"excerpt":{"rendered":"<p>Kord Ernstson Geof\u00edsico y Ge\u00f3logo Dr. rer. nat. (Geof\u00edsica) Dr. rer. nat.habil. (Geolog\u00eda) Profesor en la Universidad de W\u00fcrzburg (Alemania) ORCID.ORG\/0000-0001-9692-6868 ResearchGate ACADEMIA Fernando Claudin Ge\u00f3logo Profesor de Ense\u00f1anza Secundaria Colaborador del Museo de Geological de Barcelona (Espa\u00f1a) Direcci\u00f3n postal Am Judengarten 23, D &#8211; 97204 H\u00f6chberg, Alemania C\/Picasso, 17. Sta Maria de Palautordera. Barcelona-08460, &hellip; <a href=\"http:\/\/estructuras-de-impacto.impact-structures.com\/?page_id=395\" class=\"more-link\">Continuar leyendo<span class=\"screen-reader-text\"> \u00abContacto\u00bb<\/span><\/a><\/p>\n","protected":false},"author":1,"featured_media":0,"parent":0,"menu_order":0,"comment_status":"closed","ping_status":"closed","template":"","meta":{"footnotes":""},"class_list":["post-395","page","type-page","status-publish","hentry"],"yoast_head":"<!-- This site is optimized with the Yoast SEO plugin v27.3 - https:\/\/yoast.com\/product\/yoast-seo-wordpress\/ -->\n<title>Contacto - ERNSTSON CLAUDIN ESTRUCTURAS DE IMPACTO - CR\u00c1TERES METEOR\u00cdTICOS<\/title>\n<meta name=\"robots\" content=\"index, follow, max-snippet:-1, max-image-preview:large, max-video-preview:-1\" \/>\n<link rel=\"canonical\" href=\"https:\/\/estructuras-de-impacto.impact-structures.com\/?page_id=395\" \/>\n<meta property=\"og:locale\" content=\"es_ES\" \/>\n<meta property=\"og:type\" content=\"article\" \/>\n<meta property=\"og:title\" content=\"Contacto - ERNSTSON CLAUDIN ESTRUCTURAS DE IMPACTO - CR\u00c1TERES METEOR\u00cdTICOS\" \/>\n<meta property=\"og:description\" content=\"Kord Ernstson Geof\u00edsico y Ge\u00f3logo Dr. rer. nat. (Geof\u00edsica) Dr. rer. nat.habil. (Geolog\u00eda) Profesor en la Universidad de W\u00fcrzburg (Alemania) ORCID.ORG\/0000-0001-9692-6868 ResearchGate ACADEMIA Fernando Claudin Ge\u00f3logo Profesor de Ense\u00f1anza Secundaria Colaborador del Museo de Geological de Barcelona (Espa\u00f1a) Direcci\u00f3n postal Am Judengarten 23, D &#8211; 97204 H\u00f6chberg, Alemania C\/Picasso, 17. Sta Maria de Palautordera. Barcelona-08460, &hellip; Continuar leyendo &quot;Contacto&quot;\" \/>\n<meta property=\"og:url\" content=\"https:\/\/estructuras-de-impacto.impact-structures.com\/?page_id=395\" \/>\n<meta property=\"og:site_name\" content=\"ERNSTSON CLAUDIN ESTRUCTURAS DE IMPACTO - CR\u00c1TERES METEOR\u00cdTICOS\" \/>\n<meta property=\"article:modified_time\" content=\"2019-11-03T13:02:07+00:00\" \/>\n<meta property=\"og:image\" content=\"http:\/\/www.impact-structures.com\/images\/ernstson_small.jpg\" \/>\n<meta name=\"twitter:card\" content=\"summary_large_image\" \/>\n<script type=\"application\/ld+json\" class=\"yoast-schema-graph\">{\"@context\":\"https:\\\/\\\/schema.org\",\"@graph\":[{\"@type\":\"WebPage\",\"@id\":\"https:\\\/\\\/estructuras-de-impacto.impact-structures.com\\\/?page_id=395\",\"url\":\"https:\\\/\\\/estructuras-de-impacto.impact-structures.com\\\/?page_id=395\",\"name\":\"Contacto - ERNSTSON CLAUDIN ESTRUCTURAS DE IMPACTO - CR\u00c1TERES METEOR\u00cdTICOS\",\"isPartOf\":{\"@id\":\"http:\\\/\\\/estructuras-de-impacto.impact-structures.com\\\/#website\"},\"primaryImageOfPage\":{\"@id\":\"https:\\\/\\\/estructuras-de-impacto.impact-structures.com\\\/?page_id=395#primaryimage\"},\"image\":{\"@id\":\"https:\\\/\\\/estructuras-de-impacto.impact-structures.com\\\/?page_id=395#primaryimage\"},\"thumbnailUrl\":\"http:\\\/\\\/www.impact-structures.com\\\/images\\\/ernstson_small.jpg\",\"datePublished\":\"2011-11-05T17:35:55+00:00\",\"dateModified\":\"2019-11-03T13:02:07+00:00\",\"breadcrumb\":{\"@id\":\"https:\\\/\\\/estructuras-de-impacto.impact-structures.com\\\/?page_id=395#breadcrumb\"},\"inLanguage\":\"es\",\"potentialAction\":[{\"@type\":\"ReadAction\",\"target\":[\"https:\\\/\\\/estructuras-de-impacto.impact-structures.com\\\/?page_id=395\"]}]},{\"@type\":\"ImageObject\",\"inLanguage\":\"es\",\"@id\":\"https:\\\/\\\/estructuras-de-impacto.impact-structures.com\\\/?page_id=395#primaryimage\",\"url\":\"http:\\\/\\\/www.impact-structures.com\\\/images\\\/ernstson_small.jpg\",\"contentUrl\":\"http:\\\/\\\/www.impact-structures.com\\\/images\\\/ernstson_small.jpg\"},{\"@type\":\"BreadcrumbList\",\"@id\":\"https:\\\/\\\/estructuras-de-impacto.impact-structures.com\\\/?page_id=395#breadcrumb\",\"itemListElement\":[{\"@type\":\"ListItem\",\"position\":1,\"name\":\"Portada\",\"item\":\"http:\\\/\\\/estructuras-de-impacto.impact-structures.com\\\/\"},{\"@type\":\"ListItem\",\"position\":2,\"name\":\"Contacto\"}]},{\"@type\":\"WebSite\",\"@id\":\"http:\\\/\\\/estructuras-de-impacto.impact-structures.com\\\/#website\",\"url\":\"http:\\\/\\\/estructuras-de-impacto.impact-structures.com\\\/\",\"name\":\"ERNSTSON CLAUDIN ESTRUCTURAS DE IMPACTO - CR\u00c1TERES METEOR\u00cdTICOS\",\"description\":\"Investigaci\u00f3n sobre la geolog\u00eda, geof\u00edsica, y petrolog\u00eda\",\"potentialAction\":[{\"@type\":\"SearchAction\",\"target\":{\"@type\":\"EntryPoint\",\"urlTemplate\":\"http:\\\/\\\/estructuras-de-impacto.impact-structures.com\\\/?s={search_term_string}\"},\"query-input\":{\"@type\":\"PropertyValueSpecification\",\"valueRequired\":true,\"valueName\":\"search_term_string\"}}],\"inLanguage\":\"es\"}]}<\/script>\n<!-- \/ Yoast SEO plugin. -->","yoast_head_json":{"title":"Contacto - ERNSTSON CLAUDIN ESTRUCTURAS DE IMPACTO - CR\u00c1TERES METEOR\u00cdTICOS","robots":{"index":"index","follow":"follow","max-snippet":"max-snippet:-1","max-image-preview":"max-image-preview:large","max-video-preview":"max-video-preview:-1"},"canonical":"https:\/\/estructuras-de-impacto.impact-structures.com\/?page_id=395","og_locale":"es_ES","og_type":"article","og_title":"Contacto - ERNSTSON CLAUDIN ESTRUCTURAS DE IMPACTO - CR\u00c1TERES METEOR\u00cdTICOS","og_description":"Kord Ernstson Geof\u00edsico y Ge\u00f3logo Dr. rer. nat. (Geof\u00edsica) Dr. rer. nat.habil. (Geolog\u00eda) Profesor en la Universidad de W\u00fcrzburg (Alemania) ORCID.ORG\/0000-0001-9692-6868 ResearchGate ACADEMIA Fernando Claudin Ge\u00f3logo Profesor de Ense\u00f1anza Secundaria Colaborador del Museo de Geological de Barcelona (Espa\u00f1a) Direcci\u00f3n postal Am Judengarten 23, D &#8211; 97204 H\u00f6chberg, Alemania C\/Picasso, 17. Sta Maria de Palautordera. Barcelona-08460, &hellip; Continuar leyendo \"Contacto\"","og_url":"https:\/\/estructuras-de-impacto.impact-structures.com\/?page_id=395","og_site_name":"ERNSTSON CLAUDIN ESTRUCTURAS DE IMPACTO - CR\u00c1TERES METEOR\u00cdTICOS","article_modified_time":"2019-11-03T13:02:07+00:00","og_image":[{"url":"http:\/\/www.impact-structures.com\/images\/ernstson_small.jpg","type":"","width":"","height":""}],"twitter_card":"summary_large_image","schema":{"@context":"https:\/\/schema.org","@graph":[{"@type":"WebPage","@id":"https:\/\/estructuras-de-impacto.impact-structures.com\/?page_id=395","url":"https:\/\/estructuras-de-impacto.impact-structures.com\/?page_id=395","name":"Contacto - ERNSTSON CLAUDIN ESTRUCTURAS DE IMPACTO - CR\u00c1TERES METEOR\u00cdTICOS","isPartOf":{"@id":"http:\/\/estructuras-de-impacto.impact-structures.com\/#website"},"primaryImageOfPage":{"@id":"https:\/\/estructuras-de-impacto.impact-structures.com\/?page_id=395#primaryimage"},"image":{"@id":"https:\/\/estructuras-de-impacto.impact-structures.com\/?page_id=395#primaryimage"},"thumbnailUrl":"http:\/\/www.impact-structures.com\/images\/ernstson_small.jpg","datePublished":"2011-11-05T17:35:55+00:00","dateModified":"2019-11-03T13:02:07+00:00","breadcrumb":{"@id":"https:\/\/estructuras-de-impacto.impact-structures.com\/?page_id=395#breadcrumb"},"inLanguage":"es","potentialAction":[{"@type":"ReadAction","target":["https:\/\/estructuras-de-impacto.impact-structures.com\/?page_id=395"]}]},{"@type":"ImageObject","inLanguage":"es","@id":"https:\/\/estructuras-de-impacto.impact-structures.com\/?page_id=395#primaryimage","url":"http:\/\/www.impact-structures.com\/images\/ernstson_small.jpg","contentUrl":"http:\/\/www.impact-structures.com\/images\/ernstson_small.jpg"},{"@type":"BreadcrumbList","@id":"https:\/\/estructuras-de-impacto.impact-structures.com\/?page_id=395#breadcrumb","itemListElement":[{"@type":"ListItem","position":1,"name":"Portada","item":"http:\/\/estructuras-de-impacto.impact-structures.com\/"},{"@type":"ListItem","position":2,"name":"Contacto"}]},{"@type":"WebSite","@id":"http:\/\/estructuras-de-impacto.impact-structures.com\/#website","url":"http:\/\/estructuras-de-impacto.impact-structures.com\/","name":"ERNSTSON CLAUDIN ESTRUCTURAS DE IMPACTO - CR\u00c1TERES METEOR\u00cdTICOS","description":"Investigaci\u00f3n sobre la geolog\u00eda, geof\u00edsica, y petrolog\u00eda","potentialAction":[{"@type":"SearchAction","target":{"@type":"EntryPoint","urlTemplate":"http:\/\/estructuras-de-impacto.impact-structures.com\/?s={search_term_string}"},"query-input":{"@type":"PropertyValueSpecification","valueRequired":true,"valueName":"search_term_string"}}],"inLanguage":"es"}]}},"_links":{"self":[{"href":"http:\/\/estructuras-de-impacto.impact-structures.com\/index.php?rest_route=\/wp\/v2\/pages\/395","targetHints":{"allow":["GET"]}}],"collection":[{"href":"http:\/\/estructuras-de-impacto.impact-structures.com\/index.php?rest_route=\/wp\/v2\/pages"}],"about":[{"href":"http:\/\/estructuras-de-impacto.impact-structures.com\/index.php?rest_route=\/wp\/v2\/types\/page"}],"author":[{"embeddable":true,"href":"http:\/\/estructuras-de-impacto.impact-structures.com\/index.php?rest_route=\/wp\/v2\/users\/1"}],"replies":[{"embeddable":true,"href":"http:\/\/estructuras-de-impacto.impact-structures.com\/index.php?rest_route=%2Fwp%2Fv2%2Fcomments&post=395"}],"version-history":[{"count":0,"href":"http:\/\/estructuras-de-impacto.impact-structures.com\/index.php?rest_route=\/wp\/v2\/pages\/395\/revisions"}],"wp:attachment":[{"href":"http:\/\/estructuras-de-impacto.impact-structures.com\/index.php?rest_route=%2Fwp%2Fv2%2Fmedia&parent=395"}],"curies":[{"name":"wp","href":"https:\/\/api.w.org\/{rel}","templated":true}]}}