{"id":332,"date":"2011-12-03T14:05:00","date_gmt":"2011-12-03T14:05:00","guid":{"rendered":"http:\/\/cms.impact-structures.com\/?page_id=332"},"modified":"2011-12-03T14:05:00","modified_gmt":"2011-12-03T14:05:00","slug":"shock-induced-spallation-in-triassic-buntsandstein-conglomerates-spain-an-impact-marker-in-the-vicinity-of-large-impacts","status":"publish","type":"page","link":"http:\/\/estructuras-de-impacto.impact-structures.com\/?page_id=332","title":{"rendered":"Poster 4"},"content":{"rendered":"<div style=\"text-align: justify;\" align=\"center\"><center><\/center><center><\/center><center><\/center><center><strong><\/strong><\/center><center><span style=\"font-family: 'Trebuchet MS', Helvetica, Geneva, Swiss, SunSans-Regular;\"><strong>SHOCK-INDUCED SPALLATION IN TRIASSIC BUNTSANDSTEIN CONGLOMERATES (SPAIN): AN IMPACT MARKER IN THE VICINITY OF LARGE IMPACTS<br \/>\n<\/strong><\/span><\/center><\/div>\n<p><strong>Kord Ernstson\u00a0<sup>1<\/sup>, Michael R. Rampino\u00a0<sup>2<\/sup>, Michael Hiltl\u00a0<sup>3<\/sup><\/strong><\/p>\n<p><span style=\"font-family: 'Trebuchet MS', Helvetica, Geneva, Swiss, SunSans-Regular;\">1 Fakult\u00e4t f\u00fcr Geowissenschaften, Universit\u00e4t W\u00fcrzburg,\u00a0<sup>2<\/sup>\u00a0New York University &amp; NASA Goddard Institute for Space Studies,\u00a0<sup>3<\/sup>\u00a0formerly Lawrence Livermore National Laboratory<\/span><\/p>\n<p><span style=\"font-family: 'Trebuchet MS', Helvetica, Geneva, Swiss, SunSans-Regular;\">In fracture mechanics, spallation is a well-known process typically combining compressive and tensile stress. Spallation occurs when a dynamic compressive pulse impinges on a free surface, where it is reflected as a rarefaction pulse. The associated tensile stress may lead to internal spallation fractures (Fig.1 a) and to complete spalls detaching from the free surface.<\/span><\/p>\n<p align=\"JUSTIFY\"><span style=\"font-family: 'Trebuchet MS', Helvetica, Geneva, Swiss, SunSans-Regular;\"><img loading=\"lazy\" decoding=\"async\" src=\"http:\/\/www.impact-structures.com\/imagekl\/kl0132.jpg\" alt=\"\" width=\"120\" height=\"110\" \/><strong><img loading=\"lazy\" decoding=\"async\" src=\"http:\/\/www.impact-structures.com\/images\/prod141.jpg\" alt=\"\" width=\"152\" height=\"110\" border=\"0\" \/><\/strong><\/span><\/p>\n<p align=\"JUSTIFY\"><span style=\"font-family: 'Trebuchet MS', Helvetica, Geneva, Swiss, SunSans-Regular;\"><strong><img loading=\"lazy\" decoding=\"async\" src=\"http:\/\/www.impact-structures.com\/images\/prod142.jpg\" alt=\"\" width=\"144\" height=\"119\" border=\"0\" \/><\/strong><a href=\"http:\/\/www.impaktstrukturen.de\/origi\/prod1011.jpg\" target=\"_blank\"><img loading=\"lazy\" decoding=\"async\" src=\"http:\/\/www.impact-structures.com\/images\/prod1011_small.jpg\" alt=\"\" width=\"155\" height=\"115\" border=\"2\" \/><\/a><\/span><\/p>\n<p align=\"JUSTIFY\"><span style=\"font-family: 'Trebuchet MS', Helvetica, Geneva, Swiss, SunSans-Regular;\"><img decoding=\"async\" src=\"http:\/\/www.impact-structures.com\/images\/prod1012.jpg\" alt=\"\" width=\"50%\" height=\"3%\" \/><\/span><\/p>\n<p align=\"JUSTIFY\"><span style=\"font-family: 'Trebuchet MS', Helvetica, Geneva, Swiss, SunSans-Regular; font-size: x-small;\">Fig.1. Spallation fractures in experimentally shocked ARMCO iron (a) and in naturally impact-shocked quartzite cobbles. b, c: Internal spall fractures and a nearly detached spall in c. d, e: Spallation craters. Note the central mound in d, and the opposite craters in e.<\/span><\/p>\n<p align=\"JUSTIFY\"><span style=\"font-family: 'Trebuchet MS', Helvetica, Geneva, Swiss, SunSans-Regular;\">Here, we report on the natural occurrence of spallation in Triassic Buntsandstein conglomerates induced by shock waves from nearby large impacts. The conglomerates are exposed in a large area (several 1000 km\u00b2) and surround the Azuara impact structure and especially its newly established [1, 2] Rubielos de la C\u00e9rida companion impact structure in NE Spain (Fig.2).<\/span><\/p>\n<p align=\"JUSTIFY\"><span style=\"font-family: 'Trebuchet MS', Helvetica, Geneva, Swiss, SunSans-Regular;\">The conglomerates are in general composed of quartzite cobbles in a sandy matrix, and they are well known among geologists because of the distinctly pock-marked and cratered cobble surfaces. Commonly, these deformations are considered to have resulted from pressure dissolution by overburden or\/and tectonic compression. Recent studies [3] show that there is no dissolution evidence and that the peculiar features and a distinct macroscopic and microscopic sub-parallel fracturing are better explained by dynamic deformation in the Azuara\/Rubielos de la C\u00e9rida impact event. Among the different aspects of these deformations [3], we consider spallation a very effective and macroscopically significant process.<\/span><\/p>\n<p align=\"JUSTIFY\"><span style=\"font-family: 'Trebuchet MS', Helvetica, Geneva, Swiss, SunSans-Regular;\">Fig.1 shows typical macroscopic spallation features in cobbles sampled from the Buntsandstein exposures. The samples have sets of distinctly open sub-parallel fractures with a very small spacing. There is no shearing, and the materials are not broken to pieces. An origin from quasi-static tectonic<\/span><\/p>\n<p align=\"JUSTIFY\"><span style=\"font-family: 'Trebuchet MS', Helvetica, Geneva, Swiss, SunSans-Regular;\">deformation is hardly to understand physically. We specially point out the spall fractures (arrows) mirroring the surface of the cobble. For geometrical reasons, this is expected to occur as a result of the reflection of a dynamic pulse at the free surface. In the case of the Buntsandstein cobbles, there was not a free surface in the strict sense but a distinct contrast of shock-wave impedance between the very dense quartzite cobbles and the sandy, porous matrix. Perfect opposite spall craters are shown in Fig.3. We point to the sharp contours of the craters as a result of brittle fractures and exclude any dissolution processes. Spallation on a smaller scale is shown in Fig.3 (thin section) and frequently occurs also on a microscopic scale [3].<\/span><\/p>\n<p align=\"JUSTIFY\"><span style=\"font-family: 'Trebuchet MS', Helvetica, Geneva, Swiss, SunSans-Regular;\"><img loading=\"lazy\" decoding=\"async\" src=\"http:\/\/www.impact-structures.com\/images\/prod102.gif\" alt=\"\" width=\"317\" height=\"388\" \/><br \/>\n<\/span><span style=\"font-family: 'Trebuchet MS', Helvetica, Geneva, Swiss, SunSans-Regular; font-size: x-small;\">Fig.2. Sketch-map showing the location of the Azuara (A) and the Rubielos de la C\u00e9rida (R) impact structures and the investigated Buntsandstein conglomerates.<\/span><\/p>\n<p align=\"JUSTIFY\"><span style=\"font-family: 'Trebuchet MS', Helvetica, Geneva, Swiss, SunSans-Regular;\"><img loading=\"lazy\" decoding=\"async\" src=\"http:\/\/www.impact-structures.com\/images\/image114.gif\" alt=\"\" width=\"370\" height=\"476\" border=\"0\" \/><br \/>\n<\/span><span style=\"font-family: 'Trebuchet MS', Helvetica, Geneva, Swiss, SunSans-Regular; font-size: x-small;\">Fig.3. Photomicrograph (top; field is 6 mm wide) of a detached spall (S) in a Buntsandstein quartzite pebble, and spalls (arrows) in experimentally shocked quartz spheres (bottom, sphere diameter is 14 mm).<\/span><\/p>\n<p align=\"JUSTIFY\"><span style=\"font-family: 'Trebuchet MS', Helvetica, Geneva, Swiss, SunSans-Regular;\">To investigate the conditions of spall-fracture formation in cobbles, we performed shock experiments on quartz spheres at the Fraunhofer Institute for High-Speed Dynamics in Freiburg\/Germany (Fig.3). The impact velocities ranged between 25 and 115 m\/s corresponding to impact initial pressures between about 0.55 and 2.5 GPa. Even at the lowest impact velocity (25 m\/s), we observe clear spall fracturing in the spheres, and at higher impact velocities, up to five spalls were observed to occur in one sphere together with strong deformations described in more detail in [3].<\/span><\/p>\n<p align=\"JUSTIFY\"><span style=\"font-family: 'Trebuchet MS', Helvetica, Geneva, Swiss, SunSans-Regular;\">Conclusions<em>.<\/em>\u00a0&#8211; The Triassic Buntsandstein conglomerates in northeastern Spain display clear and frequent spallation effects resulting from dynamic deformations well known in fracture mechanics. Because of the vicinity of the exposed conglomerates to the Azuara impact structure and the newly suggested Rubielos de la C\u00e9rida companion crater, the spallation is ascribed to shock waves from these impact structures having led to internal accelerations within the conglomerates, multiple collisions of the components, strong reverberations, and, by focussing effects in the spherical bodies, to high compressive and tensile stresses even at very low impact velocities.<\/span><\/p>\n<p align=\"JUSTIFY\"><span style=\"font-family: 'Trebuchet MS', Helvetica, Geneva, Swiss, SunSans-Regular;\">Therefore, spallation features in conglomerates are suggested as a strong macroscopic diagnostic tool to identify nearby impact sites where other signature is weak or absent.<\/span><\/p>\n<p align=\"JUSTIFY\"><span style=\"font-family: 'Trebuchet MS', Helvetica, Geneva, Swiss, SunSans-Regular;\">References. &#8211; [1] Ernstson, K. et al.,\u00a0<em>this workshop<\/em>; [2] Hradil, K. et al.,\u00a0<em>this workshop<\/em>. [3] Ernstson, K. et al., Geology, v. 29, No. 1, pp. 11\u201314.<\/span><\/p>\n<div><span style=\"font-family: 'Trebuchet MS', Helvetica, Geneva, Swiss, SunSans-Regular;\"><br \/>\n<\/span><\/div>\n","protected":false},"excerpt":{"rendered":"<p>SHOCK-INDUCED SPALLATION IN TRIASSIC BUNTSANDSTEIN CONGLOMERATES (SPAIN): AN IMPACT MARKER IN THE VICINITY OF LARGE IMPACTS Kord Ernstson\u00a01, Michael R. Rampino\u00a02, Michael Hiltl\u00a03 1 Fakult\u00e4t f\u00fcr Geowissenschaften, Universit\u00e4t W\u00fcrzburg,\u00a02\u00a0New York University &amp; NASA Goddard Institute for Space Studies,\u00a03\u00a0formerly Lawrence Livermore National Laboratory In fracture mechanics, spallation is a well-known process typically combining compressive and tensile &hellip; <a href=\"http:\/\/estructuras-de-impacto.impact-structures.com\/?page_id=332\" class=\"more-link\">Continuar leyendo<span class=\"screen-reader-text\"> \u00abPoster 4\u00bb<\/span><\/a><\/p>\n","protected":false},"author":1,"featured_media":0,"parent":318,"menu_order":0,"comment_status":"closed","ping_status":"closed","template":"sidebar-page.php","meta":{"footnotes":""},"class_list":["post-332","page","type-page","status-publish","hentry"],"yoast_head":"<!-- This site is optimized with the Yoast SEO plugin v27.3 - https:\/\/yoast.com\/product\/yoast-seo-wordpress\/ -->\n<title>Poster 4 - ERNSTSON CLAUDIN ESTRUCTURAS DE IMPACTO - CR\u00c1TERES METEOR\u00cdTICOS<\/title>\n<meta name=\"robots\" content=\"index, follow, max-snippet:-1, max-image-preview:large, max-video-preview:-1\" \/>\n<link rel=\"canonical\" href=\"http:\/\/estructuras-de-impacto.impact-structures.com\/?page_id=332\" \/>\n<meta property=\"og:locale\" content=\"es_ES\" \/>\n<meta property=\"og:type\" content=\"article\" \/>\n<meta property=\"og:title\" content=\"Poster 4 - ERNSTSON CLAUDIN ESTRUCTURAS DE IMPACTO - CR\u00c1TERES METEOR\u00cdTICOS\" \/>\n<meta property=\"og:description\" content=\"SHOCK-INDUCED SPALLATION IN TRIASSIC BUNTSANDSTEIN CONGLOMERATES (SPAIN): AN IMPACT MARKER IN THE VICINITY OF LARGE IMPACTS Kord Ernstson\u00a01, Michael R. Rampino\u00a02, Michael Hiltl\u00a03 1 Fakult\u00e4t f\u00fcr Geowissenschaften, Universit\u00e4t W\u00fcrzburg,\u00a02\u00a0New York University &amp; NASA Goddard Institute for Space Studies,\u00a03\u00a0formerly Lawrence Livermore National Laboratory In fracture mechanics, spallation is a well-known process typically combining compressive and tensile &hellip; Continuar leyendo &quot;Poster 4&quot;\" \/>\n<meta property=\"og:url\" content=\"http:\/\/estructuras-de-impacto.impact-structures.com\/?page_id=332\" \/>\n<meta property=\"og:site_name\" content=\"ERNSTSON CLAUDIN ESTRUCTURAS DE IMPACTO - CR\u00c1TERES METEOR\u00cdTICOS\" \/>\n<meta property=\"og:image\" content=\"http:\/\/www.impact-structures.com\/imagekl\/kl0132.jpg\" \/>\n<meta name=\"twitter:card\" content=\"summary_large_image\" \/>\n<meta name=\"twitter:label1\" content=\"Tiempo de lectura\" \/>\n\t<meta name=\"twitter:data1\" content=\"4 minutos\" \/>\n<script type=\"application\/ld+json\" class=\"yoast-schema-graph\">{\"@context\":\"https:\\\/\\\/schema.org\",\"@graph\":[{\"@type\":\"WebPage\",\"@id\":\"http:\\\/\\\/estructuras-de-impacto.impact-structures.com\\\/?page_id=332\",\"url\":\"http:\\\/\\\/estructuras-de-impacto.impact-structures.com\\\/?page_id=332\",\"name\":\"Poster 4 - ERNSTSON CLAUDIN ESTRUCTURAS DE IMPACTO - CR\u00c1TERES METEOR\u00cdTICOS\",\"isPartOf\":{\"@id\":\"http:\\\/\\\/estructuras-de-impacto.impact-structures.com\\\/#website\"},\"primaryImageOfPage\":{\"@id\":\"http:\\\/\\\/estructuras-de-impacto.impact-structures.com\\\/?page_id=332#primaryimage\"},\"image\":{\"@id\":\"http:\\\/\\\/estructuras-de-impacto.impact-structures.com\\\/?page_id=332#primaryimage\"},\"thumbnailUrl\":\"http:\\\/\\\/www.impact-structures.com\\\/imagekl\\\/kl0132.jpg\",\"datePublished\":\"2011-12-03T14:05:00+00:00\",\"breadcrumb\":{\"@id\":\"http:\\\/\\\/estructuras-de-impacto.impact-structures.com\\\/?page_id=332#breadcrumb\"},\"inLanguage\":\"es\",\"potentialAction\":[{\"@type\":\"ReadAction\",\"target\":[\"http:\\\/\\\/estructuras-de-impacto.impact-structures.com\\\/?page_id=332\"]}]},{\"@type\":\"ImageObject\",\"inLanguage\":\"es\",\"@id\":\"http:\\\/\\\/estructuras-de-impacto.impact-structures.com\\\/?page_id=332#primaryimage\",\"url\":\"http:\\\/\\\/www.impact-structures.com\\\/imagekl\\\/kl0132.jpg\",\"contentUrl\":\"http:\\\/\\\/www.impact-structures.com\\\/imagekl\\\/kl0132.jpg\"},{\"@type\":\"BreadcrumbList\",\"@id\":\"http:\\\/\\\/estructuras-de-impacto.impact-structures.com\\\/?page_id=332#breadcrumb\",\"itemListElement\":[{\"@type\":\"ListItem\",\"position\":1,\"name\":\"Portada\",\"item\":\"http:\\\/\\\/estructuras-de-impacto.impact-structures.com\\\/\"},{\"@type\":\"ListItem\",\"position\":2,\"name\":\"Las estructuras de impacto en Espa\u00f1a\",\"item\":\"http:\\\/\\\/estructuras-de-impacto.impact-structures.com\\\/?page_id=1404\"},{\"@type\":\"ListItem\",\"position\":3,\"name\":\"6\u00ba IMPACT WORKSHOP (TALLER SOBRE IMPACTOS), Granada (Espa\u00f1a)\",\"item\":\"http:\\\/\\\/estructuras-de-impacto.impact-structures.com\\\/?page_id=318\"},{\"@type\":\"ListItem\",\"position\":4,\"name\":\"Poster 4\"}]},{\"@type\":\"WebSite\",\"@id\":\"http:\\\/\\\/estructuras-de-impacto.impact-structures.com\\\/#website\",\"url\":\"http:\\\/\\\/estructuras-de-impacto.impact-structures.com\\\/\",\"name\":\"ERNSTSON CLAUDIN ESTRUCTURAS DE IMPACTO - CR\u00c1TERES METEOR\u00cdTICOS\",\"description\":\"Investigaci\u00f3n sobre la geolog\u00eda, geof\u00edsica, y petrolog\u00eda\",\"potentialAction\":[{\"@type\":\"SearchAction\",\"target\":{\"@type\":\"EntryPoint\",\"urlTemplate\":\"http:\\\/\\\/estructuras-de-impacto.impact-structures.com\\\/?s={search_term_string}\"},\"query-input\":{\"@type\":\"PropertyValueSpecification\",\"valueRequired\":true,\"valueName\":\"search_term_string\"}}],\"inLanguage\":\"es\"}]}<\/script>\n<!-- \/ Yoast SEO plugin. -->","yoast_head_json":{"title":"Poster 4 - ERNSTSON CLAUDIN ESTRUCTURAS DE IMPACTO - CR\u00c1TERES METEOR\u00cdTICOS","robots":{"index":"index","follow":"follow","max-snippet":"max-snippet:-1","max-image-preview":"max-image-preview:large","max-video-preview":"max-video-preview:-1"},"canonical":"http:\/\/estructuras-de-impacto.impact-structures.com\/?page_id=332","og_locale":"es_ES","og_type":"article","og_title":"Poster 4 - ERNSTSON CLAUDIN ESTRUCTURAS DE IMPACTO - CR\u00c1TERES METEOR\u00cdTICOS","og_description":"SHOCK-INDUCED SPALLATION IN TRIASSIC BUNTSANDSTEIN CONGLOMERATES (SPAIN): AN IMPACT MARKER IN THE VICINITY OF LARGE IMPACTS Kord Ernstson\u00a01, Michael R. Rampino\u00a02, Michael Hiltl\u00a03 1 Fakult\u00e4t f\u00fcr Geowissenschaften, Universit\u00e4t W\u00fcrzburg,\u00a02\u00a0New York University &amp; NASA Goddard Institute for Space Studies,\u00a03\u00a0formerly Lawrence Livermore National Laboratory In fracture mechanics, spallation is a well-known process typically combining compressive and tensile &hellip; Continuar leyendo \"Poster 4\"","og_url":"http:\/\/estructuras-de-impacto.impact-structures.com\/?page_id=332","og_site_name":"ERNSTSON CLAUDIN ESTRUCTURAS DE IMPACTO - CR\u00c1TERES METEOR\u00cdTICOS","og_image":[{"url":"http:\/\/www.impact-structures.com\/imagekl\/kl0132.jpg","type":"","width":"","height":""}],"twitter_card":"summary_large_image","twitter_misc":{"Tiempo de lectura":"4 minutos"},"schema":{"@context":"https:\/\/schema.org","@graph":[{"@type":"WebPage","@id":"http:\/\/estructuras-de-impacto.impact-structures.com\/?page_id=332","url":"http:\/\/estructuras-de-impacto.impact-structures.com\/?page_id=332","name":"Poster 4 - ERNSTSON CLAUDIN ESTRUCTURAS DE IMPACTO - CR\u00c1TERES METEOR\u00cdTICOS","isPartOf":{"@id":"http:\/\/estructuras-de-impacto.impact-structures.com\/#website"},"primaryImageOfPage":{"@id":"http:\/\/estructuras-de-impacto.impact-structures.com\/?page_id=332#primaryimage"},"image":{"@id":"http:\/\/estructuras-de-impacto.impact-structures.com\/?page_id=332#primaryimage"},"thumbnailUrl":"http:\/\/www.impact-structures.com\/imagekl\/kl0132.jpg","datePublished":"2011-12-03T14:05:00+00:00","breadcrumb":{"@id":"http:\/\/estructuras-de-impacto.impact-structures.com\/?page_id=332#breadcrumb"},"inLanguage":"es","potentialAction":[{"@type":"ReadAction","target":["http:\/\/estructuras-de-impacto.impact-structures.com\/?page_id=332"]}]},{"@type":"ImageObject","inLanguage":"es","@id":"http:\/\/estructuras-de-impacto.impact-structures.com\/?page_id=332#primaryimage","url":"http:\/\/www.impact-structures.com\/imagekl\/kl0132.jpg","contentUrl":"http:\/\/www.impact-structures.com\/imagekl\/kl0132.jpg"},{"@type":"BreadcrumbList","@id":"http:\/\/estructuras-de-impacto.impact-structures.com\/?page_id=332#breadcrumb","itemListElement":[{"@type":"ListItem","position":1,"name":"Portada","item":"http:\/\/estructuras-de-impacto.impact-structures.com\/"},{"@type":"ListItem","position":2,"name":"Las estructuras de impacto en Espa\u00f1a","item":"http:\/\/estructuras-de-impacto.impact-structures.com\/?page_id=1404"},{"@type":"ListItem","position":3,"name":"6\u00ba IMPACT WORKSHOP (TALLER SOBRE IMPACTOS), Granada (Espa\u00f1a)","item":"http:\/\/estructuras-de-impacto.impact-structures.com\/?page_id=318"},{"@type":"ListItem","position":4,"name":"Poster 4"}]},{"@type":"WebSite","@id":"http:\/\/estructuras-de-impacto.impact-structures.com\/#website","url":"http:\/\/estructuras-de-impacto.impact-structures.com\/","name":"ERNSTSON CLAUDIN ESTRUCTURAS DE IMPACTO - CR\u00c1TERES METEOR\u00cdTICOS","description":"Investigaci\u00f3n sobre la geolog\u00eda, geof\u00edsica, y petrolog\u00eda","potentialAction":[{"@type":"SearchAction","target":{"@type":"EntryPoint","urlTemplate":"http:\/\/estructuras-de-impacto.impact-structures.com\/?s={search_term_string}"},"query-input":{"@type":"PropertyValueSpecification","valueRequired":true,"valueName":"search_term_string"}}],"inLanguage":"es"}]}},"_links":{"self":[{"href":"http:\/\/estructuras-de-impacto.impact-structures.com\/index.php?rest_route=\/wp\/v2\/pages\/332","targetHints":{"allow":["GET"]}}],"collection":[{"href":"http:\/\/estructuras-de-impacto.impact-structures.com\/index.php?rest_route=\/wp\/v2\/pages"}],"about":[{"href":"http:\/\/estructuras-de-impacto.impact-structures.com\/index.php?rest_route=\/wp\/v2\/types\/page"}],"author":[{"embeddable":true,"href":"http:\/\/estructuras-de-impacto.impact-structures.com\/index.php?rest_route=\/wp\/v2\/users\/1"}],"replies":[{"embeddable":true,"href":"http:\/\/estructuras-de-impacto.impact-structures.com\/index.php?rest_route=%2Fwp%2Fv2%2Fcomments&post=332"}],"version-history":[{"count":0,"href":"http:\/\/estructuras-de-impacto.impact-structures.com\/index.php?rest_route=\/wp\/v2\/pages\/332\/revisions"}],"up":[{"embeddable":true,"href":"http:\/\/estructuras-de-impacto.impact-structures.com\/index.php?rest_route=\/wp\/v2\/pages\/318"}],"wp:attachment":[{"href":"http:\/\/estructuras-de-impacto.impact-structures.com\/index.php?rest_route=%2Fwp%2Fv2%2Fmedia&parent=332"}],"curies":[{"name":"wp","href":"https:\/\/api.w.org\/{rel}","templated":true}]}}