{"id":326,"date":"2011-12-03T14:02:53","date_gmt":"2011-12-03T14:02:53","guid":{"rendered":"http:\/\/cms.impact-structures.com\/?page_id=326"},"modified":"2011-12-03T14:02:53","modified_gmt":"2011-12-03T14:02:53","slug":"striae-polish-imprints-rotated-fractures-and-related-features-from-clasts-in-the-puerto-minguez-impact-ejecta-ne-spain","status":"publish","type":"page","link":"http:\/\/estructuras-de-impacto.impact-structures.com\/?page_id=326","title":{"rendered":"Poster 2"},"content":{"rendered":"<p><strong>STRIAE, POLISH, IMPRINTS, ROTATED FRACTURES, AND RELATED FEATURES FROM CLASTS IN THE PUERTO M\u00cdNGUEZ IMPACT EJECTA (NE SPAIN<\/strong>)<\/p>\n<h2>Ferran Claudin 1, Kord Ernstson 2, Michael R. Rampino 3, Francisco Anguita 4<\/h2>\n<p><span style=\"font-family: 'Trebuchet MS', Helvetica, Geneva, Swiss, SunSans-Regular;\">1 IES Giola,\u00a0<sup>2<\/sup>\u00a0Fakult\u00e4t f\u00fcr Geowissenschaften, Universit\u00e4t W\u00fcrzburg,\u00a0<sup>3<\/sup>\u00a0New York University &amp; NASA Goddard Institute for Space Studies, 4 Departamento de Petrolog\u00eda y Geoqu\u00edmica, Universidad Complutense, Madrid<\/span><\/p>\n<p><span style=\"font-family: 'Trebuchet MS', Helvetica, Geneva, Swiss, SunSans-Regular;\">The Puerto M\u00ednguez (Fig.1) was first described as the location of an \u00abenigmatic\u00bb deposit of Paleozoic quartzite clasts [1]. By road construction meanwhile continuously exposed over 5 km length, the deposit is now considered part of an enormous impact ejecta blanket around the Azuara and Rubielos de la C\u00e9rida twin impact structures [2, 3].<\/span><\/p>\n<p align=\"JUSTIFY\"><span style=\"font-family: 'Trebuchet MS', Helvetica, Geneva, Swiss, SunSans-Regular;\"><img loading=\"lazy\" decoding=\"async\" src=\"http:\/\/www.impact-structures.com\/images\/image102.jpg\" alt=\"\" width=\"370\" height=\"487\" border=\"0\" \/><br \/>\n<\/span><span style=\"font-family: 'Trebuchet MS', Helvetica, Geneva, Swiss, SunSans-Regular; font-size: x-small;\">Fig.1. Location map for the Puerto M\u00ednguez. Encircled are the Azuara and Rubielos de la C\u00e9rida impact structures.<\/span><\/p>\n<p align=\"JUSTIFY\"><span style=\"font-family: 'Trebuchet MS', Helvetica, Geneva, Swiss, SunSans-Regular;\"><img loading=\"lazy\" decoding=\"async\" src=\"http:\/\/www.impact-structures.com\/images\/image103.jpg\" alt=\"\" width=\"393\" height=\"595\" border=\"0\" \/><br \/>\n<\/span><span style=\"font-family: 'Trebuchet MS', Helvetica, Geneva, Swiss, SunSans-Regular; font-size: x-small;\">Fig.2. Typical diamict aspect of the impact ejecta.<\/span><\/p>\n<p align=\"JUSTIFY\"><span style=\"font-family: 'Trebuchet MS', Helvetica, Geneva, Swiss, SunSans-Regular;\">Stratigraphically, the Puerto M\u00ednguez deposits consist of uncemented and frequently intermixed Paleozoic, Mesozoic, and Lower Tertiary material. The mixed cobble and block components show variable morphology (well-rounded, sub-rounded, and angular), and are supported by a sandy and marly matrix. Megablocks with preserved stratification and original characteristics are also intermixed within the deposit.<\/span><\/p>\n<p align=\"JUSTIFY\"><span style=\"font-family: 'Trebuchet MS', Helvetica, Geneva, Swiss, SunSans-Regular;\"><img loading=\"lazy\" decoding=\"async\" src=\"http:\/\/www.impact-structures.com\/images\/prod143.jpg\" alt=\"\" width=\"162\" height=\"129\" border=\"0\" \/><img loading=\"lazy\" decoding=\"async\" src=\"http:\/\/www.impact-structures.com\/images\/prod144.jpg\" alt=\"\" width=\"170\" height=\"128\" border=\"0\" \/><br \/>\n<img loading=\"lazy\" decoding=\"async\" src=\"http:\/\/www.impact-structures.com\/images\/prod145.jpg\" alt=\"\" width=\"160\" height=\"123\" border=\"0\" \/><img loading=\"lazy\" decoding=\"async\" src=\"http:\/\/www.impact-structures.com\/images\/prod146.jpg\" alt=\"\" width=\"167\" height=\"121\" border=\"0\" \/><br \/>\n<\/span><span style=\"font-family: 'Trebuchet MS', Helvetica, Geneva, Swiss, SunSans-Regular; font-size: x-small;\">Fig.3. Mesoscopic deformations in the Puerto M\u00ednguez impact ejecta: Striae, grooves, polish, imprints, and faceted sculpture.<\/span><\/p>\n<p align=\"JUSTIFY\"><span style=\"font-family: 'Trebuchet MS', Helvetica, Geneva, Swiss, SunSans-Regular;\">Most of the pebbles, cobbles and blocks are strongly deformed (Figs.3-5). They show striations all around (including nailhead striae), penetration marks, deep grooves, rotated fractures, and irregular fractures with complex bifurcations. An intense internal torsion of many cobbles and blocks is documented by hinges and rotated fractures (Fig.4). The rotated fractures (first described for the Pelarda Fm. ejecta [4]), may result from pure torsion, or from a superposition of torsion and tension. Fractured components frequently resemble bread cut into slices, but the clasts remain coherent (as do the clasts with the rotated fractures), and are not broken into pieces (Fig.5).<\/span><\/p>\n<p align=\"JUSTIFY\"><span style=\"font-family: 'Trebuchet MS', Helvetica, Geneva, Swiss, SunSans-Regular;\"><img loading=\"lazy\" decoding=\"async\" src=\"http:\/\/www.impact-structures.com\/images\/image105.jpg\" alt=\"\" width=\"320\" height=\"240\" border=\"0\" \/><img loading=\"lazy\" decoding=\"async\" src=\"http:\/\/www.impact-structures.com\/images\/image109.jpg\" alt=\"\" width=\"319\" height=\"241\" border=\"0\" \/><br \/>\n<\/span><span style=\"font-family: 'Trebuchet MS', Helvetica, Geneva, Swiss, SunSans-Regular; font-size: x-small;\">Fig.4. Rotated fractures in clasts from the Puerto M\u00ednguez ejecta.<\/span><\/p>\n<p align=\"JUSTIFY\"><span style=\"font-family: 'Trebuchet MS', Helvetica, Geneva, Swiss, SunSans-Regular;\"><img loading=\"lazy\" decoding=\"async\" src=\"http:\/\/www.impact-structures.com\/images\/image120.jpg\" alt=\"\" width=\"134\" height=\"101\" border=\"0\" \/><img loading=\"lazy\" decoding=\"async\" src=\"http:\/\/www.impact-structures.com\/images\/image111.jpg\" alt=\"\" width=\"129\" height=\"101\" border=\"0\" \/><img loading=\"lazy\" decoding=\"async\" src=\"http:\/\/www.impact-structures.com\/images\/prod147.jpg\" alt=\"\" width=\"130\" height=\"101\" border=\"0\" \/><br \/>\n<\/span><span style=\"font-family: 'Trebuchet MS', Helvetica, Geneva, Swiss, SunSans-Regular; font-size: x-small;\">Fig.5. \u00abBread-cut-to-slices\u00bb features in a clast from the Puerto M\u00ednguez ejecta (left) and from the Ries Crater Bunte Breccia ejecta (Belemnite rostra and carbonate concretion, middle and right).<\/span><\/p>\n<p align=\"JUSTIFY\"><span style=\"font-family: 'Trebuchet MS', Helvetica, Geneva, Swiss, SunSans-Regular;\">Conclusions. &#8211; From the analysis of the lithologic characteristics, surface features, and intense deformations of the components and the matrix of the Puerto Minguez deposits, we conclude that the origin of these features is connected with simultaneous plastic and brittle deformation, acting rapidly, and under high contact pressure between the matrix and larger components. Especially the rotated fractures and the \u00abbread-cut-to-slices features\u00bb are regarded as typical of dynamic, rapid deformation. Deformations as observed at the Puerto M\u00ednguez occur under high confining pressure in an impact event and are observed in other impact ejecta (e.g., the Ries Crater (Fig.5), the Azuara and the Chicxulub impact structures) [4-6, and others]. They are not compatible with an origin from fluvial deposition, quasi-static tectonics, the action of glaciers, or syn-tectonic sedimentation [11].<\/span><\/p>\n<p align=\"JUSTIFY\"><span style=\"font-family: 'Trebuchet MS', Helvetica, Geneva, Swiss, SunSans-Regular;\">The observations and analyses presented here may serve as a strong diagnostic tool for impact-related diamictites.<\/span><\/p>\n<p align=\"JUSTIFY\"><span style=\"font-family: 'Trebuchet MS', Helvetica, Geneva, Swiss, SunSans-Regular;\">References: [1] Moissenet, E.\u00a0<em>et al.<\/em>\u00a0(1972)\u00a0<em>Melanges casa Velazquez<\/em>,\u00a0<strong>8<\/strong>: 1-47; [2] Ernstson, K. et al., 1985, Earth Planet.Sci.Let., 74, 361-370 [3] Ernstson, K. et al., this workshop; [4] Ernstson, K. and Claudin, F., 1990. N.Jb.Geol.Pal\u00e4ont.Mh., 1990, 581-599; [5] Rampino, M.R.\u00a0<em>et al.<\/em>\u00a0(1997)\u00a0<em>Abstracts Conference on Large Meteorite Impacts &amp; Planetary Evolution, Sudbury, Ontario, Canada;<\/em>\u00a0[6] Chao, E.C.T. (1976)\u00a0<em>Science<\/em>,\u00a0<strong>194<\/strong>: 615-618; [7] Casas, R.\u00a0<em>et al.<\/em>\u00a0(2000)\u00a0<em>Geodinamica Acta<\/em>\u00a0, n\u00ba , 1-17.<\/span><\/p>\n","protected":false},"excerpt":{"rendered":"<p>STRIAE, POLISH, IMPRINTS, ROTATED FRACTURES, AND RELATED FEATURES FROM CLASTS IN THE PUERTO M\u00cdNGUEZ IMPACT EJECTA (NE SPAIN) Ferran Claudin 1, Kord Ernstson 2, Michael R. Rampino 3, Francisco Anguita 4 1 IES Giola,\u00a02\u00a0Fakult\u00e4t f\u00fcr Geowissenschaften, Universit\u00e4t W\u00fcrzburg,\u00a03\u00a0New York University &amp; NASA Goddard Institute for Space Studies, 4 Departamento de Petrolog\u00eda y Geoqu\u00edmica, Universidad Complutense, &hellip; <a href=\"http:\/\/estructuras-de-impacto.impact-structures.com\/?page_id=326\" class=\"more-link\">Continuar leyendo<span class=\"screen-reader-text\"> \u00abPoster 2\u00bb<\/span><\/a><\/p>\n","protected":false},"author":1,"featured_media":0,"parent":318,"menu_order":0,"comment_status":"closed","ping_status":"closed","template":"sidebar-page.php","meta":{"footnotes":""},"class_list":["post-326","page","type-page","status-publish","hentry"],"yoast_head":"<!-- This site is optimized with the Yoast SEO plugin v27.3 - https:\/\/yoast.com\/product\/yoast-seo-wordpress\/ -->\n<title>Poster 2 - ERNSTSON CLAUDIN ESTRUCTURAS DE IMPACTO - CR\u00c1TERES METEOR\u00cdTICOS<\/title>\n<meta name=\"robots\" content=\"index, follow, max-snippet:-1, max-image-preview:large, max-video-preview:-1\" \/>\n<link rel=\"canonical\" href=\"http:\/\/estructuras-de-impacto.impact-structures.com\/?page_id=326\" \/>\n<meta property=\"og:locale\" content=\"es_ES\" \/>\n<meta property=\"og:type\" content=\"article\" \/>\n<meta property=\"og:title\" content=\"Poster 2 - ERNSTSON CLAUDIN ESTRUCTURAS DE IMPACTO - CR\u00c1TERES METEOR\u00cdTICOS\" \/>\n<meta property=\"og:description\" content=\"STRIAE, POLISH, IMPRINTS, ROTATED FRACTURES, AND RELATED FEATURES FROM CLASTS IN THE PUERTO M\u00cdNGUEZ IMPACT EJECTA (NE SPAIN) Ferran Claudin 1, Kord Ernstson 2, Michael R. Rampino 3, Francisco Anguita 4 1 IES Giola,\u00a02\u00a0Fakult\u00e4t f\u00fcr Geowissenschaften, Universit\u00e4t W\u00fcrzburg,\u00a03\u00a0New York University &amp; NASA Goddard Institute for Space Studies, 4 Departamento de Petrolog\u00eda y Geoqu\u00edmica, Universidad Complutense, &hellip; Continuar leyendo &quot;Poster 2&quot;\" \/>\n<meta property=\"og:url\" content=\"http:\/\/estructuras-de-impacto.impact-structures.com\/?page_id=326\" \/>\n<meta property=\"og:site_name\" content=\"ERNSTSON CLAUDIN ESTRUCTURAS DE IMPACTO - CR\u00c1TERES METEOR\u00cdTICOS\" \/>\n<meta property=\"og:image\" content=\"http:\/\/www.impact-structures.com\/images\/image102.jpg\" \/>\n<meta name=\"twitter:card\" content=\"summary_large_image\" \/>\n<meta name=\"twitter:label1\" content=\"Tiempo de lectura\" \/>\n\t<meta name=\"twitter:data1\" content=\"3 minutos\" \/>\n<script type=\"application\/ld+json\" class=\"yoast-schema-graph\">{\"@context\":\"https:\\\/\\\/schema.org\",\"@graph\":[{\"@type\":\"WebPage\",\"@id\":\"http:\\\/\\\/estructuras-de-impacto.impact-structures.com\\\/?page_id=326\",\"url\":\"http:\\\/\\\/estructuras-de-impacto.impact-structures.com\\\/?page_id=326\",\"name\":\"Poster 2 - ERNSTSON CLAUDIN ESTRUCTURAS DE IMPACTO - CR\u00c1TERES METEOR\u00cdTICOS\",\"isPartOf\":{\"@id\":\"http:\\\/\\\/estructuras-de-impacto.impact-structures.com\\\/#website\"},\"primaryImageOfPage\":{\"@id\":\"http:\\\/\\\/estructuras-de-impacto.impact-structures.com\\\/?page_id=326#primaryimage\"},\"image\":{\"@id\":\"http:\\\/\\\/estructuras-de-impacto.impact-structures.com\\\/?page_id=326#primaryimage\"},\"thumbnailUrl\":\"http:\\\/\\\/www.impact-structures.com\\\/images\\\/image102.jpg\",\"datePublished\":\"2011-12-03T14:02:53+00:00\",\"breadcrumb\":{\"@id\":\"http:\\\/\\\/estructuras-de-impacto.impact-structures.com\\\/?page_id=326#breadcrumb\"},\"inLanguage\":\"es\",\"potentialAction\":[{\"@type\":\"ReadAction\",\"target\":[\"http:\\\/\\\/estructuras-de-impacto.impact-structures.com\\\/?page_id=326\"]}]},{\"@type\":\"ImageObject\",\"inLanguage\":\"es\",\"@id\":\"http:\\\/\\\/estructuras-de-impacto.impact-structures.com\\\/?page_id=326#primaryimage\",\"url\":\"http:\\\/\\\/www.impact-structures.com\\\/images\\\/image102.jpg\",\"contentUrl\":\"http:\\\/\\\/www.impact-structures.com\\\/images\\\/image102.jpg\"},{\"@type\":\"BreadcrumbList\",\"@id\":\"http:\\\/\\\/estructuras-de-impacto.impact-structures.com\\\/?page_id=326#breadcrumb\",\"itemListElement\":[{\"@type\":\"ListItem\",\"position\":1,\"name\":\"Portada\",\"item\":\"http:\\\/\\\/estructuras-de-impacto.impact-structures.com\\\/\"},{\"@type\":\"ListItem\",\"position\":2,\"name\":\"Las estructuras de impacto en Espa\u00f1a\",\"item\":\"http:\\\/\\\/estructuras-de-impacto.impact-structures.com\\\/?page_id=1404\"},{\"@type\":\"ListItem\",\"position\":3,\"name\":\"6\u00ba IMPACT WORKSHOP (TALLER SOBRE IMPACTOS), Granada (Espa\u00f1a)\",\"item\":\"http:\\\/\\\/estructuras-de-impacto.impact-structures.com\\\/?page_id=318\"},{\"@type\":\"ListItem\",\"position\":4,\"name\":\"Poster 2\"}]},{\"@type\":\"WebSite\",\"@id\":\"http:\\\/\\\/estructuras-de-impacto.impact-structures.com\\\/#website\",\"url\":\"http:\\\/\\\/estructuras-de-impacto.impact-structures.com\\\/\",\"name\":\"ERNSTSON CLAUDIN ESTRUCTURAS DE IMPACTO - CR\u00c1TERES METEOR\u00cdTICOS\",\"description\":\"Investigaci\u00f3n sobre la geolog\u00eda, geof\u00edsica, y petrolog\u00eda\",\"potentialAction\":[{\"@type\":\"SearchAction\",\"target\":{\"@type\":\"EntryPoint\",\"urlTemplate\":\"http:\\\/\\\/estructuras-de-impacto.impact-structures.com\\\/?s={search_term_string}\"},\"query-input\":{\"@type\":\"PropertyValueSpecification\",\"valueRequired\":true,\"valueName\":\"search_term_string\"}}],\"inLanguage\":\"es\"}]}<\/script>\n<!-- \/ Yoast SEO plugin. -->","yoast_head_json":{"title":"Poster 2 - ERNSTSON CLAUDIN ESTRUCTURAS DE IMPACTO - CR\u00c1TERES METEOR\u00cdTICOS","robots":{"index":"index","follow":"follow","max-snippet":"max-snippet:-1","max-image-preview":"max-image-preview:large","max-video-preview":"max-video-preview:-1"},"canonical":"http:\/\/estructuras-de-impacto.impact-structures.com\/?page_id=326","og_locale":"es_ES","og_type":"article","og_title":"Poster 2 - ERNSTSON CLAUDIN ESTRUCTURAS DE IMPACTO - CR\u00c1TERES METEOR\u00cdTICOS","og_description":"STRIAE, POLISH, IMPRINTS, ROTATED FRACTURES, AND RELATED FEATURES FROM CLASTS IN THE PUERTO M\u00cdNGUEZ IMPACT EJECTA (NE SPAIN) Ferran Claudin 1, Kord Ernstson 2, Michael R. Rampino 3, Francisco Anguita 4 1 IES Giola,\u00a02\u00a0Fakult\u00e4t f\u00fcr Geowissenschaften, Universit\u00e4t W\u00fcrzburg,\u00a03\u00a0New York University &amp; NASA Goddard Institute for Space Studies, 4 Departamento de Petrolog\u00eda y Geoqu\u00edmica, Universidad Complutense, &hellip; Continuar leyendo \"Poster 2\"","og_url":"http:\/\/estructuras-de-impacto.impact-structures.com\/?page_id=326","og_site_name":"ERNSTSON CLAUDIN ESTRUCTURAS DE IMPACTO - CR\u00c1TERES METEOR\u00cdTICOS","og_image":[{"url":"http:\/\/www.impact-structures.com\/images\/image102.jpg","type":"","width":"","height":""}],"twitter_card":"summary_large_image","twitter_misc":{"Tiempo de lectura":"3 minutos"},"schema":{"@context":"https:\/\/schema.org","@graph":[{"@type":"WebPage","@id":"http:\/\/estructuras-de-impacto.impact-structures.com\/?page_id=326","url":"http:\/\/estructuras-de-impacto.impact-structures.com\/?page_id=326","name":"Poster 2 - ERNSTSON CLAUDIN ESTRUCTURAS DE IMPACTO - CR\u00c1TERES METEOR\u00cdTICOS","isPartOf":{"@id":"http:\/\/estructuras-de-impacto.impact-structures.com\/#website"},"primaryImageOfPage":{"@id":"http:\/\/estructuras-de-impacto.impact-structures.com\/?page_id=326#primaryimage"},"image":{"@id":"http:\/\/estructuras-de-impacto.impact-structures.com\/?page_id=326#primaryimage"},"thumbnailUrl":"http:\/\/www.impact-structures.com\/images\/image102.jpg","datePublished":"2011-12-03T14:02:53+00:00","breadcrumb":{"@id":"http:\/\/estructuras-de-impacto.impact-structures.com\/?page_id=326#breadcrumb"},"inLanguage":"es","potentialAction":[{"@type":"ReadAction","target":["http:\/\/estructuras-de-impacto.impact-structures.com\/?page_id=326"]}]},{"@type":"ImageObject","inLanguage":"es","@id":"http:\/\/estructuras-de-impacto.impact-structures.com\/?page_id=326#primaryimage","url":"http:\/\/www.impact-structures.com\/images\/image102.jpg","contentUrl":"http:\/\/www.impact-structures.com\/images\/image102.jpg"},{"@type":"BreadcrumbList","@id":"http:\/\/estructuras-de-impacto.impact-structures.com\/?page_id=326#breadcrumb","itemListElement":[{"@type":"ListItem","position":1,"name":"Portada","item":"http:\/\/estructuras-de-impacto.impact-structures.com\/"},{"@type":"ListItem","position":2,"name":"Las estructuras de impacto en Espa\u00f1a","item":"http:\/\/estructuras-de-impacto.impact-structures.com\/?page_id=1404"},{"@type":"ListItem","position":3,"name":"6\u00ba IMPACT WORKSHOP (TALLER SOBRE IMPACTOS), Granada (Espa\u00f1a)","item":"http:\/\/estructuras-de-impacto.impact-structures.com\/?page_id=318"},{"@type":"ListItem","position":4,"name":"Poster 2"}]},{"@type":"WebSite","@id":"http:\/\/estructuras-de-impacto.impact-structures.com\/#website","url":"http:\/\/estructuras-de-impacto.impact-structures.com\/","name":"ERNSTSON CLAUDIN ESTRUCTURAS DE IMPACTO - CR\u00c1TERES METEOR\u00cdTICOS","description":"Investigaci\u00f3n sobre la geolog\u00eda, geof\u00edsica, y petrolog\u00eda","potentialAction":[{"@type":"SearchAction","target":{"@type":"EntryPoint","urlTemplate":"http:\/\/estructuras-de-impacto.impact-structures.com\/?s={search_term_string}"},"query-input":{"@type":"PropertyValueSpecification","valueRequired":true,"valueName":"search_term_string"}}],"inLanguage":"es"}]}},"_links":{"self":[{"href":"http:\/\/estructuras-de-impacto.impact-structures.com\/index.php?rest_route=\/wp\/v2\/pages\/326","targetHints":{"allow":["GET"]}}],"collection":[{"href":"http:\/\/estructuras-de-impacto.impact-structures.com\/index.php?rest_route=\/wp\/v2\/pages"}],"about":[{"href":"http:\/\/estructuras-de-impacto.impact-structures.com\/index.php?rest_route=\/wp\/v2\/types\/page"}],"author":[{"embeddable":true,"href":"http:\/\/estructuras-de-impacto.impact-structures.com\/index.php?rest_route=\/wp\/v2\/users\/1"}],"replies":[{"embeddable":true,"href":"http:\/\/estructuras-de-impacto.impact-structures.com\/index.php?rest_route=%2Fwp%2Fv2%2Fcomments&post=326"}],"version-history":[{"count":0,"href":"http:\/\/estructuras-de-impacto.impact-structures.com\/index.php?rest_route=\/wp\/v2\/pages\/326\/revisions"}],"up":[{"embeddable":true,"href":"http:\/\/estructuras-de-impacto.impact-structures.com\/index.php?rest_route=\/wp\/v2\/pages\/318"}],"wp:attachment":[{"href":"http:\/\/estructuras-de-impacto.impact-structures.com\/index.php?rest_route=%2Fwp%2Fv2%2Fmedia&parent=326"}],"curies":[{"name":"wp","href":"https:\/\/api.w.org\/{rel}","templated":true}]}}