{"id":318,"date":"2011-12-03T13:59:40","date_gmt":"2011-12-03T13:59:40","guid":{"rendered":"http:\/\/cms.impact-structures.com\/?page_id=318"},"modified":"2012-03-05T19:21:02","modified_gmt":"2012-03-05T19:21:02","slug":"6th-impact-workshop-granada-spain","status":"publish","type":"page","link":"http:\/\/estructuras-de-impacto.impact-structures.com\/?page_id=318","title":{"rendered":"6\u00ba IMPACT WORKSHOP (TALLER SOBRE IMPACTOS), Granada (Espa\u00f1a)"},"content":{"rendered":"<h3 style=\"text-align: left;\" align=\"CENTER\"><span class=\"Apple-style-span\" style=\"font-size: 15px; letter-spacing: normal; line-height: 24px; text-transform: none;\">El 6\u00ba IMPACT workshop sobre \u00bb Marcadores de impacto en el registro estratigr\u00e1fico\u00bb tuvo lugar en Granada del 19 al 25 de Mayo del 2001. En \u00e9l fueron presentados bastantes art\u00edculos que cubr\u00edan el campo completo de la investigaci\u00f3n sobre impactos, as\u00ed como contribuciones orales y posters. Cuatro posters elaborados por F Anguita, F. Claudin, K. Ernstson, T. Ernstson, M. Hiltl, K. Hradil, M. Rampino, y U. Sch\u00fcsssler en los que intervenian como coautores, fueron presentados para cubrir las estructuras de impacto de Azuara y Rubielos de la C\u00e9rida. Estos posters pueden ser cliqueados debajo.<\/span><\/h3>\n<h3 style=\"text-align: left;\" align=\"CENTER\"><strong><span style=\"font-family: 'Trebuchet MS', Helvetica, Geneva, Swiss, SunSans-Regular;\">SILICATE, PHOSPHATE AND CARBONATE MELTS AS INDICATORS FOR AN IMPACT-RELATED HIGH-TEMPERATURE INFLUENCE ON SEDIMENTARY ROCKS OF THE RUBIELOS DE LA C\u00c9RIDA STRUCTURE, SPAIN<\/span><\/strong><\/h3>\n<pre><span style=\"font-family: 'Trebuchet MS', Helvetica, Geneva, Swiss, SunSans-Regular;\">Klaudia Hradil, Ulrich Sch\u00fcssler, Kord Ernstson <\/span><\/pre>\n<h3><strong><span style=\"font-family: 'Trebuchet MS', Helvetica, Geneva, Swiss, SunSans-Regular;\">POSTER<\/span><\/strong><a href=\"\/impact-spain\/6th-impact-workshop-granada-spain\/posters\/silicate-phosphate-and-carbonate-melts-as-indicators-for-an-impact-related-high-temperature-influence-on-sedimentary-rocks-of-the-rubielos-de-la-cerida-structure-spain\/\" target=\"_blank\"><span class=\"Apple-style-span\" style=\"font-size: 15px; letter-spacing: normal; line-height: 24px; text-transform: none;\">\u00a0<\/span><\/a><\/h3>\n<p>*********************************************************************************************<\/p>\n<p><span style=\"font-size: small;\"><span style=\"font-family: 'Trebuchet MS', Helvetica, Geneva, Swiss, SunSans-Regular; font-size: small;\">STRIAE, POLISH, IMPRINTS, ROTATED FRACTURES, AND RELATED FEATURES FROM CLASTS IN THE PUERTO MINGUEZ IMPACT EJECTA (NE SPAIN)<\/span><\/span><\/p>\n<pre><span class=\"Apple-style-span\" style=\"font-family: 'Trebuchet MS', Helvetica, Geneva, Swiss, SunSans-Regular; line-height: 21px; white-space: pre; font-size: small; font-weight: normal;\">Ferran Claudin, Kord Ernstson, Michael R. Rampino, and Francisco Anguita<\/span><\/pre>\n<h3><strong><a href=\"\/impact-spain\/6th-impact-workshop-granada-spain\/posters\/striae-polish-imprints-rotated-fractures-and-related-features-from-clasts-in-the-puerto-minguez-impact-ejecta-ne-spain\/\" target=\"_blank\">\u00a0<\/a>POSTER\u00a0\u00a0<a href=\"http:\/\/impacto.impact-structures.com\/wp-content\/uploads\/2011\/12\/striae-polish1.pdf\">striae polish<\/a>\u00a0\u2026.<\/strong><\/h3>\n<p>**************************************************************************************************<\/p>\n<p><span class=\"Apple-style-span\" style=\"font-family: 'Trebuchet MS', Helvetica, Geneva, Swiss, SunSans-Regular; letter-spacing: 1px; text-transform: uppercase;\">IMPACT MELT ROCKS, SHOCK METAMORPHISM, AND STRUCTURAL FEATURES IN THE RUBIELOS DE LA C\u00c9RIDA STRUCTURE, SPAIN: EVIDENCE OF A COMPANION TO THE AZUARA IMPACT STRUCTURE<\/span><\/p>\n<pre><span style=\"font-family: 'Trebuchet MS', Helvetica, Geneva, Swiss, SunSans-Regular;\">Kord Ernstson, Ferran Claudin, Ulrich Sch\u00fcssler, Francisco Anguita, and Till Ernstson<\/span><\/pre>\n<h3><strong><a href=\"\/impact-spain\/6th-impact-workshop-granada-spain\/posters\/impact-melt-rocks-shock-metamorphism-and-structural-features-in-the-rubielos-de-la-cerida-structure-spain-evidence-of-a-companion-to-the-azuara-impact-structure\/\" target=\"_blank\">\u00a0<\/a>POSTER\u00a0<a href=\"http:\/\/impacto.impact-structures.com\/wp-content\/uploads\/2011\/12\/Impact-melt-rocks.pdf\">Impact melt rocks<\/a>\u00a0\u2026.<\/strong><\/h3>\n<p>*******************************************************************************************************<\/p>\n<p><span class=\"Apple-style-span\" style=\"font-family: 'Trebuchet MS', Helvetica, Geneva, Swiss, SunSans-Regular; letter-spacing: 1px; line-height: 21px; text-transform: uppercase; font-size: small;\">SHOCK-INDUCED SPALLATION IN TRIASSIC BUNTSANDSTEIN CONGLOMERATES (SPAIN): AN IMPACT MARKER IN THE VICINITY OF LARGE IMPACTS<\/span><\/p>\n<div align=\"justify\"><span style=\"font-family: 'Trebuchet MS', Helvetica, Geneva, Swiss, SunSans-Regular; font-size: small;\">Kord Ernstson, Michael R. Rampino, and Michael Hiltl<\/span><\/div>\n<h3><strong>POSTER\u00a0<a href=\"http:\/\/impacto.impact-structures.com\/wp-content\/uploads\/2011\/12\/Shock-induced-spallation.pdf\">Shock-induced spallation<\/a>\u00a0&#8230;<\/strong><\/h3>\n","protected":false},"excerpt":{"rendered":"<p>El 6\u00ba IMPACT workshop sobre \u00bb Marcadores de impacto en el registro estratigr\u00e1fico\u00bb tuvo lugar en Granada del 19 al 25 de Mayo del 2001. En \u00e9l fueron presentados bastantes art\u00edculos que cubr\u00edan el campo completo de la investigaci\u00f3n sobre impactos, as\u00ed como contribuciones orales y posters. Cuatro posters elaborados por F Anguita, F. Claudin, &hellip; <a href=\"http:\/\/estructuras-de-impacto.impact-structures.com\/?page_id=318\" class=\"more-link\">Continuar leyendo<span class=\"screen-reader-text\"> \u00ab6\u00ba IMPACT WORKSHOP (TALLER SOBRE IMPACTOS), Granada (Espa\u00f1a)\u00bb<\/span><\/a><\/p>\n","protected":false},"author":1,"featured_media":0,"parent":1404,"menu_order":0,"comment_status":"closed","ping_status":"closed","template":"sidebar-page.php","meta":{"footnotes":""},"class_list":["post-318","page","type-page","status-publish","hentry"],"yoast_head":"<!-- This site is optimized with the Yoast SEO plugin v27.3 - https:\/\/yoast.com\/product\/yoast-seo-wordpress\/ -->\n<title>6\u00ba IMPACT WORKSHOP (TALLER SOBRE IMPACTOS), Granada (Espa\u00f1a)  - ERNSTSON CLAUDIN ESTRUCTURAS DE IMPACTO - CR\u00c1TERES METEOR\u00cdTICOS<\/title>\n<meta name=\"robots\" content=\"index, follow, max-snippet:-1, max-image-preview:large, max-video-preview:-1\" \/>\n<link rel=\"canonical\" href=\"http:\/\/estructuras-de-impacto.impact-structures.com\/?page_id=318\" \/>\n<meta property=\"og:locale\" content=\"es_ES\" \/>\n<meta property=\"og:type\" content=\"article\" \/>\n<meta property=\"og:title\" content=\"6\u00ba IMPACT WORKSHOP (TALLER SOBRE IMPACTOS), Granada (Espa\u00f1a)  - ERNSTSON CLAUDIN ESTRUCTURAS DE IMPACTO - CR\u00c1TERES METEOR\u00cdTICOS\" \/>\n<meta property=\"og:description\" content=\"El 6\u00ba IMPACT workshop sobre \u00bb Marcadores de impacto en el registro estratigr\u00e1fico\u00bb tuvo lugar en Granada del 19 al 25 de Mayo del 2001. En \u00e9l fueron presentados bastantes art\u00edculos que cubr\u00edan el campo completo de la investigaci\u00f3n sobre impactos, as\u00ed como contribuciones orales y posters. Cuatro posters elaborados por F Anguita, F. Claudin, &hellip; Continuar leyendo &quot;6\u00ba IMPACT WORKSHOP (TALLER SOBRE IMPACTOS), Granada (Espa\u00f1a)&quot;\" \/>\n<meta property=\"og:url\" content=\"http:\/\/estructuras-de-impacto.impact-structures.com\/?page_id=318\" \/>\n<meta property=\"og:site_name\" content=\"ERNSTSON CLAUDIN ESTRUCTURAS DE IMPACTO - CR\u00c1TERES METEOR\u00cdTICOS\" \/>\n<meta property=\"article:modified_time\" content=\"2012-03-05T19:21:02+00:00\" \/>\n<meta name=\"twitter:card\" content=\"summary_large_image\" \/>\n<meta name=\"twitter:label1\" content=\"Tiempo de lectura\" \/>\n\t<meta name=\"twitter:data1\" content=\"1 minuto\" \/>\n<script type=\"application\/ld+json\" class=\"yoast-schema-graph\">{\"@context\":\"https:\\\/\\\/schema.org\",\"@graph\":[{\"@type\":\"WebPage\",\"@id\":\"http:\\\/\\\/estructuras-de-impacto.impact-structures.com\\\/?page_id=318\",\"url\":\"http:\\\/\\\/estructuras-de-impacto.impact-structures.com\\\/?page_id=318\",\"name\":\"6\u00ba IMPACT WORKSHOP (TALLER SOBRE IMPACTOS), Granada (Espa\u00f1a) - ERNSTSON CLAUDIN ESTRUCTURAS DE IMPACTO - CR\u00c1TERES METEOR\u00cdTICOS\",\"isPartOf\":{\"@id\":\"http:\\\/\\\/estructuras-de-impacto.impact-structures.com\\\/#website\"},\"datePublished\":\"2011-12-03T13:59:40+00:00\",\"dateModified\":\"2012-03-05T19:21:02+00:00\",\"breadcrumb\":{\"@id\":\"http:\\\/\\\/estructuras-de-impacto.impact-structures.com\\\/?page_id=318#breadcrumb\"},\"inLanguage\":\"es\",\"potentialAction\":[{\"@type\":\"ReadAction\",\"target\":[\"http:\\\/\\\/estructuras-de-impacto.impact-structures.com\\\/?page_id=318\"]}]},{\"@type\":\"BreadcrumbList\",\"@id\":\"http:\\\/\\\/estructuras-de-impacto.impact-structures.com\\\/?page_id=318#breadcrumb\",\"itemListElement\":[{\"@type\":\"ListItem\",\"position\":1,\"name\":\"Portada\",\"item\":\"http:\\\/\\\/estructuras-de-impacto.impact-structures.com\\\/\"},{\"@type\":\"ListItem\",\"position\":2,\"name\":\"Las estructuras de impacto en Espa\u00f1a\",\"item\":\"http:\\\/\\\/estructuras-de-impacto.impact-structures.com\\\/?page_id=1404\"},{\"@type\":\"ListItem\",\"position\":3,\"name\":\"6\u00ba IMPACT WORKSHOP (TALLER SOBRE IMPACTOS), Granada (Espa\u00f1a)\"}]},{\"@type\":\"WebSite\",\"@id\":\"http:\\\/\\\/estructuras-de-impacto.impact-structures.com\\\/#website\",\"url\":\"http:\\\/\\\/estructuras-de-impacto.impact-structures.com\\\/\",\"name\":\"ERNSTSON CLAUDIN ESTRUCTURAS DE IMPACTO - CR\u00c1TERES METEOR\u00cdTICOS\",\"description\":\"Investigaci\u00f3n sobre la geolog\u00eda, geof\u00edsica, y petrolog\u00eda\",\"potentialAction\":[{\"@type\":\"SearchAction\",\"target\":{\"@type\":\"EntryPoint\",\"urlTemplate\":\"http:\\\/\\\/estructuras-de-impacto.impact-structures.com\\\/?s={search_term_string}\"},\"query-input\":{\"@type\":\"PropertyValueSpecification\",\"valueRequired\":true,\"valueName\":\"search_term_string\"}}],\"inLanguage\":\"es\"}]}<\/script>\n<!-- \/ Yoast SEO plugin. -->","yoast_head_json":{"title":"6\u00ba IMPACT WORKSHOP (TALLER SOBRE IMPACTOS), Granada (Espa\u00f1a)  - ERNSTSON CLAUDIN ESTRUCTURAS DE IMPACTO - CR\u00c1TERES METEOR\u00cdTICOS","robots":{"index":"index","follow":"follow","max-snippet":"max-snippet:-1","max-image-preview":"max-image-preview:large","max-video-preview":"max-video-preview:-1"},"canonical":"http:\/\/estructuras-de-impacto.impact-structures.com\/?page_id=318","og_locale":"es_ES","og_type":"article","og_title":"6\u00ba IMPACT WORKSHOP (TALLER SOBRE IMPACTOS), Granada (Espa\u00f1a)  - ERNSTSON CLAUDIN ESTRUCTURAS DE IMPACTO - CR\u00c1TERES METEOR\u00cdTICOS","og_description":"El 6\u00ba IMPACT workshop sobre \u00bb Marcadores de impacto en el registro estratigr\u00e1fico\u00bb tuvo lugar en Granada del 19 al 25 de Mayo del 2001. En \u00e9l fueron presentados bastantes art\u00edculos que cubr\u00edan el campo completo de la investigaci\u00f3n sobre impactos, as\u00ed como contribuciones orales y posters. Cuatro posters elaborados por F Anguita, F. Claudin, &hellip; Continuar leyendo \"6\u00ba IMPACT WORKSHOP (TALLER SOBRE IMPACTOS), Granada (Espa\u00f1a)\"","og_url":"http:\/\/estructuras-de-impacto.impact-structures.com\/?page_id=318","og_site_name":"ERNSTSON CLAUDIN ESTRUCTURAS DE IMPACTO - CR\u00c1TERES METEOR\u00cdTICOS","article_modified_time":"2012-03-05T19:21:02+00:00","twitter_card":"summary_large_image","twitter_misc":{"Tiempo de lectura":"1 minuto"},"schema":{"@context":"https:\/\/schema.org","@graph":[{"@type":"WebPage","@id":"http:\/\/estructuras-de-impacto.impact-structures.com\/?page_id=318","url":"http:\/\/estructuras-de-impacto.impact-structures.com\/?page_id=318","name":"6\u00ba IMPACT WORKSHOP (TALLER SOBRE IMPACTOS), Granada (Espa\u00f1a) - ERNSTSON CLAUDIN ESTRUCTURAS DE IMPACTO - CR\u00c1TERES METEOR\u00cdTICOS","isPartOf":{"@id":"http:\/\/estructuras-de-impacto.impact-structures.com\/#website"},"datePublished":"2011-12-03T13:59:40+00:00","dateModified":"2012-03-05T19:21:02+00:00","breadcrumb":{"@id":"http:\/\/estructuras-de-impacto.impact-structures.com\/?page_id=318#breadcrumb"},"inLanguage":"es","potentialAction":[{"@type":"ReadAction","target":["http:\/\/estructuras-de-impacto.impact-structures.com\/?page_id=318"]}]},{"@type":"BreadcrumbList","@id":"http:\/\/estructuras-de-impacto.impact-structures.com\/?page_id=318#breadcrumb","itemListElement":[{"@type":"ListItem","position":1,"name":"Portada","item":"http:\/\/estructuras-de-impacto.impact-structures.com\/"},{"@type":"ListItem","position":2,"name":"Las estructuras de impacto en Espa\u00f1a","item":"http:\/\/estructuras-de-impacto.impact-structures.com\/?page_id=1404"},{"@type":"ListItem","position":3,"name":"6\u00ba IMPACT WORKSHOP (TALLER SOBRE IMPACTOS), Granada (Espa\u00f1a)"}]},{"@type":"WebSite","@id":"http:\/\/estructuras-de-impacto.impact-structures.com\/#website","url":"http:\/\/estructuras-de-impacto.impact-structures.com\/","name":"ERNSTSON CLAUDIN ESTRUCTURAS DE IMPACTO - CR\u00c1TERES METEOR\u00cdTICOS","description":"Investigaci\u00f3n sobre la geolog\u00eda, geof\u00edsica, y petrolog\u00eda","potentialAction":[{"@type":"SearchAction","target":{"@type":"EntryPoint","urlTemplate":"http:\/\/estructuras-de-impacto.impact-structures.com\/?s={search_term_string}"},"query-input":{"@type":"PropertyValueSpecification","valueRequired":true,"valueName":"search_term_string"}}],"inLanguage":"es"}]}},"_links":{"self":[{"href":"http:\/\/estructuras-de-impacto.impact-structures.com\/index.php?rest_route=\/wp\/v2\/pages\/318","targetHints":{"allow":["GET"]}}],"collection":[{"href":"http:\/\/estructuras-de-impacto.impact-structures.com\/index.php?rest_route=\/wp\/v2\/pages"}],"about":[{"href":"http:\/\/estructuras-de-impacto.impact-structures.com\/index.php?rest_route=\/wp\/v2\/types\/page"}],"author":[{"embeddable":true,"href":"http:\/\/estructuras-de-impacto.impact-structures.com\/index.php?rest_route=\/wp\/v2\/users\/1"}],"replies":[{"embeddable":true,"href":"http:\/\/estructuras-de-impacto.impact-structures.com\/index.php?rest_route=%2Fwp%2Fv2%2Fcomments&post=318"}],"version-history":[{"count":0,"href":"http:\/\/estructuras-de-impacto.impact-structures.com\/index.php?rest_route=\/wp\/v2\/pages\/318\/revisions"}],"up":[{"embeddable":true,"href":"http:\/\/estructuras-de-impacto.impact-structures.com\/index.php?rest_route=\/wp\/v2\/pages\/1404"}],"wp:attachment":[{"href":"http:\/\/estructuras-de-impacto.impact-structures.com\/index.php?rest_route=%2Fwp%2Fv2%2Fmedia&parent=318"}],"curies":[{"name":"wp","href":"https:\/\/api.w.org\/{rel}","templated":true}]}}