{"id":316,"date":"2011-12-03T13:58:58","date_gmt":"2011-12-03T13:58:58","guid":{"rendered":"http:\/\/cms.impact-structures.com\/?page_id=316"},"modified":"2012-03-05T17:03:41","modified_gmt":"2012-03-05T17:03:41","slug":"the-subparallel-fracturing","status":"publish","type":"page","link":"http:\/\/estructuras-de-impacto.impact-structures.com\/?page_id=316","title":{"rendered":"La fracturaci\u00f3n subparalela"},"content":{"rendered":"<p>La fracturaci\u00f3n macrosc\u00f3pica y microsc\u00f3pica subparalela hasta ahora descrita en otros cap\u00edtulos, es una caracter\u00edstica que acompa\u00f1a de manera regular a los cantos en los conglomerados del Buntsandstein afectados por marcas en hoyo y con cr\u00e1teres. Se asume que ambas caracter\u00edsticas est\u00e1n relacionadas la una con la otra tal y como han confirmado los experimentos por choque (ver experimentos de impacto sobre conglomerados sint\u00e9ticos)<\/p>\n<p>En un afloramiento, la direcci\u00f3n de la fracturaci\u00f3n es m\u00e1s o menos homog\u00e9nea, pero no hay una tendencia regional. Las direcciones de fracturaci\u00f3n en afloramientos separados tan solo por unos pocos cientos de metros pueden diferir significativamente (ver tambi\u00e9n debajo). En algunos afloramientos, se observa un segundo conjunto subordinado y aproximadamente normal al principal conjunto. A pesar de su general consistencia en la direcci\u00f3n, las fracturas no tienen el car\u00e1cter de diaclasas sistem\u00e1ticas. Son por lo general irregulares, curvadas y bifurcadas. El espaciado es del orden de mil\u00edmetros y parece ser independiente del tama\u00f1o del canto. Las fracturas se han formado por extensi\u00f3n y, por tanto, son de tipo distensivo. Los desplazamientos paralelos a la fractura son extremadamente raros y solo se presentan de un modo obvio en las fallas. Incluso las superficies de los cantos fuertemente fracturados son remarcablemente lisas.<\/p>\n<h2 align=\"left\"><span style=\"font-family: 'Trebuchet MS', Helvetica, Geneva, Swiss, SunSans-Regular;\">Origen de la fracturaci\u00f3n subparalela<\/span><\/h2>\n<h3 align=\"left\"><span style=\"font-family: 'Trebuchet MS', Helvetica, Geneva, Swiss, SunSans-Regular;\">Hip\u00f3tesis de un origen tect\u00f3nico<\/span><\/h3>\n<p>Tradicionalmente, la fracturaci\u00f3n tensional subparalela y densamente espaciada de los cantos podr\u00eda interpretarse tect\u00f3nicamente como desarrollada paralelamente al esfuerzo compresivo mayor. De hecho, tales conglomerados deformados son raramente observados, lo cual se explica por el preferencial esfuerzo de cizalla y desplazamientos entre los componentes.<\/p>\n<p>En un estudio de conglomerados sitos en California e Israel, Eidelman &amp; Reches (1992) muestran que las fracturas tensionales subparalelas en cantos pobremente cementados se pueden desarrollar bien, incluso en un estadio de esfuerzo compresivo, y de esta manera ser excelentes indicadores de esfuerzos tect\u00f3nicos regionales.<\/p>\n<p>B\u00e1sicamente, la fracturaci\u00f3n subparalela de los conglomerados del Buntsandstein tiene un punto en com\u00fan con los conglomerados estudiados por Eidelman &amp; Reches (1992). Las mayores diferencias son el espaciado de las (macro)-fracturas el cual es uno o dos ordenes de magnitud menor que en los cantos de Buntsandstein, el car\u00e1cter no sistem\u00e1tico de las diaclasas tensionales principales, y la direcci\u00f3n regional no existente. Estas diferencias y las observaciones de secciones delgadas de m\u00faltiples conjuntos de microfracturas decoradas sugieren un origen diferente que el producido por un esfuerzo tect\u00f3nico convencional<\/p>\n<h3 align=\"left\"><strong><span style=\"font-family: 'Trebuchet MS', Helvetica, Geneva, Swiss, SunSans-Regular;\">Fracturaci\u00f3n subparalela en estructuras de impacto y explosiones nucleares<br \/>\n<\/span><\/strong><\/h3>\n<div>\n<p>Fracturaci\u00f3n subparalela tanto macrosc\u00f3pica como microsc\u00f3pica ha sido citada en algunas estructuras de impacto terrestres, sin \u2013 no obstante \u2013 ning\u00fan modelo de formaci\u00f3n. Nos referiremos en primer lugar al art\u00edculo de Albar &amp; Mayer (1989) sobre sistemas conjugados de superficies-s densamente espaciadas en la estructura de impacto de Vredefort obviamente relacionados con conos astillados. Un corto estudio realizado por Reiff (1979) sobre \u201e fracturas subparalelas originadas por shock\u201e en la estructura de impacto de Steinheim basin tambi\u00e9n relaciona la fracturaci\u00f3n con la formaci\u00f3n de conos astillados. En la opini\u00f3n de Reiff, la fracturaci\u00f3n subparalela esta orientada paralelamente a los ejes de los conos astillados y de este modo podr\u00eda haberse originado por ondas de choque compresivas.<\/p>\n<\/div>\n<div>\n<p>Un \u201eclivaje astillado\u201e en una arenisca procedente de la estructura de impacto de Gosses Bluff muy similar a las estructuras mencionadas con anterioridad para la estructura de Vredefort es mostrado en un art\u00edculo por Milton (1977). El clivaje macrosc\u00f3pico en el cuarzo de Saint-Paul-la-Roche cerca de la estructura de impacto de Rochechuart ha sido propuesto (Kraut 1969) tambi\u00e9n como el posible resultado del impacto. En la estructura de impacto de Azuara, observamos fracturaci\u00f3n subparalela densamente espaciada que se presenta en las margas del Malm (margas negras).<\/p>\n<p>Fracturas intergranulares microsc\u00f3picas subparalelas han sido citadas para, p.e., el cr\u00e1ter Deep Bay (Robertson et al. 1968) y para la estructura de impacto de Ries (Chao 1977). De acuerdo con Chao, los conjuntos principales de fracturas intergranulares subparalelas estan relacionadas espacialmente con el esfuerzo aplicado y, en el caso del impacto de Ries, son radiales o conc\u00e9ntricos al punto de impacto. Microfracturas subparalelas intergranulares han sido tambi\u00e9n citadas en las granodioritas chocadas en el experimento nuclear de Harthat (Short 1968).<\/p>\n<h3 align=\"left\"><strong>Modelo de fracturaci\u00f3n de cantos inducido por choque<\/strong><\/h3>\n<p><span style=\"font-family: 'Trebuchet MS', Helvetica, Geneva, Swiss, SunSans-Regular;\">La fracturaci\u00f3n subparalela conocida a partir de diversas estructuras de impacto y observada en las capas conglomer\u00e1ticas del Buntsandstein sugiere que la \u00faltima no tiene un origen tect\u00f3nico sino que se ha formado en el mismo evento de choque as\u00ed como la craterizaci\u00f3n de los cantos. Repetimos los rasgos m\u00e1s compatibles con una deformaci\u00f3n din\u00e1mica que con un esfuerzo regional, los cuales son el car\u00e1cter no sistem\u00e1tico de las diaclasas tensionales, la tendencia no regional de su direcci\u00f3n, las superficies extremadamente lisas de los cantos fracturados incluso en el caso que est\u00e9n densamente comprimidos, y los m\u00faltiples conjuntos de microfracturas subparalelas decoradas con inclusiones fluidas, las cuales fueron atrapadas a elevadas temperaturas.<\/span><\/p>\n<p><span style=\"font-family: 'Trebuchet MS', Helvetica, Geneva, Swiss, SunSans-Regular;\">En la imagen de debajo, se ha trazado el resultado de la investigaci\u00f3n realizada en el campo sobre las direcciones de ruptura de los conjuntos de diaclasas densamente espaciados en los conglomerados del Buntsandstein localizados al oeste, suroeste y este de la estructura de impacto de Rubielos de la C\u00e9rida. El trazado confirma la ausencia de una direcci\u00f3n regional general, y la direcci\u00f3n puede considerarse como aproximadamente tangencial y radial con respecto al borde de la estructura de Rubielos de la C\u00e9rida. Este modelo recuerda la afirmaci\u00f3n (Chao 1977; ver arriba) que la microfracturaci\u00f3n en las rocas de la estructura de impacto de Ries esta espacialmente relacionada con el punto de impacto y que direcciones de ruptura tangenciales y radiales pueden ser observadas. Adem\u00e1s, en\u00a0<a href=\"http:\/\/www.estructuras-de-impacto.impact-structures.com\/spain\/shocked\/experiments.htm\">los experimentos de choque<\/a>\u00a0sobre esferas de cuarzo, conjuntos de fracturas especialmente paralelas y perpendiculares a la trayectoria de impacto se desarrollaron.<\/span><\/p>\n<p><span style=\"font-family: 'Trebuchet MS', Helvetica, Geneva, Swiss, SunSans-Regular;\">A\u00f1adimos que en la imagen de debajo, hemos trazado los conjuntos de fracturas macrosc\u00f3picas dominantes \u00fanicamente y que un sistem\u00e1tico an\u00e1lisis de la relaci\u00f3n entre este conjunto y un conjunto perpendicular a veces desarrollado (ver arriba) queda por realizar<\/span><\/p>\n<\/div>\n<p><span class=\"Apple-style-span\" style=\"font-family: 'Helvetica Neue', Helvetica, Arial, 'Nimbus Sans L', sans-serif;\"><img loading=\"lazy\" decoding=\"async\" src=\"http:\/\/www.impact-structures.com\/images\/prod1032.gif\" alt=\"\" width=\"473\" height=\"384\" \/><span class=\"Apple-style-span\" style=\"font-family: 'Helvetica Neue', Helvetica, Arial, sans-serif;\">\u00a0<\/span><\/span><\/p>\n<p>Direcci\u00f3n de la orientaci\u00f3n de la fracturaci\u00f3n macrosc\u00f3pica subparalela en los cantos de cuarcita presentes en los conglomerados del Buntsandstein.<\/p>\n<p>Resumiendo, sugerimos que la peculiar macro- y microfracturaci\u00f3n de los cantos procedentes de los conglomerados basales del Buntsandstein esta relacionada con las estructuras de impacto de Azuara y especialmente de la de Rubielos de la C\u00e9rida. Las ondas de choque y las de rarefacci\u00f3n procedentes del objetivo impactado alrededor del actual pueblo de Rubielos de la C\u00e9rida fueron las responsables del da\u00f1o causado a los cantos bajo la forma de fracturaci\u00f3n subparalela. Este modelo din\u00e1mico explica la mayor\u00eda de las observaciones presentadas aqu\u00ed de una manera mucho mejor que un modelo tect\u00f3nico.<\/p>\n","protected":false},"excerpt":{"rendered":"<p>La fracturaci\u00f3n macrosc\u00f3pica y microsc\u00f3pica subparalela hasta ahora descrita en otros cap\u00edtulos, es una caracter\u00edstica que acompa\u00f1a de manera regular a los cantos en los conglomerados del Buntsandstein afectados por marcas en hoyo y con cr\u00e1teres. Se asume que ambas caracter\u00edsticas est\u00e1n relacionadas la una con la otra tal y como han confirmado los experimentos &hellip; <a href=\"http:\/\/estructuras-de-impacto.impact-structures.com\/?page_id=316\" class=\"more-link\">Continuar leyendo<span class=\"screen-reader-text\"> \u00abLa fracturaci\u00f3n subparalela\u00bb<\/span><\/a><\/p>\n","protected":false},"author":1,"featured_media":0,"parent":1431,"menu_order":0,"comment_status":"closed","ping_status":"closed","template":"sidebar-page.php","meta":{"footnotes":""},"class_list":["post-316","page","type-page","status-publish","hentry"],"yoast_head":"<!-- This site is optimized with the Yoast SEO plugin v27.3 - https:\/\/yoast.com\/product\/yoast-seo-wordpress\/ -->\n<title>La fracturaci\u00f3n subparalela  - ERNSTSON CLAUDIN ESTRUCTURAS DE IMPACTO - CR\u00c1TERES METEOR\u00cdTICOS<\/title>\n<meta name=\"robots\" content=\"index, follow, max-snippet:-1, max-image-preview:large, max-video-preview:-1\" \/>\n<link rel=\"canonical\" href=\"https:\/\/estructuras-de-impacto.impact-structures.com\/?page_id=316\" \/>\n<meta property=\"og:locale\" content=\"es_ES\" \/>\n<meta property=\"og:type\" content=\"article\" \/>\n<meta property=\"og:title\" content=\"La fracturaci\u00f3n subparalela  - ERNSTSON CLAUDIN ESTRUCTURAS DE IMPACTO - CR\u00c1TERES METEOR\u00cdTICOS\" \/>\n<meta property=\"og:description\" content=\"La fracturaci\u00f3n macrosc\u00f3pica y microsc\u00f3pica subparalela hasta ahora descrita en otros cap\u00edtulos, es una caracter\u00edstica que acompa\u00f1a de manera regular a los cantos en los conglomerados del Buntsandstein afectados por marcas en hoyo y con cr\u00e1teres. Se asume que ambas caracter\u00edsticas est\u00e1n relacionadas la una con la otra tal y como han confirmado los experimentos &hellip; Continuar leyendo &quot;La fracturaci\u00f3n subparalela&quot;\" \/>\n<meta property=\"og:url\" content=\"https:\/\/estructuras-de-impacto.impact-structures.com\/?page_id=316\" \/>\n<meta property=\"og:site_name\" content=\"ERNSTSON CLAUDIN ESTRUCTURAS DE IMPACTO - CR\u00c1TERES METEOR\u00cdTICOS\" \/>\n<meta property=\"article:modified_time\" content=\"2012-03-05T17:03:41+00:00\" \/>\n<meta property=\"og:image\" content=\"http:\/\/www.impact-structures.com\/images\/prod1032.gif\" \/>\n<meta name=\"twitter:card\" content=\"summary_large_image\" \/>\n<meta name=\"twitter:label1\" content=\"Tiempo de lectura\" \/>\n\t<meta name=\"twitter:data1\" content=\"6 minutos\" \/>\n<script type=\"application\/ld+json\" class=\"yoast-schema-graph\">{\"@context\":\"https:\\\/\\\/schema.org\",\"@graph\":[{\"@type\":\"WebPage\",\"@id\":\"https:\\\/\\\/estructuras-de-impacto.impact-structures.com\\\/?page_id=316\",\"url\":\"https:\\\/\\\/estructuras-de-impacto.impact-structures.com\\\/?page_id=316\",\"name\":\"La fracturaci\u00f3n subparalela - ERNSTSON CLAUDIN ESTRUCTURAS DE IMPACTO - CR\u00c1TERES METEOR\u00cdTICOS\",\"isPartOf\":{\"@id\":\"http:\\\/\\\/estructuras-de-impacto.impact-structures.com\\\/#website\"},\"primaryImageOfPage\":{\"@id\":\"https:\\\/\\\/estructuras-de-impacto.impact-structures.com\\\/?page_id=316#primaryimage\"},\"image\":{\"@id\":\"https:\\\/\\\/estructuras-de-impacto.impact-structures.com\\\/?page_id=316#primaryimage\"},\"thumbnailUrl\":\"http:\\\/\\\/www.impact-structures.com\\\/images\\\/prod1032.gif\",\"datePublished\":\"2011-12-03T13:58:58+00:00\",\"dateModified\":\"2012-03-05T17:03:41+00:00\",\"breadcrumb\":{\"@id\":\"https:\\\/\\\/estructuras-de-impacto.impact-structures.com\\\/?page_id=316#breadcrumb\"},\"inLanguage\":\"es\",\"potentialAction\":[{\"@type\":\"ReadAction\",\"target\":[\"https:\\\/\\\/estructuras-de-impacto.impact-structures.com\\\/?page_id=316\"]}]},{\"@type\":\"ImageObject\",\"inLanguage\":\"es\",\"@id\":\"https:\\\/\\\/estructuras-de-impacto.impact-structures.com\\\/?page_id=316#primaryimage\",\"url\":\"http:\\\/\\\/www.impact-structures.com\\\/images\\\/prod1032.gif\",\"contentUrl\":\"http:\\\/\\\/www.impact-structures.com\\\/images\\\/prod1032.gif\"},{\"@type\":\"BreadcrumbList\",\"@id\":\"https:\\\/\\\/estructuras-de-impacto.impact-structures.com\\\/?page_id=316#breadcrumb\",\"itemListElement\":[{\"@type\":\"ListItem\",\"position\":1,\"name\":\"Portada\",\"item\":\"http:\\\/\\\/estructuras-de-impacto.impact-structures.com\\\/\"},{\"@type\":\"ListItem\",\"position\":2,\"name\":\"Las estructuras de impacto en Espa\u00f1a\",\"item\":\"http:\\\/\\\/estructuras-de-impacto.impact-structures.com\\\/?page_id=1404\"},{\"@type\":\"ListItem\",\"position\":3,\"name\":\"Deformaci\u00f3n por choque en conglomerados Tri\u00e1sicos del Buntsandstein, Espa\u00f1a\",\"item\":\"https:\\\/\\\/estructuras-de-impacto.impact-structures.com\\\/?page_id=1431\"},{\"@type\":\"ListItem\",\"position\":4,\"name\":\"La fracturaci\u00f3n subparalela\"}]},{\"@type\":\"WebSite\",\"@id\":\"http:\\\/\\\/estructuras-de-impacto.impact-structures.com\\\/#website\",\"url\":\"http:\\\/\\\/estructuras-de-impacto.impact-structures.com\\\/\",\"name\":\"ERNSTSON CLAUDIN ESTRUCTURAS DE IMPACTO - CR\u00c1TERES METEOR\u00cdTICOS\",\"description\":\"Investigaci\u00f3n sobre la geolog\u00eda, geof\u00edsica, y petrolog\u00eda\",\"potentialAction\":[{\"@type\":\"SearchAction\",\"target\":{\"@type\":\"EntryPoint\",\"urlTemplate\":\"http:\\\/\\\/estructuras-de-impacto.impact-structures.com\\\/?s={search_term_string}\"},\"query-input\":{\"@type\":\"PropertyValueSpecification\",\"valueRequired\":true,\"valueName\":\"search_term_string\"}}],\"inLanguage\":\"es\"}]}<\/script>\n<!-- \/ Yoast SEO plugin. -->","yoast_head_json":{"title":"La fracturaci\u00f3n subparalela  - ERNSTSON CLAUDIN ESTRUCTURAS DE IMPACTO - CR\u00c1TERES METEOR\u00cdTICOS","robots":{"index":"index","follow":"follow","max-snippet":"max-snippet:-1","max-image-preview":"max-image-preview:large","max-video-preview":"max-video-preview:-1"},"canonical":"https:\/\/estructuras-de-impacto.impact-structures.com\/?page_id=316","og_locale":"es_ES","og_type":"article","og_title":"La fracturaci\u00f3n subparalela  - ERNSTSON CLAUDIN ESTRUCTURAS DE IMPACTO - CR\u00c1TERES METEOR\u00cdTICOS","og_description":"La fracturaci\u00f3n macrosc\u00f3pica y microsc\u00f3pica subparalela hasta ahora descrita en otros cap\u00edtulos, es una caracter\u00edstica que acompa\u00f1a de manera regular a los cantos en los conglomerados del Buntsandstein afectados por marcas en hoyo y con cr\u00e1teres. Se asume que ambas caracter\u00edsticas est\u00e1n relacionadas la una con la otra tal y como han confirmado los experimentos &hellip; Continuar leyendo \"La fracturaci\u00f3n subparalela\"","og_url":"https:\/\/estructuras-de-impacto.impact-structures.com\/?page_id=316","og_site_name":"ERNSTSON CLAUDIN ESTRUCTURAS DE IMPACTO - CR\u00c1TERES METEOR\u00cdTICOS","article_modified_time":"2012-03-05T17:03:41+00:00","og_image":[{"url":"http:\/\/www.impact-structures.com\/images\/prod1032.gif","type":"","width":"","height":""}],"twitter_card":"summary_large_image","twitter_misc":{"Tiempo de lectura":"6 minutos"},"schema":{"@context":"https:\/\/schema.org","@graph":[{"@type":"WebPage","@id":"https:\/\/estructuras-de-impacto.impact-structures.com\/?page_id=316","url":"https:\/\/estructuras-de-impacto.impact-structures.com\/?page_id=316","name":"La fracturaci\u00f3n subparalela - ERNSTSON CLAUDIN ESTRUCTURAS DE IMPACTO - CR\u00c1TERES METEOR\u00cdTICOS","isPartOf":{"@id":"http:\/\/estructuras-de-impacto.impact-structures.com\/#website"},"primaryImageOfPage":{"@id":"https:\/\/estructuras-de-impacto.impact-structures.com\/?page_id=316#primaryimage"},"image":{"@id":"https:\/\/estructuras-de-impacto.impact-structures.com\/?page_id=316#primaryimage"},"thumbnailUrl":"http:\/\/www.impact-structures.com\/images\/prod1032.gif","datePublished":"2011-12-03T13:58:58+00:00","dateModified":"2012-03-05T17:03:41+00:00","breadcrumb":{"@id":"https:\/\/estructuras-de-impacto.impact-structures.com\/?page_id=316#breadcrumb"},"inLanguage":"es","potentialAction":[{"@type":"ReadAction","target":["https:\/\/estructuras-de-impacto.impact-structures.com\/?page_id=316"]}]},{"@type":"ImageObject","inLanguage":"es","@id":"https:\/\/estructuras-de-impacto.impact-structures.com\/?page_id=316#primaryimage","url":"http:\/\/www.impact-structures.com\/images\/prod1032.gif","contentUrl":"http:\/\/www.impact-structures.com\/images\/prod1032.gif"},{"@type":"BreadcrumbList","@id":"https:\/\/estructuras-de-impacto.impact-structures.com\/?page_id=316#breadcrumb","itemListElement":[{"@type":"ListItem","position":1,"name":"Portada","item":"http:\/\/estructuras-de-impacto.impact-structures.com\/"},{"@type":"ListItem","position":2,"name":"Las estructuras de impacto en Espa\u00f1a","item":"http:\/\/estructuras-de-impacto.impact-structures.com\/?page_id=1404"},{"@type":"ListItem","position":3,"name":"Deformaci\u00f3n por choque en conglomerados Tri\u00e1sicos del Buntsandstein, Espa\u00f1a","item":"https:\/\/estructuras-de-impacto.impact-structures.com\/?page_id=1431"},{"@type":"ListItem","position":4,"name":"La fracturaci\u00f3n subparalela"}]},{"@type":"WebSite","@id":"http:\/\/estructuras-de-impacto.impact-structures.com\/#website","url":"http:\/\/estructuras-de-impacto.impact-structures.com\/","name":"ERNSTSON CLAUDIN ESTRUCTURAS DE IMPACTO - CR\u00c1TERES METEOR\u00cdTICOS","description":"Investigaci\u00f3n sobre la geolog\u00eda, geof\u00edsica, y petrolog\u00eda","potentialAction":[{"@type":"SearchAction","target":{"@type":"EntryPoint","urlTemplate":"http:\/\/estructuras-de-impacto.impact-structures.com\/?s={search_term_string}"},"query-input":{"@type":"PropertyValueSpecification","valueRequired":true,"valueName":"search_term_string"}}],"inLanguage":"es"}]}},"_links":{"self":[{"href":"http:\/\/estructuras-de-impacto.impact-structures.com\/index.php?rest_route=\/wp\/v2\/pages\/316","targetHints":{"allow":["GET"]}}],"collection":[{"href":"http:\/\/estructuras-de-impacto.impact-structures.com\/index.php?rest_route=\/wp\/v2\/pages"}],"about":[{"href":"http:\/\/estructuras-de-impacto.impact-structures.com\/index.php?rest_route=\/wp\/v2\/types\/page"}],"author":[{"embeddable":true,"href":"http:\/\/estructuras-de-impacto.impact-structures.com\/index.php?rest_route=\/wp\/v2\/users\/1"}],"replies":[{"embeddable":true,"href":"http:\/\/estructuras-de-impacto.impact-structures.com\/index.php?rest_route=%2Fwp%2Fv2%2Fcomments&post=316"}],"version-history":[{"count":0,"href":"http:\/\/estructuras-de-impacto.impact-structures.com\/index.php?rest_route=\/wp\/v2\/pages\/316\/revisions"}],"up":[{"embeddable":true,"href":"http:\/\/estructuras-de-impacto.impact-structures.com\/index.php?rest_route=\/wp\/v2\/pages\/1431"}],"wp:attachment":[{"href":"http:\/\/estructuras-de-impacto.impact-structures.com\/index.php?rest_route=%2Fwp%2Fv2%2Fmedia&parent=316"}],"curies":[{"name":"wp","href":"https:\/\/api.w.org\/{rel}","templated":true}]}}