{"id":28,"date":"2011-12-01T13:35:26","date_gmt":"2011-12-01T13:35:26","guid":{"rendered":"http:\/\/cms.impact-structures.com\/?page_id=28"},"modified":"2012-07-26T17:19:37","modified_gmt":"2012-07-26T17:19:37","slug":"the-controversy-the-spanish-impact-structures-and-competing-models-of-an-endogenetic-origin","status":"publish","type":"page","link":"http:\/\/estructuras-de-impacto.impact-structures.com\/?page_id=28","title":{"rendered":"La controversia"},"content":{"rendered":"<div id=\"main\">\n<div id=\"col3\">\n<div id=\"col3_content\">\n<h2>LA CONTROVERSIA: LAS ESTRUCTURAS DE IMPACTO ESPA\u00d1OLAS Y LOS MODELOS ALTERNATIVOS DE OR\u00cdGEN END\u00d3GENO<\/h2>\n<h2>Introducci\u00f3n<\/h2>\n<p>Al principio de la d\u00e9cada de los 60, los cient\u00edficos empezaron a discutir acerca de los impactos meteor\u00edticos como un proceso geol\u00f3gico importante sobre la Tierra, otros planetas s\u00f3lidos y sus sat\u00e9lites; al final de la d\u00e9cada de los 70, Eugene Shoemacker caracteriz\u00f3 a los impactos como posiblemente el m\u00e1s importante proceso geol\u00f3gico de nuestro sistema planetario. Las discusiones que tuvieron lugar en aquellos a\u00f1os han quedado bien reflejadas en los libros:<\/p>\n<div id=\"col3_content\">Shock Metamorphism of Natural Materials (French, B.M. and Short, N.M., eds.), Mono Book Corp., Baltimore, 1966<\/div>\n<div>\u00a0y<\/div>\n<p>Impact and Explosion Cratering (D.J. Roddy, R.O. Pepin, R.B. Merrill, eds.), Pergamon Press, 1977.<\/p>\n<p>Por otra parte, algunos geocient\u00edficos, principalmente ge\u00f3logos, rechazaron las estructuras de impacto y las consideraron m\u00e1s bien como objetos extra\u00f1os. En 1953, en el vol. 37 de la reputada Bull. Am. Assoc. Petrol. Geol., el ge\u00f3logo D. Hager public\u00f3 un art\u00edculo de 30 p\u00e1ginas dedicado al cr\u00e1ter meteor\u00edtico de Barringer en Arizona. En este art\u00edculo, el aceptado de un modo general cr\u00e1ter de impacto era otra vez visto como una estructura end\u00f3gena y por tanto su origen \u201eexplosivo\u00bb denegado. Su g\u00e9nesis estaba ligada \u2013 seg\u00fan Hager \u2013 a la formaci\u00f3n de una depresi\u00f3n en forma de fosa por disoluci\u00f3n evapor\u00edtica (una estructura com\u00fan en la geolog\u00eda regional de la zona). Los meteoritos f\u00e9rricos esparcidos alrededor del cr\u00e1ter eran considerados como producidos por una \u201elluvia\u00bb posterior puramente accidental. \u2013 El modelo de disoluci\u00f3n de evaporitas nos vendr\u00e1 de nuevo de la mano de los ge\u00f3logos regionales que refutan el evento de impacto de Azuara.<\/p>\n<p><img loading=\"lazy\" decoding=\"async\" style=\"border-style: initial; border-color: initial; border-width: 0px;\" title=\"a meteorite impact may happen everywhere\" src=\"http:\/\/www.impact-structures.com\/spain\/controversy\/image001.jpg\" alt=\"\" width=\"481\" height=\"461\" border=\"0\" \/><\/p>\n<p><span style=\"color: #000000;\">Fig. 1.\u00a0<\/span>Un impacto meteor\u00edtico puede suceder en cualquier lugar.<\/p>\n<p>&nbsp;<\/p>\n<p>En un art\u00edculo publicado al principio de los 80 en la revista \u201eDie Naturwissenschaften\u00bb, un profesor de geolog\u00eda de Nueva Zelanda abogaba por un origen end\u00f3geno para la mayor\u00eda de las estructuras de impacto descritas hasta entonces, incluido el cr\u00e1ter Barringer de Arizona. En este caso, los meteoritos f\u00e9rricos presentes alrededor del cr\u00e1ter eran material provinente del manto profundo.<\/p>\n<p>En el libro de texto de 1964 \u201eSedimentology and ore genesis, vol. 2 (Elsevier)\u00bb, el profesor G.C. Amstutz escribi\u00f3 una sentencia destacable:<\/p>\n<p>\u201e &#8230; como se ha visto recientemente cuando el mito de los platillos volantes y de los cr\u00e1teres meteor\u00edticos de impacto se extendi\u00f3 por el mundo e incluso afect\u00f3 a los cient\u00edficos\u00bb (!!!)<\/p>\n<p>Al mismo tiempo, una intensa controversia sobre el origen del cr\u00e1ter de 25 km de Ries \u2013 sito en el sur de Alemania \u2013 apareci\u00f3, cuando Shoemacker y Chao identificaron coesita y stishovita en muestras de suevita procedentes de la estructura. Despu\u00e9s de 100 a\u00f1os de un modelo volc\u00e1nico para su origen, el denominado problema o enigma de Ries parec\u00eda estar resuelto y tener un probable origen por impacto. La oposici\u00f3n de muchos ge\u00f3logos fue vehemente. Sus argumentos estaban basados en rasgos peculiares de la geolog\u00eda regional: la localizaci\u00f3n del cr\u00e1ter mioc\u00e9nico de Ries en una provincia volc\u00e1nica del sur de Alemania del Terciario superior, alineaciones tect\u00f3nicas que discurr\u00edan a trav\u00e9s de la estructura, su situaci\u00f3n en el v\u00e9rtice de un levantamiento del basamento y en un borde de facies regional&#8230;. Estas y otras afirmaciones m\u00e1s fueron repetidas una y otra vez incluso cuando ya no exist\u00edan dudas acerca del origen por impacto de la estructura de Ries.<\/p>\n<p>Una vez m\u00e1s en 1987, con ocasi\u00f3n del taller sobre impactos celebrado en Parys (Sud Africa), se produjo la oposici\u00f3n contra la g\u00e9nesis por impacto de la estructura de Ries y fueron citados argumentos basados en la geolog\u00eda regional. El profesor Nicolaysen de Johannesburgo, un cient\u00edfico no exactamente desconocido, redact\u00f3 un art\u00edculo sobre las estructuras de impacto de Ries y Steinheim basin, en el cual se insist\u00eda en las peculiaridades de la geolog\u00eda regional y la aparente asociaci\u00f3n con estructuras tect\u00f3nicas.<\/p>\n<p>Pero la historia no finaliza aqu\u00ed. En 2003, en el congreso de la Geological Society of America (GSA) celebrado en Seattle, R.A. Zimmerman invoco de Nuevo un origen endogen\u00e9tico, ligado a diatremas, para el cr\u00e1ter de Ries.<\/p>\n<p><a title=\"\" href=\"http:\/\/gsa.confex.com\/gsa\/2003AM\/finalprogram\/abstract_60058.htm\">http:\/\/gsa.confex.com\/gsa\/2003AM\/finalprogram\/abstract_60058.htm<\/a><\/p>\n<p>Podemos ver, como en el juego origen por impacto contra origen end\u00f3geno, una y otra vez y en todo el mundo, se juega con la carta de la geolog\u00eda regional, no obstante sin ning\u00fan valor. El impacto sobre un cuerpo planetario es un proceso puramente estad\u00edstico, y un proyectil c\u00f3smico que impacte sobre la tierra no mostrar\u00e1 ninguna consideraci\u00f3n por la geolog\u00eda regional. Adem\u00e1s, es bastante dif\u00edcil encontrar un punto sobre la superficie de la tierra donde no haya una anomal\u00eda geol\u00f3gica bajo la forma de elevaci\u00f3n del valor de la gravedad, ca\u00edda del valor geomagn\u00e9tico, acci\u00f3n tect\u00f3nica de fallas, un borde de facies regional, un domo, una cuenca, volcanismo, diapirismo salino&#8230;.. etc. Pobre meteorito \u2013 donde caer de manera que no provoque la confusi\u00f3n de los ge\u00f3logos?<\/p>\n<p>La oposici\u00f3n vehemente de algunos ge\u00f3logos (especialmente de la universidad de Zaragoza y (algunos) del Centro de Astrobiolog\u00eda de Madrid) contra el origen por impacto de las estructuras de Azuara y de Rubielos de la C\u00e9rida (Espa\u00f1a), y la utilizaci\u00f3n de los argumentos sobre geolog\u00eda regional, muestra que despu\u00e9s de 30 a\u00f1os de historia el proceso-juego sobre el origen por impacto &#8211; end\u00f3geno discurre por los mismos derroteros.<\/p>\n<p>Pr\u00f3ximamente en esta web, presentaremos los aspectos m\u00e1s importantes de esta controversia, discutiremos las observaciones en relaci\u00f3n al proceso de craterizaci\u00f3n por impacto, mostraremos rasgos t\u00edpicos provinentes de otras estructuras de impacto a fin de poder comparar, y veremos los puntos de vista propuestos por los ge\u00f3logos de la universidad de Zaragoza y (algunos) del Centro de Astrobiolog\u00eda de Madrid.<\/p>\n<p>&nbsp;<\/p>\n<p>Desafortunada y de modo\u00a0 inexplicable en todos los detalles, unas pocas de las personas denominadas \u201cinfluyentes\u201d en la \u201ccomunidad\u201d de impactistas (si es que como tal existe) han unido esfuerzos con los contrarios a la g\u00e9nesis por impacto de Azuara, de manera que han conseguido finalmente eliminar Azuara de la base datos canadiense de la Universidad de New Brunswick (mantenida por J. Spray). Este hecho sin par ser\u00e1 pr\u00f3ximamente tratado tambi\u00e9n en nuestro rinc\u00f3n sobre la Controversia.<\/p>\n<\/div>\n<\/div>\n<\/div>\n","protected":false},"excerpt":{"rendered":"<p>LA CONTROVERSIA: LAS ESTRUCTURAS DE IMPACTO ESPA\u00d1OLAS Y LOS MODELOS ALTERNATIVOS DE OR\u00cdGEN END\u00d3GENO Introducci\u00f3n Al principio de la d\u00e9cada de los 60, los cient\u00edficos empezaron a discutir acerca de los impactos meteor\u00edticos como un proceso geol\u00f3gico importante sobre la Tierra, otros planetas s\u00f3lidos y sus sat\u00e9lites; al final de la d\u00e9cada de los 70, &hellip; <a href=\"http:\/\/estructuras-de-impacto.impact-structures.com\/?page_id=28\" class=\"more-link\">Continuar leyendo<span class=\"screen-reader-text\"> \u00abLa controversia\u00bb<\/span><\/a><\/p>\n","protected":false},"author":1,"featured_media":0,"parent":0,"menu_order":9,"comment_status":"closed","ping_status":"closed","template":"sidebar-page.php","meta":{"footnotes":""},"class_list":["post-28","page","type-page","status-publish","hentry"],"yoast_head":"<!-- This site is optimized with the Yoast SEO plugin v27.3 - https:\/\/yoast.com\/product\/yoast-seo-wordpress\/ -->\n<title>La controversia - ERNSTSON CLAUDIN ESTRUCTURAS DE IMPACTO - CR\u00c1TERES METEOR\u00cdTICOS<\/title>\n<meta name=\"robots\" content=\"index, follow, max-snippet:-1, max-image-preview:large, max-video-preview:-1\" \/>\n<link rel=\"canonical\" href=\"http:\/\/estructuras-de-impacto.impact-structures.com\/?page_id=28\" \/>\n<meta property=\"og:locale\" content=\"es_ES\" \/>\n<meta property=\"og:type\" content=\"article\" \/>\n<meta property=\"og:title\" content=\"La controversia - ERNSTSON CLAUDIN ESTRUCTURAS DE IMPACTO - CR\u00c1TERES METEOR\u00cdTICOS\" \/>\n<meta property=\"og:description\" content=\"LA CONTROVERSIA: LAS ESTRUCTURAS DE IMPACTO ESPA\u00d1OLAS Y LOS MODELOS ALTERNATIVOS DE OR\u00cdGEN END\u00d3GENO Introducci\u00f3n Al principio de la d\u00e9cada de los 60, los cient\u00edficos empezaron a discutir acerca de los impactos meteor\u00edticos como un proceso geol\u00f3gico importante sobre la Tierra, otros planetas s\u00f3lidos y sus sat\u00e9lites; al final de la d\u00e9cada de los 70, &hellip; Continuar leyendo &quot;La controversia&quot;\" \/>\n<meta property=\"og:url\" content=\"http:\/\/estructuras-de-impacto.impact-structures.com\/?page_id=28\" \/>\n<meta property=\"og:site_name\" content=\"ERNSTSON CLAUDIN ESTRUCTURAS DE IMPACTO - CR\u00c1TERES METEOR\u00cdTICOS\" \/>\n<meta property=\"article:modified_time\" content=\"2012-07-26T17:19:37+00:00\" \/>\n<meta property=\"og:image\" content=\"http:\/\/www.impact-structures.com\/spain\/controversy\/image001.jpg\" \/>\n<meta name=\"twitter:card\" content=\"summary_large_image\" \/>\n<meta name=\"twitter:label1\" content=\"Tiempo de lectura\" \/>\n\t<meta name=\"twitter:data1\" content=\"6 minutos\" \/>\n<script type=\"application\/ld+json\" class=\"yoast-schema-graph\">{\"@context\":\"https:\\\/\\\/schema.org\",\"@graph\":[{\"@type\":\"WebPage\",\"@id\":\"http:\\\/\\\/estructuras-de-impacto.impact-structures.com\\\/?page_id=28\",\"url\":\"http:\\\/\\\/estructuras-de-impacto.impact-structures.com\\\/?page_id=28\",\"name\":\"La controversia - ERNSTSON CLAUDIN ESTRUCTURAS DE IMPACTO - CR\u00c1TERES METEOR\u00cdTICOS\",\"isPartOf\":{\"@id\":\"http:\\\/\\\/estructuras-de-impacto.impact-structures.com\\\/#website\"},\"primaryImageOfPage\":{\"@id\":\"http:\\\/\\\/estructuras-de-impacto.impact-structures.com\\\/?page_id=28#primaryimage\"},\"image\":{\"@id\":\"http:\\\/\\\/estructuras-de-impacto.impact-structures.com\\\/?page_id=28#primaryimage\"},\"thumbnailUrl\":\"http:\\\/\\\/www.impact-structures.com\\\/spain\\\/controversy\\\/image001.jpg\",\"datePublished\":\"2011-12-01T13:35:26+00:00\",\"dateModified\":\"2012-07-26T17:19:37+00:00\",\"breadcrumb\":{\"@id\":\"http:\\\/\\\/estructuras-de-impacto.impact-structures.com\\\/?page_id=28#breadcrumb\"},\"inLanguage\":\"es\",\"potentialAction\":[{\"@type\":\"ReadAction\",\"target\":[\"http:\\\/\\\/estructuras-de-impacto.impact-structures.com\\\/?page_id=28\"]}]},{\"@type\":\"ImageObject\",\"inLanguage\":\"es\",\"@id\":\"http:\\\/\\\/estructuras-de-impacto.impact-structures.com\\\/?page_id=28#primaryimage\",\"url\":\"http:\\\/\\\/www.impact-structures.com\\\/spain\\\/controversy\\\/image001.jpg\",\"contentUrl\":\"http:\\\/\\\/www.impact-structures.com\\\/spain\\\/controversy\\\/image001.jpg\"},{\"@type\":\"BreadcrumbList\",\"@id\":\"http:\\\/\\\/estructuras-de-impacto.impact-structures.com\\\/?page_id=28#breadcrumb\",\"itemListElement\":[{\"@type\":\"ListItem\",\"position\":1,\"name\":\"Portada\",\"item\":\"http:\\\/\\\/estructuras-de-impacto.impact-structures.com\\\/\"},{\"@type\":\"ListItem\",\"position\":2,\"name\":\"La controversia\"}]},{\"@type\":\"WebSite\",\"@id\":\"http:\\\/\\\/estructuras-de-impacto.impact-structures.com\\\/#website\",\"url\":\"http:\\\/\\\/estructuras-de-impacto.impact-structures.com\\\/\",\"name\":\"ERNSTSON CLAUDIN ESTRUCTURAS DE IMPACTO - CR\u00c1TERES METEOR\u00cdTICOS\",\"description\":\"Investigaci\u00f3n sobre la geolog\u00eda, geof\u00edsica, y petrolog\u00eda\",\"potentialAction\":[{\"@type\":\"SearchAction\",\"target\":{\"@type\":\"EntryPoint\",\"urlTemplate\":\"http:\\\/\\\/estructuras-de-impacto.impact-structures.com\\\/?s={search_term_string}\"},\"query-input\":{\"@type\":\"PropertyValueSpecification\",\"valueRequired\":true,\"valueName\":\"search_term_string\"}}],\"inLanguage\":\"es\"}]}<\/script>\n<!-- \/ Yoast SEO plugin. -->","yoast_head_json":{"title":"La controversia - ERNSTSON CLAUDIN ESTRUCTURAS DE IMPACTO - CR\u00c1TERES METEOR\u00cdTICOS","robots":{"index":"index","follow":"follow","max-snippet":"max-snippet:-1","max-image-preview":"max-image-preview:large","max-video-preview":"max-video-preview:-1"},"canonical":"http:\/\/estructuras-de-impacto.impact-structures.com\/?page_id=28","og_locale":"es_ES","og_type":"article","og_title":"La controversia - ERNSTSON CLAUDIN ESTRUCTURAS DE IMPACTO - CR\u00c1TERES METEOR\u00cdTICOS","og_description":"LA CONTROVERSIA: LAS ESTRUCTURAS DE IMPACTO ESPA\u00d1OLAS Y LOS MODELOS ALTERNATIVOS DE OR\u00cdGEN END\u00d3GENO Introducci\u00f3n Al principio de la d\u00e9cada de los 60, los cient\u00edficos empezaron a discutir acerca de los impactos meteor\u00edticos como un proceso geol\u00f3gico importante sobre la Tierra, otros planetas s\u00f3lidos y sus sat\u00e9lites; al final de la d\u00e9cada de los 70, &hellip; Continuar leyendo \"La controversia\"","og_url":"http:\/\/estructuras-de-impacto.impact-structures.com\/?page_id=28","og_site_name":"ERNSTSON CLAUDIN ESTRUCTURAS DE IMPACTO - CR\u00c1TERES METEOR\u00cdTICOS","article_modified_time":"2012-07-26T17:19:37+00:00","og_image":[{"url":"http:\/\/www.impact-structures.com\/spain\/controversy\/image001.jpg","type":"","width":"","height":""}],"twitter_card":"summary_large_image","twitter_misc":{"Tiempo de lectura":"6 minutos"},"schema":{"@context":"https:\/\/schema.org","@graph":[{"@type":"WebPage","@id":"http:\/\/estructuras-de-impacto.impact-structures.com\/?page_id=28","url":"http:\/\/estructuras-de-impacto.impact-structures.com\/?page_id=28","name":"La controversia - ERNSTSON CLAUDIN ESTRUCTURAS DE IMPACTO - CR\u00c1TERES METEOR\u00cdTICOS","isPartOf":{"@id":"http:\/\/estructuras-de-impacto.impact-structures.com\/#website"},"primaryImageOfPage":{"@id":"http:\/\/estructuras-de-impacto.impact-structures.com\/?page_id=28#primaryimage"},"image":{"@id":"http:\/\/estructuras-de-impacto.impact-structures.com\/?page_id=28#primaryimage"},"thumbnailUrl":"http:\/\/www.impact-structures.com\/spain\/controversy\/image001.jpg","datePublished":"2011-12-01T13:35:26+00:00","dateModified":"2012-07-26T17:19:37+00:00","breadcrumb":{"@id":"http:\/\/estructuras-de-impacto.impact-structures.com\/?page_id=28#breadcrumb"},"inLanguage":"es","potentialAction":[{"@type":"ReadAction","target":["http:\/\/estructuras-de-impacto.impact-structures.com\/?page_id=28"]}]},{"@type":"ImageObject","inLanguage":"es","@id":"http:\/\/estructuras-de-impacto.impact-structures.com\/?page_id=28#primaryimage","url":"http:\/\/www.impact-structures.com\/spain\/controversy\/image001.jpg","contentUrl":"http:\/\/www.impact-structures.com\/spain\/controversy\/image001.jpg"},{"@type":"BreadcrumbList","@id":"http:\/\/estructuras-de-impacto.impact-structures.com\/?page_id=28#breadcrumb","itemListElement":[{"@type":"ListItem","position":1,"name":"Portada","item":"http:\/\/estructuras-de-impacto.impact-structures.com\/"},{"@type":"ListItem","position":2,"name":"La controversia"}]},{"@type":"WebSite","@id":"http:\/\/estructuras-de-impacto.impact-structures.com\/#website","url":"http:\/\/estructuras-de-impacto.impact-structures.com\/","name":"ERNSTSON CLAUDIN ESTRUCTURAS DE IMPACTO - CR\u00c1TERES METEOR\u00cdTICOS","description":"Investigaci\u00f3n sobre la geolog\u00eda, geof\u00edsica, y petrolog\u00eda","potentialAction":[{"@type":"SearchAction","target":{"@type":"EntryPoint","urlTemplate":"http:\/\/estructuras-de-impacto.impact-structures.com\/?s={search_term_string}"},"query-input":{"@type":"PropertyValueSpecification","valueRequired":true,"valueName":"search_term_string"}}],"inLanguage":"es"}]}},"_links":{"self":[{"href":"http:\/\/estructuras-de-impacto.impact-structures.com\/index.php?rest_route=\/wp\/v2\/pages\/28","targetHints":{"allow":["GET"]}}],"collection":[{"href":"http:\/\/estructuras-de-impacto.impact-structures.com\/index.php?rest_route=\/wp\/v2\/pages"}],"about":[{"href":"http:\/\/estructuras-de-impacto.impact-structures.com\/index.php?rest_route=\/wp\/v2\/types\/page"}],"author":[{"embeddable":true,"href":"http:\/\/estructuras-de-impacto.impact-structures.com\/index.php?rest_route=\/wp\/v2\/users\/1"}],"replies":[{"embeddable":true,"href":"http:\/\/estructuras-de-impacto.impact-structures.com\/index.php?rest_route=%2Fwp%2Fv2%2Fcomments&post=28"}],"version-history":[{"count":0,"href":"http:\/\/estructuras-de-impacto.impact-structures.com\/index.php?rest_route=\/wp\/v2\/pages\/28\/revisions"}],"wp:attachment":[{"href":"http:\/\/estructuras-de-impacto.impact-structures.com\/index.php?rest_route=%2Fwp%2Fv2%2Fmedia&parent=28"}],"curies":[{"name":"wp","href":"https:\/\/api.w.org\/{rel}","templated":true}]}}