{"id":279,"date":"2011-12-03T13:26:15","date_gmt":"2011-12-03T13:26:15","guid":{"rendered":"http:\/\/cms.impact-structures.com\/?page_id=279"},"modified":"2012-05-26T10:05:20","modified_gmt":"2012-05-26T10:05:20","slug":"breccia-dikes-in-the-rubielos-de-la-cerida-impact-basin","status":"publish","type":"page","link":"http:\/\/estructuras-de-impacto.impact-structures.com\/?page_id=279","title":{"rendered":"Diques de brechas"},"content":{"rendered":"<h2>Diques de brechas en la estructura de impacto de\u00a0<strong>Rubielos de la C\u00e9rida<\/strong><\/h2>\n<p>Los diques de brechas son rasgos prominentes en las estructuras de impacto. La mayor\u00eda de investigadores creen que se forman b\u00e1sicamente en el estadio de excavaci\u00f3n de la craterizaci\u00f3n por impacto, mediante la inyecci\u00f3n de material en el suelo y paredes de la creciente y cambiante cavidad de excavaci\u00f3n. Los diques tambi\u00e9n se pueden formar en el estadio de modificaci\u00f3n de la craterizaci\u00f3n por impacto. Como en el caso de la estructura de Azuara (ver\u00a0<a href=\"http:\/\/www.estructuras-de-impacto.impact-structures.com\/spain\/impact\/brecciadikes.htm\" target=\"_blank\">http:\/\/www.estructuras-de-impacto.impact-structures.com\/spain\/impact\/brecciadikes.htm<\/a>\u00a0), la cuenca de Rubielos de la C\u00e9rida presenta una gran variedad de diques de brechas que se encajan en rocas de diferentes litolog\u00edas (rocas calizas, rocas sil\u00edceas, conglomerados, brechas polim\u00edcticas&#8230;)<\/p>\n<p>Los ge\u00f3logos espa\u00f1oles regionalistas (M. Aurell, E. D\u00edaz-Mart\u00ednez, A.L. Cort\u00e9s, y otros) refutan de manera categ\u00f3rica el origen por impacto de Azuara y Rubielos de la C\u00e9rida, sugiriendo \u2013 entre otras cosas &#8211; que los diques de brechas se hallan relacionados b\u00e1sicamente con procesos c\u00e1rsticos. En este punto hemos de se\u00f1alar que de hecho la carstificaci\u00f3n requiere la disoluci\u00f3n del carbonato (o del sulfato), y que los diques presentados debajo no muestran rasgos de disoluci\u00f3n. De hecho, en la regi\u00f3n considerada hay rasgos de carstificaci\u00f3n, pero un ge\u00f3logo experimentado dif\u00edcilmente confundir\u00e1 ambas. Para poder establecer una comparaci\u00f3n, hemos incluido un claro ejemplo de estructura c\u00e1rstica localizada cerca de un dique de brechas de impacto. En algunos casos, hemos podido apreciar en los diques de brecha estructuras similares a las de \u00e1reas afectadas por carstificaci\u00f3n, tales como costras de calcita. Este hecho no es sorprendente, dado que la precipitaci\u00f3n y disoluci\u00f3n de carbonato puede estar bien relacionada con la migraci\u00f3n de aguas subterr\u00e1neas post-impacto. No hay que olvidar la significativa actividad hidrotermal post-impacto t\u00edpica de los grandes impactos.<\/p>\n<p><img loading=\"lazy\" decoding=\"async\" src=\"http:\/\/www.impact-structures.com\/spain\/rubielos-breccia-dikes\/image002.gif\" alt=\"Image002\" width=\"302\" height=\"202\" \/><img loading=\"lazy\" decoding=\"async\" src=\"http:\/\/www.impact-structures.com\/spain\/rubielos-breccia-dikes\/image004.gif\" alt=\"Image004\" width=\"85\" height=\"128\" \/><\/p>\n<p>Fig. 1.<span class=\"Apple-style-span\" style=\"font-size: 14px; line-height: 22px;\">Dique de brechas polim\u00edcticas que intersecta calizas del Muschelkalk. Regi\u00f3n norte del borde de la cuenca de impacto de Rubielos de la C\u00e9rida; cerca de Olalla.<\/span><\/p>\n<p><img loading=\"lazy\" decoding=\"async\" src=\"http:\/\/www.impact-structures.com\/spain\/rubielos-breccia-dikes\/image006.gif\" alt=\"Image006\" width=\"302\" height=\"227\" \/><img loading=\"lazy\" decoding=\"async\" src=\"http:\/\/www.impact-structures.com\/spain\/rubielos-breccia-dikes\/image008.gif\" alt=\"Image008\" width=\"85\" height=\"128\" \/><\/p>\n<p>Fig. 2.\u00a0<span class=\"Apple-style-span\" style=\"font-size: 14px; line-height: 22px;\">Diques de brechas que cortan rocas silicatadas paleozoicas intensamente fragmentadas. Regi\u00f3n norte de la cuenca de impacto de Rubielos de la C\u00e9rida; cerca de Olalla.<\/span><\/p>\n<p><img loading=\"lazy\" decoding=\"async\" src=\"http:\/\/www.impact-structures.com\/spain\/rubielos-breccia-dikes\/image010.gif\" alt=\"Image010\" width=\"302\" height=\"453\" \/><img loading=\"lazy\" decoding=\"async\" src=\"http:\/\/www.impact-structures.com\/spain\/rubielos-breccia-dikes\/image012.gif\" alt=\"Image012\" width=\"85\" height=\"128\" \/><\/p>\n<p>Fig. 3.\u00a0<span class=\"Apple-style-span\" style=\"font-size: 14px; line-height: 22px;\">Dique de brechas que cortan, de manera brusca, calizas del Malm. Puede apreciarse la textura en cinta que apunta a una interacci\u00f3n qu\u00edmica entre el material del dique y el de la roca encajante. Parte norte de la cuenca, entre Corbat\u00f3n y Ba\u00f1on.<\/span><\/p>\n<p><img loading=\"lazy\" decoding=\"async\" src=\"http:\/\/www.impact-structures.com\/spain\/rubielos-breccia-dikes\/image014.gif\" alt=\"Image014\" width=\"302\" height=\"453\" \/><\/p>\n<p>Figs. 4, 5.\u00a0<span class=\"Apple-style-span\" style=\"font-size: 14px; line-height: 22px;\">Para poder comparar: afloramiento c\u00e1rstico en la cuenca de impacto de Rubielos de la C\u00e9rida, entre Corbat\u00f3n y Ba\u00f1on, sito a tan s\u00f3lo 50 m del dique de brechas mostrado arriba (Fig. 3).\u00a0<\/span><\/p>\n<p><img loading=\"lazy\" decoding=\"async\" src=\"http:\/\/www.impact-structures.com\/spain\/rubielos-breccia-dikes\/image016.gif\" alt=\"Image016\" width=\"302\" height=\"453\" \/><\/p>\n<p>Fig. 5. Detalle. Obs\u00e9rvense los clastos bien redondeados t\u00edpicos de la disoluci\u00f3n del carbonato.\u00a0Los clastos angulosos fueron producidos por las m\u00e1quinas excavadoras durante la realizaci\u00f3n de la nueva carretera.<\/p>\n<p><img loading=\"lazy\" decoding=\"async\" src=\"http:\/\/www.impact-structures.com\/spain\/rubielos-breccia-dikes\/image018.gif\" alt=\"Image018\" width=\"302\" height=\"402\" \/><\/p>\n<p>Figs. 6, 7.\u00a0<span class=\"Apple-style-span\" style=\"font-size: 14px; line-height: 22px;\">Diques de brechas en calizas Jur\u00e1sicas. Levantamiento central de la cadena, Sierra Palomera.<\/span><\/p>\n<p><img loading=\"lazy\" decoding=\"async\" src=\"http:\/\/www.impact-structures.com\/spain\/rubielos-breccia-dikes\/image020.gif\" alt=\"Image020\" width=\"302\" height=\"402\" \/>&#8230;.\u00a0<img loading=\"lazy\" decoding=\"async\" src=\"http:\/\/www.impact-structures.com\/spain\/rubielos-breccia-dikes\/image022.gif\" alt=\"Image022\" width=\"85\" height=\"128\" \/><\/p>\n<p>Fig. 7. Detalle.<\/p>\n<p><img loading=\"lazy\" decoding=\"async\" src=\"http:\/\/www.impact-structures.com\/spain\/rubielos-breccia-dikes\/image024.gif\" alt=\"Image024\" width=\"302\" height=\"217\" \/>&#8230;.\u00a0<img loading=\"lazy\" decoding=\"async\" src=\"http:\/\/www.impact-structures.com\/spain\/rubielos-breccia-dikes\/image026.gif\" alt=\"Image026\" width=\"85\" height=\"128\" \/><\/p>\n<p>Fig. 8.\u00a0<span class=\"Apple-style-span\" style=\"font-size: 14px; line-height: 22px;\">Diques de brechas que intersectan a conglomerados. Parte este de la cuenca, entre Alfambra y Escorihuela.<\/span><\/p>\n<p><img loading=\"lazy\" decoding=\"async\" src=\"http:\/\/www.impact-structures.com\/spain\/rubielos-breccia-dikes\/image028.gif\" alt=\"Image028\" width=\"302\" height=\"227\" \/>&#8230;.\u00a0<img loading=\"lazy\" decoding=\"async\" src=\"http:\/\/www.impact-structures.com\/spain\/rubielos-breccia-dikes\/image030.gif\" alt=\"Image030\" width=\"85\" height=\"128\" \/><\/p>\n<p>Fig. 9.\u00a0<span class=\"Apple-style-span\" style=\"font-size: 14px; line-height: 22px;\">Dique de brechas monom\u00edcticas masivo en calizas del Muschelkalk. Parte oeste del borde de la cuenca, cerca de Santa Eulalia.<\/span><\/p>\n<p><img loading=\"lazy\" decoding=\"async\" src=\"http:\/\/www.impact-structures.com\/spain\/rubielos-breccia-dikes\/image032.gif\" alt=\"Image032\" width=\"302\" height=\"463\" \/>&#8230;.\u00a0<img loading=\"lazy\" decoding=\"async\" src=\"http:\/\/www.impact-structures.com\/spain\/rubielos-breccia-dikes\/image034.gif\" alt=\"Image034\" width=\"85\" height=\"128\" \/><\/p>\n<p>Fig. 10.\u00a0<span class=\"Apple-style-span\" style=\"font-size: 14px; line-height: 22px;\">Dique que corta, de manera clara, calizas del Jur\u00e1sico fracturadas y con fuerte buzamiento. El material de la matriz, blanquecino y altamente poroso, parece ser antiguo fundido carbonatado. Afloramiento localizado cerca de Ojos Negros.<\/span><\/p>\n<p><img loading=\"lazy\" decoding=\"async\" src=\"http:\/\/www.impact-structures.com\/spain\/rubielos-breccia-dikes\/image036.gif\" alt=\"Image036\" width=\"302\" height=\"229\" \/>&#8230;.\u00a0<img loading=\"lazy\" decoding=\"async\" src=\"http:\/\/www.impact-structures.com\/spain\/rubielos-breccia-dikes\/image038.gif\" alt=\"Image038\" width=\"85\" height=\"128\" \/><\/p>\n<p>Fig. 11.\u00a0<span class=\"Apple-style-span\" style=\"font-size: 14px; line-height: 22px;\">Diques de brechas encajados en una brecha basal polim\u00edctica. Parte sur del levantamiento central de la cadena, al noreste de Caud\u00e9.<\/span><\/p>\n<p><img loading=\"lazy\" decoding=\"async\" src=\"http:\/\/www.impact-structures.com\/spain\/rubielos-breccia-dikes\/image040.gif\" alt=\"Image040\" width=\"302\" height=\"402\" \/>&#8230;.\u00a0<img loading=\"lazy\" decoding=\"async\" src=\"http:\/\/www.impact-structures.com\/spain\/rubielos-breccia-dikes\/image042.gif\" alt=\"Image042\" width=\"85\" height=\"128\" \/><\/p>\n<p>Fig. 12.\u00a0<span class=\"Apple-style-span\" style=\"font-size: 14px; line-height: 22px;\">Dique de brechas que intersecta calizas Jur\u00e1sicas. La matriz blanquecina parece ser un primigenio fundido carbonatado. Cantera de Corbal\u00e1n.<\/span><\/p>\n<p><img loading=\"lazy\" decoding=\"async\" src=\"http:\/\/www.impact-structures.com\/spain\/rubielos-breccia-dikes\/image044.gif\" alt=\"Image044\" width=\"302\" height=\"227\" \/>&#8230;.\u00a0<img loading=\"lazy\" decoding=\"async\" src=\"http:\/\/www.impact-structures.com\/spain\/rubielos-breccia-dikes\/image046.gif\" alt=\"Image046\" width=\"85\" height=\"128\" \/><\/p>\n<p>Fig. 13.\u00a0<span class=\"Apple-style-span\" style=\"font-size: 14px; line-height: 22px;\">Sistema de diques de brechas que atraviesan calizas Mesozoicas intensamente fracturadas. Regi\u00f3n sureste del borde, entre Corbal\u00e1n y Teruel.<\/span><\/p>\n<p><img loading=\"lazy\" decoding=\"async\" src=\"http:\/\/www.impact-structures.com\/spain\/rubielos-breccia-dikes\/image048.gif\" alt=\"Image048\" width=\"302\" height=\"227\" \/>&#8230;.<img loading=\"lazy\" decoding=\"async\" src=\"http:\/\/www.impact-structures.com\/spain\/rubielos-breccia-dikes\/image050.gif\" alt=\"Image050\" width=\"85\" height=\"128\" \/><\/p>\n<p>Figs. 14-19. Debajo: conjunto de diversos diques de brechas que intersectan las calizas del Keuper (?). Regi\u00f3n sureste del borde, entre Valdecebro y Teruel. No hay que confundir las marcas dejadas por las excavadoras.<\/p>\n<p><img loading=\"lazy\" decoding=\"async\" src=\"http:\/\/www.impact-structures.com\/spain\/rubielos-breccia-dikes\/image052.gif\" alt=\"Image052\" width=\"302\" height=\"227\" \/><img loading=\"lazy\" decoding=\"async\" src=\"http:\/\/www.impact-structures.com\/spain\/rubielos-breccia-dikes\/image054.gif\" alt=\"Image054\" width=\"302\" height=\"227\" \/><\/p>\n<p>Fig. 15. Detalles del sistema de diques de brechas.<\/p>\n<p><img loading=\"lazy\" decoding=\"async\" src=\"http:\/\/www.impact-structures.com\/spain\/rubielos-breccia-dikes\/image056.gif\" alt=\"Image056\" width=\"302\" height=\"286\" \/><\/p>\n<p>Fig. 16.\u00a0<span class=\"Apple-style-span\" style=\"font-size: 14px; line-height: 22px;\">Aspecto de la superficie cortada del dique de brechas polim\u00edctico.<\/span><\/p>\n<p><img loading=\"lazy\" decoding=\"async\" src=\"http:\/\/www.impact-structures.com\/spain\/rubielos-breccia-dikes\/image058.gif\" alt=\"Image058\" width=\"302\" height=\"227\" \/><\/p>\n<p>Fig. 17. Sistema de diquecillos de brechas presentes en el afloramiento de la Fig. 14.<\/p>\n<p><img loading=\"lazy\" decoding=\"async\" src=\"http:\/\/www.impact-structures.com\/spain\/rubielos-breccia-dikes\/image060.gif\" alt=\"Image060\" width=\"302\" height=\"227\" \/><\/p>\n<p>Fig. 18. Otro dique de brechas que corta, como una navaja y\u00a0 de manera abrupta, la roca encajante. Afloramiento correspondiente a la Fig. 14.<\/p>\n","protected":false},"excerpt":{"rendered":"<p>Diques de brechas en la estructura de impacto de\u00a0Rubielos de la C\u00e9rida Los diques de brechas son rasgos prominentes en las estructuras de impacto. La mayor\u00eda de investigadores creen que se forman b\u00e1sicamente en el estadio de excavaci\u00f3n de la craterizaci\u00f3n por impacto, mediante la inyecci\u00f3n de material en el suelo y paredes de la &hellip; <a href=\"http:\/\/estructuras-de-impacto.impact-structures.com\/?page_id=279\" class=\"more-link\">Continuar leyendo<span class=\"screen-reader-text\"> \u00abDiques de brechas\u00bb<\/span><\/a><\/p>\n","protected":false},"author":1,"featured_media":0,"parent":1417,"menu_order":0,"comment_status":"closed","ping_status":"closed","template":"sidebar-page.php","meta":{"footnotes":""},"class_list":["post-279","page","type-page","status-publish","hentry"],"yoast_head":"<!-- This site is optimized with the Yoast SEO plugin v27.3 - https:\/\/yoast.com\/product\/yoast-seo-wordpress\/ -->\n<title>Diques de brechas - ERNSTSON CLAUDIN ESTRUCTURAS DE IMPACTO - CR\u00c1TERES METEOR\u00cdTICOS<\/title>\n<meta name=\"robots\" content=\"index, follow, max-snippet:-1, max-image-preview:large, max-video-preview:-1\" \/>\n<link rel=\"canonical\" href=\"http:\/\/estructuras-de-impacto.impact-structures.com\/?page_id=279\" \/>\n<meta property=\"og:locale\" content=\"es_ES\" \/>\n<meta property=\"og:type\" content=\"article\" \/>\n<meta property=\"og:title\" content=\"Diques de brechas - ERNSTSON CLAUDIN ESTRUCTURAS DE IMPACTO - CR\u00c1TERES METEOR\u00cdTICOS\" \/>\n<meta property=\"og:description\" content=\"Diques de brechas en la estructura de impacto de\u00a0Rubielos de la C\u00e9rida Los diques de brechas son rasgos prominentes en las estructuras de impacto. La mayor\u00eda de investigadores creen que se forman b\u00e1sicamente en el estadio de excavaci\u00f3n de la craterizaci\u00f3n por impacto, mediante la inyecci\u00f3n de material en el suelo y paredes de la &hellip; Continuar leyendo &quot;Diques de brechas&quot;\" \/>\n<meta property=\"og:url\" content=\"http:\/\/estructuras-de-impacto.impact-structures.com\/?page_id=279\" \/>\n<meta property=\"og:site_name\" content=\"ERNSTSON CLAUDIN ESTRUCTURAS DE IMPACTO - CR\u00c1TERES METEOR\u00cdTICOS\" \/>\n<meta property=\"article:modified_time\" content=\"2012-05-26T10:05:20+00:00\" \/>\n<meta property=\"og:image\" content=\"http:\/\/www.impact-structures.com\/spain\/rubielos-breccia-dikes\/image002.gif\" \/>\n<meta name=\"twitter:card\" content=\"summary_large_image\" \/>\n<meta name=\"twitter:label1\" content=\"Tiempo de lectura\" \/>\n\t<meta name=\"twitter:data1\" content=\"4 minutos\" \/>\n<script type=\"application\/ld+json\" class=\"yoast-schema-graph\">{\"@context\":\"https:\\\/\\\/schema.org\",\"@graph\":[{\"@type\":\"WebPage\",\"@id\":\"http:\\\/\\\/estructuras-de-impacto.impact-structures.com\\\/?page_id=279\",\"url\":\"http:\\\/\\\/estructuras-de-impacto.impact-structures.com\\\/?page_id=279\",\"name\":\"Diques de brechas - ERNSTSON CLAUDIN ESTRUCTURAS DE IMPACTO - CR\u00c1TERES METEOR\u00cdTICOS\",\"isPartOf\":{\"@id\":\"http:\\\/\\\/estructuras-de-impacto.impact-structures.com\\\/#website\"},\"primaryImageOfPage\":{\"@id\":\"http:\\\/\\\/estructuras-de-impacto.impact-structures.com\\\/?page_id=279#primaryimage\"},\"image\":{\"@id\":\"http:\\\/\\\/estructuras-de-impacto.impact-structures.com\\\/?page_id=279#primaryimage\"},\"thumbnailUrl\":\"http:\\\/\\\/www.impact-structures.com\\\/spain\\\/rubielos-breccia-dikes\\\/image002.gif\",\"datePublished\":\"2011-12-03T13:26:15+00:00\",\"dateModified\":\"2012-05-26T10:05:20+00:00\",\"breadcrumb\":{\"@id\":\"http:\\\/\\\/estructuras-de-impacto.impact-structures.com\\\/?page_id=279#breadcrumb\"},\"inLanguage\":\"es\",\"potentialAction\":[{\"@type\":\"ReadAction\",\"target\":[\"http:\\\/\\\/estructuras-de-impacto.impact-structures.com\\\/?page_id=279\"]}]},{\"@type\":\"ImageObject\",\"inLanguage\":\"es\",\"@id\":\"http:\\\/\\\/estructuras-de-impacto.impact-structures.com\\\/?page_id=279#primaryimage\",\"url\":\"http:\\\/\\\/www.impact-structures.com\\\/spain\\\/rubielos-breccia-dikes\\\/image002.gif\",\"contentUrl\":\"http:\\\/\\\/www.impact-structures.com\\\/spain\\\/rubielos-breccia-dikes\\\/image002.gif\"},{\"@type\":\"BreadcrumbList\",\"@id\":\"http:\\\/\\\/estructuras-de-impacto.impact-structures.com\\\/?page_id=279#breadcrumb\",\"itemListElement\":[{\"@type\":\"ListItem\",\"position\":1,\"name\":\"Portada\",\"item\":\"http:\\\/\\\/estructuras-de-impacto.impact-structures.com\\\/\"},{\"@type\":\"ListItem\",\"position\":2,\"name\":\"Las estructuras de impacto en Espa\u00f1a\",\"item\":\"http:\\\/\\\/estructuras-de-impacto.impact-structures.com\\\/?page_id=1404\"},{\"@type\":\"ListItem\",\"position\":3,\"name\":\"La cuenca de impacto de Rubielos de la C\u00e9rida\",\"item\":\"http:\\\/\\\/estructuras-de-impacto.impact-structures.com\\\/?page_id=1417\"},{\"@type\":\"ListItem\",\"position\":4,\"name\":\"Diques de brechas\"}]},{\"@type\":\"WebSite\",\"@id\":\"http:\\\/\\\/estructuras-de-impacto.impact-structures.com\\\/#website\",\"url\":\"http:\\\/\\\/estructuras-de-impacto.impact-structures.com\\\/\",\"name\":\"ERNSTSON CLAUDIN ESTRUCTURAS DE IMPACTO - CR\u00c1TERES METEOR\u00cdTICOS\",\"description\":\"Investigaci\u00f3n sobre la geolog\u00eda, geof\u00edsica, y petrolog\u00eda\",\"potentialAction\":[{\"@type\":\"SearchAction\",\"target\":{\"@type\":\"EntryPoint\",\"urlTemplate\":\"http:\\\/\\\/estructuras-de-impacto.impact-structures.com\\\/?s={search_term_string}\"},\"query-input\":{\"@type\":\"PropertyValueSpecification\",\"valueRequired\":true,\"valueName\":\"search_term_string\"}}],\"inLanguage\":\"es\"}]}<\/script>\n<!-- \/ Yoast SEO plugin. -->","yoast_head_json":{"title":"Diques de brechas - ERNSTSON CLAUDIN ESTRUCTURAS DE IMPACTO - CR\u00c1TERES METEOR\u00cdTICOS","robots":{"index":"index","follow":"follow","max-snippet":"max-snippet:-1","max-image-preview":"max-image-preview:large","max-video-preview":"max-video-preview:-1"},"canonical":"http:\/\/estructuras-de-impacto.impact-structures.com\/?page_id=279","og_locale":"es_ES","og_type":"article","og_title":"Diques de brechas - ERNSTSON CLAUDIN ESTRUCTURAS DE IMPACTO - CR\u00c1TERES METEOR\u00cdTICOS","og_description":"Diques de brechas en la estructura de impacto de\u00a0Rubielos de la C\u00e9rida Los diques de brechas son rasgos prominentes en las estructuras de impacto. La mayor\u00eda de investigadores creen que se forman b\u00e1sicamente en el estadio de excavaci\u00f3n de la craterizaci\u00f3n por impacto, mediante la inyecci\u00f3n de material en el suelo y paredes de la &hellip; Continuar leyendo \"Diques de brechas\"","og_url":"http:\/\/estructuras-de-impacto.impact-structures.com\/?page_id=279","og_site_name":"ERNSTSON CLAUDIN ESTRUCTURAS DE IMPACTO - CR\u00c1TERES METEOR\u00cdTICOS","article_modified_time":"2012-05-26T10:05:20+00:00","og_image":[{"url":"http:\/\/www.impact-structures.com\/spain\/rubielos-breccia-dikes\/image002.gif","type":"","width":"","height":""}],"twitter_card":"summary_large_image","twitter_misc":{"Tiempo de lectura":"4 minutos"},"schema":{"@context":"https:\/\/schema.org","@graph":[{"@type":"WebPage","@id":"http:\/\/estructuras-de-impacto.impact-structures.com\/?page_id=279","url":"http:\/\/estructuras-de-impacto.impact-structures.com\/?page_id=279","name":"Diques de brechas - ERNSTSON CLAUDIN ESTRUCTURAS DE IMPACTO - CR\u00c1TERES METEOR\u00cdTICOS","isPartOf":{"@id":"http:\/\/estructuras-de-impacto.impact-structures.com\/#website"},"primaryImageOfPage":{"@id":"http:\/\/estructuras-de-impacto.impact-structures.com\/?page_id=279#primaryimage"},"image":{"@id":"http:\/\/estructuras-de-impacto.impact-structures.com\/?page_id=279#primaryimage"},"thumbnailUrl":"http:\/\/www.impact-structures.com\/spain\/rubielos-breccia-dikes\/image002.gif","datePublished":"2011-12-03T13:26:15+00:00","dateModified":"2012-05-26T10:05:20+00:00","breadcrumb":{"@id":"http:\/\/estructuras-de-impacto.impact-structures.com\/?page_id=279#breadcrumb"},"inLanguage":"es","potentialAction":[{"@type":"ReadAction","target":["http:\/\/estructuras-de-impacto.impact-structures.com\/?page_id=279"]}]},{"@type":"ImageObject","inLanguage":"es","@id":"http:\/\/estructuras-de-impacto.impact-structures.com\/?page_id=279#primaryimage","url":"http:\/\/www.impact-structures.com\/spain\/rubielos-breccia-dikes\/image002.gif","contentUrl":"http:\/\/www.impact-structures.com\/spain\/rubielos-breccia-dikes\/image002.gif"},{"@type":"BreadcrumbList","@id":"http:\/\/estructuras-de-impacto.impact-structures.com\/?page_id=279#breadcrumb","itemListElement":[{"@type":"ListItem","position":1,"name":"Portada","item":"http:\/\/estructuras-de-impacto.impact-structures.com\/"},{"@type":"ListItem","position":2,"name":"Las estructuras de impacto en Espa\u00f1a","item":"http:\/\/estructuras-de-impacto.impact-structures.com\/?page_id=1404"},{"@type":"ListItem","position":3,"name":"La cuenca de impacto de Rubielos de la C\u00e9rida","item":"http:\/\/estructuras-de-impacto.impact-structures.com\/?page_id=1417"},{"@type":"ListItem","position":4,"name":"Diques de brechas"}]},{"@type":"WebSite","@id":"http:\/\/estructuras-de-impacto.impact-structures.com\/#website","url":"http:\/\/estructuras-de-impacto.impact-structures.com\/","name":"ERNSTSON CLAUDIN ESTRUCTURAS DE IMPACTO - CR\u00c1TERES METEOR\u00cdTICOS","description":"Investigaci\u00f3n sobre la geolog\u00eda, geof\u00edsica, y petrolog\u00eda","potentialAction":[{"@type":"SearchAction","target":{"@type":"EntryPoint","urlTemplate":"http:\/\/estructuras-de-impacto.impact-structures.com\/?s={search_term_string}"},"query-input":{"@type":"PropertyValueSpecification","valueRequired":true,"valueName":"search_term_string"}}],"inLanguage":"es"}]}},"_links":{"self":[{"href":"http:\/\/estructuras-de-impacto.impact-structures.com\/index.php?rest_route=\/wp\/v2\/pages\/279","targetHints":{"allow":["GET"]}}],"collection":[{"href":"http:\/\/estructuras-de-impacto.impact-structures.com\/index.php?rest_route=\/wp\/v2\/pages"}],"about":[{"href":"http:\/\/estructuras-de-impacto.impact-structures.com\/index.php?rest_route=\/wp\/v2\/types\/page"}],"author":[{"embeddable":true,"href":"http:\/\/estructuras-de-impacto.impact-structures.com\/index.php?rest_route=\/wp\/v2\/users\/1"}],"replies":[{"embeddable":true,"href":"http:\/\/estructuras-de-impacto.impact-structures.com\/index.php?rest_route=%2Fwp%2Fv2%2Fcomments&post=279"}],"version-history":[{"count":0,"href":"http:\/\/estructuras-de-impacto.impact-structures.com\/index.php?rest_route=\/wp\/v2\/pages\/279\/revisions"}],"up":[{"embeddable":true,"href":"http:\/\/estructuras-de-impacto.impact-structures.com\/index.php?rest_route=\/wp\/v2\/pages\/1417"}],"wp:attachment":[{"href":"http:\/\/estructuras-de-impacto.impact-structures.com\/index.php?rest_route=%2Fwp%2Fv2%2Fmedia&parent=279"}],"curies":[{"name":"wp","href":"https:\/\/api.w.org\/{rel}","templated":true}]}}