{"id":26,"date":"2011-12-01T13:34:45","date_gmt":"2011-12-01T13:34:45","guid":{"rendered":"http:\/\/cms.impact-structures.com\/?page_id=26"},"modified":"2012-04-21T09:21:34","modified_gmt":"2012-04-21T09:21:34","slug":"articles-and-contributions","status":"publish","type":"page","link":"http:\/\/estructuras-de-impacto.impact-structures.com\/?page_id=26","title":{"rendered":"Mas contribuciones y enlaces de inter\u00e9s"},"content":{"rendered":"<p>A very interesting article on the Beaverhead impact structure:<\/p>\n<p><a href=\"http:\/\/www.scribd.com\/doc\/64688992\/Beaver-Head-Impact-Crater-K-T-Boundary-Event\" target=\"_blank\">http:\/\/www.scribd.com\/doc\/64688992\/Beaver-Head-Impact-Crater-K-T-Boundary-Event<\/a><\/p>\n<p>\u2026. and here you will find\u00a0<a href=\"http:\/\/www.scribd.com\/tmcelvain_1\" target=\"_blank\">more interesting contributions <\/a>from the author Thornton H. (Tim) McElvain<\/p>\n<p>Tim has been known to us for a long time as a very experienced geologist and impact researcher. Unfortunately, his nice work has largely been ignored by the impact establishment, the so-called impact \u00abcommunity\u00bb.<\/p>\n<p>The impact structures homepage of Tim McElvain may be clicked here:<\/p>\n<p><a href=\"http:\/\/www.impactstructure.net\/proposed-impact-structure.html\" target=\"_blank\">http:\/\/www.impactstructure.net\/proposed-impact-structure.html<\/a><\/p>\n<p>*************************************************************<\/p>\n<p><strong><a href=\"http:\/\/www.impact-structures.com\/references\/articles-and-contributions\/\" target=\"_blank\">The Azuara impact event in the Spanish TV<\/a><\/strong><\/p>\n<p>with Comment by F. Claudin &amp; K. Ernstson<\/p>\n<p>******************************************************************<\/p>\n<p><strong><a href=\"http:\/\/www.impact-structures.com\/Exkursion.pdf\" target=\"_blank\">A field trip to the Azuara and Rubielos de la C\u00e9rida impact structures (in Spanish)<\/a><\/strong><\/p>\n<p>******************************************************************<\/p>\n<p><strong><a href=\"http:\/\/web.eps.utk.edu\/~faculty\/ifsg.htm\">Impact Field Studies Group<\/a>\u00a0<\/strong><\/p>\n<p>******************************************************************<\/p>\n<p><strong><a href=\"http:\/\/www.somerikko.net\/\" target=\"_blank\">Homepages of Jarmo Moilanen\u00a0<\/a><\/strong><\/p>\n<p><a href=\"http:\/\/www.somerikko.net\/impacts\/database.php\" target=\"_blank\">and his Impact Database\u00a0<\/a><\/p>\n<p>********************************************************************<\/p>\n<p><a href=\"http:\/\/tsun.sscc.ru\/nh\/impact.php\" target=\"_blank\">Earth Impact database\u00a0<\/a><\/p>\n<p><span class=\"Apple-style-span\" style=\"font-weight: bold; color: #000000;\">Expert Database on Earth Impact Structures (EDEIS)<\/span><\/p>\n<p>******************************************************************<\/p>\n<p><a href=\"http:\/\/www.azuara.org\/evento\/\" target=\"_blank\">The Azuara impact event<\/a><\/p>\n<p>EL EVENTO DE AZUARA<\/p>\n<p>permanent exhibition on the Azuara impact event in the townhall of Azuara<\/p>\n<p>The posters may be clicked <a href=\"http:\/\/www.azuara.org\/evento\/\" target=\"_blank\">HERE<\/a>.<\/p>\n<p>******************************************************************<\/p>\n<p>Wikipedia\u00a0<a href=\"http:\/\/en.wikipedia.org\/wiki\/Azuara_impact_structure\">http:\/\/en.wikipedia.org\/wiki\/Azuara_impact_structure<\/a><\/p>\n<p>********************************************************************<\/p>\n<p>Wikipedia\u00a0<a href=\"http:\/\/es.wikipedia.org\/wiki\/Estructura_de_impacto_de_Azuara\" target=\"_blank\">http:\/\/es.wikipedia.org\/wiki\/Estructura_de_impacto_de_Azuara<\/a><\/p>\n<p>********************************************************************<\/p>\n<p>dmoz, Open Directory Project<\/p>\n<p><a href=\"http:\/\/www.dmoz.org\/Science\/Earth_Sciences\/Geology\/Geomorphology\/Impact_Craters\/\" target=\"_blank\">http:\/\/www.dmoz.org\/Science\/Earth_Sciences\/Geology\/Geomorphology\/Impact_Craters\/<\/a><\/p>\n<p>**********************************************************************<\/p>\n<p>Tsunami Laboratory, Institute of Computational Mathematics and Mathematical Geophysics Siberian Division Russian Academy of Sciences Head of the Laboratory: Dr. Viacheslav K. Gusiakov\u00a0<a href=\"http:\/\/tsun.sscc.ru\/tsun_hp.htm\" target=\"_blank\">http:\/\/tsun.sscc.ru\/tsun_hp.htm<\/a><\/p>\n<p>***********************************************************************<\/p>\n<p><a href=\"http:\/\/www.chiemgau-impact.com\/\" target=\"_blank\">The Chiemgau impact (Germany) website<\/a><\/p>\n<p>*********************************************************************<\/p>\n<p><a href=\"http:\/\/www.impaktstrukturen.de\/\" target=\"_blank\">German version of www.impact-structures.com<\/a><\/p>\n<p>********************************************************************<\/p>\n<p><a href=\"http:\/\/www.chiemgau-impakt.de\/\">German version of the Chiemgau impact website<\/a><\/p>\n<p>*****************************************************************<\/p>\n<p>Book download TRACES OF CATASTROPHY\u00a0<a href=\"http:\/\/www.lpi.usra.edu\/publications\/books\/CB-954\/CB-954.intro.html\">http:\/\/www.lpi.usra.edu\/publications\/books\/CB-954\/CB-954.intro.html<\/a><\/p>\n<p>&nbsp;<\/p>\n<p>***************************************************************<\/p>\n<p>Impact cratering: simple computer programs\u00a0<a href=\"http:\/\/www.lpl.arizona.edu\/tekton\/crater.html\">http:\/\/www.lpl.arizona.edu\/tekton\/crater.html<\/a><\/p>\n<p>***************************************************************<\/p>\n<p>NASA Deep Impact Mission website\u00a0<a href=\"http:\/\/www.nasa.gov\/mission_pages\/deepimpact\/main\/index.html\">http:\/\/www.nasa.gov\/mission_pages\/deepimpact\/main\/index.html<\/a><\/p>\n<p>**************************************************************<\/p>\n<h2>A possible miniature meteorite crater fossilized in a Triassic sandstone<\/h2>\n<p><a href=\"http:\/\/cms.impact-structures.com\/wp-content\/uploads\/2011\/12\/minikrater.png\"><img loading=\"lazy\" decoding=\"async\" class=\"alignnone size-full wp-image-418\" title=\"minikrater\" src=\"http:\/\/cms.impact-structures.com\/wp-content\/uploads\/2011\/12\/minikrater.png\" alt=\"\" width=\"622\" height=\"556\" \/><\/a>\u00a0This sandstone sample has been found in a Buntsandstein outcrop near the town of W\u00fcrzburg. A surface of well-developed ripple marks is disordered by a circular 5-cm diameter depression which is about 1.5 cm deep. A central mound is developed as well as a wreath of evidently excavated material at the rim of the structure. Such features may originate from a small pebble falling to a muddy ground. But in Buntsandstein times, who threw a pebble to the ripple-marked ground? Similar to well-known fossil raindrop remains in Buntsandstein sandstones and quartzites, the fall of a big hailstone may be considered, although its melting would rather produce a pit instead of a mound.<\/p>\n<p align=\"LEFT\">On the other hand, rust-stains are observed to occur at the central mound. Therefore, the fall of a small iron meteorite (now weathered) to form the miniature crater may be a reasonable explanation. Geochemical analyses are outstanding so far.<\/p>\n","protected":false},"excerpt":{"rendered":"<p>A very interesting article on the Beaverhead impact structure: http:\/\/www.scribd.com\/doc\/64688992\/Beaver-Head-Impact-Crater-K-T-Boundary-Event \u2026. and here you will find\u00a0more interesting contributions from the author Thornton H. (Tim) McElvain Tim has been known to us for a long time as a very experienced geologist and impact researcher. Unfortunately, his nice work has largely been ignored by the impact establishment, &hellip; <a href=\"http:\/\/estructuras-de-impacto.impact-structures.com\/?page_id=26\" class=\"more-link\">Continuar leyendo<span class=\"screen-reader-text\"> \u00abMas contribuciones y enlaces de inter\u00e9s\u00bb<\/span><\/a><\/p>\n","protected":false},"author":1,"featured_media":0,"parent":0,"menu_order":0,"comment_status":"closed","ping_status":"closed","template":"sidebar-page.php","meta":{"footnotes":""},"class_list":["post-26","page","type-page","status-publish","hentry"],"yoast_head":"<!-- This site is optimized with the Yoast SEO plugin v27.3 - https:\/\/yoast.com\/product\/yoast-seo-wordpress\/ -->\n<title>Mas contribuciones y enlaces de inter\u00e9s - ERNSTSON CLAUDIN ESTRUCTURAS DE IMPACTO - CR\u00c1TERES METEOR\u00cdTICOS<\/title>\n<meta name=\"robots\" content=\"index, follow, max-snippet:-1, max-image-preview:large, max-video-preview:-1\" \/>\n<link rel=\"canonical\" href=\"http:\/\/estructuras-de-impacto.impact-structures.com\/?page_id=26\" \/>\n<meta property=\"og:locale\" content=\"es_ES\" \/>\n<meta property=\"og:type\" content=\"article\" \/>\n<meta property=\"og:title\" content=\"Mas contribuciones y enlaces de inter\u00e9s - ERNSTSON CLAUDIN ESTRUCTURAS DE IMPACTO - CR\u00c1TERES METEOR\u00cdTICOS\" \/>\n<meta property=\"og:description\" content=\"A very interesting article on the Beaverhead impact structure: http:\/\/www.scribd.com\/doc\/64688992\/Beaver-Head-Impact-Crater-K-T-Boundary-Event \u2026. and here you will find\u00a0more interesting contributions from the author Thornton H. (Tim) McElvain Tim has been known to us for a long time as a very experienced geologist and impact researcher. Unfortunately, his nice work has largely been ignored by the impact establishment, &hellip; Continuar leyendo &quot;Mas contribuciones y enlaces de inter\u00e9s&quot;\" \/>\n<meta property=\"og:url\" content=\"http:\/\/estructuras-de-impacto.impact-structures.com\/?page_id=26\" \/>\n<meta property=\"og:site_name\" content=\"ERNSTSON CLAUDIN ESTRUCTURAS DE IMPACTO - CR\u00c1TERES METEOR\u00cdTICOS\" \/>\n<meta property=\"article:modified_time\" content=\"2012-04-21T09:21:34+00:00\" \/>\n<meta property=\"og:image\" content=\"http:\/\/cms.impact-structures.com\/wp-content\/uploads\/2011\/12\/minikrater.png\" \/>\n<meta name=\"twitter:card\" content=\"summary_large_image\" \/>\n<meta name=\"twitter:label1\" content=\"Tiempo de lectura\" \/>\n\t<meta name=\"twitter:data1\" content=\"2 minutos\" \/>\n<script type=\"application\/ld+json\" class=\"yoast-schema-graph\">{\"@context\":\"https:\\\/\\\/schema.org\",\"@graph\":[{\"@type\":\"WebPage\",\"@id\":\"http:\\\/\\\/estructuras-de-impacto.impact-structures.com\\\/?page_id=26\",\"url\":\"http:\\\/\\\/estructuras-de-impacto.impact-structures.com\\\/?page_id=26\",\"name\":\"Mas contribuciones y enlaces de inter\u00e9s - ERNSTSON CLAUDIN ESTRUCTURAS DE IMPACTO - CR\u00c1TERES METEOR\u00cdTICOS\",\"isPartOf\":{\"@id\":\"http:\\\/\\\/estructuras-de-impacto.impact-structures.com\\\/#website\"},\"primaryImageOfPage\":{\"@id\":\"http:\\\/\\\/estructuras-de-impacto.impact-structures.com\\\/?page_id=26#primaryimage\"},\"image\":{\"@id\":\"http:\\\/\\\/estructuras-de-impacto.impact-structures.com\\\/?page_id=26#primaryimage\"},\"thumbnailUrl\":\"http:\\\/\\\/cms.impact-structures.com\\\/wp-content\\\/uploads\\\/2011\\\/12\\\/minikrater.png\",\"datePublished\":\"2011-12-01T13:34:45+00:00\",\"dateModified\":\"2012-04-21T09:21:34+00:00\",\"breadcrumb\":{\"@id\":\"http:\\\/\\\/estructuras-de-impacto.impact-structures.com\\\/?page_id=26#breadcrumb\"},\"inLanguage\":\"es\",\"potentialAction\":[{\"@type\":\"ReadAction\",\"target\":[\"http:\\\/\\\/estructuras-de-impacto.impact-structures.com\\\/?page_id=26\"]}]},{\"@type\":\"ImageObject\",\"inLanguage\":\"es\",\"@id\":\"http:\\\/\\\/estructuras-de-impacto.impact-structures.com\\\/?page_id=26#primaryimage\",\"url\":\"http:\\\/\\\/cms.impact-structures.com\\\/wp-content\\\/uploads\\\/2011\\\/12\\\/minikrater.png\",\"contentUrl\":\"http:\\\/\\\/cms.impact-structures.com\\\/wp-content\\\/uploads\\\/2011\\\/12\\\/minikrater.png\"},{\"@type\":\"BreadcrumbList\",\"@id\":\"http:\\\/\\\/estructuras-de-impacto.impact-structures.com\\\/?page_id=26#breadcrumb\",\"itemListElement\":[{\"@type\":\"ListItem\",\"position\":1,\"name\":\"Portada\",\"item\":\"http:\\\/\\\/estructuras-de-impacto.impact-structures.com\\\/\"},{\"@type\":\"ListItem\",\"position\":2,\"name\":\"Mas contribuciones y enlaces de inter\u00e9s\"}]},{\"@type\":\"WebSite\",\"@id\":\"http:\\\/\\\/estructuras-de-impacto.impact-structures.com\\\/#website\",\"url\":\"http:\\\/\\\/estructuras-de-impacto.impact-structures.com\\\/\",\"name\":\"ERNSTSON CLAUDIN ESTRUCTURAS DE IMPACTO - CR\u00c1TERES METEOR\u00cdTICOS\",\"description\":\"Investigaci\u00f3n sobre la geolog\u00eda, geof\u00edsica, y petrolog\u00eda\",\"potentialAction\":[{\"@type\":\"SearchAction\",\"target\":{\"@type\":\"EntryPoint\",\"urlTemplate\":\"http:\\\/\\\/estructuras-de-impacto.impact-structures.com\\\/?s={search_term_string}\"},\"query-input\":{\"@type\":\"PropertyValueSpecification\",\"valueRequired\":true,\"valueName\":\"search_term_string\"}}],\"inLanguage\":\"es\"}]}<\/script>\n<!-- \/ Yoast SEO plugin. -->","yoast_head_json":{"title":"Mas contribuciones y enlaces de inter\u00e9s - ERNSTSON CLAUDIN ESTRUCTURAS DE IMPACTO - CR\u00c1TERES METEOR\u00cdTICOS","robots":{"index":"index","follow":"follow","max-snippet":"max-snippet:-1","max-image-preview":"max-image-preview:large","max-video-preview":"max-video-preview:-1"},"canonical":"http:\/\/estructuras-de-impacto.impact-structures.com\/?page_id=26","og_locale":"es_ES","og_type":"article","og_title":"Mas contribuciones y enlaces de inter\u00e9s - ERNSTSON CLAUDIN ESTRUCTURAS DE IMPACTO - CR\u00c1TERES METEOR\u00cdTICOS","og_description":"A very interesting article on the Beaverhead impact structure: http:\/\/www.scribd.com\/doc\/64688992\/Beaver-Head-Impact-Crater-K-T-Boundary-Event \u2026. and here you will find\u00a0more interesting contributions from the author Thornton H. (Tim) McElvain Tim has been known to us for a long time as a very experienced geologist and impact researcher. Unfortunately, his nice work has largely been ignored by the impact establishment, &hellip; Continuar leyendo \"Mas contribuciones y enlaces de inter\u00e9s\"","og_url":"http:\/\/estructuras-de-impacto.impact-structures.com\/?page_id=26","og_site_name":"ERNSTSON CLAUDIN ESTRUCTURAS DE IMPACTO - CR\u00c1TERES METEOR\u00cdTICOS","article_modified_time":"2012-04-21T09:21:34+00:00","og_image":[{"url":"http:\/\/cms.impact-structures.com\/wp-content\/uploads\/2011\/12\/minikrater.png","type":"","width":"","height":""}],"twitter_card":"summary_large_image","twitter_misc":{"Tiempo de lectura":"2 minutos"},"schema":{"@context":"https:\/\/schema.org","@graph":[{"@type":"WebPage","@id":"http:\/\/estructuras-de-impacto.impact-structures.com\/?page_id=26","url":"http:\/\/estructuras-de-impacto.impact-structures.com\/?page_id=26","name":"Mas contribuciones y enlaces de inter\u00e9s - ERNSTSON CLAUDIN ESTRUCTURAS DE IMPACTO - CR\u00c1TERES METEOR\u00cdTICOS","isPartOf":{"@id":"http:\/\/estructuras-de-impacto.impact-structures.com\/#website"},"primaryImageOfPage":{"@id":"http:\/\/estructuras-de-impacto.impact-structures.com\/?page_id=26#primaryimage"},"image":{"@id":"http:\/\/estructuras-de-impacto.impact-structures.com\/?page_id=26#primaryimage"},"thumbnailUrl":"http:\/\/cms.impact-structures.com\/wp-content\/uploads\/2011\/12\/minikrater.png","datePublished":"2011-12-01T13:34:45+00:00","dateModified":"2012-04-21T09:21:34+00:00","breadcrumb":{"@id":"http:\/\/estructuras-de-impacto.impact-structures.com\/?page_id=26#breadcrumb"},"inLanguage":"es","potentialAction":[{"@type":"ReadAction","target":["http:\/\/estructuras-de-impacto.impact-structures.com\/?page_id=26"]}]},{"@type":"ImageObject","inLanguage":"es","@id":"http:\/\/estructuras-de-impacto.impact-structures.com\/?page_id=26#primaryimage","url":"http:\/\/cms.impact-structures.com\/wp-content\/uploads\/2011\/12\/minikrater.png","contentUrl":"http:\/\/cms.impact-structures.com\/wp-content\/uploads\/2011\/12\/minikrater.png"},{"@type":"BreadcrumbList","@id":"http:\/\/estructuras-de-impacto.impact-structures.com\/?page_id=26#breadcrumb","itemListElement":[{"@type":"ListItem","position":1,"name":"Portada","item":"http:\/\/estructuras-de-impacto.impact-structures.com\/"},{"@type":"ListItem","position":2,"name":"Mas contribuciones y enlaces de inter\u00e9s"}]},{"@type":"WebSite","@id":"http:\/\/estructuras-de-impacto.impact-structures.com\/#website","url":"http:\/\/estructuras-de-impacto.impact-structures.com\/","name":"ERNSTSON CLAUDIN ESTRUCTURAS DE IMPACTO - CR\u00c1TERES METEOR\u00cdTICOS","description":"Investigaci\u00f3n sobre la geolog\u00eda, geof\u00edsica, y petrolog\u00eda","potentialAction":[{"@type":"SearchAction","target":{"@type":"EntryPoint","urlTemplate":"http:\/\/estructuras-de-impacto.impact-structures.com\/?s={search_term_string}"},"query-input":{"@type":"PropertyValueSpecification","valueRequired":true,"valueName":"search_term_string"}}],"inLanguage":"es"}]}},"_links":{"self":[{"href":"http:\/\/estructuras-de-impacto.impact-structures.com\/index.php?rest_route=\/wp\/v2\/pages\/26","targetHints":{"allow":["GET"]}}],"collection":[{"href":"http:\/\/estructuras-de-impacto.impact-structures.com\/index.php?rest_route=\/wp\/v2\/pages"}],"about":[{"href":"http:\/\/estructuras-de-impacto.impact-structures.com\/index.php?rest_route=\/wp\/v2\/types\/page"}],"author":[{"embeddable":true,"href":"http:\/\/estructuras-de-impacto.impact-structures.com\/index.php?rest_route=\/wp\/v2\/users\/1"}],"replies":[{"embeddable":true,"href":"http:\/\/estructuras-de-impacto.impact-structures.com\/index.php?rest_route=%2Fwp%2Fv2%2Fcomments&post=26"}],"version-history":[{"count":0,"href":"http:\/\/estructuras-de-impacto.impact-structures.com\/index.php?rest_route=\/wp\/v2\/pages\/26\/revisions"}],"wp:attachment":[{"href":"http:\/\/estructuras-de-impacto.impact-structures.com\/index.php?rest_route=%2Fwp%2Fv2%2Fmedia&parent=26"}],"curies":[{"name":"wp","href":"https:\/\/api.w.org\/{rel}","templated":true}]}}