{"id":24,"date":"2011-12-01T13:33:48","date_gmt":"2011-12-01T13:33:48","guid":{"rendered":"http:\/\/cms.impact-structures.com\/?page_id=24"},"modified":"2012-07-14T13:21:03","modified_gmt":"2012-07-14T13:21:03","slug":"geophysics-of-impact-structures-2","status":"publish","type":"page","link":"http:\/\/estructuras-de-impacto.impact-structures.com\/?page_id=24","title":{"rendered":"Geof\u00edsica de las estructuras de impacto"},"content":{"rendered":"<p>Las medidas geof\u00edsicas han jugado siempre un papel importante en la investigaci\u00f3n y estudio de los cr\u00e1teres de impacto (estructuras de impacto). Probablemente, los primeros estudios fueron realizados en el cr\u00e1ter de Ries en Alemania. Tan pronto como en 1897 (y posteriormente en 1922 y 1926) las mediciones con el p\u00e9ndulo mostraron la existencia de una gravedad m\u00ednima y una m\u00e1xima, parcialmente correlacionadas con las anomal\u00edas magn\u00e9ticas de las mediciones publicadas en el a\u00f1o 1904. En esa \u00e9poca, el cr\u00e1ter de Ries (N\u00f6rdlinger Ries) de 25 Km de di\u00e1metro era considerado como una estructura geol\u00f3gica que se hab\u00eda formado por procesos end\u00f3genos ligados al volcanismo.<span class=\"Apple-style-span\" style=\"color: #ff0000;\">An<\/span><\/p>\n<p>Un primer estudio magn\u00e9tico fue tambi\u00e9n realizado en el cr\u00e1ter Meteor (cr\u00e1ter de Barringer) en 1910. En esa \u00e9poca, el origen de esta excepcional estructura geol\u00f3gica estaba envuelto en una intensa disputa, y las mediciones magn\u00e9ticas fueron llevadas a t\u00e9rmino a fin de localizar el gran proyectil met\u00e1lico enterrado en profundidad que se supon\u00eda que deb\u00eda existir si su origen era por impacto. Como hoy en d\u00eda sabemos, las mediciones y algunos sondeos realizados antes y despu\u00e9s del estudio magn\u00e9tico no tuvieron ning\u00fan resultado.<\/p>\n<p><img loading=\"lazy\" decoding=\"async\" src=\"http:\/\/www.impact-structures.com\/geophysic\/geophysics\/image002.gif\" alt=\"Image002\" width=\"293\" height=\"253\" \/><\/p>\n<p><span style=\"color: #000000;\">Fig. 1.\u00a0S\u00edsmica de reflexi\u00f3n; estructura de impacto de Ries (Alemania) <\/span><\/p>\n<p>En la segunda mitad del siglo 20 cuando la aceptaci\u00f3n de la realidad de los impactos de meteoritos sobre la Tierra creci\u00f3, la aplicaci\u00f3n de mediciones geof\u00edsicas para el estudio de cr\u00e1teres tambi\u00e9n se increment\u00f3. En algunos casos, sus resultados fueron utilizados para argumentar a favor de una u otra de las hip\u00f3tesis planteadas para su formaci\u00f3n, a saber: origen endog\u00e9nico o por impacto meteor\u00edtico. Cuando en los a\u00f1os cincuenta los estudios magn\u00e9ticos revelaron intensas anomal\u00edas en la cuenca de Ries, \u00e9stas fueron atribuidas a las rocas bas\u00e1lticas que estaban situadas por debajo de los sedimentos Terciarios de la cuenca. De este modo se probaba el origen volc\u00e1nico del cr\u00e1er de Ries. 10-20 a\u00f1os despu\u00e9s, se demostr\u00f3 que las suevitas de Ries, consideradas por entonces una variedad especial de rocas volc\u00e1nicas, pod\u00edan estar intensamente magnetizadas. Posteriores sondeos en la cuenca nunca encontaron los basaltos sino siempre suevitas de impacto como causa de las anomal\u00edas magn\u00e9ticas detectadas.<\/p>\n<p><img loading=\"lazy\" decoding=\"async\" src=\"http:\/\/www.impact-structures.com\/geophysic\/geophysics\/image004.gif\" alt=\"Image004\" width=\"293\" height=\"135\" \/><\/p>\n<p><span style=\"color: #000000;\">Fig. 2. Perfil gravim\u00e9trico del cr\u00e1ter Wolfe Creek (Australia). Modificado de Fudali (1979).\u00a0\u00a0<\/span><\/p>\n<p>En m\u00e1s de un aspecto, las mediciones geof\u00edsicas han contribuido a la investigaci\u00f3n de los impactos como es el caso del descubrimiento de cr\u00e1teres enterrados profundamente en y bajo sedimentos m\u00e1s antiguos. En la mayor\u00eda de los casos, la s\u00edsmica de reflexi\u00f3n desarrollada para la exploraci\u00f3n de gas y petr\u00f3leo ha permitido delimitar las estructuras de impacto a trav\u00e9s de sus rasgos estructurales t\u00edpicos tales como anillos, levantamientos centrales y reflectores que finalizan de manera brusca, as\u00ed como por velocidades s\u00edsmicas reducidas debido a la brechificaci\u00f3n por impacto y la microfracturaci\u00f3n. Tambi\u00e9n la famosa estructura de impacto de Chicxulub \u2013 relacionada con la extinci\u00f3n en masa del K\/T (Crat\u00e1cico\/Terciario) \u2013 fue descubierto mediante la geof\u00edsica. Tan solo recientemente, los resultados de las mediciones por gravedad desde sat\u00e9lite y las im\u00e1genes por radar han permitido identificar una gigantesca estructura de impacto de unos 500 Km de di\u00e1metro (\u201cEl cr\u00e1ter de la tierra de Wilkes\u201d enterrado bajo la cubierta de hielo ant\u00e1rtica (ver: <a href=\"http:\/\/en.wikipedia.org\/wiki\/Wilkes_Land_crater\">http:\/\/en.wikipedia.org\/wiki\/Wilkes_Land_crater<\/a> )<\/p>\n<p>&nbsp;<\/p>\n<p>Aqu\u00ed nos centraremos en las aplicaciones generales posibles de las mediciones geof\u00edsicas en las estructuras de impacto mediante el uso de los m\u00e9todos gravim\u00e9trico, geomagn\u00e9tico, s\u00edsmico, geoel\u00e9ctrico y geot\u00e9rmico, ilustr\u00e1ndolas con unos pocos ejemplos de diversas estructuras de impacto.<\/p>\n","protected":false},"excerpt":{"rendered":"<p>Las medidas geof\u00edsicas han jugado siempre un papel importante en la investigaci\u00f3n y estudio de los cr\u00e1teres de impacto (estructuras de impacto). Probablemente, los primeros estudios fueron realizados en el cr\u00e1ter de Ries en Alemania. Tan pronto como en 1897 (y posteriormente en 1922 y 1926) las mediciones con el p\u00e9ndulo mostraron la existencia de &hellip; <a href=\"http:\/\/estructuras-de-impacto.impact-structures.com\/?page_id=24\" class=\"more-link\">Continuar leyendo<span class=\"screen-reader-text\"> \u00abGeof\u00edsica de las estructuras de impacto\u00bb<\/span><\/a><\/p>\n","protected":false},"author":1,"featured_media":0,"parent":0,"menu_order":8,"comment_status":"closed","ping_status":"closed","template":"sidebar-page.php","meta":{"footnotes":""},"class_list":["post-24","page","type-page","status-publish","hentry"],"yoast_head":"<!-- This site is optimized with the Yoast SEO plugin v27.3 - https:\/\/yoast.com\/product\/yoast-seo-wordpress\/ -->\n<title>Geof\u00edsica de las estructuras de impacto - ERNSTSON CLAUDIN ESTRUCTURAS DE IMPACTO - CR\u00c1TERES METEOR\u00cdTICOS<\/title>\n<meta name=\"robots\" content=\"index, follow, max-snippet:-1, max-image-preview:large, max-video-preview:-1\" \/>\n<link rel=\"canonical\" href=\"http:\/\/estructuras-de-impacto.impact-structures.com\/?page_id=24\" \/>\n<meta property=\"og:locale\" content=\"es_ES\" \/>\n<meta property=\"og:type\" content=\"article\" \/>\n<meta property=\"og:title\" content=\"Geof\u00edsica de las estructuras de impacto - ERNSTSON CLAUDIN ESTRUCTURAS DE IMPACTO - CR\u00c1TERES METEOR\u00cdTICOS\" \/>\n<meta property=\"og:description\" content=\"Las medidas geof\u00edsicas han jugado siempre un papel importante en la investigaci\u00f3n y estudio de los cr\u00e1teres de impacto (estructuras de impacto). Probablemente, los primeros estudios fueron realizados en el cr\u00e1ter de Ries en Alemania. Tan pronto como en 1897 (y posteriormente en 1922 y 1926) las mediciones con el p\u00e9ndulo mostraron la existencia de &hellip; Continuar leyendo &quot;Geof\u00edsica de las estructuras de impacto&quot;\" \/>\n<meta property=\"og:url\" content=\"http:\/\/estructuras-de-impacto.impact-structures.com\/?page_id=24\" \/>\n<meta property=\"og:site_name\" content=\"ERNSTSON CLAUDIN ESTRUCTURAS DE IMPACTO - CR\u00c1TERES METEOR\u00cdTICOS\" \/>\n<meta property=\"article:modified_time\" content=\"2012-07-14T13:21:03+00:00\" \/>\n<meta property=\"og:image\" content=\"http:\/\/www.impact-structures.com\/geophysic\/geophysics\/image002.gif\" \/>\n<meta name=\"twitter:card\" content=\"summary_large_image\" \/>\n<meta name=\"twitter:label1\" content=\"Tiempo de lectura\" \/>\n\t<meta name=\"twitter:data1\" content=\"3 minutos\" \/>\n<script type=\"application\/ld+json\" class=\"yoast-schema-graph\">{\"@context\":\"https:\\\/\\\/schema.org\",\"@graph\":[{\"@type\":\"WebPage\",\"@id\":\"http:\\\/\\\/estructuras-de-impacto.impact-structures.com\\\/?page_id=24\",\"url\":\"http:\\\/\\\/estructuras-de-impacto.impact-structures.com\\\/?page_id=24\",\"name\":\"Geof\u00edsica de las estructuras de impacto - ERNSTSON CLAUDIN ESTRUCTURAS DE IMPACTO - CR\u00c1TERES METEOR\u00cdTICOS\",\"isPartOf\":{\"@id\":\"http:\\\/\\\/estructuras-de-impacto.impact-structures.com\\\/#website\"},\"primaryImageOfPage\":{\"@id\":\"http:\\\/\\\/estructuras-de-impacto.impact-structures.com\\\/?page_id=24#primaryimage\"},\"image\":{\"@id\":\"http:\\\/\\\/estructuras-de-impacto.impact-structures.com\\\/?page_id=24#primaryimage\"},\"thumbnailUrl\":\"http:\\\/\\\/www.impact-structures.com\\\/geophysic\\\/geophysics\\\/image002.gif\",\"datePublished\":\"2011-12-01T13:33:48+00:00\",\"dateModified\":\"2012-07-14T13:21:03+00:00\",\"breadcrumb\":{\"@id\":\"http:\\\/\\\/estructuras-de-impacto.impact-structures.com\\\/?page_id=24#breadcrumb\"},\"inLanguage\":\"es\",\"potentialAction\":[{\"@type\":\"ReadAction\",\"target\":[\"http:\\\/\\\/estructuras-de-impacto.impact-structures.com\\\/?page_id=24\"]}]},{\"@type\":\"ImageObject\",\"inLanguage\":\"es\",\"@id\":\"http:\\\/\\\/estructuras-de-impacto.impact-structures.com\\\/?page_id=24#primaryimage\",\"url\":\"http:\\\/\\\/www.impact-structures.com\\\/geophysic\\\/geophysics\\\/image002.gif\",\"contentUrl\":\"http:\\\/\\\/www.impact-structures.com\\\/geophysic\\\/geophysics\\\/image002.gif\"},{\"@type\":\"BreadcrumbList\",\"@id\":\"http:\\\/\\\/estructuras-de-impacto.impact-structures.com\\\/?page_id=24#breadcrumb\",\"itemListElement\":[{\"@type\":\"ListItem\",\"position\":1,\"name\":\"Portada\",\"item\":\"http:\\\/\\\/estructuras-de-impacto.impact-structures.com\\\/\"},{\"@type\":\"ListItem\",\"position\":2,\"name\":\"Geof\u00edsica de las estructuras de impacto\"}]},{\"@type\":\"WebSite\",\"@id\":\"http:\\\/\\\/estructuras-de-impacto.impact-structures.com\\\/#website\",\"url\":\"http:\\\/\\\/estructuras-de-impacto.impact-structures.com\\\/\",\"name\":\"ERNSTSON CLAUDIN ESTRUCTURAS DE IMPACTO - CR\u00c1TERES METEOR\u00cdTICOS\",\"description\":\"Investigaci\u00f3n sobre la geolog\u00eda, geof\u00edsica, y petrolog\u00eda\",\"potentialAction\":[{\"@type\":\"SearchAction\",\"target\":{\"@type\":\"EntryPoint\",\"urlTemplate\":\"http:\\\/\\\/estructuras-de-impacto.impact-structures.com\\\/?s={search_term_string}\"},\"query-input\":{\"@type\":\"PropertyValueSpecification\",\"valueRequired\":true,\"valueName\":\"search_term_string\"}}],\"inLanguage\":\"es\"}]}<\/script>\n<!-- \/ Yoast SEO plugin. -->","yoast_head_json":{"title":"Geof\u00edsica de las estructuras de impacto - ERNSTSON CLAUDIN ESTRUCTURAS DE IMPACTO - CR\u00c1TERES METEOR\u00cdTICOS","robots":{"index":"index","follow":"follow","max-snippet":"max-snippet:-1","max-image-preview":"max-image-preview:large","max-video-preview":"max-video-preview:-1"},"canonical":"http:\/\/estructuras-de-impacto.impact-structures.com\/?page_id=24","og_locale":"es_ES","og_type":"article","og_title":"Geof\u00edsica de las estructuras de impacto - ERNSTSON CLAUDIN ESTRUCTURAS DE IMPACTO - CR\u00c1TERES METEOR\u00cdTICOS","og_description":"Las medidas geof\u00edsicas han jugado siempre un papel importante en la investigaci\u00f3n y estudio de los cr\u00e1teres de impacto (estructuras de impacto). Probablemente, los primeros estudios fueron realizados en el cr\u00e1ter de Ries en Alemania. Tan pronto como en 1897 (y posteriormente en 1922 y 1926) las mediciones con el p\u00e9ndulo mostraron la existencia de &hellip; Continuar leyendo \"Geof\u00edsica de las estructuras de impacto\"","og_url":"http:\/\/estructuras-de-impacto.impact-structures.com\/?page_id=24","og_site_name":"ERNSTSON CLAUDIN ESTRUCTURAS DE IMPACTO - CR\u00c1TERES METEOR\u00cdTICOS","article_modified_time":"2012-07-14T13:21:03+00:00","og_image":[{"url":"http:\/\/www.impact-structures.com\/geophysic\/geophysics\/image002.gif","type":"","width":"","height":""}],"twitter_card":"summary_large_image","twitter_misc":{"Tiempo de lectura":"3 minutos"},"schema":{"@context":"https:\/\/schema.org","@graph":[{"@type":"WebPage","@id":"http:\/\/estructuras-de-impacto.impact-structures.com\/?page_id=24","url":"http:\/\/estructuras-de-impacto.impact-structures.com\/?page_id=24","name":"Geof\u00edsica de las estructuras de impacto - ERNSTSON CLAUDIN ESTRUCTURAS DE IMPACTO - CR\u00c1TERES METEOR\u00cdTICOS","isPartOf":{"@id":"http:\/\/estructuras-de-impacto.impact-structures.com\/#website"},"primaryImageOfPage":{"@id":"http:\/\/estructuras-de-impacto.impact-structures.com\/?page_id=24#primaryimage"},"image":{"@id":"http:\/\/estructuras-de-impacto.impact-structures.com\/?page_id=24#primaryimage"},"thumbnailUrl":"http:\/\/www.impact-structures.com\/geophysic\/geophysics\/image002.gif","datePublished":"2011-12-01T13:33:48+00:00","dateModified":"2012-07-14T13:21:03+00:00","breadcrumb":{"@id":"http:\/\/estructuras-de-impacto.impact-structures.com\/?page_id=24#breadcrumb"},"inLanguage":"es","potentialAction":[{"@type":"ReadAction","target":["http:\/\/estructuras-de-impacto.impact-structures.com\/?page_id=24"]}]},{"@type":"ImageObject","inLanguage":"es","@id":"http:\/\/estructuras-de-impacto.impact-structures.com\/?page_id=24#primaryimage","url":"http:\/\/www.impact-structures.com\/geophysic\/geophysics\/image002.gif","contentUrl":"http:\/\/www.impact-structures.com\/geophysic\/geophysics\/image002.gif"},{"@type":"BreadcrumbList","@id":"http:\/\/estructuras-de-impacto.impact-structures.com\/?page_id=24#breadcrumb","itemListElement":[{"@type":"ListItem","position":1,"name":"Portada","item":"http:\/\/estructuras-de-impacto.impact-structures.com\/"},{"@type":"ListItem","position":2,"name":"Geof\u00edsica de las estructuras de impacto"}]},{"@type":"WebSite","@id":"http:\/\/estructuras-de-impacto.impact-structures.com\/#website","url":"http:\/\/estructuras-de-impacto.impact-structures.com\/","name":"ERNSTSON CLAUDIN ESTRUCTURAS DE IMPACTO - CR\u00c1TERES METEOR\u00cdTICOS","description":"Investigaci\u00f3n sobre la geolog\u00eda, geof\u00edsica, y petrolog\u00eda","potentialAction":[{"@type":"SearchAction","target":{"@type":"EntryPoint","urlTemplate":"http:\/\/estructuras-de-impacto.impact-structures.com\/?s={search_term_string}"},"query-input":{"@type":"PropertyValueSpecification","valueRequired":true,"valueName":"search_term_string"}}],"inLanguage":"es"}]}},"_links":{"self":[{"href":"http:\/\/estructuras-de-impacto.impact-structures.com\/index.php?rest_route=\/wp\/v2\/pages\/24","targetHints":{"allow":["GET"]}}],"collection":[{"href":"http:\/\/estructuras-de-impacto.impact-structures.com\/index.php?rest_route=\/wp\/v2\/pages"}],"about":[{"href":"http:\/\/estructuras-de-impacto.impact-structures.com\/index.php?rest_route=\/wp\/v2\/types\/page"}],"author":[{"embeddable":true,"href":"http:\/\/estructuras-de-impacto.impact-structures.com\/index.php?rest_route=\/wp\/v2\/users\/1"}],"replies":[{"embeddable":true,"href":"http:\/\/estructuras-de-impacto.impact-structures.com\/index.php?rest_route=%2Fwp%2Fv2%2Fcomments&post=24"}],"version-history":[{"count":0,"href":"http:\/\/estructuras-de-impacto.impact-structures.com\/index.php?rest_route=\/wp\/v2\/pages\/24\/revisions"}],"wp:attachment":[{"href":"http:\/\/estructuras-de-impacto.impact-structures.com\/index.php?rest_route=%2Fwp%2Fv2%2Fmedia&parent=24"}],"curies":[{"name":"wp","href":"https:\/\/api.w.org\/{rel}","templated":true}]}}