{"id":2319,"date":"2012-12-16T12:43:24","date_gmt":"2012-12-16T12:43:24","guid":{"rendered":"http:\/\/estructuras-de-impacto.impact-structures.com\/?page_id=2319"},"modified":"2012-12-26T09:14:35","modified_gmt":"2012-12-26T09:14:35","slug":"topografia","status":"publish","type":"page","link":"http:\/\/estructuras-de-impacto.impact-structures.com\/?page_id=2319","title":{"rendered":"Topograf\u00eda"},"content":{"rendered":"<p><a href=\"http:\/\/estructuras-de-impacto.impact-structures.com\/wp-content\/uploads\/2012\/12\/ries-google-schr\u00e4g.jpg\"><img loading=\"lazy\" decoding=\"async\" class=\"alignnone size-large wp-image-2320\" title=\"Ries Google Earth\" src=\"http:\/\/estructuras-de-impacto.impact-structures.com\/wp-content\/uploads\/2012\/12\/ries-google-schr\u00e4g-1024x656.jpg\" alt=\"imagen Google Earth estructura de impacto de Ries Alemania\" width=\"584\" height=\"374\" srcset=\"http:\/\/estructuras-de-impacto.impact-structures.com\/wp-content\/uploads\/2012\/12\/ries-google-schr\u00e4g-1024x656.jpg 1024w, http:\/\/estructuras-de-impacto.impact-structures.com\/wp-content\/uploads\/2012\/12\/ries-google-schr\u00e4g-300x192.jpg 300w, http:\/\/estructuras-de-impacto.impact-structures.com\/wp-content\/uploads\/2012\/12\/ries-google-schr\u00e4g-468x300.jpg 468w, http:\/\/estructuras-de-impacto.impact-structures.com\/wp-content\/uploads\/2012\/12\/ries-google-schr\u00e4g.jpg 1052w\" sizes=\"auto, (max-width: 584px) 85vw, 584px\" \/><\/a><\/p>\n<p>Imagen Google Earth (vista perspectiva) del cr\u00e1ter de impacto de Ries en Alemania.<\/p>\n<p><a href=\"http:\/\/estructuras-de-impacto.impact-structures.com\/wp-content\/uploads\/2012\/12\/ries-relief-beschriftung.jpg\"><img loading=\"lazy\" decoding=\"async\" class=\"alignnone size-full wp-image-2321\" title=\"ries relieve\" src=\"http:\/\/estructuras-de-impacto.impact-structures.com\/wp-content\/uploads\/2012\/12\/ries-relief-beschriftung.jpg\" alt=\"mapa en relieve del cr\u00e1ter de impacto de Ries en Alemania\" width=\"968\" height=\"948\" srcset=\"http:\/\/estructuras-de-impacto.impact-structures.com\/wp-content\/uploads\/2012\/12\/ries-relief-beschriftung.jpg 968w, http:\/\/estructuras-de-impacto.impact-structures.com\/wp-content\/uploads\/2012\/12\/ries-relief-beschriftung-300x293.jpg 300w, http:\/\/estructuras-de-impacto.impact-structures.com\/wp-content\/uploads\/2012\/12\/ries-relief-beschriftung-306x300.jpg 306w\" sizes=\"auto, (max-width: 709px) 85vw, (max-width: 909px) 67vw, (max-width: 1362px) 62vw, 840px\" \/><\/a><\/p>\n<p>Mapa en relieve del cr\u00e1ter de impacto de Ries en Alemania.<\/p>\n<p><a href=\"http:\/\/estructuras-de-impacto.impact-structures.com\/wp-content\/uploads\/2012\/12\/mars-ries.jpg\"><img loading=\"lazy\" decoding=\"async\" class=\"alignnone size-large wp-image-2322\" title=\"marte cr\u00e1ter ries\" src=\"http:\/\/estructuras-de-impacto.impact-structures.com\/wp-content\/uploads\/2012\/12\/mars-ries-1024x460.jpg\" alt=\"mapa en relieve del cr\u00e1ter Ries y una imagen del cr\u00e1ter Kaiser Marte\" width=\"584\" height=\"262\" srcset=\"http:\/\/estructuras-de-impacto.impact-structures.com\/wp-content\/uploads\/2012\/12\/mars-ries-1024x460.jpg 1024w, http:\/\/estructuras-de-impacto.impact-structures.com\/wp-content\/uploads\/2012\/12\/mars-ries-300x134.jpg 300w, http:\/\/estructuras-de-impacto.impact-structures.com\/wp-content\/uploads\/2012\/12\/mars-ries-500x224.jpg 500w, http:\/\/estructuras-de-impacto.impact-structures.com\/wp-content\/uploads\/2012\/12\/mars-ries.jpg 1095w\" sizes=\"auto, (max-width: 584px) 85vw, 584px\" \/><\/a><\/p>\n<p>Mapa en relieve del cr\u00e1ter de impacto de Ries en Alemania y una imagen del <a href=\"http:\/\/en.wikipedia.org\/wiki\/Kaiser_(crater)\" target=\"_blank\">cr\u00e1ter Kaiser<\/a> \u00a0en Marte: una comparaci\u00f3n muy interessante.<\/p>\n<p><a href=\"http:\/\/estructuras-de-impacto.impact-structures.com\/wp-content\/uploads\/2012\/12\/ries-profile-englisch-jpeg.jpg\"><img loading=\"lazy\" decoding=\"async\" class=\"alignnone size-large wp-image-2326\" title=\"ries perfiles\" src=\"http:\/\/estructuras-de-impacto.impact-structures.com\/wp-content\/uploads\/2012\/12\/ries-profile-englisch-jpeg-1024x1009.jpg\" alt=\"perfiles topogr\u00e1ficos del crater de impacto de Ries\" width=\"584\" height=\"575\" srcset=\"http:\/\/estructuras-de-impacto.impact-structures.com\/wp-content\/uploads\/2012\/12\/ries-profile-englisch-jpeg-1024x1009.jpg 1024w, http:\/\/estructuras-de-impacto.impact-structures.com\/wp-content\/uploads\/2012\/12\/ries-profile-englisch-jpeg-300x295.jpg 300w, http:\/\/estructuras-de-impacto.impact-structures.com\/wp-content\/uploads\/2012\/12\/ries-profile-englisch-jpeg-304x300.jpg 304w, http:\/\/estructuras-de-impacto.impact-structures.com\/wp-content\/uploads\/2012\/12\/ries-profile-englisch-jpeg.jpg 1207w\" sizes=\"auto, (max-width: 584px) 85vw, 584px\" \/><\/a><\/p>\n<p>Perfiles topogr\u00e1ficos del crater de impacto de Ries.<\/p>\n","protected":false},"excerpt":{"rendered":"<p>Imagen Google Earth (vista perspectiva) del cr\u00e1ter de impacto de Ries en Alemania. Mapa en relieve del cr\u00e1ter de impacto de Ries en Alemania. Mapa en relieve del cr\u00e1ter de impacto de Ries en Alemania y una imagen del cr\u00e1ter Kaiser \u00a0en Marte: una comparaci\u00f3n muy interessante. Perfiles topogr\u00e1ficos del crater de impacto de Ries.<\/p>\n","protected":false},"author":2,"featured_media":0,"parent":151,"menu_order":0,"comment_status":"closed","ping_status":"closed","template":"","meta":{"footnotes":""},"class_list":["post-2319","page","type-page","status-publish","hentry"],"yoast_head":"<!-- This site is optimized with the Yoast SEO plugin v27.3 - https:\/\/yoast.com\/product\/yoast-seo-wordpress\/ -->\n<title>Topograf\u00eda - ERNSTSON CLAUDIN ESTRUCTURAS DE IMPACTO - CR\u00c1TERES METEOR\u00cdTICOS<\/title>\n<meta name=\"robots\" content=\"index, follow, max-snippet:-1, max-image-preview:large, max-video-preview:-1\" \/>\n<link rel=\"canonical\" href=\"http:\/\/estructuras-de-impacto.impact-structures.com\/?page_id=2319\" \/>\n<meta property=\"og:locale\" content=\"es_ES\" \/>\n<meta property=\"og:type\" content=\"article\" \/>\n<meta property=\"og:title\" content=\"Topograf\u00eda - ERNSTSON CLAUDIN ESTRUCTURAS DE IMPACTO - CR\u00c1TERES METEOR\u00cdTICOS\" \/>\n<meta property=\"og:description\" content=\"Imagen Google Earth (vista perspectiva) del cr\u00e1ter de impacto de Ries en Alemania. Mapa en relieve del cr\u00e1ter de impacto de Ries en Alemania. Mapa en relieve del cr\u00e1ter de impacto de Ries en Alemania y una imagen del cr\u00e1ter Kaiser \u00a0en Marte: una comparaci\u00f3n muy interessante. Perfiles topogr\u00e1ficos del crater de impacto de Ries.\" \/>\n<meta property=\"og:url\" content=\"http:\/\/estructuras-de-impacto.impact-structures.com\/?page_id=2319\" \/>\n<meta property=\"og:site_name\" content=\"ERNSTSON CLAUDIN ESTRUCTURAS DE IMPACTO - CR\u00c1TERES METEOR\u00cdTICOS\" \/>\n<meta property=\"article:modified_time\" content=\"2012-12-26T09:14:35+00:00\" \/>\n<meta property=\"og:image\" content=\"http:\/\/estructuras-de-impacto.impact-structures.com\/wp-content\/uploads\/2012\/12\/ries-relief-beschriftung.jpg\" \/>\n<meta name=\"twitter:card\" content=\"summary_large_image\" \/>\n<script type=\"application\/ld+json\" class=\"yoast-schema-graph\">{\"@context\":\"https:\\\/\\\/schema.org\",\"@graph\":[{\"@type\":\"WebPage\",\"@id\":\"http:\\\/\\\/estructuras-de-impacto.impact-structures.com\\\/?page_id=2319\",\"url\":\"http:\\\/\\\/estructuras-de-impacto.impact-structures.com\\\/?page_id=2319\",\"name\":\"Topograf\u00eda - ERNSTSON CLAUDIN ESTRUCTURAS DE IMPACTO - CR\u00c1TERES METEOR\u00cdTICOS\",\"isPartOf\":{\"@id\":\"http:\\\/\\\/estructuras-de-impacto.impact-structures.com\\\/#website\"},\"primaryImageOfPage\":{\"@id\":\"http:\\\/\\\/estructuras-de-impacto.impact-structures.com\\\/?page_id=2319#primaryimage\"},\"image\":{\"@id\":\"http:\\\/\\\/estructuras-de-impacto.impact-structures.com\\\/?page_id=2319#primaryimage\"},\"thumbnailUrl\":\"http:\\\/\\\/estructuras-de-impacto.impact-structures.com\\\/wp-content\\\/uploads\\\/2012\\\/12\\\/ries-relief-beschriftung.jpg\",\"datePublished\":\"2012-12-16T12:43:24+00:00\",\"dateModified\":\"2012-12-26T09:14:35+00:00\",\"breadcrumb\":{\"@id\":\"http:\\\/\\\/estructuras-de-impacto.impact-structures.com\\\/?page_id=2319#breadcrumb\"},\"inLanguage\":\"es\",\"potentialAction\":[{\"@type\":\"ReadAction\",\"target\":[\"http:\\\/\\\/estructuras-de-impacto.impact-structures.com\\\/?page_id=2319\"]}]},{\"@type\":\"ImageObject\",\"inLanguage\":\"es\",\"@id\":\"http:\\\/\\\/estructuras-de-impacto.impact-structures.com\\\/?page_id=2319#primaryimage\",\"url\":\"http:\\\/\\\/estructuras-de-impacto.impact-structures.com\\\/wp-content\\\/uploads\\\/2012\\\/12\\\/ries-relief-beschriftung.jpg\",\"contentUrl\":\"http:\\\/\\\/estructuras-de-impacto.impact-structures.com\\\/wp-content\\\/uploads\\\/2012\\\/12\\\/ries-relief-beschriftung.jpg\"},{\"@type\":\"BreadcrumbList\",\"@id\":\"http:\\\/\\\/estructuras-de-impacto.impact-structures.com\\\/?page_id=2319#breadcrumb\",\"itemListElement\":[{\"@type\":\"ListItem\",\"position\":1,\"name\":\"Portada\",\"item\":\"http:\\\/\\\/estructuras-de-impacto.impact-structures.com\\\/\"},{\"@type\":\"ListItem\",\"position\":2,\"name\":\"Las estructuras de impacto en Alemania\",\"item\":\"http:\\\/\\\/estructuras-de-impacto.impact-structures.com\\\/?page_id=108\"},{\"@type\":\"ListItem\",\"position\":3,\"name\":\"La estructura de impacto de Ries (Alemania)\",\"item\":\"http:\\\/\\\/estructuras-de-impacto.impact-structures.com\\\/?page_id=151\"},{\"@type\":\"ListItem\",\"position\":4,\"name\":\"Topograf\u00eda\"}]},{\"@type\":\"WebSite\",\"@id\":\"http:\\\/\\\/estructuras-de-impacto.impact-structures.com\\\/#website\",\"url\":\"http:\\\/\\\/estructuras-de-impacto.impact-structures.com\\\/\",\"name\":\"ERNSTSON CLAUDIN ESTRUCTURAS DE IMPACTO - CR\u00c1TERES METEOR\u00cdTICOS\",\"description\":\"Investigaci\u00f3n sobre la geolog\u00eda, geof\u00edsica, y petrolog\u00eda\",\"potentialAction\":[{\"@type\":\"SearchAction\",\"target\":{\"@type\":\"EntryPoint\",\"urlTemplate\":\"http:\\\/\\\/estructuras-de-impacto.impact-structures.com\\\/?s={search_term_string}\"},\"query-input\":{\"@type\":\"PropertyValueSpecification\",\"valueRequired\":true,\"valueName\":\"search_term_string\"}}],\"inLanguage\":\"es\"}]}<\/script>\n<!-- \/ Yoast SEO plugin. -->","yoast_head_json":{"title":"Topograf\u00eda - ERNSTSON CLAUDIN ESTRUCTURAS DE IMPACTO - CR\u00c1TERES METEOR\u00cdTICOS","robots":{"index":"index","follow":"follow","max-snippet":"max-snippet:-1","max-image-preview":"max-image-preview:large","max-video-preview":"max-video-preview:-1"},"canonical":"http:\/\/estructuras-de-impacto.impact-structures.com\/?page_id=2319","og_locale":"es_ES","og_type":"article","og_title":"Topograf\u00eda - ERNSTSON CLAUDIN ESTRUCTURAS DE IMPACTO - CR\u00c1TERES METEOR\u00cdTICOS","og_description":"Imagen Google Earth (vista perspectiva) del cr\u00e1ter de impacto de Ries en Alemania. Mapa en relieve del cr\u00e1ter de impacto de Ries en Alemania. Mapa en relieve del cr\u00e1ter de impacto de Ries en Alemania y una imagen del cr\u00e1ter Kaiser \u00a0en Marte: una comparaci\u00f3n muy interessante. Perfiles topogr\u00e1ficos del crater de impacto de Ries.","og_url":"http:\/\/estructuras-de-impacto.impact-structures.com\/?page_id=2319","og_site_name":"ERNSTSON CLAUDIN ESTRUCTURAS DE IMPACTO - CR\u00c1TERES METEOR\u00cdTICOS","article_modified_time":"2012-12-26T09:14:35+00:00","og_image":[{"url":"http:\/\/estructuras-de-impacto.impact-structures.com\/wp-content\/uploads\/2012\/12\/ries-relief-beschriftung.jpg","type":"","width":"","height":""}],"twitter_card":"summary_large_image","schema":{"@context":"https:\/\/schema.org","@graph":[{"@type":"WebPage","@id":"http:\/\/estructuras-de-impacto.impact-structures.com\/?page_id=2319","url":"http:\/\/estructuras-de-impacto.impact-structures.com\/?page_id=2319","name":"Topograf\u00eda - ERNSTSON CLAUDIN ESTRUCTURAS DE IMPACTO - CR\u00c1TERES METEOR\u00cdTICOS","isPartOf":{"@id":"http:\/\/estructuras-de-impacto.impact-structures.com\/#website"},"primaryImageOfPage":{"@id":"http:\/\/estructuras-de-impacto.impact-structures.com\/?page_id=2319#primaryimage"},"image":{"@id":"http:\/\/estructuras-de-impacto.impact-structures.com\/?page_id=2319#primaryimage"},"thumbnailUrl":"http:\/\/estructuras-de-impacto.impact-structures.com\/wp-content\/uploads\/2012\/12\/ries-relief-beschriftung.jpg","datePublished":"2012-12-16T12:43:24+00:00","dateModified":"2012-12-26T09:14:35+00:00","breadcrumb":{"@id":"http:\/\/estructuras-de-impacto.impact-structures.com\/?page_id=2319#breadcrumb"},"inLanguage":"es","potentialAction":[{"@type":"ReadAction","target":["http:\/\/estructuras-de-impacto.impact-structures.com\/?page_id=2319"]}]},{"@type":"ImageObject","inLanguage":"es","@id":"http:\/\/estructuras-de-impacto.impact-structures.com\/?page_id=2319#primaryimage","url":"http:\/\/estructuras-de-impacto.impact-structures.com\/wp-content\/uploads\/2012\/12\/ries-relief-beschriftung.jpg","contentUrl":"http:\/\/estructuras-de-impacto.impact-structures.com\/wp-content\/uploads\/2012\/12\/ries-relief-beschriftung.jpg"},{"@type":"BreadcrumbList","@id":"http:\/\/estructuras-de-impacto.impact-structures.com\/?page_id=2319#breadcrumb","itemListElement":[{"@type":"ListItem","position":1,"name":"Portada","item":"http:\/\/estructuras-de-impacto.impact-structures.com\/"},{"@type":"ListItem","position":2,"name":"Las estructuras de impacto en Alemania","item":"http:\/\/estructuras-de-impacto.impact-structures.com\/?page_id=108"},{"@type":"ListItem","position":3,"name":"La estructura de impacto de Ries (Alemania)","item":"http:\/\/estructuras-de-impacto.impact-structures.com\/?page_id=151"},{"@type":"ListItem","position":4,"name":"Topograf\u00eda"}]},{"@type":"WebSite","@id":"http:\/\/estructuras-de-impacto.impact-structures.com\/#website","url":"http:\/\/estructuras-de-impacto.impact-structures.com\/","name":"ERNSTSON CLAUDIN ESTRUCTURAS DE IMPACTO - CR\u00c1TERES METEOR\u00cdTICOS","description":"Investigaci\u00f3n sobre la geolog\u00eda, geof\u00edsica, y petrolog\u00eda","potentialAction":[{"@type":"SearchAction","target":{"@type":"EntryPoint","urlTemplate":"http:\/\/estructuras-de-impacto.impact-structures.com\/?s={search_term_string}"},"query-input":{"@type":"PropertyValueSpecification","valueRequired":true,"valueName":"search_term_string"}}],"inLanguage":"es"}]}},"_links":{"self":[{"href":"http:\/\/estructuras-de-impacto.impact-structures.com\/index.php?rest_route=\/wp\/v2\/pages\/2319","targetHints":{"allow":["GET"]}}],"collection":[{"href":"http:\/\/estructuras-de-impacto.impact-structures.com\/index.php?rest_route=\/wp\/v2\/pages"}],"about":[{"href":"http:\/\/estructuras-de-impacto.impact-structures.com\/index.php?rest_route=\/wp\/v2\/types\/page"}],"author":[{"embeddable":true,"href":"http:\/\/estructuras-de-impacto.impact-structures.com\/index.php?rest_route=\/wp\/v2\/users\/2"}],"replies":[{"embeddable":true,"href":"http:\/\/estructuras-de-impacto.impact-structures.com\/index.php?rest_route=%2Fwp%2Fv2%2Fcomments&post=2319"}],"version-history":[{"count":0,"href":"http:\/\/estructuras-de-impacto.impact-structures.com\/index.php?rest_route=\/wp\/v2\/pages\/2319\/revisions"}],"up":[{"embeddable":true,"href":"http:\/\/estructuras-de-impacto.impact-structures.com\/index.php?rest_route=\/wp\/v2\/pages\/151"}],"wp:attachment":[{"href":"http:\/\/estructuras-de-impacto.impact-structures.com\/index.php?rest_route=%2Fwp%2Fv2%2Fmedia&parent=2319"}],"curies":[{"name":"wp","href":"https:\/\/api.w.org\/{rel}","templated":true}]}}