{"id":223,"date":"2011-12-02T16:42:41","date_gmt":"2011-12-02T16:42:41","guid":{"rendered":"http:\/\/cms.impact-structures.com\/?page_id=223"},"modified":"2012-07-26T17:13:42","modified_gmt":"2012-07-26T17:13:42","slug":"geothermics-geothermal-surveys","status":"publish","type":"page","link":"http:\/\/estructuras-de-impacto.impact-structures.com\/?page_id=223","title":{"rendered":"Estudios geot\u00e9rmicos"},"content":{"rendered":"<p>No es sorprendente que las estructuras de impacto como cuerpos geof\u00edsicos an\u00f3malos puedan tambi\u00e9n influenciar de manera significativa el campo geot\u00e9rmico normal de la Tierra. La fuerte, en parte, modificaci\u00f3n de las rocas durante el proceso de craterizaci\u00f3n por impacto afecta la conductividad t\u00e9rmica dado que es un par\u00e1metro petrof\u00edsico decisivo relacionado con la densidad de flujo t\u00e9rmico y el campo de temperatura. No obstante, la geotermia nunca ha tenido el papel destacado en la investigaci\u00f3n de las estructuras de impacto que si tiene en la geof\u00edsica aplicada. Este hecho puede explicarse por la dificultad para obtener conjuntos de datos que sirvan de base para los c\u00e1lculos de modelizaci\u00f3n y las interpretaciones cuantitativas. No obstante, con el creciente inter\u00e9s en la explotaci\u00f3n de la energ\u00eda geot\u00e9rmica, en el calor subterr\u00e1neo y el almacenaje en frio, la geotermia ha empezado a atraer m\u00e1s y m\u00e1s atenci\u00f3n incluso en la investigaci\u00f3n de las estructuras de impacto.<\/p>\n<p>Como un ejemplo, podemos citar el art\u00edculo de Henkel, H., B\u00e4ckstr\u00f6m, A., Bergman, B., Stephansson, O., Lindstr\u00f6m, M. (2005): Geothermal energy from impact craters? The Bj\u00f6rk\u00f6 case. Proceedings of the World Geothermal Congress 2005 paper 0667, 5 pp.<\/p>\n<p>Han empezado los proyectos de investigaciones geot\u00e9rmicas en las estructuras de impacto de Chicxulub y Chesapeake. Con anterioridad ya se hab\u00eda realizado una \u00a0investigaci\u00f3n geot\u00e9rmica en la estructura de impacto del cr\u00e1ter de Ries (Alemania): H\u00e4nel, R. and Bram, K. (1977): The geothermal field of the Ries crater area, \u2013 Geologica Bavarica, 75, 373-380 (in German). A partir de los sondeos en el \u00e1rea del cr\u00e1ter, los datos de temperatura y unos pocos datos sobre conductividad t\u00e9rmica, pudo hacerse una determinaci\u00f3n de la densidad de flujo calor\u00edfico y el c\u00e1lculo de un modelo simple geot\u00e9rmico de simetr\u00eda cil\u00edndrica (Fig.1) adaptado al modelo de densidad obtenido a partir de las mediciones gravim\u00e9tricas (Ernstson y Pohl, 1977).<\/p>\n<p><span style=\"color: #ff0000;\"><img loading=\"lazy\" decoding=\"async\" style=\"padding-top: 0px; padding-right: 10px; padding-bottom: 0px; padding-left: 0px; border-style: initial; border-color: initial; border-width: 0px; margin: 0px;\" title=\"geothermal model of the Ries impact structure\" src=\"http:\/\/www.impact-structures.com\/geophysic\/geothermics\/image002.gif\" alt=\"Image002\" width=\"300\" height=\"149\" \/><\/span><\/p>\n<p><span style=\"color: #000000;\">Fig. 1.\u00a0<\/span>Modelo geot\u00e9rmico de simetr\u00eda cil\u00edndrica para el cr\u00e1ter de Ries (modificado de H\u00e4nel and Bram, 1977). La subdivisi\u00f3n del cuerpo del modelo en anillos cil\u00edndricos de secci\u00f3n transversal rectangular est\u00e1 adaptada al modelo gravitatorio.<\/p>\n<p>La elevaci\u00f3n central se las isotermas en este modelo de cr\u00e1ter se debe a las bajas conductividades t\u00e9rmicas. En un estudio geot\u00e9rmico\u00a0 m\u00e1s reciente sobre las caracter\u00edsticas de la estructura de impacto de Ries realizado por Yu. Popov, J. Pohl, R. Romushkevich, V. Tertychnyi and H. Soffel; abstract:<\/p>\n<p><span style=\"color: #ff0000;\"><a href=\"http:\/\/www.ingentaconnect.com\/content\/bsc\/gji\/2003\/00000154\/00000002\/art00006?crawler=true\">http:\/\/www.ingentaconnect.com\/content\/bsc\/gji\/2003\/00000154\/00000002\/art00006?crawler=true<\/a><br \/>\n<\/span><\/p>\n<p style=\"margin-top: 0px; margin-right: 0px; margin-bottom: 1em; margin-left: 0px; line-height: 1.5em; padding: 0px;\">\n<p>basado en nuevas mediadas de la conductividad t\u00e9rmica en muestras de sondeo procedentes del sondeo profundo realizado en 1973, los autores sugieren la modificaci\u00f3n de los resultados iniciales, y un incremento significativo de la densidad de flujo calor\u00edfico en la parte superior de la estructura que se deber\u00eda a la migraci\u00f3n de fluidos desde las partes m\u00e1s profundas. La correlaci\u00f3n de los datos de conductividad t\u00e9rmica medida con otros datos petrof\u00edsicos derivados de la medici\u00f3n de las muestras de sondeo sugieren una predicci\u00f3n de las propiedades f\u00edsicas de las rocas a partir de los valores de conductividad t\u00e9rmica. De cauredo con los autores, las estructuras de impacto pueden ser generalmente caracterizadas por la ausencia de una anisotrop\u00eda t\u00e9rmica en las rocas cristalinas, un incremento de la conductividad t\u00e9rmica en profundidad y un incremento de la densidad de flujo calor\u00edfico.<\/p>\n","protected":false},"excerpt":{"rendered":"<p>No es sorprendente que las estructuras de impacto como cuerpos geof\u00edsicos an\u00f3malos puedan tambi\u00e9n influenciar de manera significativa el campo geot\u00e9rmico normal de la Tierra. La fuerte, en parte, modificaci\u00f3n de las rocas durante el proceso de craterizaci\u00f3n por impacto afecta la conductividad t\u00e9rmica dado que es un par\u00e1metro petrof\u00edsico decisivo relacionado con la densidad &hellip; <a href=\"http:\/\/estructuras-de-impacto.impact-structures.com\/?page_id=223\" class=\"more-link\">Continuar leyendo<span class=\"screen-reader-text\"> \u00abEstudios geot\u00e9rmicos\u00bb<\/span><\/a><\/p>\n","protected":false},"author":1,"featured_media":0,"parent":24,"menu_order":0,"comment_status":"closed","ping_status":"closed","template":"sidebar-page.php","meta":{"footnotes":""},"class_list":["post-223","page","type-page","status-publish","hentry"],"yoast_head":"<!-- This site is optimized with the Yoast SEO plugin v27.3 - https:\/\/yoast.com\/product\/yoast-seo-wordpress\/ -->\n<title>Estudios geot\u00e9rmicos - ERNSTSON CLAUDIN ESTRUCTURAS DE IMPACTO - CR\u00c1TERES METEOR\u00cdTICOS<\/title>\n<meta name=\"robots\" content=\"index, follow, max-snippet:-1, max-image-preview:large, max-video-preview:-1\" \/>\n<link rel=\"canonical\" href=\"https:\/\/estructuras-de-impacto.impact-structures.com\/?page_id=223\" \/>\n<meta property=\"og:locale\" content=\"es_ES\" \/>\n<meta property=\"og:type\" content=\"article\" \/>\n<meta property=\"og:title\" content=\"Estudios geot\u00e9rmicos - ERNSTSON CLAUDIN ESTRUCTURAS DE IMPACTO - CR\u00c1TERES METEOR\u00cdTICOS\" \/>\n<meta property=\"og:description\" content=\"No es sorprendente que las estructuras de impacto como cuerpos geof\u00edsicos an\u00f3malos puedan tambi\u00e9n influenciar de manera significativa el campo geot\u00e9rmico normal de la Tierra. La fuerte, en parte, modificaci\u00f3n de las rocas durante el proceso de craterizaci\u00f3n por impacto afecta la conductividad t\u00e9rmica dado que es un par\u00e1metro petrof\u00edsico decisivo relacionado con la densidad &hellip; Continuar leyendo &quot;Estudios geot\u00e9rmicos&quot;\" \/>\n<meta property=\"og:url\" content=\"https:\/\/estructuras-de-impacto.impact-structures.com\/?page_id=223\" \/>\n<meta property=\"og:site_name\" content=\"ERNSTSON CLAUDIN ESTRUCTURAS DE IMPACTO - CR\u00c1TERES METEOR\u00cdTICOS\" \/>\n<meta property=\"article:modified_time\" content=\"2012-07-26T17:13:42+00:00\" \/>\n<meta property=\"og:image\" content=\"http:\/\/www.impact-structures.com\/geophysic\/geothermics\/image002.gif\" \/>\n<meta name=\"twitter:card\" content=\"summary_large_image\" \/>\n<meta name=\"twitter:label1\" content=\"Tiempo de lectura\" \/>\n\t<meta name=\"twitter:data1\" content=\"3 minutos\" \/>\n<script type=\"application\/ld+json\" class=\"yoast-schema-graph\">{\"@context\":\"https:\\\/\\\/schema.org\",\"@graph\":[{\"@type\":\"WebPage\",\"@id\":\"https:\\\/\\\/estructuras-de-impacto.impact-structures.com\\\/?page_id=223\",\"url\":\"https:\\\/\\\/estructuras-de-impacto.impact-structures.com\\\/?page_id=223\",\"name\":\"Estudios geot\u00e9rmicos - ERNSTSON CLAUDIN ESTRUCTURAS DE IMPACTO - CR\u00c1TERES METEOR\u00cdTICOS\",\"isPartOf\":{\"@id\":\"http:\\\/\\\/estructuras-de-impacto.impact-structures.com\\\/#website\"},\"primaryImageOfPage\":{\"@id\":\"https:\\\/\\\/estructuras-de-impacto.impact-structures.com\\\/?page_id=223#primaryimage\"},\"image\":{\"@id\":\"https:\\\/\\\/estructuras-de-impacto.impact-structures.com\\\/?page_id=223#primaryimage\"},\"thumbnailUrl\":\"http:\\\/\\\/www.impact-structures.com\\\/geophysic\\\/geothermics\\\/image002.gif\",\"datePublished\":\"2011-12-02T16:42:41+00:00\",\"dateModified\":\"2012-07-26T17:13:42+00:00\",\"breadcrumb\":{\"@id\":\"https:\\\/\\\/estructuras-de-impacto.impact-structures.com\\\/?page_id=223#breadcrumb\"},\"inLanguage\":\"es\",\"potentialAction\":[{\"@type\":\"ReadAction\",\"target\":[\"https:\\\/\\\/estructuras-de-impacto.impact-structures.com\\\/?page_id=223\"]}]},{\"@type\":\"ImageObject\",\"inLanguage\":\"es\",\"@id\":\"https:\\\/\\\/estructuras-de-impacto.impact-structures.com\\\/?page_id=223#primaryimage\",\"url\":\"http:\\\/\\\/www.impact-structures.com\\\/geophysic\\\/geothermics\\\/image002.gif\",\"contentUrl\":\"http:\\\/\\\/www.impact-structures.com\\\/geophysic\\\/geothermics\\\/image002.gif\"},{\"@type\":\"BreadcrumbList\",\"@id\":\"https:\\\/\\\/estructuras-de-impacto.impact-structures.com\\\/?page_id=223#breadcrumb\",\"itemListElement\":[{\"@type\":\"ListItem\",\"position\":1,\"name\":\"Portada\",\"item\":\"http:\\\/\\\/estructuras-de-impacto.impact-structures.com\\\/\"},{\"@type\":\"ListItem\",\"position\":2,\"name\":\"Geof\u00edsica de las estructuras de impacto\",\"item\":\"http:\\\/\\\/estructuras-de-impacto.impact-structures.com\\\/?page_id=24\"},{\"@type\":\"ListItem\",\"position\":3,\"name\":\"Estudios geot\u00e9rmicos\"}]},{\"@type\":\"WebSite\",\"@id\":\"http:\\\/\\\/estructuras-de-impacto.impact-structures.com\\\/#website\",\"url\":\"http:\\\/\\\/estructuras-de-impacto.impact-structures.com\\\/\",\"name\":\"ERNSTSON CLAUDIN ESTRUCTURAS DE IMPACTO - CR\u00c1TERES METEOR\u00cdTICOS\",\"description\":\"Investigaci\u00f3n sobre la geolog\u00eda, geof\u00edsica, y petrolog\u00eda\",\"potentialAction\":[{\"@type\":\"SearchAction\",\"target\":{\"@type\":\"EntryPoint\",\"urlTemplate\":\"http:\\\/\\\/estructuras-de-impacto.impact-structures.com\\\/?s={search_term_string}\"},\"query-input\":{\"@type\":\"PropertyValueSpecification\",\"valueRequired\":true,\"valueName\":\"search_term_string\"}}],\"inLanguage\":\"es\"}]}<\/script>\n<!-- \/ Yoast SEO plugin. -->","yoast_head_json":{"title":"Estudios geot\u00e9rmicos - ERNSTSON CLAUDIN ESTRUCTURAS DE IMPACTO - CR\u00c1TERES METEOR\u00cdTICOS","robots":{"index":"index","follow":"follow","max-snippet":"max-snippet:-1","max-image-preview":"max-image-preview:large","max-video-preview":"max-video-preview:-1"},"canonical":"https:\/\/estructuras-de-impacto.impact-structures.com\/?page_id=223","og_locale":"es_ES","og_type":"article","og_title":"Estudios geot\u00e9rmicos - ERNSTSON CLAUDIN ESTRUCTURAS DE IMPACTO - CR\u00c1TERES METEOR\u00cdTICOS","og_description":"No es sorprendente que las estructuras de impacto como cuerpos geof\u00edsicos an\u00f3malos puedan tambi\u00e9n influenciar de manera significativa el campo geot\u00e9rmico normal de la Tierra. La fuerte, en parte, modificaci\u00f3n de las rocas durante el proceso de craterizaci\u00f3n por impacto afecta la conductividad t\u00e9rmica dado que es un par\u00e1metro petrof\u00edsico decisivo relacionado con la densidad &hellip; Continuar leyendo \"Estudios geot\u00e9rmicos\"","og_url":"https:\/\/estructuras-de-impacto.impact-structures.com\/?page_id=223","og_site_name":"ERNSTSON CLAUDIN ESTRUCTURAS DE IMPACTO - CR\u00c1TERES METEOR\u00cdTICOS","article_modified_time":"2012-07-26T17:13:42+00:00","og_image":[{"url":"http:\/\/www.impact-structures.com\/geophysic\/geothermics\/image002.gif","type":"","width":"","height":""}],"twitter_card":"summary_large_image","twitter_misc":{"Tiempo de lectura":"3 minutos"},"schema":{"@context":"https:\/\/schema.org","@graph":[{"@type":"WebPage","@id":"https:\/\/estructuras-de-impacto.impact-structures.com\/?page_id=223","url":"https:\/\/estructuras-de-impacto.impact-structures.com\/?page_id=223","name":"Estudios geot\u00e9rmicos - ERNSTSON CLAUDIN ESTRUCTURAS DE IMPACTO - CR\u00c1TERES METEOR\u00cdTICOS","isPartOf":{"@id":"http:\/\/estructuras-de-impacto.impact-structures.com\/#website"},"primaryImageOfPage":{"@id":"https:\/\/estructuras-de-impacto.impact-structures.com\/?page_id=223#primaryimage"},"image":{"@id":"https:\/\/estructuras-de-impacto.impact-structures.com\/?page_id=223#primaryimage"},"thumbnailUrl":"http:\/\/www.impact-structures.com\/geophysic\/geothermics\/image002.gif","datePublished":"2011-12-02T16:42:41+00:00","dateModified":"2012-07-26T17:13:42+00:00","breadcrumb":{"@id":"https:\/\/estructuras-de-impacto.impact-structures.com\/?page_id=223#breadcrumb"},"inLanguage":"es","potentialAction":[{"@type":"ReadAction","target":["https:\/\/estructuras-de-impacto.impact-structures.com\/?page_id=223"]}]},{"@type":"ImageObject","inLanguage":"es","@id":"https:\/\/estructuras-de-impacto.impact-structures.com\/?page_id=223#primaryimage","url":"http:\/\/www.impact-structures.com\/geophysic\/geothermics\/image002.gif","contentUrl":"http:\/\/www.impact-structures.com\/geophysic\/geothermics\/image002.gif"},{"@type":"BreadcrumbList","@id":"https:\/\/estructuras-de-impacto.impact-structures.com\/?page_id=223#breadcrumb","itemListElement":[{"@type":"ListItem","position":1,"name":"Portada","item":"http:\/\/estructuras-de-impacto.impact-structures.com\/"},{"@type":"ListItem","position":2,"name":"Geof\u00edsica de las estructuras de impacto","item":"http:\/\/estructuras-de-impacto.impact-structures.com\/?page_id=24"},{"@type":"ListItem","position":3,"name":"Estudios geot\u00e9rmicos"}]},{"@type":"WebSite","@id":"http:\/\/estructuras-de-impacto.impact-structures.com\/#website","url":"http:\/\/estructuras-de-impacto.impact-structures.com\/","name":"ERNSTSON CLAUDIN ESTRUCTURAS DE IMPACTO - CR\u00c1TERES METEOR\u00cdTICOS","description":"Investigaci\u00f3n sobre la geolog\u00eda, geof\u00edsica, y petrolog\u00eda","potentialAction":[{"@type":"SearchAction","target":{"@type":"EntryPoint","urlTemplate":"http:\/\/estructuras-de-impacto.impact-structures.com\/?s={search_term_string}"},"query-input":{"@type":"PropertyValueSpecification","valueRequired":true,"valueName":"search_term_string"}}],"inLanguage":"es"}]}},"_links":{"self":[{"href":"http:\/\/estructuras-de-impacto.impact-structures.com\/index.php?rest_route=\/wp\/v2\/pages\/223","targetHints":{"allow":["GET"]}}],"collection":[{"href":"http:\/\/estructuras-de-impacto.impact-structures.com\/index.php?rest_route=\/wp\/v2\/pages"}],"about":[{"href":"http:\/\/estructuras-de-impacto.impact-structures.com\/index.php?rest_route=\/wp\/v2\/types\/page"}],"author":[{"embeddable":true,"href":"http:\/\/estructuras-de-impacto.impact-structures.com\/index.php?rest_route=\/wp\/v2\/users\/1"}],"replies":[{"embeddable":true,"href":"http:\/\/estructuras-de-impacto.impact-structures.com\/index.php?rest_route=%2Fwp%2Fv2%2Fcomments&post=223"}],"version-history":[{"count":0,"href":"http:\/\/estructuras-de-impacto.impact-structures.com\/index.php?rest_route=\/wp\/v2\/pages\/223\/revisions"}],"up":[{"embeddable":true,"href":"http:\/\/estructuras-de-impacto.impact-structures.com\/index.php?rest_route=\/wp\/v2\/pages\/24"}],"wp:attachment":[{"href":"http:\/\/estructuras-de-impacto.impact-structures.com\/index.php?rest_route=%2Fwp%2Fv2%2Fmedia&parent=223"}],"curies":[{"name":"wp","href":"https:\/\/api.w.org\/{rel}","templated":true}]}}