{"id":206,"date":"2011-12-02T16:34:17","date_gmt":"2011-12-02T16:34:17","guid":{"rendered":"http:\/\/cms.impact-structures.com\/?page_id=206"},"modified":"2012-03-10T11:35:08","modified_gmt":"2012-03-10T11:35:08","slug":"impact-ejecta-and-megabreccia","status":"publish","type":"page","link":"http:\/\/estructuras-de-impacto.impact-structures.com\/?page_id=206","title":{"rendered":"Eyecta de impacto y Megabrecha"},"content":{"rendered":"<p>En un sentido amplio, el t\u00e9rmino BRECHA puede ser tambi\u00e9n aplicado a los eyecta de impacto y a las masas de roca desplazadas dentro del cr\u00e1ter.\u00a0El manto de eyectas de la estructura de impacto de Ries (Alemania) est\u00e1 compuesto por las denominadas\u00a0<strong>brechas Bunte (multicolores)<\/strong>\u00a0(de tama\u00f1o de clasto &lt; 25 m) y por megabloques al\u00f3ctonos (clastos coherentes &gt; 25m). La distinci\u00f3n, que ha sido realizada por razones cartogr\u00e1ficas, es por otra parte arbitraria. Desechando esta arbitrariedad, el eyecta del crater de Ries puede ser en conjunto tambi\u00e9n denominado\u00a0<strong>megabrecha.<\/strong><\/p>\n<p>En la literatura de impacto, las brechas extensas que contienen grandes componentes se denominan por lo general megabrechas, y han sido frecuentemente citadas (p.e., para las estructuras de impacto de Wells Creek, la cuenca de Steinheim, Goces Bluff, Sierra Madera y Wetumpka). Tal vez la m\u00e1s impresionante megabrecha es la del Alamo (ver<span style=\"text-decoration: underline;\"><a href=\"http:\/\/www.mines.edu\/students\/m\/mmorgan\/\">http:\/\/www.mines.edu\/students\/m\/mmorgan\/<\/a><\/span>),\u00a0del dev\u00f3nico tard\u00edo, que proporciona la evidencia de un gigantesco impacto a poca distancia de la costa.<\/p>\n<p>Debajo, se muestran im\u00e1genes de la megabrecha polim\u00edctica del cr\u00e1ter de Ries (eyecta de la brecha Bunte) y de megabrechas polim\u00edcticas (masas de rocas desplazadas) de la cuenca de impacto de Rubielos de la C\u00e9rida (Espa\u00f1a)<\/p>\n<p>M\u00e1s informaci\u00f3n sobre megabrechas puede obtenerse en:<\/p>\n<p><span style=\"color: #ff0000;\"><a href=\"\/impact-spain\/the-rubielos-de-la-cerida-impact-basin\/megabreccias\/\" target=\"_blank\"><span style=\"color: #ff0000;\">http:\/\/www.impact-structures.com\/impact-spain\/the-rubielos-de-la-cerida-impact-basin\/megabreccias\/<\/span><\/a><\/span><\/p>\n<p><span style=\"color: #ff0000;\">http<a href=\"\/impact-spain\/the-azuara-impact-structure\/the-azuara-megabreccia-near-belchite-and-herrera-de-los-navarros\/\" target=\"_blank\"><span style=\"color: #ff0000;\">:\/\/www.impact-structures.com\/impact-spain\/the-azuara-impact-structure\/the-azuara-megabreccia-near-belchite-and-herrera-de-los-navarros\/<\/span><\/a><\/span><\/p>\n<p><a href=\"http:\/\/impacto.impact-structures.com\/wp-content\/uploads\/2011\/12\/bb-ronheim1.jpg\" target=\"_blank\"><img loading=\"lazy\" decoding=\"async\" class=\"alignnone size-full wp-image-1889\" title=\"bb ronheim\" src=\"http:\/\/impacto.impact-structures.com\/wp-content\/uploads\/2011\/12\/bb-ronheim1.jpg\" alt=\"\" width=\"400\" height=\"300\" srcset=\"http:\/\/estructuras-de-impacto.impact-structures.com\/wp-content\/uploads\/2011\/12\/bb-ronheim1.jpg 400w, http:\/\/estructuras-de-impacto.impact-structures.com\/wp-content\/uploads\/2011\/12\/bb-ronheim1-300x225.jpg 300w\" sizes=\"auto, (max-width: 400px) 85vw, 400px\" \/><\/a><\/p>\n<p>Fig. 1.\u00a0Megabrecha: eyecta de la brecha Bunte en la cantera de Ronheim. Estructura de impacto de Ries.<\/p>\n<p><a href=\"http:\/\/impacto.impact-structures.com\/wp-content\/uploads\/2011\/12\/bb-barrachina.jpg\" target=\"_blank\"><img loading=\"lazy\" decoding=\"async\" class=\"alignnone size-full wp-image-1890\" title=\"bb barrachina\" src=\"http:\/\/impacto.impact-structures.com\/wp-content\/uploads\/2011\/12\/bb-barrachina.jpg\" alt=\"\" width=\"400\" height=\"300\" srcset=\"http:\/\/estructuras-de-impacto.impact-structures.com\/wp-content\/uploads\/2011\/12\/bb-barrachina.jpg 400w, http:\/\/estructuras-de-impacto.impact-structures.com\/wp-content\/uploads\/2011\/12\/bb-barrachina-300x225.jpg 300w\" sizes=\"auto, (max-width: 400px) 85vw, 400px\" \/><\/a><\/p>\n<p>Fig. 2. Aspecto de la megabrecha cercana a Barrachina, en la cuenca de impacto de Rubielos de la C\u00e9rida. La brecha polim\u00edctica coloreada tiene bastante en com\u00fan con la brecha Bunte del cr\u00e1ter de Ries.<\/p>\n<p><a href=\"http:\/\/impacto.impact-structures.com\/wp-content\/uploads\/2011\/12\/bb-ronheim-detail.jpg\" target=\"_blank\"><img loading=\"lazy\" decoding=\"async\" class=\"alignnone size-full wp-image-1891\" title=\"bb ronheim detail\" src=\"http:\/\/impacto.impact-structures.com\/wp-content\/uploads\/2011\/12\/bb-ronheim-detail.jpg\" alt=\"\" width=\"400\" height=\"300\" srcset=\"http:\/\/estructuras-de-impacto.impact-structures.com\/wp-content\/uploads\/2011\/12\/bb-ronheim-detail.jpg 400w, http:\/\/estructuras-de-impacto.impact-structures.com\/wp-content\/uploads\/2011\/12\/bb-ronheim-detail-300x225.jpg 300w\" sizes=\"auto, (max-width: 400px) 85vw, 400px\" \/><\/a><\/p>\n<p>Fig. 3. Brecha Bunte de la estructura de impacto de Ries. Cantera de Ronheim.<\/p>\n<p><a href=\"http:\/\/impacto.impact-structures.com\/wp-content\/uploads\/2011\/12\/mega-barrachina.jpg\" target=\"_blank\"><img loading=\"lazy\" decoding=\"async\" class=\"alignnone size-full wp-image-1892\" title=\"mega barrachina\" src=\"http:\/\/impacto.impact-structures.com\/wp-content\/uploads\/2011\/12\/mega-barrachina.jpg\" alt=\"\" width=\"400\" height=\"262\" srcset=\"http:\/\/estructuras-de-impacto.impact-structures.com\/wp-content\/uploads\/2011\/12\/mega-barrachina.jpg 400w, http:\/\/estructuras-de-impacto.impact-structures.com\/wp-content\/uploads\/2011\/12\/mega-barrachina-300x196.jpg 300w\" sizes=\"auto, (max-width: 400px) 85vw, 400px\" \/><\/a><\/p>\n<p>Fig. 4. Aspecto de la megabrecha de Barrachina, en la cuenca de impacto de Rubielos de la C\u00e9rida.<\/p>\n<p><a href=\"http:\/\/impacto.impact-structures.com\/wp-content\/uploads\/2011\/12\/bb-ronheim-detail-2.jpg\" target=\"_blank\"><img loading=\"lazy\" decoding=\"async\" class=\"alignnone size-full wp-image-1893\" title=\"bb ronheim detail 2\" src=\"http:\/\/impacto.impact-structures.com\/wp-content\/uploads\/2011\/12\/bb-ronheim-detail-2.jpg\" alt=\"\" width=\"400\" height=\"300\" srcset=\"http:\/\/estructuras-de-impacto.impact-structures.com\/wp-content\/uploads\/2011\/12\/bb-ronheim-detail-2.jpg 400w, http:\/\/estructuras-de-impacto.impact-structures.com\/wp-content\/uploads\/2011\/12\/bb-ronheim-detail-2-300x225.jpg 300w\" sizes=\"auto, (max-width: 400px) 85vw, 400px\" \/><\/a><\/p>\n<p>Fig. 5. Brecha Bunte del cr\u00e1ter de Ries; cantera de Ronheim.<\/p>\n<p><a href=\"http:\/\/impacto.impact-structures.com\/wp-content\/uploads\/2011\/12\/mega-rubielos-el-pobo.jpg\" target=\"_blank\"><img loading=\"lazy\" decoding=\"async\" class=\"alignnone size-full wp-image-1894\" title=\"mega rubielos el pobo\" src=\"http:\/\/impacto.impact-structures.com\/wp-content\/uploads\/2011\/12\/mega-rubielos-el-pobo.jpg\" alt=\"\" width=\"400\" height=\"533\" srcset=\"http:\/\/estructuras-de-impacto.impact-structures.com\/wp-content\/uploads\/2011\/12\/mega-rubielos-el-pobo.jpg 400w, http:\/\/estructuras-de-impacto.impact-structures.com\/wp-content\/uploads\/2011\/12\/mega-rubielos-el-pobo-225x300.jpg 225w\" sizes=\"auto, (max-width: 400px) 85vw, 400px\" \/><\/a><\/p>\n<p>Fig. 6. Megabrecha polim\u00edctica en la parte sureste del borde de la cuenca de impacto de Rubielos de la C\u00e9rida.<\/p>\n<p><a href=\"http:\/\/impacto.impact-structures.com\/wp-content\/uploads\/2011\/12\/bb-gundelsheim.jpg\" target=\"_blank\"><img loading=\"lazy\" decoding=\"async\" class=\"alignnone size-full wp-image-1895\" title=\"bb gundelsheim\" src=\"http:\/\/impacto.impact-structures.com\/wp-content\/uploads\/2011\/12\/bb-gundelsheim.jpg\" alt=\"\" width=\"400\" height=\"300\" srcset=\"http:\/\/estructuras-de-impacto.impact-structures.com\/wp-content\/uploads\/2011\/12\/bb-gundelsheim.jpg 400w, http:\/\/estructuras-de-impacto.impact-structures.com\/wp-content\/uploads\/2011\/12\/bb-gundelsheim-300x225.jpg 300w\" sizes=\"auto, (max-width: 400px) 85vw, 400px\" \/><\/a><\/p>\n<div>\n<p>Fig. 7. Bunte brecha de la estructura de impacto de Ries; cantera de Gundelsheim. La altura de la pared es de 6 m.<\/p>\n<\/div>\n","protected":false},"excerpt":{"rendered":"<p>En un sentido amplio, el t\u00e9rmino BRECHA puede ser tambi\u00e9n aplicado a los eyecta de impacto y a las masas de roca desplazadas dentro del cr\u00e1ter.\u00a0El manto de eyectas de la estructura de impacto de Ries (Alemania) est\u00e1 compuesto por las denominadas\u00a0brechas Bunte (multicolores)\u00a0(de tama\u00f1o de clasto &lt; 25 m) y por megabloques al\u00f3ctonos (clastos &hellip; <a href=\"http:\/\/estructuras-de-impacto.impact-structures.com\/?page_id=206\" class=\"more-link\">Continuar leyendo<span class=\"screen-reader-text\"> \u00abEyecta de impacto y Megabrecha\u00bb<\/span><\/a><\/p>\n","protected":false},"author":1,"featured_media":0,"parent":1407,"menu_order":0,"comment_status":"closed","ping_status":"closed","template":"sidebar-page.php","meta":{"footnotes":""},"class_list":["post-206","page","type-page","status-publish","hentry"],"yoast_head":"<!-- This site is optimized with the Yoast SEO plugin v27.3 - https:\/\/yoast.com\/product\/yoast-seo-wordpress\/ -->\n<title>Eyecta de impacto y Megabrecha  - ERNSTSON CLAUDIN ESTRUCTURAS DE IMPACTO - CR\u00c1TERES METEOR\u00cdTICOS<\/title>\n<meta name=\"robots\" content=\"index, follow, max-snippet:-1, max-image-preview:large, max-video-preview:-1\" \/>\n<link rel=\"canonical\" href=\"https:\/\/estructuras-de-impacto.impact-structures.com\/?page_id=206\" \/>\n<meta property=\"og:locale\" content=\"es_ES\" \/>\n<meta property=\"og:type\" content=\"article\" \/>\n<meta property=\"og:title\" content=\"Eyecta de impacto y Megabrecha  - ERNSTSON CLAUDIN ESTRUCTURAS DE IMPACTO - CR\u00c1TERES METEOR\u00cdTICOS\" \/>\n<meta property=\"og:description\" content=\"En un sentido amplio, el t\u00e9rmino BRECHA puede ser tambi\u00e9n aplicado a los eyecta de impacto y a las masas de roca desplazadas dentro del cr\u00e1ter.\u00a0El manto de eyectas de la estructura de impacto de Ries (Alemania) est\u00e1 compuesto por las denominadas\u00a0brechas Bunte (multicolores)\u00a0(de tama\u00f1o de clasto &lt; 25 m) y por megabloques al\u00f3ctonos (clastos &hellip; Continuar leyendo &quot;Eyecta de impacto y Megabrecha&quot;\" \/>\n<meta property=\"og:url\" content=\"https:\/\/estructuras-de-impacto.impact-structures.com\/?page_id=206\" \/>\n<meta property=\"og:site_name\" content=\"ERNSTSON CLAUDIN ESTRUCTURAS DE IMPACTO - CR\u00c1TERES METEOR\u00cdTICOS\" \/>\n<meta property=\"article:modified_time\" content=\"2012-03-10T11:35:08+00:00\" \/>\n<meta property=\"og:image\" content=\"http:\/\/impacto.impact-structures.com\/wp-content\/uploads\/2011\/12\/bb-ronheim1.jpg\" \/>\n<meta name=\"twitter:card\" content=\"summary_large_image\" \/>\n<meta name=\"twitter:label1\" content=\"Tiempo de lectura\" \/>\n\t<meta name=\"twitter:data1\" content=\"2 minutos\" \/>\n<script type=\"application\/ld+json\" class=\"yoast-schema-graph\">{\"@context\":\"https:\\\/\\\/schema.org\",\"@graph\":[{\"@type\":\"WebPage\",\"@id\":\"https:\\\/\\\/estructuras-de-impacto.impact-structures.com\\\/?page_id=206\",\"url\":\"https:\\\/\\\/estructuras-de-impacto.impact-structures.com\\\/?page_id=206\",\"name\":\"Eyecta de impacto y Megabrecha - ERNSTSON CLAUDIN ESTRUCTURAS DE IMPACTO - CR\u00c1TERES METEOR\u00cdTICOS\",\"isPartOf\":{\"@id\":\"http:\\\/\\\/estructuras-de-impacto.impact-structures.com\\\/#website\"},\"primaryImageOfPage\":{\"@id\":\"https:\\\/\\\/estructuras-de-impacto.impact-structures.com\\\/?page_id=206#primaryimage\"},\"image\":{\"@id\":\"https:\\\/\\\/estructuras-de-impacto.impact-structures.com\\\/?page_id=206#primaryimage\"},\"thumbnailUrl\":\"http:\\\/\\\/impacto.impact-structures.com\\\/wp-content\\\/uploads\\\/2011\\\/12\\\/bb-ronheim1.jpg\",\"datePublished\":\"2011-12-02T16:34:17+00:00\",\"dateModified\":\"2012-03-10T11:35:08+00:00\",\"breadcrumb\":{\"@id\":\"https:\\\/\\\/estructuras-de-impacto.impact-structures.com\\\/?page_id=206#breadcrumb\"},\"inLanguage\":\"es\",\"potentialAction\":[{\"@type\":\"ReadAction\",\"target\":[\"https:\\\/\\\/estructuras-de-impacto.impact-structures.com\\\/?page_id=206\"]}]},{\"@type\":\"ImageObject\",\"inLanguage\":\"es\",\"@id\":\"https:\\\/\\\/estructuras-de-impacto.impact-structures.com\\\/?page_id=206#primaryimage\",\"url\":\"http:\\\/\\\/impacto.impact-structures.com\\\/wp-content\\\/uploads\\\/2011\\\/12\\\/bb-ronheim1.jpg\",\"contentUrl\":\"http:\\\/\\\/impacto.impact-structures.com\\\/wp-content\\\/uploads\\\/2011\\\/12\\\/bb-ronheim1.jpg\"},{\"@type\":\"BreadcrumbList\",\"@id\":\"https:\\\/\\\/estructuras-de-impacto.impact-structures.com\\\/?page_id=206#breadcrumb\",\"itemListElement\":[{\"@type\":\"ListItem\",\"position\":1,\"name\":\"Portada\",\"item\":\"http:\\\/\\\/estructuras-de-impacto.impact-structures.com\\\/\"},{\"@type\":\"ListItem\",\"position\":2,\"name\":\"Rocas de impacto \u2013 impactitas\",\"item\":\"http:\\\/\\\/estructuras-de-impacto.impact-structures.com\\\/?page_id=13\"},{\"@type\":\"ListItem\",\"position\":3,\"name\":\"P\u00e1gina sobre brechas de impacto\",\"item\":\"http:\\\/\\\/estructuras-de-impacto.impact-structures.com\\\/?page_id=1407\"},{\"@type\":\"ListItem\",\"position\":4,\"name\":\"Eyecta de impacto y Megabrecha\"}]},{\"@type\":\"WebSite\",\"@id\":\"http:\\\/\\\/estructuras-de-impacto.impact-structures.com\\\/#website\",\"url\":\"http:\\\/\\\/estructuras-de-impacto.impact-structures.com\\\/\",\"name\":\"ERNSTSON CLAUDIN ESTRUCTURAS DE IMPACTO - CR\u00c1TERES METEOR\u00cdTICOS\",\"description\":\"Investigaci\u00f3n sobre la geolog\u00eda, geof\u00edsica, y petrolog\u00eda\",\"potentialAction\":[{\"@type\":\"SearchAction\",\"target\":{\"@type\":\"EntryPoint\",\"urlTemplate\":\"http:\\\/\\\/estructuras-de-impacto.impact-structures.com\\\/?s={search_term_string}\"},\"query-input\":{\"@type\":\"PropertyValueSpecification\",\"valueRequired\":true,\"valueName\":\"search_term_string\"}}],\"inLanguage\":\"es\"}]}<\/script>\n<!-- \/ Yoast SEO plugin. -->","yoast_head_json":{"title":"Eyecta de impacto y Megabrecha  - ERNSTSON CLAUDIN ESTRUCTURAS DE IMPACTO - CR\u00c1TERES METEOR\u00cdTICOS","robots":{"index":"index","follow":"follow","max-snippet":"max-snippet:-1","max-image-preview":"max-image-preview:large","max-video-preview":"max-video-preview:-1"},"canonical":"https:\/\/estructuras-de-impacto.impact-structures.com\/?page_id=206","og_locale":"es_ES","og_type":"article","og_title":"Eyecta de impacto y Megabrecha  - ERNSTSON CLAUDIN ESTRUCTURAS DE IMPACTO - CR\u00c1TERES METEOR\u00cdTICOS","og_description":"En un sentido amplio, el t\u00e9rmino BRECHA puede ser tambi\u00e9n aplicado a los eyecta de impacto y a las masas de roca desplazadas dentro del cr\u00e1ter.\u00a0El manto de eyectas de la estructura de impacto de Ries (Alemania) est\u00e1 compuesto por las denominadas\u00a0brechas Bunte (multicolores)\u00a0(de tama\u00f1o de clasto &lt; 25 m) y por megabloques al\u00f3ctonos (clastos &hellip; Continuar leyendo \"Eyecta de impacto y Megabrecha\"","og_url":"https:\/\/estructuras-de-impacto.impact-structures.com\/?page_id=206","og_site_name":"ERNSTSON CLAUDIN ESTRUCTURAS DE IMPACTO - CR\u00c1TERES METEOR\u00cdTICOS","article_modified_time":"2012-03-10T11:35:08+00:00","og_image":[{"url":"http:\/\/impacto.impact-structures.com\/wp-content\/uploads\/2011\/12\/bb-ronheim1.jpg","type":"","width":"","height":""}],"twitter_card":"summary_large_image","twitter_misc":{"Tiempo de lectura":"2 minutos"},"schema":{"@context":"https:\/\/schema.org","@graph":[{"@type":"WebPage","@id":"https:\/\/estructuras-de-impacto.impact-structures.com\/?page_id=206","url":"https:\/\/estructuras-de-impacto.impact-structures.com\/?page_id=206","name":"Eyecta de impacto y Megabrecha - ERNSTSON CLAUDIN ESTRUCTURAS DE IMPACTO - CR\u00c1TERES METEOR\u00cdTICOS","isPartOf":{"@id":"http:\/\/estructuras-de-impacto.impact-structures.com\/#website"},"primaryImageOfPage":{"@id":"https:\/\/estructuras-de-impacto.impact-structures.com\/?page_id=206#primaryimage"},"image":{"@id":"https:\/\/estructuras-de-impacto.impact-structures.com\/?page_id=206#primaryimage"},"thumbnailUrl":"http:\/\/impacto.impact-structures.com\/wp-content\/uploads\/2011\/12\/bb-ronheim1.jpg","datePublished":"2011-12-02T16:34:17+00:00","dateModified":"2012-03-10T11:35:08+00:00","breadcrumb":{"@id":"https:\/\/estructuras-de-impacto.impact-structures.com\/?page_id=206#breadcrumb"},"inLanguage":"es","potentialAction":[{"@type":"ReadAction","target":["https:\/\/estructuras-de-impacto.impact-structures.com\/?page_id=206"]}]},{"@type":"ImageObject","inLanguage":"es","@id":"https:\/\/estructuras-de-impacto.impact-structures.com\/?page_id=206#primaryimage","url":"http:\/\/impacto.impact-structures.com\/wp-content\/uploads\/2011\/12\/bb-ronheim1.jpg","contentUrl":"http:\/\/impacto.impact-structures.com\/wp-content\/uploads\/2011\/12\/bb-ronheim1.jpg"},{"@type":"BreadcrumbList","@id":"https:\/\/estructuras-de-impacto.impact-structures.com\/?page_id=206#breadcrumb","itemListElement":[{"@type":"ListItem","position":1,"name":"Portada","item":"http:\/\/estructuras-de-impacto.impact-structures.com\/"},{"@type":"ListItem","position":2,"name":"Rocas de impacto \u2013 impactitas","item":"http:\/\/estructuras-de-impacto.impact-structures.com\/?page_id=13"},{"@type":"ListItem","position":3,"name":"P\u00e1gina sobre brechas de impacto","item":"http:\/\/estructuras-de-impacto.impact-structures.com\/?page_id=1407"},{"@type":"ListItem","position":4,"name":"Eyecta de impacto y Megabrecha"}]},{"@type":"WebSite","@id":"http:\/\/estructuras-de-impacto.impact-structures.com\/#website","url":"http:\/\/estructuras-de-impacto.impact-structures.com\/","name":"ERNSTSON CLAUDIN ESTRUCTURAS DE IMPACTO - CR\u00c1TERES METEOR\u00cdTICOS","description":"Investigaci\u00f3n sobre la geolog\u00eda, geof\u00edsica, y petrolog\u00eda","potentialAction":[{"@type":"SearchAction","target":{"@type":"EntryPoint","urlTemplate":"http:\/\/estructuras-de-impacto.impact-structures.com\/?s={search_term_string}"},"query-input":{"@type":"PropertyValueSpecification","valueRequired":true,"valueName":"search_term_string"}}],"inLanguage":"es"}]}},"_links":{"self":[{"href":"http:\/\/estructuras-de-impacto.impact-structures.com\/index.php?rest_route=\/wp\/v2\/pages\/206","targetHints":{"allow":["GET"]}}],"collection":[{"href":"http:\/\/estructuras-de-impacto.impact-structures.com\/index.php?rest_route=\/wp\/v2\/pages"}],"about":[{"href":"http:\/\/estructuras-de-impacto.impact-structures.com\/index.php?rest_route=\/wp\/v2\/types\/page"}],"author":[{"embeddable":true,"href":"http:\/\/estructuras-de-impacto.impact-structures.com\/index.php?rest_route=\/wp\/v2\/users\/1"}],"replies":[{"embeddable":true,"href":"http:\/\/estructuras-de-impacto.impact-structures.com\/index.php?rest_route=%2Fwp%2Fv2%2Fcomments&post=206"}],"version-history":[{"count":0,"href":"http:\/\/estructuras-de-impacto.impact-structures.com\/index.php?rest_route=\/wp\/v2\/pages\/206\/revisions"}],"up":[{"embeddable":true,"href":"http:\/\/estructuras-de-impacto.impact-structures.com\/index.php?rest_route=\/wp\/v2\/pages\/1407"}],"wp:attachment":[{"href":"http:\/\/estructuras-de-impacto.impact-structures.com\/index.php?rest_route=%2Fwp%2Fv2%2Fmedia&parent=206"}],"curies":[{"name":"wp","href":"https:\/\/api.w.org\/{rel}","templated":true}]}}