{"id":204,"date":"2011-12-02T16:33:37","date_gmt":"2011-12-02T16:33:37","guid":{"rendered":"http:\/\/cms.impact-structures.com\/?page_id=204"},"modified":"2012-06-06T13:44:55","modified_gmt":"2012-06-06T13:44:55","slug":"suevite-or-suevite-breccia-2","status":"publish","type":"page","link":"http:\/\/estructuras-de-impacto.impact-structures.com\/?page_id=204","title":{"rendered":"Diques de brecha &#8211; diques de brecha de impacto"},"content":{"rendered":"<p>Un dique, en el sentido geol\u00f3gico habitual, es por lo general un cuerpo tabular de diferentes materiales (minerales, rocas, menas\u2026.) que intersecta la roca hu\u00e9sped. En las estructuras de impacto, los diques de brecha han jugado un importante papel en la comprensi\u00f3n del proceso de craterizaci\u00f3n por impacto. Han sido documentados en diversas estructuras de impacto, y han sido investigados en detalle por ejemplo en las estructuras de Rochechouart (Francia) y Azuara (Espa\u00f1a). Para la mayor\u00eda de diques de brechas se admite, por lo general, que se han formado durante el estadio de excavaci\u00f3n por la inyecci\u00f3n de material brechado en las paredes y en el suelo de la cavidad de excavaci\u00f3n en expansi\u00f3n. Posteriores formaciones de diques de brecha durante el estadio de modificaci\u00f3n pueden incorporar los diques de brechas formados con anterioridad y dar lugar a generaciones de diques de brechas.<\/p>\n<p>Aunque frecuentemente son muy similares en el afloramiento, los diques de brechas non deber\u00edan ser confundidos con las pseudotaquilitas de impacto (ver http:\/\/www.impact-structures.com\/impact-rocks-impactites\/impact-melt-page-impact-melt-rocks-impact-glasses-and-congeners\/). Por definici\u00f3n, las pseudotaquilitas se caracterizan por una matriz de roca fundida claramente diferente de la matriz cl\u00e1stica de los diques de brechas.<\/p>\n<p><a href=\"http:\/\/impacto.impact-structures.com\/wp-content\/uploads\/2011\/12\/gang-1.jpg\" target=\"_blank\"><img loading=\"lazy\" decoding=\"async\" class=\"alignnone size-medium wp-image-1883\" title=\"gang 1\" src=\"http:\/\/impacto.impact-structures.com\/wp-content\/uploads\/2011\/12\/gang-1-300x202.jpg\" alt=\"\" width=\"300\" height=\"202\" srcset=\"http:\/\/estructuras-de-impacto.impact-structures.com\/wp-content\/uploads\/2011\/12\/gang-1-300x202.jpg 300w, http:\/\/estructuras-de-impacto.impact-structures.com\/wp-content\/uploads\/2011\/12\/gang-1.jpg 400w\" sizes=\"auto, (max-width: 300px) 85vw, 300px\" \/><\/a><\/p>\n<p>Fig. 1.\u00a0Conjunto de diques de brechas que cortan calizas del Li\u00e1sico. Estructura de impacto de Azuara (Espa\u00f1a); cerca de Belchite.<\/p>\n<p><img loading=\"lazy\" decoding=\"async\" style=\"padding-top: 0px; padding-right: 10px; padding-bottom: 0px; padding-left: 0px; border-style: initial; border-color: initial; float: left; border-width: 0px; margin: 0px;\" src=\"http:\/\/www.impact-structures.com\/breccia\/dike\/image004.gif\" alt=\"Image004\" width=\"302\" height=\"199\" \/><\/p>\n<p>&nbsp;<\/p>\n<p>&nbsp;<\/p>\n<p>&nbsp;<\/p>\n<p>&nbsp;<\/p>\n<p>&nbsp;<\/p>\n<p>Fig. 2.\u00a0Dique de brecha expuesto en la estructura de impacto de Rochechouart (Francia).<\/p>\n<p><img loading=\"lazy\" decoding=\"async\" style=\"padding-top: 0px; padding-right: 10px; padding-bottom: 0px; padding-left: 0px; border-style: initial; border-color: initial; float: left; border-width: 0px; margin: 0px;\" src=\"http:\/\/www.impact-structures.com\/breccia\/dike\/image006.gif\" alt=\"Image006\" width=\"305\" height=\"230\" \/><\/p>\n<p>&nbsp;<\/p>\n<p>&nbsp;<\/p>\n<p>&nbsp;<\/p>\n<p>&nbsp;<\/p>\n<p>&nbsp;<\/p>\n<p>Fig. 3.\u00a0Dique de brechas que corta de manera abrupta calizas del Jur\u00e1sico. Zona del borde de la cuenca de impacto de Rubielos de la C\u00e9rida, cerca de Cervera del Rinc\u00f3n.<\/p>\n<p><img loading=\"lazy\" decoding=\"async\" style=\"padding-top: 0px; padding-right: 10px; padding-bottom: 0px; padding-left: 0px; border-style: initial; border-color: initial; float: left; border-width: 0px; margin: 0px;\" src=\"http:\/\/www.impact-structures.com\/breccia\/dike\/image008.gif\" alt=\"Image008\" width=\"299\" height=\"225\" \/><\/p>\n<p>&nbsp;<\/p>\n<p>&nbsp;<\/p>\n<p>&nbsp;<\/p>\n<p>&nbsp;<\/p>\n<p>&nbsp;<\/p>\n<p><span style=\"color: #000000;\">Fig. 4.\u00a0Sistema de diques de brechas de impacto que intersectan limolitas intensamente fracturadas del Paleozoico. Por encima del conjunto pueden observarse los bien estratificados conglomerados post-impacto del Terciario. Zona del borde de la cuenca de impacto de Rubielos de la C\u00e9rida cerca de Lechago. <\/span><\/p>\n<p><img loading=\"lazy\" decoding=\"async\" style=\"padding-top: 0px; padding-right: 10px; padding-bottom: 0px; padding-left: 0px; border-style: initial; border-color: initial; float: left; border-width: 0px; margin: 0px;\" src=\"http:\/\/www.impact-structures.com\/breccia\/dike\/image010.gif\" alt=\"Image010\" width=\"299\" height=\"199\" \/><\/p>\n<p>&nbsp;<\/p>\n<p>&nbsp;<\/p>\n<p>&nbsp;<\/p>\n<p>&nbsp;<\/p>\n<p>&nbsp;<\/p>\n<p><span style=\"color: #000000;\">Fig. 5.\u00a0<\/span>Diques de brechas que se intersectan entre si (generaciones de diques) en calizas del Malm. El primer dique en emplazarse (de direcci\u00f3n N \u2013 S) es cortado por el dique m\u00e1s joven que exhibe una textura en cinta que so origin\u00f3 probablemente a partir de las interacciones entre el material del dique y la roca hu\u00e9sped. Estructura de impacto de Azuara en las cercan\u00edas de Ventas de Muniesa (Corral de C\u00e1maras). La longitud de la caja de cerillas es de 40 mm.<\/p>\n<p><img loading=\"lazy\" decoding=\"async\" style=\"padding-top: 0px; padding-right: 10px; padding-bottom: 0px; padding-left: 0px; border-style: initial; border-color: initial; float: left; border-width: 0px; margin: 0px;\" src=\"http:\/\/www.impact-structures.com\/breccia\/dike\/image012.gif\" alt=\"Image012\" width=\"299\" height=\"225\" \/><\/p>\n<p>&nbsp;<\/p>\n<p>&nbsp;<\/p>\n<p>&nbsp;<\/p>\n<p>&nbsp;<\/p>\n<p>&nbsp;<\/p>\n<p><span style=\"color: #000000;\">Fig. 6.\u00a0<\/span>Dique de brechas polim\u00edctico que intersecta una dolom\u00eda del Tri\u00e1sico. Cuenca de impacto de Rubielos de la C\u00e9rida cerca de Teruel.<\/p>\n<p><img loading=\"lazy\" decoding=\"async\" style=\"padding-top: 0px; padding-right: 10px; padding-bottom: 0px; padding-left: 0px; border-style: initial; border-color: initial; float: left; border-width: 0px; margin: 0px;\" src=\"http:\/\/www.impact-structures.com\/breccia\/dike\/image014.gif\" alt=\"Image014\" width=\"281\" height=\"187\" \/><\/p>\n<p>&nbsp;<\/p>\n<p>&nbsp;<\/p>\n<p>&nbsp;<\/p>\n<p>&nbsp;<\/p>\n<p>Fig. 7.\u00a0Dique de brechas sito en unas calizas del Jur\u00e1sico. Cuenca de impacto de Rubielos de la C\u00e9rida (Espa\u00f1a). Puede observarse como los clastos angulosos de la brecha y la fragmentaci\u00f3n de la roca encajante excluyen la posibilidad de procesos de tipo c\u00e1rstico en su g\u00e9nesis.<\/p>\n<p><img loading=\"lazy\" decoding=\"async\" style=\"padding-top: 0px; padding-right: 10px; padding-bottom: 0px; padding-left: 0px; border-style: initial; border-color: initial; float: left; border-width: 0px; margin: 0px;\" src=\"http:\/\/www.impact-structures.com\/breccia\/dike\/image016.gif\" alt=\"Image016\" width=\"281\" height=\"186\" \/><\/p>\n<p>&nbsp;<\/p>\n<p>&nbsp;<\/p>\n<p>&nbsp;<\/p>\n<p>&nbsp;<\/p>\n<p>Fig. 8.\u00a0Notable dique de brechas que intersecta limolitas del Paleozoico. Estructura de impacto de Azuara.<\/p>\n<p><img loading=\"lazy\" decoding=\"async\" style=\"padding-top: 0px; padding-right: 10px; padding-bottom: 0px; padding-left: 0px; border-style: initial; border-color: initial; float: left; border-width: 0px; margin: 0px;\" src=\"http:\/\/www.impact-structures.com\/breccia\/dike\/image018.gif\" alt=\"Image018\" width=\"277\" height=\"369\" \/><\/p>\n<p>&nbsp;<\/p>\n<p>&nbsp;<\/p>\n<p>&nbsp;<\/p>\n<p>&nbsp;<\/p>\n<p>&nbsp;<\/p>\n<p>&nbsp;<\/p>\n<p>&nbsp;<\/p>\n<p>&nbsp;<\/p>\n<p><span style=\"color: #000000;\">Fig. 9.\u00a0<\/span>Dique de brechas que intersecta calizas del Muschelkalk. Cuenca de impacto de Rubielos de la C\u00e9rida cerca de Corbal\u00e1n. Las fracturas de bordes afilados sin ning\u00fan rasgo de disoluci\u00f3n excluye cualquier confusi\u00f3n con estructuras k\u00e1rsticas.<\/p>\n<p><img loading=\"lazy\" decoding=\"async\" style=\"padding-top: 0px; padding-right: 10px; padding-bottom: 0px; padding-left: 0px; border-style: initial; border-color: initial; float: left; border-width: 0px; margin: 0px;\" src=\"http:\/\/www.impact-structures.com\/breccia\/dike\/image020.gif\" alt=\"Image020\" width=\"288\" height=\"216\" \/><\/p>\n<p>&nbsp;<\/p>\n<p>&nbsp;<\/p>\n<p>&nbsp;<\/p>\n<p>&nbsp;<\/p>\n<p>&nbsp;<\/p>\n<p><span style=\"color: #000000;\">Fig. 10.\u00a0<\/span>Dique de brechas bifurcado que intersecta conglomerados del Terciario inferior. Cuenca de impacto de Rubielos de la C\u00e9rida en las cercan\u00edas de Escorihuela.<\/p>\n<p><img loading=\"lazy\" decoding=\"async\" style=\"padding-top: 0px; padding-right: 10px; padding-bottom: 0px; padding-left: 0px; border-style: initial; border-color: initial; float: left; border-width: 0px; margin: 0px;\" src=\"http:\/\/www.impact-structures.com\/breccia\/dike\/image022.gif\" alt=\"Image022\" width=\"287\" height=\"186\" \/><\/p>\n<p>&nbsp;<\/p>\n<p>&nbsp;<\/p>\n<p>&nbsp;<\/p>\n<p>&nbsp;<\/p>\n<p><span style=\"color: #000000;\">Fig. 11.\u00a0<\/span>Diques de brecha en una muestra de mano. Caliza del Muschelkalk procedente de la cuenca de impacto de Rubielos de la C\u00e9rida en las cercan\u00edas de Escriche.<\/p>\n<p><img loading=\"lazy\" decoding=\"async\" style=\"padding-top: 0px; padding-right: 10px; padding-bottom: 0px; padding-left: 0px; border-style: initial; border-color: initial; float: left; border-width: 0px; margin: 0px;\" src=\"http:\/\/www.impact-structures.com\/breccia\/dike\/image024.gif\" alt=\"Image024\" width=\"287\" height=\"210\" \/><\/p>\n<p>&nbsp;<\/p>\n<p>&nbsp;<\/p>\n<p>&nbsp;<\/p>\n<p>&nbsp;<\/p>\n<p>&nbsp;<\/p>\n<p>Fig. 12. Dique de brechas microsc\u00f3pico sito en un clasto de cuarcita procedente de un dique de brechas polim\u00edctico intensamente chocado (generaciones de diques de brechas). Estructura de impacto de Azuara. Microfotografia realizada a luz paralela y a n\u00edcoles cruzados ; la anchura de campo es de 5 mm. Obs\u00e9rvese como existen ramificaciones que salen del dique principal y que cortan algunos granos de cuarzo.<\/p>\n","protected":false},"excerpt":{"rendered":"<p>Un dique, en el sentido geol\u00f3gico habitual, es por lo general un cuerpo tabular de diferentes materiales (minerales, rocas, menas\u2026.) que intersecta la roca hu\u00e9sped. En las estructuras de impacto, los diques de brecha han jugado un importante papel en la comprensi\u00f3n del proceso de craterizaci\u00f3n por impacto. Han sido documentados en diversas estructuras de &hellip; <a href=\"http:\/\/estructuras-de-impacto.impact-structures.com\/?page_id=204\" class=\"more-link\">Continuar leyendo<span class=\"screen-reader-text\"> \u00abDiques de brecha &#8211; diques de brecha de impacto\u00bb<\/span><\/a><\/p>\n","protected":false},"author":1,"featured_media":0,"parent":1407,"menu_order":0,"comment_status":"closed","ping_status":"closed","template":"sidebar-page.php","meta":{"footnotes":""},"class_list":["post-204","page","type-page","status-publish","hentry"],"yoast_head":"<!-- This site is optimized with the Yoast SEO plugin v27.3 - https:\/\/yoast.com\/product\/yoast-seo-wordpress\/ -->\n<title>Diques de brecha - diques de brecha de impacto  - ERNSTSON CLAUDIN ESTRUCTURAS DE IMPACTO - CR\u00c1TERES METEOR\u00cdTICOS<\/title>\n<meta name=\"robots\" content=\"index, follow, max-snippet:-1, max-image-preview:large, max-video-preview:-1\" \/>\n<link rel=\"canonical\" href=\"http:\/\/estructuras-de-impacto.impact-structures.com\/?page_id=204\" \/>\n<meta property=\"og:locale\" content=\"es_ES\" \/>\n<meta property=\"og:type\" content=\"article\" \/>\n<meta property=\"og:title\" content=\"Diques de brecha - diques de brecha de impacto  - ERNSTSON CLAUDIN ESTRUCTURAS DE IMPACTO - CR\u00c1TERES METEOR\u00cdTICOS\" \/>\n<meta property=\"og:description\" content=\"Un dique, en el sentido geol\u00f3gico habitual, es por lo general un cuerpo tabular de diferentes materiales (minerales, rocas, menas\u2026.) que intersecta la roca hu\u00e9sped. En las estructuras de impacto, los diques de brecha han jugado un importante papel en la comprensi\u00f3n del proceso de craterizaci\u00f3n por impacto. Han sido documentados en diversas estructuras de &hellip; Continuar leyendo &quot;Diques de brecha &#8211; diques de brecha de impacto&quot;\" \/>\n<meta property=\"og:url\" content=\"http:\/\/estructuras-de-impacto.impact-structures.com\/?page_id=204\" \/>\n<meta property=\"og:site_name\" content=\"ERNSTSON CLAUDIN ESTRUCTURAS DE IMPACTO - CR\u00c1TERES METEOR\u00cdTICOS\" \/>\n<meta property=\"article:modified_time\" content=\"2012-06-06T13:44:55+00:00\" \/>\n<meta property=\"og:image\" content=\"http:\/\/impacto.impact-structures.com\/wp-content\/uploads\/2011\/12\/gang-1-300x202.jpg\" \/>\n<meta name=\"twitter:card\" content=\"summary_large_image\" \/>\n<meta name=\"twitter:label1\" content=\"Tiempo de lectura\" \/>\n\t<meta name=\"twitter:data1\" content=\"4 minutos\" \/>\n<script type=\"application\/ld+json\" class=\"yoast-schema-graph\">{\"@context\":\"https:\\\/\\\/schema.org\",\"@graph\":[{\"@type\":\"WebPage\",\"@id\":\"http:\\\/\\\/estructuras-de-impacto.impact-structures.com\\\/?page_id=204\",\"url\":\"http:\\\/\\\/estructuras-de-impacto.impact-structures.com\\\/?page_id=204\",\"name\":\"Diques de brecha - diques de brecha de impacto - ERNSTSON CLAUDIN ESTRUCTURAS DE IMPACTO - CR\u00c1TERES METEOR\u00cdTICOS\",\"isPartOf\":{\"@id\":\"http:\\\/\\\/estructuras-de-impacto.impact-structures.com\\\/#website\"},\"primaryImageOfPage\":{\"@id\":\"http:\\\/\\\/estructuras-de-impacto.impact-structures.com\\\/?page_id=204#primaryimage\"},\"image\":{\"@id\":\"http:\\\/\\\/estructuras-de-impacto.impact-structures.com\\\/?page_id=204#primaryimage\"},\"thumbnailUrl\":\"http:\\\/\\\/impacto.impact-structures.com\\\/wp-content\\\/uploads\\\/2011\\\/12\\\/gang-1-300x202.jpg\",\"datePublished\":\"2011-12-02T16:33:37+00:00\",\"dateModified\":\"2012-06-06T13:44:55+00:00\",\"breadcrumb\":{\"@id\":\"http:\\\/\\\/estructuras-de-impacto.impact-structures.com\\\/?page_id=204#breadcrumb\"},\"inLanguage\":\"es\",\"potentialAction\":[{\"@type\":\"ReadAction\",\"target\":[\"http:\\\/\\\/estructuras-de-impacto.impact-structures.com\\\/?page_id=204\"]}]},{\"@type\":\"ImageObject\",\"inLanguage\":\"es\",\"@id\":\"http:\\\/\\\/estructuras-de-impacto.impact-structures.com\\\/?page_id=204#primaryimage\",\"url\":\"http:\\\/\\\/impacto.impact-structures.com\\\/wp-content\\\/uploads\\\/2011\\\/12\\\/gang-1-300x202.jpg\",\"contentUrl\":\"http:\\\/\\\/impacto.impact-structures.com\\\/wp-content\\\/uploads\\\/2011\\\/12\\\/gang-1-300x202.jpg\"},{\"@type\":\"BreadcrumbList\",\"@id\":\"http:\\\/\\\/estructuras-de-impacto.impact-structures.com\\\/?page_id=204#breadcrumb\",\"itemListElement\":[{\"@type\":\"ListItem\",\"position\":1,\"name\":\"Portada\",\"item\":\"http:\\\/\\\/estructuras-de-impacto.impact-structures.com\\\/\"},{\"@type\":\"ListItem\",\"position\":2,\"name\":\"Rocas de impacto \u2013 impactitas\",\"item\":\"http:\\\/\\\/estructuras-de-impacto.impact-structures.com\\\/?page_id=13\"},{\"@type\":\"ListItem\",\"position\":3,\"name\":\"P\u00e1gina sobre brechas de impacto\",\"item\":\"http:\\\/\\\/estructuras-de-impacto.impact-structures.com\\\/?page_id=1407\"},{\"@type\":\"ListItem\",\"position\":4,\"name\":\"Diques de brecha &#8211; diques de brecha de impacto\"}]},{\"@type\":\"WebSite\",\"@id\":\"http:\\\/\\\/estructuras-de-impacto.impact-structures.com\\\/#website\",\"url\":\"http:\\\/\\\/estructuras-de-impacto.impact-structures.com\\\/\",\"name\":\"ERNSTSON CLAUDIN ESTRUCTURAS DE IMPACTO - CR\u00c1TERES METEOR\u00cdTICOS\",\"description\":\"Investigaci\u00f3n sobre la geolog\u00eda, geof\u00edsica, y petrolog\u00eda\",\"potentialAction\":[{\"@type\":\"SearchAction\",\"target\":{\"@type\":\"EntryPoint\",\"urlTemplate\":\"http:\\\/\\\/estructuras-de-impacto.impact-structures.com\\\/?s={search_term_string}\"},\"query-input\":{\"@type\":\"PropertyValueSpecification\",\"valueRequired\":true,\"valueName\":\"search_term_string\"}}],\"inLanguage\":\"es\"}]}<\/script>\n<!-- \/ Yoast SEO plugin. -->","yoast_head_json":{"title":"Diques de brecha - diques de brecha de impacto  - ERNSTSON CLAUDIN ESTRUCTURAS DE IMPACTO - CR\u00c1TERES METEOR\u00cdTICOS","robots":{"index":"index","follow":"follow","max-snippet":"max-snippet:-1","max-image-preview":"max-image-preview:large","max-video-preview":"max-video-preview:-1"},"canonical":"http:\/\/estructuras-de-impacto.impact-structures.com\/?page_id=204","og_locale":"es_ES","og_type":"article","og_title":"Diques de brecha - diques de brecha de impacto  - ERNSTSON CLAUDIN ESTRUCTURAS DE IMPACTO - CR\u00c1TERES METEOR\u00cdTICOS","og_description":"Un dique, en el sentido geol\u00f3gico habitual, es por lo general un cuerpo tabular de diferentes materiales (minerales, rocas, menas\u2026.) que intersecta la roca hu\u00e9sped. En las estructuras de impacto, los diques de brecha han jugado un importante papel en la comprensi\u00f3n del proceso de craterizaci\u00f3n por impacto. Han sido documentados en diversas estructuras de &hellip; Continuar leyendo \"Diques de brecha &#8211; diques de brecha de impacto\"","og_url":"http:\/\/estructuras-de-impacto.impact-structures.com\/?page_id=204","og_site_name":"ERNSTSON CLAUDIN ESTRUCTURAS DE IMPACTO - CR\u00c1TERES METEOR\u00cdTICOS","article_modified_time":"2012-06-06T13:44:55+00:00","og_image":[{"url":"http:\/\/impacto.impact-structures.com\/wp-content\/uploads\/2011\/12\/gang-1-300x202.jpg","type":"","width":"","height":""}],"twitter_card":"summary_large_image","twitter_misc":{"Tiempo de lectura":"4 minutos"},"schema":{"@context":"https:\/\/schema.org","@graph":[{"@type":"WebPage","@id":"http:\/\/estructuras-de-impacto.impact-structures.com\/?page_id=204","url":"http:\/\/estructuras-de-impacto.impact-structures.com\/?page_id=204","name":"Diques de brecha - diques de brecha de impacto - ERNSTSON CLAUDIN ESTRUCTURAS DE IMPACTO - CR\u00c1TERES METEOR\u00cdTICOS","isPartOf":{"@id":"http:\/\/estructuras-de-impacto.impact-structures.com\/#website"},"primaryImageOfPage":{"@id":"http:\/\/estructuras-de-impacto.impact-structures.com\/?page_id=204#primaryimage"},"image":{"@id":"http:\/\/estructuras-de-impacto.impact-structures.com\/?page_id=204#primaryimage"},"thumbnailUrl":"http:\/\/impacto.impact-structures.com\/wp-content\/uploads\/2011\/12\/gang-1-300x202.jpg","datePublished":"2011-12-02T16:33:37+00:00","dateModified":"2012-06-06T13:44:55+00:00","breadcrumb":{"@id":"http:\/\/estructuras-de-impacto.impact-structures.com\/?page_id=204#breadcrumb"},"inLanguage":"es","potentialAction":[{"@type":"ReadAction","target":["http:\/\/estructuras-de-impacto.impact-structures.com\/?page_id=204"]}]},{"@type":"ImageObject","inLanguage":"es","@id":"http:\/\/estructuras-de-impacto.impact-structures.com\/?page_id=204#primaryimage","url":"http:\/\/impacto.impact-structures.com\/wp-content\/uploads\/2011\/12\/gang-1-300x202.jpg","contentUrl":"http:\/\/impacto.impact-structures.com\/wp-content\/uploads\/2011\/12\/gang-1-300x202.jpg"},{"@type":"BreadcrumbList","@id":"http:\/\/estructuras-de-impacto.impact-structures.com\/?page_id=204#breadcrumb","itemListElement":[{"@type":"ListItem","position":1,"name":"Portada","item":"http:\/\/estructuras-de-impacto.impact-structures.com\/"},{"@type":"ListItem","position":2,"name":"Rocas de impacto \u2013 impactitas","item":"http:\/\/estructuras-de-impacto.impact-structures.com\/?page_id=13"},{"@type":"ListItem","position":3,"name":"P\u00e1gina sobre brechas de impacto","item":"http:\/\/estructuras-de-impacto.impact-structures.com\/?page_id=1407"},{"@type":"ListItem","position":4,"name":"Diques de brecha &#8211; diques de brecha de impacto"}]},{"@type":"WebSite","@id":"http:\/\/estructuras-de-impacto.impact-structures.com\/#website","url":"http:\/\/estructuras-de-impacto.impact-structures.com\/","name":"ERNSTSON CLAUDIN ESTRUCTURAS DE IMPACTO - CR\u00c1TERES METEOR\u00cdTICOS","description":"Investigaci\u00f3n sobre la geolog\u00eda, geof\u00edsica, y petrolog\u00eda","potentialAction":[{"@type":"SearchAction","target":{"@type":"EntryPoint","urlTemplate":"http:\/\/estructuras-de-impacto.impact-structures.com\/?s={search_term_string}"},"query-input":{"@type":"PropertyValueSpecification","valueRequired":true,"valueName":"search_term_string"}}],"inLanguage":"es"}]}},"_links":{"self":[{"href":"http:\/\/estructuras-de-impacto.impact-structures.com\/index.php?rest_route=\/wp\/v2\/pages\/204","targetHints":{"allow":["GET"]}}],"collection":[{"href":"http:\/\/estructuras-de-impacto.impact-structures.com\/index.php?rest_route=\/wp\/v2\/pages"}],"about":[{"href":"http:\/\/estructuras-de-impacto.impact-structures.com\/index.php?rest_route=\/wp\/v2\/types\/page"}],"author":[{"embeddable":true,"href":"http:\/\/estructuras-de-impacto.impact-structures.com\/index.php?rest_route=\/wp\/v2\/users\/1"}],"replies":[{"embeddable":true,"href":"http:\/\/estructuras-de-impacto.impact-structures.com\/index.php?rest_route=%2Fwp%2Fv2%2Fcomments&post=204"}],"version-history":[{"count":0,"href":"http:\/\/estructuras-de-impacto.impact-structures.com\/index.php?rest_route=\/wp\/v2\/pages\/204\/revisions"}],"up":[{"embeddable":true,"href":"http:\/\/estructuras-de-impacto.impact-structures.com\/index.php?rest_route=\/wp\/v2\/pages\/1407"}],"wp:attachment":[{"href":"http:\/\/estructuras-de-impacto.impact-structures.com\/index.php?rest_route=%2Fwp%2Fv2%2Fmedia&parent=204"}],"curies":[{"name":"wp","href":"https:\/\/api.w.org\/{rel}","templated":true}]}}