{"id":198,"date":"2011-12-02T16:30:31","date_gmt":"2011-12-02T16:30:31","guid":{"rendered":"http:\/\/cms.impact-structures.com\/?page_id=198"},"modified":"2012-06-03T18:04:12","modified_gmt":"2012-06-03T18:04:12","slug":"polymictic-polymict-polygenetic-polylithologic-breccia","status":"publish","type":"page","link":"http:\/\/estructuras-de-impacto.impact-structures.com\/?page_id=198","title":{"rendered":"Brecha polim\u00edctica"},"content":{"rendered":"<p>Una brecha polim\u00edctica es una roca cl\u00e0stica sedimentaria compuesta de clastos angulosos de diferente or\u00edgen entremezclados en una matriz consolidada.<\/p>\n<p>De acuerdo a la nomenclatura inicial sugerida por la subcomisi\u00f3n sobre la Sistem\u00e1tica de las rocas Metam\u00f3rficas de la IUGS, grupo de estudio sobre impactitas, una brecha polim\u00edctica es \u201cuna brecha con matriz cl\u00e1stica o cristalina (derivada de la cristalizaci\u00f3n del fundido de impacto) que contiene clastos l\u00edticos y minerales con diferentes grados de metamorfismo de choque extra\u00eddos por un impacto a partir de diferentes regiones de la secci\u00f3n de la roca objetivo, transportados, mezclados, y depositados en el interior o alrededor de un cr\u00e1ter de impacto o inyectados en las rocas del objetivo como diques.\u201d<\/p>\n<p>Mientras tanto, una nueva aproximaci\u00f3n provisional a una clasificaci\u00f3n sobre impactitas fue realizada en el a\u00f1o 2007: <a href=\"http:\/\/www.bgs.ac.uk\/SCMR\/docs\/papers\/paper_11.pdf\" target=\"_blank\">http:\/\/www.bgs.ac.uk\/SCMR\/docs\/papers\/paper_11.pdf<\/a><\/p>\n<p>De acuerdo con el uso com\u00fan para evitar nombres relacionados gen\u00e9ticamente, el t\u00e9rmino \u201cbrecha polim\u00edctica\u201d se aplica aqu\u00ed tan s\u00f3lo de manera descriptiva. El t\u00e9rmino \u201cbrecha de impacto polim\u00edctica\u201d, a priori relacionado gen\u00e9ticamente, puede ser usado como un t\u00e9rmino gen\u00e9rico para brechas l\u00edticas y brechas suev\u00edticas.<\/p>\n<p><img loading=\"lazy\" decoding=\"async\" style=\"padding-top: 0px; padding-right: 10px; padding-bottom: 0px; padding-left: 0px; border-style: initial; border-color: initial; float: left; border-width: 0px; margin: 0px;\" src=\"http:\/\/www.impact-structures.com\/breccia\/polymictic\/image002.gif\" alt=\"Image002\" width=\"287\" height=\"215\" \/><\/p>\n<p>&nbsp;<\/p>\n<p>&nbsp;<\/p>\n<p>&nbsp;<\/p>\n<p>&nbsp;<\/p>\n<p>&nbsp;<\/p>\n<p><strong><span style=\"color: #000000;\">Fig. 1.\u00a0B<\/span>recha polim\u00edctica (Formaci\u00f3n Onaping), procedente de la estructura de impacto de Sudbury (Canad\u00e1).<\/strong><\/p>\n<p><img loading=\"lazy\" decoding=\"async\" style=\"padding-top: 0px; padding-right: 10px; padding-bottom: 0px; padding-left: 0px; border-style: initial; border-color: initial; float: left; border-width: 0px; margin: 0px;\" src=\"http:\/\/www.impact-structures.com\/breccia\/polymictic\/image004.gif\" alt=\"Image004\" width=\"287\" height=\"207\" \/><\/p>\n<p>&nbsp;<\/p>\n<p>&nbsp;<\/p>\n<p>&nbsp;<\/p>\n<p>&nbsp;<\/p>\n<p>&nbsp;<\/p>\n<p><strong><span style=\"color: #000000;\">Fig. 2.\u00a0Una brecha polim\u00edctica procedente de la estructura de impacto de Azuara (Espa\u00f1a); cerca de Herrera ed los Navarros. El color rojizo de algunos clastos calizos se explica por la acci\u00f3n de \u00a0temperaturas elevadas.<\/span><\/strong><\/p>\n<p><img loading=\"lazy\" decoding=\"async\" style=\"padding-top: 0px; padding-right: 10px; padding-bottom: 0px; padding-left: 0px; border-style: initial; border-color: initial; float: left; border-width: 0px; margin: 0px;\" src=\"http:\/\/www.impact-structures.com\/breccia\/polymictic\/image006.gif\" alt=\"Image006\" width=\"287\" height=\"189\" \/><\/p>\n<p>&nbsp;<\/p>\n<p>&nbsp;<\/p>\n<p>&nbsp;<\/p>\n<p>&nbsp;<\/p>\n<p><strong><span style=\"color: #000000;\">Fig. 3.\u00a0 Brecha polim\u00edctica procedente de la estructura de impacto de Azuara (Espa\u00f1a) en las cercan\u00edas de Fuendetodos. Como en la Fig. 2, el color rojizo de algunos clastos calizos puede explicarse por la acci\u00f3n de temperaturas elevadas.<\/span><\/strong><\/p>\n<p><img loading=\"lazy\" decoding=\"async\" style=\"padding-top: 0px; padding-right: 10px; padding-bottom: 0px; padding-left: 0px; border-style: initial; border-color: initial; float: left; border-width: 0px; margin: 0px;\" src=\"http:\/\/www.impact-structures.com\/breccia\/polymictic\/image008.gif\" alt=\"Image008\" width=\"287\" height=\"169\" \/><\/p>\n<p>&nbsp;<\/p>\n<p>&nbsp;<\/p>\n<p>&nbsp;<\/p>\n<p>&nbsp;<\/p>\n<p><strong>Fig. 4.\u00a0Brecha polim\u00edctica rica en matriz procedente del cr\u00e1ter T\u00fcttensee, campo de cr\u00e1teres de impacto de Chiemgau, Alemania.\u00a0<\/strong><\/p>\n<p>&nbsp;<\/p>\n<h3><strong>Brecha dentro de brecha; generaciones de brechas<\/strong><\/h3>\n<p>Durante el extremadamente complejo proceso de la craterizac\u00f3n por impacto, las brechas pueden incorporar a brechas preexistentes, lo cual da lugar a brechas dentro de brechas e incluso a m\u00faltiples generaciones de brechas que por lo general son desconocidas en otros procesos geol\u00f3gicos.<\/p>\n<p><img loading=\"lazy\" decoding=\"async\" style=\"padding-top: 0px; padding-right: 10px; padding-bottom: 0px; padding-left: 0px; border-style: initial; border-color: initial; float: left; border-width: 0px; margin: 0px;\" src=\"http:\/\/www.impact-structures.com\/breccia\/polymictic\/image010.gif\" alt=\"Image010\" width=\"287\" height=\"275\" \/><\/p>\n<p>&nbsp;<\/p>\n<p>&nbsp;<\/p>\n<p>&nbsp;<\/p>\n<p>&nbsp;<\/p>\n<p>&nbsp;<\/p>\n<p>&nbsp;<\/p>\n<p><strong><span style=\"color: #000000;\">Fig. 5.\u00a0B<\/span>recha dentro de brecha; brecha polim\u00edctica con textura fluidal y clastos que a suvez se hallan brechados (brecha monom\u00edctica). La marcada coherencia de los clastos brechados monom\u00edcticos constituye una prueba de la acci\u00f3n de presi\u00f3n de confinamiento durante el flujo y emplazamiento de la brecha polim\u00edctica. Zona del borde de la cuenca de impacto de Rubielos de la C\u00e9rida en las cercan\u00edas ed Olalla.<\/strong><\/p>\n<p><a href=\"http:\/\/impacto.impact-structures.com\/wp-content\/uploads\/2011\/12\/breccia-poli.jpg\" target=\"_blank\"><img loading=\"lazy\" decoding=\"async\" class=\"alignnone size-medium wp-image-1866\" title=\"breccia poli\" src=\"http:\/\/impacto.impact-structures.com\/wp-content\/uploads\/2011\/12\/breccia-poli-300x225.jpg\" alt=\"\" width=\"300\" height=\"225\" srcset=\"http:\/\/estructuras-de-impacto.impact-structures.com\/wp-content\/uploads\/2011\/12\/breccia-poli-300x225.jpg 300w, http:\/\/estructuras-de-impacto.impact-structures.com\/wp-content\/uploads\/2011\/12\/breccia-poli.jpg 400w\" sizes=\"auto, (max-width: 300px) 85vw, 300px\" \/><\/a><\/p>\n<p><strong>Fig. 6. Brecha polim\u00edctica; cuenca de impacto de Rubielos de la C\u00e9rida. Obs\u00e9rvese el clasto ubicado a la derecha de la moneda, que es a su vez una brecha polim\u00edctica (brecha dentro de brecha).<\/strong><\/p>\n<p><a href=\"http:\/\/impacto.impact-structures.com\/wp-content\/uploads\/2011\/12\/brecha-4-gen.jpg\" target=\"_blank\"><img loading=\"lazy\" decoding=\"async\" class=\"alignnone size-medium wp-image-1867\" title=\"brecha 4 gen\" src=\"http:\/\/impacto.impact-structures.com\/wp-content\/uploads\/2011\/12\/brecha-4-gen-300x155.jpg\" alt=\"\" width=\"300\" height=\"155\" srcset=\"http:\/\/estructuras-de-impacto.impact-structures.com\/wp-content\/uploads\/2011\/12\/brecha-4-gen-300x155.jpg 300w, http:\/\/estructuras-de-impacto.impact-structures.com\/wp-content\/uploads\/2011\/12\/brecha-4-gen.jpg 400w\" sizes=\"auto, (max-width: 300px) 85vw, 300px\" \/><\/a><\/p>\n<p><strong>Fig. 7. Fragmento pulido de una brecha polim\u00edctica de caliza (arriba) y detalles de la misma. Estructura de impacto de Azuara. La brecha presenta una compleja historia de formaci\u00f3n. Pueden observarse, al menos, 4 generaciones de brechas.<\/strong><\/p>\n<p><a href=\"http:\/\/impacto.impact-structures.com\/wp-content\/uploads\/2011\/12\/brecha-4-gen-det.jpg\" target=\"_blank\"><img loading=\"lazy\" decoding=\"async\" class=\"alignnone size-medium wp-image-1868\" title=\"brecha 4 gen det\" src=\"http:\/\/impacto.impact-structures.com\/wp-content\/uploads\/2011\/12\/brecha-4-gen-det-300x247.jpg\" alt=\"\" width=\"300\" height=\"247\" srcset=\"http:\/\/estructuras-de-impacto.impact-structures.com\/wp-content\/uploads\/2011\/12\/brecha-4-gen-det-300x247.jpg 300w, http:\/\/estructuras-de-impacto.impact-structures.com\/wp-content\/uploads\/2011\/12\/brecha-4-gen-det-363x300.jpg 363w, http:\/\/estructuras-de-impacto.impact-structures.com\/wp-content\/uploads\/2011\/12\/brecha-4-gen-det.jpg 400w\" sizes=\"auto, (max-width: 300px) 85vw, 300px\" \/><\/a><\/p>\n<p><strong>Fig. 8. Tambi\u00e9n se puede apreciar un diquecillo de brechas que corta al fragmento (detalles 1 y 2). Despu\u00e9s del emplazamiento del diquecillo, el clasto fue fragmentado otra vez.<\/strong><\/p>\n<p><a href=\"http:\/\/impacto.impact-structures.com\/wp-content\/uploads\/2011\/12\/brecha-4-gen-det-2.jpg\" target=\"_blank\"><img loading=\"lazy\" decoding=\"async\" class=\"alignnone size-medium wp-image-1869\" title=\"brecha 4 gen det 2\" src=\"http:\/\/impacto.impact-structures.com\/wp-content\/uploads\/2011\/12\/brecha-4-gen-det-2-219x300.jpg\" alt=\"\" width=\"219\" height=\"300\" srcset=\"http:\/\/estructuras-de-impacto.impact-structures.com\/wp-content\/uploads\/2011\/12\/brecha-4-gen-det-2-219x300.jpg 219w, http:\/\/estructuras-de-impacto.impact-structures.com\/wp-content\/uploads\/2011\/12\/brecha-4-gen-det-2.jpg 400w\" sizes=\"auto, (max-width: 219px) 85vw, 219px\" \/><\/a><\/p>\n<p><strong>Fig. 9. Detalle.<\/strong><\/p>\n","protected":false},"excerpt":{"rendered":"<p>Una brecha polim\u00edctica es una roca cl\u00e0stica sedimentaria compuesta de clastos angulosos de diferente or\u00edgen entremezclados en una matriz consolidada. De acuerdo a la nomenclatura inicial sugerida por la subcomisi\u00f3n sobre la Sistem\u00e1tica de las rocas Metam\u00f3rficas de la IUGS, grupo de estudio sobre impactitas, una brecha polim\u00edctica es \u201cuna brecha con matriz cl\u00e1stica o &hellip; <a href=\"http:\/\/estructuras-de-impacto.impact-structures.com\/?page_id=198\" class=\"more-link\">Continuar leyendo<span class=\"screen-reader-text\"> \u00abBrecha polim\u00edctica\u00bb<\/span><\/a><\/p>\n","protected":false},"author":1,"featured_media":0,"parent":1407,"menu_order":0,"comment_status":"closed","ping_status":"closed","template":"sidebar-page.php","meta":{"footnotes":""},"class_list":["post-198","page","type-page","status-publish","hentry"],"yoast_head":"<!-- This site is optimized with the Yoast SEO plugin v27.3 - https:\/\/yoast.com\/product\/yoast-seo-wordpress\/ -->\n<title>Brecha polim\u00edctica  - ERNSTSON CLAUDIN ESTRUCTURAS DE IMPACTO - CR\u00c1TERES METEOR\u00cdTICOS<\/title>\n<meta name=\"robots\" content=\"index, follow, max-snippet:-1, max-image-preview:large, max-video-preview:-1\" \/>\n<link rel=\"canonical\" href=\"https:\/\/estructuras-de-impacto.impact-structures.com\/?page_id=198\" \/>\n<meta property=\"og:locale\" content=\"es_ES\" \/>\n<meta property=\"og:type\" content=\"article\" \/>\n<meta property=\"og:title\" content=\"Brecha polim\u00edctica  - ERNSTSON CLAUDIN ESTRUCTURAS DE IMPACTO - CR\u00c1TERES METEOR\u00cdTICOS\" \/>\n<meta property=\"og:description\" content=\"Una brecha polim\u00edctica es una roca cl\u00e0stica sedimentaria compuesta de clastos angulosos de diferente or\u00edgen entremezclados en una matriz consolidada. De acuerdo a la nomenclatura inicial sugerida por la subcomisi\u00f3n sobre la Sistem\u00e1tica de las rocas Metam\u00f3rficas de la IUGS, grupo de estudio sobre impactitas, una brecha polim\u00edctica es \u201cuna brecha con matriz cl\u00e1stica o &hellip; Continuar leyendo &quot;Brecha polim\u00edctica&quot;\" \/>\n<meta property=\"og:url\" content=\"https:\/\/estructuras-de-impacto.impact-structures.com\/?page_id=198\" \/>\n<meta property=\"og:site_name\" content=\"ERNSTSON CLAUDIN ESTRUCTURAS DE IMPACTO - CR\u00c1TERES METEOR\u00cdTICOS\" \/>\n<meta property=\"article:modified_time\" content=\"2012-06-03T18:04:12+00:00\" \/>\n<meta property=\"og:image\" content=\"http:\/\/www.impact-structures.com\/breccia\/polymictic\/image002.gif\" \/>\n<meta name=\"twitter:card\" content=\"summary_large_image\" \/>\n<meta name=\"twitter:label1\" content=\"Tiempo de lectura\" \/>\n\t<meta name=\"twitter:data1\" content=\"3 minutos\" \/>\n<script type=\"application\/ld+json\" class=\"yoast-schema-graph\">{\"@context\":\"https:\\\/\\\/schema.org\",\"@graph\":[{\"@type\":\"WebPage\",\"@id\":\"https:\\\/\\\/estructuras-de-impacto.impact-structures.com\\\/?page_id=198\",\"url\":\"https:\\\/\\\/estructuras-de-impacto.impact-structures.com\\\/?page_id=198\",\"name\":\"Brecha polim\u00edctica - ERNSTSON CLAUDIN ESTRUCTURAS DE IMPACTO - CR\u00c1TERES METEOR\u00cdTICOS\",\"isPartOf\":{\"@id\":\"http:\\\/\\\/estructuras-de-impacto.impact-structures.com\\\/#website\"},\"primaryImageOfPage\":{\"@id\":\"https:\\\/\\\/estructuras-de-impacto.impact-structures.com\\\/?page_id=198#primaryimage\"},\"image\":{\"@id\":\"https:\\\/\\\/estructuras-de-impacto.impact-structures.com\\\/?page_id=198#primaryimage\"},\"thumbnailUrl\":\"http:\\\/\\\/www.impact-structures.com\\\/breccia\\\/polymictic\\\/image002.gif\",\"datePublished\":\"2011-12-02T16:30:31+00:00\",\"dateModified\":\"2012-06-03T18:04:12+00:00\",\"breadcrumb\":{\"@id\":\"https:\\\/\\\/estructuras-de-impacto.impact-structures.com\\\/?page_id=198#breadcrumb\"},\"inLanguage\":\"es\",\"potentialAction\":[{\"@type\":\"ReadAction\",\"target\":[\"https:\\\/\\\/estructuras-de-impacto.impact-structures.com\\\/?page_id=198\"]}]},{\"@type\":\"ImageObject\",\"inLanguage\":\"es\",\"@id\":\"https:\\\/\\\/estructuras-de-impacto.impact-structures.com\\\/?page_id=198#primaryimage\",\"url\":\"http:\\\/\\\/www.impact-structures.com\\\/breccia\\\/polymictic\\\/image002.gif\",\"contentUrl\":\"http:\\\/\\\/www.impact-structures.com\\\/breccia\\\/polymictic\\\/image002.gif\"},{\"@type\":\"BreadcrumbList\",\"@id\":\"https:\\\/\\\/estructuras-de-impacto.impact-structures.com\\\/?page_id=198#breadcrumb\",\"itemListElement\":[{\"@type\":\"ListItem\",\"position\":1,\"name\":\"Portada\",\"item\":\"http:\\\/\\\/estructuras-de-impacto.impact-structures.com\\\/\"},{\"@type\":\"ListItem\",\"position\":2,\"name\":\"Rocas de impacto \u2013 impactitas\",\"item\":\"http:\\\/\\\/estructuras-de-impacto.impact-structures.com\\\/?page_id=13\"},{\"@type\":\"ListItem\",\"position\":3,\"name\":\"P\u00e1gina sobre brechas de impacto\",\"item\":\"http:\\\/\\\/estructuras-de-impacto.impact-structures.com\\\/?page_id=1407\"},{\"@type\":\"ListItem\",\"position\":4,\"name\":\"Brecha polim\u00edctica\"}]},{\"@type\":\"WebSite\",\"@id\":\"http:\\\/\\\/estructuras-de-impacto.impact-structures.com\\\/#website\",\"url\":\"http:\\\/\\\/estructuras-de-impacto.impact-structures.com\\\/\",\"name\":\"ERNSTSON CLAUDIN ESTRUCTURAS DE IMPACTO - CR\u00c1TERES METEOR\u00cdTICOS\",\"description\":\"Investigaci\u00f3n sobre la geolog\u00eda, geof\u00edsica, y petrolog\u00eda\",\"potentialAction\":[{\"@type\":\"SearchAction\",\"target\":{\"@type\":\"EntryPoint\",\"urlTemplate\":\"http:\\\/\\\/estructuras-de-impacto.impact-structures.com\\\/?s={search_term_string}\"},\"query-input\":{\"@type\":\"PropertyValueSpecification\",\"valueRequired\":true,\"valueName\":\"search_term_string\"}}],\"inLanguage\":\"es\"}]}<\/script>\n<!-- \/ Yoast SEO plugin. -->","yoast_head_json":{"title":"Brecha polim\u00edctica  - ERNSTSON CLAUDIN ESTRUCTURAS DE IMPACTO - CR\u00c1TERES METEOR\u00cdTICOS","robots":{"index":"index","follow":"follow","max-snippet":"max-snippet:-1","max-image-preview":"max-image-preview:large","max-video-preview":"max-video-preview:-1"},"canonical":"https:\/\/estructuras-de-impacto.impact-structures.com\/?page_id=198","og_locale":"es_ES","og_type":"article","og_title":"Brecha polim\u00edctica  - ERNSTSON CLAUDIN ESTRUCTURAS DE IMPACTO - CR\u00c1TERES METEOR\u00cdTICOS","og_description":"Una brecha polim\u00edctica es una roca cl\u00e0stica sedimentaria compuesta de clastos angulosos de diferente or\u00edgen entremezclados en una matriz consolidada. De acuerdo a la nomenclatura inicial sugerida por la subcomisi\u00f3n sobre la Sistem\u00e1tica de las rocas Metam\u00f3rficas de la IUGS, grupo de estudio sobre impactitas, una brecha polim\u00edctica es \u201cuna brecha con matriz cl\u00e1stica o &hellip; Continuar leyendo \"Brecha polim\u00edctica\"","og_url":"https:\/\/estructuras-de-impacto.impact-structures.com\/?page_id=198","og_site_name":"ERNSTSON CLAUDIN ESTRUCTURAS DE IMPACTO - CR\u00c1TERES METEOR\u00cdTICOS","article_modified_time":"2012-06-03T18:04:12+00:00","og_image":[{"url":"http:\/\/www.impact-structures.com\/breccia\/polymictic\/image002.gif","type":"","width":"","height":""}],"twitter_card":"summary_large_image","twitter_misc":{"Tiempo de lectura":"3 minutos"},"schema":{"@context":"https:\/\/schema.org","@graph":[{"@type":"WebPage","@id":"https:\/\/estructuras-de-impacto.impact-structures.com\/?page_id=198","url":"https:\/\/estructuras-de-impacto.impact-structures.com\/?page_id=198","name":"Brecha polim\u00edctica - ERNSTSON CLAUDIN ESTRUCTURAS DE IMPACTO - CR\u00c1TERES METEOR\u00cdTICOS","isPartOf":{"@id":"http:\/\/estructuras-de-impacto.impact-structures.com\/#website"},"primaryImageOfPage":{"@id":"https:\/\/estructuras-de-impacto.impact-structures.com\/?page_id=198#primaryimage"},"image":{"@id":"https:\/\/estructuras-de-impacto.impact-structures.com\/?page_id=198#primaryimage"},"thumbnailUrl":"http:\/\/www.impact-structures.com\/breccia\/polymictic\/image002.gif","datePublished":"2011-12-02T16:30:31+00:00","dateModified":"2012-06-03T18:04:12+00:00","breadcrumb":{"@id":"https:\/\/estructuras-de-impacto.impact-structures.com\/?page_id=198#breadcrumb"},"inLanguage":"es","potentialAction":[{"@type":"ReadAction","target":["https:\/\/estructuras-de-impacto.impact-structures.com\/?page_id=198"]}]},{"@type":"ImageObject","inLanguage":"es","@id":"https:\/\/estructuras-de-impacto.impact-structures.com\/?page_id=198#primaryimage","url":"http:\/\/www.impact-structures.com\/breccia\/polymictic\/image002.gif","contentUrl":"http:\/\/www.impact-structures.com\/breccia\/polymictic\/image002.gif"},{"@type":"BreadcrumbList","@id":"https:\/\/estructuras-de-impacto.impact-structures.com\/?page_id=198#breadcrumb","itemListElement":[{"@type":"ListItem","position":1,"name":"Portada","item":"http:\/\/estructuras-de-impacto.impact-structures.com\/"},{"@type":"ListItem","position":2,"name":"Rocas de impacto \u2013 impactitas","item":"http:\/\/estructuras-de-impacto.impact-structures.com\/?page_id=13"},{"@type":"ListItem","position":3,"name":"P\u00e1gina sobre brechas de impacto","item":"http:\/\/estructuras-de-impacto.impact-structures.com\/?page_id=1407"},{"@type":"ListItem","position":4,"name":"Brecha polim\u00edctica"}]},{"@type":"WebSite","@id":"http:\/\/estructuras-de-impacto.impact-structures.com\/#website","url":"http:\/\/estructuras-de-impacto.impact-structures.com\/","name":"ERNSTSON CLAUDIN ESTRUCTURAS DE IMPACTO - CR\u00c1TERES METEOR\u00cdTICOS","description":"Investigaci\u00f3n sobre la geolog\u00eda, geof\u00edsica, y petrolog\u00eda","potentialAction":[{"@type":"SearchAction","target":{"@type":"EntryPoint","urlTemplate":"http:\/\/estructuras-de-impacto.impact-structures.com\/?s={search_term_string}"},"query-input":{"@type":"PropertyValueSpecification","valueRequired":true,"valueName":"search_term_string"}}],"inLanguage":"es"}]}},"_links":{"self":[{"href":"http:\/\/estructuras-de-impacto.impact-structures.com\/index.php?rest_route=\/wp\/v2\/pages\/198","targetHints":{"allow":["GET"]}}],"collection":[{"href":"http:\/\/estructuras-de-impacto.impact-structures.com\/index.php?rest_route=\/wp\/v2\/pages"}],"about":[{"href":"http:\/\/estructuras-de-impacto.impact-structures.com\/index.php?rest_route=\/wp\/v2\/types\/page"}],"author":[{"embeddable":true,"href":"http:\/\/estructuras-de-impacto.impact-structures.com\/index.php?rest_route=\/wp\/v2\/users\/1"}],"replies":[{"embeddable":true,"href":"http:\/\/estructuras-de-impacto.impact-structures.com\/index.php?rest_route=%2Fwp%2Fv2%2Fcomments&post=198"}],"version-history":[{"count":0,"href":"http:\/\/estructuras-de-impacto.impact-structures.com\/index.php?rest_route=\/wp\/v2\/pages\/198\/revisions"}],"up":[{"embeddable":true,"href":"http:\/\/estructuras-de-impacto.impact-structures.com\/index.php?rest_route=\/wp\/v2\/pages\/1407"}],"wp:attachment":[{"href":"http:\/\/estructuras-de-impacto.impact-structures.com\/index.php?rest_route=%2Fwp%2Fv2%2Fmedia&parent=198"}],"curies":[{"name":"wp","href":"https:\/\/api.w.org\/{rel}","templated":true}]}}