{"id":192,"date":"2011-12-02T16:26:16","date_gmt":"2011-12-02T16:26:16","guid":{"rendered":"http:\/\/cms.impact-structures.com\/?page_id=192"},"modified":"2012-06-01T16:45:04","modified_gmt":"2012-06-01T16:45:04","slug":"suevites-from-various-impact-structures","status":"publish","type":"page","link":"http:\/\/estructuras-de-impacto.impact-structures.com\/?page_id=192","title":{"rendered":"Suevitas de varias estructuras de impacto"},"content":{"rendered":"<p><img loading=\"lazy\" decoding=\"async\" style=\"padding-top: 0px; padding-right: 10px; padding-bottom: 0px; padding-left: 0px; border-style: initial; border-color: initial; float: left; border-width: 0px; margin: 0px;\" src=\"http:\/\/www.impact-structures.com\/suevite\/various_suevites\/image002.gif\" alt=\"Image002\" width=\"269\" height=\"182\" \/><\/p>\n<p>Fig.1. Suevita procedente de la estructura de Wanapitei (Canad\u00e1). Variedad de color rojo.<\/p>\n<p>&nbsp;<\/p>\n<p>&nbsp;<\/p>\n<p>&nbsp;<\/p>\n<p><span style=\"color: #ff0000;\"><img loading=\"lazy\" decoding=\"async\" style=\"padding-top: 0px; padding-right: 10px; padding-bottom: 0px; padding-left: 0px; border-style: initial; border-color: initial; float: left; border-width: 0px; margin: 0px;\" src=\"http:\/\/www.impact-structures.com\/suevite\/various_suevites\/image004.gif\" alt=\"Image004\" width=\"269\" height=\"204\" \/><\/span><\/p>\n<p>Fig. 2. Suevita procedente de la estructura de Wanapitei (Canad\u00e1). Variedad de color gris\u00e1ceo. Las suevitas de Wanapitei no se presentan en afloramientos sino \u00fanicamente como bloques err\u00e1ticos.<\/p>\n<p>&nbsp;<\/p>\n<p>&nbsp;<\/p>\n<p><span style=\"color: #ff0000;\"><img loading=\"lazy\" decoding=\"async\" style=\"padding-top: 0px; padding-right: 10px; padding-bottom: 0px; padding-left: 0px; border-style: initial; border-color: initial; float: left; border-width: 0px; margin: 0px;\" src=\"http:\/\/www.impact-structures.com\/suevite\/various_suevites\/image006.gif\" alt=\"Image006\" width=\"269\" height=\"240\" \/><\/span><\/p>\n<p>Fig. 3. Suevita procedente de la estructura de impacto del lago Mien (Suecia). Las suevitas del lago Mien, de manera similar a las de Wanapitei, se presentan tan solo bajo forma de bloques glaciales err\u00e1ticos.<\/p>\n<p>&nbsp;<\/p>\n<p>&nbsp;<\/p>\n<p>&nbsp;<\/p>\n<p><span style=\"color: #ff0000;\"><img loading=\"lazy\" decoding=\"async\" style=\"padding-top: 0px; padding-right: 10px; padding-bottom: 0px; padding-left: 0px; border-style: initial; border-color: initial; float: left; border-width: 0px; margin: 0px;\" src=\"http:\/\/www.impact-structures.com\/suevite\/various_suevites\/image008.gif\" alt=\"Image008\" width=\"269\" height=\"226\" \/><\/span><\/p>\n<p>Fig. 4. Suevita procedente de la estructura de impacto de Lappaj\u00e4rvi (Finlandia).<\/p>\n<p>&nbsp;<\/p>\n<p>&nbsp;<\/p>\n<p>&nbsp;<\/p>\n<p>&nbsp;<\/p>\n<p><span style=\"color: #ff0000;\"><img loading=\"lazy\" decoding=\"async\" style=\"padding-top: 0px; padding-right: 10px; padding-bottom: 0px; padding-left: 0px; border-style: initial; border-color: initial; float: left; border-width: 0px; margin: 0px;\" src=\"http:\/\/www.impact-structures.com\/suevite\/various_suevites\/image010.gif\" alt=\"Image010\" width=\"257\" height=\"225\" \/><\/span><\/p>\n<p>Fig. 5. Suevita procedente de la estructura de impacto de S\u00e4\u00e4ksj\u00e4rvi (Finlandia).<\/p>\n<p>&nbsp;<\/p>\n<p>&nbsp;<\/p>\n<p>&nbsp;<\/p>\n<p>&nbsp;<\/p>\n<p><span style=\"color: #ff0000;\"><img loading=\"lazy\" decoding=\"async\" style=\"padding-top: 0px; padding-right: 10px; padding-bottom: 0px; padding-left: 0px; border-style: initial; border-color: initial; float: left; border-width: 0px; margin: 0px;\" src=\"http:\/\/www.impact-structures.com\/suevite\/various_suevites\/image012.gif\" alt=\"Image012\" width=\"269\" height=\"197\" \/><\/span><\/p>\n<p>Fig. 6. Suevita procedente de la estructura de impacto de Dellen (Suecia). La suevita de Dellen tambi\u00e9n se encuentra \u00fanicamente como bloques err\u00e1ticos.<\/p>\n<p>&nbsp;<\/p>\n<p>&nbsp;<\/p>\n<p>&nbsp;<\/p>\n<p><span style=\"color: #ff0000;\"><img loading=\"lazy\" decoding=\"async\" style=\"padding-top: 0px; padding-right: 10px; padding-bottom: 0px; padding-left: 0px; border-style: initial; border-color: initial; float: left; border-width: 0px; margin: 0px;\" src=\"http:\/\/www.impact-structures.com\/suevite\/various_suevites\/image014.gif\" alt=\"Image014\" width=\"272\" height=\"442\" \/><\/span><\/p>\n<p>Fig. 7. Brecha suev\u00edtica (\u00bf) procedente de la estructura de impacto de Siljan (Suecia). Muestra cortes\u00eda de Jan-Olov Svedlund.<\/p>\n<p>&nbsp;<\/p>\n<p>&nbsp;<\/p>\n<p>&nbsp;<\/p>\n<p>&nbsp;<\/p>\n<p>&nbsp;<\/p>\n<p>&nbsp;<\/p>\n<p>&nbsp;<\/p>\n<p>&nbsp;<\/p>\n<p><span style=\"color: #ff0000;\"><img loading=\"lazy\" decoding=\"async\" style=\"padding-top: 0px; padding-right: 10px; padding-bottom: 0px; padding-left: 0px; border-style: initial; border-color: initial; float: left; border-width: 0px; margin: 0px;\" src=\"http:\/\/www.impact-structures.com\/suevite\/various_suevites\/image016.gif\" alt=\"Image016\" width=\"273\" height=\"214\" \/><\/span><\/p>\n<p>Fig. 8. Suevita procedente de la estructura de impacto de Kara (Rusia).<\/p>\n<p>&nbsp;<\/p>\n<p>&nbsp;<\/p>\n<p>&nbsp;<\/p>\n<p>&nbsp;<\/p>\n<p><span style=\"color: #ff0000;\"><img loading=\"lazy\" decoding=\"async\" style=\"padding-top: 0px; padding-right: 10px; padding-bottom: 0px; padding-left: 0px; border-style: initial; border-color: initial; float: left; border-width: 0px; margin: 0px;\" src=\"http:\/\/www.impact-structures.com\/suevite\/various_suevites\/image018.gif\" alt=\"Image018\" width=\"275\" height=\"245\" \/><\/span><\/p>\n<p>Fig. 9. Suevita procedente de la estructura de impacto de Rochechouart (Francia); variedad Chassenon de color verde. La suevita de color verdoso se halla expuesta en los alrededores de la villa de Chassenon. En esta localidad, la mayor\u00eda de las construcciones Romano-G\u00e1licas (Cassinomagnus) fueron construidas (Fig. 6) usando las brechas suev\u00edticas que extra\u00edan de antiguas canteras cercanas a la localidad.<\/p>\n<p>&nbsp;<\/p>\n<p><span style=\"color: #ff0000;\"><img loading=\"lazy\" decoding=\"async\" style=\"padding-top: 0px; padding-right: 10px; padding-bottom: 0px; padding-left: 0px; border-style: initial; border-color: initial; float: left; border-width: 0px; margin: 0px;\" src=\"http:\/\/www.impact-structures.com\/suevite\/various_suevites\/image020.gif\" alt=\"Image020\" width=\"275\" height=\"185\" \/><\/span><\/p>\n<p>Fig. 10. El poblado Galo-Romano de Cassinomagnus (fotograf\u00eda realizada hace unos 25 a\u00f1os).<\/p>\n<p>&nbsp;<\/p>\n<p>&nbsp;<\/p>\n<p>&nbsp;<\/p>\n<p><span style=\"color: #ff0000;\"><img loading=\"lazy\" decoding=\"async\" style=\"padding-top: 0px; padding-right: 10px; padding-bottom: 0px; padding-left: 0px; border-style: initial; border-color: initial; float: left; border-width: 0px; margin: 0px;\" src=\"http:\/\/www.impact-structures.com\/suevite\/various_suevites\/image022.gif\" alt=\"Image022\" width=\"269\" height=\"207\" \/><\/span><\/p>\n<p>Fig. 11. Suevita procedente de la estructura de impacto de Rochechouart (Francia); variedad roja de Montoume.<\/p>\n<p>&nbsp;<\/p>\n<p>&nbsp;<\/p>\n<p>&nbsp;<\/p>\n<p><span style=\"color: #ff0000;\"><img loading=\"lazy\" decoding=\"async\" style=\"padding-top: 0px; padding-right: 10px; padding-bottom: 0px; padding-left: 0px; border-style: initial; border-color: initial; float: left; border-width: 0px; margin: 0px;\" src=\"http:\/\/www.impact-structures.com\/suevite\/various_suevites\/image024.gif\" alt=\"Image024\" width=\"272\" height=\"280\" \/><\/span><\/p>\n<p>Fig. 12. Suevita procedente de la estructura de impacto de Rochechouart (Francia); variedad roja de Montoume<\/p>\n<p>&nbsp;<\/p>\n<p>&nbsp;<\/p>\n<p>&nbsp;<\/p>\n<p>&nbsp;<\/p>\n<p><span style=\"color: #ff0000;\"><img loading=\"lazy\" decoding=\"async\" style=\"padding-top: 0px; padding-right: 10px; padding-bottom: 0px; padding-left: 0px; border-style: initial; border-color: initial; float: left; border-width: 0px; margin: 0px;\" src=\"http:\/\/www.impact-structures.com\/suevite\/various_suevites\/image026.gif\" alt=\"Image026\" width=\"270\" height=\"203\" \/><\/span><\/p>\n<p>Fig. 13. Cantera en desuso de la suevita de Montoume (fotograf\u00eda realizada hace 25 a\u00f1os).<\/p>\n<p>&nbsp;<\/p>\n<p>&nbsp;<\/p>\n<p>&nbsp;<\/p>\n<p><span style=\"color: #ff0000;\"><img loading=\"lazy\" decoding=\"async\" style=\"padding-top: 0px; padding-right: 10px; padding-bottom: 0px; padding-left: 0px; border-style: initial; border-color: initial; float: left; border-width: 0px; margin: 0px;\" src=\"http:\/\/www.impact-structures.com\/suevite\/various_suevites\/image028.gif\" alt=\"Image028\" width=\"269\" height=\"244\" \/><\/span><\/p>\n<p>Fig. 14. Suevita procedente de la estructura de impacto de Ries (Alemania). Cantera de Aum\u00fchle.<\/p>\n<p>&nbsp;<\/p>\n<p>&nbsp;<\/p>\n<p>&nbsp;<\/p>\n<p>&nbsp;<\/p>\n<p><span style=\"color: #ff0000;\"><img loading=\"lazy\" decoding=\"async\" style=\"padding-top: 0px; padding-right: 10px; padding-bottom: 0px; padding-left: 0px; border-style: initial; border-color: initial; float: left; border-width: 0px; margin: 0px;\" src=\"http:\/\/www.impact-structures.com\/suevite\/various_suevites\/image030.gif\" alt=\"Image030\" width=\"269\" height=\"202\" \/><\/span><\/p>\n<p>Fig. 15. Suevita masiva en la cantera de Aum\u00fchle, estructura de impacto de Ries (Alemania). La suevita de Aum\u00fchle se explotaba para confeccionar un cemento especial. En siglos pasados, la suevita de Ries era muy apreciada como piedra de construcci\u00f3n aunque a lo largo del tiempo ha sufrido las consecuencias de la meteorizaci\u00f3n.<\/p>\n<p>&nbsp;<\/p>\n<p><span style=\"color: #ff0000;\"><img loading=\"lazy\" decoding=\"async\" style=\"padding-top: 0px; padding-right: 10px; padding-bottom: 0px; padding-left: 0px; border-style: initial; border-color: initial; float: left; border-width: 0px; margin: 0px;\" src=\"http:\/\/www.impact-structures.com\/suevite\/various_suevites\/image032.gif\" alt=\"Image032\" width=\"264\" height=\"198\" \/><\/span><\/p>\n<p>Fig. 16. Suevita procedente de la estructura de impacto de Ries (Alemania); muestra extra\u00edda de la cantera en desuso de Otting. Obs\u00e9rvense los clastos oscuros de fundido y los clastos fuertemente chocados y de color claro procedentes del basamento cristalino.<\/p>\n<p>&nbsp;<\/p>\n<p>&nbsp;<\/p>\n<p><span style=\"color: #ff0000;\"><img loading=\"lazy\" decoding=\"async\" style=\"padding-top: 0px; padding-right: 10px; padding-bottom: 0px; padding-left: 0px; border-style: initial; border-color: initial; float: left; border-width: 0px; margin: 0px;\" src=\"http:\/\/www.impact-structures.com\/suevite\/various_suevites\/image034.gif\" alt=\"Image034\" width=\"263\" height=\"199\" \/><\/span><\/p>\n<p>Fig. 17. Suevita de la estructura de impacto de Ries (Alemania); variedad Zipplingen. Debido a la mezcla de componentes sedimentarios\/cristalinos del objetivo del cr\u00e1ter de Ries, las suevitas muestran en parte una composici\u00f3n variable. La suevita de Zipplingen que mostramos es especialmente rica en clastos sedimentarios.<\/p>\n<p>&nbsp;<\/p>\n<p><span style=\"color: #ff0000;\"><img loading=\"lazy\" decoding=\"async\" style=\"padding-top: 0px; padding-right: 10px; padding-bottom: 0px; padding-left: 0px; border-style: initial; border-color: initial; float: left; border-width: 0px; margin: 0px;\" src=\"http:\/\/www.impact-structures.com\/suevite\/various_suevites\/image036.gif\" alt=\"Image036\" width=\"263\" height=\"344\" \/><\/span><\/p>\n<p>Fig. 18. Laja de suevita cortada a partir de un bloque que fue hallado aproximadamente a unos 250 Km al este de la estructura de impacto de Sudbury en Canada. Queda por establecer una relaci\u00f3n con una estructura de impacto espec\u00edfica. Microfotograf\u00edas de la roca chocada (con indicaci\u00f3n de una mezcla de fragmentos sedimentarios\/cristalinos procedentes del objetivo) se muestran en las Figs. 19-21.<\/p>\n<p>&nbsp;<\/p>\n<p>&nbsp;<\/p>\n<p>&nbsp;<\/p>\n<p><span style=\"color: #ff0000;\"><img loading=\"lazy\" decoding=\"async\" style=\"padding-top: 0px; padding-right: 10px; padding-bottom: 0px; padding-left: 0px; border-style: initial; border-color: initial; float: left; border-width: 0px; margin: 0px;\" src=\"http:\/\/www.impact-structures.com\/suevite\/various_suevites\/image038.gif\" alt=\"Image038\" width=\"263\" height=\"195\" \/><\/span><\/p>\n<p>Fig. 19. Suevita de la Fig. 18; particular de vidrio a luz paralela.<\/p>\n<p>&nbsp;<\/p>\n<p>&nbsp;<\/p>\n<p>&nbsp;<\/p>\n<p><span style=\"color: #ff0000;\"><img loading=\"lazy\" decoding=\"async\" style=\"padding-top: 0px; padding-right: 10px; padding-bottom: 0px; padding-left: 0px; border-style: initial; border-color: initial; float: left; border-width: 0px; margin: 0px;\" src=\"http:\/\/www.impact-structures.com\/suevite\/various_suevites\/image040.gif\" alt=\"Image040\" width=\"264\" height=\"198\" \/><\/span><\/p>\n<p>Fig. 20. Suevita de la Fig. 18; grano de cuarzo que muestra 3 conjuntos de PDFs decoradas; microfotograf\u00eda obtenida a n\u00edcoles cruzados.<\/p>\n<p>&nbsp;<\/p>\n<p>&nbsp;<\/p>\n<p>&nbsp;<\/p>\n<p><span style=\"color: #ff0000;\"><img loading=\"lazy\" decoding=\"async\" style=\"padding-top: 0px; padding-right: 10px; padding-bottom: 0px; padding-left: 0px; border-style: initial; border-color: initial; float: left; border-width: 0px; margin: 0px;\" src=\"http:\/\/www.impact-structures.com\/suevite\/various_suevites\/image042.gif\" alt=\"Image042\" width=\"264\" height=\"198\" \/><\/span><\/p>\n<p>Fig. 21. Suevita de la Fig. 18; cristal de cuarzo diapl\u00e9ctico bajo n\u00edcoles cruzados. La anchura de campo en las Figs. 19-21 c. es de 100 \u00b5m.<\/p>\n<p><span style=\"color: #ff0000;\"><br \/>\n<\/span><\/p>\n","protected":false},"excerpt":{"rendered":"<p>Fig.1. Suevita procedente de la estructura de Wanapitei (Canad\u00e1). Variedad de color rojo. &nbsp; &nbsp; &nbsp; Fig. 2. Suevita procedente de la estructura de Wanapitei (Canad\u00e1). Variedad de color gris\u00e1ceo. Las suevitas de Wanapitei no se presentan en afloramientos sino \u00fanicamente como bloques err\u00e1ticos. &nbsp; &nbsp; Fig. 3. Suevita procedente de la estructura de impacto &hellip; <a href=\"http:\/\/estructuras-de-impacto.impact-structures.com\/?page_id=192\" class=\"more-link\">Continuar leyendo<span class=\"screen-reader-text\"> \u00abSuevitas de varias estructuras de impacto\u00bb<\/span><\/a><\/p>\n","protected":false},"author":1,"featured_media":0,"parent":1406,"menu_order":0,"comment_status":"closed","ping_status":"closed","template":"sidebar-page.php","meta":{"footnotes":""},"class_list":["post-192","page","type-page","status-publish","hentry"],"yoast_head":"<!-- This site is optimized with the Yoast SEO plugin v27.3 - https:\/\/yoast.com\/product\/yoast-seo-wordpress\/ -->\n<title>Suevitas de varias estructuras de impacto - ERNSTSON CLAUDIN ESTRUCTURAS DE IMPACTO - CR\u00c1TERES METEOR\u00cdTICOS<\/title>\n<meta name=\"robots\" content=\"index, follow, max-snippet:-1, max-image-preview:large, max-video-preview:-1\" \/>\n<link rel=\"canonical\" href=\"https:\/\/estructuras-de-impacto.impact-structures.com\/?page_id=192\" \/>\n<meta property=\"og:locale\" content=\"es_ES\" \/>\n<meta property=\"og:type\" content=\"article\" \/>\n<meta property=\"og:title\" content=\"Suevitas de varias estructuras de impacto - ERNSTSON CLAUDIN ESTRUCTURAS DE IMPACTO - CR\u00c1TERES METEOR\u00cdTICOS\" \/>\n<meta property=\"og:description\" content=\"Fig.1. Suevita procedente de la estructura de Wanapitei (Canad\u00e1). Variedad de color rojo. &nbsp; &nbsp; &nbsp; Fig. 2. Suevita procedente de la estructura de Wanapitei (Canad\u00e1). Variedad de color gris\u00e1ceo. Las suevitas de Wanapitei no se presentan en afloramientos sino \u00fanicamente como bloques err\u00e1ticos. &nbsp; &nbsp; Fig. 3. Suevita procedente de la estructura de impacto &hellip; Continuar leyendo &quot;Suevitas de varias estructuras de impacto&quot;\" \/>\n<meta property=\"og:url\" content=\"https:\/\/estructuras-de-impacto.impact-structures.com\/?page_id=192\" \/>\n<meta property=\"og:site_name\" content=\"ERNSTSON CLAUDIN ESTRUCTURAS DE IMPACTO - CR\u00c1TERES METEOR\u00cdTICOS\" \/>\n<meta property=\"article:modified_time\" content=\"2012-06-01T16:45:04+00:00\" \/>\n<meta property=\"og:image\" content=\"http:\/\/www.impact-structures.com\/suevite\/various_suevites\/image002.gif\" \/>\n<meta name=\"twitter:card\" content=\"summary_large_image\" \/>\n<meta name=\"twitter:label1\" content=\"Tiempo de lectura\" \/>\n\t<meta name=\"twitter:data1\" content=\"3 minutos\" \/>\n<script type=\"application\/ld+json\" class=\"yoast-schema-graph\">{\"@context\":\"https:\\\/\\\/schema.org\",\"@graph\":[{\"@type\":\"WebPage\",\"@id\":\"https:\\\/\\\/estructuras-de-impacto.impact-structures.com\\\/?page_id=192\",\"url\":\"https:\\\/\\\/estructuras-de-impacto.impact-structures.com\\\/?page_id=192\",\"name\":\"Suevitas de varias estructuras de impacto - ERNSTSON CLAUDIN ESTRUCTURAS DE IMPACTO - CR\u00c1TERES METEOR\u00cdTICOS\",\"isPartOf\":{\"@id\":\"http:\\\/\\\/estructuras-de-impacto.impact-structures.com\\\/#website\"},\"primaryImageOfPage\":{\"@id\":\"https:\\\/\\\/estructuras-de-impacto.impact-structures.com\\\/?page_id=192#primaryimage\"},\"image\":{\"@id\":\"https:\\\/\\\/estructuras-de-impacto.impact-structures.com\\\/?page_id=192#primaryimage\"},\"thumbnailUrl\":\"http:\\\/\\\/www.impact-structures.com\\\/suevite\\\/various_suevites\\\/image002.gif\",\"datePublished\":\"2011-12-02T16:26:16+00:00\",\"dateModified\":\"2012-06-01T16:45:04+00:00\",\"breadcrumb\":{\"@id\":\"https:\\\/\\\/estructuras-de-impacto.impact-structures.com\\\/?page_id=192#breadcrumb\"},\"inLanguage\":\"es\",\"potentialAction\":[{\"@type\":\"ReadAction\",\"target\":[\"https:\\\/\\\/estructuras-de-impacto.impact-structures.com\\\/?page_id=192\"]}]},{\"@type\":\"ImageObject\",\"inLanguage\":\"es\",\"@id\":\"https:\\\/\\\/estructuras-de-impacto.impact-structures.com\\\/?page_id=192#primaryimage\",\"url\":\"http:\\\/\\\/www.impact-structures.com\\\/suevite\\\/various_suevites\\\/image002.gif\",\"contentUrl\":\"http:\\\/\\\/www.impact-structures.com\\\/suevite\\\/various_suevites\\\/image002.gif\"},{\"@type\":\"BreadcrumbList\",\"@id\":\"https:\\\/\\\/estructuras-de-impacto.impact-structures.com\\\/?page_id=192#breadcrumb\",\"itemListElement\":[{\"@type\":\"ListItem\",\"position\":1,\"name\":\"Portada\",\"item\":\"http:\\\/\\\/estructuras-de-impacto.impact-structures.com\\\/\"},{\"@type\":\"ListItem\",\"position\":2,\"name\":\"Rocas de impacto \u2013 impactitas\",\"item\":\"http:\\\/\\\/estructuras-de-impacto.impact-structures.com\\\/?page_id=13\"},{\"@type\":\"ListItem\",\"position\":3,\"name\":\"P\u00e1gina sobre suevitas\",\"item\":\"http:\\\/\\\/estructuras-de-impacto.impact-structures.com\\\/?page_id=1406\"},{\"@type\":\"ListItem\",\"position\":4,\"name\":\"Suevitas de varias estructuras de impacto\"}]},{\"@type\":\"WebSite\",\"@id\":\"http:\\\/\\\/estructuras-de-impacto.impact-structures.com\\\/#website\",\"url\":\"http:\\\/\\\/estructuras-de-impacto.impact-structures.com\\\/\",\"name\":\"ERNSTSON CLAUDIN ESTRUCTURAS DE IMPACTO - CR\u00c1TERES METEOR\u00cdTICOS\",\"description\":\"Investigaci\u00f3n sobre la geolog\u00eda, geof\u00edsica, y petrolog\u00eda\",\"potentialAction\":[{\"@type\":\"SearchAction\",\"target\":{\"@type\":\"EntryPoint\",\"urlTemplate\":\"http:\\\/\\\/estructuras-de-impacto.impact-structures.com\\\/?s={search_term_string}\"},\"query-input\":{\"@type\":\"PropertyValueSpecification\",\"valueRequired\":true,\"valueName\":\"search_term_string\"}}],\"inLanguage\":\"es\"}]}<\/script>\n<!-- \/ Yoast SEO plugin. -->","yoast_head_json":{"title":"Suevitas de varias estructuras de impacto - ERNSTSON CLAUDIN ESTRUCTURAS DE IMPACTO - CR\u00c1TERES METEOR\u00cdTICOS","robots":{"index":"index","follow":"follow","max-snippet":"max-snippet:-1","max-image-preview":"max-image-preview:large","max-video-preview":"max-video-preview:-1"},"canonical":"https:\/\/estructuras-de-impacto.impact-structures.com\/?page_id=192","og_locale":"es_ES","og_type":"article","og_title":"Suevitas de varias estructuras de impacto - ERNSTSON CLAUDIN ESTRUCTURAS DE IMPACTO - CR\u00c1TERES METEOR\u00cdTICOS","og_description":"Fig.1. Suevita procedente de la estructura de Wanapitei (Canad\u00e1). Variedad de color rojo. &nbsp; &nbsp; &nbsp; Fig. 2. Suevita procedente de la estructura de Wanapitei (Canad\u00e1). Variedad de color gris\u00e1ceo. Las suevitas de Wanapitei no se presentan en afloramientos sino \u00fanicamente como bloques err\u00e1ticos. &nbsp; &nbsp; Fig. 3. Suevita procedente de la estructura de impacto &hellip; Continuar leyendo \"Suevitas de varias estructuras de impacto\"","og_url":"https:\/\/estructuras-de-impacto.impact-structures.com\/?page_id=192","og_site_name":"ERNSTSON CLAUDIN ESTRUCTURAS DE IMPACTO - CR\u00c1TERES METEOR\u00cdTICOS","article_modified_time":"2012-06-01T16:45:04+00:00","og_image":[{"url":"http:\/\/www.impact-structures.com\/suevite\/various_suevites\/image002.gif","type":"","width":"","height":""}],"twitter_card":"summary_large_image","twitter_misc":{"Tiempo de lectura":"3 minutos"},"schema":{"@context":"https:\/\/schema.org","@graph":[{"@type":"WebPage","@id":"https:\/\/estructuras-de-impacto.impact-structures.com\/?page_id=192","url":"https:\/\/estructuras-de-impacto.impact-structures.com\/?page_id=192","name":"Suevitas de varias estructuras de impacto - ERNSTSON CLAUDIN ESTRUCTURAS DE IMPACTO - CR\u00c1TERES METEOR\u00cdTICOS","isPartOf":{"@id":"http:\/\/estructuras-de-impacto.impact-structures.com\/#website"},"primaryImageOfPage":{"@id":"https:\/\/estructuras-de-impacto.impact-structures.com\/?page_id=192#primaryimage"},"image":{"@id":"https:\/\/estructuras-de-impacto.impact-structures.com\/?page_id=192#primaryimage"},"thumbnailUrl":"http:\/\/www.impact-structures.com\/suevite\/various_suevites\/image002.gif","datePublished":"2011-12-02T16:26:16+00:00","dateModified":"2012-06-01T16:45:04+00:00","breadcrumb":{"@id":"https:\/\/estructuras-de-impacto.impact-structures.com\/?page_id=192#breadcrumb"},"inLanguage":"es","potentialAction":[{"@type":"ReadAction","target":["https:\/\/estructuras-de-impacto.impact-structures.com\/?page_id=192"]}]},{"@type":"ImageObject","inLanguage":"es","@id":"https:\/\/estructuras-de-impacto.impact-structures.com\/?page_id=192#primaryimage","url":"http:\/\/www.impact-structures.com\/suevite\/various_suevites\/image002.gif","contentUrl":"http:\/\/www.impact-structures.com\/suevite\/various_suevites\/image002.gif"},{"@type":"BreadcrumbList","@id":"https:\/\/estructuras-de-impacto.impact-structures.com\/?page_id=192#breadcrumb","itemListElement":[{"@type":"ListItem","position":1,"name":"Portada","item":"http:\/\/estructuras-de-impacto.impact-structures.com\/"},{"@type":"ListItem","position":2,"name":"Rocas de impacto \u2013 impactitas","item":"http:\/\/estructuras-de-impacto.impact-structures.com\/?page_id=13"},{"@type":"ListItem","position":3,"name":"P\u00e1gina sobre suevitas","item":"http:\/\/estructuras-de-impacto.impact-structures.com\/?page_id=1406"},{"@type":"ListItem","position":4,"name":"Suevitas de varias estructuras de impacto"}]},{"@type":"WebSite","@id":"http:\/\/estructuras-de-impacto.impact-structures.com\/#website","url":"http:\/\/estructuras-de-impacto.impact-structures.com\/","name":"ERNSTSON CLAUDIN ESTRUCTURAS DE IMPACTO - CR\u00c1TERES METEOR\u00cdTICOS","description":"Investigaci\u00f3n sobre la geolog\u00eda, geof\u00edsica, y petrolog\u00eda","potentialAction":[{"@type":"SearchAction","target":{"@type":"EntryPoint","urlTemplate":"http:\/\/estructuras-de-impacto.impact-structures.com\/?s={search_term_string}"},"query-input":{"@type":"PropertyValueSpecification","valueRequired":true,"valueName":"search_term_string"}}],"inLanguage":"es"}]}},"_links":{"self":[{"href":"http:\/\/estructuras-de-impacto.impact-structures.com\/index.php?rest_route=\/wp\/v2\/pages\/192","targetHints":{"allow":["GET"]}}],"collection":[{"href":"http:\/\/estructuras-de-impacto.impact-structures.com\/index.php?rest_route=\/wp\/v2\/pages"}],"about":[{"href":"http:\/\/estructuras-de-impacto.impact-structures.com\/index.php?rest_route=\/wp\/v2\/types\/page"}],"author":[{"embeddable":true,"href":"http:\/\/estructuras-de-impacto.impact-structures.com\/index.php?rest_route=\/wp\/v2\/users\/1"}],"replies":[{"embeddable":true,"href":"http:\/\/estructuras-de-impacto.impact-structures.com\/index.php?rest_route=%2Fwp%2Fv2%2Fcomments&post=192"}],"version-history":[{"count":0,"href":"http:\/\/estructuras-de-impacto.impact-structures.com\/index.php?rest_route=\/wp\/v2\/pages\/192\/revisions"}],"up":[{"embeddable":true,"href":"http:\/\/estructuras-de-impacto.impact-structures.com\/index.php?rest_route=\/wp\/v2\/pages\/1406"}],"wp:attachment":[{"href":"http:\/\/estructuras-de-impacto.impact-structures.com\/index.php?rest_route=%2Fwp%2Fv2%2Fmedia&parent=192"}],"curies":[{"name":"wp","href":"https:\/\/api.w.org\/{rel}","templated":true}]}}