{"id":159,"date":"2011-12-02T16:12:26","date_gmt":"2011-12-02T16:12:26","guid":{"rendered":"http:\/\/cms.impact-structures.com\/?page_id=159"},"modified":"2012-12-16T12:45:18","modified_gmt":"2012-12-16T12:45:18","slug":"this-and-that","status":"publish","type":"page","link":"http:\/\/estructuras-de-impacto.impact-structures.com\/?page_id=159","title":{"rendered":"COSAS RELACIONADAS"},"content":{"rendered":"<p style=\"font-size: 12pt;\"><img loading=\"lazy\" decoding=\"async\" src=\"http:\/\/www.impact-structures.com\/imagekl\/riesimage068.jpg\" alt=\"\" width=\"192\" height=\"256\" \/>\u00a0<img loading=\"lazy\" decoding=\"async\" src=\"http:\/\/www.impact-structures.com\/imagekl\/riesimage070.jpg\" alt=\"\" width=\"349\" height=\"262\" \/><\/p>\n<p>Restauraci\u00f3n de la iglesia San Jorge ubicada en N\u00f6rdlingen. Construida originalmente a base de impactitas suev\u00edticas, los muros han demostrado no ser muy resistentes a la acci\u00f3n de la meteorizaci\u00f3n sufrida a lo largo de siglos. En 30 a\u00f1os, una gran cantidad de bloques utilizados en su construcci\u00f3n han ido siendo poco a poco reemplazados por \u201csuevitas\u201d artificiales.<\/p>\n<p style=\"font-size: 12pt;\"><img loading=\"lazy\" decoding=\"async\" src=\"http:\/\/www.impact-structures.com\/imagekl\/riesimage072.jpg\" alt=\"\" width=\"320\" height=\"426\" \/><\/p>\n<p>En la plaza Eugene-Shoemaker de N\u00f6rdlingen, se halla ubicado el museo del cr\u00e1ter de impacto de Ries (Rieskrater-Museum).<\/p>\n","protected":false},"excerpt":{"rendered":"<p>\u00a0 Restauraci\u00f3n de la iglesia San Jorge ubicada en N\u00f6rdlingen. Construida originalmente a base de impactitas suev\u00edticas, los muros han demostrado no ser muy resistentes a la acci\u00f3n de la meteorizaci\u00f3n sufrida a lo largo de siglos. En 30 a\u00f1os, una gran cantidad de bloques utilizados en su construcci\u00f3n han ido siendo poco a poco &hellip; <a href=\"http:\/\/estructuras-de-impacto.impact-structures.com\/?page_id=159\" class=\"more-link\">Continuar leyendo<span class=\"screen-reader-text\"> \u00abCOSAS RELACIONADAS\u00bb<\/span><\/a><\/p>\n","protected":false},"author":1,"featured_media":0,"parent":151,"menu_order":4,"comment_status":"closed","ping_status":"closed","template":"sidebar-page.php","meta":{"footnotes":""},"class_list":["post-159","page","type-page","status-publish","hentry"],"yoast_head":"<!-- This site is optimized with the Yoast SEO plugin v27.3 - https:\/\/yoast.com\/product\/yoast-seo-wordpress\/ -->\n<title>COSAS RELACIONADAS  - ERNSTSON CLAUDIN ESTRUCTURAS DE IMPACTO - CR\u00c1TERES METEOR\u00cdTICOS<\/title>\n<meta name=\"robots\" content=\"index, follow, max-snippet:-1, max-image-preview:large, max-video-preview:-1\" \/>\n<link rel=\"canonical\" href=\"https:\/\/estructuras-de-impacto.impact-structures.com\/?page_id=159\" \/>\n<meta property=\"og:locale\" content=\"es_ES\" \/>\n<meta property=\"og:type\" content=\"article\" \/>\n<meta property=\"og:title\" content=\"COSAS RELACIONADAS  - ERNSTSON CLAUDIN ESTRUCTURAS DE IMPACTO - CR\u00c1TERES METEOR\u00cdTICOS\" \/>\n<meta property=\"og:description\" content=\"\u00a0 Restauraci\u00f3n de la iglesia San Jorge ubicada en N\u00f6rdlingen. Construida originalmente a base de impactitas suev\u00edticas, los muros han demostrado no ser muy resistentes a la acci\u00f3n de la meteorizaci\u00f3n sufrida a lo largo de siglos. En 30 a\u00f1os, una gran cantidad de bloques utilizados en su construcci\u00f3n han ido siendo poco a poco &hellip; Continuar leyendo &quot;COSAS RELACIONADAS&quot;\" \/>\n<meta property=\"og:url\" content=\"https:\/\/estructuras-de-impacto.impact-structures.com\/?page_id=159\" \/>\n<meta property=\"og:site_name\" content=\"ERNSTSON CLAUDIN ESTRUCTURAS DE IMPACTO - CR\u00c1TERES METEOR\u00cdTICOS\" \/>\n<meta property=\"article:modified_time\" content=\"2012-12-16T12:45:18+00:00\" \/>\n<meta property=\"og:image\" content=\"http:\/\/www.impact-structures.com\/imagekl\/riesimage068.jpg\" \/>\n<meta name=\"twitter:card\" content=\"summary_large_image\" \/>\n<script type=\"application\/ld+json\" class=\"yoast-schema-graph\">{\"@context\":\"https:\\\/\\\/schema.org\",\"@graph\":[{\"@type\":\"WebPage\",\"@id\":\"https:\\\/\\\/estructuras-de-impacto.impact-structures.com\\\/?page_id=159\",\"url\":\"https:\\\/\\\/estructuras-de-impacto.impact-structures.com\\\/?page_id=159\",\"name\":\"COSAS RELACIONADAS - ERNSTSON CLAUDIN ESTRUCTURAS DE IMPACTO - CR\u00c1TERES METEOR\u00cdTICOS\",\"isPartOf\":{\"@id\":\"http:\\\/\\\/estructuras-de-impacto.impact-structures.com\\\/#website\"},\"primaryImageOfPage\":{\"@id\":\"https:\\\/\\\/estructuras-de-impacto.impact-structures.com\\\/?page_id=159#primaryimage\"},\"image\":{\"@id\":\"https:\\\/\\\/estructuras-de-impacto.impact-structures.com\\\/?page_id=159#primaryimage\"},\"thumbnailUrl\":\"http:\\\/\\\/www.impact-structures.com\\\/imagekl\\\/riesimage068.jpg\",\"datePublished\":\"2011-12-02T16:12:26+00:00\",\"dateModified\":\"2012-12-16T12:45:18+00:00\",\"breadcrumb\":{\"@id\":\"https:\\\/\\\/estructuras-de-impacto.impact-structures.com\\\/?page_id=159#breadcrumb\"},\"inLanguage\":\"es\",\"potentialAction\":[{\"@type\":\"ReadAction\",\"target\":[\"https:\\\/\\\/estructuras-de-impacto.impact-structures.com\\\/?page_id=159\"]}]},{\"@type\":\"ImageObject\",\"inLanguage\":\"es\",\"@id\":\"https:\\\/\\\/estructuras-de-impacto.impact-structures.com\\\/?page_id=159#primaryimage\",\"url\":\"http:\\\/\\\/www.impact-structures.com\\\/imagekl\\\/riesimage068.jpg\",\"contentUrl\":\"http:\\\/\\\/www.impact-structures.com\\\/imagekl\\\/riesimage068.jpg\"},{\"@type\":\"BreadcrumbList\",\"@id\":\"https:\\\/\\\/estructuras-de-impacto.impact-structures.com\\\/?page_id=159#breadcrumb\",\"itemListElement\":[{\"@type\":\"ListItem\",\"position\":1,\"name\":\"Portada\",\"item\":\"http:\\\/\\\/estructuras-de-impacto.impact-structures.com\\\/\"},{\"@type\":\"ListItem\",\"position\":2,\"name\":\"Las estructuras de impacto en Alemania\",\"item\":\"https:\\\/\\\/estructuras-de-impacto.impact-structures.com\\\/?page_id=108\"},{\"@type\":\"ListItem\",\"position\":3,\"name\":\"La estructura de impacto de Ries (Alemania)\",\"item\":\"https:\\\/\\\/estructuras-de-impacto.impact-structures.com\\\/?page_id=151\"},{\"@type\":\"ListItem\",\"position\":4,\"name\":\"COSAS RELACIONADAS\"}]},{\"@type\":\"WebSite\",\"@id\":\"http:\\\/\\\/estructuras-de-impacto.impact-structures.com\\\/#website\",\"url\":\"http:\\\/\\\/estructuras-de-impacto.impact-structures.com\\\/\",\"name\":\"ERNSTSON CLAUDIN ESTRUCTURAS DE IMPACTO - CR\u00c1TERES METEOR\u00cdTICOS\",\"description\":\"Investigaci\u00f3n sobre la geolog\u00eda, geof\u00edsica, y petrolog\u00eda\",\"potentialAction\":[{\"@type\":\"SearchAction\",\"target\":{\"@type\":\"EntryPoint\",\"urlTemplate\":\"http:\\\/\\\/estructuras-de-impacto.impact-structures.com\\\/?s={search_term_string}\"},\"query-input\":{\"@type\":\"PropertyValueSpecification\",\"valueRequired\":true,\"valueName\":\"search_term_string\"}}],\"inLanguage\":\"es\"}]}<\/script>\n<!-- \/ Yoast SEO plugin. -->","yoast_head_json":{"title":"COSAS RELACIONADAS  - ERNSTSON CLAUDIN ESTRUCTURAS DE IMPACTO - CR\u00c1TERES METEOR\u00cdTICOS","robots":{"index":"index","follow":"follow","max-snippet":"max-snippet:-1","max-image-preview":"max-image-preview:large","max-video-preview":"max-video-preview:-1"},"canonical":"https:\/\/estructuras-de-impacto.impact-structures.com\/?page_id=159","og_locale":"es_ES","og_type":"article","og_title":"COSAS RELACIONADAS  - ERNSTSON CLAUDIN ESTRUCTURAS DE IMPACTO - CR\u00c1TERES METEOR\u00cdTICOS","og_description":"\u00a0 Restauraci\u00f3n de la iglesia San Jorge ubicada en N\u00f6rdlingen. Construida originalmente a base de impactitas suev\u00edticas, los muros han demostrado no ser muy resistentes a la acci\u00f3n de la meteorizaci\u00f3n sufrida a lo largo de siglos. En 30 a\u00f1os, una gran cantidad de bloques utilizados en su construcci\u00f3n han ido siendo poco a poco &hellip; Continuar leyendo \"COSAS RELACIONADAS\"","og_url":"https:\/\/estructuras-de-impacto.impact-structures.com\/?page_id=159","og_site_name":"ERNSTSON CLAUDIN ESTRUCTURAS DE IMPACTO - CR\u00c1TERES METEOR\u00cdTICOS","article_modified_time":"2012-12-16T12:45:18+00:00","og_image":[{"url":"http:\/\/www.impact-structures.com\/imagekl\/riesimage068.jpg","type":"","width":"","height":""}],"twitter_card":"summary_large_image","schema":{"@context":"https:\/\/schema.org","@graph":[{"@type":"WebPage","@id":"https:\/\/estructuras-de-impacto.impact-structures.com\/?page_id=159","url":"https:\/\/estructuras-de-impacto.impact-structures.com\/?page_id=159","name":"COSAS RELACIONADAS - ERNSTSON CLAUDIN ESTRUCTURAS DE IMPACTO - CR\u00c1TERES METEOR\u00cdTICOS","isPartOf":{"@id":"http:\/\/estructuras-de-impacto.impact-structures.com\/#website"},"primaryImageOfPage":{"@id":"https:\/\/estructuras-de-impacto.impact-structures.com\/?page_id=159#primaryimage"},"image":{"@id":"https:\/\/estructuras-de-impacto.impact-structures.com\/?page_id=159#primaryimage"},"thumbnailUrl":"http:\/\/www.impact-structures.com\/imagekl\/riesimage068.jpg","datePublished":"2011-12-02T16:12:26+00:00","dateModified":"2012-12-16T12:45:18+00:00","breadcrumb":{"@id":"https:\/\/estructuras-de-impacto.impact-structures.com\/?page_id=159#breadcrumb"},"inLanguage":"es","potentialAction":[{"@type":"ReadAction","target":["https:\/\/estructuras-de-impacto.impact-structures.com\/?page_id=159"]}]},{"@type":"ImageObject","inLanguage":"es","@id":"https:\/\/estructuras-de-impacto.impact-structures.com\/?page_id=159#primaryimage","url":"http:\/\/www.impact-structures.com\/imagekl\/riesimage068.jpg","contentUrl":"http:\/\/www.impact-structures.com\/imagekl\/riesimage068.jpg"},{"@type":"BreadcrumbList","@id":"https:\/\/estructuras-de-impacto.impact-structures.com\/?page_id=159#breadcrumb","itemListElement":[{"@type":"ListItem","position":1,"name":"Portada","item":"http:\/\/estructuras-de-impacto.impact-structures.com\/"},{"@type":"ListItem","position":2,"name":"Las estructuras de impacto en Alemania","item":"https:\/\/estructuras-de-impacto.impact-structures.com\/?page_id=108"},{"@type":"ListItem","position":3,"name":"La estructura de impacto de Ries (Alemania)","item":"https:\/\/estructuras-de-impacto.impact-structures.com\/?page_id=151"},{"@type":"ListItem","position":4,"name":"COSAS RELACIONADAS"}]},{"@type":"WebSite","@id":"http:\/\/estructuras-de-impacto.impact-structures.com\/#website","url":"http:\/\/estructuras-de-impacto.impact-structures.com\/","name":"ERNSTSON CLAUDIN ESTRUCTURAS DE IMPACTO - CR\u00c1TERES METEOR\u00cdTICOS","description":"Investigaci\u00f3n sobre la geolog\u00eda, geof\u00edsica, y petrolog\u00eda","potentialAction":[{"@type":"SearchAction","target":{"@type":"EntryPoint","urlTemplate":"http:\/\/estructuras-de-impacto.impact-structures.com\/?s={search_term_string}"},"query-input":{"@type":"PropertyValueSpecification","valueRequired":true,"valueName":"search_term_string"}}],"inLanguage":"es"}]}},"_links":{"self":[{"href":"http:\/\/estructuras-de-impacto.impact-structures.com\/index.php?rest_route=\/wp\/v2\/pages\/159","targetHints":{"allow":["GET"]}}],"collection":[{"href":"http:\/\/estructuras-de-impacto.impact-structures.com\/index.php?rest_route=\/wp\/v2\/pages"}],"about":[{"href":"http:\/\/estructuras-de-impacto.impact-structures.com\/index.php?rest_route=\/wp\/v2\/types\/page"}],"author":[{"embeddable":true,"href":"http:\/\/estructuras-de-impacto.impact-structures.com\/index.php?rest_route=\/wp\/v2\/users\/1"}],"replies":[{"embeddable":true,"href":"http:\/\/estructuras-de-impacto.impact-structures.com\/index.php?rest_route=%2Fwp%2Fv2%2Fcomments&post=159"}],"version-history":[{"count":0,"href":"http:\/\/estructuras-de-impacto.impact-structures.com\/index.php?rest_route=\/wp\/v2\/pages\/159\/revisions"}],"up":[{"embeddable":true,"href":"http:\/\/estructuras-de-impacto.impact-structures.com\/index.php?rest_route=\/wp\/v2\/pages\/151"}],"wp:attachment":[{"href":"http:\/\/estructuras-de-impacto.impact-structures.com\/index.php?rest_route=%2Fwp%2Fv2%2Fmedia&parent=159"}],"curies":[{"name":"wp","href":"https:\/\/api.w.org\/{rel}","templated":true}]}}