{"id":155,"date":"2011-12-02T16:10:54","date_gmt":"2011-12-02T16:10:54","guid":{"rendered":"http:\/\/cms.impact-structures.com\/?page_id=155"},"modified":"2012-12-16T12:47:02","modified_gmt":"2012-12-16T12:47:02","slug":"the-ries-impactites","status":"publish","type":"page","link":"http:\/\/estructuras-de-impacto.impact-structures.com\/?page_id=155","title":{"rendered":"LAS IMPACTITAS DE RIES"},"content":{"rendered":"<p><span class=\"Apple-style-span\" style=\"font-family: 'Trebuchet MS', Arial, Helvetica; font-size: 19px; line-height: 30px; color: #000000; font-weight: normal;\"><img loading=\"lazy\" decoding=\"async\" src=\"http:\/\/www.impact-structures.com\/imagekl\/riesimage033.jpg\" alt=\"\" width=\"234\" height=\"148\" border=\"0\" \/><span class=\"Apple-style-span\" style=\"font-weight: bold; font-family: 'Helvetica Neue', Helvetica, Arial, sans-serif; font-size: 15px; line-height: 24px;\">LAS IMPACTITAS DE RIES<\/span><\/span><\/p>\n<p>&nbsp;<\/p>\n<h2 style=\"font-style: normal; font-weight: normal; font-size: 14pt; font-family: 'Trebuchet MS', Arial, Helvetica;\"><span class=\"Apple-style-span\" style=\"font-size: 24px; line-height: 39px;\"><img loading=\"lazy\" decoding=\"async\" src=\"http:\/\/www.impact-structures.com\/imagekl\/riesimage035.jpg\" alt=\"\" width=\"377\" height=\"276\" border=\"0\" \/><\/span><\/h2>\n<p><span class=\"Apple-style-span\" style=\"font-size: 16px; line-height: 26px;\">Roca de fundido de impacto; procedente de la peque\u00f1a y abandonada cantera de Polsingen. Antiguamente, esta roca de fundido era considerada como una suevita. Puede observarse, no obstante, que la matriz consiste actualmente en un fundido de impacto cristalizado. A diferencia de esta y por definici\u00f3n, una suevita presenta una matriz cl\u00e1stica.<\/span><\/p>\n<p><span class=\"Apple-style-span\" style=\"font-size: 16px; line-height: 26px;\"><img loading=\"lazy\" decoding=\"async\" src=\"http:\/\/www.impact-structures.com\/imagekl\/riesimage037.jpg\" alt=\"\" width=\"378\" height=\"287\" border=\"0\" \/><\/span><\/p>\n<p>Superf\u00edcie cortada (13 cm de anchura) de la roca de fundido de impacto de Polsingen.<\/p>\n<p style=\"font-size: 12pt;\"><span class=\"Apple-style-span\" style=\"font-family: 'Trebuchet MS', Arial, Helvetica; line-height: normal; font-size: medium; color: #000000; font-weight: normal;\"><img loading=\"lazy\" decoding=\"async\" src=\"http:\/\/www.impact-structures.com\/imagekl\/riesimage039.jpg\" alt=\"\" width=\"378\" height=\"343\" border=\"0\" \/><\/span><\/p>\n<p>Superf\u00edcie cortada (17 cm de anchura) de una brecha suev\u00edtica (procedente de la cantera de Aum\u00fchle).<\/p>\n<p style=\"font-size: 12pt;\"><img loading=\"lazy\" decoding=\"async\" src=\"http:\/\/www.impact-structures.com\/imagekl\/riesimage041.jpg\" alt=\"\" width=\"377\" height=\"284\" border=\"0\" \/><\/p>\n<p>Suevita: variedad de Zipplingen. La anchura de la muestra es de 16 cm.<\/p>\n<p style=\"font-size: 12pt;\"><img loading=\"lazy\" decoding=\"async\" src=\"http:\/\/www.impact-structures.com\/imagekl\/riesimage043.jpg\" alt=\"\" width=\"377\" height=\"282\" border=\"0\" \/><\/p>\n<p>Suevita: variedad de Zipplingen. La anchura de la muestra es de 16 cm.<\/p>\n<p style=\"font-size: 12pt;\"><img loading=\"lazy\" decoding=\"async\" src=\"http:\/\/www.impact-structures.com\/imagekl\/riesimage045.jpg\" alt=\"\" width=\"378\" height=\"282\" border=\"0\" \/><\/p>\n<p>Eyecta de la brecha Bunte, cantera de Ronheim. El bloque est\u00e1 compuesto principalmente por lutitas Jur\u00e1sicas y Tri\u00e1sicas, concreciones de caliza fracturadas, y fragmentos de calizas del Malm. La imagen ampliada (debajo) muestra un componente le\u00f1oso transformado parcialmente en carb\u00f3n vegetal y parcialmente en madera petrificada (de color gris\u00e1ceo). La longitud de la llave de coche es de 7 cm.<\/p>\n<p style=\"font-size: 12pt;\"><span class=\"Apple-style-span\" style=\"font-family: 'Trebuchet MS', Arial, Helvetica; font-size: 19px; line-height: 30px; color: #000000; font-weight: normal;\"><img loading=\"lazy\" decoding=\"async\" src=\"http:\/\/www.impact-structures.com\/imagekl\/riesimage047.jpg\" alt=\"\" width=\"390\" height=\"293\" border=\"0\" \/><\/span><\/p>\n<p>Detalle.<\/p>\n<p style=\"font-size: 12pt;\"><img loading=\"lazy\" decoding=\"async\" src=\"http:\/\/www.impact-structures.com\/imagekl\/riesimage049.jpg\" alt=\"\" width=\"377\" height=\"291\" border=\"0\" \/><\/p>\n<p>Brecha monom\u00edctica de movimiento: granito procedente de la cantera Limberg cerca de Unterwilflingen (ver Afloramientos).<\/p>\n<p style=\"font-size: 12pt;\"><img loading=\"lazy\" decoding=\"async\" src=\"http:\/\/www.impact-structures.com\/imagekl\/riesimage051.jpg\" alt=\"\" width=\"377\" height=\"293\" border=\"0\" \/><span class=\"Apple-style-span\" style=\"font-size: 15px; line-height: 24px;\">\u00a0<\/span><\/p>\n<p>Brecha monom\u00edctica de movimiento: caliza del Malm procedente de la cantera de Iggenhausen (ver Afloramientos).<\/p>\n","protected":false},"excerpt":{"rendered":"<p>LAS IMPACTITAS DE RIES &nbsp; Roca de fundido de impacto; procedente de la peque\u00f1a y abandonada cantera de Polsingen. Antiguamente, esta roca de fundido era considerada como una suevita. Puede observarse, no obstante, que la matriz consiste actualmente en un fundido de impacto cristalizado. A diferencia de esta y por definici\u00f3n, una suevita presenta una &hellip; <a href=\"http:\/\/estructuras-de-impacto.impact-structures.com\/?page_id=155\" class=\"more-link\">Continuar leyendo<span class=\"screen-reader-text\"> \u00abLAS IMPACTITAS DE RIES\u00bb<\/span><\/a><\/p>\n","protected":false},"author":1,"featured_media":0,"parent":151,"menu_order":2,"comment_status":"closed","ping_status":"closed","template":"sidebar-page.php","meta":{"footnotes":""},"class_list":["post-155","page","type-page","status-publish","hentry"],"yoast_head":"<!-- This site is optimized with the Yoast SEO plugin v27.3 - https:\/\/yoast.com\/product\/yoast-seo-wordpress\/ -->\n<title>LAS IMPACTITAS DE RIES - ERNSTSON CLAUDIN ESTRUCTURAS DE IMPACTO - CR\u00c1TERES METEOR\u00cdTICOS<\/title>\n<meta name=\"robots\" content=\"index, follow, max-snippet:-1, max-image-preview:large, max-video-preview:-1\" \/>\n<link rel=\"canonical\" href=\"http:\/\/estructuras-de-impacto.impact-structures.com\/?page_id=155\" \/>\n<meta property=\"og:locale\" content=\"es_ES\" \/>\n<meta property=\"og:type\" content=\"article\" \/>\n<meta property=\"og:title\" content=\"LAS IMPACTITAS DE RIES - ERNSTSON CLAUDIN ESTRUCTURAS DE IMPACTO - CR\u00c1TERES METEOR\u00cdTICOS\" \/>\n<meta property=\"og:description\" content=\"LAS IMPACTITAS DE RIES &nbsp; Roca de fundido de impacto; procedente de la peque\u00f1a y abandonada cantera de Polsingen. Antiguamente, esta roca de fundido era considerada como una suevita. Puede observarse, no obstante, que la matriz consiste actualmente en un fundido de impacto cristalizado. A diferencia de esta y por definici\u00f3n, una suevita presenta una &hellip; Continuar leyendo &quot;LAS IMPACTITAS DE RIES&quot;\" \/>\n<meta property=\"og:url\" content=\"http:\/\/estructuras-de-impacto.impact-structures.com\/?page_id=155\" \/>\n<meta property=\"og:site_name\" content=\"ERNSTSON CLAUDIN ESTRUCTURAS DE IMPACTO - CR\u00c1TERES METEOR\u00cdTICOS\" \/>\n<meta property=\"article:modified_time\" content=\"2012-12-16T12:47:02+00:00\" \/>\n<meta property=\"og:image\" content=\"http:\/\/www.impact-structures.com\/imagekl\/riesimage033.jpg\" \/>\n<meta name=\"twitter:card\" content=\"summary_large_image\" \/>\n<meta name=\"twitter:label1\" content=\"Tiempo de lectura\" \/>\n\t<meta name=\"twitter:data1\" content=\"1 minuto\" \/>\n<script type=\"application\/ld+json\" class=\"yoast-schema-graph\">{\"@context\":\"https:\\\/\\\/schema.org\",\"@graph\":[{\"@type\":\"WebPage\",\"@id\":\"http:\\\/\\\/estructuras-de-impacto.impact-structures.com\\\/?page_id=155\",\"url\":\"http:\\\/\\\/estructuras-de-impacto.impact-structures.com\\\/?page_id=155\",\"name\":\"LAS IMPACTITAS DE RIES - ERNSTSON CLAUDIN ESTRUCTURAS DE IMPACTO - CR\u00c1TERES METEOR\u00cdTICOS\",\"isPartOf\":{\"@id\":\"http:\\\/\\\/estructuras-de-impacto.impact-structures.com\\\/#website\"},\"primaryImageOfPage\":{\"@id\":\"http:\\\/\\\/estructuras-de-impacto.impact-structures.com\\\/?page_id=155#primaryimage\"},\"image\":{\"@id\":\"http:\\\/\\\/estructuras-de-impacto.impact-structures.com\\\/?page_id=155#primaryimage\"},\"thumbnailUrl\":\"http:\\\/\\\/www.impact-structures.com\\\/imagekl\\\/riesimage033.jpg\",\"datePublished\":\"2011-12-02T16:10:54+00:00\",\"dateModified\":\"2012-12-16T12:47:02+00:00\",\"breadcrumb\":{\"@id\":\"http:\\\/\\\/estructuras-de-impacto.impact-structures.com\\\/?page_id=155#breadcrumb\"},\"inLanguage\":\"es\",\"potentialAction\":[{\"@type\":\"ReadAction\",\"target\":[\"http:\\\/\\\/estructuras-de-impacto.impact-structures.com\\\/?page_id=155\"]}]},{\"@type\":\"ImageObject\",\"inLanguage\":\"es\",\"@id\":\"http:\\\/\\\/estructuras-de-impacto.impact-structures.com\\\/?page_id=155#primaryimage\",\"url\":\"http:\\\/\\\/www.impact-structures.com\\\/imagekl\\\/riesimage033.jpg\",\"contentUrl\":\"http:\\\/\\\/www.impact-structures.com\\\/imagekl\\\/riesimage033.jpg\"},{\"@type\":\"BreadcrumbList\",\"@id\":\"http:\\\/\\\/estructuras-de-impacto.impact-structures.com\\\/?page_id=155#breadcrumb\",\"itemListElement\":[{\"@type\":\"ListItem\",\"position\":1,\"name\":\"Portada\",\"item\":\"http:\\\/\\\/estructuras-de-impacto.impact-structures.com\\\/\"},{\"@type\":\"ListItem\",\"position\":2,\"name\":\"Las estructuras de impacto en Alemania\",\"item\":\"http:\\\/\\\/estructuras-de-impacto.impact-structures.com\\\/?page_id=108\"},{\"@type\":\"ListItem\",\"position\":3,\"name\":\"La estructura de impacto de Ries (Alemania)\",\"item\":\"http:\\\/\\\/estructuras-de-impacto.impact-structures.com\\\/?page_id=151\"},{\"@type\":\"ListItem\",\"position\":4,\"name\":\"LAS IMPACTITAS DE RIES\"}]},{\"@type\":\"WebSite\",\"@id\":\"http:\\\/\\\/estructuras-de-impacto.impact-structures.com\\\/#website\",\"url\":\"http:\\\/\\\/estructuras-de-impacto.impact-structures.com\\\/\",\"name\":\"ERNSTSON CLAUDIN ESTRUCTURAS DE IMPACTO - CR\u00c1TERES METEOR\u00cdTICOS\",\"description\":\"Investigaci\u00f3n sobre la geolog\u00eda, geof\u00edsica, y petrolog\u00eda\",\"potentialAction\":[{\"@type\":\"SearchAction\",\"target\":{\"@type\":\"EntryPoint\",\"urlTemplate\":\"http:\\\/\\\/estructuras-de-impacto.impact-structures.com\\\/?s={search_term_string}\"},\"query-input\":{\"@type\":\"PropertyValueSpecification\",\"valueRequired\":true,\"valueName\":\"search_term_string\"}}],\"inLanguage\":\"es\"}]}<\/script>\n<!-- \/ Yoast SEO plugin. -->","yoast_head_json":{"title":"LAS IMPACTITAS DE RIES - ERNSTSON CLAUDIN ESTRUCTURAS DE IMPACTO - CR\u00c1TERES METEOR\u00cdTICOS","robots":{"index":"index","follow":"follow","max-snippet":"max-snippet:-1","max-image-preview":"max-image-preview:large","max-video-preview":"max-video-preview:-1"},"canonical":"http:\/\/estructuras-de-impacto.impact-structures.com\/?page_id=155","og_locale":"es_ES","og_type":"article","og_title":"LAS IMPACTITAS DE RIES - ERNSTSON CLAUDIN ESTRUCTURAS DE IMPACTO - CR\u00c1TERES METEOR\u00cdTICOS","og_description":"LAS IMPACTITAS DE RIES &nbsp; Roca de fundido de impacto; procedente de la peque\u00f1a y abandonada cantera de Polsingen. Antiguamente, esta roca de fundido era considerada como una suevita. Puede observarse, no obstante, que la matriz consiste actualmente en un fundido de impacto cristalizado. A diferencia de esta y por definici\u00f3n, una suevita presenta una &hellip; Continuar leyendo \"LAS IMPACTITAS DE RIES\"","og_url":"http:\/\/estructuras-de-impacto.impact-structures.com\/?page_id=155","og_site_name":"ERNSTSON CLAUDIN ESTRUCTURAS DE IMPACTO - CR\u00c1TERES METEOR\u00cdTICOS","article_modified_time":"2012-12-16T12:47:02+00:00","og_image":[{"url":"http:\/\/www.impact-structures.com\/imagekl\/riesimage033.jpg","type":"","width":"","height":""}],"twitter_card":"summary_large_image","twitter_misc":{"Tiempo de lectura":"1 minuto"},"schema":{"@context":"https:\/\/schema.org","@graph":[{"@type":"WebPage","@id":"http:\/\/estructuras-de-impacto.impact-structures.com\/?page_id=155","url":"http:\/\/estructuras-de-impacto.impact-structures.com\/?page_id=155","name":"LAS IMPACTITAS DE RIES - ERNSTSON CLAUDIN ESTRUCTURAS DE IMPACTO - CR\u00c1TERES METEOR\u00cdTICOS","isPartOf":{"@id":"http:\/\/estructuras-de-impacto.impact-structures.com\/#website"},"primaryImageOfPage":{"@id":"http:\/\/estructuras-de-impacto.impact-structures.com\/?page_id=155#primaryimage"},"image":{"@id":"http:\/\/estructuras-de-impacto.impact-structures.com\/?page_id=155#primaryimage"},"thumbnailUrl":"http:\/\/www.impact-structures.com\/imagekl\/riesimage033.jpg","datePublished":"2011-12-02T16:10:54+00:00","dateModified":"2012-12-16T12:47:02+00:00","breadcrumb":{"@id":"http:\/\/estructuras-de-impacto.impact-structures.com\/?page_id=155#breadcrumb"},"inLanguage":"es","potentialAction":[{"@type":"ReadAction","target":["http:\/\/estructuras-de-impacto.impact-structures.com\/?page_id=155"]}]},{"@type":"ImageObject","inLanguage":"es","@id":"http:\/\/estructuras-de-impacto.impact-structures.com\/?page_id=155#primaryimage","url":"http:\/\/www.impact-structures.com\/imagekl\/riesimage033.jpg","contentUrl":"http:\/\/www.impact-structures.com\/imagekl\/riesimage033.jpg"},{"@type":"BreadcrumbList","@id":"http:\/\/estructuras-de-impacto.impact-structures.com\/?page_id=155#breadcrumb","itemListElement":[{"@type":"ListItem","position":1,"name":"Portada","item":"http:\/\/estructuras-de-impacto.impact-structures.com\/"},{"@type":"ListItem","position":2,"name":"Las estructuras de impacto en Alemania","item":"http:\/\/estructuras-de-impacto.impact-structures.com\/?page_id=108"},{"@type":"ListItem","position":3,"name":"La estructura de impacto de Ries (Alemania)","item":"http:\/\/estructuras-de-impacto.impact-structures.com\/?page_id=151"},{"@type":"ListItem","position":4,"name":"LAS IMPACTITAS DE RIES"}]},{"@type":"WebSite","@id":"http:\/\/estructuras-de-impacto.impact-structures.com\/#website","url":"http:\/\/estructuras-de-impacto.impact-structures.com\/","name":"ERNSTSON CLAUDIN ESTRUCTURAS DE IMPACTO - CR\u00c1TERES METEOR\u00cdTICOS","description":"Investigaci\u00f3n sobre la geolog\u00eda, geof\u00edsica, y petrolog\u00eda","potentialAction":[{"@type":"SearchAction","target":{"@type":"EntryPoint","urlTemplate":"http:\/\/estructuras-de-impacto.impact-structures.com\/?s={search_term_string}"},"query-input":{"@type":"PropertyValueSpecification","valueRequired":true,"valueName":"search_term_string"}}],"inLanguage":"es"}]}},"_links":{"self":[{"href":"http:\/\/estructuras-de-impacto.impact-structures.com\/index.php?rest_route=\/wp\/v2\/pages\/155","targetHints":{"allow":["GET"]}}],"collection":[{"href":"http:\/\/estructuras-de-impacto.impact-structures.com\/index.php?rest_route=\/wp\/v2\/pages"}],"about":[{"href":"http:\/\/estructuras-de-impacto.impact-structures.com\/index.php?rest_route=\/wp\/v2\/types\/page"}],"author":[{"embeddable":true,"href":"http:\/\/estructuras-de-impacto.impact-structures.com\/index.php?rest_route=\/wp\/v2\/users\/1"}],"replies":[{"embeddable":true,"href":"http:\/\/estructuras-de-impacto.impact-structures.com\/index.php?rest_route=%2Fwp%2Fv2%2Fcomments&post=155"}],"version-history":[{"count":0,"href":"http:\/\/estructuras-de-impacto.impact-structures.com\/index.php?rest_route=\/wp\/v2\/pages\/155\/revisions"}],"up":[{"embeddable":true,"href":"http:\/\/estructuras-de-impacto.impact-structures.com\/index.php?rest_route=\/wp\/v2\/pages\/151"}],"wp:attachment":[{"href":"http:\/\/estructuras-de-impacto.impact-structures.com\/index.php?rest_route=%2Fwp%2Fv2%2Fmedia&parent=155"}],"curies":[{"name":"wp","href":"https:\/\/api.w.org\/{rel}","templated":true}]}}