{"id":153,"date":"2011-12-02T16:09:52","date_gmt":"2011-12-02T16:09:52","guid":{"rendered":"http:\/\/cms.impact-structures.com\/?page_id=153"},"modified":"2012-12-16T12:49:16","modified_gmt":"2012-12-16T12:49:16","slug":"outcrops","status":"publish","type":"page","link":"http:\/\/estructuras-de-impacto.impact-structures.com\/?page_id=153","title":{"rendered":"AFLORAMIENTOS"},"content":{"rendered":"<h2 style=\"font-style: normal; font-weight: normal; font-size: 14pt; font-family: 'Trebuchet MS', Arial, Helvetica;\"><img loading=\"lazy\" decoding=\"async\" src=\"http:\/\/www.impact-structures.com\/imagekl\/riesimage010.jpg\" alt=\"\" width=\"281\" height=\"179\" border=\"0\" \/><span class=\"Apple-style-span\" style=\"font-weight: bold; font-family: 'Helvetica Neue', Helvetica, Arial, sans-serif; font-size: 15px; line-height: 24px;\">AFLORAMIENTOS<\/span><\/h2>\n<p>&nbsp;<\/p>\n<h2 style=\"font-style: normal; font-weight: normal; font-size: 14pt; font-family: 'Trebuchet MS', Arial, Helvetica;\"><span class=\"Apple-style-span\" style=\"color: #333333; font-size: 16px; font-weight: 300; line-height: 26px; font-family: 'Helvetica Neue', Helvetica, Arial, sans-serif;\"><img loading=\"lazy\" decoding=\"async\" src=\"http:\/\/www.impact-structures.com\/imagekl\/riesimage012.jpg\" alt=\"\" width=\"384\" height=\"288\" border=\"0\" \/><\/span><\/h2>\n<p>Eyecta de la brecha Bunte (= multicolor) sobre calizas del Malm. Cantera de Gundelsheim, situada a unos 21 Km del centro del cr\u00e1ter. El emplazamiento del eyecta produjo las prominentes marcas de erosi\u00f3n que se aprecian en primer plano.<\/p>\n<p style=\"font-size: 12pt;\"><img loading=\"lazy\" decoding=\"async\" src=\"http:\/\/www.impact-structures.com\/imagekl\/riesimage014.jpg\" alt=\"\" width=\"384\" height=\"288\" border=\"0\" \/><\/p>\n<p>Suevita (color gris\u00e1ceo) en contacto con y sobreyaciendo al eyecta de la brecha Bunte. Cantera de Aum\u00fchle; aproximadamente a unos 12 Km del centro del cr\u00e1ter.<\/p>\n<p style=\"font-size: 12pt;\"><img loading=\"lazy\" decoding=\"async\" src=\"http:\/\/www.impact-structures.com\/imagekl\/riesimage016.jpg\" alt=\"\" width=\"384\" height=\"288\" border=\"0\" \/><\/p>\n<p>La zona de megabrecha entre el borde structural y el anillo interno (cantera de Limberg, cerca de Unterwilflingen): sedimentos multicolores del Keuper, suevita fuertemente corroida, y rocas gran\u00edticas intensamente brechadas (casi pulverizadas).<\/p>\n<p style=\"font-size: 12pt;\"><img loading=\"lazy\" decoding=\"async\" src=\"http:\/\/www.impact-structures.com\/imagekl\/riesimage018.jpg\" alt=\"\" width=\"225\" height=\"298\" border=\"0\" \/>\u00a0<img loading=\"lazy\" decoding=\"async\" src=\"http:\/\/www.impact-structures.com\/imagekl\/riesimage020.jpg\" alt=\"\" width=\"306\" height=\"229\" border=\"0\" \/><\/p>\n<p style=\"font-size: 12pt;\">Detalles.<\/p>\n<p style=\"font-size: 12pt;\"><img loading=\"lazy\" decoding=\"async\" src=\"http:\/\/www.impact-structures.com\/imagekl\/riesimage022.jpg\" alt=\"\" width=\"384\" height=\"288\" border=\"0\" \/><\/p>\n<p>Eyecta de la brecha Bunte sobre calizas del Malm. Cantera de Ronheim, cerca de la zona sureste del borde del cr\u00e1ter.<\/p>\n<p style=\"font-size: 12pt;\"><img loading=\"lazy\" decoding=\"async\" src=\"http:\/\/www.impact-structures.com\/imagekl\/riesimage024.jpg\" alt=\"\" width=\"378\" height=\"242\" border=\"0\" \/><\/p>\n<p style=\"font-size: 12pt;\"><span class=\"Apple-style-span\" style=\"font-size: 15px; line-height: 24px;\">Detalle mostrando la textura fluidal de la brecha Bunte (temporalmente expuesta).<\/span><\/p>\n<p style=\"font-size: 12pt;\"><span class=\"Apple-style-span\" style=\"font-size: 15px; line-height: 24px;\"> <img loading=\"lazy\" decoding=\"async\" src=\"http:\/\/www.impact-structures.com\/imagekl\/riesimage026.jpg\" alt=\"\" width=\"384\" height=\"288\" border=\"0\" \/><\/span><\/p>\n<p style=\"font-size: 12pt;\"><span class=\"Apple-style-span\" style=\"font-size: 15px; line-height: 24px;\"><span class=\"Apple-style-span\" style=\"font-size: 16px; line-height: 26px;\">Megabloque dislocado de caliza Malmiense mostrando una brecha de gravilla y una textura mortar (monom\u00edctica de movimiento). Cantera de Iggenhausen; localizada a 22 km del centro del cr\u00e1ter.<\/span><\/span><\/p>\n<p style=\"font-size: 12pt;\"><img loading=\"lazy\" decoding=\"async\" src=\"http:\/\/www.impact-structures.com\/imagekl\/riesimage028.jpg\" alt=\"\" width=\"307\" height=\"230\" border=\"0\" \/>\u00a0<img loading=\"lazy\" decoding=\"async\" src=\"http:\/\/www.impact-structures.com\/imagekl\/riesimage030.jpg\" alt=\"\" width=\"307\" height=\"230\" border=\"0\" \/><\/p>\n<p>Cantera de Gosheim sita en la parte este del borde del cr\u00e1ter: bloque invertido de calizas del Malm con diaclasado en placas originado por el impacto.<\/p>\n<p style=\"font-size: 12pt;\"><img loading=\"lazy\" decoding=\"async\" src=\"http:\/\/www.impact-structures.com\/imagekl\/riesimage032.jpg\" alt=\"\" width=\"384\" height=\"288\" border=\"0\" \/><\/p>\n<p>En la parte este del borde del cr\u00e1ter (gran cantera de calizas ubicada en Wemding; antiguamente: Schneider).<\/p>\n","protected":false},"excerpt":{"rendered":"<p>AFLORAMIENTOS &nbsp; Eyecta de la brecha Bunte (= multicolor) sobre calizas del Malm. Cantera de Gundelsheim, situada a unos 21 Km del centro del cr\u00e1ter. El emplazamiento del eyecta produjo las prominentes marcas de erosi\u00f3n que se aprecian en primer plano. Suevita (color gris\u00e1ceo) en contacto con y sobreyaciendo al eyecta de la brecha Bunte. &hellip; <a href=\"http:\/\/estructuras-de-impacto.impact-structures.com\/?page_id=153\" class=\"more-link\">Continuar leyendo<span class=\"screen-reader-text\"> \u00abAFLORAMIENTOS\u00bb<\/span><\/a><\/p>\n","protected":false},"author":1,"featured_media":0,"parent":151,"menu_order":1,"comment_status":"closed","ping_status":"closed","template":"sidebar-page.php","meta":{"footnotes":""},"class_list":["post-153","page","type-page","status-publish","hentry"],"yoast_head":"<!-- This site is optimized with the Yoast SEO plugin v27.3 - https:\/\/yoast.com\/product\/yoast-seo-wordpress\/ -->\n<title>AFLORAMIENTOS - ERNSTSON CLAUDIN ESTRUCTURAS DE IMPACTO - CR\u00c1TERES METEOR\u00cdTICOS<\/title>\n<meta name=\"robots\" content=\"index, follow, max-snippet:-1, max-image-preview:large, max-video-preview:-1\" \/>\n<link rel=\"canonical\" href=\"https:\/\/estructuras-de-impacto.impact-structures.com\/?page_id=153\" \/>\n<meta property=\"og:locale\" content=\"es_ES\" \/>\n<meta property=\"og:type\" content=\"article\" \/>\n<meta property=\"og:title\" content=\"AFLORAMIENTOS - ERNSTSON CLAUDIN ESTRUCTURAS DE IMPACTO - CR\u00c1TERES METEOR\u00cdTICOS\" \/>\n<meta property=\"og:description\" content=\"AFLORAMIENTOS &nbsp; Eyecta de la brecha Bunte (= multicolor) sobre calizas del Malm. Cantera de Gundelsheim, situada a unos 21 Km del centro del cr\u00e1ter. El emplazamiento del eyecta produjo las prominentes marcas de erosi\u00f3n que se aprecian en primer plano. Suevita (color gris\u00e1ceo) en contacto con y sobreyaciendo al eyecta de la brecha Bunte. &hellip; Continuar leyendo &quot;AFLORAMIENTOS&quot;\" \/>\n<meta property=\"og:url\" content=\"https:\/\/estructuras-de-impacto.impact-structures.com\/?page_id=153\" \/>\n<meta property=\"og:site_name\" content=\"ERNSTSON CLAUDIN ESTRUCTURAS DE IMPACTO - CR\u00c1TERES METEOR\u00cdTICOS\" \/>\n<meta property=\"article:modified_time\" content=\"2012-12-16T12:49:16+00:00\" \/>\n<meta property=\"og:image\" content=\"http:\/\/www.impact-structures.com\/imagekl\/riesimage010.jpg\" \/>\n<meta name=\"twitter:card\" content=\"summary_large_image\" \/>\n<meta name=\"twitter:label1\" content=\"Tiempo de lectura\" \/>\n\t<meta name=\"twitter:data1\" content=\"1 minuto\" \/>\n<script type=\"application\/ld+json\" class=\"yoast-schema-graph\">{\"@context\":\"https:\\\/\\\/schema.org\",\"@graph\":[{\"@type\":\"WebPage\",\"@id\":\"https:\\\/\\\/estructuras-de-impacto.impact-structures.com\\\/?page_id=153\",\"url\":\"https:\\\/\\\/estructuras-de-impacto.impact-structures.com\\\/?page_id=153\",\"name\":\"AFLORAMIENTOS - ERNSTSON CLAUDIN ESTRUCTURAS DE IMPACTO - CR\u00c1TERES METEOR\u00cdTICOS\",\"isPartOf\":{\"@id\":\"http:\\\/\\\/estructuras-de-impacto.impact-structures.com\\\/#website\"},\"primaryImageOfPage\":{\"@id\":\"https:\\\/\\\/estructuras-de-impacto.impact-structures.com\\\/?page_id=153#primaryimage\"},\"image\":{\"@id\":\"https:\\\/\\\/estructuras-de-impacto.impact-structures.com\\\/?page_id=153#primaryimage\"},\"thumbnailUrl\":\"http:\\\/\\\/www.impact-structures.com\\\/imagekl\\\/riesimage010.jpg\",\"datePublished\":\"2011-12-02T16:09:52+00:00\",\"dateModified\":\"2012-12-16T12:49:16+00:00\",\"breadcrumb\":{\"@id\":\"https:\\\/\\\/estructuras-de-impacto.impact-structures.com\\\/?page_id=153#breadcrumb\"},\"inLanguage\":\"es\",\"potentialAction\":[{\"@type\":\"ReadAction\",\"target\":[\"https:\\\/\\\/estructuras-de-impacto.impact-structures.com\\\/?page_id=153\"]}]},{\"@type\":\"ImageObject\",\"inLanguage\":\"es\",\"@id\":\"https:\\\/\\\/estructuras-de-impacto.impact-structures.com\\\/?page_id=153#primaryimage\",\"url\":\"http:\\\/\\\/www.impact-structures.com\\\/imagekl\\\/riesimage010.jpg\",\"contentUrl\":\"http:\\\/\\\/www.impact-structures.com\\\/imagekl\\\/riesimage010.jpg\"},{\"@type\":\"BreadcrumbList\",\"@id\":\"https:\\\/\\\/estructuras-de-impacto.impact-structures.com\\\/?page_id=153#breadcrumb\",\"itemListElement\":[{\"@type\":\"ListItem\",\"position\":1,\"name\":\"Portada\",\"item\":\"http:\\\/\\\/estructuras-de-impacto.impact-structures.com\\\/\"},{\"@type\":\"ListItem\",\"position\":2,\"name\":\"Las estructuras de impacto en Alemania\",\"item\":\"http:\\\/\\\/estructuras-de-impacto.impact-structures.com\\\/?page_id=108\"},{\"@type\":\"ListItem\",\"position\":3,\"name\":\"La estructura de impacto de Ries (Alemania)\",\"item\":\"http:\\\/\\\/estructuras-de-impacto.impact-structures.com\\\/?page_id=151\"},{\"@type\":\"ListItem\",\"position\":4,\"name\":\"AFLORAMIENTOS\"}]},{\"@type\":\"WebSite\",\"@id\":\"http:\\\/\\\/estructuras-de-impacto.impact-structures.com\\\/#website\",\"url\":\"http:\\\/\\\/estructuras-de-impacto.impact-structures.com\\\/\",\"name\":\"ERNSTSON CLAUDIN ESTRUCTURAS DE IMPACTO - CR\u00c1TERES METEOR\u00cdTICOS\",\"description\":\"Investigaci\u00f3n sobre la geolog\u00eda, geof\u00edsica, y petrolog\u00eda\",\"potentialAction\":[{\"@type\":\"SearchAction\",\"target\":{\"@type\":\"EntryPoint\",\"urlTemplate\":\"http:\\\/\\\/estructuras-de-impacto.impact-structures.com\\\/?s={search_term_string}\"},\"query-input\":{\"@type\":\"PropertyValueSpecification\",\"valueRequired\":true,\"valueName\":\"search_term_string\"}}],\"inLanguage\":\"es\"}]}<\/script>\n<!-- \/ Yoast SEO plugin. -->","yoast_head_json":{"title":"AFLORAMIENTOS - ERNSTSON CLAUDIN ESTRUCTURAS DE IMPACTO - CR\u00c1TERES METEOR\u00cdTICOS","robots":{"index":"index","follow":"follow","max-snippet":"max-snippet:-1","max-image-preview":"max-image-preview:large","max-video-preview":"max-video-preview:-1"},"canonical":"https:\/\/estructuras-de-impacto.impact-structures.com\/?page_id=153","og_locale":"es_ES","og_type":"article","og_title":"AFLORAMIENTOS - ERNSTSON CLAUDIN ESTRUCTURAS DE IMPACTO - CR\u00c1TERES METEOR\u00cdTICOS","og_description":"AFLORAMIENTOS &nbsp; Eyecta de la brecha Bunte (= multicolor) sobre calizas del Malm. Cantera de Gundelsheim, situada a unos 21 Km del centro del cr\u00e1ter. El emplazamiento del eyecta produjo las prominentes marcas de erosi\u00f3n que se aprecian en primer plano. Suevita (color gris\u00e1ceo) en contacto con y sobreyaciendo al eyecta de la brecha Bunte. &hellip; Continuar leyendo \"AFLORAMIENTOS\"","og_url":"https:\/\/estructuras-de-impacto.impact-structures.com\/?page_id=153","og_site_name":"ERNSTSON CLAUDIN ESTRUCTURAS DE IMPACTO - CR\u00c1TERES METEOR\u00cdTICOS","article_modified_time":"2012-12-16T12:49:16+00:00","og_image":[{"url":"http:\/\/www.impact-structures.com\/imagekl\/riesimage010.jpg","type":"","width":"","height":""}],"twitter_card":"summary_large_image","twitter_misc":{"Tiempo de lectura":"1 minuto"},"schema":{"@context":"https:\/\/schema.org","@graph":[{"@type":"WebPage","@id":"https:\/\/estructuras-de-impacto.impact-structures.com\/?page_id=153","url":"https:\/\/estructuras-de-impacto.impact-structures.com\/?page_id=153","name":"AFLORAMIENTOS - ERNSTSON CLAUDIN ESTRUCTURAS DE IMPACTO - CR\u00c1TERES METEOR\u00cdTICOS","isPartOf":{"@id":"http:\/\/estructuras-de-impacto.impact-structures.com\/#website"},"primaryImageOfPage":{"@id":"https:\/\/estructuras-de-impacto.impact-structures.com\/?page_id=153#primaryimage"},"image":{"@id":"https:\/\/estructuras-de-impacto.impact-structures.com\/?page_id=153#primaryimage"},"thumbnailUrl":"http:\/\/www.impact-structures.com\/imagekl\/riesimage010.jpg","datePublished":"2011-12-02T16:09:52+00:00","dateModified":"2012-12-16T12:49:16+00:00","breadcrumb":{"@id":"https:\/\/estructuras-de-impacto.impact-structures.com\/?page_id=153#breadcrumb"},"inLanguage":"es","potentialAction":[{"@type":"ReadAction","target":["https:\/\/estructuras-de-impacto.impact-structures.com\/?page_id=153"]}]},{"@type":"ImageObject","inLanguage":"es","@id":"https:\/\/estructuras-de-impacto.impact-structures.com\/?page_id=153#primaryimage","url":"http:\/\/www.impact-structures.com\/imagekl\/riesimage010.jpg","contentUrl":"http:\/\/www.impact-structures.com\/imagekl\/riesimage010.jpg"},{"@type":"BreadcrumbList","@id":"https:\/\/estructuras-de-impacto.impact-structures.com\/?page_id=153#breadcrumb","itemListElement":[{"@type":"ListItem","position":1,"name":"Portada","item":"http:\/\/estructuras-de-impacto.impact-structures.com\/"},{"@type":"ListItem","position":2,"name":"Las estructuras de impacto en Alemania","item":"http:\/\/estructuras-de-impacto.impact-structures.com\/?page_id=108"},{"@type":"ListItem","position":3,"name":"La estructura de impacto de Ries (Alemania)","item":"http:\/\/estructuras-de-impacto.impact-structures.com\/?page_id=151"},{"@type":"ListItem","position":4,"name":"AFLORAMIENTOS"}]},{"@type":"WebSite","@id":"http:\/\/estructuras-de-impacto.impact-structures.com\/#website","url":"http:\/\/estructuras-de-impacto.impact-structures.com\/","name":"ERNSTSON CLAUDIN ESTRUCTURAS DE IMPACTO - CR\u00c1TERES METEOR\u00cdTICOS","description":"Investigaci\u00f3n sobre la geolog\u00eda, geof\u00edsica, y petrolog\u00eda","potentialAction":[{"@type":"SearchAction","target":{"@type":"EntryPoint","urlTemplate":"http:\/\/estructuras-de-impacto.impact-structures.com\/?s={search_term_string}"},"query-input":{"@type":"PropertyValueSpecification","valueRequired":true,"valueName":"search_term_string"}}],"inLanguage":"es"}]}},"_links":{"self":[{"href":"http:\/\/estructuras-de-impacto.impact-structures.com\/index.php?rest_route=\/wp\/v2\/pages\/153","targetHints":{"allow":["GET"]}}],"collection":[{"href":"http:\/\/estructuras-de-impacto.impact-structures.com\/index.php?rest_route=\/wp\/v2\/pages"}],"about":[{"href":"http:\/\/estructuras-de-impacto.impact-structures.com\/index.php?rest_route=\/wp\/v2\/types\/page"}],"author":[{"embeddable":true,"href":"http:\/\/estructuras-de-impacto.impact-structures.com\/index.php?rest_route=\/wp\/v2\/users\/1"}],"replies":[{"embeddable":true,"href":"http:\/\/estructuras-de-impacto.impact-structures.com\/index.php?rest_route=%2Fwp%2Fv2%2Fcomments&post=153"}],"version-history":[{"count":0,"href":"http:\/\/estructuras-de-impacto.impact-structures.com\/index.php?rest_route=\/wp\/v2\/pages\/153\/revisions"}],"up":[{"embeddable":true,"href":"http:\/\/estructuras-de-impacto.impact-structures.com\/index.php?rest_route=\/wp\/v2\/pages\/151"}],"wp:attachment":[{"href":"http:\/\/estructuras-de-impacto.impact-structures.com\/index.php?rest_route=%2Fwp%2Fv2%2Fmedia&parent=153"}],"curies":[{"name":"wp","href":"https:\/\/api.w.org\/{rel}","templated":true}]}}