{"id":151,"date":"2011-12-02T16:09:09","date_gmt":"2011-12-02T16:09:09","guid":{"rendered":"http:\/\/cms.impact-structures.com\/?page_id=151"},"modified":"2012-12-16T12:19:22","modified_gmt":"2012-12-16T12:19:22","slug":"the-ries-impact-structure-germany","status":"publish","type":"page","link":"http:\/\/estructuras-de-impacto.impact-structures.com\/?page_id=151","title":{"rendered":"La estructura de impacto de Ries (Alemania)"},"content":{"rendered":"<p><span class=\"Apple-style-span\" style=\"font-family: 'Trebuchet MS', Arial, Helvetica; color: #000000; font-weight: normal; line-height: normal; font-size: medium;\">N\u00d6RDLINGER RIES<\/span><\/p>\n<p>M\u00e1s im\u00e1genes y un texto m\u00e1s general ser\u00e1n a\u00f1adidos pronto. Debajo, ver\u00e1n mapas geol\u00f3gicos, un viejo esquema sobre volcanismo explosivo para el cr\u00e1ter de Ries, y un corte geol\u00f3gico moderno. En los submen\u00fas \u00a0ver\u00e1n mapas topogr\u00e1ficos, afloramientos, muestras de impactitas, deformaciones peculiares, conos astillados, y otras cosas relacionadas.<\/p>\n<p style=\"font-size: 12pt;\"><img loading=\"lazy\" decoding=\"async\" src=\"http:\/\/www.impact-structures.com\/imagekl\/riesimage002.jpg\" alt=\"\" width=\"333\" height=\"353\" border=\"0\" \/><\/p>\n<p>La estructura de impacto de Ries en el mapa geol\u00f3gico de Bavaria (1:500,000; por cortes\u00eda de Bayerisches Geologisches Landesamt).<\/p>\n<p style=\"font-size: 12pt;\"><img loading=\"lazy\" decoding=\"async\" src=\"http:\/\/www.impact-structures.com\/imagekl\/riesimage004.jpg\" alt=\"\" width=\"412\" height=\"542\" border=\"0\" \/><\/p>\n<p>Mapa geol\u00f3gico general de la estructura de impacto de Ries.<\/p>\n<p style=\"font-size: 12pt;\"><img loading=\"lazy\" decoding=\"async\" src=\"http:\/\/www.impact-structures.com\/imagekl\/riesimage006.jpg\" alt=\"\" width=\"317\" height=\"425\" border=\"0\" \/><\/p>\n<p>Durante m\u00e1s de 150 a\u00f1os: la estructura de impacto de Ries interpretada como un cr\u00e1ter volc\u00e1nico de explosi\u00f3n.<\/p>\n<p style=\"font-size: 12pt;\"><img loading=\"lazy\" decoding=\"async\" src=\"http:\/\/www.impact-structures.com\/imagekl\/riesimage008.jpg\" alt=\"\" width=\"618\" height=\"304\" border=\"0\" \/><\/p>\n<p>Un modelo actual de la estructura de impacto de Ries basado en medidas geof\u00edsicas <span style=\"color: #ff0000;\"><span style=\"color: #000000;\">(ver<\/span><a href=\"http:\/\/impacto.impact-structures.com\/?page_id=24\" target=\"_blank\">\u00a0http:\/\/impacto.impact-structures.com\/?page_id=24\u00a0<\/a><span style=\"color: #000000;\">) y<\/span><\/span>\u00a0sondeos profundos.<\/p>\n","protected":false},"excerpt":{"rendered":"<p>N\u00d6RDLINGER RIES M\u00e1s im\u00e1genes y un texto m\u00e1s general ser\u00e1n a\u00f1adidos pronto. Debajo, ver\u00e1n mapas geol\u00f3gicos, un viejo esquema sobre volcanismo explosivo para el cr\u00e1ter de Ries, y un corte geol\u00f3gico moderno. En los submen\u00fas \u00a0ver\u00e1n mapas topogr\u00e1ficos, afloramientos, muestras de impactitas, deformaciones peculiares, conos astillados, y otras cosas relacionadas. La estructura de impacto de &hellip; <a href=\"http:\/\/estructuras-de-impacto.impact-structures.com\/?page_id=151\" class=\"more-link\">Continuar leyendo<span class=\"screen-reader-text\"> \u00abLa estructura de impacto de Ries (Alemania)\u00bb<\/span><\/a><\/p>\n","protected":false},"author":1,"featured_media":0,"parent":108,"menu_order":0,"comment_status":"closed","ping_status":"closed","template":"sidebar-page.php","meta":{"footnotes":""},"class_list":["post-151","page","type-page","status-publish","hentry"],"yoast_head":"<!-- This site is optimized with the Yoast SEO plugin v27.3 - https:\/\/yoast.com\/product\/yoast-seo-wordpress\/ -->\n<title>La estructura de impacto de Ries (Alemania)  - ERNSTSON CLAUDIN ESTRUCTURAS DE IMPACTO - CR\u00c1TERES METEOR\u00cdTICOS<\/title>\n<meta name=\"robots\" content=\"index, follow, max-snippet:-1, max-image-preview:large, max-video-preview:-1\" \/>\n<link rel=\"canonical\" href=\"http:\/\/estructuras-de-impacto.impact-structures.com\/?page_id=151\" \/>\n<meta property=\"og:locale\" content=\"es_ES\" \/>\n<meta property=\"og:type\" content=\"article\" \/>\n<meta property=\"og:title\" content=\"La estructura de impacto de Ries (Alemania)  - ERNSTSON CLAUDIN ESTRUCTURAS DE IMPACTO - CR\u00c1TERES METEOR\u00cdTICOS\" \/>\n<meta property=\"og:description\" content=\"N\u00d6RDLINGER RIES M\u00e1s im\u00e1genes y un texto m\u00e1s general ser\u00e1n a\u00f1adidos pronto. Debajo, ver\u00e1n mapas geol\u00f3gicos, un viejo esquema sobre volcanismo explosivo para el cr\u00e1ter de Ries, y un corte geol\u00f3gico moderno. En los submen\u00fas \u00a0ver\u00e1n mapas topogr\u00e1ficos, afloramientos, muestras de impactitas, deformaciones peculiares, conos astillados, y otras cosas relacionadas. La estructura de impacto de &hellip; Continuar leyendo &quot;La estructura de impacto de Ries (Alemania)&quot;\" \/>\n<meta property=\"og:url\" content=\"http:\/\/estructuras-de-impacto.impact-structures.com\/?page_id=151\" \/>\n<meta property=\"og:site_name\" content=\"ERNSTSON CLAUDIN ESTRUCTURAS DE IMPACTO - CR\u00c1TERES METEOR\u00cdTICOS\" \/>\n<meta property=\"article:modified_time\" content=\"2012-12-16T12:19:22+00:00\" \/>\n<meta property=\"og:image\" content=\"http:\/\/www.impact-structures.com\/imagekl\/riesimage002.jpg\" \/>\n<meta name=\"twitter:card\" content=\"summary_large_image\" \/>\n<meta name=\"twitter:label1\" content=\"Tiempo de lectura\" \/>\n\t<meta name=\"twitter:data1\" content=\"1 minuto\" \/>\n<script type=\"application\/ld+json\" class=\"yoast-schema-graph\">{\"@context\":\"https:\\\/\\\/schema.org\",\"@graph\":[{\"@type\":\"WebPage\",\"@id\":\"http:\\\/\\\/estructuras-de-impacto.impact-structures.com\\\/?page_id=151\",\"url\":\"http:\\\/\\\/estructuras-de-impacto.impact-structures.com\\\/?page_id=151\",\"name\":\"La estructura de impacto de Ries (Alemania) - ERNSTSON CLAUDIN ESTRUCTURAS DE IMPACTO - CR\u00c1TERES METEOR\u00cdTICOS\",\"isPartOf\":{\"@id\":\"http:\\\/\\\/estructuras-de-impacto.impact-structures.com\\\/#website\"},\"primaryImageOfPage\":{\"@id\":\"http:\\\/\\\/estructuras-de-impacto.impact-structures.com\\\/?page_id=151#primaryimage\"},\"image\":{\"@id\":\"http:\\\/\\\/estructuras-de-impacto.impact-structures.com\\\/?page_id=151#primaryimage\"},\"thumbnailUrl\":\"http:\\\/\\\/www.impact-structures.com\\\/imagekl\\\/riesimage002.jpg\",\"datePublished\":\"2011-12-02T16:09:09+00:00\",\"dateModified\":\"2012-12-16T12:19:22+00:00\",\"breadcrumb\":{\"@id\":\"http:\\\/\\\/estructuras-de-impacto.impact-structures.com\\\/?page_id=151#breadcrumb\"},\"inLanguage\":\"es\",\"potentialAction\":[{\"@type\":\"ReadAction\",\"target\":[\"http:\\\/\\\/estructuras-de-impacto.impact-structures.com\\\/?page_id=151\"]}]},{\"@type\":\"ImageObject\",\"inLanguage\":\"es\",\"@id\":\"http:\\\/\\\/estructuras-de-impacto.impact-structures.com\\\/?page_id=151#primaryimage\",\"url\":\"http:\\\/\\\/www.impact-structures.com\\\/imagekl\\\/riesimage002.jpg\",\"contentUrl\":\"http:\\\/\\\/www.impact-structures.com\\\/imagekl\\\/riesimage002.jpg\"},{\"@type\":\"BreadcrumbList\",\"@id\":\"http:\\\/\\\/estructuras-de-impacto.impact-structures.com\\\/?page_id=151#breadcrumb\",\"itemListElement\":[{\"@type\":\"ListItem\",\"position\":1,\"name\":\"Portada\",\"item\":\"http:\\\/\\\/estructuras-de-impacto.impact-structures.com\\\/\"},{\"@type\":\"ListItem\",\"position\":2,\"name\":\"Las estructuras de impacto en Alemania\",\"item\":\"http:\\\/\\\/estructuras-de-impacto.impact-structures.com\\\/?page_id=108\"},{\"@type\":\"ListItem\",\"position\":3,\"name\":\"La estructura de impacto de Ries (Alemania)\"}]},{\"@type\":\"WebSite\",\"@id\":\"http:\\\/\\\/estructuras-de-impacto.impact-structures.com\\\/#website\",\"url\":\"http:\\\/\\\/estructuras-de-impacto.impact-structures.com\\\/\",\"name\":\"ERNSTSON CLAUDIN ESTRUCTURAS DE IMPACTO - CR\u00c1TERES METEOR\u00cdTICOS\",\"description\":\"Investigaci\u00f3n sobre la geolog\u00eda, geof\u00edsica, y petrolog\u00eda\",\"potentialAction\":[{\"@type\":\"SearchAction\",\"target\":{\"@type\":\"EntryPoint\",\"urlTemplate\":\"http:\\\/\\\/estructuras-de-impacto.impact-structures.com\\\/?s={search_term_string}\"},\"query-input\":{\"@type\":\"PropertyValueSpecification\",\"valueRequired\":true,\"valueName\":\"search_term_string\"}}],\"inLanguage\":\"es\"}]}<\/script>\n<!-- \/ Yoast SEO plugin. -->","yoast_head_json":{"title":"La estructura de impacto de Ries (Alemania)  - ERNSTSON CLAUDIN ESTRUCTURAS DE IMPACTO - CR\u00c1TERES METEOR\u00cdTICOS","robots":{"index":"index","follow":"follow","max-snippet":"max-snippet:-1","max-image-preview":"max-image-preview:large","max-video-preview":"max-video-preview:-1"},"canonical":"http:\/\/estructuras-de-impacto.impact-structures.com\/?page_id=151","og_locale":"es_ES","og_type":"article","og_title":"La estructura de impacto de Ries (Alemania)  - ERNSTSON CLAUDIN ESTRUCTURAS DE IMPACTO - CR\u00c1TERES METEOR\u00cdTICOS","og_description":"N\u00d6RDLINGER RIES M\u00e1s im\u00e1genes y un texto m\u00e1s general ser\u00e1n a\u00f1adidos pronto. Debajo, ver\u00e1n mapas geol\u00f3gicos, un viejo esquema sobre volcanismo explosivo para el cr\u00e1ter de Ries, y un corte geol\u00f3gico moderno. En los submen\u00fas \u00a0ver\u00e1n mapas topogr\u00e1ficos, afloramientos, muestras de impactitas, deformaciones peculiares, conos astillados, y otras cosas relacionadas. La estructura de impacto de &hellip; Continuar leyendo \"La estructura de impacto de Ries (Alemania)\"","og_url":"http:\/\/estructuras-de-impacto.impact-structures.com\/?page_id=151","og_site_name":"ERNSTSON CLAUDIN ESTRUCTURAS DE IMPACTO - CR\u00c1TERES METEOR\u00cdTICOS","article_modified_time":"2012-12-16T12:19:22+00:00","og_image":[{"url":"http:\/\/www.impact-structures.com\/imagekl\/riesimage002.jpg","type":"","width":"","height":""}],"twitter_card":"summary_large_image","twitter_misc":{"Tiempo de lectura":"1 minuto"},"schema":{"@context":"https:\/\/schema.org","@graph":[{"@type":"WebPage","@id":"http:\/\/estructuras-de-impacto.impact-structures.com\/?page_id=151","url":"http:\/\/estructuras-de-impacto.impact-structures.com\/?page_id=151","name":"La estructura de impacto de Ries (Alemania) - ERNSTSON CLAUDIN ESTRUCTURAS DE IMPACTO - CR\u00c1TERES METEOR\u00cdTICOS","isPartOf":{"@id":"http:\/\/estructuras-de-impacto.impact-structures.com\/#website"},"primaryImageOfPage":{"@id":"http:\/\/estructuras-de-impacto.impact-structures.com\/?page_id=151#primaryimage"},"image":{"@id":"http:\/\/estructuras-de-impacto.impact-structures.com\/?page_id=151#primaryimage"},"thumbnailUrl":"http:\/\/www.impact-structures.com\/imagekl\/riesimage002.jpg","datePublished":"2011-12-02T16:09:09+00:00","dateModified":"2012-12-16T12:19:22+00:00","breadcrumb":{"@id":"http:\/\/estructuras-de-impacto.impact-structures.com\/?page_id=151#breadcrumb"},"inLanguage":"es","potentialAction":[{"@type":"ReadAction","target":["http:\/\/estructuras-de-impacto.impact-structures.com\/?page_id=151"]}]},{"@type":"ImageObject","inLanguage":"es","@id":"http:\/\/estructuras-de-impacto.impact-structures.com\/?page_id=151#primaryimage","url":"http:\/\/www.impact-structures.com\/imagekl\/riesimage002.jpg","contentUrl":"http:\/\/www.impact-structures.com\/imagekl\/riesimage002.jpg"},{"@type":"BreadcrumbList","@id":"http:\/\/estructuras-de-impacto.impact-structures.com\/?page_id=151#breadcrumb","itemListElement":[{"@type":"ListItem","position":1,"name":"Portada","item":"http:\/\/estructuras-de-impacto.impact-structures.com\/"},{"@type":"ListItem","position":2,"name":"Las estructuras de impacto en Alemania","item":"http:\/\/estructuras-de-impacto.impact-structures.com\/?page_id=108"},{"@type":"ListItem","position":3,"name":"La estructura de impacto de Ries (Alemania)"}]},{"@type":"WebSite","@id":"http:\/\/estructuras-de-impacto.impact-structures.com\/#website","url":"http:\/\/estructuras-de-impacto.impact-structures.com\/","name":"ERNSTSON CLAUDIN ESTRUCTURAS DE IMPACTO - CR\u00c1TERES METEOR\u00cdTICOS","description":"Investigaci\u00f3n sobre la geolog\u00eda, geof\u00edsica, y petrolog\u00eda","potentialAction":[{"@type":"SearchAction","target":{"@type":"EntryPoint","urlTemplate":"http:\/\/estructuras-de-impacto.impact-structures.com\/?s={search_term_string}"},"query-input":{"@type":"PropertyValueSpecification","valueRequired":true,"valueName":"search_term_string"}}],"inLanguage":"es"}]}},"_links":{"self":[{"href":"http:\/\/estructuras-de-impacto.impact-structures.com\/index.php?rest_route=\/wp\/v2\/pages\/151","targetHints":{"allow":["GET"]}}],"collection":[{"href":"http:\/\/estructuras-de-impacto.impact-structures.com\/index.php?rest_route=\/wp\/v2\/pages"}],"about":[{"href":"http:\/\/estructuras-de-impacto.impact-structures.com\/index.php?rest_route=\/wp\/v2\/types\/page"}],"author":[{"embeddable":true,"href":"http:\/\/estructuras-de-impacto.impact-structures.com\/index.php?rest_route=\/wp\/v2\/users\/1"}],"replies":[{"embeddable":true,"href":"http:\/\/estructuras-de-impacto.impact-structures.com\/index.php?rest_route=%2Fwp%2Fv2%2Fcomments&post=151"}],"version-history":[{"count":0,"href":"http:\/\/estructuras-de-impacto.impact-structures.com\/index.php?rest_route=\/wp\/v2\/pages\/151\/revisions"}],"up":[{"embeddable":true,"href":"http:\/\/estructuras-de-impacto.impact-structures.com\/index.php?rest_route=\/wp\/v2\/pages\/108"}],"wp:attachment":[{"href":"http:\/\/estructuras-de-impacto.impact-structures.com\/index.php?rest_route=%2Fwp%2Fv2%2Fmedia&parent=151"}],"curies":[{"name":"wp","href":"https:\/\/api.w.org\/{rel}","templated":true}]}}