{"id":149,"date":"2011-12-02T16:07:58","date_gmt":"2011-12-02T16:07:58","guid":{"rendered":"http:\/\/cms.impact-structures.com\/?page_id=149"},"modified":"2012-05-27T11:29:11","modified_gmt":"2012-05-27T11:29:11","slug":"a-gravity-survey-and-a-new-model-of-the-steinheim-crater","status":"publish","type":"page","link":"http:\/\/estructuras-de-impacto.impact-structures.com\/?page_id=149","title":{"rendered":"Un estudio gravim\u00e9trico y un nuevo modelo del cr\u00e1ter de Steinheim"},"content":{"rendered":"<p>Por lo general se acepta un di\u00e1metro de 3.7 Km. para la estructura de Steinheim. Pero un an\u00e1lisis gravim\u00e9trico y morfol\u00f3gico, sugieren un tama\u00f1o mucho mayor. Un di\u00e1metro de 6-7 Km. puede ser razonable tal y como propone en un art\u00edculo K. Ernstson\u00a0(<a href=\"http:\/\/www.springerlink.com\/content\/p7547v2q53745646\/\" target=\"_blank\">1984: A gravity-derived model for the Steinheim impact structure. Int. J. Geosciences, 73\/2, 483-498<\/a>).<\/p>\n<p>No obstante, incluso en los recientes art\u00edculos sobre modelizaci\u00f3n del proceso de impacto para Steinheim (St\u00f6ffler et al. (2002) :\u00a0<span style=\"text-decoration: underline;\"><a href=\"http:\/\/www.lpi.usra.edu\/meetings\/lpsc2002\/pdf\/1871.pdf\" target=\"_blank\">http:\/\/www.lpi.usra.edu\/meetings\/lpsc2002\/pdf\/1871.pdf<\/a><\/span>\u00a0, Ivanov and St\u00f6ffler (2005):\u00a0<span style=\"text-decoration: underline;\"><a href=\"http:\/\/www.lpi.usra.edu\/meetings\/lpsc2005\/pdf\/1443.pdf\" target=\"_blank\">http:\/\/www.lpi.usra.edu\/meetings\/lpsc2005\/pdf\/1443.pdf<\/a><\/span>), un di\u00e1metro peque\u00f1o de 3.8 Km es utilizado para la estructura de Steinheim dando como consecuencia unos resultados bastante dudosos.<\/p>\n<p>Las figuras m\u00e1s significativas de este estudio se muestran debajo<\/p>\n<h4><strong><span style=\"font-family: 'Trebuchet MS', Helvetica, Geneva, Swiss, SunSans-Regular;\">Estudio gravim\u00e9trico<br \/>\n<\/span><\/strong><\/h4>\n<div><strong><span style=\"font-family: 'Trebuchet MS', Helvetica, Geneva, Swiss, SunSans-Regular;\"><br \/>\n<\/span><\/strong><\/div>\n<h2><span class=\"Apple-style-span\" style=\"color: #333333; font-family: 'Trebuchet MS', Helvetica, Geneva, Swiss, SunSans-Regular; font-weight: 300;\">\u00a0<a style=\"color: #000080; text-decoration: none;\" href=\"http:\/\/www.impaktstrukturen.de\/origi\/11gravibouguer.jpg\" target=\"_blank\"><img loading=\"lazy\" decoding=\"async\" src=\"http:\/\/www.impact-structures.com\/images\/11gravibouguer_small.jpg\" alt=\"\" width=\"250\" height=\"248\" border=\"1\" \/><\/a><\/span><\/h2>\n<p>Mapa de anomal\u00edas de Bouguer del \u00e1rea de la cuenca de Steinheim (dentro del c\u00edrculo) y sus alrededores. El intervalo entre contornos es de 0.25 mgal.<\/p>\n<p class=\"MsoNormal\" style=\"font-size: 12pt;\"><span class=\"Apple-style-span\" style=\"font-family: 'Trebuchet MS', Helvetica, Geneva, Swiss, SunSans-Regular; font-size: 15px; line-height: 24px;\">\u00a0<a style=\"color: #000080; text-decoration: none;\" href=\"http:\/\/www.impaktstrukturen.de\/origi\/12residualanomaly.jpg\" target=\"_blank\"><img loading=\"lazy\" decoding=\"async\" src=\"http:\/\/www.impact-structures.com\/images\/12residualanomaly_small.jpg\" alt=\"\" width=\"250\" height=\"221\" border=\"1\" \/><\/a><\/span><span class=\"Apple-style-span\" style=\"font-size: 15px; line-height: 24px;\">\u00a0<\/span><\/p>\n<p>Anomal\u00edas residuales de Bouguer de la estructura de impacto de la cuenca de Steinheim. El intervalo de contornos es de 0.2 mgal.<\/p>\n<p><span class=\"Apple-style-span\" style=\"font-size: 16px; line-height: 26px;\"><span style=\"font-family: 'Trebuchet MS', Helvetica, Geneva, Swiss, SunSans-Regular;\"><a style=\"color: #000080; text-decoration: none;\" href=\"http:\/\/www.impaktstrukturen.de\/origi\/13model.JPG\" target=\"_blank\"><img loading=\"lazy\" decoding=\"async\" src=\"http:\/\/www.impact-structures.com\/images\/13model_small.JPG\" alt=\"\" width=\"250\" height=\"226\" border=\"0\" \/><\/a><\/span><\/span><\/p>\n<p>C\u00e1lculos de modelizaci\u00f3n. Las densidades para los cuerpos del modelo est\u00e1n en g\/cm3.<\/p>\n<h4><strong><span style=\"font-family: 'Trebuchet MS', Helvetica, Geneva, Swiss, SunSans-Regular;\">An\u00e1lisis morfol\u00f3gico<\/span><\/strong><\/h4>\n<p><span class=\"Apple-style-span\" style=\"font-size: 16px; line-height: 26px;\"><a style=\"color: #000080; text-decoration: none;\" href=\"http:\/\/www.impaktstrukturen.de\/origi\/14topprofil.jpg\" target=\"_blank\"><span style=\"font-family: 'Trebuchet MS', Helvetica, Geneva, Swiss, SunSans-Regular;\"><img loading=\"lazy\" decoding=\"async\" src=\"http:\/\/www.impact-structures.com\/images\/14topprofil_small.jpg\" alt=\"\" width=\"250\" height=\"132\" border=\"0\" \/><\/span><\/a><\/span><\/p>\n<p>Perfiles de la topograf\u00eda promedio para el cr\u00e1ter de Steinheim. Perfil superior: topograf\u00eda promedio basada en 32 perfiles radiales. Perfil inferior: topograf\u00eda promedio elaborada a partir de 16 perfiles acumulados en el sur (a la izquierda) y 16 perfiles acumulados en el norte (a la derecha). L\u00ednea punteada: perfil situado a la izquierda respecto del eje cero y desplazado 20 en la vertical. La barra correspondiente a 3.7 Km iguala el di\u00e1metro promedio borde-cresta de acuerdo con RODDY (1977).<\/p>\n<p class=\"MsoNormal\" style=\"font-size: 12pt; text-align: justify;\"><span class=\"Apple-style-span\" style=\"font-family: 'Trebuchet MS', Helvetica, Geneva, Swiss, SunSans-Regular; font-size: 15px; line-height: 24px;\">\u00a0<a style=\"color: #000080; text-decoration: none;\" href=\"http:\/\/www.impaktstrukturen.de\/origi\/15sudiameter.jpg\" target=\"_blank\"><img loading=\"lazy\" decoding=\"async\" src=\"http:\/\/www.impact-structures.com\/images\/15sudiameter_small.jpg\" alt=\"\" width=\"250\" height=\"244\" border=\"0\" \/><\/a><\/span><\/p>\n<p>Relaci\u00f3n estratigr\u00e1fica levantamiento\/di\u00e1metro para estructuras de impacto terrestres, en cuerpos sedimentarios. 1 = Steinheim, 2 = Flynn Creek, 3 = Crooked Creek, 4 = Middlesboro, 5 = Serpent Mound, 6 = Red Wing Creek, 7 = Sierra Madera, 8 = Wells Creek, 9 = Gosses Bluff, 10 = Strangways, 11 = Kilmichael (cuyo or\u00edgen por impacto se cuestiona actualmente). Seg\u00fan Grieve et al. (1981). C\u00edrculo abierto: Cr\u00e1ter de Steinheim de acuerdo con el postulado di\u00e1metro m\u00e1s grande.<\/p>\n","protected":false},"excerpt":{"rendered":"<p>Por lo general se acepta un di\u00e1metro de 3.7 Km. para la estructura de Steinheim. Pero un an\u00e1lisis gravim\u00e9trico y morfol\u00f3gico, sugieren un tama\u00f1o mucho mayor. Un di\u00e1metro de 6-7 Km. puede ser razonable tal y como propone en un art\u00edculo K. Ernstson\u00a0(1984: A gravity-derived model for the Steinheim impact structure. Int. J. Geosciences, 73\/2, &hellip; <a href=\"http:\/\/estructuras-de-impacto.impact-structures.com\/?page_id=149\" class=\"more-link\">Continuar leyendo<span class=\"screen-reader-text\"> \u00abUn estudio gravim\u00e9trico y un nuevo modelo del cr\u00e1ter de Steinheim\u00bb<\/span><\/a><\/p>\n","protected":false},"author":1,"featured_media":0,"parent":147,"menu_order":0,"comment_status":"closed","ping_status":"closed","template":"sidebar-page.php","meta":{"footnotes":""},"class_list":["post-149","page","type-page","status-publish","hentry"],"yoast_head":"<!-- This site is optimized with the Yoast SEO plugin v27.3 - https:\/\/yoast.com\/product\/yoast-seo-wordpress\/ -->\n<title>Un estudio gravim\u00e9trico y un nuevo modelo del cr\u00e1ter de Steinheim  - ERNSTSON CLAUDIN ESTRUCTURAS DE IMPACTO - CR\u00c1TERES METEOR\u00cdTICOS<\/title>\n<meta name=\"robots\" content=\"index, follow, max-snippet:-1, max-image-preview:large, max-video-preview:-1\" \/>\n<link rel=\"canonical\" href=\"http:\/\/estructuras-de-impacto.impact-structures.com\/?page_id=149\" \/>\n<meta property=\"og:locale\" content=\"es_ES\" \/>\n<meta property=\"og:type\" content=\"article\" \/>\n<meta property=\"og:title\" content=\"Un estudio gravim\u00e9trico y un nuevo modelo del cr\u00e1ter de Steinheim  - ERNSTSON CLAUDIN ESTRUCTURAS DE IMPACTO - CR\u00c1TERES METEOR\u00cdTICOS\" \/>\n<meta property=\"og:description\" content=\"Por lo general se acepta un di\u00e1metro de 3.7 Km. para la estructura de Steinheim. Pero un an\u00e1lisis gravim\u00e9trico y morfol\u00f3gico, sugieren un tama\u00f1o mucho mayor. Un di\u00e1metro de 6-7 Km. puede ser razonable tal y como propone en un art\u00edculo K. Ernstson\u00a0(1984: A gravity-derived model for the Steinheim impact structure. Int. J. Geosciences, 73\/2, &hellip; Continuar leyendo &quot;Un estudio gravim\u00e9trico y un nuevo modelo del cr\u00e1ter de Steinheim&quot;\" \/>\n<meta property=\"og:url\" content=\"http:\/\/estructuras-de-impacto.impact-structures.com\/?page_id=149\" \/>\n<meta property=\"og:site_name\" content=\"ERNSTSON CLAUDIN ESTRUCTURAS DE IMPACTO - CR\u00c1TERES METEOR\u00cdTICOS\" \/>\n<meta property=\"article:modified_time\" content=\"2012-05-27T11:29:11+00:00\" \/>\n<meta property=\"og:image\" content=\"http:\/\/www.impact-structures.com\/images\/11gravibouguer_small.jpg\" \/>\n<meta name=\"twitter:card\" content=\"summary_large_image\" \/>\n<meta name=\"twitter:label1\" content=\"Tiempo de lectura\" \/>\n\t<meta name=\"twitter:data1\" content=\"2 minutos\" \/>\n<script type=\"application\/ld+json\" class=\"yoast-schema-graph\">{\"@context\":\"https:\\\/\\\/schema.org\",\"@graph\":[{\"@type\":\"WebPage\",\"@id\":\"http:\\\/\\\/estructuras-de-impacto.impact-structures.com\\\/?page_id=149\",\"url\":\"http:\\\/\\\/estructuras-de-impacto.impact-structures.com\\\/?page_id=149\",\"name\":\"Un estudio gravim\u00e9trico y un nuevo modelo del cr\u00e1ter de Steinheim - ERNSTSON CLAUDIN ESTRUCTURAS DE IMPACTO - CR\u00c1TERES METEOR\u00cdTICOS\",\"isPartOf\":{\"@id\":\"http:\\\/\\\/estructuras-de-impacto.impact-structures.com\\\/#website\"},\"primaryImageOfPage\":{\"@id\":\"http:\\\/\\\/estructuras-de-impacto.impact-structures.com\\\/?page_id=149#primaryimage\"},\"image\":{\"@id\":\"http:\\\/\\\/estructuras-de-impacto.impact-structures.com\\\/?page_id=149#primaryimage\"},\"thumbnailUrl\":\"http:\\\/\\\/www.impact-structures.com\\\/images\\\/11gravibouguer_small.jpg\",\"datePublished\":\"2011-12-02T16:07:58+00:00\",\"dateModified\":\"2012-05-27T11:29:11+00:00\",\"breadcrumb\":{\"@id\":\"http:\\\/\\\/estructuras-de-impacto.impact-structures.com\\\/?page_id=149#breadcrumb\"},\"inLanguage\":\"es\",\"potentialAction\":[{\"@type\":\"ReadAction\",\"target\":[\"http:\\\/\\\/estructuras-de-impacto.impact-structures.com\\\/?page_id=149\"]}]},{\"@type\":\"ImageObject\",\"inLanguage\":\"es\",\"@id\":\"http:\\\/\\\/estructuras-de-impacto.impact-structures.com\\\/?page_id=149#primaryimage\",\"url\":\"http:\\\/\\\/www.impact-structures.com\\\/images\\\/11gravibouguer_small.jpg\",\"contentUrl\":\"http:\\\/\\\/www.impact-structures.com\\\/images\\\/11gravibouguer_small.jpg\"},{\"@type\":\"BreadcrumbList\",\"@id\":\"http:\\\/\\\/estructuras-de-impacto.impact-structures.com\\\/?page_id=149#breadcrumb\",\"itemListElement\":[{\"@type\":\"ListItem\",\"position\":1,\"name\":\"Portada\",\"item\":\"http:\\\/\\\/estructuras-de-impacto.impact-structures.com\\\/\"},{\"@type\":\"ListItem\",\"position\":2,\"name\":\"Las estructuras de impacto en Alemania\",\"item\":\"http:\\\/\\\/estructuras-de-impacto.impact-structures.com\\\/?page_id=108\"},{\"@type\":\"ListItem\",\"position\":3,\"name\":\"La estructura de impacto de la cuenca de Steinheim\",\"item\":\"http:\\\/\\\/estructuras-de-impacto.impact-structures.com\\\/?page_id=147\"},{\"@type\":\"ListItem\",\"position\":4,\"name\":\"Un estudio gravim\u00e9trico y un nuevo modelo del cr\u00e1ter de Steinheim\"}]},{\"@type\":\"WebSite\",\"@id\":\"http:\\\/\\\/estructuras-de-impacto.impact-structures.com\\\/#website\",\"url\":\"http:\\\/\\\/estructuras-de-impacto.impact-structures.com\\\/\",\"name\":\"ERNSTSON CLAUDIN ESTRUCTURAS DE IMPACTO - CR\u00c1TERES METEOR\u00cdTICOS\",\"description\":\"Investigaci\u00f3n sobre la geolog\u00eda, geof\u00edsica, y petrolog\u00eda\",\"potentialAction\":[{\"@type\":\"SearchAction\",\"target\":{\"@type\":\"EntryPoint\",\"urlTemplate\":\"http:\\\/\\\/estructuras-de-impacto.impact-structures.com\\\/?s={search_term_string}\"},\"query-input\":{\"@type\":\"PropertyValueSpecification\",\"valueRequired\":true,\"valueName\":\"search_term_string\"}}],\"inLanguage\":\"es\"}]}<\/script>\n<!-- \/ Yoast SEO plugin. -->","yoast_head_json":{"title":"Un estudio gravim\u00e9trico y un nuevo modelo del cr\u00e1ter de Steinheim  - ERNSTSON CLAUDIN ESTRUCTURAS DE IMPACTO - CR\u00c1TERES METEOR\u00cdTICOS","robots":{"index":"index","follow":"follow","max-snippet":"max-snippet:-1","max-image-preview":"max-image-preview:large","max-video-preview":"max-video-preview:-1"},"canonical":"http:\/\/estructuras-de-impacto.impact-structures.com\/?page_id=149","og_locale":"es_ES","og_type":"article","og_title":"Un estudio gravim\u00e9trico y un nuevo modelo del cr\u00e1ter de Steinheim  - ERNSTSON CLAUDIN ESTRUCTURAS DE IMPACTO - CR\u00c1TERES METEOR\u00cdTICOS","og_description":"Por lo general se acepta un di\u00e1metro de 3.7 Km. para la estructura de Steinheim. Pero un an\u00e1lisis gravim\u00e9trico y morfol\u00f3gico, sugieren un tama\u00f1o mucho mayor. Un di\u00e1metro de 6-7 Km. puede ser razonable tal y como propone en un art\u00edculo K. Ernstson\u00a0(1984: A gravity-derived model for the Steinheim impact structure. Int. J. Geosciences, 73\/2, &hellip; Continuar leyendo \"Un estudio gravim\u00e9trico y un nuevo modelo del cr\u00e1ter de Steinheim\"","og_url":"http:\/\/estructuras-de-impacto.impact-structures.com\/?page_id=149","og_site_name":"ERNSTSON CLAUDIN ESTRUCTURAS DE IMPACTO - CR\u00c1TERES METEOR\u00cdTICOS","article_modified_time":"2012-05-27T11:29:11+00:00","og_image":[{"url":"http:\/\/www.impact-structures.com\/images\/11gravibouguer_small.jpg","type":"","width":"","height":""}],"twitter_card":"summary_large_image","twitter_misc":{"Tiempo de lectura":"2 minutos"},"schema":{"@context":"https:\/\/schema.org","@graph":[{"@type":"WebPage","@id":"http:\/\/estructuras-de-impacto.impact-structures.com\/?page_id=149","url":"http:\/\/estructuras-de-impacto.impact-structures.com\/?page_id=149","name":"Un estudio gravim\u00e9trico y un nuevo modelo del cr\u00e1ter de Steinheim - ERNSTSON CLAUDIN ESTRUCTURAS DE IMPACTO - CR\u00c1TERES METEOR\u00cdTICOS","isPartOf":{"@id":"http:\/\/estructuras-de-impacto.impact-structures.com\/#website"},"primaryImageOfPage":{"@id":"http:\/\/estructuras-de-impacto.impact-structures.com\/?page_id=149#primaryimage"},"image":{"@id":"http:\/\/estructuras-de-impacto.impact-structures.com\/?page_id=149#primaryimage"},"thumbnailUrl":"http:\/\/www.impact-structures.com\/images\/11gravibouguer_small.jpg","datePublished":"2011-12-02T16:07:58+00:00","dateModified":"2012-05-27T11:29:11+00:00","breadcrumb":{"@id":"http:\/\/estructuras-de-impacto.impact-structures.com\/?page_id=149#breadcrumb"},"inLanguage":"es","potentialAction":[{"@type":"ReadAction","target":["http:\/\/estructuras-de-impacto.impact-structures.com\/?page_id=149"]}]},{"@type":"ImageObject","inLanguage":"es","@id":"http:\/\/estructuras-de-impacto.impact-structures.com\/?page_id=149#primaryimage","url":"http:\/\/www.impact-structures.com\/images\/11gravibouguer_small.jpg","contentUrl":"http:\/\/www.impact-structures.com\/images\/11gravibouguer_small.jpg"},{"@type":"BreadcrumbList","@id":"http:\/\/estructuras-de-impacto.impact-structures.com\/?page_id=149#breadcrumb","itemListElement":[{"@type":"ListItem","position":1,"name":"Portada","item":"http:\/\/estructuras-de-impacto.impact-structures.com\/"},{"@type":"ListItem","position":2,"name":"Las estructuras de impacto en Alemania","item":"http:\/\/estructuras-de-impacto.impact-structures.com\/?page_id=108"},{"@type":"ListItem","position":3,"name":"La estructura de impacto de la cuenca de Steinheim","item":"http:\/\/estructuras-de-impacto.impact-structures.com\/?page_id=147"},{"@type":"ListItem","position":4,"name":"Un estudio gravim\u00e9trico y un nuevo modelo del cr\u00e1ter de Steinheim"}]},{"@type":"WebSite","@id":"http:\/\/estructuras-de-impacto.impact-structures.com\/#website","url":"http:\/\/estructuras-de-impacto.impact-structures.com\/","name":"ERNSTSON CLAUDIN ESTRUCTURAS DE IMPACTO - CR\u00c1TERES METEOR\u00cdTICOS","description":"Investigaci\u00f3n sobre la geolog\u00eda, geof\u00edsica, y petrolog\u00eda","potentialAction":[{"@type":"SearchAction","target":{"@type":"EntryPoint","urlTemplate":"http:\/\/estructuras-de-impacto.impact-structures.com\/?s={search_term_string}"},"query-input":{"@type":"PropertyValueSpecification","valueRequired":true,"valueName":"search_term_string"}}],"inLanguage":"es"}]}},"_links":{"self":[{"href":"http:\/\/estructuras-de-impacto.impact-structures.com\/index.php?rest_route=\/wp\/v2\/pages\/149","targetHints":{"allow":["GET"]}}],"collection":[{"href":"http:\/\/estructuras-de-impacto.impact-structures.com\/index.php?rest_route=\/wp\/v2\/pages"}],"about":[{"href":"http:\/\/estructuras-de-impacto.impact-structures.com\/index.php?rest_route=\/wp\/v2\/types\/page"}],"author":[{"embeddable":true,"href":"http:\/\/estructuras-de-impacto.impact-structures.com\/index.php?rest_route=\/wp\/v2\/users\/1"}],"replies":[{"embeddable":true,"href":"http:\/\/estructuras-de-impacto.impact-structures.com\/index.php?rest_route=%2Fwp%2Fv2%2Fcomments&post=149"}],"version-history":[{"count":0,"href":"http:\/\/estructuras-de-impacto.impact-structures.com\/index.php?rest_route=\/wp\/v2\/pages\/149\/revisions"}],"up":[{"embeddable":true,"href":"http:\/\/estructuras-de-impacto.impact-structures.com\/index.php?rest_route=\/wp\/v2\/pages\/147"}],"wp:attachment":[{"href":"http:\/\/estructuras-de-impacto.impact-structures.com\/index.php?rest_route=%2Fwp%2Fv2%2Fmedia&parent=149"}],"curies":[{"name":"wp","href":"https:\/\/api.w.org\/{rel}","templated":true}]}}