{"id":147,"date":"2011-12-02T16:07:05","date_gmt":"2011-12-02T16:07:05","guid":{"rendered":"http:\/\/cms.impact-structures.com\/?page_id=147"},"modified":"2012-03-08T14:46:03","modified_gmt":"2012-03-08T14:46:03","slug":"the-steinheim-basin-impact-structure","status":"publish","type":"page","link":"http:\/\/estructuras-de-impacto.impact-structures.com\/?page_id=147","title":{"rendered":"La estructura de impacto de la cuenca de Steinheim"},"content":{"rendered":"<p>La cuenca de Steinheim \u2013 de 15 Ma de antig\u00fcedad \u2013 muy probablemente compa\u00f1era de la estructura de impacto de Ries, es una t\u00edpica estructura de impacto compleja con una caracter\u00edstica elevaci\u00f3n central de unos 1000 m de di\u00e1metro que puede observarse al realizar un perfil topogr\u00e1fico, en una imagen de sat\u00e9lite y sobre un mapa geol\u00f3gico (ver debajo). Por lo general se le asigna un di\u00e1metro de 3.7 Km, pero hay indicios de que la estructura es mucho mayor (ver\u00a0<a href=\"http:\/\/www.estructuras-de-impacto.impact-structures.com\/gravity.htm\">Gravimetr\u00eda<\/a>)<\/p>\n<p><span class=\"Apple-style-span\" style=\"font-family: 'Helvetica Neue', Helvetica, Arial, 'Nimbus Sans L', sans-serif;\"><img loading=\"lazy\" decoding=\"async\" src=\"http:\/\/www.impact-structures.com\/images\/1satellitbild_small.jpg\" alt=\"\" width=\"255\" height=\"250\" border=\"0\" \/><\/span><\/p>\n<p>Imagen de sat\u00e9lite de la cuenca de Steinheim. La elevaci\u00f3n central esta rodeada por una linea a rayas de color rojo (imagen peque\u00f1a). El di\u00e1metro del c\u00edrculo es de 1 Km.<\/p>\n<p><span class=\"Apple-style-span\" style=\"font-family: 'Helvetica Neue', Helvetica, Arial, 'Nimbus Sans L', sans-serif;\"><img loading=\"lazy\" decoding=\"async\" src=\"http:\/\/www.impact-structures.com\/imagekl\/kl054.jpg\" alt=\"\" width=\"251\" height=\"250\" border=\"0\" \/><\/span><\/p>\n<p><span style=\"font-family: 'Trebuchet MS', Helvetica, Geneva, Swiss, SunSans-Regular;\">Mapa geol\u00f3gico de la cuenca de Steinheim.<\/span><\/p>\n<p>El objetivo sedimentario est\u00e1 constituido por calizas del Jur\u00e1sico, margas, areniscas y lutitas que han sido la fuente de materiales que hoy hallamos en la megabrecha de la elevaci\u00f3n central y en la brecha polim\u00edctica de la cuenca. Metamorfismo de choque de rango moderado y observable al microscopio ha sido identificado en las areniscas del Dogger. Un efecto de choque macrosc\u00f3pico bien conocido son los conos astillados, que han sido mencionados en las publicaciones desde 1905. Tambi\u00e9n ha sido descrito como efecto producido por el choque una caracter\u00edstica fracturaci\u00f3n subparalela poco espaciada en las calizas (Reiff, 1979).<\/p>\n<p><span style=\"font-family: 'Trebuchet MS', Helvetica, Geneva, Swiss, SunSans-Regular;\">\u00a0<\/span><span class=\"Apple-style-span\" style=\"font-family: 'Helvetica Neue', Helvetica, Arial, 'Nimbus Sans L', sans-serif;\"><img loading=\"lazy\" decoding=\"async\" src=\"http:\/\/www.impact-structures.com\/images\/3shattercone.jpg\" alt=\"\" width=\"350\" height=\"323\" border=\"0\" \/><span class=\"Apple-style-span\" style=\"font-family: 'Helvetica Neue', Helvetica, Arial, sans-serif;\">\u00a0<\/span><\/span><\/p>\n<p>Cono astillado desarrollado en una caliza del Malm; el tama\u00f1o m\u00e1ximo es de 6 cm. Apretando el bot\u00f3n del rat\u00f3n\u00a0<a href=\"http:\/\/www.estructuras-de-impacto.impact-structures.com\/shattercone\/shatterconepage.html\">aqu\u00ed<\/a>, pueden verse m\u00e1s conos astillados procedentes del cr\u00e1ter de impacto de la cuenca de Steinheim.<\/p>\n<p><span style=\"font-family: 'Trebuchet MS', Helvetica, Geneva, Swiss, SunSans-Regular;\">\u00a0<\/span><span class=\"Apple-style-span\" style=\"font-family: 'Helvetica Neue', Helvetica, Arial, 'Nimbus Sans L', sans-serif;\"><img loading=\"lazy\" decoding=\"async\" src=\"http:\/\/www.impact-structures.com\/images\/4foliation.jpg\" alt=\"\" width=\"350\" height=\"342\" border=\"0\" \/><\/span><\/p>\n<p>Fracturaci\u00f3n subparalela poco espaciada presente en una caliza del Malm; El tama\u00f1o horizontal m\u00e1ximo es de 10 cm.<\/p>\n<p><span class=\"Apple-style-span\" style=\"font-family: 'Helvetica Neue', Helvetica, Arial, 'Nimbus Sans L', sans-serif;\"><img loading=\"lazy\" decoding=\"async\" src=\"http:\/\/www.impact-structures.com\/imagekl\/kl0136.jpg\" alt=\"\" width=\"350\" height=\"250\" border=\"0\" \/><\/span><\/p>\n<p>Brecha polim\u00edctica de la cuenca procedente de la estructura de impacto de Steinheim; la amplitud de la muestra es de 10 cm.<\/p>\n<p>Sedimentos posteriores al impacto &#8211; de edad Terciaria y Cuaternaria \u2013 se hallan distribuidos por toda la cuenca, de modo que los afloramientos donde pueden observarse rasgos de impacto son muy raros. En la cantera abandonada de Burgstall, ubicada en la zona del borde de la cuenca, las rocas excavadas por el impacto han dado lugar a una brecha compuesta de grandes bloques que exhiben de un modo parcial una textura de tipo mortar y una brechaci\u00f3n de tipo gries.<\/p>\n<p><span style=\"font-family: 'Trebuchet MS', Helvetica, Geneva, Swiss, SunSans-Regular;\">\u00a0<\/span><span class=\"Apple-style-span\" style=\"font-family: 'Helvetica Neue', Helvetica, Arial, 'Nimbus Sans L', sans-serif;\"><img loading=\"lazy\" decoding=\"async\" src=\"http:\/\/www.impact-structures.com\/images\/6Burgstall_small.jpg\" alt=\"\" width=\"250\" height=\"187\" border=\"0\" \/><span class=\"Apple-style-span\" style=\"font-family: 'Helvetica Neue', Helvetica, Arial, sans-serif;\">\u00a0<\/span><\/span><\/p>\n<p>Cantera abandonada de Burgstall<\/p>\n<p><span style=\"font-family: 'Trebuchet MS', Helvetica, Geneva, Swiss, SunSans-Regular;\">\u00a0<\/span><span class=\"Apple-style-span\" style=\"font-family: 'Helvetica Neue', Helvetica, Arial, 'Nimbus Sans L', sans-serif;\"><img loading=\"lazy\" decoding=\"async\" src=\"http:\/\/www.impact-structures.com\/images\/7BurgstallFerran_small.jpg\" alt=\"\" width=\"250\" height=\"187\" border=\"0\" \/><span class=\"Apple-style-span\" style=\"font-family: 'Helvetica Neue', Helvetica, Arial, sans-serif;\">\u00a0<\/span><\/span><\/p>\n<p>Caliza brechada presente en Burgstall.<\/p>\n<p>El Galgenberg (\u201ela colina del ahorcado\u201c) es un bloque aloctono elevado de calizas del Malm situado en la parte este de la cuenca<\/p>\n<p><span style=\"font-family: 'Trebuchet MS', Helvetica, Geneva, Swiss, SunSans-Regular;\">\u00a0<\/span><span class=\"Apple-style-span\" style=\"font-family: 'Helvetica Neue', Helvetica, Arial, 'Nimbus Sans L', sans-serif;\"><img loading=\"lazy\" decoding=\"async\" src=\"http:\/\/www.impact-structures.com\/images\/8galgenberg_small.jpg\" alt=\"\" width=\"250\" height=\"187\" border=\"0\" \/><\/span><\/p>\n<p>Parte del megabloque elevado de Galgenberg (\u201ela colina del ahorcado\u201c).<\/p>\n<p><span class=\"Apple-style-span\" style=\"font-family: 'Helvetica Neue', Helvetica, Arial, 'Nimbus Sans L', sans-serif;\"><img loading=\"lazy\" decoding=\"async\" src=\"http:\/\/www.impact-structures.com\/imagekl\/kl0137.jpg\" alt=\"\" width=\"350\" height=\"250\" border=\"0\" \/><span class=\"Apple-style-span\" style=\"font-family: 'Helvetica Neue', Helvetica, Arial, sans-serif;\">\u00a0<\/span><\/span><\/p>\n<p>Fracturas abiertas subparalelas presentes en un n\u00f3dulo de chert; caliza del Malm en el megabloque de Galgenberg. La direcci\u00f3n de las fracturas apunta hacia el centro de la estructura. El di\u00e1metro de la moneda es de 22 mm. Para comparar ver la fracturaci\u00f3n subparalela inducida por choque en los\u00a0<a href=\"http:\/\/www.estructuras-de-impacto.impact-structures.com\/spain\/impact\/structural.htm\">cantos cuarc\u00edticos del Buntsandstein<\/a>\u00a0de la estructura de impacto de Rubielos de la C\u00e9rida (Espa\u00f1a).<\/p>\n<p><span style=\"font-family: 'Trebuchet MS', Helvetica, Geneva, Swiss, SunSans-Regular;\">\u00a0<\/span><span class=\"Apple-style-span\" style=\"font-family: 'Helvetica Neue', Helvetica, Arial, 'Nimbus Sans L', sans-serif;\"><img loading=\"lazy\" decoding=\"async\" src=\"http:\/\/www.impact-structures.com\/images\/10hirschtal_small.jpg\" alt=\"\" width=\"250\" height=\"187\" border=\"0\" \/><\/span><\/p>\n<p>Calizas del Malm intensamente deformadas y fracturadas al NW del borde del cr\u00e1ter, en Hirschtal.<\/p>\n","protected":false},"excerpt":{"rendered":"<p>La cuenca de Steinheim \u2013 de 15 Ma de antig\u00fcedad \u2013 muy probablemente compa\u00f1era de la estructura de impacto de Ries, es una t\u00edpica estructura de impacto compleja con una caracter\u00edstica elevaci\u00f3n central de unos 1000 m de di\u00e1metro que puede observarse al realizar un perfil topogr\u00e1fico, en una imagen de sat\u00e9lite y sobre un &hellip; <a href=\"http:\/\/estructuras-de-impacto.impact-structures.com\/?page_id=147\" class=\"more-link\">Continuar leyendo<span class=\"screen-reader-text\"> \u00abLa estructura de impacto de la cuenca de Steinheim\u00bb<\/span><\/a><\/p>\n","protected":false},"author":1,"featured_media":0,"parent":108,"menu_order":0,"comment_status":"closed","ping_status":"closed","template":"sidebar-page.php","meta":{"footnotes":""},"class_list":["post-147","page","type-page","status-publish","hentry"],"yoast_head":"<!-- This site is optimized with the Yoast SEO plugin v27.3 - https:\/\/yoast.com\/product\/yoast-seo-wordpress\/ -->\n<title>La estructura de impacto de la cuenca de Steinheim  - ERNSTSON CLAUDIN ESTRUCTURAS DE IMPACTO - CR\u00c1TERES METEOR\u00cdTICOS<\/title>\n<meta name=\"robots\" content=\"index, follow, max-snippet:-1, max-image-preview:large, max-video-preview:-1\" \/>\n<link rel=\"canonical\" href=\"https:\/\/estructuras-de-impacto.impact-structures.com\/?page_id=147\" \/>\n<meta property=\"og:locale\" content=\"es_ES\" \/>\n<meta property=\"og:type\" content=\"article\" \/>\n<meta property=\"og:title\" content=\"La estructura de impacto de la cuenca de Steinheim  - ERNSTSON CLAUDIN ESTRUCTURAS DE IMPACTO - CR\u00c1TERES METEOR\u00cdTICOS\" \/>\n<meta property=\"og:description\" content=\"La cuenca de Steinheim \u2013 de 15 Ma de antig\u00fcedad \u2013 muy probablemente compa\u00f1era de la estructura de impacto de Ries, es una t\u00edpica estructura de impacto compleja con una caracter\u00edstica elevaci\u00f3n central de unos 1000 m de di\u00e1metro que puede observarse al realizar un perfil topogr\u00e1fico, en una imagen de sat\u00e9lite y sobre un &hellip; Continuar leyendo &quot;La estructura de impacto de la cuenca de Steinheim&quot;\" \/>\n<meta property=\"og:url\" content=\"https:\/\/estructuras-de-impacto.impact-structures.com\/?page_id=147\" \/>\n<meta property=\"og:site_name\" content=\"ERNSTSON CLAUDIN ESTRUCTURAS DE IMPACTO - CR\u00c1TERES METEOR\u00cdTICOS\" \/>\n<meta property=\"article:modified_time\" content=\"2012-03-08T14:46:03+00:00\" \/>\n<meta property=\"og:image\" content=\"http:\/\/www.impact-structures.com\/images\/1satellitbild_small.jpg\" \/>\n<meta name=\"twitter:card\" content=\"summary_large_image\" \/>\n<meta name=\"twitter:label1\" content=\"Tiempo de lectura\" \/>\n\t<meta name=\"twitter:data1\" content=\"3 minutos\" \/>\n<script type=\"application\/ld+json\" class=\"yoast-schema-graph\">{\"@context\":\"https:\\\/\\\/schema.org\",\"@graph\":[{\"@type\":\"WebPage\",\"@id\":\"https:\\\/\\\/estructuras-de-impacto.impact-structures.com\\\/?page_id=147\",\"url\":\"https:\\\/\\\/estructuras-de-impacto.impact-structures.com\\\/?page_id=147\",\"name\":\"La estructura de impacto de la cuenca de Steinheim - ERNSTSON CLAUDIN ESTRUCTURAS DE IMPACTO - CR\u00c1TERES METEOR\u00cdTICOS\",\"isPartOf\":{\"@id\":\"http:\\\/\\\/estructuras-de-impacto.impact-structures.com\\\/#website\"},\"primaryImageOfPage\":{\"@id\":\"https:\\\/\\\/estructuras-de-impacto.impact-structures.com\\\/?page_id=147#primaryimage\"},\"image\":{\"@id\":\"https:\\\/\\\/estructuras-de-impacto.impact-structures.com\\\/?page_id=147#primaryimage\"},\"thumbnailUrl\":\"http:\\\/\\\/www.impact-structures.com\\\/images\\\/1satellitbild_small.jpg\",\"datePublished\":\"2011-12-02T16:07:05+00:00\",\"dateModified\":\"2012-03-08T14:46:03+00:00\",\"breadcrumb\":{\"@id\":\"https:\\\/\\\/estructuras-de-impacto.impact-structures.com\\\/?page_id=147#breadcrumb\"},\"inLanguage\":\"es\",\"potentialAction\":[{\"@type\":\"ReadAction\",\"target\":[\"https:\\\/\\\/estructuras-de-impacto.impact-structures.com\\\/?page_id=147\"]}]},{\"@type\":\"ImageObject\",\"inLanguage\":\"es\",\"@id\":\"https:\\\/\\\/estructuras-de-impacto.impact-structures.com\\\/?page_id=147#primaryimage\",\"url\":\"http:\\\/\\\/www.impact-structures.com\\\/images\\\/1satellitbild_small.jpg\",\"contentUrl\":\"http:\\\/\\\/www.impact-structures.com\\\/images\\\/1satellitbild_small.jpg\"},{\"@type\":\"BreadcrumbList\",\"@id\":\"https:\\\/\\\/estructuras-de-impacto.impact-structures.com\\\/?page_id=147#breadcrumb\",\"itemListElement\":[{\"@type\":\"ListItem\",\"position\":1,\"name\":\"Portada\",\"item\":\"http:\\\/\\\/estructuras-de-impacto.impact-structures.com\\\/\"},{\"@type\":\"ListItem\",\"position\":2,\"name\":\"Las estructuras de impacto en Alemania\",\"item\":\"http:\\\/\\\/estructuras-de-impacto.impact-structures.com\\\/?page_id=108\"},{\"@type\":\"ListItem\",\"position\":3,\"name\":\"La estructura de impacto de la cuenca de Steinheim\"}]},{\"@type\":\"WebSite\",\"@id\":\"http:\\\/\\\/estructuras-de-impacto.impact-structures.com\\\/#website\",\"url\":\"http:\\\/\\\/estructuras-de-impacto.impact-structures.com\\\/\",\"name\":\"ERNSTSON CLAUDIN ESTRUCTURAS DE IMPACTO - CR\u00c1TERES METEOR\u00cdTICOS\",\"description\":\"Investigaci\u00f3n sobre la geolog\u00eda, geof\u00edsica, y petrolog\u00eda\",\"potentialAction\":[{\"@type\":\"SearchAction\",\"target\":{\"@type\":\"EntryPoint\",\"urlTemplate\":\"http:\\\/\\\/estructuras-de-impacto.impact-structures.com\\\/?s={search_term_string}\"},\"query-input\":{\"@type\":\"PropertyValueSpecification\",\"valueRequired\":true,\"valueName\":\"search_term_string\"}}],\"inLanguage\":\"es\"}]}<\/script>\n<!-- \/ Yoast SEO plugin. -->","yoast_head_json":{"title":"La estructura de impacto de la cuenca de Steinheim  - ERNSTSON CLAUDIN ESTRUCTURAS DE IMPACTO - CR\u00c1TERES METEOR\u00cdTICOS","robots":{"index":"index","follow":"follow","max-snippet":"max-snippet:-1","max-image-preview":"max-image-preview:large","max-video-preview":"max-video-preview:-1"},"canonical":"https:\/\/estructuras-de-impacto.impact-structures.com\/?page_id=147","og_locale":"es_ES","og_type":"article","og_title":"La estructura de impacto de la cuenca de Steinheim  - ERNSTSON CLAUDIN ESTRUCTURAS DE IMPACTO - CR\u00c1TERES METEOR\u00cdTICOS","og_description":"La cuenca de Steinheim \u2013 de 15 Ma de antig\u00fcedad \u2013 muy probablemente compa\u00f1era de la estructura de impacto de Ries, es una t\u00edpica estructura de impacto compleja con una caracter\u00edstica elevaci\u00f3n central de unos 1000 m de di\u00e1metro que puede observarse al realizar un perfil topogr\u00e1fico, en una imagen de sat\u00e9lite y sobre un &hellip; Continuar leyendo \"La estructura de impacto de la cuenca de Steinheim\"","og_url":"https:\/\/estructuras-de-impacto.impact-structures.com\/?page_id=147","og_site_name":"ERNSTSON CLAUDIN ESTRUCTURAS DE IMPACTO - CR\u00c1TERES METEOR\u00cdTICOS","article_modified_time":"2012-03-08T14:46:03+00:00","og_image":[{"url":"http:\/\/www.impact-structures.com\/images\/1satellitbild_small.jpg","type":"","width":"","height":""}],"twitter_card":"summary_large_image","twitter_misc":{"Tiempo de lectura":"3 minutos"},"schema":{"@context":"https:\/\/schema.org","@graph":[{"@type":"WebPage","@id":"https:\/\/estructuras-de-impacto.impact-structures.com\/?page_id=147","url":"https:\/\/estructuras-de-impacto.impact-structures.com\/?page_id=147","name":"La estructura de impacto de la cuenca de Steinheim - ERNSTSON CLAUDIN ESTRUCTURAS DE IMPACTO - CR\u00c1TERES METEOR\u00cdTICOS","isPartOf":{"@id":"http:\/\/estructuras-de-impacto.impact-structures.com\/#website"},"primaryImageOfPage":{"@id":"https:\/\/estructuras-de-impacto.impact-structures.com\/?page_id=147#primaryimage"},"image":{"@id":"https:\/\/estructuras-de-impacto.impact-structures.com\/?page_id=147#primaryimage"},"thumbnailUrl":"http:\/\/www.impact-structures.com\/images\/1satellitbild_small.jpg","datePublished":"2011-12-02T16:07:05+00:00","dateModified":"2012-03-08T14:46:03+00:00","breadcrumb":{"@id":"https:\/\/estructuras-de-impacto.impact-structures.com\/?page_id=147#breadcrumb"},"inLanguage":"es","potentialAction":[{"@type":"ReadAction","target":["https:\/\/estructuras-de-impacto.impact-structures.com\/?page_id=147"]}]},{"@type":"ImageObject","inLanguage":"es","@id":"https:\/\/estructuras-de-impacto.impact-structures.com\/?page_id=147#primaryimage","url":"http:\/\/www.impact-structures.com\/images\/1satellitbild_small.jpg","contentUrl":"http:\/\/www.impact-structures.com\/images\/1satellitbild_small.jpg"},{"@type":"BreadcrumbList","@id":"https:\/\/estructuras-de-impacto.impact-structures.com\/?page_id=147#breadcrumb","itemListElement":[{"@type":"ListItem","position":1,"name":"Portada","item":"http:\/\/estructuras-de-impacto.impact-structures.com\/"},{"@type":"ListItem","position":2,"name":"Las estructuras de impacto en Alemania","item":"http:\/\/estructuras-de-impacto.impact-structures.com\/?page_id=108"},{"@type":"ListItem","position":3,"name":"La estructura de impacto de la cuenca de Steinheim"}]},{"@type":"WebSite","@id":"http:\/\/estructuras-de-impacto.impact-structures.com\/#website","url":"http:\/\/estructuras-de-impacto.impact-structures.com\/","name":"ERNSTSON CLAUDIN ESTRUCTURAS DE IMPACTO - CR\u00c1TERES METEOR\u00cdTICOS","description":"Investigaci\u00f3n sobre la geolog\u00eda, geof\u00edsica, y petrolog\u00eda","potentialAction":[{"@type":"SearchAction","target":{"@type":"EntryPoint","urlTemplate":"http:\/\/estructuras-de-impacto.impact-structures.com\/?s={search_term_string}"},"query-input":{"@type":"PropertyValueSpecification","valueRequired":true,"valueName":"search_term_string"}}],"inLanguage":"es"}]}},"_links":{"self":[{"href":"http:\/\/estructuras-de-impacto.impact-structures.com\/index.php?rest_route=\/wp\/v2\/pages\/147","targetHints":{"allow":["GET"]}}],"collection":[{"href":"http:\/\/estructuras-de-impacto.impact-structures.com\/index.php?rest_route=\/wp\/v2\/pages"}],"about":[{"href":"http:\/\/estructuras-de-impacto.impact-structures.com\/index.php?rest_route=\/wp\/v2\/types\/page"}],"author":[{"embeddable":true,"href":"http:\/\/estructuras-de-impacto.impact-structures.com\/index.php?rest_route=\/wp\/v2\/users\/1"}],"replies":[{"embeddable":true,"href":"http:\/\/estructuras-de-impacto.impact-structures.com\/index.php?rest_route=%2Fwp%2Fv2%2Fcomments&post=147"}],"version-history":[{"count":0,"href":"http:\/\/estructuras-de-impacto.impact-structures.com\/index.php?rest_route=\/wp\/v2\/pages\/147\/revisions"}],"up":[{"embeddable":true,"href":"http:\/\/estructuras-de-impacto.impact-structures.com\/index.php?rest_route=\/wp\/v2\/pages\/108"}],"wp:attachment":[{"href":"http:\/\/estructuras-de-impacto.impact-structures.com\/index.php?rest_route=%2Fwp%2Fv2%2Fmedia&parent=147"}],"curies":[{"name":"wp","href":"https:\/\/api.w.org\/{rel}","templated":true}]}}