{"id":1440,"date":"2011-12-04T17:42:49","date_gmt":"2011-12-04T17:42:49","guid":{"rendered":"http:\/\/cms.impact-structures.com\/?page_id=440"},"modified":"2012-07-26T17:56:28","modified_gmt":"2012-07-26T17:56:28","slug":"azuara-rubielos-de-la-cerida-impact-versus-endogenetic-formation","status":"publish","type":"page","link":"http:\/\/estructuras-de-impacto.impact-structures.com\/?page_id=1440","title":{"rendered":"Impacto frente a una g\u00e9nesis end\u00f3gena"},"content":{"rendered":"<p>La controversia sobre las estructuras de Azuara y Rubielos de la C\u00e9rida esta principalmente ligada con el debate sobre la incompatibilidad de los rasgos geol\u00f3gicos regionales con un evento de impacto. Despu\u00e9s de 50 a\u00f1os de esta est\u00e9ril discusi\u00f3n, ge\u00f3logos de la universidad de Zragoza, del centro de astrobiolog\u00eda de Madrid y del servicio geol\u00f3gico de Espa\u00f1a contin\u00faan con esta hist\u00f3ria interminable, En lo sucesivo, los puntos m\u00e1s importantes de la discusi\u00f3n ser\u00e1n brevemente tratados.<\/p>\n<p><span class=\"Apple-style-span\" style=\"font-size: 10px; letter-spacing: 1px; line-height: 26px; text-transform: uppercase;\"><strong>La megabrecha polim\u00edctica presente en las capas de Carniolas (Rhetiense-Li\u00e1sico) y Li\u00e1sico<\/strong><\/span><\/p>\n<h3><span class=\"Apple-style-span\" style=\"font-size: 15px; letter-spacing: normal; line-height: 24px; text-transform: none;\"><img loading=\"lazy\" decoding=\"async\" title=\"Azuara estructura de impacto megabrecha Almonacid de la Cuba\" src=\"http:\/\/www.impact-structures.com\/spain\/controversy\/impactvsendo\/image001.jpg\" alt=\"Image001\" width=\"389\" height=\"480\" \/><\/span><\/h3>\n<h3><span class=\"Apple-style-span\" style=\"font-size: 15px; letter-spacing: normal; line-height: 24px; text-transform: none; color: #000000;\"><strong>Fig. 1. Megabrecha cerca de Almonacid de la Cuba &#8211; interpretada bajo el prisma de la geolog\u00eda regional como una brechiaci\u00f3n por disoluci\u00f3n-colapso en las Carniolas (Fm. Cortes de Taju\u00f1a).<\/strong><\/span><\/h3>\n<p>&nbsp;<\/p>\n<h3><strong>Los diques de brecha por impacto y los diques de brechas y otras brechas de impacto<\/strong><\/h3>\n<p><img loading=\"lazy\" decoding=\"async\" title=\"Azuara estructura de impacto diques de brecha de impacto limolitas de C\u00e1mbrico\" src=\"http:\/\/www.impact-structures.com\/spain\/controversy\/impactvsendo\/image003.jpg\" alt=\"Image003\" width=\"480\" height=\"360\" \/><\/p>\n<p><strong>Fig. 2. Diques de brechas en limolitas del C\u00e1mbrico (cerca de Olalla)\u00a0&#8230;<\/strong><\/p>\n<p><img loading=\"lazy\" decoding=\"async\" title=\"Azuara estructura de impacto diques de brecha de impacto Fuendetodos\" src=\"http:\/\/www.impact-structures.com\/spain\/controversy\/impactvsendo\/image005.jpg\" alt=\"Image005\" width=\"360\" height=\"480\" \/><\/p>\n<p><strong>Fig. 3. &#8230;&#8230; y en calizas del Jur\u00e1sico (cerca de Fuendetodos)<\/strong>\u00a0&#8211;<span style=\"color: #000000;\"><strong>\u00a0interpretadas bajo el prisma de la geolog\u00eda regional como rasgos producidos por procesos c\u00e1rsticos y de formaci\u00f3n de suelos (caliches y calcretas).<\/strong><\/span><\/p>\n<p>&nbsp;<\/p>\n<h3><strong>La megabrecha sobre el suelo del cr\u00e1ter de la estructura de impacto de Rubielos de la C\u00e9rida<\/strong><\/h3>\n<p><img loading=\"lazy\" decoding=\"async\" title=\"Rubielos de la C\u00e9rida estructura de impacto megabrecha Barrachina 3 unidades\" src=\"http:\/\/www.impact-structures.com\/spain\/controversy\/impactvsendo\/image007.jpg\" alt=\"Image007\" width=\"480\" height=\"324\" \/><\/p>\n<p><strong>Fig. 4. Megabrecha cerca de Barrachina &#8211;<span style=\"color: #000000;\"> interpretada bajo el prisma de la geolog\u00eda regional como originada por disoluci\u00f3n en las capas de yeso.<\/span><\/strong><\/p>\n<p>&nbsp;<\/p>\n<h3><strong>El fundido de impacto presente en la estructura de impacto de Rubielos de la C\u00e9rida, compuesto por casi un 100% de vidrio silicatado.<\/strong><\/h3>\n<p><img loading=\"lazy\" decoding=\"async\" title=\"Rubielos de la C\u00e9rida estructura de impacto vidrio silicatado megabrecha Barrachina\" src=\"http:\/\/www.impact-structures.com\/spain\/controversy\/impactvsendo\/image009.jpg\" alt=\"Image009\" width=\"480\" height=\"329\" \/><\/p>\n<p><strong>Fig. 5. Vidrio silicatado procedente de fundido de impacto (la anchura del campo es de 15 mm) conteniendo minerales fuertemente chocados como &#8230;<\/strong><\/p>\n<p><img loading=\"lazy\" decoding=\"async\" title=\"Rubielos de la C\u00e9rida estructura de impacto feldespato diapl\u00e9ctico megabrecha Barrachina\" src=\"http:\/\/www.impact-structures.com\/spain\/controversy\/impactvsendo\/image011.jpg\" alt=\"Image011\" width=\"480\" height=\"360\" \/><\/p>\n<p><strong>Fig. 6. \u2026 feldespato diapl\u00e9ctico (grano elongado en el centro). Microfotograf\u00eda, izquierda a n\u00edcoles cruzados\u00a0 &#8211;<span style=\"color: #000000;\">\u00a0interpretado bajo el prisma de la geolog\u00eda regional como una ceniza volc\u00e1nica.<\/span><\/strong><\/p>\n<p>&nbsp;<\/p>\n<h3><strong>Suevitic basal breccia<\/strong><\/h3>\n<p><img loading=\"lazy\" decoding=\"async\" title=\"Azuara estructura de impacto brecha polim\u00edctica basal suevita Cucal\u00f3n\" src=\"http:\/\/www.impact-structures.com\/spain\/controversy\/impactvsendo\/image013.jpg\" alt=\"Image013\" width=\"294\" height=\"480\" \/><\/p>\n<p><strong>Fig. 7.\u00a0<\/strong><strong>Brecha polim\u00edctica basal (procedente de las cercan\u00edas de Cucal\u00f3n) \u2013 interpretada en el marco de la geolog\u00eda regional como una caliza lacustre.<\/strong><\/p>\n<p>&nbsp;<\/p>\n<h3><strong>Pelarda Fm. impact ejecta and the ejecta at the Puerto M\u00ednguez<\/strong><\/h3>\n<p><img loading=\"lazy\" decoding=\"async\" title=\"Azuara estructura de impacto Formaci\u00f3n Pelarda eyecta de impacto bloque de Buntsandstein\" src=\"http:\/\/www.impact-structures.com\/spain\/controversy\/impactvsendo\/image015.jpg\" alt=\"Image015\" width=\"480\" height=\"319\" \/><\/p>\n<p><strong>Fig. 8. Eyecta de impacto (Fm. Pelarda) con un megabloque de Buntsandstein, &#8230;.<\/strong><\/p>\n<p><img loading=\"lazy\" decoding=\"async\" title=\"Rubielos de la C\u00e9rida estructura de impacto Puerto M\u00ednguez eyecta\" src=\"http:\/\/www.impact-structures.com\/spain\/controversy\/impactvsendo\/image017.jpg\" alt=\"Image017\" width=\"480\" height=\"320\" \/><\/p>\n<p><strong>Fig. 9. \u2026 e<\/strong><strong>yecta de impacto en la zona de Puerto Minguez; clastos de calizas del Mesozoico inmersos en una matriz de materiales del Terciario y del Paleozoico \u2026<\/strong><\/p>\n<p><img loading=\"lazy\" decoding=\"async\" title=\"Rubielos de la C\u00e9rida estructura de impacto Puerto M\u00ednguez eyecta fracturas rotacionales\" src=\"http:\/\/www.impact-structures.com\/spain\/controversy\/impactvsendo\/image019.jpg\" alt=\"Image019\" width=\"480\" height=\"360\" \/><\/p>\n<p><strong>Fig. 10. &#8230;\u00a0 <strong>fracturas rotacionales en un clasto de cuarcita procedente del eyecta de la Fm. Pelarda, y\u2026<\/strong><\/strong><\/p>\n<p><img loading=\"lazy\" decoding=\"async\" title=\"Rubielos de la C\u00e9rida estructura de impacto Puerto M\u00ednguez eyecta deformaci\u00f3n pl\u00e1stica\" src=\"http:\/\/www.impact-structures.com\/spain\/controversy\/impactvsendo\/image021.jpg\" alt=\"Image021\" width=\"480\" height=\"360\" \/><\/p>\n<p><strong>Fig. 11. &#8230;\u00a0<\/strong><strong>intensa deformaci\u00f3n pl\u00e1stica en\u00a0 un clasto de caliza procedente del eyecta de impacto de Puerto Minguez \u2013 interpretados en el marco de la geolog\u00eda regional como \u2013 alternativamente \u2013 conglomerados fluviales, abanicos aluviales relacionados con la sedimentaci\u00f3n sintect\u00f3nica, o ra\u00f1as del cuaternario.<\/strong><\/p>\n<p>&nbsp;<\/p>\n<h3><strong>Shock-metamorphic effects (e.g., PDFs, diaplectic and melt glass) in rocks from the Azuara and Rubielos de la C\u00e9rida structures<\/strong><\/h3>\n<p><img loading=\"lazy\" decoding=\"async\" title=\"Azuara estructura de impacto vidrio diapl\u00e9ctico cuarzo\" src=\"http:\/\/www.impact-structures.com\/spain\/controversy\/impactvsendo\/image023.jpg\" alt=\"Image023\" width=\"480\" height=\"305\" \/><\/p>\n<p><strong>Fig. 12. Clasto de arenisca formado por granos de cuarzo isotr\u00f3picos (vidrio diapl\u00e9ctico); microfotograf\u00eda obtenida a luz paralela (izda) y a n\u00edcoles cruzados (dcha); la anchura de campo es de 600 \u00b5m, y \u2026\u2026<\/strong><\/p>\n<p><img loading=\"lazy\" decoding=\"async\" title=\"Azuara Rubielos de la C\u00e9rida estructuras de impacto deformaciones planares PDFs\" src=\"http:\/\/www.impact-structures.com\/spain\/controversy\/impactvsendo\/image025.jpg\" alt=\"Image025\" width=\"480\" height=\"413\" \/><\/p>\n<p><strong>Fig. 13. \u2026t<\/strong><strong>res conjuntos de PDFs y agujeros isotr\u00f3picos en un cuarzo diapl\u00e9ctico; microfotograf\u00eda realizada a nicoles cruzados; la anchura de campo es de 400 \u00b5m. \u2013 interpretados en el marco de la geolog\u00eda regional como debidos a la acci\u00f3n de la tect\u00f3nica herc\u00ednica y alpina.<\/strong><\/p>\n<p>&nbsp;<\/p>\n<h3><strong>Shock deformation of quartzite cobbles in the basal Buntsandstein conglomerates<\/strong><\/h3>\n<p><img loading=\"lazy\" decoding=\"async\" title=\"Azuara Rubielos de la C\u00e9rida estructuras de impacto fracturas tensiles conglomerados del Buntsandstein\" src=\"http:\/\/www.impact-structures.com\/spain\/controversy\/impactvsendo\/image027.jpg\" alt=\"Image027\" width=\"480\" height=\"320\" \/><\/p>\n<p><strong>Fig. 14.\u00a0<\/strong><strong>Fracturas tensiles subparalelas, abiertas y marcas de colisi\u00f3n en cantos de conglomerados del Buntsandstein y \u2026\u2026.<\/strong><\/p>\n<p><img loading=\"lazy\" decoding=\"async\" title=\"Azuara Rubielos de la C\u00e9rida estructuras de impacto cr\u00e1teres de espalaci\u00f3n cuarcita conglomerado del Buntsandstein\" src=\"http:\/\/www.impact-structures.com\/spain\/controversy\/impactvsendo\/image029.jpg\" alt=\"Image029\" width=\"480\" height=\"139\" \/><\/p>\n<p><strong>Fig. 15. &#8230;\u00a0 <strong>cr\u00e1teres de espalaci\u00f3n en un canto de cuarcita procedente de un conglomerado del Buntsandstein \u2013 interpretados en el marco de la geolog\u00eda regional como resultado de la deformaci\u00f3n tect\u00f3nica y de la presi\u00f3n-disoluci\u00f3n.<\/strong><\/strong><\/p>\n<p>&nbsp;<\/p>\n<h3><strong>The probably more than several 100 m thick Upper Tertiary, post-impact sediments in the center of the Azuara structure<\/strong><\/h3>\n<p><img loading=\"lazy\" decoding=\"async\" title=\"el Dev\u00f3nico en el centro de la estructura de impacto de Azuara \u2026 seg\u00fan Jan Smit sediment\u00f3logo de Amsterdam\" src=\"http:\/\/www.impact-structures.com\/spain\/controversy\/impactvsendo\/image031.jpg\" alt=\"Image031\" width=\"480\" height=\"360\" \/><\/p>\n<p><strong>Fig. 16.\u00a0<\/strong><strong>En el centro de la estructura de impacto de Azuara. Al fondo la parte norte del anticlinal anular \u2013 interpretado en el marco de la geolog\u00eda regional como materiales dev\u00f3nicos (\u00a1) obviamente poco afectados por un impacto (comentario escrito por Jan Smit, sediment\u00f3logo de Amsterdam).<\/strong><\/p>\n","protected":false},"excerpt":{"rendered":"<p>La controversia sobre las estructuras de Azuara y Rubielos de la C\u00e9rida esta principalmente ligada con el debate sobre la incompatibilidad de los rasgos geol\u00f3gicos regionales con un evento de impacto. Despu\u00e9s de 50 a\u00f1os de esta est\u00e9ril discusi\u00f3n, ge\u00f3logos de la universidad de Zragoza, del centro de astrobiolog\u00eda de Madrid y del servicio geol\u00f3gico &hellip; <a href=\"http:\/\/estructuras-de-impacto.impact-structures.com\/?page_id=1440\" class=\"more-link\">Continuar leyendo<span class=\"screen-reader-text\"> \u00abImpacto frente a una g\u00e9nesis end\u00f3gena\u00bb<\/span><\/a><\/p>\n","protected":false},"author":1,"featured_media":0,"parent":28,"menu_order":0,"comment_status":"closed","ping_status":"closed","template":"sidebar-page.php","meta":{"footnotes":""},"class_list":["post-1440","page","type-page","status-publish","hentry"],"yoast_head":"<!-- This site is optimized with the Yoast SEO plugin v27.3 - https:\/\/yoast.com\/product\/yoast-seo-wordpress\/ -->\n<title>Impacto frente a una g\u00e9nesis end\u00f3gena - ERNSTSON CLAUDIN ESTRUCTURAS DE IMPACTO - CR\u00c1TERES METEOR\u00cdTICOS<\/title>\n<meta name=\"robots\" content=\"index, follow, max-snippet:-1, max-image-preview:large, max-video-preview:-1\" \/>\n<link rel=\"canonical\" href=\"https:\/\/estructuras-de-impacto.impact-structures.com\/?page_id=1440\" \/>\n<meta property=\"og:locale\" content=\"es_ES\" \/>\n<meta property=\"og:type\" content=\"article\" \/>\n<meta property=\"og:title\" content=\"Impacto frente a una g\u00e9nesis end\u00f3gena - ERNSTSON CLAUDIN ESTRUCTURAS DE IMPACTO - CR\u00c1TERES METEOR\u00cdTICOS\" \/>\n<meta property=\"og:description\" content=\"La controversia sobre las estructuras de Azuara y Rubielos de la C\u00e9rida esta principalmente ligada con el debate sobre la incompatibilidad de los rasgos geol\u00f3gicos regionales con un evento de impacto. Despu\u00e9s de 50 a\u00f1os de esta est\u00e9ril discusi\u00f3n, ge\u00f3logos de la universidad de Zragoza, del centro de astrobiolog\u00eda de Madrid y del servicio geol\u00f3gico &hellip; Continuar leyendo &quot;Impacto frente a una g\u00e9nesis end\u00f3gena&quot;\" \/>\n<meta property=\"og:url\" content=\"https:\/\/estructuras-de-impacto.impact-structures.com\/?page_id=1440\" \/>\n<meta property=\"og:site_name\" content=\"ERNSTSON CLAUDIN ESTRUCTURAS DE IMPACTO - CR\u00c1TERES METEOR\u00cdTICOS\" \/>\n<meta property=\"article:modified_time\" content=\"2012-07-26T17:56:28+00:00\" \/>\n<meta property=\"og:image\" content=\"http:\/\/www.impact-structures.com\/spain\/controversy\/impactvsendo\/image001.jpg\" \/>\n<meta name=\"twitter:card\" content=\"summary_large_image\" \/>\n<meta name=\"twitter:label1\" content=\"Tiempo de lectura\" \/>\n\t<meta name=\"twitter:data1\" content=\"4 minutos\" \/>\n<script type=\"application\/ld+json\" class=\"yoast-schema-graph\">{\"@context\":\"https:\\\/\\\/schema.org\",\"@graph\":[{\"@type\":\"WebPage\",\"@id\":\"https:\\\/\\\/estructuras-de-impacto.impact-structures.com\\\/?page_id=1440\",\"url\":\"https:\\\/\\\/estructuras-de-impacto.impact-structures.com\\\/?page_id=1440\",\"name\":\"Impacto frente a una g\u00e9nesis end\u00f3gena - ERNSTSON CLAUDIN ESTRUCTURAS DE IMPACTO - CR\u00c1TERES METEOR\u00cdTICOS\",\"isPartOf\":{\"@id\":\"http:\\\/\\\/estructuras-de-impacto.impact-structures.com\\\/#website\"},\"primaryImageOfPage\":{\"@id\":\"https:\\\/\\\/estructuras-de-impacto.impact-structures.com\\\/?page_id=1440#primaryimage\"},\"image\":{\"@id\":\"https:\\\/\\\/estructuras-de-impacto.impact-structures.com\\\/?page_id=1440#primaryimage\"},\"thumbnailUrl\":\"http:\\\/\\\/www.impact-structures.com\\\/spain\\\/controversy\\\/impactvsendo\\\/image001.jpg\",\"datePublished\":\"2011-12-04T17:42:49+00:00\",\"dateModified\":\"2012-07-26T17:56:28+00:00\",\"breadcrumb\":{\"@id\":\"https:\\\/\\\/estructuras-de-impacto.impact-structures.com\\\/?page_id=1440#breadcrumb\"},\"inLanguage\":\"es\",\"potentialAction\":[{\"@type\":\"ReadAction\",\"target\":[\"https:\\\/\\\/estructuras-de-impacto.impact-structures.com\\\/?page_id=1440\"]}]},{\"@type\":\"ImageObject\",\"inLanguage\":\"es\",\"@id\":\"https:\\\/\\\/estructuras-de-impacto.impact-structures.com\\\/?page_id=1440#primaryimage\",\"url\":\"http:\\\/\\\/www.impact-structures.com\\\/spain\\\/controversy\\\/impactvsendo\\\/image001.jpg\",\"contentUrl\":\"http:\\\/\\\/www.impact-structures.com\\\/spain\\\/controversy\\\/impactvsendo\\\/image001.jpg\"},{\"@type\":\"BreadcrumbList\",\"@id\":\"https:\\\/\\\/estructuras-de-impacto.impact-structures.com\\\/?page_id=1440#breadcrumb\",\"itemListElement\":[{\"@type\":\"ListItem\",\"position\":1,\"name\":\"Portada\",\"item\":\"http:\\\/\\\/estructuras-de-impacto.impact-structures.com\\\/\"},{\"@type\":\"ListItem\",\"position\":2,\"name\":\"La controversia\",\"item\":\"http:\\\/\\\/estructuras-de-impacto.impact-structures.com\\\/?page_id=28\"},{\"@type\":\"ListItem\",\"position\":3,\"name\":\"Impacto frente a una g\u00e9nesis end\u00f3gena\"}]},{\"@type\":\"WebSite\",\"@id\":\"http:\\\/\\\/estructuras-de-impacto.impact-structures.com\\\/#website\",\"url\":\"http:\\\/\\\/estructuras-de-impacto.impact-structures.com\\\/\",\"name\":\"ERNSTSON CLAUDIN ESTRUCTURAS DE IMPACTO - CR\u00c1TERES METEOR\u00cdTICOS\",\"description\":\"Investigaci\u00f3n sobre la geolog\u00eda, geof\u00edsica, y petrolog\u00eda\",\"potentialAction\":[{\"@type\":\"SearchAction\",\"target\":{\"@type\":\"EntryPoint\",\"urlTemplate\":\"http:\\\/\\\/estructuras-de-impacto.impact-structures.com\\\/?s={search_term_string}\"},\"query-input\":{\"@type\":\"PropertyValueSpecification\",\"valueRequired\":true,\"valueName\":\"search_term_string\"}}],\"inLanguage\":\"es\"}]}<\/script>\n<!-- \/ Yoast SEO plugin. -->","yoast_head_json":{"title":"Impacto frente a una g\u00e9nesis end\u00f3gena - ERNSTSON CLAUDIN ESTRUCTURAS DE IMPACTO - CR\u00c1TERES METEOR\u00cdTICOS","robots":{"index":"index","follow":"follow","max-snippet":"max-snippet:-1","max-image-preview":"max-image-preview:large","max-video-preview":"max-video-preview:-1"},"canonical":"https:\/\/estructuras-de-impacto.impact-structures.com\/?page_id=1440","og_locale":"es_ES","og_type":"article","og_title":"Impacto frente a una g\u00e9nesis end\u00f3gena - ERNSTSON CLAUDIN ESTRUCTURAS DE IMPACTO - CR\u00c1TERES METEOR\u00cdTICOS","og_description":"La controversia sobre las estructuras de Azuara y Rubielos de la C\u00e9rida esta principalmente ligada con el debate sobre la incompatibilidad de los rasgos geol\u00f3gicos regionales con un evento de impacto. Despu\u00e9s de 50 a\u00f1os de esta est\u00e9ril discusi\u00f3n, ge\u00f3logos de la universidad de Zragoza, del centro de astrobiolog\u00eda de Madrid y del servicio geol\u00f3gico &hellip; Continuar leyendo \"Impacto frente a una g\u00e9nesis end\u00f3gena\"","og_url":"https:\/\/estructuras-de-impacto.impact-structures.com\/?page_id=1440","og_site_name":"ERNSTSON CLAUDIN ESTRUCTURAS DE IMPACTO - CR\u00c1TERES METEOR\u00cdTICOS","article_modified_time":"2012-07-26T17:56:28+00:00","og_image":[{"url":"http:\/\/www.impact-structures.com\/spain\/controversy\/impactvsendo\/image001.jpg","type":"","width":"","height":""}],"twitter_card":"summary_large_image","twitter_misc":{"Tiempo de lectura":"4 minutos"},"schema":{"@context":"https:\/\/schema.org","@graph":[{"@type":"WebPage","@id":"https:\/\/estructuras-de-impacto.impact-structures.com\/?page_id=1440","url":"https:\/\/estructuras-de-impacto.impact-structures.com\/?page_id=1440","name":"Impacto frente a una g\u00e9nesis end\u00f3gena - ERNSTSON CLAUDIN ESTRUCTURAS DE IMPACTO - CR\u00c1TERES METEOR\u00cdTICOS","isPartOf":{"@id":"http:\/\/estructuras-de-impacto.impact-structures.com\/#website"},"primaryImageOfPage":{"@id":"https:\/\/estructuras-de-impacto.impact-structures.com\/?page_id=1440#primaryimage"},"image":{"@id":"https:\/\/estructuras-de-impacto.impact-structures.com\/?page_id=1440#primaryimage"},"thumbnailUrl":"http:\/\/www.impact-structures.com\/spain\/controversy\/impactvsendo\/image001.jpg","datePublished":"2011-12-04T17:42:49+00:00","dateModified":"2012-07-26T17:56:28+00:00","breadcrumb":{"@id":"https:\/\/estructuras-de-impacto.impact-structures.com\/?page_id=1440#breadcrumb"},"inLanguage":"es","potentialAction":[{"@type":"ReadAction","target":["https:\/\/estructuras-de-impacto.impact-structures.com\/?page_id=1440"]}]},{"@type":"ImageObject","inLanguage":"es","@id":"https:\/\/estructuras-de-impacto.impact-structures.com\/?page_id=1440#primaryimage","url":"http:\/\/www.impact-structures.com\/spain\/controversy\/impactvsendo\/image001.jpg","contentUrl":"http:\/\/www.impact-structures.com\/spain\/controversy\/impactvsendo\/image001.jpg"},{"@type":"BreadcrumbList","@id":"https:\/\/estructuras-de-impacto.impact-structures.com\/?page_id=1440#breadcrumb","itemListElement":[{"@type":"ListItem","position":1,"name":"Portada","item":"http:\/\/estructuras-de-impacto.impact-structures.com\/"},{"@type":"ListItem","position":2,"name":"La controversia","item":"http:\/\/estructuras-de-impacto.impact-structures.com\/?page_id=28"},{"@type":"ListItem","position":3,"name":"Impacto frente a una g\u00e9nesis end\u00f3gena"}]},{"@type":"WebSite","@id":"http:\/\/estructuras-de-impacto.impact-structures.com\/#website","url":"http:\/\/estructuras-de-impacto.impact-structures.com\/","name":"ERNSTSON CLAUDIN ESTRUCTURAS DE IMPACTO - CR\u00c1TERES METEOR\u00cdTICOS","description":"Investigaci\u00f3n sobre la geolog\u00eda, geof\u00edsica, y petrolog\u00eda","potentialAction":[{"@type":"SearchAction","target":{"@type":"EntryPoint","urlTemplate":"http:\/\/estructuras-de-impacto.impact-structures.com\/?s={search_term_string}"},"query-input":{"@type":"PropertyValueSpecification","valueRequired":true,"valueName":"search_term_string"}}],"inLanguage":"es"}]}},"_links":{"self":[{"href":"http:\/\/estructuras-de-impacto.impact-structures.com\/index.php?rest_route=\/wp\/v2\/pages\/1440","targetHints":{"allow":["GET"]}}],"collection":[{"href":"http:\/\/estructuras-de-impacto.impact-structures.com\/index.php?rest_route=\/wp\/v2\/pages"}],"about":[{"href":"http:\/\/estructuras-de-impacto.impact-structures.com\/index.php?rest_route=\/wp\/v2\/types\/page"}],"author":[{"embeddable":true,"href":"http:\/\/estructuras-de-impacto.impact-structures.com\/index.php?rest_route=\/wp\/v2\/users\/1"}],"replies":[{"embeddable":true,"href":"http:\/\/estructuras-de-impacto.impact-structures.com\/index.php?rest_route=%2Fwp%2Fv2%2Fcomments&post=1440"}],"version-history":[{"count":0,"href":"http:\/\/estructuras-de-impacto.impact-structures.com\/index.php?rest_route=\/wp\/v2\/pages\/1440\/revisions"}],"up":[{"embeddable":true,"href":"http:\/\/estructuras-de-impacto.impact-structures.com\/index.php?rest_route=\/wp\/v2\/pages\/28"}],"wp:attachment":[{"href":"http:\/\/estructuras-de-impacto.impact-structures.com\/index.php?rest_route=%2Fwp%2Fv2%2Fmedia&parent=1440"}],"curies":[{"name":"wp","href":"https:\/\/api.w.org\/{rel}","templated":true}]}}