{"id":1439,"date":"2011-12-03T14:27:57","date_gmt":"2011-12-03T14:27:57","guid":{"rendered":"http:\/\/cms.impact-structures.com\/?page_id=367"},"modified":"2012-05-18T09:19:39","modified_gmt":"2012-05-18T09:19:39","slug":"selection-of-other-publications-of-interest","status":"publish","type":"page","link":"http:\/\/estructuras-de-impacto.impact-structures.com\/?page_id=1439","title":{"rendered":"Selecci\u00f3n de otras publicaciones de inter\u00e9s"},"content":{"rendered":"<p>Ernstson, K.,\u00a0Mayer W.,\u00a0Neumair, A., and\u00a0Sudhaus, D. (2011):\u00a0The sinkhole enigma in the alpine foreland, Southeast Germany: Evidence of impact-induced rock liquefaction processes. \u2013 <a href=\"http:\/\/www.springerlink.com\/content\/1166143hjp83647w\/\" target=\"_blank\">http:\/\/www.springerlink.com\/content\/1166143hjp83647w\/<\/a><\/p>\n<p>*****************************************************************<\/p>\n<p>Ernstson, K., Claudin, F., Sch\u00fcssler, U. &amp; Hradil, K. (2002): The mid-Tertiary Azuara and Rubielos de la C\u00e9rida paired impact structures (Spain). &#8211; Treb. Mus. Geol. Barcelona, 11, 5-65. &#8211;\u00a0<a href=\"http:\/\/w3.bcn.es\/fitxers\/icub\/museuciencies\/tmgvol11pp565.874.pdf\" target=\"_blank\">http:\/\/w3.bcn.es\/fitxers\/icub\/museuciencies\/tmgvol11pp565.874.pdf<\/a><\/p>\n<p><strong><a href=\"http:\/\/www.impact-structures.com\/2011\/11\/the-sirente-craters-italy-on-the-possible-origin-of-geomagnetic-anomalies-ormo-et-al-2007\/\">The Sirente craters (Italy): On the possible origin of geomagnetic anomalies (Orm\u00f6 et al. 2007)<\/a><\/strong><\/p>\n<p>by Mayer, W., Claudin, F. &amp; Ernstson, K.<\/p>\n<p>********************************************************<\/p>\n<p><strong><a href=\"http:\/\/www.impact-structures.com\/article%20text.pdf\">Regmaglypts on clasts from the Puerto M\u00ednguez ejecta, Azuara<\/a>\u00a0<\/strong><a href=\"http:\/\/www.impact-structures.com\/article%20text.pdf\"><strong>multiple impact event (Spain)<\/strong><\/a><\/p>\n<p><a href=\"http:\/\/www.impact-structures.com\/article%20text.pdf\">by Ferran Claudin &amp; Kord Ernstson<\/a><\/p>\n<p>********************************************************<\/p>\n<p><strong><a href=\"http:\/\/www.impact-structures.com\/2011\/12\/unusual-melt-rocks-from-meteorite-impact\/\" target=\"_blank\">Unusual melt rocks from meteorite impact<\/a><\/strong><\/p>\n<p>by Kord Ernstson, Uli Sch\u00fcssler, Ferran Claudin\u00a0and Michael Hiltl<\/p>\n<p><strong>Abstract. &#8211; We show and discuss unusual impact melt rocks from the sedimentary target of the Azuara\/Rubielos de la C\u00e9rida multiple impact in Spain: a silicate melt rock originating from the melting of shale, a carbonate-phosphate melt rock showing liquid immiscibility of carbonate and phosphate melt, carbonate and sulfate melt rocks, a carbonate-psilomelane melt rock, and amorphous carbon particles in a microbreccia probably being carbon glass that has originated from the shock melting of Cretaceous coal.<\/strong><\/p>\n<p>**************************************************************************<\/p>\n<p><a href=\"http:\/\/www.impact-structures.com\/2011\/12\/an-impact-crater-chain-in-northern-spain-2\/\" target=\"_blank\"><strong>An Impact Crater Chain in Northern Spain<\/strong><\/a><\/p>\n<p><strong>by K. Ernstson, U. Sch\u00fcssler, F. Claudin\u00a0&amp; T. Ernstson<\/strong><\/p>\n<p>\u2026 the complete article published in\u00a0METEORITE\u00a0magazine<\/p>\n<p>********************************************************************<\/p>\n<p><a href=\"http:\/\/www.impact-structures.com\/2011\/12\/are-bent-planar-deformation-features-pdfs-no-pdfs\/\" target=\"_blank\"><strong>Are bent planar deformation features (PDFs) no PDFs?<\/strong><\/a><\/p>\n<p><strong>by K. Ernstson<\/strong><\/p>\n<p>********************************************************************<\/p>\n<p><a href=\"http:\/\/www.impact-structures.com\/impact-spain\/the-rubielos-de-la-cerida-impact-basin\/\" target=\"_blank\"><strong>A comprehensive report on the Rubielos de la C\u00e9rida impact basin and crater chain (Spain)\u00a0<\/strong>including<strong>\u00a0<\/strong>170 new images (outcrops, impact breccia samples, impact melt rocks, photomicrographs of shock metamorphism) tables and diagrams.<\/a><\/p>\n<p>********************************************************************<\/p>\n<p><strong><a href=\"http:\/\/www.chiemgau-impakt.de\/pdfs\/artikel2.pdf\" target=\"_blank\">The Holocene T\u00fcttensee meteorite impact crater in southeast Germany<\/a><\/strong><\/p>\n<p>by Chiemgau Impact Research Team (<a href=\"http:\/\/www.chiemgau-impact.com\/cirt\/\" target=\"_blank\">CIRT<\/a>)<\/p>\n<p><strong><\/strong>******************************************************************<\/p>\n<p><a href=\"http:\/\/www.scribd.com\/doc\/50270189\/Gravity-survey-of-the-Holocene-Lake-Tuttensee-meteorite-crater-Chiemgau-impact-event\" target=\"_blank\"><strong>A gravity survey of the Holocene Lake T\u00fcttensee meteorite impact crater (Chiemgau impact event)<\/strong><\/a><\/p>\n<p>by Kord Ernstson (2011)<\/p>\n<p>********************************************************************<\/p>\n<p><strong><a href=\"http:\/\/www.bandkeramik.eu\/Lochstein%20Artikel%20Till%20englisch.pdf\" target=\"_blank\">A peculiar prehistoric artifact in the T\u00fcttensee impact ejecta (\u201cBunte Breccia\u201d; Chiemgau Holocene impact event)<\/a><\/strong><\/p>\n<p>by Till Ernstson<\/p>\n<p>*********************************************************************<\/p>\n","protected":false},"excerpt":{"rendered":"<p>Ernstson, K.,\u00a0Mayer W.,\u00a0Neumair, A., and\u00a0Sudhaus, D. (2011):\u00a0The sinkhole enigma in the alpine foreland, Southeast Germany: Evidence of impact-induced rock liquefaction processes. \u2013 http:\/\/www.springerlink.com\/content\/1166143hjp83647w\/ ***************************************************************** Ernstson, K., Claudin, F., Sch\u00fcssler, U. &amp; Hradil, K. (2002): The mid-Tertiary Azuara and Rubielos de la C\u00e9rida paired impact structures (Spain). &#8211; Treb. Mus. Geol. Barcelona, 11, 5-65. &#8211;\u00a0http:\/\/w3.bcn.es\/fitxers\/icub\/museuciencies\/tmgvol11pp565.874.pdf The &hellip; <a href=\"http:\/\/estructuras-de-impacto.impact-structures.com\/?page_id=1439\" class=\"more-link\">Continuar leyendo<span class=\"screen-reader-text\"> \u00abSelecci\u00f3n de otras publicaciones de inter\u00e9s\u00bb<\/span><\/a><\/p>\n","protected":false},"author":1,"featured_media":0,"parent":0,"menu_order":0,"comment_status":"closed","ping_status":"closed","template":"sidebar-page.php","meta":{"footnotes":""},"class_list":["post-1439","page","type-page","status-publish","hentry"],"yoast_head":"<!-- This site is optimized with the Yoast SEO plugin v27.3 - https:\/\/yoast.com\/product\/yoast-seo-wordpress\/ -->\n<title>Selecci\u00f3n de otras publicaciones de inter\u00e9s - ERNSTSON CLAUDIN ESTRUCTURAS DE IMPACTO - CR\u00c1TERES METEOR\u00cdTICOS<\/title>\n<meta name=\"robots\" content=\"index, follow, max-snippet:-1, max-image-preview:large, max-video-preview:-1\" \/>\n<link rel=\"canonical\" href=\"https:\/\/estructuras-de-impacto.impact-structures.com\/?page_id=1439\" \/>\n<meta property=\"og:locale\" content=\"es_ES\" \/>\n<meta property=\"og:type\" content=\"article\" \/>\n<meta property=\"og:title\" content=\"Selecci\u00f3n de otras publicaciones de inter\u00e9s - ERNSTSON CLAUDIN ESTRUCTURAS DE IMPACTO - CR\u00c1TERES METEOR\u00cdTICOS\" \/>\n<meta property=\"og:description\" content=\"Ernstson, K.,\u00a0Mayer W.,\u00a0Neumair, A., and\u00a0Sudhaus, D. (2011):\u00a0The sinkhole enigma in the alpine foreland, Southeast Germany: Evidence of impact-induced rock liquefaction processes. \u2013 http:\/\/www.springerlink.com\/content\/1166143hjp83647w\/ ***************************************************************** Ernstson, K., Claudin, F., Sch\u00fcssler, U. &amp; Hradil, K. (2002): The mid-Tertiary Azuara and Rubielos de la C\u00e9rida paired impact structures (Spain). &#8211; Treb. Mus. Geol. Barcelona, 11, 5-65. &#8211;\u00a0http:\/\/w3.bcn.es\/fitxers\/icub\/museuciencies\/tmgvol11pp565.874.pdf The &hellip; Continuar leyendo &quot;Selecci\u00f3n de otras publicaciones de inter\u00e9s&quot;\" \/>\n<meta property=\"og:url\" content=\"https:\/\/estructuras-de-impacto.impact-structures.com\/?page_id=1439\" \/>\n<meta property=\"og:site_name\" content=\"ERNSTSON CLAUDIN ESTRUCTURAS DE IMPACTO - CR\u00c1TERES METEOR\u00cdTICOS\" \/>\n<meta property=\"article:modified_time\" content=\"2012-05-18T09:19:39+00:00\" \/>\n<meta name=\"twitter:card\" content=\"summary_large_image\" \/>\n<meta name=\"twitter:label1\" content=\"Tiempo de lectura\" \/>\n\t<meta name=\"twitter:data1\" content=\"2 minutos\" \/>\n<script type=\"application\/ld+json\" class=\"yoast-schema-graph\">{\"@context\":\"https:\\\/\\\/schema.org\",\"@graph\":[{\"@type\":\"WebPage\",\"@id\":\"https:\\\/\\\/estructuras-de-impacto.impact-structures.com\\\/?page_id=1439\",\"url\":\"https:\\\/\\\/estructuras-de-impacto.impact-structures.com\\\/?page_id=1439\",\"name\":\"Selecci\u00f3n de otras publicaciones de inter\u00e9s - ERNSTSON CLAUDIN ESTRUCTURAS DE IMPACTO - CR\u00c1TERES METEOR\u00cdTICOS\",\"isPartOf\":{\"@id\":\"http:\\\/\\\/estructuras-de-impacto.impact-structures.com\\\/#website\"},\"datePublished\":\"2011-12-03T14:27:57+00:00\",\"dateModified\":\"2012-05-18T09:19:39+00:00\",\"breadcrumb\":{\"@id\":\"https:\\\/\\\/estructuras-de-impacto.impact-structures.com\\\/?page_id=1439#breadcrumb\"},\"inLanguage\":\"es\",\"potentialAction\":[{\"@type\":\"ReadAction\",\"target\":[\"https:\\\/\\\/estructuras-de-impacto.impact-structures.com\\\/?page_id=1439\"]}]},{\"@type\":\"BreadcrumbList\",\"@id\":\"https:\\\/\\\/estructuras-de-impacto.impact-structures.com\\\/?page_id=1439#breadcrumb\",\"itemListElement\":[{\"@type\":\"ListItem\",\"position\":1,\"name\":\"Portada\",\"item\":\"http:\\\/\\\/estructuras-de-impacto.impact-structures.com\\\/\"},{\"@type\":\"ListItem\",\"position\":2,\"name\":\"Selecci\u00f3n de otras publicaciones de inter\u00e9s\"}]},{\"@type\":\"WebSite\",\"@id\":\"http:\\\/\\\/estructuras-de-impacto.impact-structures.com\\\/#website\",\"url\":\"http:\\\/\\\/estructuras-de-impacto.impact-structures.com\\\/\",\"name\":\"ERNSTSON CLAUDIN ESTRUCTURAS DE IMPACTO - CR\u00c1TERES METEOR\u00cdTICOS\",\"description\":\"Investigaci\u00f3n sobre la geolog\u00eda, geof\u00edsica, y petrolog\u00eda\",\"potentialAction\":[{\"@type\":\"SearchAction\",\"target\":{\"@type\":\"EntryPoint\",\"urlTemplate\":\"http:\\\/\\\/estructuras-de-impacto.impact-structures.com\\\/?s={search_term_string}\"},\"query-input\":{\"@type\":\"PropertyValueSpecification\",\"valueRequired\":true,\"valueName\":\"search_term_string\"}}],\"inLanguage\":\"es\"}]}<\/script>\n<!-- \/ Yoast SEO plugin. -->","yoast_head_json":{"title":"Selecci\u00f3n de otras publicaciones de inter\u00e9s - ERNSTSON CLAUDIN ESTRUCTURAS DE IMPACTO - CR\u00c1TERES METEOR\u00cdTICOS","robots":{"index":"index","follow":"follow","max-snippet":"max-snippet:-1","max-image-preview":"max-image-preview:large","max-video-preview":"max-video-preview:-1"},"canonical":"https:\/\/estructuras-de-impacto.impact-structures.com\/?page_id=1439","og_locale":"es_ES","og_type":"article","og_title":"Selecci\u00f3n de otras publicaciones de inter\u00e9s - ERNSTSON CLAUDIN ESTRUCTURAS DE IMPACTO - CR\u00c1TERES METEOR\u00cdTICOS","og_description":"Ernstson, K.,\u00a0Mayer W.,\u00a0Neumair, A., and\u00a0Sudhaus, D. (2011):\u00a0The sinkhole enigma in the alpine foreland, Southeast Germany: Evidence of impact-induced rock liquefaction processes. \u2013 http:\/\/www.springerlink.com\/content\/1166143hjp83647w\/ ***************************************************************** Ernstson, K., Claudin, F., Sch\u00fcssler, U. &amp; Hradil, K. (2002): The mid-Tertiary Azuara and Rubielos de la C\u00e9rida paired impact structures (Spain). &#8211; Treb. Mus. Geol. Barcelona, 11, 5-65. &#8211;\u00a0http:\/\/w3.bcn.es\/fitxers\/icub\/museuciencies\/tmgvol11pp565.874.pdf The &hellip; Continuar leyendo \"Selecci\u00f3n de otras publicaciones de inter\u00e9s\"","og_url":"https:\/\/estructuras-de-impacto.impact-structures.com\/?page_id=1439","og_site_name":"ERNSTSON CLAUDIN ESTRUCTURAS DE IMPACTO - CR\u00c1TERES METEOR\u00cdTICOS","article_modified_time":"2012-05-18T09:19:39+00:00","twitter_card":"summary_large_image","twitter_misc":{"Tiempo de lectura":"2 minutos"},"schema":{"@context":"https:\/\/schema.org","@graph":[{"@type":"WebPage","@id":"https:\/\/estructuras-de-impacto.impact-structures.com\/?page_id=1439","url":"https:\/\/estructuras-de-impacto.impact-structures.com\/?page_id=1439","name":"Selecci\u00f3n de otras publicaciones de inter\u00e9s - ERNSTSON CLAUDIN ESTRUCTURAS DE IMPACTO - CR\u00c1TERES METEOR\u00cdTICOS","isPartOf":{"@id":"http:\/\/estructuras-de-impacto.impact-structures.com\/#website"},"datePublished":"2011-12-03T14:27:57+00:00","dateModified":"2012-05-18T09:19:39+00:00","breadcrumb":{"@id":"https:\/\/estructuras-de-impacto.impact-structures.com\/?page_id=1439#breadcrumb"},"inLanguage":"es","potentialAction":[{"@type":"ReadAction","target":["https:\/\/estructuras-de-impacto.impact-structures.com\/?page_id=1439"]}]},{"@type":"BreadcrumbList","@id":"https:\/\/estructuras-de-impacto.impact-structures.com\/?page_id=1439#breadcrumb","itemListElement":[{"@type":"ListItem","position":1,"name":"Portada","item":"http:\/\/estructuras-de-impacto.impact-structures.com\/"},{"@type":"ListItem","position":2,"name":"Selecci\u00f3n de otras publicaciones de inter\u00e9s"}]},{"@type":"WebSite","@id":"http:\/\/estructuras-de-impacto.impact-structures.com\/#website","url":"http:\/\/estructuras-de-impacto.impact-structures.com\/","name":"ERNSTSON CLAUDIN ESTRUCTURAS DE IMPACTO - CR\u00c1TERES METEOR\u00cdTICOS","description":"Investigaci\u00f3n sobre la geolog\u00eda, geof\u00edsica, y petrolog\u00eda","potentialAction":[{"@type":"SearchAction","target":{"@type":"EntryPoint","urlTemplate":"http:\/\/estructuras-de-impacto.impact-structures.com\/?s={search_term_string}"},"query-input":{"@type":"PropertyValueSpecification","valueRequired":true,"valueName":"search_term_string"}}],"inLanguage":"es"}]}},"_links":{"self":[{"href":"http:\/\/estructuras-de-impacto.impact-structures.com\/index.php?rest_route=\/wp\/v2\/pages\/1439","targetHints":{"allow":["GET"]}}],"collection":[{"href":"http:\/\/estructuras-de-impacto.impact-structures.com\/index.php?rest_route=\/wp\/v2\/pages"}],"about":[{"href":"http:\/\/estructuras-de-impacto.impact-structures.com\/index.php?rest_route=\/wp\/v2\/types\/page"}],"author":[{"embeddable":true,"href":"http:\/\/estructuras-de-impacto.impact-structures.com\/index.php?rest_route=\/wp\/v2\/users\/1"}],"replies":[{"embeddable":true,"href":"http:\/\/estructuras-de-impacto.impact-structures.com\/index.php?rest_route=%2Fwp%2Fv2%2Fcomments&post=1439"}],"version-history":[{"count":0,"href":"http:\/\/estructuras-de-impacto.impact-structures.com\/index.php?rest_route=\/wp\/v2\/pages\/1439\/revisions"}],"wp:attachment":[{"href":"http:\/\/estructuras-de-impacto.impact-structures.com\/index.php?rest_route=%2Fwp%2Fv2%2Fmedia&parent=1439"}],"curies":[{"name":"wp","href":"https:\/\/api.w.org\/{rel}","templated":true}]}}