{"id":1436,"date":"2011-12-03T13:58:19","date_gmt":"2011-12-03T13:58:19","guid":{"rendered":"http:\/\/cms.impact-structures.com\/?page_id=314"},"modified":"2012-03-05T16:57:14","modified_gmt":"2012-03-05T16:57:14","slug":"impact-experiments-on-sythetic-conglomerates","status":"publish","type":"page","link":"http:\/\/estructuras-de-impacto.impact-structures.com\/?page_id=1436","title":{"rendered":"Experimentos de impacto sobre conglomerados sint\u00e9ticos"},"content":{"rendered":"<p>Con la finalidad de comprobar si los rasgos observados en los cantos del Buntsandstein podr\u00edan ser producidos por deformaci\u00f3n de impacto en conglomerados, fueron realizados (Michael Hilt) nuevos experimentos de choque en el Instituto para Din\u00e1micas de alta velocidad de Fraunhofer (Ernst-Mach-Institut) sito en Freiburg, Alemania. Se utiliz\u00f3 un \u00fanico ca\u00f1\u00f3n para acelerar proyectiles de acero \u2013 de forma c\u00f3nica truncada &#8211; del calibre 45. Como objetivos se utilizaron dos esferas de cuarzo (cristal de roca, de 14 mm di\u00e1metro) en contacto, inmersas en una matriz sint\u00e9tica de epoxy.<\/p>\n<p><span style=\"font-family: 'Trebuchet MS', Helvetica, Geneva, Swiss, SunSans-Regular;\">\u00a0<\/span><span class=\"Apple-style-span\" style=\"font-family: 'Helvetica Neue', Helvetica, Arial, 'Nimbus Sans L', sans-serif;\"><img loading=\"lazy\" decoding=\"async\" src=\"http:\/\/www.impact-structures.com\/imagekl\/kl0129.jpg\" alt=\"\" width=\"347\" height=\"250\" border=\"0\" \/><\/span><\/p>\n<p>Corte por la mitad realizado en los puntos medios de las dos esferas de cuarzo de una de las muestras recuperadas (disparo n\u00famero 4).<\/p>\n<p><span class=\"Apple-style-span\" style=\"font-family: 'Helvetica Neue', Helvetica, Arial, 'Nimbus Sans L', sans-serif;\">Cinco disparos fueron realizados a velocidades de impacto comprendidas entre 25 y 115 m\/s, correspondiendo a valores de presi\u00f3n de impacto iniciales entre 0.55 y 2.5 Gpa. Las muestras recuperadas fueron cortadas por la mitad a trav\u00e9s de los puntos medios de las dos esferas, y las secciones delgadas fueron realizadas en el plano de corte. A partir del examen de los cortes y de las secciones delgadas se han realizado los esquemas de debajo, que muestran los rasgos m\u00e1s significativos del disparo 1 y 4.<\/span><\/p>\n<p><span class=\"Apple-style-span\" style=\"font-family: 'Helvetica Neue', Helvetica, Arial, 'Nimbus Sans L', sans-serif;\"><img loading=\"lazy\" decoding=\"async\" src=\"http:\/\/www.impact-structures.com\/images\/prod1029_small.jpg\" alt=\"\" width=\"500\" height=\"308\" border=\"0\" \/><\/span><\/p>\n<p>El disparo n\u00famero 1 (36 m\/s; 0.8 Gpa) dio lugar a la p\u00e9rdida de la parte superior de la esfera impactada por el proyectil. La mitad inferior de la esfera se caracteriza por presentar dos conjuntos de fracturas m\u00e1s o menos perpendiculares. El primer conjunto originado de fracturas esta orientado paralelo a la trayectoria de impacto, mientras que las fracturas abiertas del segundo conjunto formado se desarrollan de modo perpendicular al impacto. Una estrecha y abrupta zona definida de intensa deformaci\u00f3n existe en el eje de la esfera superior, donde se presentan las fracturas planares (clivaje) y la microbrechiaci\u00f3n por debajo del tama\u00f1o microsc\u00f3pico. La esfera inferior experimenta menos deformaci\u00f3n. No obstante, el impacto \u00fanico da lugar al menos a cinco fragmentos distribuidos sobre la superficie de la esfera no directamente impactada por el proyectil.<\/p>\n<p>Las esferas recuperadas del disparo n\u00famero 4 (53 m\/s; 1.2 Gpa) est\u00e1n casi totalmente preservadas dentro de su matriz, aunque sus interiores se hallan densamente da\u00f1ados. Sorprendentemente, la zona directamente afectada por el impacto se halla en su mayor parte no perturbada. Un cuerpo truncado, de morfolog\u00eda c\u00f3nica se formo por desplazamiento de la esfera a lo largo de una fractura de espalaci\u00f3n, y esta rodeado por una zona de p\u00e9rdida de material de morfolog\u00eda anular. Un modelo similar puede ser observado en el contacto con la esfera inferior. Da\u00f1o extremo local aparece en el interior, incluyendo zonas con aspecto de embudo (en forma de Y en 2-D) donde el cuarzo muestra microbrechiaci\u00f3n con una fuerte reducci\u00f3n del \u00edndice refractivo, m\u00faltiples conjuntos de fracturas planares (clivaje), mosaicismo, y peque\u00f1os pedazos (aproximadamente de 100 mm de tama\u00f1o) isotropizados (cuarzo diaplectico). En pocos casos, existen d\u00e9biles indicios de formaci\u00f3n de PDFs. Adem\u00e1s, se ha desarrollado un patr\u00f3n de fractura general (como el discutido para el disparo 1).<\/p>\n<p><span class=\"Apple-style-span\" style=\"font-family: 'Helvetica Neue', Helvetica, Arial, 'Nimbus Sans L', sans-serif;\"><img loading=\"lazy\" decoding=\"async\" src=\"http:\/\/www.impact-structures.com\/images\/prod1030_small.jpg\" alt=\"\" width=\"291\" height=\"266\" border=\"0\" \/>\u00a0A<img loading=\"lazy\" decoding=\"async\" src=\"http:\/\/www.impact-structures.com\/images\/prod1031_small.jpg\" alt=\"\" width=\"350\" height=\"260\" border=\"0\" \/>\u00a0B<\/span><\/p>\n<p>Microfotograf\u00edas de una esfera de cuarzo impactado (A, disparo 2; nicoles cruzados; el campo ocular es de 7 mm de ancho) y de un canto de cuarcita impactado del Buntsandstein (B; luz paralela; el campo ocular es de 15 mm de ancho). Obs\u00e9rvese el patr\u00f3n de fractura similar, especialmente las zonas de fuertes deformaciones con forma de embudo (en forma de Y en 2-D). N\u00f3tese tambi\u00e9n la zona mayoritariamente sin perturbar sita inmediatamente bajo el punto de impacto en la esfera de cuarzo que recuerda el abultamiento central de los cr\u00e1teres presentes en el canto.<\/p>\n","protected":false},"excerpt":{"rendered":"<p>Con la finalidad de comprobar si los rasgos observados en los cantos del Buntsandstein podr\u00edan ser producidos por deformaci\u00f3n de impacto en conglomerados, fueron realizados (Michael Hilt) nuevos experimentos de choque en el Instituto para Din\u00e1micas de alta velocidad de Fraunhofer (Ernst-Mach-Institut) sito en Freiburg, Alemania. Se utiliz\u00f3 un \u00fanico ca\u00f1\u00f3n para acelerar proyectiles de &hellip; <a href=\"http:\/\/estructuras-de-impacto.impact-structures.com\/?page_id=1436\" class=\"more-link\">Continuar leyendo<span class=\"screen-reader-text\"> \u00abExperimentos de impacto sobre conglomerados sint\u00e9ticos\u00bb<\/span><\/a><\/p>\n","protected":false},"author":1,"featured_media":0,"parent":1431,"menu_order":0,"comment_status":"closed","ping_status":"closed","template":"sidebar-page.php","meta":{"footnotes":""},"class_list":["post-1436","page","type-page","status-publish","hentry"],"yoast_head":"<!-- This site is optimized with the Yoast SEO plugin v27.3 - https:\/\/yoast.com\/product\/yoast-seo-wordpress\/ -->\n<title>Experimentos de impacto sobre conglomerados sint\u00e9ticos  - ERNSTSON CLAUDIN ESTRUCTURAS DE IMPACTO - CR\u00c1TERES METEOR\u00cdTICOS<\/title>\n<meta name=\"robots\" content=\"index, follow, max-snippet:-1, max-image-preview:large, max-video-preview:-1\" \/>\n<link rel=\"canonical\" href=\"http:\/\/estructuras-de-impacto.impact-structures.com\/?page_id=1436\" \/>\n<meta property=\"og:locale\" content=\"es_ES\" \/>\n<meta property=\"og:type\" content=\"article\" \/>\n<meta property=\"og:title\" content=\"Experimentos de impacto sobre conglomerados sint\u00e9ticos  - ERNSTSON CLAUDIN ESTRUCTURAS DE IMPACTO - CR\u00c1TERES METEOR\u00cdTICOS\" \/>\n<meta property=\"og:description\" content=\"Con la finalidad de comprobar si los rasgos observados en los cantos del Buntsandstein podr\u00edan ser producidos por deformaci\u00f3n de impacto en conglomerados, fueron realizados (Michael Hilt) nuevos experimentos de choque en el Instituto para Din\u00e1micas de alta velocidad de Fraunhofer (Ernst-Mach-Institut) sito en Freiburg, Alemania. Se utiliz\u00f3 un \u00fanico ca\u00f1\u00f3n para acelerar proyectiles de &hellip; Continuar leyendo &quot;Experimentos de impacto sobre conglomerados sint\u00e9ticos&quot;\" \/>\n<meta property=\"og:url\" content=\"http:\/\/estructuras-de-impacto.impact-structures.com\/?page_id=1436\" \/>\n<meta property=\"og:site_name\" content=\"ERNSTSON CLAUDIN ESTRUCTURAS DE IMPACTO - CR\u00c1TERES METEOR\u00cdTICOS\" \/>\n<meta property=\"article:modified_time\" content=\"2012-03-05T16:57:14+00:00\" \/>\n<meta property=\"og:image\" content=\"http:\/\/www.impact-structures.com\/imagekl\/kl0129.jpg\" \/>\n<meta name=\"twitter:card\" content=\"summary_large_image\" \/>\n<meta name=\"twitter:label1\" content=\"Tiempo de lectura\" \/>\n\t<meta name=\"twitter:data1\" content=\"3 minutos\" \/>\n<script type=\"application\/ld+json\" class=\"yoast-schema-graph\">{\"@context\":\"https:\\\/\\\/schema.org\",\"@graph\":[{\"@type\":\"WebPage\",\"@id\":\"http:\\\/\\\/estructuras-de-impacto.impact-structures.com\\\/?page_id=1436\",\"url\":\"http:\\\/\\\/estructuras-de-impacto.impact-structures.com\\\/?page_id=1436\",\"name\":\"Experimentos de impacto sobre conglomerados sint\u00e9ticos - ERNSTSON CLAUDIN ESTRUCTURAS DE IMPACTO - CR\u00c1TERES METEOR\u00cdTICOS\",\"isPartOf\":{\"@id\":\"http:\\\/\\\/estructuras-de-impacto.impact-structures.com\\\/#website\"},\"primaryImageOfPage\":{\"@id\":\"http:\\\/\\\/estructuras-de-impacto.impact-structures.com\\\/?page_id=1436#primaryimage\"},\"image\":{\"@id\":\"http:\\\/\\\/estructuras-de-impacto.impact-structures.com\\\/?page_id=1436#primaryimage\"},\"thumbnailUrl\":\"http:\\\/\\\/www.impact-structures.com\\\/imagekl\\\/kl0129.jpg\",\"datePublished\":\"2011-12-03T13:58:19+00:00\",\"dateModified\":\"2012-03-05T16:57:14+00:00\",\"breadcrumb\":{\"@id\":\"http:\\\/\\\/estructuras-de-impacto.impact-structures.com\\\/?page_id=1436#breadcrumb\"},\"inLanguage\":\"es\",\"potentialAction\":[{\"@type\":\"ReadAction\",\"target\":[\"http:\\\/\\\/estructuras-de-impacto.impact-structures.com\\\/?page_id=1436\"]}]},{\"@type\":\"ImageObject\",\"inLanguage\":\"es\",\"@id\":\"http:\\\/\\\/estructuras-de-impacto.impact-structures.com\\\/?page_id=1436#primaryimage\",\"url\":\"http:\\\/\\\/www.impact-structures.com\\\/imagekl\\\/kl0129.jpg\",\"contentUrl\":\"http:\\\/\\\/www.impact-structures.com\\\/imagekl\\\/kl0129.jpg\"},{\"@type\":\"BreadcrumbList\",\"@id\":\"http:\\\/\\\/estructuras-de-impacto.impact-structures.com\\\/?page_id=1436#breadcrumb\",\"itemListElement\":[{\"@type\":\"ListItem\",\"position\":1,\"name\":\"Portada\",\"item\":\"http:\\\/\\\/estructuras-de-impacto.impact-structures.com\\\/\"},{\"@type\":\"ListItem\",\"position\":2,\"name\":\"Las estructuras de impacto en Espa\u00f1a\",\"item\":\"http:\\\/\\\/estructuras-de-impacto.impact-structures.com\\\/?page_id=1404\"},{\"@type\":\"ListItem\",\"position\":3,\"name\":\"Deformaci\u00f3n por choque en conglomerados Tri\u00e1sicos del Buntsandstein, Espa\u00f1a\",\"item\":\"https:\\\/\\\/estructuras-de-impacto.impact-structures.com\\\/?page_id=1431\"},{\"@type\":\"ListItem\",\"position\":4,\"name\":\"Experimentos de impacto sobre conglomerados sint\u00e9ticos\"}]},{\"@type\":\"WebSite\",\"@id\":\"http:\\\/\\\/estructuras-de-impacto.impact-structures.com\\\/#website\",\"url\":\"http:\\\/\\\/estructuras-de-impacto.impact-structures.com\\\/\",\"name\":\"ERNSTSON CLAUDIN ESTRUCTURAS DE IMPACTO - CR\u00c1TERES METEOR\u00cdTICOS\",\"description\":\"Investigaci\u00f3n sobre la geolog\u00eda, geof\u00edsica, y petrolog\u00eda\",\"potentialAction\":[{\"@type\":\"SearchAction\",\"target\":{\"@type\":\"EntryPoint\",\"urlTemplate\":\"http:\\\/\\\/estructuras-de-impacto.impact-structures.com\\\/?s={search_term_string}\"},\"query-input\":{\"@type\":\"PropertyValueSpecification\",\"valueRequired\":true,\"valueName\":\"search_term_string\"}}],\"inLanguage\":\"es\"}]}<\/script>\n<!-- \/ Yoast SEO plugin. -->","yoast_head_json":{"title":"Experimentos de impacto sobre conglomerados sint\u00e9ticos  - ERNSTSON CLAUDIN ESTRUCTURAS DE IMPACTO - CR\u00c1TERES METEOR\u00cdTICOS","robots":{"index":"index","follow":"follow","max-snippet":"max-snippet:-1","max-image-preview":"max-image-preview:large","max-video-preview":"max-video-preview:-1"},"canonical":"http:\/\/estructuras-de-impacto.impact-structures.com\/?page_id=1436","og_locale":"es_ES","og_type":"article","og_title":"Experimentos de impacto sobre conglomerados sint\u00e9ticos  - ERNSTSON CLAUDIN ESTRUCTURAS DE IMPACTO - CR\u00c1TERES METEOR\u00cdTICOS","og_description":"Con la finalidad de comprobar si los rasgos observados en los cantos del Buntsandstein podr\u00edan ser producidos por deformaci\u00f3n de impacto en conglomerados, fueron realizados (Michael Hilt) nuevos experimentos de choque en el Instituto para Din\u00e1micas de alta velocidad de Fraunhofer (Ernst-Mach-Institut) sito en Freiburg, Alemania. Se utiliz\u00f3 un \u00fanico ca\u00f1\u00f3n para acelerar proyectiles de &hellip; Continuar leyendo \"Experimentos de impacto sobre conglomerados sint\u00e9ticos\"","og_url":"http:\/\/estructuras-de-impacto.impact-structures.com\/?page_id=1436","og_site_name":"ERNSTSON CLAUDIN ESTRUCTURAS DE IMPACTO - CR\u00c1TERES METEOR\u00cdTICOS","article_modified_time":"2012-03-05T16:57:14+00:00","og_image":[{"url":"http:\/\/www.impact-structures.com\/imagekl\/kl0129.jpg","type":"","width":"","height":""}],"twitter_card":"summary_large_image","twitter_misc":{"Tiempo de lectura":"3 minutos"},"schema":{"@context":"https:\/\/schema.org","@graph":[{"@type":"WebPage","@id":"http:\/\/estructuras-de-impacto.impact-structures.com\/?page_id=1436","url":"http:\/\/estructuras-de-impacto.impact-structures.com\/?page_id=1436","name":"Experimentos de impacto sobre conglomerados sint\u00e9ticos - ERNSTSON CLAUDIN ESTRUCTURAS DE IMPACTO - CR\u00c1TERES METEOR\u00cdTICOS","isPartOf":{"@id":"http:\/\/estructuras-de-impacto.impact-structures.com\/#website"},"primaryImageOfPage":{"@id":"http:\/\/estructuras-de-impacto.impact-structures.com\/?page_id=1436#primaryimage"},"image":{"@id":"http:\/\/estructuras-de-impacto.impact-structures.com\/?page_id=1436#primaryimage"},"thumbnailUrl":"http:\/\/www.impact-structures.com\/imagekl\/kl0129.jpg","datePublished":"2011-12-03T13:58:19+00:00","dateModified":"2012-03-05T16:57:14+00:00","breadcrumb":{"@id":"http:\/\/estructuras-de-impacto.impact-structures.com\/?page_id=1436#breadcrumb"},"inLanguage":"es","potentialAction":[{"@type":"ReadAction","target":["http:\/\/estructuras-de-impacto.impact-structures.com\/?page_id=1436"]}]},{"@type":"ImageObject","inLanguage":"es","@id":"http:\/\/estructuras-de-impacto.impact-structures.com\/?page_id=1436#primaryimage","url":"http:\/\/www.impact-structures.com\/imagekl\/kl0129.jpg","contentUrl":"http:\/\/www.impact-structures.com\/imagekl\/kl0129.jpg"},{"@type":"BreadcrumbList","@id":"http:\/\/estructuras-de-impacto.impact-structures.com\/?page_id=1436#breadcrumb","itemListElement":[{"@type":"ListItem","position":1,"name":"Portada","item":"http:\/\/estructuras-de-impacto.impact-structures.com\/"},{"@type":"ListItem","position":2,"name":"Las estructuras de impacto en Espa\u00f1a","item":"http:\/\/estructuras-de-impacto.impact-structures.com\/?page_id=1404"},{"@type":"ListItem","position":3,"name":"Deformaci\u00f3n por choque en conglomerados Tri\u00e1sicos del Buntsandstein, Espa\u00f1a","item":"https:\/\/estructuras-de-impacto.impact-structures.com\/?page_id=1431"},{"@type":"ListItem","position":4,"name":"Experimentos de impacto sobre conglomerados sint\u00e9ticos"}]},{"@type":"WebSite","@id":"http:\/\/estructuras-de-impacto.impact-structures.com\/#website","url":"http:\/\/estructuras-de-impacto.impact-structures.com\/","name":"ERNSTSON CLAUDIN ESTRUCTURAS DE IMPACTO - CR\u00c1TERES METEOR\u00cdTICOS","description":"Investigaci\u00f3n sobre la geolog\u00eda, geof\u00edsica, y petrolog\u00eda","potentialAction":[{"@type":"SearchAction","target":{"@type":"EntryPoint","urlTemplate":"http:\/\/estructuras-de-impacto.impact-structures.com\/?s={search_term_string}"},"query-input":{"@type":"PropertyValueSpecification","valueRequired":true,"valueName":"search_term_string"}}],"inLanguage":"es"}]}},"_links":{"self":[{"href":"http:\/\/estructuras-de-impacto.impact-structures.com\/index.php?rest_route=\/wp\/v2\/pages\/1436","targetHints":{"allow":["GET"]}}],"collection":[{"href":"http:\/\/estructuras-de-impacto.impact-structures.com\/index.php?rest_route=\/wp\/v2\/pages"}],"about":[{"href":"http:\/\/estructuras-de-impacto.impact-structures.com\/index.php?rest_route=\/wp\/v2\/types\/page"}],"author":[{"embeddable":true,"href":"http:\/\/estructuras-de-impacto.impact-structures.com\/index.php?rest_route=\/wp\/v2\/users\/1"}],"replies":[{"embeddable":true,"href":"http:\/\/estructuras-de-impacto.impact-structures.com\/index.php?rest_route=%2Fwp%2Fv2%2Fcomments&post=1436"}],"version-history":[{"count":0,"href":"http:\/\/estructuras-de-impacto.impact-structures.com\/index.php?rest_route=\/wp\/v2\/pages\/1436\/revisions"}],"up":[{"embeddable":true,"href":"http:\/\/estructuras-de-impacto.impact-structures.com\/index.php?rest_route=\/wp\/v2\/pages\/1431"}],"wp:attachment":[{"href":"http:\/\/estructuras-de-impacto.impact-structures.com\/index.php?rest_route=%2Fwp%2Fv2%2Fmedia&parent=1436"}],"curies":[{"name":"wp","href":"https:\/\/api.w.org\/{rel}","templated":true}]}}