{"id":1432,"date":"2011-12-03T13:52:46","date_gmt":"2011-12-03T13:52:46","guid":{"rendered":"http:\/\/cms.impact-structures.com\/?page_id=306"},"modified":"2012-02-26T17:05:41","modified_gmt":"2012-02-26T17:05:41","slug":"outcrops","status":"publish","type":"page","link":"http:\/\/estructuras-de-impacto.impact-structures.com\/?page_id=1432","title":{"rendered":"Afloramientos"},"content":{"rendered":"<h3><strong>Afloramientos<\/strong><\/h3>\n<p><span class=\"Apple-style-span\" style=\"font-family: 'Helvetica Neue', Helvetica, Arial, 'Nimbus Sans L', sans-serif;\"><img decoding=\"async\" src=\"http:\/\/www.impact-structures.com\/images\/prod105_small.jpg\" alt=\"\" border=\"0\" \/><span class=\"Apple-style-span\" style=\"font-family: 'Helvetica Neue', Helvetica, Arial, sans-serif;\">\u00a0<\/span><\/span><\/p>\n<p>Afloramiento de conglomerados basales del Buntsandstein en Rueda de la Cierra. Los cantos de cuarcita inmersos en una matriz arenosa presentan t\u00edpicas marcas en hoyo.<\/p>\n<p><span class=\"Apple-style-span\" style=\"font-family: 'Helvetica Neue', Helvetica, Arial, 'Nimbus Sans L', sans-serif;\"><img decoding=\"async\" src=\"http:\/\/www.impact-structures.com\/images\/prod106_small.jpg\" alt=\"\" border=\"0\" \/><\/span><\/p>\n<p>Conglomerados basales del Buntsandstein cerca de R\u00f3denas, al oeste de Peracense. Adem\u00e1s de las superficies marcadas por hoyos , se puede observar una fuerte fracturaci\u00f3n subparalela que atraviesa y corta a los cantos. All\u00ed donde los conglomerados han sido investigados, ambos rasgos est\u00e1n m\u00e1s o menos asociados de un modo obvio.<\/p>\n","protected":false},"excerpt":{"rendered":"<p>Afloramientos \u00a0 Afloramiento de conglomerados basales del Buntsandstein en Rueda de la Cierra. Los cantos de cuarcita inmersos en una matriz arenosa presentan t\u00edpicas marcas en hoyo. Conglomerados basales del Buntsandstein cerca de R\u00f3denas, al oeste de Peracense. Adem\u00e1s de las superficies marcadas por hoyos , se puede observar una fuerte fracturaci\u00f3n subparalela que atraviesa &hellip; <a href=\"http:\/\/estructuras-de-impacto.impact-structures.com\/?page_id=1432\" class=\"more-link\">Continuar leyendo<span class=\"screen-reader-text\"> \u00abAfloramientos\u00bb<\/span><\/a><\/p>\n","protected":false},"author":1,"featured_media":0,"parent":1431,"menu_order":0,"comment_status":"closed","ping_status":"closed","template":"sidebar-page.php","meta":{"footnotes":""},"class_list":["post-1432","page","type-page","status-publish","hentry"],"yoast_head":"<!-- This site is optimized with the Yoast SEO plugin v27.3 - https:\/\/yoast.com\/product\/yoast-seo-wordpress\/ -->\n<title>Afloramientos - ERNSTSON CLAUDIN ESTRUCTURAS DE IMPACTO - CR\u00c1TERES METEOR\u00cdTICOS<\/title>\n<meta name=\"robots\" content=\"index, follow, max-snippet:-1, max-image-preview:large, max-video-preview:-1\" \/>\n<link rel=\"canonical\" href=\"https:\/\/estructuras-de-impacto.impact-structures.com\/?page_id=1432\" \/>\n<meta property=\"og:locale\" content=\"es_ES\" \/>\n<meta property=\"og:type\" content=\"article\" \/>\n<meta property=\"og:title\" content=\"Afloramientos - ERNSTSON CLAUDIN ESTRUCTURAS DE IMPACTO - CR\u00c1TERES METEOR\u00cdTICOS\" \/>\n<meta property=\"og:description\" content=\"Afloramientos \u00a0 Afloramiento de conglomerados basales del Buntsandstein en Rueda de la Cierra. Los cantos de cuarcita inmersos en una matriz arenosa presentan t\u00edpicas marcas en hoyo. Conglomerados basales del Buntsandstein cerca de R\u00f3denas, al oeste de Peracense. Adem\u00e1s de las superficies marcadas por hoyos , se puede observar una fuerte fracturaci\u00f3n subparalela que atraviesa &hellip; Continuar leyendo &quot;Afloramientos&quot;\" \/>\n<meta property=\"og:url\" content=\"https:\/\/estructuras-de-impacto.impact-structures.com\/?page_id=1432\" \/>\n<meta property=\"og:site_name\" content=\"ERNSTSON CLAUDIN ESTRUCTURAS DE IMPACTO - CR\u00c1TERES METEOR\u00cdTICOS\" \/>\n<meta property=\"article:modified_time\" content=\"2012-02-26T17:05:41+00:00\" \/>\n<meta property=\"og:image\" content=\"http:\/\/www.impact-structures.com\/images\/prod105_small.jpg\" \/>\n<meta name=\"twitter:card\" content=\"summary_large_image\" \/>\n<script type=\"application\/ld+json\" class=\"yoast-schema-graph\">{\"@context\":\"https:\\\/\\\/schema.org\",\"@graph\":[{\"@type\":\"WebPage\",\"@id\":\"https:\\\/\\\/estructuras-de-impacto.impact-structures.com\\\/?page_id=1432\",\"url\":\"https:\\\/\\\/estructuras-de-impacto.impact-structures.com\\\/?page_id=1432\",\"name\":\"Afloramientos - ERNSTSON CLAUDIN ESTRUCTURAS DE IMPACTO - CR\u00c1TERES METEOR\u00cdTICOS\",\"isPartOf\":{\"@id\":\"http:\\\/\\\/estructuras-de-impacto.impact-structures.com\\\/#website\"},\"primaryImageOfPage\":{\"@id\":\"https:\\\/\\\/estructuras-de-impacto.impact-structures.com\\\/?page_id=1432#primaryimage\"},\"image\":{\"@id\":\"https:\\\/\\\/estructuras-de-impacto.impact-structures.com\\\/?page_id=1432#primaryimage\"},\"thumbnailUrl\":\"http:\\\/\\\/www.impact-structures.com\\\/images\\\/prod105_small.jpg\",\"datePublished\":\"2011-12-03T13:52:46+00:00\",\"dateModified\":\"2012-02-26T17:05:41+00:00\",\"breadcrumb\":{\"@id\":\"https:\\\/\\\/estructuras-de-impacto.impact-structures.com\\\/?page_id=1432#breadcrumb\"},\"inLanguage\":\"es\",\"potentialAction\":[{\"@type\":\"ReadAction\",\"target\":[\"https:\\\/\\\/estructuras-de-impacto.impact-structures.com\\\/?page_id=1432\"]}]},{\"@type\":\"ImageObject\",\"inLanguage\":\"es\",\"@id\":\"https:\\\/\\\/estructuras-de-impacto.impact-structures.com\\\/?page_id=1432#primaryimage\",\"url\":\"http:\\\/\\\/www.impact-structures.com\\\/images\\\/prod105_small.jpg\",\"contentUrl\":\"http:\\\/\\\/www.impact-structures.com\\\/images\\\/prod105_small.jpg\"},{\"@type\":\"BreadcrumbList\",\"@id\":\"https:\\\/\\\/estructuras-de-impacto.impact-structures.com\\\/?page_id=1432#breadcrumb\",\"itemListElement\":[{\"@type\":\"ListItem\",\"position\":1,\"name\":\"Portada\",\"item\":\"http:\\\/\\\/estructuras-de-impacto.impact-structures.com\\\/\"},{\"@type\":\"ListItem\",\"position\":2,\"name\":\"Las estructuras de impacto en Espa\u00f1a\",\"item\":\"http:\\\/\\\/estructuras-de-impacto.impact-structures.com\\\/?page_id=1404\"},{\"@type\":\"ListItem\",\"position\":3,\"name\":\"Deformaci\u00f3n por choque en conglomerados Tri\u00e1sicos del Buntsandstein, Espa\u00f1a\",\"item\":\"https:\\\/\\\/estructuras-de-impacto.impact-structures.com\\\/?page_id=1431\"},{\"@type\":\"ListItem\",\"position\":4,\"name\":\"Afloramientos\"}]},{\"@type\":\"WebSite\",\"@id\":\"http:\\\/\\\/estructuras-de-impacto.impact-structures.com\\\/#website\",\"url\":\"http:\\\/\\\/estructuras-de-impacto.impact-structures.com\\\/\",\"name\":\"ERNSTSON CLAUDIN ESTRUCTURAS DE IMPACTO - CR\u00c1TERES METEOR\u00cdTICOS\",\"description\":\"Investigaci\u00f3n sobre la geolog\u00eda, geof\u00edsica, y petrolog\u00eda\",\"potentialAction\":[{\"@type\":\"SearchAction\",\"target\":{\"@type\":\"EntryPoint\",\"urlTemplate\":\"http:\\\/\\\/estructuras-de-impacto.impact-structures.com\\\/?s={search_term_string}\"},\"query-input\":{\"@type\":\"PropertyValueSpecification\",\"valueRequired\":true,\"valueName\":\"search_term_string\"}}],\"inLanguage\":\"es\"}]}<\/script>\n<!-- \/ Yoast SEO plugin. -->","yoast_head_json":{"title":"Afloramientos - ERNSTSON CLAUDIN ESTRUCTURAS DE IMPACTO - CR\u00c1TERES METEOR\u00cdTICOS","robots":{"index":"index","follow":"follow","max-snippet":"max-snippet:-1","max-image-preview":"max-image-preview:large","max-video-preview":"max-video-preview:-1"},"canonical":"https:\/\/estructuras-de-impacto.impact-structures.com\/?page_id=1432","og_locale":"es_ES","og_type":"article","og_title":"Afloramientos - ERNSTSON CLAUDIN ESTRUCTURAS DE IMPACTO - CR\u00c1TERES METEOR\u00cdTICOS","og_description":"Afloramientos \u00a0 Afloramiento de conglomerados basales del Buntsandstein en Rueda de la Cierra. Los cantos de cuarcita inmersos en una matriz arenosa presentan t\u00edpicas marcas en hoyo. Conglomerados basales del Buntsandstein cerca de R\u00f3denas, al oeste de Peracense. Adem\u00e1s de las superficies marcadas por hoyos , se puede observar una fuerte fracturaci\u00f3n subparalela que atraviesa &hellip; Continuar leyendo \"Afloramientos\"","og_url":"https:\/\/estructuras-de-impacto.impact-structures.com\/?page_id=1432","og_site_name":"ERNSTSON CLAUDIN ESTRUCTURAS DE IMPACTO - CR\u00c1TERES METEOR\u00cdTICOS","article_modified_time":"2012-02-26T17:05:41+00:00","og_image":[{"url":"http:\/\/www.impact-structures.com\/images\/prod105_small.jpg","type":"","width":"","height":""}],"twitter_card":"summary_large_image","schema":{"@context":"https:\/\/schema.org","@graph":[{"@type":"WebPage","@id":"https:\/\/estructuras-de-impacto.impact-structures.com\/?page_id=1432","url":"https:\/\/estructuras-de-impacto.impact-structures.com\/?page_id=1432","name":"Afloramientos - ERNSTSON CLAUDIN ESTRUCTURAS DE IMPACTO - CR\u00c1TERES METEOR\u00cdTICOS","isPartOf":{"@id":"http:\/\/estructuras-de-impacto.impact-structures.com\/#website"},"primaryImageOfPage":{"@id":"https:\/\/estructuras-de-impacto.impact-structures.com\/?page_id=1432#primaryimage"},"image":{"@id":"https:\/\/estructuras-de-impacto.impact-structures.com\/?page_id=1432#primaryimage"},"thumbnailUrl":"http:\/\/www.impact-structures.com\/images\/prod105_small.jpg","datePublished":"2011-12-03T13:52:46+00:00","dateModified":"2012-02-26T17:05:41+00:00","breadcrumb":{"@id":"https:\/\/estructuras-de-impacto.impact-structures.com\/?page_id=1432#breadcrumb"},"inLanguage":"es","potentialAction":[{"@type":"ReadAction","target":["https:\/\/estructuras-de-impacto.impact-structures.com\/?page_id=1432"]}]},{"@type":"ImageObject","inLanguage":"es","@id":"https:\/\/estructuras-de-impacto.impact-structures.com\/?page_id=1432#primaryimage","url":"http:\/\/www.impact-structures.com\/images\/prod105_small.jpg","contentUrl":"http:\/\/www.impact-structures.com\/images\/prod105_small.jpg"},{"@type":"BreadcrumbList","@id":"https:\/\/estructuras-de-impacto.impact-structures.com\/?page_id=1432#breadcrumb","itemListElement":[{"@type":"ListItem","position":1,"name":"Portada","item":"http:\/\/estructuras-de-impacto.impact-structures.com\/"},{"@type":"ListItem","position":2,"name":"Las estructuras de impacto en Espa\u00f1a","item":"http:\/\/estructuras-de-impacto.impact-structures.com\/?page_id=1404"},{"@type":"ListItem","position":3,"name":"Deformaci\u00f3n por choque en conglomerados Tri\u00e1sicos del Buntsandstein, Espa\u00f1a","item":"https:\/\/estructuras-de-impacto.impact-structures.com\/?page_id=1431"},{"@type":"ListItem","position":4,"name":"Afloramientos"}]},{"@type":"WebSite","@id":"http:\/\/estructuras-de-impacto.impact-structures.com\/#website","url":"http:\/\/estructuras-de-impacto.impact-structures.com\/","name":"ERNSTSON CLAUDIN ESTRUCTURAS DE IMPACTO - CR\u00c1TERES METEOR\u00cdTICOS","description":"Investigaci\u00f3n sobre la geolog\u00eda, geof\u00edsica, y petrolog\u00eda","potentialAction":[{"@type":"SearchAction","target":{"@type":"EntryPoint","urlTemplate":"http:\/\/estructuras-de-impacto.impact-structures.com\/?s={search_term_string}"},"query-input":{"@type":"PropertyValueSpecification","valueRequired":true,"valueName":"search_term_string"}}],"inLanguage":"es"}]}},"_links":{"self":[{"href":"http:\/\/estructuras-de-impacto.impact-structures.com\/index.php?rest_route=\/wp\/v2\/pages\/1432","targetHints":{"allow":["GET"]}}],"collection":[{"href":"http:\/\/estructuras-de-impacto.impact-structures.com\/index.php?rest_route=\/wp\/v2\/pages"}],"about":[{"href":"http:\/\/estructuras-de-impacto.impact-structures.com\/index.php?rest_route=\/wp\/v2\/types\/page"}],"author":[{"embeddable":true,"href":"http:\/\/estructuras-de-impacto.impact-structures.com\/index.php?rest_route=\/wp\/v2\/users\/1"}],"replies":[{"embeddable":true,"href":"http:\/\/estructuras-de-impacto.impact-structures.com\/index.php?rest_route=%2Fwp%2Fv2%2Fcomments&post=1432"}],"version-history":[{"count":0,"href":"http:\/\/estructuras-de-impacto.impact-structures.com\/index.php?rest_route=\/wp\/v2\/pages\/1432\/revisions"}],"up":[{"embeddable":true,"href":"http:\/\/estructuras-de-impacto.impact-structures.com\/index.php?rest_route=\/wp\/v2\/pages\/1431"}],"wp:attachment":[{"href":"http:\/\/estructuras-de-impacto.impact-structures.com\/index.php?rest_route=%2Fwp%2Fv2%2Fmedia&parent=1432"}],"curies":[{"name":"wp","href":"https:\/\/api.w.org\/{rel}","templated":true}]}}