{"id":1431,"date":"2011-12-03T13:51:50","date_gmt":"2011-12-03T13:51:50","guid":{"rendered":"http:\/\/cms.impact-structures.com\/?page_id=304"},"modified":"2012-02-26T16:59:41","modified_gmt":"2012-02-26T16:59:41","slug":"shock-deformation-in-triassic-buntsandstein-conglomerates-spain","status":"publish","type":"page","link":"http:\/\/estructuras-de-impacto.impact-structures.com\/?page_id=1431","title":{"rendered":"Deformaci\u00f3n por choque en conglomerados Tri\u00e1sicos del Buntsandstein, Espa\u00f1a"},"content":{"rendered":"<p><span class=\"Apple-style-span\" style=\"font-family: 'Trebuchet MS', Helvetica, Geneva, Swiss, SunSans-Regular;\">En el norte de Espa\u00f1a, los conglomerados basales del Buntsandstein se hallan expuestos en grandes \u00e1reas en las que por lo general sus componentes cuarc\u00edticos exhiben superficies con marcas por hoyos y cr\u00e1teres. Estos rasgos son bien conocidos entre los ge\u00f3logos y son comunmente explicados como debidos a la acci\u00f3n de disoluci\u00f3n por presi\u00f3n tect\u00f3nica y\/o litost\u00e1tica.<\/span><\/p>\n<p><a href=\"http:\/\/impacto.impact-structures.com\/wp-content\/uploads\/2011\/12\/prod101_small.jpg\"><img loading=\"lazy\" decoding=\"async\" class=\"alignnone size-full wp-image-1747\" title=\"prod101_small\" src=\"http:\/\/impacto.impact-structures.com\/wp-content\/uploads\/2011\/12\/prod101_small.jpg\" alt=\"\" width=\"350\" height=\"260\" srcset=\"http:\/\/estructuras-de-impacto.impact-structures.com\/wp-content\/uploads\/2011\/12\/prod101_small.jpg 350w, http:\/\/estructuras-de-impacto.impact-structures.com\/wp-content\/uploads\/2011\/12\/prod101_small-300x222.jpg 300w\" sizes=\"auto, (max-width: 350px) 85vw, 350px\" \/><\/a><\/p>\n<p>Una inspecci\u00f3n detallada de los conglomerados y an\u00e1lisis de secciones delgadas de cantos cuarc\u00edticos, no obstante, muestran (Ernstson et al. 2001) que no hay evidencia de disoluci\u00f3n. Adem\u00e1s, los rasgos superficiales apuntan a un origen puramente mec\u00e1nico. Como se describe con m\u00e1s detalle en los comentarios de las im\u00e1genes, las deformaciones han sido causadas por las ondas de choque procedentes de las estructuras de impacto de Azuara y de Rubielos de la C\u00e9rida cercanas a los conglomerados. Las ondas de choque y los flujos de masa asociados produjeron aceleraciones internas de los cantos de cuarcita, m\u00faltiples colisiones, reverberaciones y espalaci\u00f3n (empuje). Nosotros sugerimos, que incluso a bajas velocidades de impacto (del orden de 10 m\/s), tienen lugar fuertes esfuerzos compresivos y tensionales debidos a las reverberaciones y efectos de concentraci\u00f3n en los cantos. Esta afirmaci\u00f3n se ve corroborada por los experimentos de choque en conglomerados artificiales realizados en el EMI en Freiburg (M.Hilt), los resultados de los cuales se exhiben y discuten en la secci\u00f3n de experimentos de impacto en conglomerados sint\u00e9ticos.<\/p>\n<p>Los cantos marcados por hoyos y craterizados est\u00e1n por lo general relacionados con una fracturaci\u00f3n subparalela intensa y poco espaciada, la cual puede ser observada tanto a escala macrosc\u00f3pica como microsc\u00f3pica. Un origen ligado a un gran impacto es el sugerido para estas deformaciones.<\/p>\n<p>Un an\u00e1lisis termom\u00e9trico de las microfracturas decoradas y sus inclusiones fluidas de agua juvenil ha establecido condiciones hidrotermales comprendidas entre una T de alrededor de 200\u00baC y presiones entre 0.11 y 026 Gpa (ver I. Siegert 1997, Tesina). Una impronta por una temperatura similar ha sido hallada en la estructura de impacto de Siljan (Komor et al. 1988)<\/p>\n<p>El estudio de los cantos de Buntsandstein y de sus peculiares rasgos muestra que la deformaci\u00f3n por choque de los conglomerados puede constituir un criterio regional para reconocer un impacto.<\/p>\n<p>En el mapa de debajo, se muestran con un circulo las estructuras de impacto y los dep\u00f3sitos investigados del Buntsandstein. [ A = Estructura de impacto de Azuara, R = Estructura de impacto de Rubielos de la C\u00e9rida, M = Molina de Arag\u00f3n, Mo = Monasterio de piedra, P = Peracense, Ru = Rueda de la Cierra, T = Torre de las Arcas]<\/p>\n<p><a href=\"http:\/\/impacto.impact-structures.com\/wp-content\/uploads\/2011\/12\/prod102.gif\"><img loading=\"lazy\" decoding=\"async\" class=\"alignnone size-full wp-image-1748\" title=\"prod102\" src=\"http:\/\/impacto.impact-structures.com\/wp-content\/uploads\/2011\/12\/prod102.gif\" alt=\"\" width=\"317\" height=\"388\" srcset=\"http:\/\/estructuras-de-impacto.impact-structures.com\/wp-content\/uploads\/2011\/12\/prod102.gif 317w, http:\/\/estructuras-de-impacto.impact-structures.com\/wp-content\/uploads\/2011\/12\/prod102-245x300.gif 245w\" sizes=\"auto, (max-width: 317px) 85vw, 317px\" \/><\/a><\/p>\n","protected":false},"excerpt":{"rendered":"<p>En el norte de Espa\u00f1a, los conglomerados basales del Buntsandstein se hallan expuestos en grandes \u00e1reas en las que por lo general sus componentes cuarc\u00edticos exhiben superficies con marcas por hoyos y cr\u00e1teres. Estos rasgos son bien conocidos entre los ge\u00f3logos y son comunmente explicados como debidos a la acci\u00f3n de disoluci\u00f3n por presi\u00f3n tect\u00f3nica &hellip; <a href=\"http:\/\/estructuras-de-impacto.impact-structures.com\/?page_id=1431\" class=\"more-link\">Continuar leyendo<span class=\"screen-reader-text\"> \u00abDeformaci\u00f3n por choque en conglomerados Tri\u00e1sicos del Buntsandstein, Espa\u00f1a\u00bb<\/span><\/a><\/p>\n","protected":false},"author":1,"featured_media":0,"parent":1404,"menu_order":0,"comment_status":"closed","ping_status":"closed","template":"sidebar-page.php","meta":{"footnotes":""},"class_list":["post-1431","page","type-page","status-publish","hentry"],"yoast_head":"<!-- This site is optimized with the Yoast SEO plugin v27.3 - https:\/\/yoast.com\/product\/yoast-seo-wordpress\/ -->\n<title>Deformaci\u00f3n por choque en conglomerados Tri\u00e1sicos del Buntsandstein, Espa\u00f1a - ERNSTSON CLAUDIN ESTRUCTURAS DE IMPACTO - CR\u00c1TERES METEOR\u00cdTICOS<\/title>\n<meta name=\"robots\" content=\"index, follow, max-snippet:-1, max-image-preview:large, max-video-preview:-1\" \/>\n<link rel=\"canonical\" href=\"https:\/\/estructuras-de-impacto.impact-structures.com\/?page_id=1431\" \/>\n<meta property=\"og:locale\" content=\"es_ES\" \/>\n<meta property=\"og:type\" content=\"article\" \/>\n<meta property=\"og:title\" content=\"Deformaci\u00f3n por choque en conglomerados Tri\u00e1sicos del Buntsandstein, Espa\u00f1a - ERNSTSON CLAUDIN ESTRUCTURAS DE IMPACTO - CR\u00c1TERES METEOR\u00cdTICOS\" \/>\n<meta property=\"og:description\" content=\"En el norte de Espa\u00f1a, los conglomerados basales del Buntsandstein se hallan expuestos en grandes \u00e1reas en las que por lo general sus componentes cuarc\u00edticos exhiben superficies con marcas por hoyos y cr\u00e1teres. Estos rasgos son bien conocidos entre los ge\u00f3logos y son comunmente explicados como debidos a la acci\u00f3n de disoluci\u00f3n por presi\u00f3n tect\u00f3nica &hellip; Continuar leyendo &quot;Deformaci\u00f3n por choque en conglomerados Tri\u00e1sicos del Buntsandstein, Espa\u00f1a&quot;\" \/>\n<meta property=\"og:url\" content=\"https:\/\/estructuras-de-impacto.impact-structures.com\/?page_id=1431\" \/>\n<meta property=\"og:site_name\" content=\"ERNSTSON CLAUDIN ESTRUCTURAS DE IMPACTO - CR\u00c1TERES METEOR\u00cdTICOS\" \/>\n<meta property=\"article:modified_time\" content=\"2012-02-26T16:59:41+00:00\" \/>\n<meta property=\"og:image\" content=\"http:\/\/impacto.impact-structures.com\/wp-content\/uploads\/2011\/12\/prod101_small.jpg\" \/>\n<meta name=\"twitter:card\" content=\"summary_large_image\" \/>\n<meta name=\"twitter:label1\" content=\"Tiempo de lectura\" \/>\n\t<meta name=\"twitter:data1\" content=\"2 minutos\" \/>\n<script type=\"application\/ld+json\" class=\"yoast-schema-graph\">{\"@context\":\"https:\\\/\\\/schema.org\",\"@graph\":[{\"@type\":\"WebPage\",\"@id\":\"https:\\\/\\\/estructuras-de-impacto.impact-structures.com\\\/?page_id=1431\",\"url\":\"https:\\\/\\\/estructuras-de-impacto.impact-structures.com\\\/?page_id=1431\",\"name\":\"Deformaci\u00f3n por choque en conglomerados Tri\u00e1sicos del Buntsandstein, Espa\u00f1a - ERNSTSON CLAUDIN ESTRUCTURAS DE IMPACTO - CR\u00c1TERES METEOR\u00cdTICOS\",\"isPartOf\":{\"@id\":\"http:\\\/\\\/estructuras-de-impacto.impact-structures.com\\\/#website\"},\"primaryImageOfPage\":{\"@id\":\"https:\\\/\\\/estructuras-de-impacto.impact-structures.com\\\/?page_id=1431#primaryimage\"},\"image\":{\"@id\":\"https:\\\/\\\/estructuras-de-impacto.impact-structures.com\\\/?page_id=1431#primaryimage\"},\"thumbnailUrl\":\"http:\\\/\\\/impacto.impact-structures.com\\\/wp-content\\\/uploads\\\/2011\\\/12\\\/prod101_small.jpg\",\"datePublished\":\"2011-12-03T13:51:50+00:00\",\"dateModified\":\"2012-02-26T16:59:41+00:00\",\"breadcrumb\":{\"@id\":\"https:\\\/\\\/estructuras-de-impacto.impact-structures.com\\\/?page_id=1431#breadcrumb\"},\"inLanguage\":\"es\",\"potentialAction\":[{\"@type\":\"ReadAction\",\"target\":[\"https:\\\/\\\/estructuras-de-impacto.impact-structures.com\\\/?page_id=1431\"]}]},{\"@type\":\"ImageObject\",\"inLanguage\":\"es\",\"@id\":\"https:\\\/\\\/estructuras-de-impacto.impact-structures.com\\\/?page_id=1431#primaryimage\",\"url\":\"http:\\\/\\\/impacto.impact-structures.com\\\/wp-content\\\/uploads\\\/2011\\\/12\\\/prod101_small.jpg\",\"contentUrl\":\"http:\\\/\\\/impacto.impact-structures.com\\\/wp-content\\\/uploads\\\/2011\\\/12\\\/prod101_small.jpg\"},{\"@type\":\"BreadcrumbList\",\"@id\":\"https:\\\/\\\/estructuras-de-impacto.impact-structures.com\\\/?page_id=1431#breadcrumb\",\"itemListElement\":[{\"@type\":\"ListItem\",\"position\":1,\"name\":\"Portada\",\"item\":\"http:\\\/\\\/estructuras-de-impacto.impact-structures.com\\\/\"},{\"@type\":\"ListItem\",\"position\":2,\"name\":\"Las estructuras de impacto en Espa\u00f1a\",\"item\":\"http:\\\/\\\/estructuras-de-impacto.impact-structures.com\\\/?page_id=1404\"},{\"@type\":\"ListItem\",\"position\":3,\"name\":\"Deformaci\u00f3n por choque en conglomerados Tri\u00e1sicos del Buntsandstein, Espa\u00f1a\"}]},{\"@type\":\"WebSite\",\"@id\":\"http:\\\/\\\/estructuras-de-impacto.impact-structures.com\\\/#website\",\"url\":\"http:\\\/\\\/estructuras-de-impacto.impact-structures.com\\\/\",\"name\":\"ERNSTSON CLAUDIN ESTRUCTURAS DE IMPACTO - CR\u00c1TERES METEOR\u00cdTICOS\",\"description\":\"Investigaci\u00f3n sobre la geolog\u00eda, geof\u00edsica, y petrolog\u00eda\",\"potentialAction\":[{\"@type\":\"SearchAction\",\"target\":{\"@type\":\"EntryPoint\",\"urlTemplate\":\"http:\\\/\\\/estructuras-de-impacto.impact-structures.com\\\/?s={search_term_string}\"},\"query-input\":{\"@type\":\"PropertyValueSpecification\",\"valueRequired\":true,\"valueName\":\"search_term_string\"}}],\"inLanguage\":\"es\"}]}<\/script>\n<!-- \/ Yoast SEO plugin. -->","yoast_head_json":{"title":"Deformaci\u00f3n por choque en conglomerados Tri\u00e1sicos del Buntsandstein, Espa\u00f1a - ERNSTSON CLAUDIN ESTRUCTURAS DE IMPACTO - CR\u00c1TERES METEOR\u00cdTICOS","robots":{"index":"index","follow":"follow","max-snippet":"max-snippet:-1","max-image-preview":"max-image-preview:large","max-video-preview":"max-video-preview:-1"},"canonical":"https:\/\/estructuras-de-impacto.impact-structures.com\/?page_id=1431","og_locale":"es_ES","og_type":"article","og_title":"Deformaci\u00f3n por choque en conglomerados Tri\u00e1sicos del Buntsandstein, Espa\u00f1a - ERNSTSON CLAUDIN ESTRUCTURAS DE IMPACTO - CR\u00c1TERES METEOR\u00cdTICOS","og_description":"En el norte de Espa\u00f1a, los conglomerados basales del Buntsandstein se hallan expuestos en grandes \u00e1reas en las que por lo general sus componentes cuarc\u00edticos exhiben superficies con marcas por hoyos y cr\u00e1teres. Estos rasgos son bien conocidos entre los ge\u00f3logos y son comunmente explicados como debidos a la acci\u00f3n de disoluci\u00f3n por presi\u00f3n tect\u00f3nica &hellip; Continuar leyendo \"Deformaci\u00f3n por choque en conglomerados Tri\u00e1sicos del Buntsandstein, Espa\u00f1a\"","og_url":"https:\/\/estructuras-de-impacto.impact-structures.com\/?page_id=1431","og_site_name":"ERNSTSON CLAUDIN ESTRUCTURAS DE IMPACTO - CR\u00c1TERES METEOR\u00cdTICOS","article_modified_time":"2012-02-26T16:59:41+00:00","og_image":[{"url":"http:\/\/impacto.impact-structures.com\/wp-content\/uploads\/2011\/12\/prod101_small.jpg","type":"","width":"","height":""}],"twitter_card":"summary_large_image","twitter_misc":{"Tiempo de lectura":"2 minutos"},"schema":{"@context":"https:\/\/schema.org","@graph":[{"@type":"WebPage","@id":"https:\/\/estructuras-de-impacto.impact-structures.com\/?page_id=1431","url":"https:\/\/estructuras-de-impacto.impact-structures.com\/?page_id=1431","name":"Deformaci\u00f3n por choque en conglomerados Tri\u00e1sicos del Buntsandstein, Espa\u00f1a - ERNSTSON CLAUDIN ESTRUCTURAS DE IMPACTO - CR\u00c1TERES METEOR\u00cdTICOS","isPartOf":{"@id":"http:\/\/estructuras-de-impacto.impact-structures.com\/#website"},"primaryImageOfPage":{"@id":"https:\/\/estructuras-de-impacto.impact-structures.com\/?page_id=1431#primaryimage"},"image":{"@id":"https:\/\/estructuras-de-impacto.impact-structures.com\/?page_id=1431#primaryimage"},"thumbnailUrl":"http:\/\/impacto.impact-structures.com\/wp-content\/uploads\/2011\/12\/prod101_small.jpg","datePublished":"2011-12-03T13:51:50+00:00","dateModified":"2012-02-26T16:59:41+00:00","breadcrumb":{"@id":"https:\/\/estructuras-de-impacto.impact-structures.com\/?page_id=1431#breadcrumb"},"inLanguage":"es","potentialAction":[{"@type":"ReadAction","target":["https:\/\/estructuras-de-impacto.impact-structures.com\/?page_id=1431"]}]},{"@type":"ImageObject","inLanguage":"es","@id":"https:\/\/estructuras-de-impacto.impact-structures.com\/?page_id=1431#primaryimage","url":"http:\/\/impacto.impact-structures.com\/wp-content\/uploads\/2011\/12\/prod101_small.jpg","contentUrl":"http:\/\/impacto.impact-structures.com\/wp-content\/uploads\/2011\/12\/prod101_small.jpg"},{"@type":"BreadcrumbList","@id":"https:\/\/estructuras-de-impacto.impact-structures.com\/?page_id=1431#breadcrumb","itemListElement":[{"@type":"ListItem","position":1,"name":"Portada","item":"http:\/\/estructuras-de-impacto.impact-structures.com\/"},{"@type":"ListItem","position":2,"name":"Las estructuras de impacto en Espa\u00f1a","item":"http:\/\/estructuras-de-impacto.impact-structures.com\/?page_id=1404"},{"@type":"ListItem","position":3,"name":"Deformaci\u00f3n por choque en conglomerados Tri\u00e1sicos del Buntsandstein, Espa\u00f1a"}]},{"@type":"WebSite","@id":"http:\/\/estructuras-de-impacto.impact-structures.com\/#website","url":"http:\/\/estructuras-de-impacto.impact-structures.com\/","name":"ERNSTSON CLAUDIN ESTRUCTURAS DE IMPACTO - CR\u00c1TERES METEOR\u00cdTICOS","description":"Investigaci\u00f3n sobre la geolog\u00eda, geof\u00edsica, y petrolog\u00eda","potentialAction":[{"@type":"SearchAction","target":{"@type":"EntryPoint","urlTemplate":"http:\/\/estructuras-de-impacto.impact-structures.com\/?s={search_term_string}"},"query-input":{"@type":"PropertyValueSpecification","valueRequired":true,"valueName":"search_term_string"}}],"inLanguage":"es"}]}},"_links":{"self":[{"href":"http:\/\/estructuras-de-impacto.impact-structures.com\/index.php?rest_route=\/wp\/v2\/pages\/1431","targetHints":{"allow":["GET"]}}],"collection":[{"href":"http:\/\/estructuras-de-impacto.impact-structures.com\/index.php?rest_route=\/wp\/v2\/pages"}],"about":[{"href":"http:\/\/estructuras-de-impacto.impact-structures.com\/index.php?rest_route=\/wp\/v2\/types\/page"}],"author":[{"embeddable":true,"href":"http:\/\/estructuras-de-impacto.impact-structures.com\/index.php?rest_route=\/wp\/v2\/users\/1"}],"replies":[{"embeddable":true,"href":"http:\/\/estructuras-de-impacto.impact-structures.com\/index.php?rest_route=%2Fwp%2Fv2%2Fcomments&post=1431"}],"version-history":[{"count":0,"href":"http:\/\/estructuras-de-impacto.impact-structures.com\/index.php?rest_route=\/wp\/v2\/pages\/1431\/revisions"}],"up":[{"embeddable":true,"href":"http:\/\/estructuras-de-impacto.impact-structures.com\/index.php?rest_route=\/wp\/v2\/pages\/1404"}],"wp:attachment":[{"href":"http:\/\/estructuras-de-impacto.impact-structures.com\/index.php?rest_route=%2Fwp%2Fv2%2Fmedia&parent=1431"}],"curies":[{"name":"wp","href":"https:\/\/api.w.org\/{rel}","templated":true}]}}