{"id":1430,"date":"2011-12-03T13:51:03","date_gmt":"2011-12-03T13:51:03","guid":{"rendered":"http:\/\/cms.impact-structures.com\/?page_id=302"},"modified":"2011-12-17T11:12:40","modified_gmt":"2011-12-17T11:12:40","slug":"mesoscopic-deformations","status":"publish","type":"page","link":"http:\/\/estructuras-de-impacto.impact-structures.com\/?page_id=1430","title":{"rendered":"Deformaciones mesosc\u00f3picas"},"content":{"rendered":"<p><strong><span style=\"font-family: 'Trebuchet MS', Helvetica, Geneva, Swiss, SunSans-Regular;\"><a href=\"http:\/\/www.impaktstrukturen.de\/origi\/bild5a.jpg\" target=\"_blank\"><img decoding=\"async\" src=\"http:\/\/www.impact-structures.com\/images\/bild5a_small.jpg\" alt=\"bild5a.jpg (40448 Byte)\" border=\"0\" \/><\/a><a href=\"http:\/\/www.impaktstrukturen.de\/origi\/bild5b.jpg\" target=\"_blank\"><img decoding=\"async\" src=\"http:\/\/www.impact-structures.com\/images\/bild5b_small.jpg\" alt=\"bild5b.jpg (46304 Byte)\" border=\"0\" \/><\/a><\/span><\/strong><\/p>\n<p><span style=\"font-family: 'Trebuchet MS', Helvetica, Geneva, Swiss, SunSans-Regular;\">Eyecta de impacto: parte frontal y posterior de t\u00edpico bloque de caliza deformada. El di\u00e1metro de la moneda es de 25 mm.<\/span><\/p>\n<p><strong><a href=\"http:\/\/www.impaktstrukturen.de\/origi\/bild6.jpg\" target=\"_blank\"><span style=\"font-family: 'Trebuchet MS', Helvetica, Geneva, Swiss, SunSans-Regular;\"><img decoding=\"async\" src=\"http:\/\/www.impact-structures.com\/images\/bild6_small.jpg\" alt=\"bild6.jpg (72137 Byte)\" border=\"0\" \/><\/span><\/a><\/strong><\/p>\n<p>Eyecta de impacto de Puerto Minguez: componente calizo en el que pueden observarse intensas estriaciones y profundas impresiones (flechas). Las impresiones prominentes apuntan a una fuerte deformaci\u00f3n pl\u00e1stica bajo una gran presi\u00f3n de contacto con otros componentes.<\/p>\n<p><strong><a href=\"http:\/\/www.impaktstrukturen.de\/origi\/bild7.jpg\" target=\"_blank\"><span style=\"font-family: 'Trebuchet MS', Helvetica, Geneva, Swiss, SunSans-Regular;\"><img decoding=\"async\" src=\"http:\/\/www.impact-structures.com\/images\/bild7_small.jpg\" alt=\"bild7.jpg (65227 Byte)\" border=\"0\" \/><\/span><\/a><\/strong><\/p>\n<p>Eyecta de impacto de Puerto Minguez: componente calizo que muestra estriaciones muy finas y un pulido en espejo. Parecidas estr\u00edas debidas altas presiones y pulido en arcillas han sido descritas por E.C.T. Chao (Science, 194, 615-618, 1976) en los componentes de los eyectas del crater de Ries (Bunte breccia). Tambi\u00e9n hay que destacar las acanaladuras (flecha) que se formaron con posterioridad al pulido.<\/p>\n<p><strong><a href=\"http:\/\/www.impaktstrukturen.de\/origi\/bild8.jpg\" target=\"_blank\"><span style=\"font-family: 'Trebuchet MS', Helvetica, Geneva, Swiss, SunSans-Regular;\"><img decoding=\"async\" src=\"http:\/\/www.impact-structures.com\/images\/bild8_small.jpg\" alt=\"bild8.jpg (89234 Byte)\" border=\"0\" \/><\/span><\/a><\/strong><\/p>\n<p>Eyecta de impacto de Puerto Minguez: componente calizo que muestra dos conjuntos de estriaciones (direcci\u00f3n NE y ESE), marcas de penetraci\u00f3n, y ligeras fracturas rotacionales (flechas). Las grandes marcas de penetraci\u00f3n recuerdan a las que deja un cuchillo cuando pasa por encima de la mantequilla.<\/p>\n<p><strong><span style=\"font-family: 'Trebuchet MS', Helvetica, Geneva, Swiss, SunSans-Regular;\"><a href=\"http:\/\/www.impaktstrukturen.de\/origi\/124.jpg\" target=\"_blank\"><img loading=\"lazy\" decoding=\"async\" src=\"http:\/\/www.impact-structures.com\/imagekl\/kl0124.jpg\" alt=\"\" width=\"250\" height=\"178\" border=\"0\" \/><\/a><a href=\"http:\/\/www.impaktstrukturen.de\/origi\/bild9b.jpg\" target=\"_blank\"><img loading=\"lazy\" decoding=\"async\" src=\"http:\/\/www.impact-structures.com\/images\/bild9b_small.jpg\" alt=\"bild9b.jpg (43876 Byte)\" width=\"240\" height=\"179\" border=\"0\" \/><\/a><\/span><\/strong><\/p>\n<p><span style=\"font-family: 'Trebuchet MS', Helvetica, Geneva, Swiss, SunSans-Regular;\">Eyecta de impacto de Puerto Minguez: componente calizo con estrias, acanaladuras, y marcas de penetraci\u00f3n en contacto que dan como resultado una morfolog\u00eda en facetas.\u00a0<\/span><span style=\"font-family: 'Trebuchet MS', Helvetica, Geneva, Swiss, SunSans-Regular;\">A la derecha: Parte posterior del mismo componente con deformaciones similares y un pulido en espejo adicional<\/span><span style=\"font-family: 'Trebuchet MS', Helvetica, Geneva, Swiss, SunSans-Regular;\">.<\/span><\/p>\n<p>&nbsp;<\/p>\n<p>&nbsp;<\/p>\n<p align=\"LEFT\"><strong><span style=\"font-family: 'Trebuchet MS', Helvetica, Geneva, Swiss, SunSans-Regular;\"><a href=\"http:\/\/www.impaktstrukturen.de\/origi\/bild10a.jpg\" target=\"_blank\"><img loading=\"lazy\" decoding=\"async\" src=\"http:\/\/www.impact-structures.com\/images\/bild10a_small.jpg\" alt=\"bild10a.jpg (67447 Byte)\" width=\"252\" height=\"177\" border=\"0\" \/><\/a><a href=\"http:\/\/www.impaktstrukturen.de\/origi\/bild10b.jpg\" target=\"_blank\"><img loading=\"lazy\" decoding=\"async\" src=\"http:\/\/www.impact-structures.com\/images\/bild10b_small.jpg\" alt=\"bild10b.jpg (44308 Byte)\" width=\"245\" height=\"176\" border=\"0\" \/><\/a><\/span><\/strong><\/p>\n<p align=\"LEFT\">Eyecta de Puerto Minguez: Componente calizo intensamente deformado con desplazamientos prominentes, los cuales est\u00e1n pr\u00e1cticamente ausentes en la parte posterior (ver fotograf\u00eda de la derecha). Los fragmentos de bordes abruptos presentes en la fractura y la impresi\u00f3n de aproximadamente 1 cm de profundidad (flecha) abogan por un comportamiento a la vez fr\u00e1gil y pl\u00e1stico de la muestra bajo la deformaci\u00f3n.<\/p>\n<p><strong><span style=\"font-family: 'Trebuchet MS', Helvetica, Geneva, Swiss, SunSans-Regular;\"><a href=\"http:\/\/www.impaktstrukturen.de\/origi\/BILD11a.jpg\" target=\"_blank\"><img loading=\"lazy\" decoding=\"async\" src=\"http:\/\/www.impact-structures.com\/images\/BILD11a_small.jpg\" alt=\"BILD11a.jpg (62363 Byte)\" width=\"251\" height=\"187\" border=\"0\" \/><\/a><a href=\"http:\/\/www.impaktstrukturen.de\/origi\/bild11b.jpg\" target=\"_blank\"><img loading=\"lazy\" decoding=\"async\" src=\"http:\/\/www.impact-structures.com\/images\/bild11b_small.jpg\" alt=\"bild11b.jpg (51506 Byte)\" width=\"247\" height=\"187\" border=\"0\" \/><\/a><\/span><\/strong><\/p>\n<p>Eyecta de impacto de Puerto Minguez: Componente calizo que muestra una intensa torsi\u00f3n interna. La distinta torsi\u00f3n se relaciona con charnelas macrosc\u00f3picas intocadas y con fracturas rotacionales que afectan a la totalidad del bloque sin llegar a romperlo en fragmentos.<\/p>\n<p>Derecha: Parte posterior del bloque. \u2013 Estas fracturas rotacionales son muy frecuentes en los componentes de los eyecta de Puerto Minguez y tambi\u00e9n en los componentes de los eyecta de la Fm. Pelarda (ver Ernstson &amp; Claudin 1990). Fracturas rotacionales muy similares han sido descritas por E.C.T. Chao (Geol. Jb., A 43, 1977) en los eyectas del crater de Ries (Bunte breccia) donde las correspondientes concreciones calizas deformadas se presentan en el interior de arcillas blandas del Jur\u00e1sico. Los componentes fracturados por torsi\u00f3n de los eyectas de la Fm. Pelarda y de Puerto M\u00ednguez tambi\u00e9n se presentan en una matriz blanda. Adem\u00e1s, las fracturas rotacionales son consideradas como t\u00edpicas de una deformaci\u00f3n por impacto corta bajo gran presi\u00f3n de confinamiento. Una deformaci\u00f3n tect\u00f3nica quasi est\u00e1tica primigenia puede excluirse, dado que algunas de las fracturas rotacionales cortan de manera brusca las estriaciones que se formaron dentro de la matriz y que precedieron \u2013 de manera obvia \u2013 a las fracturas.<\/p>\n<p>&nbsp;<\/p>\n<p><strong><a href=\"http:\/\/www.impaktstrukturen.de\/origi\/bild12.jpg\" target=\"_blank\"><span style=\"font-family: 'Trebuchet MS', Helvetica, Geneva, Swiss, SunSans-Regular;\"><img decoding=\"async\" src=\"http:\/\/www.impact-structures.com\/images\/bild12_small.jpg\" alt=\"bild12.jpg (54744 Byte)\" border=\"0\" \/><\/span><\/a><\/strong><\/p>\n<p>Eyectas de impacto de Puerto Minguez: componente calizo qu muestra fracturas rotacionales y charnelas macrosc\u00f3picas intocadas.<\/p>\n<p><strong><a href=\"http:\/\/www.impaktstrukturen.de\/origi\/BILD13.jpg\" target=\"_blank\"><span style=\"font-family: 'Trebuchet MS', Helvetica, Geneva, Swiss, SunSans-Regular;\"><img decoding=\"async\" src=\"http:\/\/www.impact-structures.com\/images\/BILD13_small.jpg\" alt=\"BILD13.jpg (79083 Byte)\" border=\"0\" \/><\/span><\/a><\/strong><\/p>\n<p>Eyecta de impacto de Puerto Minguez: componente calizo que muestra una fractura rotacional resultado de la superposic\u00f3n de torsi\u00f3n y distensi\u00f3n. La parte posterior del bloque no presenta desplazamientos visibles.<\/p>\n<p align=\"LEFT\"><strong><span style=\"font-family: 'Trebuchet MS', Helvetica, Geneva, Swiss, SunSans-Regular;\"><a href=\"http:\/\/www.impaktstrukturen.de\/origi\/Bild14a.jpg\" target=\"_blank\"><img decoding=\"async\" src=\"http:\/\/www.impact-structures.com\/images\/Bild14a_small.jpg\" alt=\"Bild14a.jpg (50987 Byte)\" border=\"0\" \/><\/a><a href=\"http:\/\/www.impaktstrukturen.de\/origi\/bild14b.jpg\" target=\"_blank\"><img decoding=\"async\" src=\"http:\/\/www.impact-structures.com\/images\/bild14b_small.jpg\" alt=\"bild14b.jpg (42210 Byte)\" border=\"0\" \/><\/a><\/span><\/strong><\/p>\n<p align=\"LEFT\"><strong><span style=\"font-family: 'Trebuchet MS', Helvetica, Geneva, Swiss, SunSans-Regular;\"><a href=\"http:\/\/www.impaktstrukturen.de\/origi\/bild14c.jpg\" target=\"_blank\"><img decoding=\"async\" src=\"http:\/\/www.impact-structures.com\/images\/bild14c_small.jpg\" alt=\"bild14c.jpg (44547 Byte)\" border=\"0\" \/><\/a><a href=\"http:\/\/www.impaktstrukturen.de\/origi\/bild14d.jpg\" target=\"_blank\"><img decoding=\"async\" src=\"http:\/\/www.impact-structures.com\/images\/bild14d_small.jpg\" alt=\"bild14d.jpg (44797 Byte)\" border=\"0\" \/><\/a><\/span><\/strong><\/p>\n<p align=\"LEFT\">Eyectas de impacto de Puerto Minguez: diferentes aspectos (de arriba hacia abajo; no olvidar apretar el bot\u00f3n del rat\u00f3n sobre las fotos) de un clasto calizo intensamente deformado que muestra fracturas rotacionales, impresiones profundas, acanaladuras, estriaciones, y un d\u00e9bil pulido.<\/p>\n<p align=\"LEFT\"><strong><span style=\"font-family: 'Trebuchet MS', Helvetica, Geneva, Swiss, SunSans-Regular;\"><a href=\"http:\/\/www.impaktstrukturen.de\/origi\/bild15a.jpg\" target=\"_blank\"><img loading=\"lazy\" decoding=\"async\" src=\"http:\/\/www.impact-structures.com\/images\/bild15a_small.jpg\" alt=\"bild15a.jpg (72849 Byte)\" width=\"299\" height=\"205\" border=\"0\" \/><\/a><a href=\"http:\/\/www.impaktstrukturen.de\/origi\/bild15b.jpg\" target=\"_blank\"><img loading=\"lazy\" decoding=\"async\" src=\"http:\/\/www.impact-structures.com\/images\/bild15b_small.jpg\" alt=\"bild15b.jpg (67864 Byte)\" width=\"247\" height=\"195\" border=\"0\" \/><\/a><\/span><\/strong><\/p>\n<p align=\"LEFT\">Eyectas de impacto de Puerto Minguez: deformaci\u00f3n t\u00edpica en un clasto (izquierda), a primera vista como un trozo de pan cortado en rodajas. No obstante, el clasto no se halla roto en fragmentos. Deformaciones muy similares son bien conocidas en los eyectas del cr\u00e1ter de Ries, donde se presentan en las concreciones carbonatadas (derecha) y en los denominados y famosos belemnites de Ries (ambos inmersos dentro de arcillas blandas del Jur\u00e1sico). A causa de hallarse inmersos en un material blando, los fragmentos de rostro de belemnites fueron siempre considerados como una prueba de deformaci\u00f3n din\u00e1mica de corta duraci\u00f3n, originalmente debida a una explosi\u00f3n volc\u00e1nica (antes de que el cr\u00e1ter de Ries hubiera sido aceptado como una estructura de impacto).<\/p>\n","protected":false},"excerpt":{"rendered":"<p>Eyecta de impacto: parte frontal y posterior de t\u00edpico bloque de caliza deformada. El di\u00e1metro de la moneda es de 25 mm. Eyecta de impacto de Puerto Minguez: componente calizo en el que pueden observarse intensas estriaciones y profundas impresiones (flechas). Las impresiones prominentes apuntan a una fuerte deformaci\u00f3n pl\u00e1stica bajo una gran presi\u00f3n de &hellip; <a href=\"http:\/\/estructuras-de-impacto.impact-structures.com\/?page_id=1430\" class=\"more-link\">Continuar leyendo<span class=\"screen-reader-text\"> \u00abDeformaciones mesosc\u00f3picas\u00bb<\/span><\/a><\/p>\n","protected":false},"author":1,"featured_media":0,"parent":1428,"menu_order":0,"comment_status":"closed","ping_status":"closed","template":"sidebar-page.php","meta":{"footnotes":""},"class_list":["post-1430","page","type-page","status-publish","hentry"],"yoast_head":"<!-- This site is optimized with the Yoast SEO plugin v27.3 - https:\/\/yoast.com\/product\/yoast-seo-wordpress\/ -->\n<title>Deformaciones mesosc\u00f3picas - ERNSTSON CLAUDIN ESTRUCTURAS DE IMPACTO - CR\u00c1TERES METEOR\u00cdTICOS<\/title>\n<meta name=\"robots\" content=\"index, follow, max-snippet:-1, max-image-preview:large, max-video-preview:-1\" \/>\n<link rel=\"canonical\" href=\"https:\/\/estructuras-de-impacto.impact-structures.com\/?page_id=1430\" \/>\n<meta property=\"og:locale\" content=\"es_ES\" \/>\n<meta property=\"og:type\" content=\"article\" \/>\n<meta property=\"og:title\" content=\"Deformaciones mesosc\u00f3picas - ERNSTSON CLAUDIN ESTRUCTURAS DE IMPACTO - CR\u00c1TERES METEOR\u00cdTICOS\" \/>\n<meta property=\"og:description\" content=\"Eyecta de impacto: parte frontal y posterior de t\u00edpico bloque de caliza deformada. El di\u00e1metro de la moneda es de 25 mm. Eyecta de impacto de Puerto Minguez: componente calizo en el que pueden observarse intensas estriaciones y profundas impresiones (flechas). Las impresiones prominentes apuntan a una fuerte deformaci\u00f3n pl\u00e1stica bajo una gran presi\u00f3n de &hellip; Continuar leyendo &quot;Deformaciones mesosc\u00f3picas&quot;\" \/>\n<meta property=\"og:url\" content=\"https:\/\/estructuras-de-impacto.impact-structures.com\/?page_id=1430\" \/>\n<meta property=\"og:site_name\" content=\"ERNSTSON CLAUDIN ESTRUCTURAS DE IMPACTO - CR\u00c1TERES METEOR\u00cdTICOS\" \/>\n<meta property=\"article:modified_time\" content=\"2011-12-17T11:12:40+00:00\" \/>\n<meta property=\"og:image\" content=\"http:\/\/www.impact-structures.com\/images\/bild5a_small.jpg\" \/>\n<meta name=\"twitter:card\" content=\"summary_large_image\" \/>\n<meta name=\"twitter:label1\" content=\"Tiempo de lectura\" \/>\n\t<meta name=\"twitter:data1\" content=\"4 minutos\" \/>\n<script type=\"application\/ld+json\" class=\"yoast-schema-graph\">{\"@context\":\"https:\\\/\\\/schema.org\",\"@graph\":[{\"@type\":\"WebPage\",\"@id\":\"https:\\\/\\\/estructuras-de-impacto.impact-structures.com\\\/?page_id=1430\",\"url\":\"https:\\\/\\\/estructuras-de-impacto.impact-structures.com\\\/?page_id=1430\",\"name\":\"Deformaciones mesosc\u00f3picas - ERNSTSON CLAUDIN ESTRUCTURAS DE IMPACTO - CR\u00c1TERES METEOR\u00cdTICOS\",\"isPartOf\":{\"@id\":\"http:\\\/\\\/estructuras-de-impacto.impact-structures.com\\\/#website\"},\"primaryImageOfPage\":{\"@id\":\"https:\\\/\\\/estructuras-de-impacto.impact-structures.com\\\/?page_id=1430#primaryimage\"},\"image\":{\"@id\":\"https:\\\/\\\/estructuras-de-impacto.impact-structures.com\\\/?page_id=1430#primaryimage\"},\"thumbnailUrl\":\"http:\\\/\\\/www.impact-structures.com\\\/images\\\/bild5a_small.jpg\",\"datePublished\":\"2011-12-03T13:51:03+00:00\",\"dateModified\":\"2011-12-17T11:12:40+00:00\",\"breadcrumb\":{\"@id\":\"https:\\\/\\\/estructuras-de-impacto.impact-structures.com\\\/?page_id=1430#breadcrumb\"},\"inLanguage\":\"es\",\"potentialAction\":[{\"@type\":\"ReadAction\",\"target\":[\"https:\\\/\\\/estructuras-de-impacto.impact-structures.com\\\/?page_id=1430\"]}]},{\"@type\":\"ImageObject\",\"inLanguage\":\"es\",\"@id\":\"https:\\\/\\\/estructuras-de-impacto.impact-structures.com\\\/?page_id=1430#primaryimage\",\"url\":\"http:\\\/\\\/www.impact-structures.com\\\/images\\\/bild5a_small.jpg\",\"contentUrl\":\"http:\\\/\\\/www.impact-structures.com\\\/images\\\/bild5a_small.jpg\"},{\"@type\":\"BreadcrumbList\",\"@id\":\"https:\\\/\\\/estructuras-de-impacto.impact-structures.com\\\/?page_id=1430#breadcrumb\",\"itemListElement\":[{\"@type\":\"ListItem\",\"position\":1,\"name\":\"Portada\",\"item\":\"http:\\\/\\\/estructuras-de-impacto.impact-structures.com\\\/\"},{\"@type\":\"ListItem\",\"position\":2,\"name\":\"Las estructuras de impacto en Espa\u00f1a\",\"item\":\"http:\\\/\\\/estructuras-de-impacto.impact-structures.com\\\/?page_id=1404\"},{\"@type\":\"ListItem\",\"position\":3,\"name\":\"Eyectas de impacto en Puerto M\u00ednguez\",\"item\":\"https:\\\/\\\/estructuras-de-impacto.impact-structures.com\\\/?page_id=1428\"},{\"@type\":\"ListItem\",\"position\":4,\"name\":\"Deformaciones mesosc\u00f3picas\"}]},{\"@type\":\"WebSite\",\"@id\":\"http:\\\/\\\/estructuras-de-impacto.impact-structures.com\\\/#website\",\"url\":\"http:\\\/\\\/estructuras-de-impacto.impact-structures.com\\\/\",\"name\":\"ERNSTSON CLAUDIN ESTRUCTURAS DE IMPACTO - CR\u00c1TERES METEOR\u00cdTICOS\",\"description\":\"Investigaci\u00f3n sobre la geolog\u00eda, geof\u00edsica, y petrolog\u00eda\",\"potentialAction\":[{\"@type\":\"SearchAction\",\"target\":{\"@type\":\"EntryPoint\",\"urlTemplate\":\"http:\\\/\\\/estructuras-de-impacto.impact-structures.com\\\/?s={search_term_string}\"},\"query-input\":{\"@type\":\"PropertyValueSpecification\",\"valueRequired\":true,\"valueName\":\"search_term_string\"}}],\"inLanguage\":\"es\"}]}<\/script>\n<!-- \/ Yoast SEO plugin. -->","yoast_head_json":{"title":"Deformaciones mesosc\u00f3picas - ERNSTSON CLAUDIN ESTRUCTURAS DE IMPACTO - CR\u00c1TERES METEOR\u00cdTICOS","robots":{"index":"index","follow":"follow","max-snippet":"max-snippet:-1","max-image-preview":"max-image-preview:large","max-video-preview":"max-video-preview:-1"},"canonical":"https:\/\/estructuras-de-impacto.impact-structures.com\/?page_id=1430","og_locale":"es_ES","og_type":"article","og_title":"Deformaciones mesosc\u00f3picas - ERNSTSON CLAUDIN ESTRUCTURAS DE IMPACTO - CR\u00c1TERES METEOR\u00cdTICOS","og_description":"Eyecta de impacto: parte frontal y posterior de t\u00edpico bloque de caliza deformada. El di\u00e1metro de la moneda es de 25 mm. Eyecta de impacto de Puerto Minguez: componente calizo en el que pueden observarse intensas estriaciones y profundas impresiones (flechas). Las impresiones prominentes apuntan a una fuerte deformaci\u00f3n pl\u00e1stica bajo una gran presi\u00f3n de &hellip; Continuar leyendo \"Deformaciones mesosc\u00f3picas\"","og_url":"https:\/\/estructuras-de-impacto.impact-structures.com\/?page_id=1430","og_site_name":"ERNSTSON CLAUDIN ESTRUCTURAS DE IMPACTO - CR\u00c1TERES METEOR\u00cdTICOS","article_modified_time":"2011-12-17T11:12:40+00:00","og_image":[{"url":"http:\/\/www.impact-structures.com\/images\/bild5a_small.jpg","type":"","width":"","height":""}],"twitter_card":"summary_large_image","twitter_misc":{"Tiempo de lectura":"4 minutos"},"schema":{"@context":"https:\/\/schema.org","@graph":[{"@type":"WebPage","@id":"https:\/\/estructuras-de-impacto.impact-structures.com\/?page_id=1430","url":"https:\/\/estructuras-de-impacto.impact-structures.com\/?page_id=1430","name":"Deformaciones mesosc\u00f3picas - ERNSTSON CLAUDIN ESTRUCTURAS DE IMPACTO - CR\u00c1TERES METEOR\u00cdTICOS","isPartOf":{"@id":"http:\/\/estructuras-de-impacto.impact-structures.com\/#website"},"primaryImageOfPage":{"@id":"https:\/\/estructuras-de-impacto.impact-structures.com\/?page_id=1430#primaryimage"},"image":{"@id":"https:\/\/estructuras-de-impacto.impact-structures.com\/?page_id=1430#primaryimage"},"thumbnailUrl":"http:\/\/www.impact-structures.com\/images\/bild5a_small.jpg","datePublished":"2011-12-03T13:51:03+00:00","dateModified":"2011-12-17T11:12:40+00:00","breadcrumb":{"@id":"https:\/\/estructuras-de-impacto.impact-structures.com\/?page_id=1430#breadcrumb"},"inLanguage":"es","potentialAction":[{"@type":"ReadAction","target":["https:\/\/estructuras-de-impacto.impact-structures.com\/?page_id=1430"]}]},{"@type":"ImageObject","inLanguage":"es","@id":"https:\/\/estructuras-de-impacto.impact-structures.com\/?page_id=1430#primaryimage","url":"http:\/\/www.impact-structures.com\/images\/bild5a_small.jpg","contentUrl":"http:\/\/www.impact-structures.com\/images\/bild5a_small.jpg"},{"@type":"BreadcrumbList","@id":"https:\/\/estructuras-de-impacto.impact-structures.com\/?page_id=1430#breadcrumb","itemListElement":[{"@type":"ListItem","position":1,"name":"Portada","item":"http:\/\/estructuras-de-impacto.impact-structures.com\/"},{"@type":"ListItem","position":2,"name":"Las estructuras de impacto en Espa\u00f1a","item":"http:\/\/estructuras-de-impacto.impact-structures.com\/?page_id=1404"},{"@type":"ListItem","position":3,"name":"Eyectas de impacto en Puerto M\u00ednguez","item":"https:\/\/estructuras-de-impacto.impact-structures.com\/?page_id=1428"},{"@type":"ListItem","position":4,"name":"Deformaciones mesosc\u00f3picas"}]},{"@type":"WebSite","@id":"http:\/\/estructuras-de-impacto.impact-structures.com\/#website","url":"http:\/\/estructuras-de-impacto.impact-structures.com\/","name":"ERNSTSON CLAUDIN ESTRUCTURAS DE IMPACTO - CR\u00c1TERES METEOR\u00cdTICOS","description":"Investigaci\u00f3n sobre la geolog\u00eda, geof\u00edsica, y petrolog\u00eda","potentialAction":[{"@type":"SearchAction","target":{"@type":"EntryPoint","urlTemplate":"http:\/\/estructuras-de-impacto.impact-structures.com\/?s={search_term_string}"},"query-input":{"@type":"PropertyValueSpecification","valueRequired":true,"valueName":"search_term_string"}}],"inLanguage":"es"}]}},"_links":{"self":[{"href":"http:\/\/estructuras-de-impacto.impact-structures.com\/index.php?rest_route=\/wp\/v2\/pages\/1430","targetHints":{"allow":["GET"]}}],"collection":[{"href":"http:\/\/estructuras-de-impacto.impact-structures.com\/index.php?rest_route=\/wp\/v2\/pages"}],"about":[{"href":"http:\/\/estructuras-de-impacto.impact-structures.com\/index.php?rest_route=\/wp\/v2\/types\/page"}],"author":[{"embeddable":true,"href":"http:\/\/estructuras-de-impacto.impact-structures.com\/index.php?rest_route=\/wp\/v2\/users\/1"}],"replies":[{"embeddable":true,"href":"http:\/\/estructuras-de-impacto.impact-structures.com\/index.php?rest_route=%2Fwp%2Fv2%2Fcomments&post=1430"}],"version-history":[{"count":0,"href":"http:\/\/estructuras-de-impacto.impact-structures.com\/index.php?rest_route=\/wp\/v2\/pages\/1430\/revisions"}],"up":[{"embeddable":true,"href":"http:\/\/estructuras-de-impacto.impact-structures.com\/index.php?rest_route=\/wp\/v2\/pages\/1428"}],"wp:attachment":[{"href":"http:\/\/estructuras-de-impacto.impact-structures.com\/index.php?rest_route=%2Fwp%2Fv2%2Fmedia&parent=1430"}],"curies":[{"name":"wp","href":"https:\/\/api.w.org\/{rel}","templated":true}]}}