{"id":143,"date":"2011-12-02T16:04:05","date_gmt":"2011-12-02T16:04:05","guid":{"rendered":"http:\/\/cms.impact-structures.com\/?page_id=143"},"modified":"2011-12-16T14:09:59","modified_gmt":"2011-12-16T14:09:59","slug":"the-rochechouart-impact-structure","status":"publish","type":"page","link":"http:\/\/estructuras-de-impacto.impact-structures.com\/?page_id=143","title":{"rendered":"La estructura de impacto de Rochechouart"},"content":{"rendered":"<h2>Introducci\u00f3n<\/h2>\n<p>La estructura de impacto se halla localizada en el suroeste de Francia (Fig.1) en el margen del Macizo Central (Fig.2). Originada en un objetivo cristalino, con una edad de 214 Ma (Tri\u00e1sico superior), est\u00e1 profundamente erosionada y carece de rasgos morfol\u00f3gicos de impacto.<\/p>\n<p><img loading=\"lazy\" decoding=\"async\" src=\"http:\/\/www.impact-structures.com\/imagekl\/rouimage002.jpg\" alt=\"\" width=\"390\" height=\"256\" border=\"0\" \/><\/p>\n<p>Fig. 1.<span class=\"Apple-style-span\" style=\"font-size: 14px; line-height: 22px;\">Paisaje en la zona del Limousin Franc\u00e9s en el que se puede apreciar la peque\u00f1a ciudad de Rochechouart.<\/span><\/p>\n<p>A partir de los datos gravim\u00e9tricos y de la presencia de rocas de impacto, se ha estimado un di\u00e1metro original para la estructura de entre 20 y 30 Km. Rochechouart ha sido citado (Spray et al. 1998, Nature, 392, 171-173) como perteneciente a una cadena de 5 cr\u00e1teres sitos entre Europa y Norteam\u00e9rica (junto con el Manicouagan y el Saint Mart\u00edn en Canada, Red Wing en USA, y el Obolon en Ucrania), indicativos de la rotura y subsecuente impacto de un cometa o asteroide. Tambi\u00e9n se ha sugerido su relaci\u00f3n con la extinci\u00f3n en masa de finales del per\u00edodo Tri\u00e1sico.<\/p>\n<p><img loading=\"lazy\" decoding=\"async\" src=\"http:\/\/www.impact-structures.com\/imagekl\/rouimage004.jpg\" alt=\"\" width=\"509\" height=\"334\" border=\"0\" \/><\/p>\n<p>Fig. 2.\u00a0<span class=\"Apple-style-span\" style=\"font-size: 14px; line-height: 22px;\">Localizaci\u00f3n de la estructura de impacto de Rochechouart en el margen del Macizo Central Franc\u00e9s. Mapa geol\u00f3gico general y anomal\u00edas gravim\u00e9tricas de Bouger (BRGM).<\/span><\/p>\n<p>Rochechouart presenta la misma historia que otras estructuras de impacto. Las inusuales rocas de la zona fueron citadas por primera vez en 1808 (Kraut, 1969) y al mismo tiempo consideradas como volc\u00e1nicas o productos de la actividad humana. Hasta los a\u00f1os 60 del siglo XX, las impactitas fueron consideradas como rocas volc\u00e1nicas y como brechas tect\u00f3nicas (ver, p.e., el viejo mapa geol\u00f3gico a escala 1:80000, hoja de Rochechouart).<\/p>\n<p>Fue el ge\u00f3logo franc\u00e9s Fran\u00e7ois Kraut quien a mediados de los 60 se\u00f1al\u00f3 las fuertes similitudes entre las rocas \u201cvolc\u00e1nicas\u201d de Rochechouart y las impactitas del cr\u00e1ter de Ries. Kraut record\u00f3 su primer trabajo (1937) sobre las rocas enigm\u00e1ticas de Rochechouart, as\u00ed como los rasgos de deformaci\u00f3n planar (PDFs) que hab\u00eda observado en los cuarzos en esa \u00e9poca y a los que no hab\u00eda dado ninguna importancia.<\/p>\n<p>Tambi\u00e9n en los a\u00f1os 60, la estructura anular de Ries (N\u00f6rdlinger Ries), en Alemania, fue el centro de una gran controversia sobre su origen cuando Shoemaker y Chao hallaron coesita y stishovita (polimorfos de alta presi\u00f3n del SiO2) en muestras de suevita procedentes de la misma. Los contrarios a un origen por impacto y defensores de un origen por una explosi\u00f3n volc\u00e1nica se\u00f1alaban una y otra vez los peculiares rasgos de la geologia regional incluso cuando ya no hab\u00eda ninguna duda sobre el origen extraterrestre de la estructura de Ries (ver tambi\u00e9n\u00a0<a href=\"http:\/\/www.impact-structures.com\/spain\/controversy\/controversy.htm\">http:\/\/www.impact-structures.com\/spain\/controversy\/controversy.htm<\/a>\u00a0)<\/p>\n<p>Kraut estaba enterado de esta controversia y en 1968\/1969 afirm\u00f3: En el caso de las brechas de fundido y las PDFs de Rochechouart formadas por impacto meteor\u00edtico, toda la geolog\u00eda regional ha de ser completamente revisada [Kraut, F. (1969). A new impact occurrence in the area of Rochechouart-Chassenon (Haute Vienne et Charente, France). &#8211; Geologica Bavarica, 61, 428-450 (in German).].<\/p>\n<p>En este punto, es curioso constatar que 35 a\u00f1os despu\u00e9s, la misma controversia se produce con ge\u00f3logos espa\u00f1oles de la Universidad de Zaragoza y del centro de Astrobiologia de Madrid (p.e., M. Aurell, A.L. Cort\u00e9s, E. Diaz-Mart\u00ednez) que rechazan vehemente un origen por impacto para las estructuras de Azuara y Rubielos de la C\u00e9rida alegando su incompatibilidad con la geolog\u00eda regional (ver\u00a0<a href=\"http:\/\/www.impact-structures.com\/spain\/controversy\/controversy.htm\">http:\/\/www.impact-structures.com\/spain\/controversy\/controversy.htm<\/a>\u00a0).<\/p>\n<p>En el caso de Rochechouart, la geolog\u00eda regional ha sido completamente revisada y plasmada en un espl\u00e9ndido mapa geol\u00f3gico [CARTE G\u00c9OLOGIQUE DE LA FRANCE \u00c0 1\/50 000, ROCHECHOUART; \u00c9ditions du BRGM, Service g\u00e9ologique national; Notice explicative par Ch\u00e8vremont et al., 1996]. Un corte geol\u00f3gico de la estructura de impacto correspondiente a este mapa se muestra en la Fig. 3.<\/p>\n<p><img loading=\"lazy\" decoding=\"async\" src=\"http:\/\/www.impact-structures.com\/imagekl\/rouimage006.jpg\" alt=\"\" width=\"604\" height=\"218\" border=\"0\" \/><\/p>\n<p>Fig. 3.\u00a0<span class=\"Apple-style-span\" style=\"font-size: 14px; line-height: 22px;\">Corte geol\u00f3gico de la estructura de impacto de Rochechouart (modificado de U. Sch\u00e4rer (1994): Guide for field trip to the Rochechouart impact structure. &#8211; ESF Third International Workshop, Limoges).<\/span><\/p>\n<p>En los a\u00f1os 70, los mandatarios de la ciudad de Rochechouart se enteraron del impacto en Rochechouart, y demostraron que se hab\u00edan emprendido los pasos necesarios (Fig. 4).<\/p>\n<p><img loading=\"lazy\" decoding=\"async\" src=\"http:\/\/www.impact-structures.com\/imagekl\/rouimage008.jpg\" alt=\"\" width=\"373\" height=\"512\" border=\"0\" \/><\/p>\n<p>Fig.4.\u00a0<span class=\"Apple-style-span\" style=\"font-size: 14px; line-height: 22px;\">Aproxim\u00e1ndonos al Castillo de Rochechouart. (Traducci\u00f3n: peligro por ca\u00edda de rocas)<\/span><\/p>\n","protected":false},"excerpt":{"rendered":"<p>Introducci\u00f3n La estructura de impacto se halla localizada en el suroeste de Francia (Fig.1) en el margen del Macizo Central (Fig.2). Originada en un objetivo cristalino, con una edad de 214 Ma (Tri\u00e1sico superior), est\u00e1 profundamente erosionada y carece de rasgos morfol\u00f3gicos de impacto. Fig. 1.Paisaje en la zona del Limousin Franc\u00e9s en el que &hellip; <a href=\"http:\/\/estructuras-de-impacto.impact-structures.com\/?page_id=143\" class=\"more-link\">Continuar leyendo<span class=\"screen-reader-text\"> \u00abLa estructura de impacto de Rochechouart\u00bb<\/span><\/a><\/p>\n","protected":false},"author":1,"featured_media":0,"parent":1405,"menu_order":0,"comment_status":"closed","ping_status":"closed","template":"sidebar-page.php","meta":{"footnotes":""},"class_list":["post-143","page","type-page","status-publish","hentry"],"yoast_head":"<!-- This site is optimized with the Yoast SEO plugin v27.3 - https:\/\/yoast.com\/product\/yoast-seo-wordpress\/ -->\n<title>La estructura de impacto de Rochechouart - ERNSTSON CLAUDIN ESTRUCTURAS DE IMPACTO - CR\u00c1TERES METEOR\u00cdTICOS<\/title>\n<meta name=\"robots\" content=\"index, follow, max-snippet:-1, max-image-preview:large, max-video-preview:-1\" \/>\n<link rel=\"canonical\" href=\"https:\/\/estructuras-de-impacto.impact-structures.com\/?page_id=143\" \/>\n<meta property=\"og:locale\" content=\"es_ES\" \/>\n<meta property=\"og:type\" content=\"article\" \/>\n<meta property=\"og:title\" content=\"La estructura de impacto de Rochechouart - ERNSTSON CLAUDIN ESTRUCTURAS DE IMPACTO - CR\u00c1TERES METEOR\u00cdTICOS\" \/>\n<meta property=\"og:description\" content=\"Introducci\u00f3n La estructura de impacto se halla localizada en el suroeste de Francia (Fig.1) en el margen del Macizo Central (Fig.2). Originada en un objetivo cristalino, con una edad de 214 Ma (Tri\u00e1sico superior), est\u00e1 profundamente erosionada y carece de rasgos morfol\u00f3gicos de impacto. Fig. 1.Paisaje en la zona del Limousin Franc\u00e9s en el que &hellip; Continuar leyendo &quot;La estructura de impacto de Rochechouart&quot;\" \/>\n<meta property=\"og:url\" content=\"https:\/\/estructuras-de-impacto.impact-structures.com\/?page_id=143\" \/>\n<meta property=\"og:site_name\" content=\"ERNSTSON CLAUDIN ESTRUCTURAS DE IMPACTO - CR\u00c1TERES METEOR\u00cdTICOS\" \/>\n<meta property=\"article:modified_time\" content=\"2011-12-16T14:09:59+00:00\" \/>\n<meta property=\"og:image\" content=\"http:\/\/www.impact-structures.com\/imagekl\/rouimage002.jpg\" \/>\n<meta name=\"twitter:card\" content=\"summary_large_image\" \/>\n<meta name=\"twitter:label1\" content=\"Tiempo de lectura\" \/>\n\t<meta name=\"twitter:data1\" content=\"4 minutos\" \/>\n<script type=\"application\/ld+json\" class=\"yoast-schema-graph\">{\"@context\":\"https:\\\/\\\/schema.org\",\"@graph\":[{\"@type\":\"WebPage\",\"@id\":\"https:\\\/\\\/estructuras-de-impacto.impact-structures.com\\\/?page_id=143\",\"url\":\"https:\\\/\\\/estructuras-de-impacto.impact-structures.com\\\/?page_id=143\",\"name\":\"La estructura de impacto de Rochechouart - ERNSTSON CLAUDIN ESTRUCTURAS DE IMPACTO - CR\u00c1TERES METEOR\u00cdTICOS\",\"isPartOf\":{\"@id\":\"http:\\\/\\\/estructuras-de-impacto.impact-structures.com\\\/#website\"},\"primaryImageOfPage\":{\"@id\":\"https:\\\/\\\/estructuras-de-impacto.impact-structures.com\\\/?page_id=143#primaryimage\"},\"image\":{\"@id\":\"https:\\\/\\\/estructuras-de-impacto.impact-structures.com\\\/?page_id=143#primaryimage\"},\"thumbnailUrl\":\"http:\\\/\\\/www.impact-structures.com\\\/imagekl\\\/rouimage002.jpg\",\"datePublished\":\"2011-12-02T16:04:05+00:00\",\"dateModified\":\"2011-12-16T14:09:59+00:00\",\"breadcrumb\":{\"@id\":\"https:\\\/\\\/estructuras-de-impacto.impact-structures.com\\\/?page_id=143#breadcrumb\"},\"inLanguage\":\"es\",\"potentialAction\":[{\"@type\":\"ReadAction\",\"target\":[\"https:\\\/\\\/estructuras-de-impacto.impact-structures.com\\\/?page_id=143\"]}]},{\"@type\":\"ImageObject\",\"inLanguage\":\"es\",\"@id\":\"https:\\\/\\\/estructuras-de-impacto.impact-structures.com\\\/?page_id=143#primaryimage\",\"url\":\"http:\\\/\\\/www.impact-structures.com\\\/imagekl\\\/rouimage002.jpg\",\"contentUrl\":\"http:\\\/\\\/www.impact-structures.com\\\/imagekl\\\/rouimage002.jpg\"},{\"@type\":\"BreadcrumbList\",\"@id\":\"https:\\\/\\\/estructuras-de-impacto.impact-structures.com\\\/?page_id=143#breadcrumb\",\"itemListElement\":[{\"@type\":\"ListItem\",\"position\":1,\"name\":\"Portada\",\"item\":\"http:\\\/\\\/estructuras-de-impacto.impact-structures.com\\\/\"},{\"@type\":\"ListItem\",\"position\":2,\"name\":\"Francia: estructura de impacto de Rochechouart\",\"item\":\"http:\\\/\\\/estructuras-de-impacto.impact-structures.com\\\/?page_id=1405\"},{\"@type\":\"ListItem\",\"position\":3,\"name\":\"La estructura de impacto de Rochechouart\"}]},{\"@type\":\"WebSite\",\"@id\":\"http:\\\/\\\/estructuras-de-impacto.impact-structures.com\\\/#website\",\"url\":\"http:\\\/\\\/estructuras-de-impacto.impact-structures.com\\\/\",\"name\":\"ERNSTSON CLAUDIN ESTRUCTURAS DE IMPACTO - CR\u00c1TERES METEOR\u00cdTICOS\",\"description\":\"Investigaci\u00f3n sobre la geolog\u00eda, geof\u00edsica, y petrolog\u00eda\",\"potentialAction\":[{\"@type\":\"SearchAction\",\"target\":{\"@type\":\"EntryPoint\",\"urlTemplate\":\"http:\\\/\\\/estructuras-de-impacto.impact-structures.com\\\/?s={search_term_string}\"},\"query-input\":{\"@type\":\"PropertyValueSpecification\",\"valueRequired\":true,\"valueName\":\"search_term_string\"}}],\"inLanguage\":\"es\"}]}<\/script>\n<!-- \/ Yoast SEO plugin. -->","yoast_head_json":{"title":"La estructura de impacto de Rochechouart - ERNSTSON CLAUDIN ESTRUCTURAS DE IMPACTO - CR\u00c1TERES METEOR\u00cdTICOS","robots":{"index":"index","follow":"follow","max-snippet":"max-snippet:-1","max-image-preview":"max-image-preview:large","max-video-preview":"max-video-preview:-1"},"canonical":"https:\/\/estructuras-de-impacto.impact-structures.com\/?page_id=143","og_locale":"es_ES","og_type":"article","og_title":"La estructura de impacto de Rochechouart - ERNSTSON CLAUDIN ESTRUCTURAS DE IMPACTO - CR\u00c1TERES METEOR\u00cdTICOS","og_description":"Introducci\u00f3n La estructura de impacto se halla localizada en el suroeste de Francia (Fig.1) en el margen del Macizo Central (Fig.2). Originada en un objetivo cristalino, con una edad de 214 Ma (Tri\u00e1sico superior), est\u00e1 profundamente erosionada y carece de rasgos morfol\u00f3gicos de impacto. Fig. 1.Paisaje en la zona del Limousin Franc\u00e9s en el que &hellip; Continuar leyendo \"La estructura de impacto de Rochechouart\"","og_url":"https:\/\/estructuras-de-impacto.impact-structures.com\/?page_id=143","og_site_name":"ERNSTSON CLAUDIN ESTRUCTURAS DE IMPACTO - CR\u00c1TERES METEOR\u00cdTICOS","article_modified_time":"2011-12-16T14:09:59+00:00","og_image":[{"url":"http:\/\/www.impact-structures.com\/imagekl\/rouimage002.jpg","type":"","width":"","height":""}],"twitter_card":"summary_large_image","twitter_misc":{"Tiempo de lectura":"4 minutos"},"schema":{"@context":"https:\/\/schema.org","@graph":[{"@type":"WebPage","@id":"https:\/\/estructuras-de-impacto.impact-structures.com\/?page_id=143","url":"https:\/\/estructuras-de-impacto.impact-structures.com\/?page_id=143","name":"La estructura de impacto de Rochechouart - ERNSTSON CLAUDIN ESTRUCTURAS DE IMPACTO - CR\u00c1TERES METEOR\u00cdTICOS","isPartOf":{"@id":"http:\/\/estructuras-de-impacto.impact-structures.com\/#website"},"primaryImageOfPage":{"@id":"https:\/\/estructuras-de-impacto.impact-structures.com\/?page_id=143#primaryimage"},"image":{"@id":"https:\/\/estructuras-de-impacto.impact-structures.com\/?page_id=143#primaryimage"},"thumbnailUrl":"http:\/\/www.impact-structures.com\/imagekl\/rouimage002.jpg","datePublished":"2011-12-02T16:04:05+00:00","dateModified":"2011-12-16T14:09:59+00:00","breadcrumb":{"@id":"https:\/\/estructuras-de-impacto.impact-structures.com\/?page_id=143#breadcrumb"},"inLanguage":"es","potentialAction":[{"@type":"ReadAction","target":["https:\/\/estructuras-de-impacto.impact-structures.com\/?page_id=143"]}]},{"@type":"ImageObject","inLanguage":"es","@id":"https:\/\/estructuras-de-impacto.impact-structures.com\/?page_id=143#primaryimage","url":"http:\/\/www.impact-structures.com\/imagekl\/rouimage002.jpg","contentUrl":"http:\/\/www.impact-structures.com\/imagekl\/rouimage002.jpg"},{"@type":"BreadcrumbList","@id":"https:\/\/estructuras-de-impacto.impact-structures.com\/?page_id=143#breadcrumb","itemListElement":[{"@type":"ListItem","position":1,"name":"Portada","item":"http:\/\/estructuras-de-impacto.impact-structures.com\/"},{"@type":"ListItem","position":2,"name":"Francia: estructura de impacto de Rochechouart","item":"http:\/\/estructuras-de-impacto.impact-structures.com\/?page_id=1405"},{"@type":"ListItem","position":3,"name":"La estructura de impacto de Rochechouart"}]},{"@type":"WebSite","@id":"http:\/\/estructuras-de-impacto.impact-structures.com\/#website","url":"http:\/\/estructuras-de-impacto.impact-structures.com\/","name":"ERNSTSON CLAUDIN ESTRUCTURAS DE IMPACTO - CR\u00c1TERES METEOR\u00cdTICOS","description":"Investigaci\u00f3n sobre la geolog\u00eda, geof\u00edsica, y petrolog\u00eda","potentialAction":[{"@type":"SearchAction","target":{"@type":"EntryPoint","urlTemplate":"http:\/\/estructuras-de-impacto.impact-structures.com\/?s={search_term_string}"},"query-input":{"@type":"PropertyValueSpecification","valueRequired":true,"valueName":"search_term_string"}}],"inLanguage":"es"}]}},"_links":{"self":[{"href":"http:\/\/estructuras-de-impacto.impact-structures.com\/index.php?rest_route=\/wp\/v2\/pages\/143","targetHints":{"allow":["GET"]}}],"collection":[{"href":"http:\/\/estructuras-de-impacto.impact-structures.com\/index.php?rest_route=\/wp\/v2\/pages"}],"about":[{"href":"http:\/\/estructuras-de-impacto.impact-structures.com\/index.php?rest_route=\/wp\/v2\/types\/page"}],"author":[{"embeddable":true,"href":"http:\/\/estructuras-de-impacto.impact-structures.com\/index.php?rest_route=\/wp\/v2\/users\/1"}],"replies":[{"embeddable":true,"href":"http:\/\/estructuras-de-impacto.impact-structures.com\/index.php?rest_route=%2Fwp%2Fv2%2Fcomments&post=143"}],"version-history":[{"count":0,"href":"http:\/\/estructuras-de-impacto.impact-structures.com\/index.php?rest_route=\/wp\/v2\/pages\/143\/revisions"}],"up":[{"embeddable":true,"href":"http:\/\/estructuras-de-impacto.impact-structures.com\/index.php?rest_route=\/wp\/v2\/pages\/1405"}],"wp:attachment":[{"href":"http:\/\/estructuras-de-impacto.impact-structures.com\/index.php?rest_route=%2Fwp%2Fv2%2Fmedia&parent=143"}],"curies":[{"name":"wp","href":"https:\/\/api.w.org\/{rel}","templated":true}]}}