{"id":1428,"date":"2011-12-03T13:49:39","date_gmt":"2011-12-03T13:49:39","guid":{"rendered":"http:\/\/cms.impact-structures.com\/?page_id=298"},"modified":"2011-12-17T10:50:51","modified_gmt":"2011-12-17T10:50:51","slug":"the-continuous-impact-ejecta-deposits-at-the-puerto-minguez","status":"publish","type":"page","link":"http:\/\/estructuras-de-impacto.impact-structures.com\/?page_id=1428","title":{"rendered":"Eyectas de impacto en Puerto M\u00ednguez"},"content":{"rendered":"<h2>Los dep\u00f3sitos continuos de eyectas de impacto en Pto M\u00ednguez<\/h2>\n<h2>(Provincia de Teruel)<\/h2>\n<p>por Kord Ernstson &amp; Fernando Claud\u00edn<\/p>\n<p><span class=\"Apple-style-span\" style=\"color: #333333; font-family: 'Trebuchet MS', Helvetica, Geneva, Swiss, SunSans-Regular; font-weight: 300;\">Puerto M\u00ednguez (ver el mapa de localizaci\u00f3n) ha sido mencionado en primer lugar en un art\u00edculo de Moissenet et al. (1972; ver Ernstson &amp; Claud\u00edn, 1990) como lugar de un \u201eenigm\u00e1tico\u201c dep\u00f3sito de clastos de cuarcita Paleozoicos. Este peque\u00f1o dep\u00f3sito fue comparado por Carls &amp; Monninger (1974) con la Fm. Pelarda, siendo para estos autores conglomerados de origen fluvial. Cuando Ernstson y Claud\u00edn (1990) sugirieron que la Fm. Pelarda correspond\u00eda a eyectas de la estructura de impacto de Azuara, tambi\u00e9n se\u00f1alaron la similitud existente entre ambos dep\u00f3sitos.<br \/>\n<\/span><\/p>\n<p>Por otra parte, el afloramiento de Puerto M\u00ednguez ha aumentado sus dimensiones gracias a la construcci\u00f3n de la carretera nacional N 211 entre Caminreal y Montalb\u00e1n, de manera que ahora pueden observarse eyectas a lo largo de m\u00e1s de 5 Km de extensi\u00f3n. Estos grandes afloramientos, de lo que parece ser uno de los dep\u00f3sitos de eyectas m\u00e1s interesantes del mundo, ya no son considerados \u2013 a causa de su espesor con relaci\u00f3n a la distancia \u2013 como provinentes de la estructura de Azuara. Su procedencia cabe situarla en la estructura de Rubielos de la C\u00e9rida (compa\u00f1era de la de Azuara).<\/p>\n<p>En las siguientes p\u00e1ginas se presentan toda una serie de fotograf\u00edas ilustrativas de las m\u00e1s significativas caracter\u00edsticas macrosc\u00f3picas y mesosc\u00f3picas de los dep\u00f3sitos de eyectas de impacto. Las deformaciones mesosc\u00f3picas muestran de manera especial similitudes remarcables a las deformaciones observadas en los eyectas de los cr\u00e1teres de impacto de Ries y de Chicxulub (ver los art\u00edculos de Rampino et al. en la lista de referencias, y debajo).<\/p>\n<p>Existen ge\u00f3logos que pretenden que estos dep\u00f3sitos corresponden a t\u00edpicos sedimentos fluviales del Terciario y que las deformaciones son el resultado de la tect\u00f3nica. Otros ge\u00f3logos (e.g., Casas et al., 2000; Geodinamica Acta, 1-17) ven estos dep\u00f3sitos como el resultado de la sedimentaci\u00f3n sintect\u00f3nica. Es obvio que estos ge\u00f3logos no han visitado nunca Puerto M\u00ednguez y que nunca han estudiado estos \u201esedimentos sintect\u00f3nicos\u201c.<\/p>\n<h2><span class=\"Apple-style-span\" style=\"color: #333333; font-family: 'Trebuchet MS', Helvetica, Geneva, Swiss, SunSans-Regular; font-weight: 300;\"><img loading=\"lazy\" decoding=\"async\" src=\"http:\/\/www.impact-structures.com\/images\/bildeingangstext_small.jpg\" alt=\"bildeingangstext.jpg (201204 Byte)\" width=\"350\" height=\"441\" border=\"2\" \/><\/span><\/h2>\n<p>Puerto M\u00ednguez en el borde de la estructura de Rubielos de la C\u00e9rida, compa\u00f1era de la estructura de impacto de Azuara.<\/p>\n","protected":false},"excerpt":{"rendered":"<p>Los dep\u00f3sitos continuos de eyectas de impacto en Pto M\u00ednguez (Provincia de Teruel) por Kord Ernstson &amp; Fernando Claud\u00edn Puerto M\u00ednguez (ver el mapa de localizaci\u00f3n) ha sido mencionado en primer lugar en un art\u00edculo de Moissenet et al. (1972; ver Ernstson &amp; Claud\u00edn, 1990) como lugar de un \u201eenigm\u00e1tico\u201c dep\u00f3sito de clastos de cuarcita &hellip; <a href=\"http:\/\/estructuras-de-impacto.impact-structures.com\/?page_id=1428\" class=\"more-link\">Continuar leyendo<span class=\"screen-reader-text\"> \u00abEyectas de impacto en Puerto M\u00ednguez\u00bb<\/span><\/a><\/p>\n","protected":false},"author":1,"featured_media":0,"parent":1404,"menu_order":0,"comment_status":"closed","ping_status":"closed","template":"sidebar-page.php","meta":{"footnotes":""},"class_list":["post-1428","page","type-page","status-publish","hentry"],"yoast_head":"<!-- This site is optimized with the Yoast SEO plugin v27.3 - https:\/\/yoast.com\/product\/yoast-seo-wordpress\/ -->\n<title>Eyectas de impacto en Puerto M\u00ednguez  - ERNSTSON CLAUDIN ESTRUCTURAS DE IMPACTO - CR\u00c1TERES METEOR\u00cdTICOS<\/title>\n<meta name=\"robots\" content=\"index, follow, max-snippet:-1, max-image-preview:large, max-video-preview:-1\" \/>\n<link rel=\"canonical\" href=\"http:\/\/estructuras-de-impacto.impact-structures.com\/?page_id=1428\" \/>\n<meta property=\"og:locale\" content=\"es_ES\" \/>\n<meta property=\"og:type\" content=\"article\" \/>\n<meta property=\"og:title\" content=\"Eyectas de impacto en Puerto M\u00ednguez  - ERNSTSON CLAUDIN ESTRUCTURAS DE IMPACTO - CR\u00c1TERES METEOR\u00cdTICOS\" \/>\n<meta property=\"og:description\" content=\"Los dep\u00f3sitos continuos de eyectas de impacto en Pto M\u00ednguez (Provincia de Teruel) por Kord Ernstson &amp; Fernando Claud\u00edn Puerto M\u00ednguez (ver el mapa de localizaci\u00f3n) ha sido mencionado en primer lugar en un art\u00edculo de Moissenet et al. (1972; ver Ernstson &amp; Claud\u00edn, 1990) como lugar de un \u201eenigm\u00e1tico\u201c dep\u00f3sito de clastos de cuarcita &hellip; Continuar leyendo &quot;Eyectas de impacto en Puerto M\u00ednguez&quot;\" \/>\n<meta property=\"og:url\" content=\"http:\/\/estructuras-de-impacto.impact-structures.com\/?page_id=1428\" \/>\n<meta property=\"og:site_name\" content=\"ERNSTSON CLAUDIN ESTRUCTURAS DE IMPACTO - CR\u00c1TERES METEOR\u00cdTICOS\" \/>\n<meta property=\"article:modified_time\" content=\"2011-12-17T10:50:51+00:00\" \/>\n<meta property=\"og:image\" content=\"http:\/\/www.impact-structures.com\/images\/bildeingangstext_small.jpg\" \/>\n<meta name=\"twitter:card\" content=\"summary_large_image\" \/>\n<meta name=\"twitter:label1\" content=\"Tiempo de lectura\" \/>\n\t<meta name=\"twitter:data1\" content=\"2 minutos\" \/>\n<script type=\"application\/ld+json\" class=\"yoast-schema-graph\">{\"@context\":\"https:\\\/\\\/schema.org\",\"@graph\":[{\"@type\":\"WebPage\",\"@id\":\"http:\\\/\\\/estructuras-de-impacto.impact-structures.com\\\/?page_id=1428\",\"url\":\"http:\\\/\\\/estructuras-de-impacto.impact-structures.com\\\/?page_id=1428\",\"name\":\"Eyectas de impacto en Puerto M\u00ednguez - ERNSTSON CLAUDIN ESTRUCTURAS DE IMPACTO - CR\u00c1TERES METEOR\u00cdTICOS\",\"isPartOf\":{\"@id\":\"http:\\\/\\\/estructuras-de-impacto.impact-structures.com\\\/#website\"},\"primaryImageOfPage\":{\"@id\":\"http:\\\/\\\/estructuras-de-impacto.impact-structures.com\\\/?page_id=1428#primaryimage\"},\"image\":{\"@id\":\"http:\\\/\\\/estructuras-de-impacto.impact-structures.com\\\/?page_id=1428#primaryimage\"},\"thumbnailUrl\":\"http:\\\/\\\/www.impact-structures.com\\\/images\\\/bildeingangstext_small.jpg\",\"datePublished\":\"2011-12-03T13:49:39+00:00\",\"dateModified\":\"2011-12-17T10:50:51+00:00\",\"breadcrumb\":{\"@id\":\"http:\\\/\\\/estructuras-de-impacto.impact-structures.com\\\/?page_id=1428#breadcrumb\"},\"inLanguage\":\"es\",\"potentialAction\":[{\"@type\":\"ReadAction\",\"target\":[\"http:\\\/\\\/estructuras-de-impacto.impact-structures.com\\\/?page_id=1428\"]}]},{\"@type\":\"ImageObject\",\"inLanguage\":\"es\",\"@id\":\"http:\\\/\\\/estructuras-de-impacto.impact-structures.com\\\/?page_id=1428#primaryimage\",\"url\":\"http:\\\/\\\/www.impact-structures.com\\\/images\\\/bildeingangstext_small.jpg\",\"contentUrl\":\"http:\\\/\\\/www.impact-structures.com\\\/images\\\/bildeingangstext_small.jpg\"},{\"@type\":\"BreadcrumbList\",\"@id\":\"http:\\\/\\\/estructuras-de-impacto.impact-structures.com\\\/?page_id=1428#breadcrumb\",\"itemListElement\":[{\"@type\":\"ListItem\",\"position\":1,\"name\":\"Portada\",\"item\":\"http:\\\/\\\/estructuras-de-impacto.impact-structures.com\\\/\"},{\"@type\":\"ListItem\",\"position\":2,\"name\":\"Las estructuras de impacto en Espa\u00f1a\",\"item\":\"http:\\\/\\\/estructuras-de-impacto.impact-structures.com\\\/?page_id=1404\"},{\"@type\":\"ListItem\",\"position\":3,\"name\":\"Eyectas de impacto en Puerto M\u00ednguez\"}]},{\"@type\":\"WebSite\",\"@id\":\"http:\\\/\\\/estructuras-de-impacto.impact-structures.com\\\/#website\",\"url\":\"http:\\\/\\\/estructuras-de-impacto.impact-structures.com\\\/\",\"name\":\"ERNSTSON CLAUDIN ESTRUCTURAS DE IMPACTO - CR\u00c1TERES METEOR\u00cdTICOS\",\"description\":\"Investigaci\u00f3n sobre la geolog\u00eda, geof\u00edsica, y petrolog\u00eda\",\"potentialAction\":[{\"@type\":\"SearchAction\",\"target\":{\"@type\":\"EntryPoint\",\"urlTemplate\":\"http:\\\/\\\/estructuras-de-impacto.impact-structures.com\\\/?s={search_term_string}\"},\"query-input\":{\"@type\":\"PropertyValueSpecification\",\"valueRequired\":true,\"valueName\":\"search_term_string\"}}],\"inLanguage\":\"es\"}]}<\/script>\n<!-- \/ Yoast SEO plugin. -->","yoast_head_json":{"title":"Eyectas de impacto en Puerto M\u00ednguez  - ERNSTSON CLAUDIN ESTRUCTURAS DE IMPACTO - CR\u00c1TERES METEOR\u00cdTICOS","robots":{"index":"index","follow":"follow","max-snippet":"max-snippet:-1","max-image-preview":"max-image-preview:large","max-video-preview":"max-video-preview:-1"},"canonical":"http:\/\/estructuras-de-impacto.impact-structures.com\/?page_id=1428","og_locale":"es_ES","og_type":"article","og_title":"Eyectas de impacto en Puerto M\u00ednguez  - ERNSTSON CLAUDIN ESTRUCTURAS DE IMPACTO - CR\u00c1TERES METEOR\u00cdTICOS","og_description":"Los dep\u00f3sitos continuos de eyectas de impacto en Pto M\u00ednguez (Provincia de Teruel) por Kord Ernstson &amp; Fernando Claud\u00edn Puerto M\u00ednguez (ver el mapa de localizaci\u00f3n) ha sido mencionado en primer lugar en un art\u00edculo de Moissenet et al. (1972; ver Ernstson &amp; Claud\u00edn, 1990) como lugar de un \u201eenigm\u00e1tico\u201c dep\u00f3sito de clastos de cuarcita &hellip; Continuar leyendo \"Eyectas de impacto en Puerto M\u00ednguez\"","og_url":"http:\/\/estructuras-de-impacto.impact-structures.com\/?page_id=1428","og_site_name":"ERNSTSON CLAUDIN ESTRUCTURAS DE IMPACTO - CR\u00c1TERES METEOR\u00cdTICOS","article_modified_time":"2011-12-17T10:50:51+00:00","og_image":[{"url":"http:\/\/www.impact-structures.com\/images\/bildeingangstext_small.jpg","type":"","width":"","height":""}],"twitter_card":"summary_large_image","twitter_misc":{"Tiempo de lectura":"2 minutos"},"schema":{"@context":"https:\/\/schema.org","@graph":[{"@type":"WebPage","@id":"http:\/\/estructuras-de-impacto.impact-structures.com\/?page_id=1428","url":"http:\/\/estructuras-de-impacto.impact-structures.com\/?page_id=1428","name":"Eyectas de impacto en Puerto M\u00ednguez - ERNSTSON CLAUDIN ESTRUCTURAS DE IMPACTO - CR\u00c1TERES METEOR\u00cdTICOS","isPartOf":{"@id":"http:\/\/estructuras-de-impacto.impact-structures.com\/#website"},"primaryImageOfPage":{"@id":"http:\/\/estructuras-de-impacto.impact-structures.com\/?page_id=1428#primaryimage"},"image":{"@id":"http:\/\/estructuras-de-impacto.impact-structures.com\/?page_id=1428#primaryimage"},"thumbnailUrl":"http:\/\/www.impact-structures.com\/images\/bildeingangstext_small.jpg","datePublished":"2011-12-03T13:49:39+00:00","dateModified":"2011-12-17T10:50:51+00:00","breadcrumb":{"@id":"http:\/\/estructuras-de-impacto.impact-structures.com\/?page_id=1428#breadcrumb"},"inLanguage":"es","potentialAction":[{"@type":"ReadAction","target":["http:\/\/estructuras-de-impacto.impact-structures.com\/?page_id=1428"]}]},{"@type":"ImageObject","inLanguage":"es","@id":"http:\/\/estructuras-de-impacto.impact-structures.com\/?page_id=1428#primaryimage","url":"http:\/\/www.impact-structures.com\/images\/bildeingangstext_small.jpg","contentUrl":"http:\/\/www.impact-structures.com\/images\/bildeingangstext_small.jpg"},{"@type":"BreadcrumbList","@id":"http:\/\/estructuras-de-impacto.impact-structures.com\/?page_id=1428#breadcrumb","itemListElement":[{"@type":"ListItem","position":1,"name":"Portada","item":"http:\/\/estructuras-de-impacto.impact-structures.com\/"},{"@type":"ListItem","position":2,"name":"Las estructuras de impacto en Espa\u00f1a","item":"http:\/\/estructuras-de-impacto.impact-structures.com\/?page_id=1404"},{"@type":"ListItem","position":3,"name":"Eyectas de impacto en Puerto M\u00ednguez"}]},{"@type":"WebSite","@id":"http:\/\/estructuras-de-impacto.impact-structures.com\/#website","url":"http:\/\/estructuras-de-impacto.impact-structures.com\/","name":"ERNSTSON CLAUDIN ESTRUCTURAS DE IMPACTO - CR\u00c1TERES METEOR\u00cdTICOS","description":"Investigaci\u00f3n sobre la geolog\u00eda, geof\u00edsica, y petrolog\u00eda","potentialAction":[{"@type":"SearchAction","target":{"@type":"EntryPoint","urlTemplate":"http:\/\/estructuras-de-impacto.impact-structures.com\/?s={search_term_string}"},"query-input":{"@type":"PropertyValueSpecification","valueRequired":true,"valueName":"search_term_string"}}],"inLanguage":"es"}]}},"_links":{"self":[{"href":"http:\/\/estructuras-de-impacto.impact-structures.com\/index.php?rest_route=\/wp\/v2\/pages\/1428","targetHints":{"allow":["GET"]}}],"collection":[{"href":"http:\/\/estructuras-de-impacto.impact-structures.com\/index.php?rest_route=\/wp\/v2\/pages"}],"about":[{"href":"http:\/\/estructuras-de-impacto.impact-structures.com\/index.php?rest_route=\/wp\/v2\/types\/page"}],"author":[{"embeddable":true,"href":"http:\/\/estructuras-de-impacto.impact-structures.com\/index.php?rest_route=\/wp\/v2\/users\/1"}],"replies":[{"embeddable":true,"href":"http:\/\/estructuras-de-impacto.impact-structures.com\/index.php?rest_route=%2Fwp%2Fv2%2Fcomments&post=1428"}],"version-history":[{"count":0,"href":"http:\/\/estructuras-de-impacto.impact-structures.com\/index.php?rest_route=\/wp\/v2\/pages\/1428\/revisions"}],"up":[{"embeddable":true,"href":"http:\/\/estructuras-de-impacto.impact-structures.com\/index.php?rest_route=\/wp\/v2\/pages\/1404"}],"wp:attachment":[{"href":"http:\/\/estructuras-de-impacto.impact-structures.com\/index.php?rest_route=%2Fwp%2Fv2%2Fmedia&parent=1428"}],"curies":[{"name":"wp","href":"https:\/\/api.w.org\/{rel}","templated":true}]}}