{"id":1427,"date":"2011-12-03T13:48:49","date_gmt":"2011-12-03T13:48:49","guid":{"rendered":"http:\/\/cms.impact-structures.com\/?page_id=296"},"modified":"2012-05-26T10:20:05","modified_gmt":"2012-05-26T10:20:05","slug":"impact-ejecta","status":"publish","type":"page","link":"http:\/\/estructuras-de-impacto.impact-structures.com\/?page_id=1427","title":{"rendered":"Eyectas de impacto"},"content":{"rendered":"<p>Dos dep\u00f3sitos de eyectas relacionados con estructuras espa\u00f1olas de impacto han sido investigados en detalle: los eyecta de la Fm. Pelarda (Ernstson &amp; Claudin, 1990, ver tambi\u00e9n\u00a0<a href=\"http:\/\/estructuras-de-impacto.impact-structures.com\/?page_id=137\" target=\"_blank\">http:\/\/estructuras-de-impacto.impact-structures.com\/?page_id=137<\/a>) y los eyectas de impacto de Puerto M\u00ednguez (Claudin et al., 2001). La pista de ambos puede seguirse hasta una observaci\u00f3n inicial en la que Puerto Minguez era descrito como \u201cun dep\u00f3sito enigm\u00e1tico\u201c (Moissenet et al., 1972). Este dep\u00f3sito de cuarcitas del Paleozoico, por entonces de peque\u00f1as dimensiones, fue tambi\u00e9n citado por Carls &amp; Monninger (1974) al compararlo con la Fm. Pelarda. Las mencionadas similitudes entre el dep\u00f3sito \u201cenigm\u00e1tico\u201d de Puerto M\u00ednguez y la Fm. Pelarda promovieron una nueva y minuciosa investigaci\u00f3n que relacion\u00f3 los sedimentos de la Fm. Pelarda con la estructura de impacto de Azuara (Ernstson &amp; Claudin, 1990). Una visi\u00f3n completamente nueva del afloramiento de Puerto M\u00ednguez fue proporcionada por las obras de construcci\u00f3n de la reciente carretera (CN 211) entre Caminreal y Montalb\u00e1n. A partir del trabajo de campo en los afloramientos as\u00ed mejorados, fue propuesta su relaci\u00f3n con la estructura de impacto de Rubielos de la C\u00e9rida. Aqu\u00ed, mostramos unas cuantas im\u00e1genes de afloramientos t\u00edpicos y de deformaciones en los clastos. Una descripci\u00f3n m\u00e1s completa de los eyecta de Puerto M\u00ednguez puede hallarse en\u00a0<a href=\"http:\/\/impacto.impact-structures.com\/?page_id=1428\" target=\"_blank\">http:\/\/impacto.impact-structures.com\/?page_id=1428\u00a0<\/a>.<\/p>\n<p>Hay ge\u00f3logos que pretenden que \u00e9stos dep\u00f3sitos representan t\u00edpicos sedimentos fluviales del Terciario y que las deformaciones son el resultado de la acci\u00f3n tect\u00f3nica. Otros ge\u00f3logos (p.e. Casas et al., 2000; Geodinamica Acta, 1-17) los ven como el resultado de la sedimentaci\u00f3n sintect\u00f3nica. El lector puede formarse su propia opini\u00f3n a partir de la observaci\u00f3n de \u00e9stos excepcionales afloramientos geol\u00f3gicos.<\/p>\n<p><span class=\"Apple-style-span\" style=\"font-weight: bold; color: #000000;\">Afloramientos de Puerto M\u00ednguez<\/span><\/p>\n<h2><span class=\"Apple-style-span\" style=\"color: #333333; font-weight: 300;\"><img loading=\"lazy\" decoding=\"async\" src=\"http:\/\/www.impact-structures.com\/spain\/rubielos-ejecta\/image002.gif\" alt=\"Image002\" width=\"302\" height=\"202\" \/>&#8230;<img loading=\"lazy\" decoding=\"async\" src=\"http:\/\/www.impact-structures.com\/spain\/rubielos-ejecta\/image004.gif\" alt=\"Image004\" width=\"112\" height=\"164\" \/>\u00a0<\/span><\/h2>\n<p>Fig. 1.\u00a0<span class=\"Apple-style-span\" style=\"font-size: 14px; line-height: 22px;\">Eyecta de impacto de Puerto M\u00ednguez. Parte de los aproximadamente 5 Km de dep\u00f3sitos expuestos por la construcci\u00f3n de la carretera. Las rocas que pueden observarse corresponden a una intensa mezcla (diamictita) de material excavado y local probablemente generado por erosi\u00f3n bal\u00edstica y sedimentaci\u00f3n (Oberbeck, 1975)<\/span><\/p>\n<p><img loading=\"lazy\" decoding=\"async\" src=\"http:\/\/www.impact-structures.com\/spain\/rubielos-ejecta\/image006.gif\" alt=\"Image006\" width=\"302\" height=\"458\" \/><\/p>\n<p>Fig. 2.\u00a0<span class=\"Apple-style-span\" style=\"font-size: 14px; line-height: 22px;\">Eyectas de impacto en Puerto Minguez. Mezcla intensa de material predominantemente del Paleozoico (color oscuro) y en menor cuant\u00eda del Terciario inferior (color m\u00e1s rojizo). Los componentes claros corresponden a cantos y bloques de calizas Mesozoicas, probablemente originados a partir de los conglomerados del Terciario inferior. Todos (!) los cantos y bloques exhiben una deformaci\u00f3n pl\u00e1stica bajo la forma de marcas y estr\u00edas intensas y profundas. Son frecuentes el pulido en espejo y las fracturas rotacionales. En los materiales Paleozoicos, los componentes esquistosos tambi\u00e9n est\u00e1n estriados. La anchura del afloramiento es de unos 8m.<\/span><\/p>\n<p><img loading=\"lazy\" decoding=\"async\" src=\"http:\/\/www.impact-structures.com\/spain\/rubielos-ejecta\/image008.gif\" alt=\"Image008\" width=\"302\" height=\"201\" \/><\/p>\n<p>Fig. 3.\u00a0<span class=\"Apple-style-span\" style=\"font-size: 14px; line-height: 22px;\">Eyectas de impacto sitos en Puerto M\u00ednguez. A diferencia de la situaci\u00f3n mostrada con anterioridad, los grandes componentes de caliza no est\u00e1n redondeados sino que aparecen como fragmentos de un megabloque Mesozoico entremezclados dentro del material Paleozoico. Es evidente que esta disposici\u00f3n no es el resultado de una deposici\u00f3n fluvial, tal y como ha sido sugerido por algunos ge\u00f3logos. \u2013 La altura es de aproximadamente 5 m.<\/span><\/p>\n<p><img loading=\"lazy\" decoding=\"async\" src=\"http:\/\/www.impact-structures.com\/spain\/rubielos-ejecta\/image010.gif\" alt=\"Image010\" width=\"302\" height=\"199\" \/><\/p>\n<p>Fig. 4.\u00a0<span class=\"Apple-style-span\" style=\"font-size: 14px; line-height: 22px;\">Eyectas de impacto de Puerto M\u00ednguez: mezcla intensa de componentes redondeados, subredondeados y angulares del Mesozoico y del Paleozoico, inmersos en una matriz arenoso-margosa. Los fragmentos angulares de cuarcita Paleozoica pueden haber sido los que llevaron a Moissenet et al. a escribir en 1972 su art\u00edculo sobre el dep\u00f3sito \u201cenigm\u00e1tico\u201d de la zona de Puerto (que significa paso elevado) M\u00ednguez. Las rocas Paleozoicas m\u00e1s cercanas a esta zona se hallan a una distancia de &#8230; \u00a1 15 Km.!<\/span><\/p>\n<h2>Deformaciones mesosc\u00f3picas<\/h2>\n<h2><span class=\"Apple-style-span\" style=\"color: #333333; font-weight: 300;\">(mas informaciones en\u00a0<a href=\"http:\/\/estructuras-de-impacto.impact-structures.com\/?page_id=1430\" target=\"_blank\">http:\/\/estructuras-de-impacto.impact-structures.com\/?page_id=1430<\/a>)<\/span><\/h2>\n<p><img loading=\"lazy\" decoding=\"async\" src=\"http:\/\/www.impact-structures.com\/spain\/rubielos-ejecta\/image012.gif\" alt=\"Image012\" width=\"302\" height=\"202\" \/><\/p>\n<p>Fig. 5.\u00a0<span class=\"Apple-style-span\" style=\"font-size: 14px; line-height: 22px;\">Eyecta de impacto de Puerto M\u00ednguez: componente calizo que exhibe estriaciones extremadamente finas y un pulido en espejo. Estr\u00edas de alta presi\u00f3n similares y pulido en arcillas fueron descritos por E.C.T. Chao (Science, 194, 615-618, 1976) para los componentes del eyecta del cr\u00e1ter de Ries (brecha Bunte). Puede observarse tambi\u00e9n la marcada acanaladura (flecha) que se form\u00f3 antes del pulido.<\/span><\/p>\n<p><img loading=\"lazy\" decoding=\"async\" src=\"http:\/\/www.impact-structures.com\/spain\/rubielos-ejecta\/image014.gif\" alt=\"Image014\" width=\"302\" height=\"186\" \/><\/p>\n<p><img loading=\"lazy\" decoding=\"async\" src=\"http:\/\/www.impact-structures.com\/spain\/rubielos-ejecta\/image016.gif\" alt=\"Image016\" width=\"302\" height=\"186\" \/><\/p>\n<p>Fig. 6\/7.\u00a0<span class=\"Apple-style-span\" style=\"font-size: 14px; line-height: 22px;\">Eyecta de impacto de Puerto M\u00ednguez: componente calizo que presenta una fuerte torsi\u00f3n interna. La distinta torsi\u00f3n interna se halla relacionada con charnelas macrosc\u00f3picas bien preservadas (cara posterior del canto; Fig. 7) y fracturas rotacionales que afectan a la totalidad del canto sin romperlo en piezas. Estas fracturas rotacionales son muy abundantes en los componentes del eyecta de Puerto M\u00ednguez y han sido tambi\u00e9n halladas en los componentes del eyecta de la Fm. Pelarda (ver Ernstson &amp; Claudin, 1990). Fracturas rotacionales similares fueron citadas por E.C.T. Chao (Geol. Jb., A43, 1977) en el eyecta del cr\u00e1ter de Ries (brecha Bunte) donde pueden apreciarse concreciones calizas deformadas dentro de arcillitas del Jur\u00e1sico. Los componentes fracturados por torsi\u00f3n de los eyecta de la Fm. Pelarda y de Puerto M\u00ednguez tambi\u00e9n se presentan en el seno de una matriz \u201cblanda\u201d (m\u00e1s arenosa en el caso de la Fm. Pelarda). De este modo, las fracturas rotacionales se consideran como un indicador de deformaci\u00f3n por impacto, de corta duraci\u00f3n, bajo condiciones de elevada presi\u00f3n de confinamiento. \u2013 Muestra suministrada por Alvarez Marques Miguel Desiderio.<\/span><\/p>\n<p><img loading=\"lazy\" decoding=\"async\" src=\"http:\/\/www.impact-structures.com\/spain\/rubielos-ejecta\/image018.gif\" alt=\"Image018\" width=\"302\" height=\"227\" \/><\/p>\n<p>Fig. 8.\u00a0<span class=\"Apple-style-span\" style=\"font-size: 14px; line-height: 22px;\">Eyecta de impacto de Puerto M\u00ednguez: deformaci\u00f3n t\u00edpica en un clasto, que adopta una apariencia de pan cortado en rodajas. No obstante, a pesar de esta apariencia, el clasto no esta roto en piezas. Deformaciones muy similares han sido halladas en los eyecta del cr\u00e1ter de impacto de Ries. Concretamente en las concreciones carbonatadas y en los denominados \u201cbelemnites de Ries\u201d, ambos inmersos dentro de arcillitas blandas del Jur\u00e1sico (ver tambi\u00e9n see\u00a0<a href=\"http:\/\/estructuras-de-impacto.impact-structures.com\/?page_id=157\" target=\"_blank\">http:\/\/estructuras-de-impacto.impact-structures.com\/?page_id=157<\/a><a href=\"http:\/\/www.estructuras-de-impacto.impact-structures.com\/germany\/ries3.htm%20\" target=\"_blank\">\u00a0<\/a>).<\/span><\/p>\n<p><img loading=\"lazy\" decoding=\"async\" src=\"http:\/\/www.impact-structures.com\/spain\/rubielos-ejecta\/image020.gif\" alt=\"Image020\" width=\"302\" height=\"227\" \/><\/p>\n<p>Fig. 9.<\/p>\n<p>Clasto calizo procedente de los eyecta de impacto de Puerto M\u00ednguez mostrando rasgos regmagl\u00edpticos como los producidos por ablaci\u00f3n en meteoritos. Sugerimos que los regmagliptos se formaron por la fusi\u00f3n parcial de la caliza durante el proceso de eyecci\u00f3n, cuando la pluma de vapor en expansi\u00f3n atraves\u00f3 la cortina de eyectas. Los regmagliptos no deber\u00edan, de hecho, ser confundidos con rasgos c\u00e1rsticos como el lapiaz. Impresiones similares han sido citadas en los clastos del eyecta de Belice para la estructura de impacto de Chicxulub (K.O. Pope &amp; A.C. Ocampo, LPSC 31, abstract #1419). La historia completa sobre los regmagliptos de Puerto M\u00ednguez puede ser le\u00edda en : Ernstson, K. (2004): Regmaglypts on Clasts from Impact Ejecta. &#8211; Meteorite, 10\/1, 41-42\u00a0<span class=\"Apple-style-span\" style=\"font-size: 15px; line-height: 24px;\"><span style=\"color: #333333;\">\u00a0 y, en gran detalle, aqu\u00ed: <\/span><a href=\"http:\/\/www.impact-structures.com\/article%20text.pdf\">http:\/\/www.impact-structures.com\/article%20text.pdf<\/a><\/span><\/p>\n<p><img loading=\"lazy\" decoding=\"async\" src=\"http:\/\/www.impact-structures.com\/spain\/rubielos-ejecta\/image022.gif\" alt=\"Image022\" width=\"302\" height=\"232\" \/><\/p>\n<p>Figs. 10, 11.\u00a0<span class=\"Apple-style-span\" style=\"font-size: 14px; line-height: 22px;\">Cr\u00e1teres de impacto en miniatura sobre clastos calizos procedentes del eyecta de Puerto M\u00ednguez (la anchura de campo es de 3.5 mm (izquierda) y 1.8 mm (derecha)). Obs\u00e9rvense los bordes invertidos de los cr\u00e1teres y la preservaci\u00f3n del proyectil en el cr\u00e1ter de la izquierda. Asumimos que los cr\u00e1teres fueron formados por los impactos de part\u00edculas de arena fina a alta velocidad durante el proceso de eycci\u00f3n. Ver tambi\u00e9n Glidden, M. et al. (2004): DISTAL IMPACT EJECTA, UPPERMOST EOCENE, TEXAS COASTAL PLAIN. LPSC 2004, abstract<\/span>:\u00a0<a href=\"http:\/\/www.lpi.usra.edu\/meetings\/lpsc2004\/pdf\/2012.pdf\">http:\/\/www.lpi.usra.edu\/meetings\/lpsc2004\/pdf\/2012.pdf<\/a>.<\/p>\n<p><img loading=\"lazy\" decoding=\"async\" src=\"http:\/\/www.impact-structures.com\/spain\/rubielos-ejecta\/image024.gif\" alt=\"Image024\" width=\"302\" height=\"225\" \/><\/p>\n<p>Fig. 11.<\/p>\n<p>&nbsp;<\/p>\n<h2>Eyecta entre Mesquita de Jarque y Escucha<\/h2>\n<h2><span class=\"Apple-style-span\" style=\"font-size: 15px; letter-spacing: normal; line-height: 24px; text-transform: none;\"><img loading=\"lazy\" decoding=\"async\" src=\"http:\/\/www.impact-structures.com\/spain\/rubielos-ejecta\/image026.gif\" alt=\"Image026\" width=\"302\" height=\"227\" \/>&#8230;.\u00a0<img loading=\"lazy\" decoding=\"async\" src=\"http:\/\/www.impact-structures.com\/spain\/rubielos-ejecta\/image028.gif\" alt=\"Image028\" width=\"133\" height=\"178\" \/><\/span><\/h2>\n<p>Fig. 12.\u00a0<span class=\"Apple-style-span\" style=\"font-size: 14px; line-height: 22px;\">Eyecta diam\u00edctico que erosiona, creando un acanalamiento, los sedimentos bien estratificados del Cret\u00e1cico.<\/span><\/p>\n<p>&nbsp;<\/p>\n<h2>Eyectas cercanos a Blancas<\/h2>\n<h2><span class=\"Apple-style-span\" style=\"font-size: 15px; letter-spacing: normal; line-height: 24px; text-transform: none;\"><img loading=\"lazy\" decoding=\"async\" src=\"http:\/\/www.impact-structures.com\/spain\/rubielos-ejecta\/image030.gif\" alt=\"Image030\" width=\"302\" height=\"185\" \/>&#8230;.\u00a0<img loading=\"lazy\" decoding=\"async\" src=\"http:\/\/www.impact-structures.com\/spain\/rubielos-ejecta\/image032.gif\" alt=\"Image032\" width=\"121\" height=\"178\" \/><\/span><\/h2>\n<p>Fig. 13.\u00a0<span class=\"Apple-style-span\" style=\"font-size: 14px; line-height: 22px;\">Zonas discont\u00ednuas de eyectas diam\u00edcticos pueden ser observadas en los alrededores de Blancas. En el afloramiento que se muestra encima, todos (!) los guijarros, cantos y bloques calizos presentan estriaciones por doquier, mostrando a menudo marcas de penetraci\u00f3n y pulido. La similitud con el eyecta de Puerto M\u00ednguez es obvia.<\/span><\/p>\n<p><img loading=\"lazy\" decoding=\"async\" src=\"http:\/\/www.impact-structures.com\/spain\/rubielos-ejecta\/image034.gif\" alt=\"Image034\" width=\"302\" height=\"214\" \/><\/p>\n<p>Fig. 14. Marcas de penetraci\u00f3n\u00a0y estriaciones.<\/p>\n","protected":false},"excerpt":{"rendered":"<p>Dos dep\u00f3sitos de eyectas relacionados con estructuras espa\u00f1olas de impacto han sido investigados en detalle: los eyecta de la Fm. Pelarda (Ernstson &amp; Claudin, 1990, ver tambi\u00e9n\u00a0http:\/\/estructuras-de-impacto.impact-structures.com\/?page_id=137) y los eyectas de impacto de Puerto M\u00ednguez (Claudin et al., 2001). La pista de ambos puede seguirse hasta una observaci\u00f3n inicial en la que Puerto Minguez era &hellip; <a href=\"http:\/\/estructuras-de-impacto.impact-structures.com\/?page_id=1427\" class=\"more-link\">Continuar leyendo<span class=\"screen-reader-text\"> \u00abEyectas de impacto\u00bb<\/span><\/a><\/p>\n","protected":false},"author":1,"featured_media":0,"parent":1417,"menu_order":0,"comment_status":"closed","ping_status":"closed","template":"sidebar-page.php","meta":{"footnotes":""},"class_list":["post-1427","page","type-page","status-publish","hentry"],"yoast_head":"<!-- This site is optimized with the Yoast SEO plugin v27.3 - https:\/\/yoast.com\/product\/yoast-seo-wordpress\/ -->\n<title>Eyectas de impacto  - ERNSTSON CLAUDIN ESTRUCTURAS DE IMPACTO - CR\u00c1TERES METEOR\u00cdTICOS<\/title>\n<meta name=\"robots\" content=\"index, follow, max-snippet:-1, max-image-preview:large, max-video-preview:-1\" \/>\n<link rel=\"canonical\" href=\"https:\/\/estructuras-de-impacto.impact-structures.com\/?page_id=1427\" \/>\n<meta property=\"og:locale\" content=\"es_ES\" \/>\n<meta property=\"og:type\" content=\"article\" \/>\n<meta property=\"og:title\" content=\"Eyectas de impacto  - ERNSTSON CLAUDIN ESTRUCTURAS DE IMPACTO - CR\u00c1TERES METEOR\u00cdTICOS\" \/>\n<meta property=\"og:description\" content=\"Dos dep\u00f3sitos de eyectas relacionados con estructuras espa\u00f1olas de impacto han sido investigados en detalle: los eyecta de la Fm. Pelarda (Ernstson &amp; Claudin, 1990, ver tambi\u00e9n\u00a0http:\/\/estructuras-de-impacto.impact-structures.com\/?page_id=137) y los eyectas de impacto de Puerto M\u00ednguez (Claudin et al., 2001). La pista de ambos puede seguirse hasta una observaci\u00f3n inicial en la que Puerto Minguez era &hellip; Continuar leyendo &quot;Eyectas de impacto&quot;\" \/>\n<meta property=\"og:url\" content=\"https:\/\/estructuras-de-impacto.impact-structures.com\/?page_id=1427\" \/>\n<meta property=\"og:site_name\" content=\"ERNSTSON CLAUDIN ESTRUCTURAS DE IMPACTO - CR\u00c1TERES METEOR\u00cdTICOS\" \/>\n<meta property=\"article:modified_time\" content=\"2012-05-26T10:20:05+00:00\" \/>\n<meta property=\"og:image\" content=\"http:\/\/www.impact-structures.com\/spain\/rubielos-ejecta\/image002.gif\" \/>\n<meta name=\"twitter:card\" content=\"summary_large_image\" \/>\n<meta name=\"twitter:label1\" content=\"Tiempo de lectura\" \/>\n\t<meta name=\"twitter:data1\" content=\"7 minutos\" \/>\n<script type=\"application\/ld+json\" class=\"yoast-schema-graph\">{\"@context\":\"https:\\\/\\\/schema.org\",\"@graph\":[{\"@type\":\"WebPage\",\"@id\":\"https:\\\/\\\/estructuras-de-impacto.impact-structures.com\\\/?page_id=1427\",\"url\":\"https:\\\/\\\/estructuras-de-impacto.impact-structures.com\\\/?page_id=1427\",\"name\":\"Eyectas de impacto - ERNSTSON CLAUDIN ESTRUCTURAS DE IMPACTO - CR\u00c1TERES METEOR\u00cdTICOS\",\"isPartOf\":{\"@id\":\"http:\\\/\\\/estructuras-de-impacto.impact-structures.com\\\/#website\"},\"primaryImageOfPage\":{\"@id\":\"https:\\\/\\\/estructuras-de-impacto.impact-structures.com\\\/?page_id=1427#primaryimage\"},\"image\":{\"@id\":\"https:\\\/\\\/estructuras-de-impacto.impact-structures.com\\\/?page_id=1427#primaryimage\"},\"thumbnailUrl\":\"http:\\\/\\\/www.impact-structures.com\\\/spain\\\/rubielos-ejecta\\\/image002.gif\",\"datePublished\":\"2011-12-03T13:48:49+00:00\",\"dateModified\":\"2012-05-26T10:20:05+00:00\",\"breadcrumb\":{\"@id\":\"https:\\\/\\\/estructuras-de-impacto.impact-structures.com\\\/?page_id=1427#breadcrumb\"},\"inLanguage\":\"es\",\"potentialAction\":[{\"@type\":\"ReadAction\",\"target\":[\"https:\\\/\\\/estructuras-de-impacto.impact-structures.com\\\/?page_id=1427\"]}]},{\"@type\":\"ImageObject\",\"inLanguage\":\"es\",\"@id\":\"https:\\\/\\\/estructuras-de-impacto.impact-structures.com\\\/?page_id=1427#primaryimage\",\"url\":\"http:\\\/\\\/www.impact-structures.com\\\/spain\\\/rubielos-ejecta\\\/image002.gif\",\"contentUrl\":\"http:\\\/\\\/www.impact-structures.com\\\/spain\\\/rubielos-ejecta\\\/image002.gif\"},{\"@type\":\"BreadcrumbList\",\"@id\":\"https:\\\/\\\/estructuras-de-impacto.impact-structures.com\\\/?page_id=1427#breadcrumb\",\"itemListElement\":[{\"@type\":\"ListItem\",\"position\":1,\"name\":\"Portada\",\"item\":\"http:\\\/\\\/estructuras-de-impacto.impact-structures.com\\\/\"},{\"@type\":\"ListItem\",\"position\":2,\"name\":\"Las estructuras de impacto en Espa\u00f1a\",\"item\":\"http:\\\/\\\/estructuras-de-impacto.impact-structures.com\\\/?page_id=1404\"},{\"@type\":\"ListItem\",\"position\":3,\"name\":\"La cuenca de impacto de Rubielos de la C\u00e9rida\",\"item\":\"http:\\\/\\\/estructuras-de-impacto.impact-structures.com\\\/?page_id=1417\"},{\"@type\":\"ListItem\",\"position\":4,\"name\":\"Eyectas de impacto\"}]},{\"@type\":\"WebSite\",\"@id\":\"http:\\\/\\\/estructuras-de-impacto.impact-structures.com\\\/#website\",\"url\":\"http:\\\/\\\/estructuras-de-impacto.impact-structures.com\\\/\",\"name\":\"ERNSTSON CLAUDIN ESTRUCTURAS DE IMPACTO - CR\u00c1TERES METEOR\u00cdTICOS\",\"description\":\"Investigaci\u00f3n sobre la geolog\u00eda, geof\u00edsica, y petrolog\u00eda\",\"potentialAction\":[{\"@type\":\"SearchAction\",\"target\":{\"@type\":\"EntryPoint\",\"urlTemplate\":\"http:\\\/\\\/estructuras-de-impacto.impact-structures.com\\\/?s={search_term_string}\"},\"query-input\":{\"@type\":\"PropertyValueSpecification\",\"valueRequired\":true,\"valueName\":\"search_term_string\"}}],\"inLanguage\":\"es\"}]}<\/script>\n<!-- \/ Yoast SEO plugin. -->","yoast_head_json":{"title":"Eyectas de impacto  - ERNSTSON CLAUDIN ESTRUCTURAS DE IMPACTO - CR\u00c1TERES METEOR\u00cdTICOS","robots":{"index":"index","follow":"follow","max-snippet":"max-snippet:-1","max-image-preview":"max-image-preview:large","max-video-preview":"max-video-preview:-1"},"canonical":"https:\/\/estructuras-de-impacto.impact-structures.com\/?page_id=1427","og_locale":"es_ES","og_type":"article","og_title":"Eyectas de impacto  - ERNSTSON CLAUDIN ESTRUCTURAS DE IMPACTO - CR\u00c1TERES METEOR\u00cdTICOS","og_description":"Dos dep\u00f3sitos de eyectas relacionados con estructuras espa\u00f1olas de impacto han sido investigados en detalle: los eyecta de la Fm. Pelarda (Ernstson &amp; Claudin, 1990, ver tambi\u00e9n\u00a0http:\/\/estructuras-de-impacto.impact-structures.com\/?page_id=137) y los eyectas de impacto de Puerto M\u00ednguez (Claudin et al., 2001). La pista de ambos puede seguirse hasta una observaci\u00f3n inicial en la que Puerto Minguez era &hellip; Continuar leyendo \"Eyectas de impacto\"","og_url":"https:\/\/estructuras-de-impacto.impact-structures.com\/?page_id=1427","og_site_name":"ERNSTSON CLAUDIN ESTRUCTURAS DE IMPACTO - CR\u00c1TERES METEOR\u00cdTICOS","article_modified_time":"2012-05-26T10:20:05+00:00","og_image":[{"url":"http:\/\/www.impact-structures.com\/spain\/rubielos-ejecta\/image002.gif","type":"","width":"","height":""}],"twitter_card":"summary_large_image","twitter_misc":{"Tiempo de lectura":"7 minutos"},"schema":{"@context":"https:\/\/schema.org","@graph":[{"@type":"WebPage","@id":"https:\/\/estructuras-de-impacto.impact-structures.com\/?page_id=1427","url":"https:\/\/estructuras-de-impacto.impact-structures.com\/?page_id=1427","name":"Eyectas de impacto - ERNSTSON CLAUDIN ESTRUCTURAS DE IMPACTO - CR\u00c1TERES METEOR\u00cdTICOS","isPartOf":{"@id":"http:\/\/estructuras-de-impacto.impact-structures.com\/#website"},"primaryImageOfPage":{"@id":"https:\/\/estructuras-de-impacto.impact-structures.com\/?page_id=1427#primaryimage"},"image":{"@id":"https:\/\/estructuras-de-impacto.impact-structures.com\/?page_id=1427#primaryimage"},"thumbnailUrl":"http:\/\/www.impact-structures.com\/spain\/rubielos-ejecta\/image002.gif","datePublished":"2011-12-03T13:48:49+00:00","dateModified":"2012-05-26T10:20:05+00:00","breadcrumb":{"@id":"https:\/\/estructuras-de-impacto.impact-structures.com\/?page_id=1427#breadcrumb"},"inLanguage":"es","potentialAction":[{"@type":"ReadAction","target":["https:\/\/estructuras-de-impacto.impact-structures.com\/?page_id=1427"]}]},{"@type":"ImageObject","inLanguage":"es","@id":"https:\/\/estructuras-de-impacto.impact-structures.com\/?page_id=1427#primaryimage","url":"http:\/\/www.impact-structures.com\/spain\/rubielos-ejecta\/image002.gif","contentUrl":"http:\/\/www.impact-structures.com\/spain\/rubielos-ejecta\/image002.gif"},{"@type":"BreadcrumbList","@id":"https:\/\/estructuras-de-impacto.impact-structures.com\/?page_id=1427#breadcrumb","itemListElement":[{"@type":"ListItem","position":1,"name":"Portada","item":"http:\/\/estructuras-de-impacto.impact-structures.com\/"},{"@type":"ListItem","position":2,"name":"Las estructuras de impacto en Espa\u00f1a","item":"http:\/\/estructuras-de-impacto.impact-structures.com\/?page_id=1404"},{"@type":"ListItem","position":3,"name":"La cuenca de impacto de Rubielos de la C\u00e9rida","item":"http:\/\/estructuras-de-impacto.impact-structures.com\/?page_id=1417"},{"@type":"ListItem","position":4,"name":"Eyectas de impacto"}]},{"@type":"WebSite","@id":"http:\/\/estructuras-de-impacto.impact-structures.com\/#website","url":"http:\/\/estructuras-de-impacto.impact-structures.com\/","name":"ERNSTSON CLAUDIN ESTRUCTURAS DE IMPACTO - CR\u00c1TERES METEOR\u00cdTICOS","description":"Investigaci\u00f3n sobre la geolog\u00eda, geof\u00edsica, y petrolog\u00eda","potentialAction":[{"@type":"SearchAction","target":{"@type":"EntryPoint","urlTemplate":"http:\/\/estructuras-de-impacto.impact-structures.com\/?s={search_term_string}"},"query-input":{"@type":"PropertyValueSpecification","valueRequired":true,"valueName":"search_term_string"}}],"inLanguage":"es"}]}},"_links":{"self":[{"href":"http:\/\/estructuras-de-impacto.impact-structures.com\/index.php?rest_route=\/wp\/v2\/pages\/1427","targetHints":{"allow":["GET"]}}],"collection":[{"href":"http:\/\/estructuras-de-impacto.impact-structures.com\/index.php?rest_route=\/wp\/v2\/pages"}],"about":[{"href":"http:\/\/estructuras-de-impacto.impact-structures.com\/index.php?rest_route=\/wp\/v2\/types\/page"}],"author":[{"embeddable":true,"href":"http:\/\/estructuras-de-impacto.impact-structures.com\/index.php?rest_route=\/wp\/v2\/users\/1"}],"replies":[{"embeddable":true,"href":"http:\/\/estructuras-de-impacto.impact-structures.com\/index.php?rest_route=%2Fwp%2Fv2%2Fcomments&post=1427"}],"version-history":[{"count":0,"href":"http:\/\/estructuras-de-impacto.impact-structures.com\/index.php?rest_route=\/wp\/v2\/pages\/1427\/revisions"}],"up":[{"embeddable":true,"href":"http:\/\/estructuras-de-impacto.impact-structures.com\/index.php?rest_route=\/wp\/v2\/pages\/1417"}],"wp:attachment":[{"href":"http:\/\/estructuras-de-impacto.impact-structures.com\/index.php?rest_route=%2Fwp%2Fv2%2Fmedia&parent=1427"}],"curies":[{"name":"wp","href":"https:\/\/api.w.org\/{rel}","templated":true}]}}