{"id":1425,"date":"2011-12-03T13:45:12","date_gmt":"2011-12-03T13:45:12","guid":{"rendered":"http:\/\/cms.impact-structures.com\/?page_id=291"},"modified":"2012-05-26T10:02:03","modified_gmt":"2012-05-26T10:02:03","slug":"shatter-cones","status":"publish","type":"page","link":"http:\/\/estructuras-de-impacto.impact-structures.com\/?page_id=1425","title":{"rendered":"Conos astillados"},"content":{"rendered":"<p>Aunque rocas competentes se hallan ampliamente distribuidas en la cuenca de Rubielos de la C\u00e9rida y se hallan especialmente bien expuestas en el levantamiento central de la cadena, \u00fanicamente muy pocos conos astillados de calidad moderada han sido hallados. Este hecho creemos que se debe a las limitadas condiciones de los afloramientos (las rocas poco alteradas son raras) y a la ausencia de una cartograf\u00eda detallada. Tambi\u00e9n, podr\u00eda haberse visto influenciado por una serie de factores que previnieran la formaci\u00f3n de los mismos. En este punto se\u00f1alamos la naturaleza del objetivo, sedimentos mol\u00e1sicos inconsolidados, de gran espesor, que podr\u00edan haber ejercido un efecto amortiguador. Adem\u00e1s, hemos de hacer referencia al peculiar comportamiento de las calizas en el levantamiento central, esto es, la facilidad para romperse en peque\u00f1os fragmentos y astillas tras golpearlas suavemente con un martillo. El proceso que evidentemente congel\u00f3 el esfuerzo dentro de las calizas es desconocido por el momento, pero pudo haber sido incompatible con la formaci\u00f3n de conos astillados.<\/p>\n<p>En este contexto es interesante destacar que en la estructura de impacto de Ries, de 25 Km de di\u00e1metro, los conos astillados han sido \u00fanicamente encontrados en las rocas cristalinas del objetivo (granitoides, gneises, kersantitas) pero nunca en las rocas sedimentarias. El objetivo de Ries consiste de aproximadamente 600 m de rocas Tri\u00e1sicas y Jur\u00e1sicas que se disponen sobre un basamento cristalino. Entre las rocas del Jur\u00e1sico, cabe destacar la presencia de 200 m de calizas y margas del Malm (Kimmeridgiense superior) que en principio son buenas candidatas para la formaci\u00f3n de conos astillados. Durante el impacto grandes vol\u00famenes de estas rocas estuvieron expuestos a los niveles de choque necesarios para que se desarrollaran conos astillados y no obstante \u00e9stos no se formaron. Llegados a este punto cabe destacar que la estructura de Ries pertenece al grupo de estructuras de impacto mejor investigadas y cartografiadas.<\/p>\n<p>Debajo, mostramos conos astillados, procedentes de la cuenca de impacto de Rubielos de la C\u00e9rida, que oscilan entre moderados y bien desarrollados.<\/p>\n<p><img loading=\"lazy\" decoding=\"async\" src=\"http:\/\/www.impact-structures.com\/spain\/shatter-cones\/image002.gif\" alt=\"Image002\" width=\"302\" height=\"227\" \/><\/p>\n<p>Fig. 1.\u00a0<span class=\"Apple-style-span\" style=\"font-size: 14px; line-height: 22px;\">Conos astillados hallados en limolitas del C\u00e1mbrico; cerca de Olalla, en la parte norte del borde de la cuenca. Puede apreciarse la superficie de fractura c\u00f3nica y las t\u00edpicas marcas en cola de caballo. La superficie de diaclasado en la base muestra marcas d\u00e9biles de fracturas plumosas que no deben ser confundidas con conos astillados. De la colecci\u00f3n\u00a0<\/span>P. Bockstaller.<\/p>\n<p><img loading=\"lazy\" decoding=\"async\" src=\"http:\/\/www.impact-structures.com\/spain\/shatter-cones\/image004.gif\" alt=\"Image004\" width=\"302\" height=\"240\" \/><\/p>\n<p>Fig. 2.\u00a0<span class=\"Apple-style-span\" style=\"font-size: 14px; line-height: 22px;\">M\u00e1s conos astillados hallados en limolitas del C\u00e1mbrico. La escala es de 10 cm.<\/span><\/p>\n<p><img loading=\"lazy\" decoding=\"async\" src=\"http:\/\/www.impact-structures.com\/spain\/shatter-cones\/image006.gif\" alt=\"Image006\" width=\"302\" height=\"220\" \/><\/p>\n<p>Fig. 3.\u00a0<span class=\"Apple-style-span\" style=\"font-size: 14px; line-height: 22px;\">Conos astillados de calidad moderada hallados en calizas del Malm; levantamiento central de la cadena, cerca de Bue\u00f1a.<\/span><\/p>\n","protected":false},"excerpt":{"rendered":"<p>Aunque rocas competentes se hallan ampliamente distribuidas en la cuenca de Rubielos de la C\u00e9rida y se hallan especialmente bien expuestas en el levantamiento central de la cadena, \u00fanicamente muy pocos conos astillados de calidad moderada han sido hallados. Este hecho creemos que se debe a las limitadas condiciones de los afloramientos (las rocas poco &hellip; <a href=\"http:\/\/estructuras-de-impacto.impact-structures.com\/?page_id=1425\" class=\"more-link\">Continuar leyendo<span class=\"screen-reader-text\"> \u00abConos astillados\u00bb<\/span><\/a><\/p>\n","protected":false},"author":1,"featured_media":0,"parent":1417,"menu_order":0,"comment_status":"closed","ping_status":"closed","template":"sidebar-page.php","meta":{"footnotes":""},"class_list":["post-1425","page","type-page","status-publish","hentry"],"yoast_head":"<!-- This site is optimized with the Yoast SEO plugin v27.3 - https:\/\/yoast.com\/product\/yoast-seo-wordpress\/ -->\n<title>Conos astillados - ERNSTSON CLAUDIN ESTRUCTURAS DE IMPACTO - CR\u00c1TERES METEOR\u00cdTICOS<\/title>\n<meta name=\"robots\" content=\"index, follow, max-snippet:-1, max-image-preview:large, max-video-preview:-1\" \/>\n<link rel=\"canonical\" href=\"http:\/\/estructuras-de-impacto.impact-structures.com\/?page_id=1425\" \/>\n<meta property=\"og:locale\" content=\"es_ES\" \/>\n<meta property=\"og:type\" content=\"article\" \/>\n<meta property=\"og:title\" content=\"Conos astillados - ERNSTSON CLAUDIN ESTRUCTURAS DE IMPACTO - CR\u00c1TERES METEOR\u00cdTICOS\" \/>\n<meta property=\"og:description\" content=\"Aunque rocas competentes se hallan ampliamente distribuidas en la cuenca de Rubielos de la C\u00e9rida y se hallan especialmente bien expuestas en el levantamiento central de la cadena, \u00fanicamente muy pocos conos astillados de calidad moderada han sido hallados. Este hecho creemos que se debe a las limitadas condiciones de los afloramientos (las rocas poco &hellip; Continuar leyendo &quot;Conos astillados&quot;\" \/>\n<meta property=\"og:url\" content=\"http:\/\/estructuras-de-impacto.impact-structures.com\/?page_id=1425\" \/>\n<meta property=\"og:site_name\" content=\"ERNSTSON CLAUDIN ESTRUCTURAS DE IMPACTO - CR\u00c1TERES METEOR\u00cdTICOS\" \/>\n<meta property=\"article:modified_time\" content=\"2012-05-26T10:02:03+00:00\" \/>\n<meta property=\"og:image\" content=\"http:\/\/www.impact-structures.com\/spain\/shatter-cones\/image002.gif\" \/>\n<meta name=\"twitter:card\" content=\"summary_large_image\" \/>\n<meta name=\"twitter:label1\" content=\"Tiempo de lectura\" \/>\n\t<meta name=\"twitter:data1\" content=\"2 minutos\" \/>\n<script type=\"application\/ld+json\" class=\"yoast-schema-graph\">{\"@context\":\"https:\\\/\\\/schema.org\",\"@graph\":[{\"@type\":\"WebPage\",\"@id\":\"http:\\\/\\\/estructuras-de-impacto.impact-structures.com\\\/?page_id=1425\",\"url\":\"http:\\\/\\\/estructuras-de-impacto.impact-structures.com\\\/?page_id=1425\",\"name\":\"Conos astillados - ERNSTSON CLAUDIN ESTRUCTURAS DE IMPACTO - CR\u00c1TERES METEOR\u00cdTICOS\",\"isPartOf\":{\"@id\":\"http:\\\/\\\/estructuras-de-impacto.impact-structures.com\\\/#website\"},\"primaryImageOfPage\":{\"@id\":\"http:\\\/\\\/estructuras-de-impacto.impact-structures.com\\\/?page_id=1425#primaryimage\"},\"image\":{\"@id\":\"http:\\\/\\\/estructuras-de-impacto.impact-structures.com\\\/?page_id=1425#primaryimage\"},\"thumbnailUrl\":\"http:\\\/\\\/www.impact-structures.com\\\/spain\\\/shatter-cones\\\/image002.gif\",\"datePublished\":\"2011-12-03T13:45:12+00:00\",\"dateModified\":\"2012-05-26T10:02:03+00:00\",\"breadcrumb\":{\"@id\":\"http:\\\/\\\/estructuras-de-impacto.impact-structures.com\\\/?page_id=1425#breadcrumb\"},\"inLanguage\":\"es\",\"potentialAction\":[{\"@type\":\"ReadAction\",\"target\":[\"http:\\\/\\\/estructuras-de-impacto.impact-structures.com\\\/?page_id=1425\"]}]},{\"@type\":\"ImageObject\",\"inLanguage\":\"es\",\"@id\":\"http:\\\/\\\/estructuras-de-impacto.impact-structures.com\\\/?page_id=1425#primaryimage\",\"url\":\"http:\\\/\\\/www.impact-structures.com\\\/spain\\\/shatter-cones\\\/image002.gif\",\"contentUrl\":\"http:\\\/\\\/www.impact-structures.com\\\/spain\\\/shatter-cones\\\/image002.gif\"},{\"@type\":\"BreadcrumbList\",\"@id\":\"http:\\\/\\\/estructuras-de-impacto.impact-structures.com\\\/?page_id=1425#breadcrumb\",\"itemListElement\":[{\"@type\":\"ListItem\",\"position\":1,\"name\":\"Portada\",\"item\":\"http:\\\/\\\/estructuras-de-impacto.impact-structures.com\\\/\"},{\"@type\":\"ListItem\",\"position\":2,\"name\":\"Las estructuras de impacto en Espa\u00f1a\",\"item\":\"http:\\\/\\\/estructuras-de-impacto.impact-structures.com\\\/?page_id=1404\"},{\"@type\":\"ListItem\",\"position\":3,\"name\":\"La cuenca de impacto de Rubielos de la C\u00e9rida\",\"item\":\"http:\\\/\\\/estructuras-de-impacto.impact-structures.com\\\/?page_id=1417\"},{\"@type\":\"ListItem\",\"position\":4,\"name\":\"Conos astillados\"}]},{\"@type\":\"WebSite\",\"@id\":\"http:\\\/\\\/estructuras-de-impacto.impact-structures.com\\\/#website\",\"url\":\"http:\\\/\\\/estructuras-de-impacto.impact-structures.com\\\/\",\"name\":\"ERNSTSON CLAUDIN ESTRUCTURAS DE IMPACTO - CR\u00c1TERES METEOR\u00cdTICOS\",\"description\":\"Investigaci\u00f3n sobre la geolog\u00eda, geof\u00edsica, y petrolog\u00eda\",\"potentialAction\":[{\"@type\":\"SearchAction\",\"target\":{\"@type\":\"EntryPoint\",\"urlTemplate\":\"http:\\\/\\\/estructuras-de-impacto.impact-structures.com\\\/?s={search_term_string}\"},\"query-input\":{\"@type\":\"PropertyValueSpecification\",\"valueRequired\":true,\"valueName\":\"search_term_string\"}}],\"inLanguage\":\"es\"}]}<\/script>\n<!-- \/ Yoast SEO plugin. -->","yoast_head_json":{"title":"Conos astillados - ERNSTSON CLAUDIN ESTRUCTURAS DE IMPACTO - CR\u00c1TERES METEOR\u00cdTICOS","robots":{"index":"index","follow":"follow","max-snippet":"max-snippet:-1","max-image-preview":"max-image-preview:large","max-video-preview":"max-video-preview:-1"},"canonical":"http:\/\/estructuras-de-impacto.impact-structures.com\/?page_id=1425","og_locale":"es_ES","og_type":"article","og_title":"Conos astillados - ERNSTSON CLAUDIN ESTRUCTURAS DE IMPACTO - CR\u00c1TERES METEOR\u00cdTICOS","og_description":"Aunque rocas competentes se hallan ampliamente distribuidas en la cuenca de Rubielos de la C\u00e9rida y se hallan especialmente bien expuestas en el levantamiento central de la cadena, \u00fanicamente muy pocos conos astillados de calidad moderada han sido hallados. Este hecho creemos que se debe a las limitadas condiciones de los afloramientos (las rocas poco &hellip; Continuar leyendo \"Conos astillados\"","og_url":"http:\/\/estructuras-de-impacto.impact-structures.com\/?page_id=1425","og_site_name":"ERNSTSON CLAUDIN ESTRUCTURAS DE IMPACTO - CR\u00c1TERES METEOR\u00cdTICOS","article_modified_time":"2012-05-26T10:02:03+00:00","og_image":[{"url":"http:\/\/www.impact-structures.com\/spain\/shatter-cones\/image002.gif","type":"","width":"","height":""}],"twitter_card":"summary_large_image","twitter_misc":{"Tiempo de lectura":"2 minutos"},"schema":{"@context":"https:\/\/schema.org","@graph":[{"@type":"WebPage","@id":"http:\/\/estructuras-de-impacto.impact-structures.com\/?page_id=1425","url":"http:\/\/estructuras-de-impacto.impact-structures.com\/?page_id=1425","name":"Conos astillados - ERNSTSON CLAUDIN ESTRUCTURAS DE IMPACTO - CR\u00c1TERES METEOR\u00cdTICOS","isPartOf":{"@id":"http:\/\/estructuras-de-impacto.impact-structures.com\/#website"},"primaryImageOfPage":{"@id":"http:\/\/estructuras-de-impacto.impact-structures.com\/?page_id=1425#primaryimage"},"image":{"@id":"http:\/\/estructuras-de-impacto.impact-structures.com\/?page_id=1425#primaryimage"},"thumbnailUrl":"http:\/\/www.impact-structures.com\/spain\/shatter-cones\/image002.gif","datePublished":"2011-12-03T13:45:12+00:00","dateModified":"2012-05-26T10:02:03+00:00","breadcrumb":{"@id":"http:\/\/estructuras-de-impacto.impact-structures.com\/?page_id=1425#breadcrumb"},"inLanguage":"es","potentialAction":[{"@type":"ReadAction","target":["http:\/\/estructuras-de-impacto.impact-structures.com\/?page_id=1425"]}]},{"@type":"ImageObject","inLanguage":"es","@id":"http:\/\/estructuras-de-impacto.impact-structures.com\/?page_id=1425#primaryimage","url":"http:\/\/www.impact-structures.com\/spain\/shatter-cones\/image002.gif","contentUrl":"http:\/\/www.impact-structures.com\/spain\/shatter-cones\/image002.gif"},{"@type":"BreadcrumbList","@id":"http:\/\/estructuras-de-impacto.impact-structures.com\/?page_id=1425#breadcrumb","itemListElement":[{"@type":"ListItem","position":1,"name":"Portada","item":"http:\/\/estructuras-de-impacto.impact-structures.com\/"},{"@type":"ListItem","position":2,"name":"Las estructuras de impacto en Espa\u00f1a","item":"http:\/\/estructuras-de-impacto.impact-structures.com\/?page_id=1404"},{"@type":"ListItem","position":3,"name":"La cuenca de impacto de Rubielos de la C\u00e9rida","item":"http:\/\/estructuras-de-impacto.impact-structures.com\/?page_id=1417"},{"@type":"ListItem","position":4,"name":"Conos astillados"}]},{"@type":"WebSite","@id":"http:\/\/estructuras-de-impacto.impact-structures.com\/#website","url":"http:\/\/estructuras-de-impacto.impact-structures.com\/","name":"ERNSTSON CLAUDIN ESTRUCTURAS DE IMPACTO - CR\u00c1TERES METEOR\u00cdTICOS","description":"Investigaci\u00f3n sobre la geolog\u00eda, geof\u00edsica, y petrolog\u00eda","potentialAction":[{"@type":"SearchAction","target":{"@type":"EntryPoint","urlTemplate":"http:\/\/estructuras-de-impacto.impact-structures.com\/?s={search_term_string}"},"query-input":{"@type":"PropertyValueSpecification","valueRequired":true,"valueName":"search_term_string"}}],"inLanguage":"es"}]}},"_links":{"self":[{"href":"http:\/\/estructuras-de-impacto.impact-structures.com\/index.php?rest_route=\/wp\/v2\/pages\/1425","targetHints":{"allow":["GET"]}}],"collection":[{"href":"http:\/\/estructuras-de-impacto.impact-structures.com\/index.php?rest_route=\/wp\/v2\/pages"}],"about":[{"href":"http:\/\/estructuras-de-impacto.impact-structures.com\/index.php?rest_route=\/wp\/v2\/types\/page"}],"author":[{"embeddable":true,"href":"http:\/\/estructuras-de-impacto.impact-structures.com\/index.php?rest_route=\/wp\/v2\/users\/1"}],"replies":[{"embeddable":true,"href":"http:\/\/estructuras-de-impacto.impact-structures.com\/index.php?rest_route=%2Fwp%2Fv2%2Fcomments&post=1425"}],"version-history":[{"count":0,"href":"http:\/\/estructuras-de-impacto.impact-structures.com\/index.php?rest_route=\/wp\/v2\/pages\/1425\/revisions"}],"up":[{"embeddable":true,"href":"http:\/\/estructuras-de-impacto.impact-structures.com\/index.php?rest_route=\/wp\/v2\/pages\/1417"}],"wp:attachment":[{"href":"http:\/\/estructuras-de-impacto.impact-structures.com\/index.php?rest_route=%2Fwp%2Fv2%2Fmedia&parent=1425"}],"curies":[{"name":"wp","href":"https:\/\/api.w.org\/{rel}","templated":true}]}}