{"id":1424,"date":"2011-12-03T13:44:34","date_gmt":"2011-12-03T13:44:34","guid":{"rendered":"http:\/\/cms.impact-structures.com\/?page_id=289"},"modified":"2012-05-26T10:55:51","modified_gmt":"2012-05-26T10:55:51","slug":"shock-metamorphism","status":"publish","type":"page","link":"http:\/\/estructuras-de-impacto.impact-structures.com\/?page_id=1424","title":{"rendered":"Metamorfismo de choque"},"content":{"rendered":"<p>En la cuenca de impacto de Rubielos de la C\u00e9rida, puede observarse la presencia de efectos intensos de metamorfismo de choque en las rocas de fundido de impacto silicatado y en las brechas suev\u00edticas procedentes de la megabrecha de Barrachina.<\/p>\n<p>En la brecha basal suev\u00edtica, el metamorfismo de choque puede estar relacionado con SiO<sub>2<\/sub>\u00a0amorfo (como el discutido para la brecha basal de Azuara) y con el fundido carbonatado cristalizado que se halla posiblemente presente en la matriz de la brecha basal. Las rocas y fragmentos minerales de s\u00edlice presentes en la brecha basal son por lo general escasos (excepto en el caso de algunos componentes del Buntsandstein presentes en la brecha basal de la parte sur de la cuenca y de la regi\u00f3n del borde). Relacionado con esta escasez, los efectos claros de choque no son muy abundantes.<\/p>\n<p>Efectos de choque moderados pueden observarse de manera regular en muestras de rocas silicatadas, procedentes en su mayoria de areniscas del Cret\u00e1cico y del Permotri\u00e1sico del levantamiento central de la cadena y de la zona de borde de Rubielos de la C\u00e9rida. Tambi\u00e9n se presentan en las areniscas del Buntsandstein de una peque\u00f1a colina que emerge del Cuaternario cercano a Singra, y en rocas del Permotri\u00e1sico que afloran en los alrededores de Visiedo (que han sido cartografiadas de manera err\u00f3nea como del Malm, ver ITGE [1991], IGME [1979]. Como en el caso de las rocas sedimentarias de Azuara, se aprecian efectos de choque moderados por la presencia de cristales de cuarzo diapl\u00e9cticos (relativamente raros), PDFs (relativamente raras), PFs y bandas de kink en el cuarzo, intensas bandas de kink en la mica y micromaclado en la calcita. En algunas secciones delgadas, hasta el 100% de las micas presentan bandas de kink.<\/p>\n<p><img loading=\"lazy\" decoding=\"async\" src=\"http:\/\/www.impact-structures.com\/spain\/shock-metamorphism\/image002.gif\" alt=\"Image002\" width=\"302\" height=\"447\" \/><\/p>\n<p>Fig. 1.\u00a0<span class=\"Apple-style-span\" style=\"font-size: 14px; line-height: 22px;\">Localidades en las que el metamorfismo de choque ha sido bien establecido<\/span><\/p>\n<p>Mientras a tenor de los conocimientos actuales, los cristales diapl\u00e9cticos, el vidrio diapl\u00e9ctico y las PDFs tan s\u00f3lo pueden ser producidas por fuerte choque de impacto, algunas de las estructuras mencionadas con anterioridad han sido citadas tanto en procesos de metamorfismo de choque por impacto como en procesos endogen\u00e9ticos. La deformaci\u00f3n por choque de moderada intensidad da lugar a fracturas planares (PFs, clivaje) en el cuarzo, las cuales pertenecen al repertorio com\u00fan de rasgos de choque de las estructuras de impacto. La presencia de clivaje es por lo general desconocida en el cuarzo. En raros casos, no obstante, las fracturas planares pueden ser generadas por la tect\u00f3nica que opera en las zonas de metamorfismo regional extremo. Deformaciones tect\u00f3nicas muy intensas pueden tambi\u00e9n producir bandas de kink en la mica, que tambi\u00e9n se citan como un rasgo t\u00edpico de efecto de choque de bajo grado.<\/p>\n<p>La presencia de bandas de kink y de m\u00faltiples conjuntos de PFs en el cuarzo de las rocas Mesozoicas no pueden, posiblemente, haber sido el resultado de la tect\u00f3nica Alp\u00eddica. Por otra parte, los minerales no se han podido originar a partir de rocas del Paleozoico retrabajadas, dado que no se hallan estad\u00edsticamente distribuidos en las secciones delgadas. Adem\u00e1s, las micas con intensas bandas de kink no habr\u00edan sobrevivido a este retrabajamiento.<\/p>\n<h2>Efectos t\u00edpicos de choque observados en las preparaciones microsc\u00f3picas de Rubielos de la C\u00e9rida<\/h2>\n<p><em>En las siguientes microfotograf\u00edas, la anchura del campo oscila entre 200 \u00b5m y 500 \u00b5m. Por lo general est\u00e1n realizadas a n\u00edcoles cruzados; dos microfotograf\u00edas adicionales est\u00e1n realizadas a luz paralela.<\/em><\/p>\n<p><img loading=\"lazy\" decoding=\"async\" src=\"http:\/\/www.impact-structures.com\/spain\/shock-metamorphism\/image004.gif\" alt=\"Image004\" width=\"302\" height=\"260\" \/><\/p>\n<p>Fig 2.\u00a0<span class=\"Apple-style-span\" style=\"font-size: 14px; line-height: 22px;\">PDFs y cuarzo diapl\u00e9ctico. Brecha polim\u00edctica; regi\u00f3n noreste del borde.<\/span><\/p>\n<p><img loading=\"lazy\" decoding=\"async\" src=\"http:\/\/www.impact-structures.com\/spain\/shock-metamorphism\/image006.gif\" alt=\"Image006\" width=\"302\" height=\"421\" \/><\/p>\n<p>Fig. 3.\u00a0<span class=\"Apple-style-span\" style=\"font-size: 14px; line-height: 22px;\">Vidrio de fundido, a luz paralela y n\u00edcoles cruzados. Suevita procedente de la megabrecha de Barrachina.<\/span><\/p>\n<p><img loading=\"lazy\" decoding=\"async\" src=\"http:\/\/www.impact-structures.com\/spain\/shock-metamorphism\/image008.gif\" alt=\"Image008\" width=\"302\" height=\"228\" \/><\/p>\n<p>Fig. 4.\u00a0<span class=\"Apple-style-span\" style=\"font-size: 14px; line-height: 22px;\">Feldespato diapl\u00e9ctico (el grano m\u00e1s largo). Roca de fundido silicatado, megabrecha de Barrachina. Im\u00e1genes a n\u00edcoles cruzados y a luz paralela.<\/span><\/p>\n<p><img loading=\"lazy\" decoding=\"async\" src=\"http:\/\/www.impact-structures.com\/spain\/shock-metamorphism\/image010.gif\" alt=\"Image010\" width=\"302\" height=\"223\" \/><\/p>\n<p>Fig. 5.\u00a0<span class=\"Apple-style-span\" style=\"font-size: 14px; line-height: 22px;\">Bandas de kink en el cuarzo. Arenisca del Permotri\u00e1sico; levantamiento central de la cuenca.<\/span><\/p>\n<p><img loading=\"lazy\" decoding=\"async\" src=\"http:\/\/www.impact-structures.com\/spain\/shock-metamorphism\/image012.gif\" alt=\"Image012\" width=\"302\" height=\"126\" \/><\/p>\n<p>Fig. 6.\u00a0<span class=\"Apple-style-span\" style=\"font-size: 14px; line-height: 22px;\">Bandas de kink en mica. Arenisca del Buntsandstein, cerca de Singra.<\/span><\/p>\n<p><img loading=\"lazy\" decoding=\"async\" src=\"http:\/\/www.impact-structures.com\/spain\/shock-metamorphism\/image014.gif\" alt=\"Image014\" width=\"302\" height=\"168\" \/><\/p>\n<p>Fig. 7. Dos conjuntos de b<span class=\"Apple-style-span\" style=\"font-size: 14px; line-height: 22px;\">andas de kink en mica. Arenisca del Cret\u00e1cico; zona noreste del borde.<\/span><\/p>\n<p><img loading=\"lazy\" decoding=\"async\" src=\"http:\/\/www.impact-structures.com\/spain\/shock-metamorphism\/image016.gif\" alt=\"Image016\" width=\"302\" height=\"207\" \/><\/p>\n<p>Fig. 8.\u00a0<span class=\"Apple-style-span\" style=\"font-size: 14px; line-height: 22px;\">Conjuntos m\u00faltiples de micromaclado en una calcita procedente de una brecha polim\u00edctica; regi\u00f3n noreste del borde.<\/span><\/p>\n<p><img loading=\"lazy\" decoding=\"async\" src=\"http:\/\/www.impact-structures.com\/spain\/shock-metamorphism\/image018.gif\" alt=\"Image018\" width=\"302\" height=\"198\" \/><\/p>\n<p>Fig. 9.\u00a0<span class=\"Apple-style-span\" style=\"font-size: 14px; line-height: 22px;\">PDFs en cuarzo. Arenisca del Cret\u00e1cico, cerca de Portalrubio; regi\u00f3n noreste del borde.<\/span><\/p>\n<p><img loading=\"lazy\" decoding=\"async\" src=\"http:\/\/www.impact-structures.com\/spain\/shock-metamorphism\/image020.gif\" alt=\"Image020\" width=\"302\" height=\"234\" \/><\/p>\n<p>Fig. 10.\u00a0<span class=\"Apple-style-span\" style=\"font-size: 14px; line-height: 22px;\">PDFs en un cuarzo. Arenisca procedente de la colina de materiales del Buntsandstein cerca de Singra.<\/span><\/p>\n<p><img loading=\"lazy\" decoding=\"async\" src=\"http:\/\/www.impact-structures.com\/spain\/shock-metamorphism\/image022.gif\" alt=\"Image022\" width=\"302\" height=\"217\" \/><\/p>\n<p>Fig. 11.\u00a0<span class=\"Apple-style-span\" style=\"font-size: 14px; line-height: 22px;\">PDFs en un cuarzo. Arenisca procedente de la colina de materiales del Buntsandstein cerca de Singra.<\/span><\/p>\n<p><img loading=\"lazy\" decoding=\"async\" src=\"http:\/\/www.impact-structures.com\/spain\/shock-metamorphism\/image024.gif\" alt=\"Image024\" width=\"302\" height=\"232\" \/><\/p>\n<p>Fig. 12.\u00a0<span class=\"Apple-style-span\" style=\"font-size: 14px; line-height: 22px;\">PDFs y bandas de kink en un cuarzo. Colina de materiales del Buntsandstein cerca de Singra.<\/span><\/p>\n<p><img loading=\"lazy\" decoding=\"async\" src=\"http:\/\/www.impact-structures.com\/spain\/shock-metamorphism\/image026.gif\" alt=\"Image026\" width=\"302\" height=\"231\" \/><\/p>\n<p>Fig. 13.\u00a0<span class=\"Apple-style-span\" style=\"font-size: 14px; line-height: 22px;\">Fracturas planares (PFs) en un cuarzo. Colina de materiales del Buntsanstein cerca de Singra.<\/span><\/p>\n<p><img loading=\"lazy\" decoding=\"async\" src=\"http:\/\/www.impact-structures.com\/spain\/shock-metamorphism\/image028.gif\" alt=\"Image028\" width=\"302\" height=\"218\" \/><\/p>\n<p>Fig. 14.\u00a0<span class=\"Apple-style-span\" style=\"font-size: 14px; line-height: 22px;\">Bandas de kink en un cuarzo. Canto de cuarcita procedente de la megabrecha de Barrachina.<\/span><\/p>\n<p><img loading=\"lazy\" decoding=\"async\" src=\"http:\/\/www.impact-structures.com\/spain\/shock-metamorphism\/image030.gif\" alt=\"Image030\" width=\"302\" height=\"203\" \/><\/p>\n<p>Fig. 15.\u00a0<span class=\"Apple-style-span\" style=\"font-size: 14px; line-height: 22px;\">PDFs en un cuarzo. Arenisca del Cret\u00e1cico; cerca de Portalrubio.<\/span><\/p>\n<p><img loading=\"lazy\" decoding=\"async\" src=\"http:\/\/www.impact-structures.com\/spain\/shock-metamorphism\/image032.gif\" alt=\"Image032\" width=\"302\" height=\"208\" \/><\/p>\n<p>Fig. 16.\u00a0<span class=\"Apple-style-span\" style=\"font-size: 14px; line-height: 22px;\">Bandas de kink en un cuarzo. Cuarcita Paleozoica; region noroeste del borde.<\/span><\/p>\n<p><img loading=\"lazy\" decoding=\"async\" src=\"http:\/\/www.impact-structures.com\/spain\/shock-metamorphism\/image034.gif\" alt=\"Image034\" width=\"302\" height=\"251\" \/><\/p>\n<p>Fig. 17.\u00a0<span class=\"Apple-style-span\" style=\"font-size: 14px; line-height: 22px;\">PDFs en feldespato parcialmente diapl\u00e9ctico. Megabrecha de Barrachina.<\/span><\/p>\n<p><img loading=\"lazy\" decoding=\"async\" src=\"http:\/\/www.impact-structures.com\/spain\/shock-metamorphism\/image036.gif\" alt=\"Image036\" width=\"302\" height=\"233\" \/><\/p>\n<p>Fig. 18.\u00a0<span class=\"Apple-style-span\" style=\"font-size: 14px; line-height: 22px;\">PDFs en cuarzo; canto de cuarzcita procedente de conglomerados del Buntsandstein localizados en levantamiento central de la cadena, cerca de Caud\u00e9.<\/span><\/p>\n<p><img loading=\"lazy\" decoding=\"async\" src=\"http:\/\/www.impact-structures.com\/spain\/shock-metamorphism\/image038.gif\" alt=\"Image038\" width=\"302\" height=\"199\" \/><\/p>\n<p>Fig. 19.\u00a0<span class=\"Apple-style-span\" style=\"font-size: 14px; line-height: 22px;\">PDFs en cuarzo; brecha basal suev\u00edtica, cerca de Celadas.<\/span><\/p>\n<p><img loading=\"lazy\" decoding=\"async\" src=\"http:\/\/www.impact-structures.com\/spain\/shock-metamorphism\/image040.gif\" alt=\"Image040\" width=\"302\" height=\"207\" \/><\/p>\n<p>Fig. 20.\u00a0<span class=\"Apple-style-span\" style=\"font-size: 14px; line-height: 22px;\">PDFs en cuarzo ; arenisca del Buntsandstein localizada al sur de la cuenca de Rubielos de la C\u00e9rida, cerca de Caud\u00e9.<\/span><\/p>\n<p><img loading=\"lazy\" decoding=\"async\" src=\"http:\/\/www.impact-structures.com\/spain\/shock-metamorphism\/image042.gif\" alt=\"Image042\" width=\"302\" height=\"215\" \/><\/p>\n<p>Fig. 21. PDFs en moscovita;\u00a0 no hay que confundirlas con los m\u00e1s pronunciados planos basales\u00a0Arenisca del Buntsandstein procedente del sur de la cuenca de Rubielos de la C\u00e9rida, cerca de Caud\u00e9.<\/p>\n<p><img loading=\"lazy\" decoding=\"async\" src=\"http:\/\/www.impact-structures.com\/spain\/shock-metamorphism\/image044.gif\" alt=\"Image044\" width=\"302\" height=\"202\" \/><\/p>\n<p>Fig. 22.\u00a0<span class=\"Apple-style-span\" style=\"font-size: 14px; line-height: 22px;\">PDFs en cuarzo; brecha basal suev\u00edtica localizada en la parte Noreste del borde de la cuenca.<\/span><\/p>\n","protected":false},"excerpt":{"rendered":"<p>En la cuenca de impacto de Rubielos de la C\u00e9rida, puede observarse la presencia de efectos intensos de metamorfismo de choque en las rocas de fundido de impacto silicatado y en las brechas suev\u00edticas procedentes de la megabrecha de Barrachina. En la brecha basal suev\u00edtica, el metamorfismo de choque puede estar relacionado con SiO2\u00a0amorfo (como &hellip; <a href=\"http:\/\/estructuras-de-impacto.impact-structures.com\/?page_id=1424\" class=\"more-link\">Continuar leyendo<span class=\"screen-reader-text\"> \u00abMetamorfismo de choque\u00bb<\/span><\/a><\/p>\n","protected":false},"author":1,"featured_media":0,"parent":1417,"menu_order":0,"comment_status":"closed","ping_status":"closed","template":"sidebar-page.php","meta":{"footnotes":""},"class_list":["post-1424","page","type-page","status-publish","hentry"],"yoast_head":"<!-- This site is optimized with the Yoast SEO plugin v27.3 - https:\/\/yoast.com\/product\/yoast-seo-wordpress\/ -->\n<title>Metamorfismo de choque - ERNSTSON CLAUDIN ESTRUCTURAS DE IMPACTO - CR\u00c1TERES METEOR\u00cdTICOS<\/title>\n<meta name=\"robots\" content=\"index, follow, max-snippet:-1, max-image-preview:large, max-video-preview:-1\" \/>\n<link rel=\"canonical\" href=\"http:\/\/estructuras-de-impacto.impact-structures.com\/?page_id=1424\" \/>\n<meta property=\"og:locale\" content=\"es_ES\" \/>\n<meta property=\"og:type\" content=\"article\" \/>\n<meta property=\"og:title\" content=\"Metamorfismo de choque - ERNSTSON CLAUDIN ESTRUCTURAS DE IMPACTO - CR\u00c1TERES METEOR\u00cdTICOS\" \/>\n<meta property=\"og:description\" content=\"En la cuenca de impacto de Rubielos de la C\u00e9rida, puede observarse la presencia de efectos intensos de metamorfismo de choque en las rocas de fundido de impacto silicatado y en las brechas suev\u00edticas procedentes de la megabrecha de Barrachina. En la brecha basal suev\u00edtica, el metamorfismo de choque puede estar relacionado con SiO2\u00a0amorfo (como &hellip; Continuar leyendo &quot;Metamorfismo de choque&quot;\" \/>\n<meta property=\"og:url\" content=\"http:\/\/estructuras-de-impacto.impact-structures.com\/?page_id=1424\" \/>\n<meta property=\"og:site_name\" content=\"ERNSTSON CLAUDIN ESTRUCTURAS DE IMPACTO - CR\u00c1TERES METEOR\u00cdTICOS\" \/>\n<meta property=\"article:modified_time\" content=\"2012-05-26T10:55:51+00:00\" \/>\n<meta property=\"og:image\" content=\"http:\/\/www.impact-structures.com\/spain\/shock-metamorphism\/image002.gif\" \/>\n<meta name=\"twitter:card\" content=\"summary_large_image\" \/>\n<meta name=\"twitter:label1\" content=\"Tiempo de lectura\" \/>\n\t<meta name=\"twitter:data1\" content=\"5 minutos\" \/>\n<script type=\"application\/ld+json\" class=\"yoast-schema-graph\">{\"@context\":\"https:\\\/\\\/schema.org\",\"@graph\":[{\"@type\":\"WebPage\",\"@id\":\"http:\\\/\\\/estructuras-de-impacto.impact-structures.com\\\/?page_id=1424\",\"url\":\"http:\\\/\\\/estructuras-de-impacto.impact-structures.com\\\/?page_id=1424\",\"name\":\"Metamorfismo de choque - ERNSTSON CLAUDIN ESTRUCTURAS DE IMPACTO - CR\u00c1TERES METEOR\u00cdTICOS\",\"isPartOf\":{\"@id\":\"http:\\\/\\\/estructuras-de-impacto.impact-structures.com\\\/#website\"},\"primaryImageOfPage\":{\"@id\":\"http:\\\/\\\/estructuras-de-impacto.impact-structures.com\\\/?page_id=1424#primaryimage\"},\"image\":{\"@id\":\"http:\\\/\\\/estructuras-de-impacto.impact-structures.com\\\/?page_id=1424#primaryimage\"},\"thumbnailUrl\":\"http:\\\/\\\/www.impact-structures.com\\\/spain\\\/shock-metamorphism\\\/image002.gif\",\"datePublished\":\"2011-12-03T13:44:34+00:00\",\"dateModified\":\"2012-05-26T10:55:51+00:00\",\"breadcrumb\":{\"@id\":\"http:\\\/\\\/estructuras-de-impacto.impact-structures.com\\\/?page_id=1424#breadcrumb\"},\"inLanguage\":\"es\",\"potentialAction\":[{\"@type\":\"ReadAction\",\"target\":[\"http:\\\/\\\/estructuras-de-impacto.impact-structures.com\\\/?page_id=1424\"]}]},{\"@type\":\"ImageObject\",\"inLanguage\":\"es\",\"@id\":\"http:\\\/\\\/estructuras-de-impacto.impact-structures.com\\\/?page_id=1424#primaryimage\",\"url\":\"http:\\\/\\\/www.impact-structures.com\\\/spain\\\/shock-metamorphism\\\/image002.gif\",\"contentUrl\":\"http:\\\/\\\/www.impact-structures.com\\\/spain\\\/shock-metamorphism\\\/image002.gif\"},{\"@type\":\"BreadcrumbList\",\"@id\":\"http:\\\/\\\/estructuras-de-impacto.impact-structures.com\\\/?page_id=1424#breadcrumb\",\"itemListElement\":[{\"@type\":\"ListItem\",\"position\":1,\"name\":\"Portada\",\"item\":\"http:\\\/\\\/estructuras-de-impacto.impact-structures.com\\\/\"},{\"@type\":\"ListItem\",\"position\":2,\"name\":\"Las estructuras de impacto en Espa\u00f1a\",\"item\":\"http:\\\/\\\/estructuras-de-impacto.impact-structures.com\\\/?page_id=1404\"},{\"@type\":\"ListItem\",\"position\":3,\"name\":\"La cuenca de impacto de Rubielos de la C\u00e9rida\",\"item\":\"http:\\\/\\\/estructuras-de-impacto.impact-structures.com\\\/?page_id=1417\"},{\"@type\":\"ListItem\",\"position\":4,\"name\":\"Metamorfismo de choque\"}]},{\"@type\":\"WebSite\",\"@id\":\"http:\\\/\\\/estructuras-de-impacto.impact-structures.com\\\/#website\",\"url\":\"http:\\\/\\\/estructuras-de-impacto.impact-structures.com\\\/\",\"name\":\"ERNSTSON CLAUDIN ESTRUCTURAS DE IMPACTO - CR\u00c1TERES METEOR\u00cdTICOS\",\"description\":\"Investigaci\u00f3n sobre la geolog\u00eda, geof\u00edsica, y petrolog\u00eda\",\"potentialAction\":[{\"@type\":\"SearchAction\",\"target\":{\"@type\":\"EntryPoint\",\"urlTemplate\":\"http:\\\/\\\/estructuras-de-impacto.impact-structures.com\\\/?s={search_term_string}\"},\"query-input\":{\"@type\":\"PropertyValueSpecification\",\"valueRequired\":true,\"valueName\":\"search_term_string\"}}],\"inLanguage\":\"es\"}]}<\/script>\n<!-- \/ Yoast SEO plugin. -->","yoast_head_json":{"title":"Metamorfismo de choque - ERNSTSON CLAUDIN ESTRUCTURAS DE IMPACTO - CR\u00c1TERES METEOR\u00cdTICOS","robots":{"index":"index","follow":"follow","max-snippet":"max-snippet:-1","max-image-preview":"max-image-preview:large","max-video-preview":"max-video-preview:-1"},"canonical":"http:\/\/estructuras-de-impacto.impact-structures.com\/?page_id=1424","og_locale":"es_ES","og_type":"article","og_title":"Metamorfismo de choque - ERNSTSON CLAUDIN ESTRUCTURAS DE IMPACTO - CR\u00c1TERES METEOR\u00cdTICOS","og_description":"En la cuenca de impacto de Rubielos de la C\u00e9rida, puede observarse la presencia de efectos intensos de metamorfismo de choque en las rocas de fundido de impacto silicatado y en las brechas suev\u00edticas procedentes de la megabrecha de Barrachina. En la brecha basal suev\u00edtica, el metamorfismo de choque puede estar relacionado con SiO2\u00a0amorfo (como &hellip; Continuar leyendo \"Metamorfismo de choque\"","og_url":"http:\/\/estructuras-de-impacto.impact-structures.com\/?page_id=1424","og_site_name":"ERNSTSON CLAUDIN ESTRUCTURAS DE IMPACTO - CR\u00c1TERES METEOR\u00cdTICOS","article_modified_time":"2012-05-26T10:55:51+00:00","og_image":[{"url":"http:\/\/www.impact-structures.com\/spain\/shock-metamorphism\/image002.gif","type":"","width":"","height":""}],"twitter_card":"summary_large_image","twitter_misc":{"Tiempo de lectura":"5 minutos"},"schema":{"@context":"https:\/\/schema.org","@graph":[{"@type":"WebPage","@id":"http:\/\/estructuras-de-impacto.impact-structures.com\/?page_id=1424","url":"http:\/\/estructuras-de-impacto.impact-structures.com\/?page_id=1424","name":"Metamorfismo de choque - ERNSTSON CLAUDIN ESTRUCTURAS DE IMPACTO - CR\u00c1TERES METEOR\u00cdTICOS","isPartOf":{"@id":"http:\/\/estructuras-de-impacto.impact-structures.com\/#website"},"primaryImageOfPage":{"@id":"http:\/\/estructuras-de-impacto.impact-structures.com\/?page_id=1424#primaryimage"},"image":{"@id":"http:\/\/estructuras-de-impacto.impact-structures.com\/?page_id=1424#primaryimage"},"thumbnailUrl":"http:\/\/www.impact-structures.com\/spain\/shock-metamorphism\/image002.gif","datePublished":"2011-12-03T13:44:34+00:00","dateModified":"2012-05-26T10:55:51+00:00","breadcrumb":{"@id":"http:\/\/estructuras-de-impacto.impact-structures.com\/?page_id=1424#breadcrumb"},"inLanguage":"es","potentialAction":[{"@type":"ReadAction","target":["http:\/\/estructuras-de-impacto.impact-structures.com\/?page_id=1424"]}]},{"@type":"ImageObject","inLanguage":"es","@id":"http:\/\/estructuras-de-impacto.impact-structures.com\/?page_id=1424#primaryimage","url":"http:\/\/www.impact-structures.com\/spain\/shock-metamorphism\/image002.gif","contentUrl":"http:\/\/www.impact-structures.com\/spain\/shock-metamorphism\/image002.gif"},{"@type":"BreadcrumbList","@id":"http:\/\/estructuras-de-impacto.impact-structures.com\/?page_id=1424#breadcrumb","itemListElement":[{"@type":"ListItem","position":1,"name":"Portada","item":"http:\/\/estructuras-de-impacto.impact-structures.com\/"},{"@type":"ListItem","position":2,"name":"Las estructuras de impacto en Espa\u00f1a","item":"http:\/\/estructuras-de-impacto.impact-structures.com\/?page_id=1404"},{"@type":"ListItem","position":3,"name":"La cuenca de impacto de Rubielos de la C\u00e9rida","item":"http:\/\/estructuras-de-impacto.impact-structures.com\/?page_id=1417"},{"@type":"ListItem","position":4,"name":"Metamorfismo de choque"}]},{"@type":"WebSite","@id":"http:\/\/estructuras-de-impacto.impact-structures.com\/#website","url":"http:\/\/estructuras-de-impacto.impact-structures.com\/","name":"ERNSTSON CLAUDIN ESTRUCTURAS DE IMPACTO - CR\u00c1TERES METEOR\u00cdTICOS","description":"Investigaci\u00f3n sobre la geolog\u00eda, geof\u00edsica, y petrolog\u00eda","potentialAction":[{"@type":"SearchAction","target":{"@type":"EntryPoint","urlTemplate":"http:\/\/estructuras-de-impacto.impact-structures.com\/?s={search_term_string}"},"query-input":{"@type":"PropertyValueSpecification","valueRequired":true,"valueName":"search_term_string"}}],"inLanguage":"es"}]}},"_links":{"self":[{"href":"http:\/\/estructuras-de-impacto.impact-structures.com\/index.php?rest_route=\/wp\/v2\/pages\/1424","targetHints":{"allow":["GET"]}}],"collection":[{"href":"http:\/\/estructuras-de-impacto.impact-structures.com\/index.php?rest_route=\/wp\/v2\/pages"}],"about":[{"href":"http:\/\/estructuras-de-impacto.impact-structures.com\/index.php?rest_route=\/wp\/v2\/types\/page"}],"author":[{"embeddable":true,"href":"http:\/\/estructuras-de-impacto.impact-structures.com\/index.php?rest_route=\/wp\/v2\/users\/1"}],"replies":[{"embeddable":true,"href":"http:\/\/estructuras-de-impacto.impact-structures.com\/index.php?rest_route=%2Fwp%2Fv2%2Fcomments&post=1424"}],"version-history":[{"count":0,"href":"http:\/\/estructuras-de-impacto.impact-structures.com\/index.php?rest_route=\/wp\/v2\/pages\/1424\/revisions"}],"up":[{"embeddable":true,"href":"http:\/\/estructuras-de-impacto.impact-structures.com\/index.php?rest_route=\/wp\/v2\/pages\/1417"}],"wp:attachment":[{"href":"http:\/\/estructuras-de-impacto.impact-structures.com\/index.php?rest_route=%2Fwp%2Fv2%2Fmedia&parent=1424"}],"curies":[{"name":"wp","href":"https:\/\/api.w.org\/{rel}","templated":true}]}}