{"id":1422,"date":"2011-12-03T13:24:38","date_gmt":"2011-12-03T13:24:38","guid":{"rendered":"http:\/\/cms.impact-structures.com\/?page_id=274"},"modified":"2011-12-18T13:32:10","modified_gmt":"2011-12-18T13:32:10","slug":"monomictic-movement-breccias","status":"publish","type":"page","link":"http:\/\/estructuras-de-impacto.impact-structures.com\/?page_id=1422","title":{"rendered":"Brechas monom\u00edcticas de movimiento"},"content":{"rendered":"<p>El t\u00e9rmino \u201cbrecha monom\u00edctica de movimiento\u201d fue introducido por Reiff (1978) en la discusi\u00f3n sobre las complejas brechas monom\u00edcticas que se hallaban en las estructuras de impacto de Steinheim, Ries, Sierra Madera, Flynn Creek, Decaturville y Wells Creek. Texturas relacionadas son la brechificaci\u00f3n arenosa y la textura de mortero (H\u00fcttner, 1969). En cada caso, se observa una dr\u00e1stica brechificaci\u00f3n de la totalidad de los complejos rocosos con tama\u00f1os resultantes de grano por debajo de las fracciones arena y limo, as\u00ed como la frecuente preservaci\u00f3n de la cohesi\u00f3n de los fragmentos. Esta brechificaci\u00f3n particular requiere un intenso movimiento bajo condiciones de una gran presi\u00f3n de confinamiento. En las estructuras de impacto antes mencionadas, estas brechas de movimiento se presentan en los megabloques excavados\/eyectados, en el suelo del cr\u00e1ter, en los anillos internos y en las elevaciones centrales. Reiff (1978) se\u00f1alaba el hecho de que la t\u00edpica textura de las brechas monom\u00edcticas de movimiento tambi\u00e9n se apreciaba en las brechas generadas en gigantescas ca\u00eddas de rocas (por ejemplo la ca\u00edda de roca de Flims, de 1500 m., en Suiza) e incluso, en raros casos, a lo largo de zonas de fallas tect\u00f3nicas. La presencia de brechas monom\u00edcticas de movimiento en ambientes con ausencia de zonas de fallamiento tect\u00f3nico y de gradientes insuficientes para producir ca\u00eddas en masa de rocas, constituyen un buen argumento para pensar en un evento de craterizaci\u00f3n por impacto (Reiff, 1978)<\/p>\n<p>En la cuenca de impacto de Rubielos de la C\u00e9rida, pueden apreciarse abundantes brechas monom\u00edcticas de movimiento. En algunos casos, las canteras se han ubicado en estos materiales ya que la intensa fracturaci\u00f3n de las rocas hace que su explotaci\u00f3n sea m\u00e1s f\u00e1cil.<\/p>\n<h2>Las brechas monom\u00edcticas de movimiento cerca de Olalla<\/h2>\n<p><img loading=\"lazy\" decoding=\"async\" src=\"http:\/\/www.impact-structures.com\/spain\/monomictic-movement\/image002.gif\" alt=\"Image002\" width=\"302\" height=\"216\" \/><img loading=\"lazy\" decoding=\"async\" src=\"http:\/\/www.impact-structures.com\/spain\/monomictic-movement\/image004.gif\" alt=\"Image004\" width=\"85\" height=\"128\" \/><\/p>\n<p>Fig. 1.\u00a0<span class=\"Apple-style-span\" style=\"font-size: 14px; line-height: 22px;\">Brecha monom\u00edctica de movimiento (milonita: W. Monninger, 1973: foto: Monninger), Paleozoico cercano a Olalla.<\/span><\/p>\n<p><img loading=\"lazy\" decoding=\"async\" src=\"http:\/\/www.impact-structures.com\/spain\/monomictic-movement\/image006.gif\" alt=\"Image006\" width=\"302\" height=\"227\" \/><img loading=\"lazy\" decoding=\"async\" src=\"http:\/\/www.impact-structures.com\/spain\/monomictic-movement\/image008.gif\" alt=\"Image008\" width=\"85\" height=\"128\" \/><\/p>\n<p>Fig. 2.\u00a0<span class=\"Apple-style-span\" style=\"font-size: 14px; line-height: 22px;\">Extensa brecha monom\u00edctica de movimiento; calizas del Muschelkalk cerca de Olalla.<\/span><\/p>\n<p><img loading=\"lazy\" decoding=\"async\" src=\"http:\/\/www.impact-structures.com\/spain\/monomictic-movement\/image010.gif\" alt=\"Image010\" width=\"302\" height=\"227\" \/><\/p>\n<p>Fig. 3.\u00a0<span class=\"Apple-style-span\" style=\"font-size: 14px; line-height: 22px;\">Brecha monom\u00edctica de movimiento cerca de Olalla: brechificaci\u00f3n arenosa en una caliza del Muschelkalk que muestra una peculiar marca de desbaste.<\/span><\/p>\n<p><img loading=\"lazy\" decoding=\"async\" src=\"http:\/\/www.impact-structures.com\/spain\/monomictic-movement\/image012.gif\" alt=\"Image012\" width=\"302\" height=\"228\" \/><\/p>\n<p>Fig. 4.\u00a0<span class=\"Apple-style-span\" style=\"font-size: 14px; line-height: 22px;\">Brecha monom\u00edctica de movimiento cerca de Olalla: textura de mortero en una caliza del Muschelkalk<\/span><\/p>\n<h2>Brecha monom\u00edctica de movimiento en la elevaci\u00f3n central de la cadena, entre Bue\u00f1a y Caminreal.<\/h2>\n<h2><img loading=\"lazy\" decoding=\"async\" src=\"http:\/\/www.impact-structures.com\/spain\/monomictic-movement\/image014.gif\" alt=\"Image014\" width=\"302\" height=\"199\" \/><img loading=\"lazy\" decoding=\"async\" src=\"http:\/\/www.impact-structures.com\/spain\/monomictic-movement\/image016.gif\" alt=\"Image016\" width=\"85\" height=\"128\" \/><\/h2>\n<p>Fig. 5.\u00a0<span class=\"Apple-style-span\" style=\"font-size: 14px; line-height: 22px;\">Brecha monom\u00edctica de movimiento en una cantera de calizas delante de Bue\u00f1a. El material carbonatado de color blanco, de baja densidad y altamente poroso, se asume que o bien es el resultado de una decarbonataci\u00f3n y recombinaci\u00f3n, o bien constituye un relicto de fundido carbonatado producido por choque o calentamiento friccional.<\/span><\/p>\n<h2>Brecha de movimiento monom\u00edctica en la parte sur de la elevaci\u00f3n central de la cadena, cerca de Concud.<\/h2>\n<h2><span class=\"Apple-style-span\" style=\"font-size: 15px; letter-spacing: normal; line-height: 24px; text-transform: none;\"><img loading=\"lazy\" decoding=\"async\" src=\"http:\/\/www.impact-structures.com\/spain\/monomictic-movement\/image018.gif\" alt=\"Image018\" width=\"302\" height=\"227\" \/><img loading=\"lazy\" decoding=\"async\" src=\"http:\/\/www.impact-structures.com\/spain\/monomictic-movement\/image020.gif\" alt=\"Image020\" width=\"85\" height=\"128\" \/><\/span><\/h2>\n<p>Fig. 6.\u00a0<span class=\"Apple-style-span\" style=\"font-size: 14px; line-height: 22px;\">Brecha monom\u00edctica de movimiento que exhibe una brechificaci\u00f3n arenosa y una textura de mortero.<\/span><\/p>\n<h2>Brecha monom\u00edctica de movimiento en la parte sureste de la zona de borde. Cantera caliza cerca de Corbal\u00e1n.<\/h2>\n<h2><img loading=\"lazy\" decoding=\"async\" src=\"http:\/\/www.impact-structures.com\/spain\/monomictic-movement\/image022.gif\" alt=\"Image022\" width=\"302\" height=\"192\" \/><img loading=\"lazy\" decoding=\"async\" src=\"http:\/\/www.impact-structures.com\/spain\/monomictic-movement\/image024.gif\" alt=\"Image024\" width=\"85\" height=\"128\" \/><\/h2>\n<p>Fig. 7.\u00a0<span class=\"Apple-style-span\" style=\"font-size: 14px; line-height: 22px;\">Gran cantera en calizas cercana a Corbal\u00e1n: brecha monom\u00edctica de movimiento que se extiende sobre centenares de metros.<\/span><\/p>\n<p><img loading=\"lazy\" decoding=\"async\" src=\"http:\/\/www.impact-structures.com\/spain\/monomictic-movement\/image026.gif\" alt=\"Image026\" width=\"302\" height=\"205\" \/><\/p>\n<p>Fig. 8.\u00a0<span class=\"Apple-style-span\" style=\"font-size: 14px; line-height: 22px;\">Pared expuesta de la cantera de calizas. La estratificaci\u00f3n originalmente bien desarrollada de las calizas Jurasicas puede tan solo entreverse. El material de color blanco se asume que o bien es el resultado de una decarbonataci\u00f3n y recombinaci\u00f3n, o bien constituye un relicto de fundido carbonatado producido por choque o calentamiento friccional.<\/span><\/p>\n<p><img loading=\"lazy\" decoding=\"async\" src=\"http:\/\/www.impact-structures.com\/spain\/monomictic-movement\/image028.gif\" alt=\"Image028\" width=\"302\" height=\"201\" \/><\/p>\n<p>Fig. 9.\u00a0<span class=\"Apple-style-span\" style=\"font-size: 14px; line-height: 22px;\">Capas de calizas completamente desintegradas.<\/span><\/p>\n<h2>Brecha monom\u00edctica de movimiento en la gran cantera cercana a Villafranca del Campo, en la zona oeste de la cuenca de impacto.<\/h2>\n<h2><span class=\"Apple-style-span\" style=\"font-size: 15px; letter-spacing: normal; line-height: 24px; text-transform: none;\"><img loading=\"lazy\" decoding=\"async\" src=\"http:\/\/www.impact-structures.com\/spain\/monomictic-movement\/image030.gif\" alt=\"Image030\" width=\"302\" height=\"195\" \/><img loading=\"lazy\" decoding=\"async\" src=\"http:\/\/www.impact-structures.com\/spain\/monomictic-movement\/image032.gif\" alt=\"Image032\" width=\"84\" height=\"127\" \/><\/span><\/h2>\n<p>Fig. 10.\u00a0<span class=\"Apple-style-span\" style=\"font-size: 14px; line-height: 22px;\">Brecha monom\u00edctica de movimiento, en la gran cantera de calizas cercana a Villafranca del Campo, que exhibe brechificaci\u00f3n arenosa y textura de mortero. Las \u00e1reas de color claro que cortan por todas partes a la roca son caras de desbaste que presentan pulido y espejos de falla. Hace pocos a\u00f1os, la explotaci\u00f3n acab\u00f3 con la impresionante pared. Una visita a la explotaci\u00f3n sigue siendo todav\u00eda recomendable.<\/span><\/p>\n","protected":false},"excerpt":{"rendered":"<p>El t\u00e9rmino \u201cbrecha monom\u00edctica de movimiento\u201d fue introducido por Reiff (1978) en la discusi\u00f3n sobre las complejas brechas monom\u00edcticas que se hallaban en las estructuras de impacto de Steinheim, Ries, Sierra Madera, Flynn Creek, Decaturville y Wells Creek. Texturas relacionadas son la brechificaci\u00f3n arenosa y la textura de mortero (H\u00fcttner, 1969). En cada caso, se &hellip; <a href=\"http:\/\/estructuras-de-impacto.impact-structures.com\/?page_id=1422\" class=\"more-link\">Continuar leyendo<span class=\"screen-reader-text\"> \u00abBrechas monom\u00edcticas de movimiento\u00bb<\/span><\/a><\/p>\n","protected":false},"author":1,"featured_media":0,"parent":1417,"menu_order":0,"comment_status":"closed","ping_status":"closed","template":"sidebar-page.php","meta":{"footnotes":""},"class_list":["post-1422","page","type-page","status-publish","hentry"],"yoast_head":"<!-- This site is optimized with the Yoast SEO plugin v27.3 - https:\/\/yoast.com\/product\/yoast-seo-wordpress\/ -->\n<title>Brechas monom\u00edcticas de movimiento - ERNSTSON CLAUDIN ESTRUCTURAS DE IMPACTO - CR\u00c1TERES METEOR\u00cdTICOS<\/title>\n<meta name=\"robots\" content=\"index, follow, max-snippet:-1, max-image-preview:large, max-video-preview:-1\" \/>\n<link rel=\"canonical\" href=\"http:\/\/estructuras-de-impacto.impact-structures.com\/?page_id=1422\" \/>\n<meta property=\"og:locale\" content=\"es_ES\" \/>\n<meta property=\"og:type\" content=\"article\" \/>\n<meta property=\"og:title\" content=\"Brechas monom\u00edcticas de movimiento - ERNSTSON CLAUDIN ESTRUCTURAS DE IMPACTO - CR\u00c1TERES METEOR\u00cdTICOS\" \/>\n<meta property=\"og:description\" content=\"El t\u00e9rmino \u201cbrecha monom\u00edctica de movimiento\u201d fue introducido por Reiff (1978) en la discusi\u00f3n sobre las complejas brechas monom\u00edcticas que se hallaban en las estructuras de impacto de Steinheim, Ries, Sierra Madera, Flynn Creek, Decaturville y Wells Creek. Texturas relacionadas son la brechificaci\u00f3n arenosa y la textura de mortero (H\u00fcttner, 1969). En cada caso, se &hellip; Continuar leyendo &quot;Brechas monom\u00edcticas de movimiento&quot;\" \/>\n<meta property=\"og:url\" content=\"http:\/\/estructuras-de-impacto.impact-structures.com\/?page_id=1422\" \/>\n<meta property=\"og:site_name\" content=\"ERNSTSON CLAUDIN ESTRUCTURAS DE IMPACTO - CR\u00c1TERES METEOR\u00cdTICOS\" \/>\n<meta property=\"article:modified_time\" content=\"2011-12-18T13:32:10+00:00\" \/>\n<meta property=\"og:image\" content=\"http:\/\/www.impact-structures.com\/spain\/monomictic-movement\/image002.gif\" \/>\n<meta name=\"twitter:card\" content=\"summary_large_image\" \/>\n<meta name=\"twitter:label1\" content=\"Tiempo de lectura\" \/>\n\t<meta name=\"twitter:data1\" content=\"3 minutos\" \/>\n<script type=\"application\/ld+json\" class=\"yoast-schema-graph\">{\"@context\":\"https:\\\/\\\/schema.org\",\"@graph\":[{\"@type\":\"WebPage\",\"@id\":\"http:\\\/\\\/estructuras-de-impacto.impact-structures.com\\\/?page_id=1422\",\"url\":\"http:\\\/\\\/estructuras-de-impacto.impact-structures.com\\\/?page_id=1422\",\"name\":\"Brechas monom\u00edcticas de movimiento - ERNSTSON CLAUDIN ESTRUCTURAS DE IMPACTO - CR\u00c1TERES METEOR\u00cdTICOS\",\"isPartOf\":{\"@id\":\"http:\\\/\\\/estructuras-de-impacto.impact-structures.com\\\/#website\"},\"primaryImageOfPage\":{\"@id\":\"http:\\\/\\\/estructuras-de-impacto.impact-structures.com\\\/?page_id=1422#primaryimage\"},\"image\":{\"@id\":\"http:\\\/\\\/estructuras-de-impacto.impact-structures.com\\\/?page_id=1422#primaryimage\"},\"thumbnailUrl\":\"http:\\\/\\\/www.impact-structures.com\\\/spain\\\/monomictic-movement\\\/image002.gif\",\"datePublished\":\"2011-12-03T13:24:38+00:00\",\"dateModified\":\"2011-12-18T13:32:10+00:00\",\"breadcrumb\":{\"@id\":\"http:\\\/\\\/estructuras-de-impacto.impact-structures.com\\\/?page_id=1422#breadcrumb\"},\"inLanguage\":\"es\",\"potentialAction\":[{\"@type\":\"ReadAction\",\"target\":[\"http:\\\/\\\/estructuras-de-impacto.impact-structures.com\\\/?page_id=1422\"]}]},{\"@type\":\"ImageObject\",\"inLanguage\":\"es\",\"@id\":\"http:\\\/\\\/estructuras-de-impacto.impact-structures.com\\\/?page_id=1422#primaryimage\",\"url\":\"http:\\\/\\\/www.impact-structures.com\\\/spain\\\/monomictic-movement\\\/image002.gif\",\"contentUrl\":\"http:\\\/\\\/www.impact-structures.com\\\/spain\\\/monomictic-movement\\\/image002.gif\"},{\"@type\":\"BreadcrumbList\",\"@id\":\"http:\\\/\\\/estructuras-de-impacto.impact-structures.com\\\/?page_id=1422#breadcrumb\",\"itemListElement\":[{\"@type\":\"ListItem\",\"position\":1,\"name\":\"Portada\",\"item\":\"http:\\\/\\\/estructuras-de-impacto.impact-structures.com\\\/\"},{\"@type\":\"ListItem\",\"position\":2,\"name\":\"Las estructuras de impacto en Espa\u00f1a\",\"item\":\"http:\\\/\\\/estructuras-de-impacto.impact-structures.com\\\/?page_id=1404\"},{\"@type\":\"ListItem\",\"position\":3,\"name\":\"La cuenca de impacto de Rubielos de la C\u00e9rida\",\"item\":\"http:\\\/\\\/estructuras-de-impacto.impact-structures.com\\\/?page_id=1417\"},{\"@type\":\"ListItem\",\"position\":4,\"name\":\"Brechas monom\u00edcticas de movimiento\"}]},{\"@type\":\"WebSite\",\"@id\":\"http:\\\/\\\/estructuras-de-impacto.impact-structures.com\\\/#website\",\"url\":\"http:\\\/\\\/estructuras-de-impacto.impact-structures.com\\\/\",\"name\":\"ERNSTSON CLAUDIN ESTRUCTURAS DE IMPACTO - CR\u00c1TERES METEOR\u00cdTICOS\",\"description\":\"Investigaci\u00f3n sobre la geolog\u00eda, geof\u00edsica, y petrolog\u00eda\",\"potentialAction\":[{\"@type\":\"SearchAction\",\"target\":{\"@type\":\"EntryPoint\",\"urlTemplate\":\"http:\\\/\\\/estructuras-de-impacto.impact-structures.com\\\/?s={search_term_string}\"},\"query-input\":{\"@type\":\"PropertyValueSpecification\",\"valueRequired\":true,\"valueName\":\"search_term_string\"}}],\"inLanguage\":\"es\"}]}<\/script>\n<!-- \/ Yoast SEO plugin. -->","yoast_head_json":{"title":"Brechas monom\u00edcticas de movimiento - ERNSTSON CLAUDIN ESTRUCTURAS DE IMPACTO - CR\u00c1TERES METEOR\u00cdTICOS","robots":{"index":"index","follow":"follow","max-snippet":"max-snippet:-1","max-image-preview":"max-image-preview:large","max-video-preview":"max-video-preview:-1"},"canonical":"http:\/\/estructuras-de-impacto.impact-structures.com\/?page_id=1422","og_locale":"es_ES","og_type":"article","og_title":"Brechas monom\u00edcticas de movimiento - ERNSTSON CLAUDIN ESTRUCTURAS DE IMPACTO - CR\u00c1TERES METEOR\u00cdTICOS","og_description":"El t\u00e9rmino \u201cbrecha monom\u00edctica de movimiento\u201d fue introducido por Reiff (1978) en la discusi\u00f3n sobre las complejas brechas monom\u00edcticas que se hallaban en las estructuras de impacto de Steinheim, Ries, Sierra Madera, Flynn Creek, Decaturville y Wells Creek. Texturas relacionadas son la brechificaci\u00f3n arenosa y la textura de mortero (H\u00fcttner, 1969). En cada caso, se &hellip; Continuar leyendo \"Brechas monom\u00edcticas de movimiento\"","og_url":"http:\/\/estructuras-de-impacto.impact-structures.com\/?page_id=1422","og_site_name":"ERNSTSON CLAUDIN ESTRUCTURAS DE IMPACTO - CR\u00c1TERES METEOR\u00cdTICOS","article_modified_time":"2011-12-18T13:32:10+00:00","og_image":[{"url":"http:\/\/www.impact-structures.com\/spain\/monomictic-movement\/image002.gif","type":"","width":"","height":""}],"twitter_card":"summary_large_image","twitter_misc":{"Tiempo de lectura":"3 minutos"},"schema":{"@context":"https:\/\/schema.org","@graph":[{"@type":"WebPage","@id":"http:\/\/estructuras-de-impacto.impact-structures.com\/?page_id=1422","url":"http:\/\/estructuras-de-impacto.impact-structures.com\/?page_id=1422","name":"Brechas monom\u00edcticas de movimiento - ERNSTSON CLAUDIN ESTRUCTURAS DE IMPACTO - CR\u00c1TERES METEOR\u00cdTICOS","isPartOf":{"@id":"http:\/\/estructuras-de-impacto.impact-structures.com\/#website"},"primaryImageOfPage":{"@id":"http:\/\/estructuras-de-impacto.impact-structures.com\/?page_id=1422#primaryimage"},"image":{"@id":"http:\/\/estructuras-de-impacto.impact-structures.com\/?page_id=1422#primaryimage"},"thumbnailUrl":"http:\/\/www.impact-structures.com\/spain\/monomictic-movement\/image002.gif","datePublished":"2011-12-03T13:24:38+00:00","dateModified":"2011-12-18T13:32:10+00:00","breadcrumb":{"@id":"http:\/\/estructuras-de-impacto.impact-structures.com\/?page_id=1422#breadcrumb"},"inLanguage":"es","potentialAction":[{"@type":"ReadAction","target":["http:\/\/estructuras-de-impacto.impact-structures.com\/?page_id=1422"]}]},{"@type":"ImageObject","inLanguage":"es","@id":"http:\/\/estructuras-de-impacto.impact-structures.com\/?page_id=1422#primaryimage","url":"http:\/\/www.impact-structures.com\/spain\/monomictic-movement\/image002.gif","contentUrl":"http:\/\/www.impact-structures.com\/spain\/monomictic-movement\/image002.gif"},{"@type":"BreadcrumbList","@id":"http:\/\/estructuras-de-impacto.impact-structures.com\/?page_id=1422#breadcrumb","itemListElement":[{"@type":"ListItem","position":1,"name":"Portada","item":"http:\/\/estructuras-de-impacto.impact-structures.com\/"},{"@type":"ListItem","position":2,"name":"Las estructuras de impacto en Espa\u00f1a","item":"http:\/\/estructuras-de-impacto.impact-structures.com\/?page_id=1404"},{"@type":"ListItem","position":3,"name":"La cuenca de impacto de Rubielos de la C\u00e9rida","item":"http:\/\/estructuras-de-impacto.impact-structures.com\/?page_id=1417"},{"@type":"ListItem","position":4,"name":"Brechas monom\u00edcticas de movimiento"}]},{"@type":"WebSite","@id":"http:\/\/estructuras-de-impacto.impact-structures.com\/#website","url":"http:\/\/estructuras-de-impacto.impact-structures.com\/","name":"ERNSTSON CLAUDIN ESTRUCTURAS DE IMPACTO - CR\u00c1TERES METEOR\u00cdTICOS","description":"Investigaci\u00f3n sobre la geolog\u00eda, geof\u00edsica, y petrolog\u00eda","potentialAction":[{"@type":"SearchAction","target":{"@type":"EntryPoint","urlTemplate":"http:\/\/estructuras-de-impacto.impact-structures.com\/?s={search_term_string}"},"query-input":{"@type":"PropertyValueSpecification","valueRequired":true,"valueName":"search_term_string"}}],"inLanguage":"es"}]}},"_links":{"self":[{"href":"http:\/\/estructuras-de-impacto.impact-structures.com\/index.php?rest_route=\/wp\/v2\/pages\/1422","targetHints":{"allow":["GET"]}}],"collection":[{"href":"http:\/\/estructuras-de-impacto.impact-structures.com\/index.php?rest_route=\/wp\/v2\/pages"}],"about":[{"href":"http:\/\/estructuras-de-impacto.impact-structures.com\/index.php?rest_route=\/wp\/v2\/types\/page"}],"author":[{"embeddable":true,"href":"http:\/\/estructuras-de-impacto.impact-structures.com\/index.php?rest_route=\/wp\/v2\/users\/1"}],"replies":[{"embeddable":true,"href":"http:\/\/estructuras-de-impacto.impact-structures.com\/index.php?rest_route=%2Fwp%2Fv2%2Fcomments&post=1422"}],"version-history":[{"count":0,"href":"http:\/\/estructuras-de-impacto.impact-structures.com\/index.php?rest_route=\/wp\/v2\/pages\/1422\/revisions"}],"up":[{"embeddable":true,"href":"http:\/\/estructuras-de-impacto.impact-structures.com\/index.php?rest_route=\/wp\/v2\/pages\/1417"}],"wp:attachment":[{"href":"http:\/\/estructuras-de-impacto.impact-structures.com\/index.php?rest_route=%2Fwp%2Fv2%2Fmedia&parent=1422"}],"curies":[{"name":"wp","href":"https:\/\/api.w.org\/{rel}","templated":true}]}}