{"id":1418,"date":"2011-12-03T13:12:20","date_gmt":"2011-12-03T13:12:20","guid":{"rendered":"http:\/\/cms.impact-structures.com\/?page_id=262"},"modified":"2012-05-26T11:00:43","modified_gmt":"2012-05-26T11:00:43","slug":"topography-and-general-geology-of-the-rubielos-de-la-cerida-structure","status":"publish","type":"page","link":"http:\/\/estructuras-de-impacto.impact-structures.com\/?page_id=1418","title":{"rendered":"Topograf\u00eda y geolog\u00eda general"},"content":{"rendered":"<h2>Topograf\u00eda y geolog\u00eda general de la estructura de\u00a0Rubielos de la C\u00e9rida<\/h2>\n<h2><\/h2>\n<p>Las siguientes im\u00e1genes y fotos muestran algunes de las caracter\u00edsticas topogr\u00e1ficas y geol\u00f3gicas generales de Cuenca de impacto elongada de Rubielos de la C\u00e9rida.<strong><\/strong><\/p>\n<h2><span class=\"Apple-style-span\" style=\"color: #333333; font-weight: 300;\"><a href=\"http:\/\/impacto.impact-structures.com\/wp-content\/uploads\/2011\/12\/cadena-rubielos2.png\"><img loading=\"lazy\" decoding=\"async\" class=\"alignnone size-full wp-image-1546\" title=\"cadena rubielos\" src=\"http:\/\/impacto.impact-structures.com\/wp-content\/uploads\/2011\/12\/cadena-rubielos2.png\" alt=\"\" width=\"303\" height=\"608\" srcset=\"http:\/\/estructuras-de-impacto.impact-structures.com\/wp-content\/uploads\/2011\/12\/cadena-rubielos2.png 303w, http:\/\/estructuras-de-impacto.impact-structures.com\/wp-content\/uploads\/2011\/12\/cadena-rubielos2-149x300.png 149w\" sizes=\"auto, (max-width: 303px) 85vw, 303px\" \/><\/a><\/span><\/h2>\n<p>Fig. Delimitaci\u00f3n aproximada de la Cuenca elongada de impacto en la que puede apreciarse el levantamiento central de Rubielos de la C\u00e9rida (CU). \u201cA\u201d indica el eje de la cadena central de levantamientos en continuaci\u00f3n de CU. PM hace referencia al paso de Puerto Minguez donde los afloramientos permiten ver un extenso eyecta de impacto que est\u00e0 descrito en un cap\u00edtulo aparte (ver eyectas de impacto). T se\u00f1ala el anillo de Torrecilla que es posiblemente una estructura de impacto acompa\u00f1ante del gran evento de impacto m\u00faltiple de Azuara. Teruel es la capital de la provincia as\u00ed denominada. La parte este de la cuenca de impacto est\u00e1 parcialmente ocultada por los sedimentos m\u00e1s j\u00f3venes post-impacto del Terciario.<\/p>\n<p><img loading=\"lazy\" decoding=\"async\" src=\"http:\/\/www.impact-structures.com\/spain\/topography\/image004.gif\" alt=\"Image004\" width=\"455\" height=\"215\" \/><\/p>\n<p>Fig. 2. Parte norte final de la cadena central de levantamientos que emerge a trav\u00e9s del cuaternario de la cuenca de impacto elongada (colores claros). Google Earth.<\/p>\n<p><img loading=\"lazy\" decoding=\"async\" src=\"http:\/\/www.impact-structures.com\/spain\/topography\/image006.gif\" alt=\"Image006\" width=\"455\" height=\"99\" \/><\/p>\n<p>Fig. 3. Borde oeste de la cuenca de impacto vista desde la cadena central de levantamientos cerca de Torrelac\u00e1rcel. <img loading=\"lazy\" decoding=\"async\" src=\"http:\/\/www.impact-structures.com\/spain\/topography\/image008.gif\" alt=\"Image008\" width=\"455\" height=\"283\" \/><\/p>\n<p>&nbsp;<\/p>\n<p>Fig. 4. Borde sur de la cuenca de impacto (al fondo) visto desde la parte sur final de la cadena central de levantamientos (en primer plano) cerca de Concud.<\/p>\n<p><a href=\"http:\/\/impacto.impact-structures.com\/wp-content\/uploads\/2011\/12\/cadena-2.png\"><img loading=\"lazy\" decoding=\"async\" class=\"alignnone size-full wp-image-1544\" title=\"cadena 2\" src=\"http:\/\/impacto.impact-structures.com\/wp-content\/uploads\/2011\/12\/cadena-2.png\" alt=\"\" width=\"400\" height=\"210\" srcset=\"http:\/\/estructuras-de-impacto.impact-structures.com\/wp-content\/uploads\/2011\/12\/cadena-2.png 400w, http:\/\/estructuras-de-impacto.impact-structures.com\/wp-content\/uploads\/2011\/12\/cadena-2-300x157.png 300w\" sizes=\"auto, (max-width: 400px) 85vw, 400px\" \/><\/a><\/p>\n<p>Fig. 5.\u00a0<span class=\"Apple-style-span\" style=\"font-size: 14px; line-height: 22px;\">Parte de la cadena de levantamientos centrales sobresaliendo del cuaternario de la cuenca de impacto (continuaci\u00f3n del levantamiento central de Rubielos de la C\u00e9rida hacia el sur; v\u00e9ase Fig. 1)<\/span><\/p>\n<p><img loading=\"lazy\" decoding=\"async\" src=\"http:\/\/www.impact-structures.com\/spain\/topography\/image012.gif\" alt=\"Image012\" width=\"299\" height=\"225\" \/><\/p>\n<p>Fig. 6. Detalle de la cadena central de levantamientos (sierra Palomera) que muestra capas de rocas carbonatadas del Jur\u00e1sico con buzamientos muy inclinados.<\/p>\n<p><img loading=\"lazy\" decoding=\"async\" src=\"http:\/\/www.impact-structures.com\/spain\/topography\/image014.gif\" alt=\"Image014\" width=\"329\" height=\"279\" \/><\/p>\n<p>Fig. 7.\u00a0<span class=\"Apple-style-span\" style=\"font-size: 14px; line-height: 22px;\">Mapa geol\u00f3gico general de la parte norte de la cuenca de impacto de Rubielos de la C\u00e9rida (inicialmente: estructura de impacto de Rubielos de la C\u00e9rida), donde se destaca sobretodo el levantamiento central.<\/span><\/p>\n<p><img loading=\"lazy\" decoding=\"async\" src=\"http:\/\/www.impact-structures.com\/spain\/topography\/image016.gif\" alt=\"Image016\" width=\"341\" height=\"204\" \/><\/p>\n<p>Fig. 8.\u00a0<span class=\"Apple-style-span\" style=\"font-size: 14px; line-height: 22px;\">Corte geol\u00f3gico del levantamiento central de Rubielos de la C\u00e9rida.<\/span><\/p>\n","protected":false},"excerpt":{"rendered":"<p>Topograf\u00eda y geolog\u00eda general de la estructura de\u00a0Rubielos de la C\u00e9rida Las siguientes im\u00e1genes y fotos muestran algunes de las caracter\u00edsticas topogr\u00e1ficas y geol\u00f3gicas generales de Cuenca de impacto elongada de Rubielos de la C\u00e9rida. Fig. Delimitaci\u00f3n aproximada de la Cuenca elongada de impacto en la que puede apreciarse el levantamiento central de Rubielos de &hellip; <a href=\"http:\/\/estructuras-de-impacto.impact-structures.com\/?page_id=1418\" class=\"more-link\">Continuar leyendo<span class=\"screen-reader-text\"> \u00abTopograf\u00eda y geolog\u00eda general\u00bb<\/span><\/a><\/p>\n","protected":false},"author":1,"featured_media":0,"parent":1417,"menu_order":0,"comment_status":"closed","ping_status":"closed","template":"sidebar-page.php","meta":{"footnotes":""},"class_list":["post-1418","page","type-page","status-publish","hentry"],"yoast_head":"<!-- This site is optimized with the Yoast SEO plugin v27.3 - https:\/\/yoast.com\/product\/yoast-seo-wordpress\/ -->\n<title>Topograf\u00eda y geolog\u00eda general - ERNSTSON CLAUDIN ESTRUCTURAS DE IMPACTO - CR\u00c1TERES METEOR\u00cdTICOS<\/title>\n<meta name=\"robots\" content=\"index, follow, max-snippet:-1, max-image-preview:large, max-video-preview:-1\" \/>\n<link rel=\"canonical\" href=\"http:\/\/estructuras-de-impacto.impact-structures.com\/?page_id=1418\" \/>\n<meta property=\"og:locale\" content=\"es_ES\" \/>\n<meta property=\"og:type\" content=\"article\" \/>\n<meta property=\"og:title\" content=\"Topograf\u00eda y geolog\u00eda general - ERNSTSON CLAUDIN ESTRUCTURAS DE IMPACTO - CR\u00c1TERES METEOR\u00cdTICOS\" \/>\n<meta property=\"og:description\" content=\"Topograf\u00eda y geolog\u00eda general de la estructura de\u00a0Rubielos de la C\u00e9rida Las siguientes im\u00e1genes y fotos muestran algunes de las caracter\u00edsticas topogr\u00e1ficas y geol\u00f3gicas generales de Cuenca de impacto elongada de Rubielos de la C\u00e9rida. Fig. Delimitaci\u00f3n aproximada de la Cuenca elongada de impacto en la que puede apreciarse el levantamiento central de Rubielos de &hellip; Continuar leyendo &quot;Topograf\u00eda y geolog\u00eda general&quot;\" \/>\n<meta property=\"og:url\" content=\"http:\/\/estructuras-de-impacto.impact-structures.com\/?page_id=1418\" \/>\n<meta property=\"og:site_name\" content=\"ERNSTSON CLAUDIN ESTRUCTURAS DE IMPACTO - CR\u00c1TERES METEOR\u00cdTICOS\" \/>\n<meta property=\"article:modified_time\" content=\"2012-05-26T11:00:43+00:00\" \/>\n<meta property=\"og:image\" content=\"http:\/\/impacto.impact-structures.com\/wp-content\/uploads\/2011\/12\/cadena-rubielos2.png\" \/>\n<meta name=\"twitter:card\" content=\"summary_large_image\" \/>\n<meta name=\"twitter:label1\" content=\"Tiempo de lectura\" \/>\n\t<meta name=\"twitter:data1\" content=\"2 minutos\" \/>\n<script type=\"application\/ld+json\" class=\"yoast-schema-graph\">{\"@context\":\"https:\\\/\\\/schema.org\",\"@graph\":[{\"@type\":\"WebPage\",\"@id\":\"http:\\\/\\\/estructuras-de-impacto.impact-structures.com\\\/?page_id=1418\",\"url\":\"http:\\\/\\\/estructuras-de-impacto.impact-structures.com\\\/?page_id=1418\",\"name\":\"Topograf\u00eda y geolog\u00eda general - ERNSTSON CLAUDIN ESTRUCTURAS DE IMPACTO - CR\u00c1TERES METEOR\u00cdTICOS\",\"isPartOf\":{\"@id\":\"http:\\\/\\\/estructuras-de-impacto.impact-structures.com\\\/#website\"},\"primaryImageOfPage\":{\"@id\":\"http:\\\/\\\/estructuras-de-impacto.impact-structures.com\\\/?page_id=1418#primaryimage\"},\"image\":{\"@id\":\"http:\\\/\\\/estructuras-de-impacto.impact-structures.com\\\/?page_id=1418#primaryimage\"},\"thumbnailUrl\":\"http:\\\/\\\/impacto.impact-structures.com\\\/wp-content\\\/uploads\\\/2011\\\/12\\\/cadena-rubielos2.png\",\"datePublished\":\"2011-12-03T13:12:20+00:00\",\"dateModified\":\"2012-05-26T11:00:43+00:00\",\"breadcrumb\":{\"@id\":\"http:\\\/\\\/estructuras-de-impacto.impact-structures.com\\\/?page_id=1418#breadcrumb\"},\"inLanguage\":\"es\",\"potentialAction\":[{\"@type\":\"ReadAction\",\"target\":[\"http:\\\/\\\/estructuras-de-impacto.impact-structures.com\\\/?page_id=1418\"]}]},{\"@type\":\"ImageObject\",\"inLanguage\":\"es\",\"@id\":\"http:\\\/\\\/estructuras-de-impacto.impact-structures.com\\\/?page_id=1418#primaryimage\",\"url\":\"http:\\\/\\\/impacto.impact-structures.com\\\/wp-content\\\/uploads\\\/2011\\\/12\\\/cadena-rubielos2.png\",\"contentUrl\":\"http:\\\/\\\/impacto.impact-structures.com\\\/wp-content\\\/uploads\\\/2011\\\/12\\\/cadena-rubielos2.png\"},{\"@type\":\"BreadcrumbList\",\"@id\":\"http:\\\/\\\/estructuras-de-impacto.impact-structures.com\\\/?page_id=1418#breadcrumb\",\"itemListElement\":[{\"@type\":\"ListItem\",\"position\":1,\"name\":\"Portada\",\"item\":\"http:\\\/\\\/estructuras-de-impacto.impact-structures.com\\\/\"},{\"@type\":\"ListItem\",\"position\":2,\"name\":\"Las estructuras de impacto en Espa\u00f1a\",\"item\":\"http:\\\/\\\/estructuras-de-impacto.impact-structures.com\\\/?page_id=1404\"},{\"@type\":\"ListItem\",\"position\":3,\"name\":\"La cuenca de impacto de Rubielos de la C\u00e9rida\",\"item\":\"http:\\\/\\\/estructuras-de-impacto.impact-structures.com\\\/?page_id=1417\"},{\"@type\":\"ListItem\",\"position\":4,\"name\":\"Topograf\u00eda y geolog\u00eda general\"}]},{\"@type\":\"WebSite\",\"@id\":\"http:\\\/\\\/estructuras-de-impacto.impact-structures.com\\\/#website\",\"url\":\"http:\\\/\\\/estructuras-de-impacto.impact-structures.com\\\/\",\"name\":\"ERNSTSON CLAUDIN ESTRUCTURAS DE IMPACTO - CR\u00c1TERES METEOR\u00cdTICOS\",\"description\":\"Investigaci\u00f3n sobre la geolog\u00eda, geof\u00edsica, y petrolog\u00eda\",\"potentialAction\":[{\"@type\":\"SearchAction\",\"target\":{\"@type\":\"EntryPoint\",\"urlTemplate\":\"http:\\\/\\\/estructuras-de-impacto.impact-structures.com\\\/?s={search_term_string}\"},\"query-input\":{\"@type\":\"PropertyValueSpecification\",\"valueRequired\":true,\"valueName\":\"search_term_string\"}}],\"inLanguage\":\"es\"}]}<\/script>\n<!-- \/ Yoast SEO plugin. -->","yoast_head_json":{"title":"Topograf\u00eda y geolog\u00eda general - ERNSTSON CLAUDIN ESTRUCTURAS DE IMPACTO - CR\u00c1TERES METEOR\u00cdTICOS","robots":{"index":"index","follow":"follow","max-snippet":"max-snippet:-1","max-image-preview":"max-image-preview:large","max-video-preview":"max-video-preview:-1"},"canonical":"http:\/\/estructuras-de-impacto.impact-structures.com\/?page_id=1418","og_locale":"es_ES","og_type":"article","og_title":"Topograf\u00eda y geolog\u00eda general - ERNSTSON CLAUDIN ESTRUCTURAS DE IMPACTO - CR\u00c1TERES METEOR\u00cdTICOS","og_description":"Topograf\u00eda y geolog\u00eda general de la estructura de\u00a0Rubielos de la C\u00e9rida Las siguientes im\u00e1genes y fotos muestran algunes de las caracter\u00edsticas topogr\u00e1ficas y geol\u00f3gicas generales de Cuenca de impacto elongada de Rubielos de la C\u00e9rida. Fig. Delimitaci\u00f3n aproximada de la Cuenca elongada de impacto en la que puede apreciarse el levantamiento central de Rubielos de &hellip; Continuar leyendo \"Topograf\u00eda y geolog\u00eda general\"","og_url":"http:\/\/estructuras-de-impacto.impact-structures.com\/?page_id=1418","og_site_name":"ERNSTSON CLAUDIN ESTRUCTURAS DE IMPACTO - CR\u00c1TERES METEOR\u00cdTICOS","article_modified_time":"2012-05-26T11:00:43+00:00","og_image":[{"url":"http:\/\/impacto.impact-structures.com\/wp-content\/uploads\/2011\/12\/cadena-rubielos2.png","type":"","width":"","height":""}],"twitter_card":"summary_large_image","twitter_misc":{"Tiempo de lectura":"2 minutos"},"schema":{"@context":"https:\/\/schema.org","@graph":[{"@type":"WebPage","@id":"http:\/\/estructuras-de-impacto.impact-structures.com\/?page_id=1418","url":"http:\/\/estructuras-de-impacto.impact-structures.com\/?page_id=1418","name":"Topograf\u00eda y geolog\u00eda general - ERNSTSON CLAUDIN ESTRUCTURAS DE IMPACTO - CR\u00c1TERES METEOR\u00cdTICOS","isPartOf":{"@id":"http:\/\/estructuras-de-impacto.impact-structures.com\/#website"},"primaryImageOfPage":{"@id":"http:\/\/estructuras-de-impacto.impact-structures.com\/?page_id=1418#primaryimage"},"image":{"@id":"http:\/\/estructuras-de-impacto.impact-structures.com\/?page_id=1418#primaryimage"},"thumbnailUrl":"http:\/\/impacto.impact-structures.com\/wp-content\/uploads\/2011\/12\/cadena-rubielos2.png","datePublished":"2011-12-03T13:12:20+00:00","dateModified":"2012-05-26T11:00:43+00:00","breadcrumb":{"@id":"http:\/\/estructuras-de-impacto.impact-structures.com\/?page_id=1418#breadcrumb"},"inLanguage":"es","potentialAction":[{"@type":"ReadAction","target":["http:\/\/estructuras-de-impacto.impact-structures.com\/?page_id=1418"]}]},{"@type":"ImageObject","inLanguage":"es","@id":"http:\/\/estructuras-de-impacto.impact-structures.com\/?page_id=1418#primaryimage","url":"http:\/\/impacto.impact-structures.com\/wp-content\/uploads\/2011\/12\/cadena-rubielos2.png","contentUrl":"http:\/\/impacto.impact-structures.com\/wp-content\/uploads\/2011\/12\/cadena-rubielos2.png"},{"@type":"BreadcrumbList","@id":"http:\/\/estructuras-de-impacto.impact-structures.com\/?page_id=1418#breadcrumb","itemListElement":[{"@type":"ListItem","position":1,"name":"Portada","item":"http:\/\/estructuras-de-impacto.impact-structures.com\/"},{"@type":"ListItem","position":2,"name":"Las estructuras de impacto en Espa\u00f1a","item":"http:\/\/estructuras-de-impacto.impact-structures.com\/?page_id=1404"},{"@type":"ListItem","position":3,"name":"La cuenca de impacto de Rubielos de la C\u00e9rida","item":"http:\/\/estructuras-de-impacto.impact-structures.com\/?page_id=1417"},{"@type":"ListItem","position":4,"name":"Topograf\u00eda y geolog\u00eda general"}]},{"@type":"WebSite","@id":"http:\/\/estructuras-de-impacto.impact-structures.com\/#website","url":"http:\/\/estructuras-de-impacto.impact-structures.com\/","name":"ERNSTSON CLAUDIN ESTRUCTURAS DE IMPACTO - CR\u00c1TERES METEOR\u00cdTICOS","description":"Investigaci\u00f3n sobre la geolog\u00eda, geof\u00edsica, y petrolog\u00eda","potentialAction":[{"@type":"SearchAction","target":{"@type":"EntryPoint","urlTemplate":"http:\/\/estructuras-de-impacto.impact-structures.com\/?s={search_term_string}"},"query-input":{"@type":"PropertyValueSpecification","valueRequired":true,"valueName":"search_term_string"}}],"inLanguage":"es"}]}},"_links":{"self":[{"href":"http:\/\/estructuras-de-impacto.impact-structures.com\/index.php?rest_route=\/wp\/v2\/pages\/1418","targetHints":{"allow":["GET"]}}],"collection":[{"href":"http:\/\/estructuras-de-impacto.impact-structures.com\/index.php?rest_route=\/wp\/v2\/pages"}],"about":[{"href":"http:\/\/estructuras-de-impacto.impact-structures.com\/index.php?rest_route=\/wp\/v2\/types\/page"}],"author":[{"embeddable":true,"href":"http:\/\/estructuras-de-impacto.impact-structures.com\/index.php?rest_route=\/wp\/v2\/users\/1"}],"replies":[{"embeddable":true,"href":"http:\/\/estructuras-de-impacto.impact-structures.com\/index.php?rest_route=%2Fwp%2Fv2%2Fcomments&post=1418"}],"version-history":[{"count":0,"href":"http:\/\/estructuras-de-impacto.impact-structures.com\/index.php?rest_route=\/wp\/v2\/pages\/1418\/revisions"}],"up":[{"embeddable":true,"href":"http:\/\/estructuras-de-impacto.impact-structures.com\/index.php?rest_route=\/wp\/v2\/pages\/1417"}],"wp:attachment":[{"href":"http:\/\/estructuras-de-impacto.impact-structures.com\/index.php?rest_route=%2Fwp%2Fv2%2Fmedia&parent=1418"}],"curies":[{"name":"wp","href":"https:\/\/api.w.org\/{rel}","templated":true}]}}