{"id":1417,"date":"2011-12-03T13:11:28","date_gmt":"2011-12-03T13:11:28","guid":{"rendered":"http:\/\/cms.impact-structures.com\/?page_id=260"},"modified":"2020-01-29T12:12:37","modified_gmt":"2020-01-29T12:12:37","slug":"the-rubielos-de-la-cerida-impact-basin","status":"publish","type":"page","link":"http:\/\/estructuras-de-impacto.impact-structures.com\/?page_id=1417","title":{"rendered":"La cuenca de impacto de Rubielos de la C\u00e9rida"},"content":{"rendered":"<h2>&#8211; como parte integrante de la cadena de cr\u00e1teres de impacto de Azuara\/Rubielos de la C\u00e9rida<\/h2>\n<p><span class=\"Apple-style-span\" style=\"color: #333333; font-weight: 300;\">El t\u00e9rmino cadena de cr\u00e1teres de impacto se utiliza com\u00fanmente cuando existen 3 o m\u00e1s estructuras de impacto alineadas que han sido producidas en un mismo evento de impacto. Aparte de unas pocas parejas de cr\u00e1teres bien establecidas (p.e., Clearwater oeste y este en Canad\u00e1, Ries y la cuenca de Steinheim en Alemania), han sido citadas 3 cadenas de cr\u00e1teres con estructuras bien separadas. La alineaci\u00f3n de 8 estructuras en Missouri, USA, es peculiar, pero sus edades no permiten hablar de su g\u00e9nesis en un \u00fanico evento de impacto, y \u00fanicamente 2 de ellas son reconocidas como cr\u00e1teres de impacto. La bien conocida estructura de impacto de Aorounga en el Chad podr\u00eda estar acompa\u00f1ada por uno o dos posibles cr\u00e1teres adicionales, pero todav\u00eda no hay una evidencia de campo concluyente al respecto. En 1988, fue propuesto un \u00fanico evento de impacto para explicar la formaci\u00f3n de 5 estructuras individuales que se hallaron distribuidas entre 2 continentes. Por otra parte, las estructuras de impacto m\u00faltiple son bien conocidas en la Luna, Marte, Venus, y en algunos de los sat\u00e9lites de J\u00fapiter (Ganymede y Callisto). En especial, la detecci\u00f3n de las impresionantes cadenas de cr\u00e1teres en Ganymede (ver la imagen de Fig. 1) y Callisto, de origen misterioso hasta el choque en 1994 de los fragmentos del cometa Shoemaker-Levy 9 sobre la superficie de J\u00fapiter, provoc\u00f3 e inici\u00f3 toda una serie de investigaciones sobre impactos m\u00faltiples producidos por la acci\u00f3n de asteroides y cometas fragmentados.<\/span><\/p>\n<p><img loading=\"lazy\" decoding=\"async\" src=\"http:\/\/www.impact-structures.com\/spain\/rubielos\/image002.gif\" alt=\"Image002\" width=\"286\" height=\"290\" \/><\/p>\n<p>Fig. 1. C<span class=\"Apple-style-span\" style=\"font-size: 14px; line-height: 22px;\">adena de cr\u00e1teres de impacto producidos por fragmentaci\u00f3n de un cometa sobre la superficie de Ganymede.<\/span>:<a href=\"http:\/\/apod.nasa.gov\/apod\/ap011215.html\" target=\"_blank\" rel=\"noopener noreferrer\">\u00a0http:\/\/apod.nasa.gov\/apod\/ap011215.html<\/a>; Galileo Project, Brown University, JPL, NASA.<\/p>\n<p><a href=\"http:\/\/impacto.impact-structures.com\/wp-content\/uploads\/2011\/12\/cadena-rubielos.png\"><img loading=\"lazy\" decoding=\"async\" class=\"alignnone size-full wp-image-1541\" title=\"cadena rubielos\" src=\"http:\/\/impacto.impact-structures.com\/wp-content\/uploads\/2011\/12\/cadena-rubielos.png\" alt=\"\" width=\"400\" height=\"619\" srcset=\"http:\/\/estructuras-de-impacto.impact-structures.com\/wp-content\/uploads\/2011\/12\/cadena-rubielos.png 400w, http:\/\/estructuras-de-impacto.impact-structures.com\/wp-content\/uploads\/2011\/12\/cadena-rubielos-193x300.png 193w\" sizes=\"auto, (max-width: 400px) 85vw, 400px\" \/><\/a><\/p>\n<p>Fig. 2.\u00a0<span class=\"Apple-style-span\" style=\"font-size: 14px; line-height: 22px;\">Topograf\u00eda de la cadena de cr\u00e1teres de impacto de Azuara\/Rubielos de la C\u00e9rida. La i<\/span><span class=\"Apple-style-span\" style=\"font-size: 14px; line-height: 22px;\">magen es cortes\u00eda de Manuel Cabedo<\/span><\/p>\n<p>En el n\u00famero de Agosto de 2003 de Meteorite, la revista internacional sobre Meteoritos y ciencia Meteor\u00edtica, apareci\u00f3 un art\u00edculo sobre una cadena de cr\u00e1teres m\u00e1s o menos cont\u00ednua, la primera de este tipo conocida en la tierra, de m\u00e1s de 100 Km de largo (ver<a href=\"http:\/\/www.estructuras-de-impacto.impact-structures.com\/spain\/%20http:\/\/www.estructuras-de-impacto.impact-structures.com\/Archiv\/archiv.html\">\u00a0<\/a><a href=\"http:\/\/www.impact-structures.com\/2011\/12\/an-impact-crater-chain-in-northern-spain-2\/\" target=\"_blank\" rel=\"noopener noreferrer\">http:\/\/www.impact-structures.com\/2011\/12\/an-impact-crater-chain-in-northern-spain-2\/<\/a>). La cadena comprende la estructura de impacto del terciario medio, establecida ya con anterioridad, de Azuara (ver\u00a0<a href=\"http:\/\/estructuras-de-impacto.impact-structures.com\/?page_id=119\" target=\"_blank\" rel=\"noopener noreferrer\">http:\/\/estructuras-de-impacto.impact-structures.com\/?page_id=119<\/a>), la estructura generada en el mismo evento y cercana de Rubielos de la C\u00e9rida, que forma parte de una cuenca de impacto elongada, y una estructura anular (Torrecilla, de 12 Km de di\u00e1metro) para la cual se sugiere tambi\u00e9n un origen por impacto.\u00a0\u00a0El evento que di\u00f3 lugar a estas estructuras de impacto es ahora denominado \u201cel evento de impacto m\u00faltiple de Azuara\u201d.<\/p>\n<p>La detecci\u00f3n de la cadena de cr\u00e1teres de impacto propuesta ha sido el resultado de un largo proceso. \u00c9ste empieza en los 80 y principios de los 90 con el establecimiento (por parte de K. Ernstson y colaboradores) de la estructura de impacto de Azuara, de un di\u00e1metro comprendido entre 35-40 Km, en el margen comprendido entre la cadena Alp\u00eddica de plegamiento de la Ib\u00e9rica y la cuenca terciaria del Ebro.<\/p>\n<p>En 1994, K. Ernstson y colaboradores realizan una primera referencia a un posible cr\u00e1ter compa\u00f1ero del primero, la estructura de Rubielos de la C\u00e9rida, de un tama\u00f1o similar, localizado a unos 50 Km al S-SW de la estructura de Azuara, y tambi\u00e9n de la misma edad (Terciario medio). En a\u00f1os sucesivos, pudo mostrarse como Rubielos de la C\u00e9rida presentaba todas las evidencias de una estructura de impacto. En concreto, exhibe un conjunto completo de evidencias de impacto tales como una morfolog\u00eda distintiva que incluye una prominente elevaci\u00f3n central, rasgos estructurales peculiares, extensos eyectas de impacto, brechas suev\u00edticas, rocas de fundido de impacto, e intenso metamorfismo de choque.<\/p>\n<p>Mientras tanto, el trabajo de campo adicional y los an\u00e1lisis petrogr\u00e1ficos han permitido mostrar que, actualmente, Rubielos de la C\u00e9rida no es una estructura de impacto circular sino que forma el extremo norte de una cuenca elongada. Sus bordes se disponen aproximadamente en direcci\u00f3n norte-sur, y adem\u00e1s el levantamiento central de Rubielos de la C\u00e9rida se extiende hacia el sur bajo la forma de una cadena monta\u00f1osa m\u00e1s o menos sim\u00e9trica a los bordes de la cuenca elongada (ver la imagen de debajo). Esta peculiar continuaci\u00f3n tanto del levantamiento central de Rubielos de la C\u00e9rida como de la cuenca, est\u00e1 estrechamente conectada con la omnipresencia de rasgos bien conocidos de impacto en las rocas (ya documentados para la estructura de impacto de Rubielos de la C\u00e9rida). Las evidencias de impacto comprenden rasgos estructurales, brechas y diques de brechas monom\u00edcticos y polim\u00edcticos, extensas megabrechas y rasgos petrogr\u00e1ficos significativos tales como vidrio de impacto y metamorfismo de choque. El lector queda invitado a partir de este momento a seguir las huellas de este gigantesco evento de impacto.<\/p>\n","protected":false},"excerpt":{"rendered":"<p>&#8211; como parte integrante de la cadena de cr\u00e1teres de impacto de Azuara\/Rubielos de la C\u00e9rida El t\u00e9rmino cadena de cr\u00e1teres de impacto se utiliza com\u00fanmente cuando existen 3 o m\u00e1s estructuras de impacto alineadas que han sido producidas en un mismo evento de impacto. Aparte de unas pocas parejas de cr\u00e1teres bien establecidas (p.e., &hellip; <a href=\"http:\/\/estructuras-de-impacto.impact-structures.com\/?page_id=1417\" class=\"more-link\">Continuar leyendo<span class=\"screen-reader-text\"> \u00abLa cuenca de impacto de Rubielos de la C\u00e9rida\u00bb<\/span><\/a><\/p>\n","protected":false},"author":1,"featured_media":0,"parent":1404,"menu_order":0,"comment_status":"closed","ping_status":"closed","template":"","meta":{"footnotes":""},"class_list":["post-1417","page","type-page","status-publish","hentry"],"yoast_head":"<!-- This site is optimized with the Yoast SEO plugin v27.3 - https:\/\/yoast.com\/product\/yoast-seo-wordpress\/ -->\n<title>La cuenca de impacto de Rubielos de la C\u00e9rida - ERNSTSON CLAUDIN ESTRUCTURAS DE IMPACTO - CR\u00c1TERES METEOR\u00cdTICOS<\/title>\n<meta name=\"description\" content=\"La Cuenca de impacto de Rubielos de la C\u00e9rida - parte integrante de la cadena de cr\u00e1teres de impacto de Azuara\/Rubielos de la C\u00e9rida\" \/>\n<meta name=\"robots\" content=\"index, follow, max-snippet:-1, max-image-preview:large, max-video-preview:-1\" \/>\n<link rel=\"canonical\" href=\"http:\/\/estructuras-de-impacto.impact-structures.com\/?page_id=1417\" \/>\n<meta property=\"og:locale\" content=\"es_ES\" \/>\n<meta property=\"og:type\" content=\"article\" \/>\n<meta property=\"og:title\" content=\"La cuenca de impacto de Rubielos de la C\u00e9rida - ERNSTSON CLAUDIN ESTRUCTURAS DE IMPACTO - CR\u00c1TERES METEOR\u00cdTICOS\" \/>\n<meta property=\"og:description\" content=\"La Cuenca de impacto de Rubielos de la C\u00e9rida - parte integrante de la cadena de cr\u00e1teres de impacto de Azuara\/Rubielos de la C\u00e9rida\" \/>\n<meta property=\"og:url\" content=\"http:\/\/estructuras-de-impacto.impact-structures.com\/?page_id=1417\" \/>\n<meta property=\"og:site_name\" content=\"ERNSTSON CLAUDIN ESTRUCTURAS DE IMPACTO - CR\u00c1TERES METEOR\u00cdTICOS\" \/>\n<meta property=\"article:modified_time\" content=\"2020-01-29T12:12:37+00:00\" \/>\n<meta property=\"og:image\" content=\"http:\/\/www.impact-structures.com\/spain\/rubielos\/image002.gif\" \/>\n<meta name=\"twitter:card\" content=\"summary_large_image\" \/>\n<meta name=\"twitter:label1\" content=\"Tiempo de lectura\" \/>\n\t<meta name=\"twitter:data1\" content=\"4 minutos\" \/>\n<script type=\"application\/ld+json\" class=\"yoast-schema-graph\">{\"@context\":\"https:\\\/\\\/schema.org\",\"@graph\":[{\"@type\":\"WebPage\",\"@id\":\"http:\\\/\\\/estructuras-de-impacto.impact-structures.com\\\/?page_id=1417\",\"url\":\"http:\\\/\\\/estructuras-de-impacto.impact-structures.com\\\/?page_id=1417\",\"name\":\"La cuenca de impacto de Rubielos de la C\u00e9rida - ERNSTSON CLAUDIN ESTRUCTURAS DE IMPACTO - CR\u00c1TERES METEOR\u00cdTICOS\",\"isPartOf\":{\"@id\":\"http:\\\/\\\/estructuras-de-impacto.impact-structures.com\\\/#website\"},\"primaryImageOfPage\":{\"@id\":\"http:\\\/\\\/estructuras-de-impacto.impact-structures.com\\\/?page_id=1417#primaryimage\"},\"image\":{\"@id\":\"http:\\\/\\\/estructuras-de-impacto.impact-structures.com\\\/?page_id=1417#primaryimage\"},\"thumbnailUrl\":\"http:\\\/\\\/www.impact-structures.com\\\/spain\\\/rubielos\\\/image002.gif\",\"datePublished\":\"2011-12-03T13:11:28+00:00\",\"dateModified\":\"2020-01-29T12:12:37+00:00\",\"description\":\"La Cuenca de impacto de Rubielos de la C\u00e9rida - parte integrante de la cadena de cr\u00e1teres de impacto de Azuara\\\/Rubielos de la C\u00e9rida\",\"breadcrumb\":{\"@id\":\"http:\\\/\\\/estructuras-de-impacto.impact-structures.com\\\/?page_id=1417#breadcrumb\"},\"inLanguage\":\"es\",\"potentialAction\":[{\"@type\":\"ReadAction\",\"target\":[\"http:\\\/\\\/estructuras-de-impacto.impact-structures.com\\\/?page_id=1417\"]}]},{\"@type\":\"ImageObject\",\"inLanguage\":\"es\",\"@id\":\"http:\\\/\\\/estructuras-de-impacto.impact-structures.com\\\/?page_id=1417#primaryimage\",\"url\":\"http:\\\/\\\/www.impact-structures.com\\\/spain\\\/rubielos\\\/image002.gif\",\"contentUrl\":\"http:\\\/\\\/www.impact-structures.com\\\/spain\\\/rubielos\\\/image002.gif\"},{\"@type\":\"BreadcrumbList\",\"@id\":\"http:\\\/\\\/estructuras-de-impacto.impact-structures.com\\\/?page_id=1417#breadcrumb\",\"itemListElement\":[{\"@type\":\"ListItem\",\"position\":1,\"name\":\"Portada\",\"item\":\"http:\\\/\\\/estructuras-de-impacto.impact-structures.com\\\/\"},{\"@type\":\"ListItem\",\"position\":2,\"name\":\"Las estructuras de impacto en Espa\u00f1a\",\"item\":\"http:\\\/\\\/estructuras-de-impacto.impact-structures.com\\\/?page_id=1404\"},{\"@type\":\"ListItem\",\"position\":3,\"name\":\"La cuenca de impacto de Rubielos de la C\u00e9rida\"}]},{\"@type\":\"WebSite\",\"@id\":\"http:\\\/\\\/estructuras-de-impacto.impact-structures.com\\\/#website\",\"url\":\"http:\\\/\\\/estructuras-de-impacto.impact-structures.com\\\/\",\"name\":\"ERNSTSON CLAUDIN ESTRUCTURAS DE IMPACTO - CR\u00c1TERES METEOR\u00cdTICOS\",\"description\":\"Investigaci\u00f3n sobre la geolog\u00eda, geof\u00edsica, y petrolog\u00eda\",\"potentialAction\":[{\"@type\":\"SearchAction\",\"target\":{\"@type\":\"EntryPoint\",\"urlTemplate\":\"http:\\\/\\\/estructuras-de-impacto.impact-structures.com\\\/?s={search_term_string}\"},\"query-input\":{\"@type\":\"PropertyValueSpecification\",\"valueRequired\":true,\"valueName\":\"search_term_string\"}}],\"inLanguage\":\"es\"}]}<\/script>\n<!-- \/ Yoast SEO plugin. -->","yoast_head_json":{"title":"La cuenca de impacto de Rubielos de la C\u00e9rida - ERNSTSON CLAUDIN ESTRUCTURAS DE IMPACTO - CR\u00c1TERES METEOR\u00cdTICOS","description":"La Cuenca de impacto de Rubielos de la C\u00e9rida - parte integrante de la cadena de cr\u00e1teres de impacto de Azuara\/Rubielos de la C\u00e9rida","robots":{"index":"index","follow":"follow","max-snippet":"max-snippet:-1","max-image-preview":"max-image-preview:large","max-video-preview":"max-video-preview:-1"},"canonical":"http:\/\/estructuras-de-impacto.impact-structures.com\/?page_id=1417","og_locale":"es_ES","og_type":"article","og_title":"La cuenca de impacto de Rubielos de la C\u00e9rida - ERNSTSON CLAUDIN ESTRUCTURAS DE IMPACTO - CR\u00c1TERES METEOR\u00cdTICOS","og_description":"La Cuenca de impacto de Rubielos de la C\u00e9rida - parte integrante de la cadena de cr\u00e1teres de impacto de Azuara\/Rubielos de la C\u00e9rida","og_url":"http:\/\/estructuras-de-impacto.impact-structures.com\/?page_id=1417","og_site_name":"ERNSTSON CLAUDIN ESTRUCTURAS DE IMPACTO - CR\u00c1TERES METEOR\u00cdTICOS","article_modified_time":"2020-01-29T12:12:37+00:00","og_image":[{"url":"http:\/\/www.impact-structures.com\/spain\/rubielos\/image002.gif","type":"","width":"","height":""}],"twitter_card":"summary_large_image","twitter_misc":{"Tiempo de lectura":"4 minutos"},"schema":{"@context":"https:\/\/schema.org","@graph":[{"@type":"WebPage","@id":"http:\/\/estructuras-de-impacto.impact-structures.com\/?page_id=1417","url":"http:\/\/estructuras-de-impacto.impact-structures.com\/?page_id=1417","name":"La cuenca de impacto de Rubielos de la C\u00e9rida - ERNSTSON CLAUDIN ESTRUCTURAS DE IMPACTO - CR\u00c1TERES METEOR\u00cdTICOS","isPartOf":{"@id":"http:\/\/estructuras-de-impacto.impact-structures.com\/#website"},"primaryImageOfPage":{"@id":"http:\/\/estructuras-de-impacto.impact-structures.com\/?page_id=1417#primaryimage"},"image":{"@id":"http:\/\/estructuras-de-impacto.impact-structures.com\/?page_id=1417#primaryimage"},"thumbnailUrl":"http:\/\/www.impact-structures.com\/spain\/rubielos\/image002.gif","datePublished":"2011-12-03T13:11:28+00:00","dateModified":"2020-01-29T12:12:37+00:00","description":"La Cuenca de impacto de Rubielos de la C\u00e9rida - parte integrante de la cadena de cr\u00e1teres de impacto de Azuara\/Rubielos de la C\u00e9rida","breadcrumb":{"@id":"http:\/\/estructuras-de-impacto.impact-structures.com\/?page_id=1417#breadcrumb"},"inLanguage":"es","potentialAction":[{"@type":"ReadAction","target":["http:\/\/estructuras-de-impacto.impact-structures.com\/?page_id=1417"]}]},{"@type":"ImageObject","inLanguage":"es","@id":"http:\/\/estructuras-de-impacto.impact-structures.com\/?page_id=1417#primaryimage","url":"http:\/\/www.impact-structures.com\/spain\/rubielos\/image002.gif","contentUrl":"http:\/\/www.impact-structures.com\/spain\/rubielos\/image002.gif"},{"@type":"BreadcrumbList","@id":"http:\/\/estructuras-de-impacto.impact-structures.com\/?page_id=1417#breadcrumb","itemListElement":[{"@type":"ListItem","position":1,"name":"Portada","item":"http:\/\/estructuras-de-impacto.impact-structures.com\/"},{"@type":"ListItem","position":2,"name":"Las estructuras de impacto en Espa\u00f1a","item":"http:\/\/estructuras-de-impacto.impact-structures.com\/?page_id=1404"},{"@type":"ListItem","position":3,"name":"La cuenca de impacto de Rubielos de la C\u00e9rida"}]},{"@type":"WebSite","@id":"http:\/\/estructuras-de-impacto.impact-structures.com\/#website","url":"http:\/\/estructuras-de-impacto.impact-structures.com\/","name":"ERNSTSON CLAUDIN ESTRUCTURAS DE IMPACTO - CR\u00c1TERES METEOR\u00cdTICOS","description":"Investigaci\u00f3n sobre la geolog\u00eda, geof\u00edsica, y petrolog\u00eda","potentialAction":[{"@type":"SearchAction","target":{"@type":"EntryPoint","urlTemplate":"http:\/\/estructuras-de-impacto.impact-structures.com\/?s={search_term_string}"},"query-input":{"@type":"PropertyValueSpecification","valueRequired":true,"valueName":"search_term_string"}}],"inLanguage":"es"}]}},"_links":{"self":[{"href":"http:\/\/estructuras-de-impacto.impact-structures.com\/index.php?rest_route=\/wp\/v2\/pages\/1417","targetHints":{"allow":["GET"]}}],"collection":[{"href":"http:\/\/estructuras-de-impacto.impact-structures.com\/index.php?rest_route=\/wp\/v2\/pages"}],"about":[{"href":"http:\/\/estructuras-de-impacto.impact-structures.com\/index.php?rest_route=\/wp\/v2\/types\/page"}],"author":[{"embeddable":true,"href":"http:\/\/estructuras-de-impacto.impact-structures.com\/index.php?rest_route=\/wp\/v2\/users\/1"}],"replies":[{"embeddable":true,"href":"http:\/\/estructuras-de-impacto.impact-structures.com\/index.php?rest_route=%2Fwp%2Fv2%2Fcomments&post=1417"}],"version-history":[{"count":0,"href":"http:\/\/estructuras-de-impacto.impact-structures.com\/index.php?rest_route=\/wp\/v2\/pages\/1417\/revisions"}],"up":[{"embeddable":true,"href":"http:\/\/estructuras-de-impacto.impact-structures.com\/index.php?rest_route=\/wp\/v2\/pages\/1404"}],"wp:attachment":[{"href":"http:\/\/estructuras-de-impacto.impact-structures.com\/index.php?rest_route=%2Fwp%2Fv2%2Fmedia&parent=1417"}],"curies":[{"name":"wp","href":"https:\/\/api.w.org\/{rel}","templated":true}]}}