{"id":1414,"date":"2011-12-02T16:40:12","date_gmt":"2011-12-02T16:40:12","guid":{"rendered":"http:\/\/cms.impact-structures.com\/?page_id=217"},"modified":"2012-07-14T13:57:33","modified_gmt":"2012-07-14T13:57:33","slug":"geomagnetic-surveys","status":"publish","type":"page","link":"http:\/\/estructuras-de-impacto.impact-structures.com\/?page_id=1414","title":{"rendered":"Estudios geomagn\u00e9ticos"},"content":{"rendered":"<p style=\"margin-top: 0px; margin-right: 0px; margin-bottom: 1em; margin-left: 0px; line-height: 1.5em; padding: 0px;\">La huella geomagn\u00e9tica de las estructuras de impacto puede ser incluso mas compleja que la gravim\u00e9trica. Hay tres procesos b\u00e1sicos que dan lugar a anomal\u00edas magn\u00e9ticas tanto en el interior como en los alrededores de las estructuras de impacto:<\/p>\n<p style=\"margin-top: 0px; margin-right: 0px; margin-bottom: 1em; margin-left: 0px; line-height: 1.5em; padding: 0px;\">\u00a0&#8212; formaci\u00f3n y deposici\u00f3n de rocas de impacto magnetizadas (impactitas) tales como rocas de fundido de impacto y suevitas &#8212; desplazamiento de rocas magnetizadas en el proceso de craterizaci\u00f3n por impacto.<\/p>\n<p style=\"margin-top: 0px; margin-right: 0px; margin-bottom: 1em; margin-left: 0px; line-height: 1.5em; padding: 0px;\">&#8212; descomposici\u00f3n de la magnetizaci\u00f3n existente en las rocas (por ejemplo por choque)<\/p>\n<p style=\"margin-top: 0px; margin-right: 0px; margin-bottom: 1em; margin-left: 0px; line-height: 1.5em; padding: 0px;\">&#8212; formaci\u00f3n de nuevas fases magn\u00e9ticas en las rocas ( p.e, por alteraciones qu\u00edmicas, por adquisici\u00f3n de una magnetizaci\u00f3n t\u00e9rmica remanente).<\/p>\n<p style=\"margin-top: 0px; margin-right: 0px; margin-bottom: 1em; margin-left: 0px; line-height: 1.5em; padding: 0px;\">Para m\u00e1s detalles ver, p.e., Pohl, J. (1994): The effect of shock on magnetic properties of rocks and minerals. European Science Foundation Network: Impact cratering and evolution of Planet Earth. Third International Workshop on Shock wave behaviour of solids in nature and experiments, Limoges, France. Abstract book, p. 51.<\/p>\n<p style=\"margin-top: 0px; margin-right: 0px; margin-bottom: 1em; margin-left: 0px; line-height: 1.5em; padding: 0px;\">\n<p style=\"margin-top: 0px; margin-right: 0px; margin-bottom: 1em; margin-left: 0px; line-height: 1.5em; padding: 0px;\"><strong>Estructura de impacto de Ries (Alemania)<\/strong><\/p>\n<p>Una caracter\u00edstica anomal\u00eda magn\u00e9tica negativa est\u00e1 relacionada con la estructura de impacto de Ries en Alemania (ver la imagen de debajo). La causa es una capa de brecha suev\u00edtica de unos 100 m de espesor presente en el interior del cr\u00e1ter. De modo predominante, la suevita muestra una magnetizaci\u00f3n t\u00e9rmica inversa que fue adquirida cuando la brecha intensamente chocada se enfri\u00f3 por debajo de la temperatura de Curie (Pohl, J. (1965). Die Magnetisierung der Suevite des Rieses. &#8211; N. Jb. Min., Mh., H. 9-11, 268-276.)<\/p>\n<p><a href=\"http:\/\/impacto.impact-structures.com\/wp-content\/uploads\/2011\/12\/magnetik-ries.jpg\" target=\"_blank\"><img loading=\"lazy\" decoding=\"async\" class=\"alignnone size-full wp-image-1956\" title=\"magnetik ries\" src=\"http:\/\/impacto.impact-structures.com\/wp-content\/uploads\/2011\/12\/magnetik-ries.jpg\" alt=\"\" width=\"460\" height=\"370\" srcset=\"http:\/\/estructuras-de-impacto.impact-structures.com\/wp-content\/uploads\/2011\/12\/magnetik-ries.jpg 460w, http:\/\/estructuras-de-impacto.impact-structures.com\/wp-content\/uploads\/2011\/12\/magnetik-ries-300x241.jpg 300w, http:\/\/estructuras-de-impacto.impact-structures.com\/wp-content\/uploads\/2011\/12\/magnetik-ries-372x300.jpg 372w\" sizes=\"auto, (max-width: 460px) 85vw, 460px\" \/><\/a><\/p>\n<p><span style=\"color: #000000;\">Fig. 1.\u00a0<\/span>Mapa aeromagn\u00e9tico de la estructura de impacto de Ries y sus alrededores. Las anomal\u00edas negativas presentes en el cr\u00e1ter (en color azul) se deben a una capa de suevita inversamente magnetizada. Las anomal\u00edas positivas est\u00e1n relacionadas con rocas b\u00e1sicas ubicadas en profundidad.<\/p>\n<p>Una observaci\u00f3n peculiar fue realizada en el cr\u00e1ter de Ries al medir las propiedades magn\u00e9ticas de la brecha suev\u00edtica de impacto y de los sedimentos lacustres post-impacto suprayacentes. Como se ha mencionado con anterioridad, la suevita presenta una magnetizaci\u00f3n remanente inversa, mientras que los sedimentos depositados inmediatamente despu\u00e9s del impacto, muestran una magnetizaci\u00f3n normal. Este dato permite especular (Pohl, J., 1978: Evidence for the coincidence of a geomagnetic reversal with the Ries impact event. &#8211; Meteoritics, 13, 600.) sobre si el impacto podr\u00eda haber causado una inversi\u00f3n en la polaridad del campo magn\u00e9tico terrestre.<\/p>\n<p><strong>ESTRUCTURA DE IMPACTO DE AZUARA (ESPA\u00d1A)<\/strong><strong><\/strong><\/p>\n<p>La estructura de impacto de Azuara, de 35-40 km de di\u00e1metro, es excepcional a causa de que las rocas del objetivo son puramente sedimentarias (presentando un espesor de unos 10 km). Aunque este grueso objetivo sedimentario est\u00e1 formado mayoritariamente por rocas carbonatadas y cuarcitas, se han podido medir significativas anomal\u00edas que est\u00e1n obviamente relacionadas con la estructura crateriforme (Fig. 2) ) [full article Ernstson, K. &amp; Fiebag, J. (1992): The Azuara impact structure (Spain): new insights from geophysical and geological investigations. &#8211; Int. J. Earth Sci., 81, 403-427;\u00a0<a href=\"http:\/\/www.springerlink.com\/content\/h3817t72781601tn\/\">http:\/\/www.springerlink.com\/content\/h3817t72781601tn\/<\/a>.]<\/p>\n<p>A partir de las mediciones de susceptibilidad magn\u00e9tica de las rocas es muy probable que la brecha basal suev\u00edtica\u00a0 [<span style=\"text-decoration: underline;\">\u00a0http:\/\/www.impact-structures.com\/impact-rocks-impactites\/the-suevite-page\/suevites-from-the-azuara-and-rubielos-de-la-cerida-spain-impact-structures\/<\/span>] pueda ser considerada como el cuerpo causante de las anomal\u00edas. Mientras que las rocas carbonatadas y las areniscas del cr\u00e1ter presentan susceptibilidades m\u00e1ximas del orden de 10-20 * 10<sup>-3<\/sup> SI, susceptibilidades superiores a 1.6 * 10 <sup>-3<\/sup> SI han sido medidas para las muestras de la brecha basal. No obstante, las muestras de brecha basal pueden mostrar una significativa magnetizaci\u00f3n remanente. A partir del caracter\u00edstico y frecuente color rojizo de la brecha basal suev\u00edtica concluimos que durante la formaci\u00f3n de la brecha basal aparecieron nuevas fases magn\u00e9ticas posiblemente debido a la acci\u00f3n de elevadas temperaturas que al mismo tiempo fueron responsables de la magnetizaci\u00f3n termoremanente.<\/p>\n<p>En un modelo fuertemente simplificado (Fig. 4) mostramos como la concentraci\u00f3n de las anomal\u00edas magn\u00e9ticas en las zonas externas de la estructura de impacto de Azuara (ver Fig. 2) puede ser explicada.<\/p>\n<p><span style=\"color: #ff0000;\"><img loading=\"lazy\" decoding=\"async\" style=\"padding-top: 0px; padding-right: 10px; padding-bottom: 0px; padding-left: 0px; border-style: initial; border-color: initial; float: left; border-width: 0px; margin: 0px;\" src=\"http:\/\/www.impact-structures.com\/geophysic\/magnetics\/image004.gif\" alt=\"Image004\" width=\"288\" height=\"199\" \/><\/span><\/p>\n<p>&nbsp;<\/p>\n<p>&nbsp;<\/p>\n<p>&nbsp;<\/p>\n<p>&nbsp;<\/p>\n<p>&nbsp;<\/p>\n<p><span style=\"color: #000000;\">Fig. 2.\u00a0<\/span>Perfil total del campo magn\u00e9tico y gravitatorio a trav\u00e9s de la estructura de impacto de Azuara (Fig. 3). Modelo para el origen de las anomal\u00edas magn\u00e9ticas en la Fig. 4.<\/p>\n<p><span style=\"color: #ff0000;\"><img loading=\"lazy\" decoding=\"async\" style=\"padding-top: 0px; padding-right: 10px; padding-bottom: 0px; padding-left: 0px; border-style: initial; border-color: initial; float: left; border-width: 0px; margin: 0px;\" src=\"http:\/\/www.impact-structures.com\/geophysic\/magnetics\/image006.gif\" alt=\"Image006\" width=\"287\" height=\"250\" \/><\/span><\/p>\n<p>&nbsp;<\/p>\n<p>&nbsp;<\/p>\n<p>&nbsp;<\/p>\n<p>&nbsp;<\/p>\n<p>&nbsp;<\/p>\n<p>&nbsp;<\/p>\n<p><span style=\"color: #000000;\">Fig. 3.\u00a0<\/span>Combinaci\u00f3n del perfil geomagn\u00e9tico y gravitatorio de la Fig. 2 a trav\u00e9s de la estructura de impacto de Azuara (delimitada aproximadamente por la l\u00ednea de puntos).<\/p>\n<p><span style=\"color: #ff0000;\"><img loading=\"lazy\" decoding=\"async\" style=\"padding-top: 0px; padding-right: 10px; padding-bottom: 0px; padding-left: 0px; border-style: initial; border-color: initial; float: left; border-width: 0px; margin: 0px;\" src=\"http:\/\/www.impact-structures.com\/geophysic\/magnetics\/image008.gif\" alt=\"Image008\" width=\"377\" height=\"94\" \/><\/span><\/p>\n<p>&nbsp;<\/p>\n<p>&nbsp;<\/p>\n<p><span style=\"color: #000000;\">Fig. 4.\u00a0<\/span>Modelo sencillo para el origen de las anomal\u00edas magn\u00e9ticas de la estructura de impacto de Azuara.<\/p>\n<p>&nbsp;<\/p>\n<p><strong>ESTRUCTURA DE IMPACTO HAUGHTON (CANAD\u00c1)<\/strong><strong><\/strong><\/p>\n<h3><\/h3>\n<p>Un resumen (con unas pocas im\u00e1genes) sobre las investigaciones aeromagn\u00e9ticas de la estructura de impacto de Haughton puede leerse aqu\u00ed: <a href=\"http:\/\/www.lpi.usra.edu\/meetings\/lpsc2002\/pdf\/2008.pdf\">http:\/\/www.lpi.usra.edu\/meetings\/lpsc2002\/pdf\/2008.pdf<\/a><\/p>\n","protected":false},"excerpt":{"rendered":"<p>La huella geomagn\u00e9tica de las estructuras de impacto puede ser incluso mas compleja que la gravim\u00e9trica. Hay tres procesos b\u00e1sicos que dan lugar a anomal\u00edas magn\u00e9ticas tanto en el interior como en los alrededores de las estructuras de impacto: \u00a0&#8212; formaci\u00f3n y deposici\u00f3n de rocas de impacto magnetizadas (impactitas) tales como rocas de fundido de &hellip; <a href=\"http:\/\/estructuras-de-impacto.impact-structures.com\/?page_id=1414\" class=\"more-link\">Continuar leyendo<span class=\"screen-reader-text\"> \u00abEstudios geomagn\u00e9ticos\u00bb<\/span><\/a><\/p>\n","protected":false},"author":1,"featured_media":0,"parent":24,"menu_order":0,"comment_status":"closed","ping_status":"closed","template":"sidebar-page.php","meta":{"footnotes":""},"class_list":["post-1414","page","type-page","status-publish","hentry"],"yoast_head":"<!-- This site is optimized with the Yoast SEO plugin v27.3 - https:\/\/yoast.com\/product\/yoast-seo-wordpress\/ -->\n<title>Estudios geomagn\u00e9ticos  - ERNSTSON CLAUDIN ESTRUCTURAS DE IMPACTO - CR\u00c1TERES METEOR\u00cdTICOS<\/title>\n<meta name=\"robots\" content=\"index, follow, max-snippet:-1, max-image-preview:large, max-video-preview:-1\" \/>\n<link rel=\"canonical\" href=\"http:\/\/estructuras-de-impacto.impact-structures.com\/?page_id=1414\" \/>\n<meta property=\"og:locale\" content=\"es_ES\" \/>\n<meta property=\"og:type\" content=\"article\" \/>\n<meta property=\"og:title\" content=\"Estudios geomagn\u00e9ticos  - ERNSTSON CLAUDIN ESTRUCTURAS DE IMPACTO - CR\u00c1TERES METEOR\u00cdTICOS\" \/>\n<meta property=\"og:description\" content=\"La huella geomagn\u00e9tica de las estructuras de impacto puede ser incluso mas compleja que la gravim\u00e9trica. Hay tres procesos b\u00e1sicos que dan lugar a anomal\u00edas magn\u00e9ticas tanto en el interior como en los alrededores de las estructuras de impacto: \u00a0&#8212; formaci\u00f3n y deposici\u00f3n de rocas de impacto magnetizadas (impactitas) tales como rocas de fundido de &hellip; Continuar leyendo &quot;Estudios geomagn\u00e9ticos&quot;\" \/>\n<meta property=\"og:url\" content=\"http:\/\/estructuras-de-impacto.impact-structures.com\/?page_id=1414\" \/>\n<meta property=\"og:site_name\" content=\"ERNSTSON CLAUDIN ESTRUCTURAS DE IMPACTO - CR\u00c1TERES METEOR\u00cdTICOS\" \/>\n<meta property=\"article:modified_time\" content=\"2012-07-14T13:57:33+00:00\" \/>\n<meta property=\"og:image\" content=\"http:\/\/impacto.impact-structures.com\/wp-content\/uploads\/2011\/12\/magnetik-ries.jpg\" \/>\n<meta name=\"twitter:card\" content=\"summary_large_image\" \/>\n<meta name=\"twitter:label1\" content=\"Tiempo de lectura\" \/>\n\t<meta name=\"twitter:data1\" content=\"4 minutos\" \/>\n<script type=\"application\/ld+json\" class=\"yoast-schema-graph\">{\"@context\":\"https:\\\/\\\/schema.org\",\"@graph\":[{\"@type\":\"WebPage\",\"@id\":\"http:\\\/\\\/estructuras-de-impacto.impact-structures.com\\\/?page_id=1414\",\"url\":\"http:\\\/\\\/estructuras-de-impacto.impact-structures.com\\\/?page_id=1414\",\"name\":\"Estudios geomagn\u00e9ticos - ERNSTSON CLAUDIN ESTRUCTURAS DE IMPACTO - CR\u00c1TERES METEOR\u00cdTICOS\",\"isPartOf\":{\"@id\":\"http:\\\/\\\/estructuras-de-impacto.impact-structures.com\\\/#website\"},\"primaryImageOfPage\":{\"@id\":\"http:\\\/\\\/estructuras-de-impacto.impact-structures.com\\\/?page_id=1414#primaryimage\"},\"image\":{\"@id\":\"http:\\\/\\\/estructuras-de-impacto.impact-structures.com\\\/?page_id=1414#primaryimage\"},\"thumbnailUrl\":\"http:\\\/\\\/impacto.impact-structures.com\\\/wp-content\\\/uploads\\\/2011\\\/12\\\/magnetik-ries.jpg\",\"datePublished\":\"2011-12-02T16:40:12+00:00\",\"dateModified\":\"2012-07-14T13:57:33+00:00\",\"breadcrumb\":{\"@id\":\"http:\\\/\\\/estructuras-de-impacto.impact-structures.com\\\/?page_id=1414#breadcrumb\"},\"inLanguage\":\"es\",\"potentialAction\":[{\"@type\":\"ReadAction\",\"target\":[\"http:\\\/\\\/estructuras-de-impacto.impact-structures.com\\\/?page_id=1414\"]}]},{\"@type\":\"ImageObject\",\"inLanguage\":\"es\",\"@id\":\"http:\\\/\\\/estructuras-de-impacto.impact-structures.com\\\/?page_id=1414#primaryimage\",\"url\":\"http:\\\/\\\/impacto.impact-structures.com\\\/wp-content\\\/uploads\\\/2011\\\/12\\\/magnetik-ries.jpg\",\"contentUrl\":\"http:\\\/\\\/impacto.impact-structures.com\\\/wp-content\\\/uploads\\\/2011\\\/12\\\/magnetik-ries.jpg\"},{\"@type\":\"BreadcrumbList\",\"@id\":\"http:\\\/\\\/estructuras-de-impacto.impact-structures.com\\\/?page_id=1414#breadcrumb\",\"itemListElement\":[{\"@type\":\"ListItem\",\"position\":1,\"name\":\"Portada\",\"item\":\"http:\\\/\\\/estructuras-de-impacto.impact-structures.com\\\/\"},{\"@type\":\"ListItem\",\"position\":2,\"name\":\"Geof\u00edsica de las estructuras de impacto\",\"item\":\"http:\\\/\\\/estructuras-de-impacto.impact-structures.com\\\/?page_id=24\"},{\"@type\":\"ListItem\",\"position\":3,\"name\":\"Estudios geomagn\u00e9ticos\"}]},{\"@type\":\"WebSite\",\"@id\":\"http:\\\/\\\/estructuras-de-impacto.impact-structures.com\\\/#website\",\"url\":\"http:\\\/\\\/estructuras-de-impacto.impact-structures.com\\\/\",\"name\":\"ERNSTSON CLAUDIN ESTRUCTURAS DE IMPACTO - CR\u00c1TERES METEOR\u00cdTICOS\",\"description\":\"Investigaci\u00f3n sobre la geolog\u00eda, geof\u00edsica, y petrolog\u00eda\",\"potentialAction\":[{\"@type\":\"SearchAction\",\"target\":{\"@type\":\"EntryPoint\",\"urlTemplate\":\"http:\\\/\\\/estructuras-de-impacto.impact-structures.com\\\/?s={search_term_string}\"},\"query-input\":{\"@type\":\"PropertyValueSpecification\",\"valueRequired\":true,\"valueName\":\"search_term_string\"}}],\"inLanguage\":\"es\"}]}<\/script>\n<!-- \/ Yoast SEO plugin. -->","yoast_head_json":{"title":"Estudios geomagn\u00e9ticos  - ERNSTSON CLAUDIN ESTRUCTURAS DE IMPACTO - CR\u00c1TERES METEOR\u00cdTICOS","robots":{"index":"index","follow":"follow","max-snippet":"max-snippet:-1","max-image-preview":"max-image-preview:large","max-video-preview":"max-video-preview:-1"},"canonical":"http:\/\/estructuras-de-impacto.impact-structures.com\/?page_id=1414","og_locale":"es_ES","og_type":"article","og_title":"Estudios geomagn\u00e9ticos  - ERNSTSON CLAUDIN ESTRUCTURAS DE IMPACTO - CR\u00c1TERES METEOR\u00cdTICOS","og_description":"La huella geomagn\u00e9tica de las estructuras de impacto puede ser incluso mas compleja que la gravim\u00e9trica. Hay tres procesos b\u00e1sicos que dan lugar a anomal\u00edas magn\u00e9ticas tanto en el interior como en los alrededores de las estructuras de impacto: \u00a0&#8212; formaci\u00f3n y deposici\u00f3n de rocas de impacto magnetizadas (impactitas) tales como rocas de fundido de &hellip; Continuar leyendo \"Estudios geomagn\u00e9ticos\"","og_url":"http:\/\/estructuras-de-impacto.impact-structures.com\/?page_id=1414","og_site_name":"ERNSTSON CLAUDIN ESTRUCTURAS DE IMPACTO - CR\u00c1TERES METEOR\u00cdTICOS","article_modified_time":"2012-07-14T13:57:33+00:00","og_image":[{"url":"http:\/\/impacto.impact-structures.com\/wp-content\/uploads\/2011\/12\/magnetik-ries.jpg","type":"","width":"","height":""}],"twitter_card":"summary_large_image","twitter_misc":{"Tiempo de lectura":"4 minutos"},"schema":{"@context":"https:\/\/schema.org","@graph":[{"@type":"WebPage","@id":"http:\/\/estructuras-de-impacto.impact-structures.com\/?page_id=1414","url":"http:\/\/estructuras-de-impacto.impact-structures.com\/?page_id=1414","name":"Estudios geomagn\u00e9ticos - ERNSTSON CLAUDIN ESTRUCTURAS DE IMPACTO - CR\u00c1TERES METEOR\u00cdTICOS","isPartOf":{"@id":"http:\/\/estructuras-de-impacto.impact-structures.com\/#website"},"primaryImageOfPage":{"@id":"http:\/\/estructuras-de-impacto.impact-structures.com\/?page_id=1414#primaryimage"},"image":{"@id":"http:\/\/estructuras-de-impacto.impact-structures.com\/?page_id=1414#primaryimage"},"thumbnailUrl":"http:\/\/impacto.impact-structures.com\/wp-content\/uploads\/2011\/12\/magnetik-ries.jpg","datePublished":"2011-12-02T16:40:12+00:00","dateModified":"2012-07-14T13:57:33+00:00","breadcrumb":{"@id":"http:\/\/estructuras-de-impacto.impact-structures.com\/?page_id=1414#breadcrumb"},"inLanguage":"es","potentialAction":[{"@type":"ReadAction","target":["http:\/\/estructuras-de-impacto.impact-structures.com\/?page_id=1414"]}]},{"@type":"ImageObject","inLanguage":"es","@id":"http:\/\/estructuras-de-impacto.impact-structures.com\/?page_id=1414#primaryimage","url":"http:\/\/impacto.impact-structures.com\/wp-content\/uploads\/2011\/12\/magnetik-ries.jpg","contentUrl":"http:\/\/impacto.impact-structures.com\/wp-content\/uploads\/2011\/12\/magnetik-ries.jpg"},{"@type":"BreadcrumbList","@id":"http:\/\/estructuras-de-impacto.impact-structures.com\/?page_id=1414#breadcrumb","itemListElement":[{"@type":"ListItem","position":1,"name":"Portada","item":"http:\/\/estructuras-de-impacto.impact-structures.com\/"},{"@type":"ListItem","position":2,"name":"Geof\u00edsica de las estructuras de impacto","item":"http:\/\/estructuras-de-impacto.impact-structures.com\/?page_id=24"},{"@type":"ListItem","position":3,"name":"Estudios geomagn\u00e9ticos"}]},{"@type":"WebSite","@id":"http:\/\/estructuras-de-impacto.impact-structures.com\/#website","url":"http:\/\/estructuras-de-impacto.impact-structures.com\/","name":"ERNSTSON CLAUDIN ESTRUCTURAS DE IMPACTO - CR\u00c1TERES METEOR\u00cdTICOS","description":"Investigaci\u00f3n sobre la geolog\u00eda, geof\u00edsica, y petrolog\u00eda","potentialAction":[{"@type":"SearchAction","target":{"@type":"EntryPoint","urlTemplate":"http:\/\/estructuras-de-impacto.impact-structures.com\/?s={search_term_string}"},"query-input":{"@type":"PropertyValueSpecification","valueRequired":true,"valueName":"search_term_string"}}],"inLanguage":"es"}]}},"_links":{"self":[{"href":"http:\/\/estructuras-de-impacto.impact-structures.com\/index.php?rest_route=\/wp\/v2\/pages\/1414","targetHints":{"allow":["GET"]}}],"collection":[{"href":"http:\/\/estructuras-de-impacto.impact-structures.com\/index.php?rest_route=\/wp\/v2\/pages"}],"about":[{"href":"http:\/\/estructuras-de-impacto.impact-structures.com\/index.php?rest_route=\/wp\/v2\/types\/page"}],"author":[{"embeddable":true,"href":"http:\/\/estructuras-de-impacto.impact-structures.com\/index.php?rest_route=\/wp\/v2\/users\/1"}],"replies":[{"embeddable":true,"href":"http:\/\/estructuras-de-impacto.impact-structures.com\/index.php?rest_route=%2Fwp%2Fv2%2Fcomments&post=1414"}],"version-history":[{"count":0,"href":"http:\/\/estructuras-de-impacto.impact-structures.com\/index.php?rest_route=\/wp\/v2\/pages\/1414\/revisions"}],"up":[{"embeddable":true,"href":"http:\/\/estructuras-de-impacto.impact-structures.com\/index.php?rest_route=\/wp\/v2\/pages\/24"}],"wp:attachment":[{"href":"http:\/\/estructuras-de-impacto.impact-structures.com\/index.php?rest_route=%2Fwp%2Fv2%2Fmedia&parent=1414"}],"curies":[{"name":"wp","href":"https:\/\/api.w.org\/{rel}","templated":true}]}}