{"id":1412,"date":"2011-12-02T16:36:19","date_gmt":"2011-12-02T16:36:19","guid":{"rendered":"http:\/\/cms.impact-structures.com\/?page_id=210"},"modified":"2012-03-11T14:50:08","modified_gmt":"2012-03-11T14:50:08","slug":"shatter-cones-azuara-structure-rubielos-de-la-cerida-impact-basin","status":"publish","type":"page","link":"http:\/\/estructuras-de-impacto.impact-structures.com\/?page_id=1412","title":{"rendered":"Conos astillados &#8211; Azuara y Rubielos de la C\u00e9rida (Espa\u00f1a)"},"content":{"rendered":"<h3><span style=\"font-family: 'Trebuchet MS', Helvetica, Geneva, Swiss, SunSans-Regular;\">Conos astillados procedentes de laS estructuraS de impacto de Azuara Y RUBIELOS DE LA C\u00c9RIDA (Espa\u00f1a)<\/span><\/h3>\n<h2><span style=\"font-family: 'Trebuchet MS', Helvetica, Geneva, Swiss, SunSans-Regular;\">Azuara<\/span><\/h2>\n<p>A causa del espesor de los sedimentos post-impacto presentes en la parte interna de la estructura de Azuara, la localizaci\u00f3n de conos astillados queda restringida a los sedimentos presentes en la zona del borde. En esta zona, la onda de choque ya se hab\u00eda debilitado alcanzando los valores l\u00edmite inferiores para la generaci\u00f3n de conos astillados. Por tanto, no es sorprendente que los conos astillados sean hallados rara vez y que las fracturas c\u00f3nicas a menudo muestren \u00fanicamente estructuras difusas en forma de cola de caballo.<\/p>\n<p><a href=\"http:\/\/impacto.impact-structures.com\/wp-content\/uploads\/2011\/12\/shatter-azuara-1.jpg\" target=\"_blank\"><img loading=\"lazy\" decoding=\"async\" class=\"alignnone size-medium wp-image-1923\" title=\"shatter azuara 1\" src=\"http:\/\/impacto.impact-structures.com\/wp-content\/uploads\/2011\/12\/shatter-azuara-1-300x205.jpg\" alt=\"\" width=\"300\" height=\"205\" srcset=\"http:\/\/estructuras-de-impacto.impact-structures.com\/wp-content\/uploads\/2011\/12\/shatter-azuara-1-300x205.jpg 300w, http:\/\/estructuras-de-impacto.impact-structures.com\/wp-content\/uploads\/2011\/12\/shatter-azuara-1-438x300.jpg 438w, http:\/\/estructuras-de-impacto.impact-structures.com\/wp-content\/uploads\/2011\/12\/shatter-azuara-1.jpg 639w\" sizes=\"auto, (max-width: 300px) 85vw, 300px\" \/><\/a><\/p>\n<p>Fig. 1.<span class=\"Apple-style-span\" style=\"font-family: 'Trebuchet MS', Helvetica, Geneva, Swiss, SunSans-Regular;\">Conos astillados procedentes de la estructura de impacto de Azuara (Espa\u00f1a), desarrollados en una caliza Jur\u00e1sica. El esp\u00e9cimen de color oscuro es un molde de silicona obtenido a partir de un negativo de cono astillado.<\/span><\/p>\n<p><a href=\"http:\/\/impacto.impact-structures.com\/wp-content\/uploads\/2011\/12\/shatter-azuara-21.jpg\" target=\"_blank\"><img loading=\"lazy\" decoding=\"async\" class=\"alignnone size-medium wp-image-1925\" title=\"shatter azuara 2\" src=\"http:\/\/impacto.impact-structures.com\/wp-content\/uploads\/2011\/12\/shatter-azuara-21-300x226.jpg\" alt=\"\" width=\"300\" height=\"226\" srcset=\"http:\/\/estructuras-de-impacto.impact-structures.com\/wp-content\/uploads\/2011\/12\/shatter-azuara-21-300x226.jpg 300w, http:\/\/estructuras-de-impacto.impact-structures.com\/wp-content\/uploads\/2011\/12\/shatter-azuara-21-396x300.jpg 396w, http:\/\/estructuras-de-impacto.impact-structures.com\/wp-content\/uploads\/2011\/12\/shatter-azuara-21.jpg 423w\" sizes=\"auto, (max-width: 300px) 85vw, 300px\" \/><\/a><\/p>\n<p>Fig. 2.\u00a0Astillamiento c\u00f3nico difuso en una caliza del Jur\u00e1sico, procedente de la estructura de impacto de Azuara. Fotograf\u00eda cedida por cortes\u00eda de Tanja Katschorek.<\/p>\n<p><a href=\"http:\/\/impacto.impact-structures.com\/wp-content\/uploads\/2011\/12\/shatter-azuara-3a.jpg\" target=\"_blank\"><img loading=\"lazy\" decoding=\"async\" class=\"alignnone size-medium wp-image-1926\" title=\"shatter azuara 3a\" src=\"http:\/\/impacto.impact-structures.com\/wp-content\/uploads\/2011\/12\/shatter-azuara-3a-300x180.jpg\" alt=\"\" width=\"300\" height=\"180\" srcset=\"http:\/\/estructuras-de-impacto.impact-structures.com\/wp-content\/uploads\/2011\/12\/shatter-azuara-3a-300x180.jpg 300w, http:\/\/estructuras-de-impacto.impact-structures.com\/wp-content\/uploads\/2011\/12\/shatter-azuara-3a-500x300.jpg 500w, http:\/\/estructuras-de-impacto.impact-structures.com\/wp-content\/uploads\/2011\/12\/shatter-azuara-3a.jpg 640w\" sizes=\"auto, (max-width: 300px) 85vw, 300px\" \/><\/a><a href=\"http:\/\/impacto.impact-structures.com\/wp-content\/uploads\/2011\/12\/shatter-azuara-3b.jpg\" target=\"_blank\"><img loading=\"lazy\" decoding=\"async\" class=\"alignnone size-medium wp-image-1927\" title=\"shatter azuara 3b\" src=\"http:\/\/impacto.impact-structures.com\/wp-content\/uploads\/2011\/12\/shatter-azuara-3b-300x192.jpg\" alt=\"\" width=\"300\" height=\"192\" srcset=\"http:\/\/estructuras-de-impacto.impact-structures.com\/wp-content\/uploads\/2011\/12\/shatter-azuara-3b-300x192.jpg 300w, http:\/\/estructuras-de-impacto.impact-structures.com\/wp-content\/uploads\/2011\/12\/shatter-azuara-3b-466x300.jpg 466w, http:\/\/estructuras-de-impacto.impact-structures.com\/wp-content\/uploads\/2011\/12\/shatter-azuara-3b.jpg 641w\" sizes=\"auto, (max-width: 300px) 85vw, 300px\" \/><\/a><\/p>\n<p>Fig. 4.\u00a0Astillamiento c\u00f3nico en una caliza del Jur\u00e1sico, procedente de la estructura de impacto de Azuara. Visi\u00f3n frontal y posterior de la muestra. Fotograf\u00edas por cortes\u00eda de H. M\u00fcller.<\/p>\n<p><a href=\"http:\/\/impacto.impact-structures.com\/wp-content\/uploads\/2011\/12\/shatter-azuara-stereo.jpg\" target=\"_blank\"><img loading=\"lazy\" decoding=\"async\" class=\"alignnone size-full wp-image-1928\" title=\"shatter azuara stereo\" src=\"http:\/\/impacto.impact-structures.com\/wp-content\/uploads\/2011\/12\/shatter-azuara-stereo.jpg\" alt=\"\" width=\"440\" height=\"324\" srcset=\"http:\/\/estructuras-de-impacto.impact-structures.com\/wp-content\/uploads\/2011\/12\/shatter-azuara-stereo.jpg 440w, http:\/\/estructuras-de-impacto.impact-structures.com\/wp-content\/uploads\/2011\/12\/shatter-azuara-stereo-300x220.jpg 300w, http:\/\/estructuras-de-impacto.impact-structures.com\/wp-content\/uploads\/2011\/12\/shatter-azuara-stereo-407x300.jpg 407w\" sizes=\"auto, (max-width: 440px) 85vw, 440px\" \/><\/a><\/p>\n<p>Fig. 5.\u00a0Imagen estereosc\u00f3pica de un cono astillado desarrollado en una caliza del Jur\u00e1sico (procedente de la estructura de impacto de Azuara). Fotograf\u00eda por cortes\u00eda de G. Mayer.<\/p>\n<p>&nbsp;<\/p>\n<h2>Rubielos de la C\u00e9rida<\/h2>\n<p><span style=\"font-family: 'Trebuchet MS', Helvetica, Geneva, Swiss, SunSans-Regular;\">Aunque en la estructura de Rubielos de la C\u00e9rida las rocas competentes se hallan ampliamente distribuidas y expuestas de manera especial en la zona del levantamiento central, \u00fanicamente pocos especimenes de conos astillados han sido hallados. Esta circunstancia se debe principalmente a las limitadas condiciones de los afloramientos (los afloramientos de rocas \u201efrescas\u201c son raros) y a la ausencia de una cartograf\u00eda detallada.\u00a0<\/span><\/p>\n<p><img loading=\"lazy\" decoding=\"async\" style=\"padding-top: 0px; padding-right: 10px; padding-bottom: 0px; padding-left: 0px; border-style: initial; border-color: initial; float: left; border-width: 0px; margin: 0px;\" src=\"http:\/\/www.impact-structures.com\/shattercone\/azuara_rubielos\/image012.gif\" alt=\"Image012\" width=\"287\" height=\"210\" \/><\/p>\n<p>&nbsp;<\/p>\n<p>&nbsp;<\/p>\n<p>&nbsp;<\/p>\n<p>&nbsp;<\/p>\n<p>&nbsp;<\/p>\n<p>Fig. 6.\u00a0Astillamiento c\u00f3nico procedente de la estructura de impacto de Rubielos de la C\u00e9rida, desarrollado en una caliza Jur\u00e1sica del levantamiento central.<\/p>\n<p><img loading=\"lazy\" decoding=\"async\" style=\"padding-top: 0px; padding-right: 10px; padding-bottom: 0px; padding-left: 0px; border-style: initial; border-color: initial; float: left; border-width: 0px; margin: 0px;\" src=\"http:\/\/www.impact-structures.com\/shattercone\/azuara_rubielos\/image014.gif\" alt=\"Image014\" width=\"293\" height=\"221\" \/><\/p>\n<p>&nbsp;<\/p>\n<p>&nbsp;<\/p>\n<p>&nbsp;<\/p>\n<p>&nbsp;<\/p>\n<p>&nbsp;<\/p>\n<p>Fig. 7.\u00a0Cono astillado que \u00fanicamente muestra marcas difusas en forma de cola de caballo, procedente de la estructura de impacto de Rubielos de la C\u00e9rida; desarrollado en una caliza Jur\u00e1sica de la zona del levantamiento central.<\/p>\n<p><img loading=\"lazy\" decoding=\"async\" style=\"padding-top: 0px; padding-right: 10px; padding-bottom: 0px; padding-left: 0px; border-style: initial; border-color: initial; float: left; border-width: 0px; margin: 0px;\" src=\"http:\/\/www.impact-structures.com\/shattercone\/azuara_rubielos\/image016.gif\" alt=\"Image016\" width=\"293\" height=\"220\" \/><\/p>\n<p>&nbsp;<\/p>\n<p>&nbsp;<\/p>\n<p>&nbsp;<\/p>\n<p>&nbsp;<\/p>\n<p>&nbsp;<\/p>\n<p><span style=\"color: #ff0000;\">Fig. 8. Shatter cones in Cambrian siltstones; near Olalla at the northern basin rim. Note the conical fracture surface and the typical horse-tail fracture markings. The joint surface in the base displays faint plumose fracture markings not to be confused with shatter cones. Sample from collection P. Bockstaller.<\/span><\/p>\n<p><a href=\"http:\/\/impacto.impact-structures.com\/wp-content\/uploads\/2011\/12\/shatter-rub-1.jpg\" target=\"_blank\"><img loading=\"lazy\" decoding=\"async\" class=\"alignnone size-medium wp-image-1929\" title=\"shatter rub 1\" src=\"http:\/\/impacto.impact-structures.com\/wp-content\/uploads\/2011\/12\/shatter-rub-1-300x237.jpg\" alt=\"\" width=\"300\" height=\"237\" srcset=\"http:\/\/estructuras-de-impacto.impact-structures.com\/wp-content\/uploads\/2011\/12\/shatter-rub-1-300x237.jpg 300w, http:\/\/estructuras-de-impacto.impact-structures.com\/wp-content\/uploads\/2011\/12\/shatter-rub-1-378x300.jpg 378w, http:\/\/estructuras-de-impacto.impact-structures.com\/wp-content\/uploads\/2011\/12\/shatter-rub-1.jpg 545w\" sizes=\"auto, (max-width: 300px) 85vw, 300px\" \/><\/a><\/p>\n<p><span style=\"color: #ff0000;\">Fig. 9. More shatter cones in Cambrian siltstones. 10 cm scale bar.<\/span><\/p>\n","protected":false},"excerpt":{"rendered":"<p>Conos astillados procedentes de laS estructuraS de impacto de Azuara Y RUBIELOS DE LA C\u00c9RIDA (Espa\u00f1a) Azuara A causa del espesor de los sedimentos post-impacto presentes en la parte interna de la estructura de Azuara, la localizaci\u00f3n de conos astillados queda restringida a los sedimentos presentes en la zona del borde. En esta zona, la &hellip; <a href=\"http:\/\/estructuras-de-impacto.impact-structures.com\/?page_id=1412\" class=\"more-link\">Continuar leyendo<span class=\"screen-reader-text\"> \u00abConos astillados &#8211; Azuara y Rubielos de la C\u00e9rida (Espa\u00f1a)\u00bb<\/span><\/a><\/p>\n","protected":false},"author":1,"featured_media":0,"parent":1408,"menu_order":0,"comment_status":"closed","ping_status":"closed","template":"sidebar-page.php","meta":{"footnotes":""},"class_list":["post-1412","page","type-page","status-publish","hentry"],"yoast_head":"<!-- This site is optimized with the Yoast SEO plugin v27.3 - https:\/\/yoast.com\/product\/yoast-seo-wordpress\/ -->\n<title>Conos astillados - Azuara y Rubielos de la C\u00e9rida (Espa\u00f1a)  - ERNSTSON CLAUDIN ESTRUCTURAS DE IMPACTO - CR\u00c1TERES METEOR\u00cdTICOS<\/title>\n<meta name=\"robots\" content=\"index, follow, max-snippet:-1, max-image-preview:large, max-video-preview:-1\" \/>\n<link rel=\"canonical\" href=\"http:\/\/estructuras-de-impacto.impact-structures.com\/?page_id=1412\" \/>\n<meta property=\"og:locale\" content=\"es_ES\" \/>\n<meta property=\"og:type\" content=\"article\" \/>\n<meta property=\"og:title\" content=\"Conos astillados - Azuara y Rubielos de la C\u00e9rida (Espa\u00f1a)  - ERNSTSON CLAUDIN ESTRUCTURAS DE IMPACTO - CR\u00c1TERES METEOR\u00cdTICOS\" \/>\n<meta property=\"og:description\" content=\"Conos astillados procedentes de laS estructuraS de impacto de Azuara Y RUBIELOS DE LA C\u00c9RIDA (Espa\u00f1a) Azuara A causa del espesor de los sedimentos post-impacto presentes en la parte interna de la estructura de Azuara, la localizaci\u00f3n de conos astillados queda restringida a los sedimentos presentes en la zona del borde. En esta zona, la &hellip; Continuar leyendo &quot;Conos astillados &#8211; Azuara y Rubielos de la C\u00e9rida (Espa\u00f1a)&quot;\" \/>\n<meta property=\"og:url\" content=\"http:\/\/estructuras-de-impacto.impact-structures.com\/?page_id=1412\" \/>\n<meta property=\"og:site_name\" content=\"ERNSTSON CLAUDIN ESTRUCTURAS DE IMPACTO - CR\u00c1TERES METEOR\u00cdTICOS\" \/>\n<meta property=\"article:modified_time\" content=\"2012-03-11T14:50:08+00:00\" \/>\n<meta property=\"og:image\" content=\"http:\/\/impacto.impact-structures.com\/wp-content\/uploads\/2011\/12\/shatter-azuara-1-300x205.jpg\" \/>\n<meta name=\"twitter:card\" content=\"summary_large_image\" \/>\n<meta name=\"twitter:label1\" content=\"Tiempo de lectura\" \/>\n\t<meta name=\"twitter:data1\" content=\"2 minutos\" \/>\n<script type=\"application\/ld+json\" class=\"yoast-schema-graph\">{\"@context\":\"https:\\\/\\\/schema.org\",\"@graph\":[{\"@type\":\"WebPage\",\"@id\":\"http:\\\/\\\/estructuras-de-impacto.impact-structures.com\\\/?page_id=1412\",\"url\":\"http:\\\/\\\/estructuras-de-impacto.impact-structures.com\\\/?page_id=1412\",\"name\":\"Conos astillados - Azuara y Rubielos de la C\u00e9rida (Espa\u00f1a) - ERNSTSON CLAUDIN ESTRUCTURAS DE IMPACTO - CR\u00c1TERES METEOR\u00cdTICOS\",\"isPartOf\":{\"@id\":\"http:\\\/\\\/estructuras-de-impacto.impact-structures.com\\\/#website\"},\"primaryImageOfPage\":{\"@id\":\"http:\\\/\\\/estructuras-de-impacto.impact-structures.com\\\/?page_id=1412#primaryimage\"},\"image\":{\"@id\":\"http:\\\/\\\/estructuras-de-impacto.impact-structures.com\\\/?page_id=1412#primaryimage\"},\"thumbnailUrl\":\"http:\\\/\\\/impacto.impact-structures.com\\\/wp-content\\\/uploads\\\/2011\\\/12\\\/shatter-azuara-1-300x205.jpg\",\"datePublished\":\"2011-12-02T16:36:19+00:00\",\"dateModified\":\"2012-03-11T14:50:08+00:00\",\"breadcrumb\":{\"@id\":\"http:\\\/\\\/estructuras-de-impacto.impact-structures.com\\\/?page_id=1412#breadcrumb\"},\"inLanguage\":\"es\",\"potentialAction\":[{\"@type\":\"ReadAction\",\"target\":[\"http:\\\/\\\/estructuras-de-impacto.impact-structures.com\\\/?page_id=1412\"]}]},{\"@type\":\"ImageObject\",\"inLanguage\":\"es\",\"@id\":\"http:\\\/\\\/estructuras-de-impacto.impact-structures.com\\\/?page_id=1412#primaryimage\",\"url\":\"http:\\\/\\\/impacto.impact-structures.com\\\/wp-content\\\/uploads\\\/2011\\\/12\\\/shatter-azuara-1-300x205.jpg\",\"contentUrl\":\"http:\\\/\\\/impacto.impact-structures.com\\\/wp-content\\\/uploads\\\/2011\\\/12\\\/shatter-azuara-1-300x205.jpg\"},{\"@type\":\"BreadcrumbList\",\"@id\":\"http:\\\/\\\/estructuras-de-impacto.impact-structures.com\\\/?page_id=1412#breadcrumb\",\"itemListElement\":[{\"@type\":\"ListItem\",\"position\":1,\"name\":\"Portada\",\"item\":\"http:\\\/\\\/estructuras-de-impacto.impact-structures.com\\\/\"},{\"@type\":\"ListItem\",\"position\":2,\"name\":\"Rocas de impacto \u2013 impactitas\",\"item\":\"http:\\\/\\\/estructuras-de-impacto.impact-structures.com\\\/?page_id=13\"},{\"@type\":\"ListItem\",\"position\":3,\"name\":\"P\u00e1gina sobre conos astillados\",\"item\":\"http:\\\/\\\/estructuras-de-impacto.impact-structures.com\\\/?page_id=1408\"},{\"@type\":\"ListItem\",\"position\":4,\"name\":\"Conos astillados &#8211; Azuara y Rubielos de la C\u00e9rida (Espa\u00f1a)\"}]},{\"@type\":\"WebSite\",\"@id\":\"http:\\\/\\\/estructuras-de-impacto.impact-structures.com\\\/#website\",\"url\":\"http:\\\/\\\/estructuras-de-impacto.impact-structures.com\\\/\",\"name\":\"ERNSTSON CLAUDIN ESTRUCTURAS DE IMPACTO - CR\u00c1TERES METEOR\u00cdTICOS\",\"description\":\"Investigaci\u00f3n sobre la geolog\u00eda, geof\u00edsica, y petrolog\u00eda\",\"potentialAction\":[{\"@type\":\"SearchAction\",\"target\":{\"@type\":\"EntryPoint\",\"urlTemplate\":\"http:\\\/\\\/estructuras-de-impacto.impact-structures.com\\\/?s={search_term_string}\"},\"query-input\":{\"@type\":\"PropertyValueSpecification\",\"valueRequired\":true,\"valueName\":\"search_term_string\"}}],\"inLanguage\":\"es\"}]}<\/script>\n<!-- \/ Yoast SEO plugin. -->","yoast_head_json":{"title":"Conos astillados - Azuara y Rubielos de la C\u00e9rida (Espa\u00f1a)  - ERNSTSON CLAUDIN ESTRUCTURAS DE IMPACTO - CR\u00c1TERES METEOR\u00cdTICOS","robots":{"index":"index","follow":"follow","max-snippet":"max-snippet:-1","max-image-preview":"max-image-preview:large","max-video-preview":"max-video-preview:-1"},"canonical":"http:\/\/estructuras-de-impacto.impact-structures.com\/?page_id=1412","og_locale":"es_ES","og_type":"article","og_title":"Conos astillados - Azuara y Rubielos de la C\u00e9rida (Espa\u00f1a)  - ERNSTSON CLAUDIN ESTRUCTURAS DE IMPACTO - CR\u00c1TERES METEOR\u00cdTICOS","og_description":"Conos astillados procedentes de laS estructuraS de impacto de Azuara Y RUBIELOS DE LA C\u00c9RIDA (Espa\u00f1a) Azuara A causa del espesor de los sedimentos post-impacto presentes en la parte interna de la estructura de Azuara, la localizaci\u00f3n de conos astillados queda restringida a los sedimentos presentes en la zona del borde. En esta zona, la &hellip; Continuar leyendo \"Conos astillados &#8211; Azuara y Rubielos de la C\u00e9rida (Espa\u00f1a)\"","og_url":"http:\/\/estructuras-de-impacto.impact-structures.com\/?page_id=1412","og_site_name":"ERNSTSON CLAUDIN ESTRUCTURAS DE IMPACTO - CR\u00c1TERES METEOR\u00cdTICOS","article_modified_time":"2012-03-11T14:50:08+00:00","og_image":[{"url":"http:\/\/impacto.impact-structures.com\/wp-content\/uploads\/2011\/12\/shatter-azuara-1-300x205.jpg","type":"","width":"","height":""}],"twitter_card":"summary_large_image","twitter_misc":{"Tiempo de lectura":"2 minutos"},"schema":{"@context":"https:\/\/schema.org","@graph":[{"@type":"WebPage","@id":"http:\/\/estructuras-de-impacto.impact-structures.com\/?page_id=1412","url":"http:\/\/estructuras-de-impacto.impact-structures.com\/?page_id=1412","name":"Conos astillados - Azuara y Rubielos de la C\u00e9rida (Espa\u00f1a) - ERNSTSON CLAUDIN ESTRUCTURAS DE IMPACTO - CR\u00c1TERES METEOR\u00cdTICOS","isPartOf":{"@id":"http:\/\/estructuras-de-impacto.impact-structures.com\/#website"},"primaryImageOfPage":{"@id":"http:\/\/estructuras-de-impacto.impact-structures.com\/?page_id=1412#primaryimage"},"image":{"@id":"http:\/\/estructuras-de-impacto.impact-structures.com\/?page_id=1412#primaryimage"},"thumbnailUrl":"http:\/\/impacto.impact-structures.com\/wp-content\/uploads\/2011\/12\/shatter-azuara-1-300x205.jpg","datePublished":"2011-12-02T16:36:19+00:00","dateModified":"2012-03-11T14:50:08+00:00","breadcrumb":{"@id":"http:\/\/estructuras-de-impacto.impact-structures.com\/?page_id=1412#breadcrumb"},"inLanguage":"es","potentialAction":[{"@type":"ReadAction","target":["http:\/\/estructuras-de-impacto.impact-structures.com\/?page_id=1412"]}]},{"@type":"ImageObject","inLanguage":"es","@id":"http:\/\/estructuras-de-impacto.impact-structures.com\/?page_id=1412#primaryimage","url":"http:\/\/impacto.impact-structures.com\/wp-content\/uploads\/2011\/12\/shatter-azuara-1-300x205.jpg","contentUrl":"http:\/\/impacto.impact-structures.com\/wp-content\/uploads\/2011\/12\/shatter-azuara-1-300x205.jpg"},{"@type":"BreadcrumbList","@id":"http:\/\/estructuras-de-impacto.impact-structures.com\/?page_id=1412#breadcrumb","itemListElement":[{"@type":"ListItem","position":1,"name":"Portada","item":"http:\/\/estructuras-de-impacto.impact-structures.com\/"},{"@type":"ListItem","position":2,"name":"Rocas de impacto \u2013 impactitas","item":"http:\/\/estructuras-de-impacto.impact-structures.com\/?page_id=13"},{"@type":"ListItem","position":3,"name":"P\u00e1gina sobre conos astillados","item":"http:\/\/estructuras-de-impacto.impact-structures.com\/?page_id=1408"},{"@type":"ListItem","position":4,"name":"Conos astillados &#8211; Azuara y Rubielos de la C\u00e9rida (Espa\u00f1a)"}]},{"@type":"WebSite","@id":"http:\/\/estructuras-de-impacto.impact-structures.com\/#website","url":"http:\/\/estructuras-de-impacto.impact-structures.com\/","name":"ERNSTSON CLAUDIN ESTRUCTURAS DE IMPACTO - CR\u00c1TERES METEOR\u00cdTICOS","description":"Investigaci\u00f3n sobre la geolog\u00eda, geof\u00edsica, y petrolog\u00eda","potentialAction":[{"@type":"SearchAction","target":{"@type":"EntryPoint","urlTemplate":"http:\/\/estructuras-de-impacto.impact-structures.com\/?s={search_term_string}"},"query-input":{"@type":"PropertyValueSpecification","valueRequired":true,"valueName":"search_term_string"}}],"inLanguage":"es"}]}},"_links":{"self":[{"href":"http:\/\/estructuras-de-impacto.impact-structures.com\/index.php?rest_route=\/wp\/v2\/pages\/1412","targetHints":{"allow":["GET"]}}],"collection":[{"href":"http:\/\/estructuras-de-impacto.impact-structures.com\/index.php?rest_route=\/wp\/v2\/pages"}],"about":[{"href":"http:\/\/estructuras-de-impacto.impact-structures.com\/index.php?rest_route=\/wp\/v2\/types\/page"}],"author":[{"embeddable":true,"href":"http:\/\/estructuras-de-impacto.impact-structures.com\/index.php?rest_route=\/wp\/v2\/users\/1"}],"replies":[{"embeddable":true,"href":"http:\/\/estructuras-de-impacto.impact-structures.com\/index.php?rest_route=%2Fwp%2Fv2%2Fcomments&post=1412"}],"version-history":[{"count":0,"href":"http:\/\/estructuras-de-impacto.impact-structures.com\/index.php?rest_route=\/wp\/v2\/pages\/1412\/revisions"}],"up":[{"embeddable":true,"href":"http:\/\/estructuras-de-impacto.impact-structures.com\/index.php?rest_route=\/wp\/v2\/pages\/1408"}],"wp:attachment":[{"href":"http:\/\/estructuras-de-impacto.impact-structures.com\/index.php?rest_route=%2Fwp%2Fv2%2Fmedia&parent=1412"}],"curies":[{"name":"wp","href":"https:\/\/api.w.org\/{rel}","templated":true}]}}