{"id":1411,"date":"2011-12-02T16:32:20","date_gmt":"2011-12-02T16:32:20","guid":{"rendered":"http:\/\/cms.impact-structures.com\/?page_id=202"},"modified":"2012-06-06T13:36:56","modified_gmt":"2012-06-06T13:36:56","slug":"suevite-or-suevite-breccia","status":"publish","type":"page","link":"http:\/\/estructuras-de-impacto.impact-structures.com\/?page_id=1411","title":{"rendered":"Suevita (o brecha suev\u00edtica)"},"content":{"rendered":"<p>Una brecha suev\u00edtica es una brecha de impacto polim\u00edctica con una matriz cl\u00e1stica que contiene tanto clastos afectados por choque como no afectados y part\u00edculas cogen\u00e9ticas de fundido (v\u00edtreas o cristalizadas).<\/p>\n<p><a href=\"http:\/\/impacto.impact-structures.com\/wp-content\/uploads\/2011\/12\/montoume-suevit.jpg\" target=\"_blank\"><img loading=\"lazy\" decoding=\"async\" class=\"alignnone size-medium wp-image-1875\" title=\"montoume suevit\" src=\"http:\/\/impacto.impact-structures.com\/wp-content\/uploads\/2011\/12\/montoume-suevit-300x229.jpg\" alt=\"\" width=\"300\" height=\"229\" srcset=\"http:\/\/estructuras-de-impacto.impact-structures.com\/wp-content\/uploads\/2011\/12\/montoume-suevit-300x229.jpg 300w, http:\/\/estructuras-de-impacto.impact-structures.com\/wp-content\/uploads\/2011\/12\/montoume-suevit-392x300.jpg 392w, http:\/\/estructuras-de-impacto.impact-structures.com\/wp-content\/uploads\/2011\/12\/montoume-suevit.jpg 400w\" sizes=\"auto, (max-width: 300px) 85vw, 300px\" \/><\/a><\/p>\n<p><a href=\"http:\/\/impacto.impact-structures.com\/wp-content\/uploads\/2011\/12\/chassenon-suevit.jpg\" target=\"_blank\"><img loading=\"lazy\" decoding=\"async\" class=\"alignnone size-medium wp-image-1876\" title=\"chassenon suevit\" src=\"http:\/\/impacto.impact-structures.com\/wp-content\/uploads\/2011\/12\/chassenon-suevit-300x266.jpg\" alt=\"\" width=\"300\" height=\"266\" srcset=\"http:\/\/estructuras-de-impacto.impact-structures.com\/wp-content\/uploads\/2011\/12\/chassenon-suevit-300x266.jpg 300w, http:\/\/estructuras-de-impacto.impact-structures.com\/wp-content\/uploads\/2011\/12\/chassenon-suevit-338x300.jpg 338w, http:\/\/estructuras-de-impacto.impact-structures.com\/wp-content\/uploads\/2011\/12\/chassenon-suevit.jpg 400w\" sizes=\"auto, (max-width: 300px) 85vw, 300px\" \/><\/a><\/p>\n<p>Fig. 1.\u00a0Brechas suev\u00edticas procedentes de la estructura de impacto de Rochechouart (Francia). Variedades rojo Montoume (arriba) y verde Chassenon (debajo).<\/p>\n<p><a href=\"http:\/\/impacto.impact-structures.com\/wp-content\/uploads\/2011\/12\/cucal%C3%B3n-suevit.jpg\" target=\"_blank\"><img loading=\"lazy\" decoding=\"async\" class=\"alignnone size-medium wp-image-1877\" title=\"cucal\u00f3n suevit\" src=\"http:\/\/impacto.impact-structures.com\/wp-content\/uploads\/2011\/12\/cucal\u00f3n-suevit-300x179.jpg\" alt=\"\" width=\"300\" height=\"179\" srcset=\"http:\/\/estructuras-de-impacto.impact-structures.com\/wp-content\/uploads\/2011\/12\/cucal\u00f3n-suevit-300x179.jpg 300w, http:\/\/estructuras-de-impacto.impact-structures.com\/wp-content\/uploads\/2011\/12\/cucal\u00f3n-suevit.jpg 400w\" sizes=\"auto, (max-width: 300px) 85vw, 300px\" \/><\/a><\/p>\n<p>Fig. 2.\u00a0Brecha suev\u00edtica procedente de la estructura de impacto de Azuara (Espa\u00f1a).<\/p>\n<p><img loading=\"lazy\" decoding=\"async\" style=\"padding-top: 0px; padding-right: 10px; padding-bottom: 0px; padding-left: 0px; border-style: initial; border-color: initial; float: left; border-width: 0px; margin: 0px;\" src=\"http:\/\/www.impact-structures.com\/breccia\/suevite\/image006.gif\" alt=\"Image006\" width=\"287\" height=\"205\" \/><\/p>\n<p>&nbsp;<\/p>\n<p>&nbsp;<\/p>\n<p>&nbsp;<\/p>\n<p>&nbsp;<\/p>\n<p>&nbsp;<\/p>\n<p>Fig. 3. Suevite breccia, Brecha suev\u00edtica procedente de la estructura de impacto de Paasselk\u00e4\u00a0(Finlandia).<\/p>\n<p>Una extensa y completa discusi\u00f3n de las brechas suev\u00edticas que incluye algunes im\u00e1genes puede hallarse en la p\u00e0gina especial sobre suevitas: <a href=\"http:\/\/estructuras-de-impacto.impact-structures.com\/?page_id=1406\" target=\"_blank\">\u00a0http:\/\/estructuras-de-impacto.impact-structures.com\/?page_id=1406<\/a><\/p>\n<p>&nbsp;<\/p>\n<h2>No es una brecha de impacto!: roca de fundido de impacto<\/h2>\n<p><a href=\"http:\/\/impacto.impact-structures.com\/wp-content\/uploads\/2011\/12\/granophyr.jpg\" target=\"_blank\"><img loading=\"lazy\" decoding=\"async\" class=\"alignnone size-medium wp-image-1879\" title=\"granophyr\" src=\"http:\/\/impacto.impact-structures.com\/wp-content\/uploads\/2011\/12\/granophyr-300x242.jpg\" alt=\"\" width=\"300\" height=\"242\" srcset=\"http:\/\/estructuras-de-impacto.impact-structures.com\/wp-content\/uploads\/2011\/12\/granophyr-300x242.jpg 300w, http:\/\/estructuras-de-impacto.impact-structures.com\/wp-content\/uploads\/2011\/12\/granophyr-371x300.jpg 371w, http:\/\/estructuras-de-impacto.impact-structures.com\/wp-content\/uploads\/2011\/12\/granophyr.jpg 400w\" sizes=\"auto, (max-width: 300px) 85vw, 300px\" \/><\/a><\/p>\n<p>Fig. 4.\u00a0Roca de fundido de impacto (gran\u00f3firo) procedente de la estructura de impacto de Vredefort (Sudafrica).<\/p>\n<p>Aunque macrosc\u00f3picamente son muy similares a las brechas de impacto polim\u00edcticas, el t\u00e9rmino \u201cbrecha de fundido de impacto\u201d deber\u00eda ser evitado. A diferencia de una brecha, la cual por definici\u00f3n presenta una matriz cl\u00e1stica, una roca de fundido de impacto presenta una matriz solidificada (bien v\u00edtrea o bien cristalina) a partir de un fundido.<\/p>\n<p style=\"margin-top: 0px; margin-right: 0px; margin-bottom: 1em; margin-left: 0px; line-height: 1.5em; padding: 0px;\"><span style=\"color: #ff0000;\"><span style=\"color: #000000;\">Ver tambi\u00e9n:<\/span>\u00a0<a href=\"http:\/\/estructuras-de-impacto.impact-structures.com\/?page_id=110\" target=\"_blank\">http:\/\/estructuras-de-impacto.impact-structures.com\/?page_id=110<\/a><\/span><\/p>\n","protected":false},"excerpt":{"rendered":"<p>Una brecha suev\u00edtica es una brecha de impacto polim\u00edctica con una matriz cl\u00e1stica que contiene tanto clastos afectados por choque como no afectados y part\u00edculas cogen\u00e9ticas de fundido (v\u00edtreas o cristalizadas). Fig. 1.\u00a0Brechas suev\u00edticas procedentes de la estructura de impacto de Rochechouart (Francia). Variedades rojo Montoume (arriba) y verde Chassenon (debajo). Fig. 2.\u00a0Brecha suev\u00edtica procedente &hellip; <a href=\"http:\/\/estructuras-de-impacto.impact-structures.com\/?page_id=1411\" class=\"more-link\">Continuar leyendo<span class=\"screen-reader-text\"> \u00abSuevita (o brecha suev\u00edtica)\u00bb<\/span><\/a><\/p>\n","protected":false},"author":1,"featured_media":0,"parent":1407,"menu_order":0,"comment_status":"closed","ping_status":"closed","template":"sidebar-page.php","meta":{"footnotes":""},"class_list":["post-1411","page","type-page","status-publish","hentry"],"yoast_head":"<!-- This site is optimized with the Yoast SEO plugin v27.3 - https:\/\/yoast.com\/product\/yoast-seo-wordpress\/ -->\n<title>Suevita (o brecha suev\u00edtica)   - ERNSTSON CLAUDIN ESTRUCTURAS DE IMPACTO - CR\u00c1TERES METEOR\u00cdTICOS<\/title>\n<meta name=\"robots\" content=\"index, follow, max-snippet:-1, max-image-preview:large, max-video-preview:-1\" \/>\n<link rel=\"canonical\" href=\"http:\/\/estructuras-de-impacto.impact-structures.com\/?page_id=1411\" \/>\n<meta property=\"og:locale\" content=\"es_ES\" \/>\n<meta property=\"og:type\" content=\"article\" \/>\n<meta property=\"og:title\" content=\"Suevita (o brecha suev\u00edtica)   - ERNSTSON CLAUDIN ESTRUCTURAS DE IMPACTO - CR\u00c1TERES METEOR\u00cdTICOS\" \/>\n<meta property=\"og:description\" content=\"Una brecha suev\u00edtica es una brecha de impacto polim\u00edctica con una matriz cl\u00e1stica que contiene tanto clastos afectados por choque como no afectados y part\u00edculas cogen\u00e9ticas de fundido (v\u00edtreas o cristalizadas). Fig. 1.\u00a0Brechas suev\u00edticas procedentes de la estructura de impacto de Rochechouart (Francia). Variedades rojo Montoume (arriba) y verde Chassenon (debajo). Fig. 2.\u00a0Brecha suev\u00edtica procedente &hellip; Continuar leyendo &quot;Suevita (o brecha suev\u00edtica)&quot;\" \/>\n<meta property=\"og:url\" content=\"http:\/\/estructuras-de-impacto.impact-structures.com\/?page_id=1411\" \/>\n<meta property=\"og:site_name\" content=\"ERNSTSON CLAUDIN ESTRUCTURAS DE IMPACTO - CR\u00c1TERES METEOR\u00cdTICOS\" \/>\n<meta property=\"article:modified_time\" content=\"2012-06-06T13:36:56+00:00\" \/>\n<meta property=\"og:image\" content=\"http:\/\/impacto.impact-structures.com\/wp-content\/uploads\/2011\/12\/montoume-suevit-300x229.jpg\" \/>\n<meta name=\"twitter:card\" content=\"summary_large_image\" \/>\n<meta name=\"twitter:label1\" content=\"Tiempo de lectura\" \/>\n\t<meta name=\"twitter:data1\" content=\"1 minuto\" \/>\n<script type=\"application\/ld+json\" class=\"yoast-schema-graph\">{\"@context\":\"https:\\\/\\\/schema.org\",\"@graph\":[{\"@type\":\"WebPage\",\"@id\":\"http:\\\/\\\/estructuras-de-impacto.impact-structures.com\\\/?page_id=1411\",\"url\":\"http:\\\/\\\/estructuras-de-impacto.impact-structures.com\\\/?page_id=1411\",\"name\":\"Suevita (o brecha suev\u00edtica) - ERNSTSON CLAUDIN ESTRUCTURAS DE IMPACTO - CR\u00c1TERES METEOR\u00cdTICOS\",\"isPartOf\":{\"@id\":\"http:\\\/\\\/estructuras-de-impacto.impact-structures.com\\\/#website\"},\"primaryImageOfPage\":{\"@id\":\"http:\\\/\\\/estructuras-de-impacto.impact-structures.com\\\/?page_id=1411#primaryimage\"},\"image\":{\"@id\":\"http:\\\/\\\/estructuras-de-impacto.impact-structures.com\\\/?page_id=1411#primaryimage\"},\"thumbnailUrl\":\"http:\\\/\\\/impacto.impact-structures.com\\\/wp-content\\\/uploads\\\/2011\\\/12\\\/montoume-suevit-300x229.jpg\",\"datePublished\":\"2011-12-02T16:32:20+00:00\",\"dateModified\":\"2012-06-06T13:36:56+00:00\",\"breadcrumb\":{\"@id\":\"http:\\\/\\\/estructuras-de-impacto.impact-structures.com\\\/?page_id=1411#breadcrumb\"},\"inLanguage\":\"es\",\"potentialAction\":[{\"@type\":\"ReadAction\",\"target\":[\"http:\\\/\\\/estructuras-de-impacto.impact-structures.com\\\/?page_id=1411\"]}]},{\"@type\":\"ImageObject\",\"inLanguage\":\"es\",\"@id\":\"http:\\\/\\\/estructuras-de-impacto.impact-structures.com\\\/?page_id=1411#primaryimage\",\"url\":\"http:\\\/\\\/impacto.impact-structures.com\\\/wp-content\\\/uploads\\\/2011\\\/12\\\/montoume-suevit-300x229.jpg\",\"contentUrl\":\"http:\\\/\\\/impacto.impact-structures.com\\\/wp-content\\\/uploads\\\/2011\\\/12\\\/montoume-suevit-300x229.jpg\"},{\"@type\":\"BreadcrumbList\",\"@id\":\"http:\\\/\\\/estructuras-de-impacto.impact-structures.com\\\/?page_id=1411#breadcrumb\",\"itemListElement\":[{\"@type\":\"ListItem\",\"position\":1,\"name\":\"Portada\",\"item\":\"http:\\\/\\\/estructuras-de-impacto.impact-structures.com\\\/\"},{\"@type\":\"ListItem\",\"position\":2,\"name\":\"Rocas de impacto \u2013 impactitas\",\"item\":\"http:\\\/\\\/estructuras-de-impacto.impact-structures.com\\\/?page_id=13\"},{\"@type\":\"ListItem\",\"position\":3,\"name\":\"P\u00e1gina sobre brechas de impacto\",\"item\":\"http:\\\/\\\/estructuras-de-impacto.impact-structures.com\\\/?page_id=1407\"},{\"@type\":\"ListItem\",\"position\":4,\"name\":\"Suevita (o brecha suev\u00edtica)\"}]},{\"@type\":\"WebSite\",\"@id\":\"http:\\\/\\\/estructuras-de-impacto.impact-structures.com\\\/#website\",\"url\":\"http:\\\/\\\/estructuras-de-impacto.impact-structures.com\\\/\",\"name\":\"ERNSTSON CLAUDIN ESTRUCTURAS DE IMPACTO - CR\u00c1TERES METEOR\u00cdTICOS\",\"description\":\"Investigaci\u00f3n sobre la geolog\u00eda, geof\u00edsica, y petrolog\u00eda\",\"potentialAction\":[{\"@type\":\"SearchAction\",\"target\":{\"@type\":\"EntryPoint\",\"urlTemplate\":\"http:\\\/\\\/estructuras-de-impacto.impact-structures.com\\\/?s={search_term_string}\"},\"query-input\":{\"@type\":\"PropertyValueSpecification\",\"valueRequired\":true,\"valueName\":\"search_term_string\"}}],\"inLanguage\":\"es\"}]}<\/script>\n<!-- \/ Yoast SEO plugin. -->","yoast_head_json":{"title":"Suevita (o brecha suev\u00edtica)   - ERNSTSON CLAUDIN ESTRUCTURAS DE IMPACTO - CR\u00c1TERES METEOR\u00cdTICOS","robots":{"index":"index","follow":"follow","max-snippet":"max-snippet:-1","max-image-preview":"max-image-preview:large","max-video-preview":"max-video-preview:-1"},"canonical":"http:\/\/estructuras-de-impacto.impact-structures.com\/?page_id=1411","og_locale":"es_ES","og_type":"article","og_title":"Suevita (o brecha suev\u00edtica)   - ERNSTSON CLAUDIN ESTRUCTURAS DE IMPACTO - CR\u00c1TERES METEOR\u00cdTICOS","og_description":"Una brecha suev\u00edtica es una brecha de impacto polim\u00edctica con una matriz cl\u00e1stica que contiene tanto clastos afectados por choque como no afectados y part\u00edculas cogen\u00e9ticas de fundido (v\u00edtreas o cristalizadas). Fig. 1.\u00a0Brechas suev\u00edticas procedentes de la estructura de impacto de Rochechouart (Francia). Variedades rojo Montoume (arriba) y verde Chassenon (debajo). Fig. 2.\u00a0Brecha suev\u00edtica procedente &hellip; Continuar leyendo \"Suevita (o brecha suev\u00edtica)\"","og_url":"http:\/\/estructuras-de-impacto.impact-structures.com\/?page_id=1411","og_site_name":"ERNSTSON CLAUDIN ESTRUCTURAS DE IMPACTO - CR\u00c1TERES METEOR\u00cdTICOS","article_modified_time":"2012-06-06T13:36:56+00:00","og_image":[{"url":"http:\/\/impacto.impact-structures.com\/wp-content\/uploads\/2011\/12\/montoume-suevit-300x229.jpg","type":"","width":"","height":""}],"twitter_card":"summary_large_image","twitter_misc":{"Tiempo de lectura":"1 minuto"},"schema":{"@context":"https:\/\/schema.org","@graph":[{"@type":"WebPage","@id":"http:\/\/estructuras-de-impacto.impact-structures.com\/?page_id=1411","url":"http:\/\/estructuras-de-impacto.impact-structures.com\/?page_id=1411","name":"Suevita (o brecha suev\u00edtica) - ERNSTSON CLAUDIN ESTRUCTURAS DE IMPACTO - CR\u00c1TERES METEOR\u00cdTICOS","isPartOf":{"@id":"http:\/\/estructuras-de-impacto.impact-structures.com\/#website"},"primaryImageOfPage":{"@id":"http:\/\/estructuras-de-impacto.impact-structures.com\/?page_id=1411#primaryimage"},"image":{"@id":"http:\/\/estructuras-de-impacto.impact-structures.com\/?page_id=1411#primaryimage"},"thumbnailUrl":"http:\/\/impacto.impact-structures.com\/wp-content\/uploads\/2011\/12\/montoume-suevit-300x229.jpg","datePublished":"2011-12-02T16:32:20+00:00","dateModified":"2012-06-06T13:36:56+00:00","breadcrumb":{"@id":"http:\/\/estructuras-de-impacto.impact-structures.com\/?page_id=1411#breadcrumb"},"inLanguage":"es","potentialAction":[{"@type":"ReadAction","target":["http:\/\/estructuras-de-impacto.impact-structures.com\/?page_id=1411"]}]},{"@type":"ImageObject","inLanguage":"es","@id":"http:\/\/estructuras-de-impacto.impact-structures.com\/?page_id=1411#primaryimage","url":"http:\/\/impacto.impact-structures.com\/wp-content\/uploads\/2011\/12\/montoume-suevit-300x229.jpg","contentUrl":"http:\/\/impacto.impact-structures.com\/wp-content\/uploads\/2011\/12\/montoume-suevit-300x229.jpg"},{"@type":"BreadcrumbList","@id":"http:\/\/estructuras-de-impacto.impact-structures.com\/?page_id=1411#breadcrumb","itemListElement":[{"@type":"ListItem","position":1,"name":"Portada","item":"http:\/\/estructuras-de-impacto.impact-structures.com\/"},{"@type":"ListItem","position":2,"name":"Rocas de impacto \u2013 impactitas","item":"http:\/\/estructuras-de-impacto.impact-structures.com\/?page_id=13"},{"@type":"ListItem","position":3,"name":"P\u00e1gina sobre brechas de impacto","item":"http:\/\/estructuras-de-impacto.impact-structures.com\/?page_id=1407"},{"@type":"ListItem","position":4,"name":"Suevita (o brecha suev\u00edtica)"}]},{"@type":"WebSite","@id":"http:\/\/estructuras-de-impacto.impact-structures.com\/#website","url":"http:\/\/estructuras-de-impacto.impact-structures.com\/","name":"ERNSTSON CLAUDIN ESTRUCTURAS DE IMPACTO - CR\u00c1TERES METEOR\u00cdTICOS","description":"Investigaci\u00f3n sobre la geolog\u00eda, geof\u00edsica, y petrolog\u00eda","potentialAction":[{"@type":"SearchAction","target":{"@type":"EntryPoint","urlTemplate":"http:\/\/estructuras-de-impacto.impact-structures.com\/?s={search_term_string}"},"query-input":{"@type":"PropertyValueSpecification","valueRequired":true,"valueName":"search_term_string"}}],"inLanguage":"es"}]}},"_links":{"self":[{"href":"http:\/\/estructuras-de-impacto.impact-structures.com\/index.php?rest_route=\/wp\/v2\/pages\/1411","targetHints":{"allow":["GET"]}}],"collection":[{"href":"http:\/\/estructuras-de-impacto.impact-structures.com\/index.php?rest_route=\/wp\/v2\/pages"}],"about":[{"href":"http:\/\/estructuras-de-impacto.impact-structures.com\/index.php?rest_route=\/wp\/v2\/types\/page"}],"author":[{"embeddable":true,"href":"http:\/\/estructuras-de-impacto.impact-structures.com\/index.php?rest_route=\/wp\/v2\/users\/1"}],"replies":[{"embeddable":true,"href":"http:\/\/estructuras-de-impacto.impact-structures.com\/index.php?rest_route=%2Fwp%2Fv2%2Fcomments&post=1411"}],"version-history":[{"count":0,"href":"http:\/\/estructuras-de-impacto.impact-structures.com\/index.php?rest_route=\/wp\/v2\/pages\/1411\/revisions"}],"up":[{"embeddable":true,"href":"http:\/\/estructuras-de-impacto.impact-structures.com\/index.php?rest_route=\/wp\/v2\/pages\/1407"}],"wp:attachment":[{"href":"http:\/\/estructuras-de-impacto.impact-structures.com\/index.php?rest_route=%2Fwp%2Fv2%2Fmedia&parent=1411"}],"curies":[{"name":"wp","href":"https:\/\/api.w.org\/{rel}","templated":true}]}}