{"id":1410,"date":"2011-12-02T16:31:09","date_gmt":"2011-12-02T16:31:09","guid":{"rendered":"http:\/\/cms.impact-structures.com\/?page_id=200"},"modified":"2012-03-10T10:26:13","modified_gmt":"2012-03-10T10:26:13","slug":"lithic-impact-breccia","status":"publish","type":"page","link":"http:\/\/estructuras-de-impacto.impact-structures.com\/?page_id=1410","title":{"rendered":"Brechas l\u00edticas (de impacto)"},"content":{"rendered":"<p>Una brecha l\u00edtica es una brecha de impacto polim\u00edctica que contiene tanto clastos afectados por choque como no afectados, inmersos en una matriz cl\u00e1stica que carece de part\u00edculas cogen\u00e9ticas de fundido.<\/p>\n<p><img loading=\"lazy\" decoding=\"async\" style=\"padding-top: 0px; padding-right: 10px; padding-bottom: 0px; padding-left: 0px; border-style: initial; border-color: initial; float: left; border-width: 0px; margin: 0px;\" src=\"http:\/\/www.impact-structures.com\/breccia\/lithic\/image002.gif\" alt=\"Image002\" width=\"266\" height=\"310\" \/><\/p>\n<p>&nbsp;<\/p>\n<p>&nbsp;<\/p>\n<p>&nbsp;<\/p>\n<p>&nbsp;<\/p>\n<p>&nbsp;<\/p>\n<p>&nbsp;<\/p>\n<p>&nbsp;<\/p>\n<p>Fig. 1. Brecha l\u00edtica; estructura de impacto de Gardnos (Noruega).<\/p>\n<p><img loading=\"lazy\" decoding=\"async\" style=\"padding-top: 0px; padding-right: 10px; padding-bottom: 0px; padding-left: 0px; border-style: initial; border-color: initial; float: left; border-width: 0px; margin: 0px;\" src=\"http:\/\/www.impact-structures.com\/breccia\/lithic\/image004.gif\" alt=\"Image004\" width=\"263\" height=\"181\" \/><\/p>\n<p>&nbsp;<\/p>\n<p>&nbsp;<\/p>\n<p>&nbsp;<\/p>\n<p>&nbsp;<\/p>\n<p>Fig. 2. Brecha l\u00edtica; estructura de impacto de S\u00f6derfj\u00e4rden (Finlandia).<\/p>\n<p><img loading=\"lazy\" decoding=\"async\" style=\"padding-top: 0px; padding-right: 10px; padding-bottom: 0px; padding-left: 0px; border-style: initial; border-color: initial; float: left; border-width: 0px; margin: 0px;\" src=\"http:\/\/www.impact-structures.com\/breccia\/lithic\/image006.gif\" alt=\"Image006\" width=\"263\" height=\"245\" \/><\/p>\n<p>&nbsp;<\/p>\n<p>&nbsp;<\/p>\n<p>&nbsp;<\/p>\n<p>&nbsp;<\/p>\n<p>&nbsp;<\/p>\n<p>&nbsp;<\/p>\n<p>Fig. 3. Brecha l\u00edtica; estructura de impacto de Lockne (Suecia).<\/p>\n<p><img loading=\"lazy\" decoding=\"async\" style=\"padding-top: 0px; padding-right: 10px; padding-bottom: 0px; padding-left: 0px; border-style: initial; border-color: initial; float: left; border-width: 0px; margin: 0px;\" src=\"http:\/\/www.impact-structures.com\/breccia\/lithic\/image008.gif\" alt=\"Image008\" width=\"263\" height=\"234\" \/><\/p>\n<p>&nbsp;<\/p>\n<p>&nbsp;<\/p>\n<p>&nbsp;<\/p>\n<p>&nbsp;<\/p>\n<p>&nbsp;<\/p>\n<div>\n<div>\n<p>Fig. 4. Brecha l\u00edtica procedente de la estructura de impacto de Rochechouart (Francia).<\/p>\n<\/div>\n<\/div>\n","protected":false},"excerpt":{"rendered":"<p>Una brecha l\u00edtica es una brecha de impacto polim\u00edctica que contiene tanto clastos afectados por choque como no afectados, inmersos en una matriz cl\u00e1stica que carece de part\u00edculas cogen\u00e9ticas de fundido. &nbsp; &nbsp; &nbsp; &nbsp; &nbsp; &nbsp; &nbsp; Fig. 1. Brecha l\u00edtica; estructura de impacto de Gardnos (Noruega). &nbsp; &nbsp; &nbsp; &nbsp; Fig. 2. Brecha &hellip; <a href=\"http:\/\/estructuras-de-impacto.impact-structures.com\/?page_id=1410\" class=\"more-link\">Continuar leyendo<span class=\"screen-reader-text\"> \u00abBrechas l\u00edticas (de impacto)\u00bb<\/span><\/a><\/p>\n","protected":false},"author":1,"featured_media":0,"parent":1407,"menu_order":0,"comment_status":"closed","ping_status":"closed","template":"sidebar-page.php","meta":{"footnotes":""},"class_list":["post-1410","page","type-page","status-publish","hentry"],"yoast_head":"<!-- This site is optimized with the Yoast SEO plugin v27.3 - https:\/\/yoast.com\/product\/yoast-seo-wordpress\/ -->\n<title>Brechas l\u00edticas (de impacto) - ERNSTSON CLAUDIN ESTRUCTURAS DE IMPACTO - CR\u00c1TERES METEOR\u00cdTICOS<\/title>\n<meta name=\"robots\" content=\"index, follow, max-snippet:-1, max-image-preview:large, max-video-preview:-1\" \/>\n<link rel=\"canonical\" href=\"http:\/\/estructuras-de-impacto.impact-structures.com\/?page_id=1410\" \/>\n<meta property=\"og:locale\" content=\"es_ES\" \/>\n<meta property=\"og:type\" content=\"article\" \/>\n<meta property=\"og:title\" content=\"Brechas l\u00edticas (de impacto) - ERNSTSON CLAUDIN ESTRUCTURAS DE IMPACTO - CR\u00c1TERES METEOR\u00cdTICOS\" \/>\n<meta property=\"og:description\" content=\"Una brecha l\u00edtica es una brecha de impacto polim\u00edctica que contiene tanto clastos afectados por choque como no afectados, inmersos en una matriz cl\u00e1stica que carece de part\u00edculas cogen\u00e9ticas de fundido. &nbsp; &nbsp; &nbsp; &nbsp; &nbsp; &nbsp; &nbsp; Fig. 1. Brecha l\u00edtica; estructura de impacto de Gardnos (Noruega). &nbsp; &nbsp; &nbsp; &nbsp; Fig. 2. Brecha &hellip; Continuar leyendo &quot;Brechas l\u00edticas (de impacto)&quot;\" \/>\n<meta property=\"og:url\" content=\"http:\/\/estructuras-de-impacto.impact-structures.com\/?page_id=1410\" \/>\n<meta property=\"og:site_name\" content=\"ERNSTSON CLAUDIN ESTRUCTURAS DE IMPACTO - CR\u00c1TERES METEOR\u00cdTICOS\" \/>\n<meta property=\"article:modified_time\" content=\"2012-03-10T10:26:13+00:00\" \/>\n<meta property=\"og:image\" content=\"http:\/\/www.impact-structures.com\/breccia\/lithic\/image002.gif\" \/>\n<meta name=\"twitter:card\" content=\"summary_large_image\" \/>\n<meta name=\"twitter:label1\" content=\"Tiempo de lectura\" \/>\n\t<meta name=\"twitter:data1\" content=\"1 minuto\" \/>\n<script type=\"application\/ld+json\" class=\"yoast-schema-graph\">{\"@context\":\"https:\\\/\\\/schema.org\",\"@graph\":[{\"@type\":\"WebPage\",\"@id\":\"http:\\\/\\\/estructuras-de-impacto.impact-structures.com\\\/?page_id=1410\",\"url\":\"http:\\\/\\\/estructuras-de-impacto.impact-structures.com\\\/?page_id=1410\",\"name\":\"Brechas l\u00edticas (de impacto) - ERNSTSON CLAUDIN ESTRUCTURAS DE IMPACTO - CR\u00c1TERES METEOR\u00cdTICOS\",\"isPartOf\":{\"@id\":\"http:\\\/\\\/estructuras-de-impacto.impact-structures.com\\\/#website\"},\"primaryImageOfPage\":{\"@id\":\"http:\\\/\\\/estructuras-de-impacto.impact-structures.com\\\/?page_id=1410#primaryimage\"},\"image\":{\"@id\":\"http:\\\/\\\/estructuras-de-impacto.impact-structures.com\\\/?page_id=1410#primaryimage\"},\"thumbnailUrl\":\"http:\\\/\\\/www.impact-structures.com\\\/breccia\\\/lithic\\\/image002.gif\",\"datePublished\":\"2011-12-02T16:31:09+00:00\",\"dateModified\":\"2012-03-10T10:26:13+00:00\",\"breadcrumb\":{\"@id\":\"http:\\\/\\\/estructuras-de-impacto.impact-structures.com\\\/?page_id=1410#breadcrumb\"},\"inLanguage\":\"es\",\"potentialAction\":[{\"@type\":\"ReadAction\",\"target\":[\"http:\\\/\\\/estructuras-de-impacto.impact-structures.com\\\/?page_id=1410\"]}]},{\"@type\":\"ImageObject\",\"inLanguage\":\"es\",\"@id\":\"http:\\\/\\\/estructuras-de-impacto.impact-structures.com\\\/?page_id=1410#primaryimage\",\"url\":\"http:\\\/\\\/www.impact-structures.com\\\/breccia\\\/lithic\\\/image002.gif\",\"contentUrl\":\"http:\\\/\\\/www.impact-structures.com\\\/breccia\\\/lithic\\\/image002.gif\"},{\"@type\":\"BreadcrumbList\",\"@id\":\"http:\\\/\\\/estructuras-de-impacto.impact-structures.com\\\/?page_id=1410#breadcrumb\",\"itemListElement\":[{\"@type\":\"ListItem\",\"position\":1,\"name\":\"Portada\",\"item\":\"http:\\\/\\\/estructuras-de-impacto.impact-structures.com\\\/\"},{\"@type\":\"ListItem\",\"position\":2,\"name\":\"Rocas de impacto \u2013 impactitas\",\"item\":\"http:\\\/\\\/estructuras-de-impacto.impact-structures.com\\\/?page_id=13\"},{\"@type\":\"ListItem\",\"position\":3,\"name\":\"P\u00e1gina sobre brechas de impacto\",\"item\":\"http:\\\/\\\/estructuras-de-impacto.impact-structures.com\\\/?page_id=1407\"},{\"@type\":\"ListItem\",\"position\":4,\"name\":\"Brechas l\u00edticas (de impacto)\"}]},{\"@type\":\"WebSite\",\"@id\":\"http:\\\/\\\/estructuras-de-impacto.impact-structures.com\\\/#website\",\"url\":\"http:\\\/\\\/estructuras-de-impacto.impact-structures.com\\\/\",\"name\":\"ERNSTSON CLAUDIN ESTRUCTURAS DE IMPACTO - CR\u00c1TERES METEOR\u00cdTICOS\",\"description\":\"Investigaci\u00f3n sobre la geolog\u00eda, geof\u00edsica, y petrolog\u00eda\",\"potentialAction\":[{\"@type\":\"SearchAction\",\"target\":{\"@type\":\"EntryPoint\",\"urlTemplate\":\"http:\\\/\\\/estructuras-de-impacto.impact-structures.com\\\/?s={search_term_string}\"},\"query-input\":{\"@type\":\"PropertyValueSpecification\",\"valueRequired\":true,\"valueName\":\"search_term_string\"}}],\"inLanguage\":\"es\"}]}<\/script>\n<!-- \/ Yoast SEO plugin. -->","yoast_head_json":{"title":"Brechas l\u00edticas (de impacto) - ERNSTSON CLAUDIN ESTRUCTURAS DE IMPACTO - CR\u00c1TERES METEOR\u00cdTICOS","robots":{"index":"index","follow":"follow","max-snippet":"max-snippet:-1","max-image-preview":"max-image-preview:large","max-video-preview":"max-video-preview:-1"},"canonical":"http:\/\/estructuras-de-impacto.impact-structures.com\/?page_id=1410","og_locale":"es_ES","og_type":"article","og_title":"Brechas l\u00edticas (de impacto) - ERNSTSON CLAUDIN ESTRUCTURAS DE IMPACTO - CR\u00c1TERES METEOR\u00cdTICOS","og_description":"Una brecha l\u00edtica es una brecha de impacto polim\u00edctica que contiene tanto clastos afectados por choque como no afectados, inmersos en una matriz cl\u00e1stica que carece de part\u00edculas cogen\u00e9ticas de fundido. &nbsp; &nbsp; &nbsp; &nbsp; &nbsp; &nbsp; &nbsp; Fig. 1. Brecha l\u00edtica; estructura de impacto de Gardnos (Noruega). &nbsp; &nbsp; &nbsp; &nbsp; Fig. 2. Brecha &hellip; Continuar leyendo \"Brechas l\u00edticas (de impacto)\"","og_url":"http:\/\/estructuras-de-impacto.impact-structures.com\/?page_id=1410","og_site_name":"ERNSTSON CLAUDIN ESTRUCTURAS DE IMPACTO - CR\u00c1TERES METEOR\u00cdTICOS","article_modified_time":"2012-03-10T10:26:13+00:00","og_image":[{"url":"http:\/\/www.impact-structures.com\/breccia\/lithic\/image002.gif","type":"","width":"","height":""}],"twitter_card":"summary_large_image","twitter_misc":{"Tiempo de lectura":"1 minuto"},"schema":{"@context":"https:\/\/schema.org","@graph":[{"@type":"WebPage","@id":"http:\/\/estructuras-de-impacto.impact-structures.com\/?page_id=1410","url":"http:\/\/estructuras-de-impacto.impact-structures.com\/?page_id=1410","name":"Brechas l\u00edticas (de impacto) - ERNSTSON CLAUDIN ESTRUCTURAS DE IMPACTO - CR\u00c1TERES METEOR\u00cdTICOS","isPartOf":{"@id":"http:\/\/estructuras-de-impacto.impact-structures.com\/#website"},"primaryImageOfPage":{"@id":"http:\/\/estructuras-de-impacto.impact-structures.com\/?page_id=1410#primaryimage"},"image":{"@id":"http:\/\/estructuras-de-impacto.impact-structures.com\/?page_id=1410#primaryimage"},"thumbnailUrl":"http:\/\/www.impact-structures.com\/breccia\/lithic\/image002.gif","datePublished":"2011-12-02T16:31:09+00:00","dateModified":"2012-03-10T10:26:13+00:00","breadcrumb":{"@id":"http:\/\/estructuras-de-impacto.impact-structures.com\/?page_id=1410#breadcrumb"},"inLanguage":"es","potentialAction":[{"@type":"ReadAction","target":["http:\/\/estructuras-de-impacto.impact-structures.com\/?page_id=1410"]}]},{"@type":"ImageObject","inLanguage":"es","@id":"http:\/\/estructuras-de-impacto.impact-structures.com\/?page_id=1410#primaryimage","url":"http:\/\/www.impact-structures.com\/breccia\/lithic\/image002.gif","contentUrl":"http:\/\/www.impact-structures.com\/breccia\/lithic\/image002.gif"},{"@type":"BreadcrumbList","@id":"http:\/\/estructuras-de-impacto.impact-structures.com\/?page_id=1410#breadcrumb","itemListElement":[{"@type":"ListItem","position":1,"name":"Portada","item":"http:\/\/estructuras-de-impacto.impact-structures.com\/"},{"@type":"ListItem","position":2,"name":"Rocas de impacto \u2013 impactitas","item":"http:\/\/estructuras-de-impacto.impact-structures.com\/?page_id=13"},{"@type":"ListItem","position":3,"name":"P\u00e1gina sobre brechas de impacto","item":"http:\/\/estructuras-de-impacto.impact-structures.com\/?page_id=1407"},{"@type":"ListItem","position":4,"name":"Brechas l\u00edticas (de impacto)"}]},{"@type":"WebSite","@id":"http:\/\/estructuras-de-impacto.impact-structures.com\/#website","url":"http:\/\/estructuras-de-impacto.impact-structures.com\/","name":"ERNSTSON CLAUDIN ESTRUCTURAS DE IMPACTO - CR\u00c1TERES METEOR\u00cdTICOS","description":"Investigaci\u00f3n sobre la geolog\u00eda, geof\u00edsica, y petrolog\u00eda","potentialAction":[{"@type":"SearchAction","target":{"@type":"EntryPoint","urlTemplate":"http:\/\/estructuras-de-impacto.impact-structures.com\/?s={search_term_string}"},"query-input":{"@type":"PropertyValueSpecification","valueRequired":true,"valueName":"search_term_string"}}],"inLanguage":"es"}]}},"_links":{"self":[{"href":"http:\/\/estructuras-de-impacto.impact-structures.com\/index.php?rest_route=\/wp\/v2\/pages\/1410","targetHints":{"allow":["GET"]}}],"collection":[{"href":"http:\/\/estructuras-de-impacto.impact-structures.com\/index.php?rest_route=\/wp\/v2\/pages"}],"about":[{"href":"http:\/\/estructuras-de-impacto.impact-structures.com\/index.php?rest_route=\/wp\/v2\/types\/page"}],"author":[{"embeddable":true,"href":"http:\/\/estructuras-de-impacto.impact-structures.com\/index.php?rest_route=\/wp\/v2\/users\/1"}],"replies":[{"embeddable":true,"href":"http:\/\/estructuras-de-impacto.impact-structures.com\/index.php?rest_route=%2Fwp%2Fv2%2Fcomments&post=1410"}],"version-history":[{"count":0,"href":"http:\/\/estructuras-de-impacto.impact-structures.com\/index.php?rest_route=\/wp\/v2\/pages\/1410\/revisions"}],"up":[{"embeddable":true,"href":"http:\/\/estructuras-de-impacto.impact-structures.com\/index.php?rest_route=\/wp\/v2\/pages\/1407"}],"wp:attachment":[{"href":"http:\/\/estructuras-de-impacto.impact-structures.com\/index.php?rest_route=%2Fwp%2Fv2%2Fmedia&parent=1410"}],"curies":[{"name":"wp","href":"https:\/\/api.w.org\/{rel}","templated":true}]}}