{"id":141,"date":"2011-12-02T16:03:07","date_gmt":"2011-12-02T16:03:07","guid":{"rendered":"http:\/\/cms.impact-structures.com\/?page_id=141"},"modified":"2012-05-18T08:27:13","modified_gmt":"2012-05-18T08:27:13","slug":"geophysics-of-the-azuara-impact-structure","status":"publish","type":"page","link":"http:\/\/estructuras-de-impacto.impact-structures.com\/?page_id=141","title":{"rendered":"Geof\u00edsica de la estructura de impacto de Azuara"},"content":{"rendered":"<h2>Estudios gravim\u00e9tricos<\/h2>\n<p>El estudio gravim\u00e9trico abarca 350 estaciones gravim\u00e9tricas con un interespaciado de 500 m, que se extienden a lo largo de 185 Km de perfil (Fig.1). Los datos gravim\u00e9tricos de Bouguer corregidos (densidad de correcci\u00f3n: 2300 kg\/m3; nivel de referencia: 820 820 m a. s.l) han permitido elaborar un mapa de anomal\u00edas de Bouguer (Fig.1). \u00c9ste muestra un campo gravitatorio complejo, que aparte de concordar con el impacto, podr\u00eda tambi\u00e9n ser el esperado a partir del conocido escenario litol\u00f3gico y estructural existente en la regi\u00f3n de Azuara. El campo gravitatorio esta dominado por un fuerte gradiente regional sobreimpuesto por una anomal\u00eda negativa presente en la totalidad del interior de la estructura de Azuara. Para un posterior an\u00e1lisis, ha sido sustra\u00eddo un campo gravitativo regional provisional (Fig. 2). Dado que el estudio carece de estaciones gravim\u00e9tricas fuera de la estructura de Azuara, este campo regional se bas\u00f3 en el mapa de Bouguer, 1:1,000,000, de la pen\u00ednsula Ib\u00e9rica (IGCE, 1976) y en los datos amablemente suministrados por A. Casas (Barcelona).<\/p>\n<h3><span class=\"Apple-style-span\" style=\"font-size: 15px; letter-spacing: normal; line-height: 24px; text-transform: none;\"><img loading=\"lazy\" decoding=\"async\" src=\"http:\/\/www.impact-structures.com\/spain\/geophysics\/image002.gif\" alt=\"Image002\" width=\"311\" height=\"247\" \/><\/span><\/h3>\n<h3><span class=\"Apple-style-span\" style=\"font-size: 15px; letter-spacing: normal; line-height: 24px; text-transform: none;\">Fig. 1.\u00a0<\/span><span class=\"Apple-style-span\" style=\"font-size: 14px; line-height: 22px; letter-spacing: normal; text-transform: none;\">Estructura de impacto de Azuara: anomal\u00edas provisionales de Bouguer. El intervalo entre isoan\u00f3malas es de 1 mgal.<\/span><\/h3>\n<h3><\/h3>\n<p><img loading=\"lazy\" decoding=\"async\" src=\"http:\/\/www.impact-structures.com\/spain\/geophysics\/image004.gif\" alt=\"Image004\" width=\"317\" height=\"265\" \/><\/p>\n<h5>Fig.2. Estructura de impacto de Azuara: campo gravitativo regional provisional. El intervalo entre isoan\u00f3malas es de 1 mgal.<\/h5>\n<p>La ausencia de una densidad de estaciones suficiente conllev\u00f3 la necesidad de calcular las anomal\u00edas residuales de Bouguer (Fig.4) para los perfiles seleccionados (Fig.3). \u00c9stas muestran un amplio m\u00ednimo gravim\u00e9trico dentro del borde m\u00e1s o menos anular de la estructura de Azuara. La amplitud asciende hasta casi \u2014100 \u00b5m\/s2 (= \u201410 mGal). Una anomal\u00eda gravim\u00e9trica negativa pronunciada se halla presente en casi todas las estructuras de impacto para las que existen estudios gravim\u00e9tricos. Como causas de este d\u00e9ficit de masa se han citado la eyecci\u00f3n, la brechificaci\u00f3n, y la microfracturaci\u00f3n inducida por las ondas de choque. Esta amplitud de c. \u2014100 \u00b5m\/s2, adem\u00e1s, es bastante razonable; las estructuras de impacto de un tama\u00f1o similar exhiben paracidos ordenes de magnitud (Pohl, J. (1990), Fennoscandian Impact Symposium, May 29-31, 1990, Espoo, Finland.). No obstante, es necesaria la precauci\u00f3n, dado que los lugares de impacto bajo consideraci\u00f3n presentan en parte una marcada y diferente estructura interna as\u00ed como una historia de sedimentaci\u00f3n y erosi\u00f3n. Adem\u00e1s, la amplitud de la anomal\u00eda de Azuara depende de la elecci\u00f3n de contornos de campo regional.<\/p>\n<p><img loading=\"lazy\" decoding=\"async\" src=\"http:\/\/www.impact-structures.com\/spain\/geophysics\/image006.gif\" alt=\"Image006\" width=\"293\" height=\"291\" \/><\/p>\n<h5>Fig. 3. Mapa de localizaci\u00f3n de los perfiles gravitatorios seleccionados. 1= Paleozoico, 2 = Mesozoico, 3 = Eyecta de impacto de la Fm. Pelarda, 4 = Cenozoico<\/h5>\n<h5><\/h5>\n<p><img loading=\"lazy\" decoding=\"async\" src=\"http:\/\/www.impact-structures.com\/spain\/geophysics\/image008.gif\" alt=\"Image008\" width=\"299\" height=\"489\" \/><\/p>\n<h5>Fig. 4. Perfiles de las anomal\u00edas provisionales residuales gravitatorias en la estructura de Azuara. Para la ubicaci\u00f3n de los perfiles ver la Fig. 3. El eje cero corresponde al punto de intersecci\u00f3n de los perfiles.<\/h5>\n<p>Los seis perfiles radiales gravitatorios de residuales de la Fig. 4 han sido agrupados para dar lugar a un perfil radial principal (Fig. 5), que sirva de base para la realizaci\u00f3n de c\u00e1lculos simples por modelizaci\u00f3n. La estructura del modelo (Fig. 5) ha sido adaptada a los resultados de c\u00e1lculos similares para otros grandes impactos (p.e., Rochechouart (POHL et al., 1978; SCHMIDT, 1984), Ries (JUNG et al., 1969; ERNSTSON &amp; POHL, 1977)). De su comparaci\u00f3n, es evidente que no es necesaria la consideraci\u00f3n de una distribuci\u00f3n fundamentalmente distinta de densidad. Como en el caso de los impactos de Ries y de Rochechouart, una estructura m\u00e1s o menos plana, de algunos kil\u00f3metros de profundidad, satisface la gravedad medida. El d\u00e9ficit m\u00e1sico total obtenido en el modelo, de 1.24 x 1014 kg, se sit\u00faa dentro de los datos gravitatorios hallados en otras estructuras de impacto de gran tama\u00f1o (Fig. 6).<\/p>\n<p><img loading=\"lazy\" decoding=\"async\" src=\"http:\/\/www.impact-structures.com\/spain\/geophysics\/image010.gif\" alt=\"Image010\" width=\"302\" height=\"397\" \/><\/p>\n<h5>Fig. 5. C\u00e1lculos por modelizaci\u00f3n para las anomal\u00edas gravim\u00e9tricas de Azuara. Arriba: Perfil radial de la media de la gravedad residual de Bouguer. Debajo: Modelo de densidades de simetria circular. M = Masa total del modelo.<\/h5>\n<h5><\/h5>\n<p><img loading=\"lazy\" decoding=\"async\" src=\"http:\/\/www.impact-structures.com\/spain\/geophysics\/image012.gif\" alt=\"Image012\" width=\"302\" height=\"242\" \/><\/p>\n<h5>Fig. 6. Deficiencias de masa derivadas de la gravedad en funci\u00f3n del di\u00e1metro para diferentes estructuras de impacto terrestres. Datos procedentes de Pohl et al. (1978, y otras referencias) y Ernstson (1984).<\/h5>\n<p>Por lo general, las estructuras de impacto complejas muestran anomal\u00edas gravitatorias que tambi\u00e9n lo son. Anillos internos, un levantamiento central, zonas perif\u00e9ricas de depresiones, y dep\u00f3sitos de brechas, pueden contribuir a dar anomal\u00edas locales de ambos signos y de simetr\u00eda casi circular que se sobreimponen a la anomal\u00eda negativa principal. Atendiendo a esta circunstancia, es llamativa la observaci\u00f3n de anomal\u00edas positivas relativas que dan lugar a un modelo gravitatorio m\u00e1s o menos anular en el interior del borde morfol\u00f3gico de Azuara (Fig. 4 y Fig. 7). De la Fig. 7, se puede deducir un di\u00e1metro de alrededor de 17 km para esta zona anular, lo que corresponde a pr\u00e1cticamente la mitad del di\u00e1metro del anillo principal. Estas anomal\u00edas gravitativas locales pueden ser explicadas por las rocas del Mesozoico y\/o del Paleozoico, que formar\u00edan un anillo estructural interno actualmente cubierto por sedimentos del Terciario de baja densidad.<\/p>\n<p><img loading=\"lazy\" decoding=\"async\" src=\"http:\/\/www.impact-structures.com\/spain\/geophysics\/image014.gif\" alt=\"Image014\" width=\"302\" height=\"300\" \/><\/p>\n<p><span class=\"Apple-style-span\" style=\"font-size: 14px; line-height: 22px;\">Fig. 7. Anillo interno (?) de la estructura de Azuara. Las lineas discont\u00ednuas marcan las anomal\u00edas.<\/span><\/p>\n<p>&nbsp;<\/p>\n<p><strong>ESTUDIO GEOMAGN\u00c9TICO<\/strong><\/p>\n<p><span class=\"Apple-style-span\" style=\"color: #333333; font-weight: 300;\">La estructura de impacto de Azuara de 35-40 Km de di\u00e1metro es excepcional a causa de haberse producido en un objetivo exclusivamente sedimentario de unos 10 Km de espesor. Aunque este grueso objetivo sedimentario est\u00e1 mayoritariamente formado por rocas carbonatadas y cuarcitas, se han medido anomal\u00edas magn\u00e9ticas significativas obviamente relacionadas con la estructura del cr\u00e1ter (Fig. 2) [art\u00edculo completo en \u00a0Ernstson, K. &amp; Fiebag, J. (1992): The Azuara impact structure (Spain): new insights from geophysical and geological investigations. &#8211; Int. J. Earth Sci., 81, 403-427;\u00a0http:\/\/www.springerlink.com\/content\/h3817t72781601tn\/\u00a0].<\/span><\/p>\n<p>A partir de las mediciones de susceptibilidad magn\u00e9tica en rocas es muy probable que la brecha basal suev\u00edtica [http:\/\/www.impact-structures.com\/impact-rocks-impactites\/the-suevite-page\/suevites-from-the-azuara-and-rubielos-de-la-cerida-spain-impact-structures\/] deba ser considerada como la causante de dichas anomal\u00edas. Mientras que las rocas carbonatadas y las areniscas del cr\u00e1ter presentan susceptibilidades m\u00e1ximas del orden de 10-20* 10<sup>-3<\/sup> SI, se han podido medir susceptibilidades de 1.6*10<sup>-3<\/sup> en las muestras de la brecha basal. Adem\u00e1s, las muestras de la brecha basal pueden mostrar una significativa magnetizaci\u00f3n remanente. El color rojizo presente de forma frecuente en las brechas basales nos lleva a pensar que probablemente durante la formaci\u00f3n de las mismas hubo un incremento de temperatura que contribuy\u00f3 a potenciar de manera intensa nuevas fases de magnetizaci\u00f3n que conllevaron la aparici\u00f3n del magnetismo termo-remanente.<\/p>\n<p>En un modelo muy simplificado (Fig. 4) mostramos como puede n ser explicadas la concentraci\u00f3n de anomal\u00edas en las zonas externas de la estructura de impacto (ver Fig. 2).<\/p>\n<p><img loading=\"lazy\" decoding=\"async\" src=\"http:\/\/www.impact-structures.com\/spain\/geophysics\/image016.gif\" alt=\"Image016\" width=\"311\" height=\"204\" \/><\/p>\n<p>Fig. 8. Campo magn\u00e9tico total y perfil gravitatorio a trav\u00e9s de la estructura de impacto de Azuara (Fig. 3). Modelo utilizado para el origen de las anomal\u00edas magn\u00e9ticas en la Fig. 4.<\/p>\n<p><img loading=\"lazy\" decoding=\"async\" src=\"http:\/\/www.impact-structures.com\/spain\/geophysics\/image018.gif\" alt=\"Image018\" width=\"300\" height=\"260\" \/><\/p>\n<p>Fig. 9. Combinaci\u00f3n del perfil geomagn\u00e9tico y gravitat\u00f3rio de la Fig.2 a trav\u00e9s de la estructura de impacto de Azuara (aproximadamente delimitada por la l\u00ednea de puntos). Imagen extra\u00edda de Google Earth.<\/p>\n<p><img loading=\"lazy\" decoding=\"async\" src=\"http:\/\/www.impact-structures.com\/spain\/geophysics\/image020.gif\" alt=\"Image020\" width=\"450\" height=\"124\" \/><\/p>\n<p>Fig. 10. Modelo simple para visualizar la fuente de las anomal\u00edas magn\u00e9ticas de la estructura de impacto de Azuara.<\/p>\n<p><span style=\"color: #ff0000;\"><br \/>\n<\/span><\/p>\n<h2>Bibliograf\u00eda<\/h2>\n<p>Ernstson, K.: A gravity-derived model for the Steinheim impact crater. &#8211; Geol. Rundschau, 73, 2, 483-498, 1984.<\/p>\n<p>Ernstson, K. &amp; Pohl, J.: Neue Modelle zur Verteilung der Dichte und Geschwindigkeit im Ries-Krater. &#8211; Geologica Bavarica, 75, 355-371, 1977.<\/p>\n<p>Ernstson, K. &amp; Fiebag, J. (1992): The Azuara impact structure (Spain): new insights from geophysical and geological investigations. &#8211; Int. J. Earth Sci., 81, 403-427<\/p>\n<p>IGCE (Instituto geogr\u00e1fico y catastral Espa\u00f1a): Mapa gravim\u00e9trico, Peninsula Ib\u00e9rica e Islas Baleares. Anomalias Bouguer Sistema, 1967.<\/p>\n<p>Jung, K., Schaaf, H. &amp; Kahle, H.-G.: Ergebnisse gravimetrischer Messungen im Ries. &#8211; Geologica Bavarica, 61, 337-342, 1969.<\/p>\n<p>Pohl, J.: Comparative gravity and magnetic studies of impact structures (Abstr.). Fennoscandian Impact Symposium, May 29-31, 1990, Espoo, Finland, 1990.<\/p>\n<p>Pohl, J., Ernstson, K. &amp; Lambert, P.: Gravity measurements in the Rochechouart impact structure (France). &#8211; Meteoritics, 13, 601-604, 1978.<\/p>\n","protected":false},"excerpt":{"rendered":"<p>Estudios gravim\u00e9tricos El estudio gravim\u00e9trico abarca 350 estaciones gravim\u00e9tricas con un interespaciado de 500 m, que se extienden a lo largo de 185 Km de perfil (Fig.1). Los datos gravim\u00e9tricos de Bouguer corregidos (densidad de correcci\u00f3n: 2300 kg\/m3; nivel de referencia: 820 820 m a. s.l) han permitido elaborar un mapa de anomal\u00edas de Bouguer &hellip; <a href=\"http:\/\/estructuras-de-impacto.impact-structures.com\/?page_id=141\" class=\"more-link\">Continuar leyendo<span class=\"screen-reader-text\"> \u00abGeof\u00edsica de la estructura de impacto de Azuara\u00bb<\/span><\/a><\/p>\n","protected":false},"author":1,"featured_media":0,"parent":119,"menu_order":0,"comment_status":"closed","ping_status":"closed","template":"sidebar-page.php","meta":{"footnotes":""},"class_list":["post-141","page","type-page","status-publish","hentry"],"yoast_head":"<!-- This site is optimized with the Yoast SEO plugin v27.3 - https:\/\/yoast.com\/product\/yoast-seo-wordpress\/ -->\n<title>Geof\u00edsica de la estructura de impacto de Azuara - ERNSTSON CLAUDIN ESTRUCTURAS DE IMPACTO - CR\u00c1TERES METEOR\u00cdTICOS<\/title>\n<meta name=\"robots\" content=\"index, follow, max-snippet:-1, max-image-preview:large, max-video-preview:-1\" \/>\n<link rel=\"canonical\" href=\"https:\/\/estructuras-de-impacto.impact-structures.com\/?page_id=141\" \/>\n<meta property=\"og:locale\" content=\"es_ES\" \/>\n<meta property=\"og:type\" content=\"article\" \/>\n<meta property=\"og:title\" content=\"Geof\u00edsica de la estructura de impacto de Azuara - ERNSTSON CLAUDIN ESTRUCTURAS DE IMPACTO - CR\u00c1TERES METEOR\u00cdTICOS\" \/>\n<meta property=\"og:description\" content=\"Estudios gravim\u00e9tricos El estudio gravim\u00e9trico abarca 350 estaciones gravim\u00e9tricas con un interespaciado de 500 m, que se extienden a lo largo de 185 Km de perfil (Fig.1). Los datos gravim\u00e9tricos de Bouguer corregidos (densidad de correcci\u00f3n: 2300 kg\/m3; nivel de referencia: 820 820 m a. s.l) han permitido elaborar un mapa de anomal\u00edas de Bouguer &hellip; Continuar leyendo &quot;Geof\u00edsica de la estructura de impacto de Azuara&quot;\" \/>\n<meta property=\"og:url\" content=\"https:\/\/estructuras-de-impacto.impact-structures.com\/?page_id=141\" \/>\n<meta property=\"og:site_name\" content=\"ERNSTSON CLAUDIN ESTRUCTURAS DE IMPACTO - CR\u00c1TERES METEOR\u00cdTICOS\" \/>\n<meta property=\"article:modified_time\" content=\"2012-05-18T08:27:13+00:00\" \/>\n<meta property=\"og:image\" content=\"http:\/\/www.impact-structures.com\/spain\/geophysics\/image002.gif\" \/>\n<meta name=\"twitter:card\" content=\"summary_large_image\" \/>\n<meta name=\"twitter:label1\" content=\"Tiempo de lectura\" \/>\n\t<meta name=\"twitter:data1\" content=\"7 minutos\" \/>\n<script type=\"application\/ld+json\" class=\"yoast-schema-graph\">{\"@context\":\"https:\\\/\\\/schema.org\",\"@graph\":[{\"@type\":\"WebPage\",\"@id\":\"https:\\\/\\\/estructuras-de-impacto.impact-structures.com\\\/?page_id=141\",\"url\":\"https:\\\/\\\/estructuras-de-impacto.impact-structures.com\\\/?page_id=141\",\"name\":\"Geof\u00edsica de la estructura de impacto de Azuara - ERNSTSON CLAUDIN ESTRUCTURAS DE IMPACTO - CR\u00c1TERES METEOR\u00cdTICOS\",\"isPartOf\":{\"@id\":\"http:\\\/\\\/estructuras-de-impacto.impact-structures.com\\\/#website\"},\"primaryImageOfPage\":{\"@id\":\"https:\\\/\\\/estructuras-de-impacto.impact-structures.com\\\/?page_id=141#primaryimage\"},\"image\":{\"@id\":\"https:\\\/\\\/estructuras-de-impacto.impact-structures.com\\\/?page_id=141#primaryimage\"},\"thumbnailUrl\":\"http:\\\/\\\/www.impact-structures.com\\\/spain\\\/geophysics\\\/image002.gif\",\"datePublished\":\"2011-12-02T16:03:07+00:00\",\"dateModified\":\"2012-05-18T08:27:13+00:00\",\"breadcrumb\":{\"@id\":\"https:\\\/\\\/estructuras-de-impacto.impact-structures.com\\\/?page_id=141#breadcrumb\"},\"inLanguage\":\"es\",\"potentialAction\":[{\"@type\":\"ReadAction\",\"target\":[\"https:\\\/\\\/estructuras-de-impacto.impact-structures.com\\\/?page_id=141\"]}]},{\"@type\":\"ImageObject\",\"inLanguage\":\"es\",\"@id\":\"https:\\\/\\\/estructuras-de-impacto.impact-structures.com\\\/?page_id=141#primaryimage\",\"url\":\"http:\\\/\\\/www.impact-structures.com\\\/spain\\\/geophysics\\\/image002.gif\",\"contentUrl\":\"http:\\\/\\\/www.impact-structures.com\\\/spain\\\/geophysics\\\/image002.gif\"},{\"@type\":\"BreadcrumbList\",\"@id\":\"https:\\\/\\\/estructuras-de-impacto.impact-structures.com\\\/?page_id=141#breadcrumb\",\"itemListElement\":[{\"@type\":\"ListItem\",\"position\":1,\"name\":\"Portada\",\"item\":\"http:\\\/\\\/estructuras-de-impacto.impact-structures.com\\\/\"},{\"@type\":\"ListItem\",\"position\":2,\"name\":\"Las estructuras de impacto en Espa\u00f1a\",\"item\":\"http:\\\/\\\/estructuras-de-impacto.impact-structures.com\\\/?page_id=1404\"},{\"@type\":\"ListItem\",\"position\":3,\"name\":\"La estructura de impacto de Azuara\",\"item\":\"http:\\\/\\\/estructuras-de-impacto.impact-structures.com\\\/?page_id=119\"},{\"@type\":\"ListItem\",\"position\":4,\"name\":\"Geof\u00edsica de la estructura de impacto de Azuara\"}]},{\"@type\":\"WebSite\",\"@id\":\"http:\\\/\\\/estructuras-de-impacto.impact-structures.com\\\/#website\",\"url\":\"http:\\\/\\\/estructuras-de-impacto.impact-structures.com\\\/\",\"name\":\"ERNSTSON CLAUDIN ESTRUCTURAS DE IMPACTO - CR\u00c1TERES METEOR\u00cdTICOS\",\"description\":\"Investigaci\u00f3n sobre la geolog\u00eda, geof\u00edsica, y petrolog\u00eda\",\"potentialAction\":[{\"@type\":\"SearchAction\",\"target\":{\"@type\":\"EntryPoint\",\"urlTemplate\":\"http:\\\/\\\/estructuras-de-impacto.impact-structures.com\\\/?s={search_term_string}\"},\"query-input\":{\"@type\":\"PropertyValueSpecification\",\"valueRequired\":true,\"valueName\":\"search_term_string\"}}],\"inLanguage\":\"es\"}]}<\/script>\n<!-- \/ Yoast SEO plugin. -->","yoast_head_json":{"title":"Geof\u00edsica de la estructura de impacto de Azuara - ERNSTSON CLAUDIN ESTRUCTURAS DE IMPACTO - CR\u00c1TERES METEOR\u00cdTICOS","robots":{"index":"index","follow":"follow","max-snippet":"max-snippet:-1","max-image-preview":"max-image-preview:large","max-video-preview":"max-video-preview:-1"},"canonical":"https:\/\/estructuras-de-impacto.impact-structures.com\/?page_id=141","og_locale":"es_ES","og_type":"article","og_title":"Geof\u00edsica de la estructura de impacto de Azuara - ERNSTSON CLAUDIN ESTRUCTURAS DE IMPACTO - CR\u00c1TERES METEOR\u00cdTICOS","og_description":"Estudios gravim\u00e9tricos El estudio gravim\u00e9trico abarca 350 estaciones gravim\u00e9tricas con un interespaciado de 500 m, que se extienden a lo largo de 185 Km de perfil (Fig.1). Los datos gravim\u00e9tricos de Bouguer corregidos (densidad de correcci\u00f3n: 2300 kg\/m3; nivel de referencia: 820 820 m a. s.l) han permitido elaborar un mapa de anomal\u00edas de Bouguer &hellip; Continuar leyendo \"Geof\u00edsica de la estructura de impacto de Azuara\"","og_url":"https:\/\/estructuras-de-impacto.impact-structures.com\/?page_id=141","og_site_name":"ERNSTSON CLAUDIN ESTRUCTURAS DE IMPACTO - CR\u00c1TERES METEOR\u00cdTICOS","article_modified_time":"2012-05-18T08:27:13+00:00","og_image":[{"url":"http:\/\/www.impact-structures.com\/spain\/geophysics\/image002.gif","type":"","width":"","height":""}],"twitter_card":"summary_large_image","twitter_misc":{"Tiempo de lectura":"7 minutos"},"schema":{"@context":"https:\/\/schema.org","@graph":[{"@type":"WebPage","@id":"https:\/\/estructuras-de-impacto.impact-structures.com\/?page_id=141","url":"https:\/\/estructuras-de-impacto.impact-structures.com\/?page_id=141","name":"Geof\u00edsica de la estructura de impacto de Azuara - ERNSTSON CLAUDIN ESTRUCTURAS DE IMPACTO - CR\u00c1TERES METEOR\u00cdTICOS","isPartOf":{"@id":"http:\/\/estructuras-de-impacto.impact-structures.com\/#website"},"primaryImageOfPage":{"@id":"https:\/\/estructuras-de-impacto.impact-structures.com\/?page_id=141#primaryimage"},"image":{"@id":"https:\/\/estructuras-de-impacto.impact-structures.com\/?page_id=141#primaryimage"},"thumbnailUrl":"http:\/\/www.impact-structures.com\/spain\/geophysics\/image002.gif","datePublished":"2011-12-02T16:03:07+00:00","dateModified":"2012-05-18T08:27:13+00:00","breadcrumb":{"@id":"https:\/\/estructuras-de-impacto.impact-structures.com\/?page_id=141#breadcrumb"},"inLanguage":"es","potentialAction":[{"@type":"ReadAction","target":["https:\/\/estructuras-de-impacto.impact-structures.com\/?page_id=141"]}]},{"@type":"ImageObject","inLanguage":"es","@id":"https:\/\/estructuras-de-impacto.impact-structures.com\/?page_id=141#primaryimage","url":"http:\/\/www.impact-structures.com\/spain\/geophysics\/image002.gif","contentUrl":"http:\/\/www.impact-structures.com\/spain\/geophysics\/image002.gif"},{"@type":"BreadcrumbList","@id":"https:\/\/estructuras-de-impacto.impact-structures.com\/?page_id=141#breadcrumb","itemListElement":[{"@type":"ListItem","position":1,"name":"Portada","item":"http:\/\/estructuras-de-impacto.impact-structures.com\/"},{"@type":"ListItem","position":2,"name":"Las estructuras de impacto en Espa\u00f1a","item":"http:\/\/estructuras-de-impacto.impact-structures.com\/?page_id=1404"},{"@type":"ListItem","position":3,"name":"La estructura de impacto de Azuara","item":"http:\/\/estructuras-de-impacto.impact-structures.com\/?page_id=119"},{"@type":"ListItem","position":4,"name":"Geof\u00edsica de la estructura de impacto de Azuara"}]},{"@type":"WebSite","@id":"http:\/\/estructuras-de-impacto.impact-structures.com\/#website","url":"http:\/\/estructuras-de-impacto.impact-structures.com\/","name":"ERNSTSON CLAUDIN ESTRUCTURAS DE IMPACTO - CR\u00c1TERES METEOR\u00cdTICOS","description":"Investigaci\u00f3n sobre la geolog\u00eda, geof\u00edsica, y petrolog\u00eda","potentialAction":[{"@type":"SearchAction","target":{"@type":"EntryPoint","urlTemplate":"http:\/\/estructuras-de-impacto.impact-structures.com\/?s={search_term_string}"},"query-input":{"@type":"PropertyValueSpecification","valueRequired":true,"valueName":"search_term_string"}}],"inLanguage":"es"}]}},"_links":{"self":[{"href":"http:\/\/estructuras-de-impacto.impact-structures.com\/index.php?rest_route=\/wp\/v2\/pages\/141","targetHints":{"allow":["GET"]}}],"collection":[{"href":"http:\/\/estructuras-de-impacto.impact-structures.com\/index.php?rest_route=\/wp\/v2\/pages"}],"about":[{"href":"http:\/\/estructuras-de-impacto.impact-structures.com\/index.php?rest_route=\/wp\/v2\/types\/page"}],"author":[{"embeddable":true,"href":"http:\/\/estructuras-de-impacto.impact-structures.com\/index.php?rest_route=\/wp\/v2\/users\/1"}],"replies":[{"embeddable":true,"href":"http:\/\/estructuras-de-impacto.impact-structures.com\/index.php?rest_route=%2Fwp%2Fv2%2Fcomments&post=141"}],"version-history":[{"count":0,"href":"http:\/\/estructuras-de-impacto.impact-structures.com\/index.php?rest_route=\/wp\/v2\/pages\/141\/revisions"}],"up":[{"embeddable":true,"href":"http:\/\/estructuras-de-impacto.impact-structures.com\/index.php?rest_route=\/wp\/v2\/pages\/119"}],"wp:attachment":[{"href":"http:\/\/estructuras-de-impacto.impact-structures.com\/index.php?rest_route=%2Fwp%2Fv2%2Fmedia&parent=141"}],"curies":[{"name":"wp","href":"https:\/\/api.w.org\/{rel}","templated":true}]}}