{"id":1408,"date":"2011-12-02T15:52:30","date_gmt":"2011-12-02T15:52:30","guid":{"rendered":"http:\/\/cms.impact-structures.com\/?page_id=116"},"modified":"2012-06-16T17:15:43","modified_gmt":"2012-06-16T17:15:43","slug":"the-shatter-cone-page","status":"publish","type":"page","link":"http:\/\/estructuras-de-impacto.impact-structures.com\/?page_id=1408","title":{"rendered":"P\u00e1gina sobre conos astillados"},"content":{"rendered":"<p>Los conos astillados son fracturas c\u00f3nicas con marcas t\u00edpicas producidas por ondas de choque, y pertenecen al conjunto de rasgos de choque mesosc\u00f3picos identificables en las rocas de estructuras de impacto (Fig. 1).<\/p>\n<p><img loading=\"lazy\" decoding=\"async\" src=\"http:\/\/www.impact-structures.com\/shattercone\/shatterconepage\/image002.gif\" alt=\"Image002\" width=\"263\" height=\"387\" \/><\/p>\n<p>Fig. 1. Conos astillados en rocas gran\u00edticas, estructura de impacto de Rochechouart (Francia)<\/p>\n<p>Han sido observados en rocas afectadas por ondas de choque generadas en pruebas nucleares y han podido ser reproducidos experimentalmente en el laboratorio. La presi\u00f3n de choque requerida para su generaci\u00f3n se estima entre 20 y 200 Kbar (2 y 20 Gpa). Por lo general, el \u00e1pice de los conos apunta hacia la fuente productora de las ondas de choque, pero son frecuentes las orientaciones irregulares (Fig. 2) e incluso orientaciones en sentido contrario (Fig. 3, 4). En las estructuras de impacto, el tama\u00f1o de los conos oscila entre los cent\u00edmetros y los metros. Los conos totalmente desarrollados son raros, lo cual se explica por las inhomogeneidades existentes en las rocas. En el caso extremo, los conos astillados pueden degenerar en clivaje astillado (en rocas pizarrosas).<\/p>\n<p><img loading=\"lazy\" decoding=\"async\" src=\"http:\/\/www.impact-structures.com\/shattercone\/shatterconepage\/image004.gif\" alt=\"Image004\" width=\"263\" height=\"199\" \/><\/p>\n<p>Fig. 2. Marcas de fractura en un cono astillado que muestran orientaciones fuertemente variables.<\/p>\n<p><a href=\"http:\/\/impacto.impact-structures.com\/wp-content\/uploads\/2011\/12\/shatter-cones-steinheim-counter.jpg\" target=\"_blank\"> <img loading=\"lazy\" decoding=\"async\" class=\"alignnone size-medium wp-image-1898\" title=\"shatter cones steinheim counter\" src=\"http:\/\/impacto.impact-structures.com\/wp-content\/uploads\/2011\/12\/shatter-cones-steinheim-counter-300x225.jpg\" alt=\"\" width=\"300\" height=\"225\" srcset=\"http:\/\/estructuras-de-impacto.impact-structures.com\/wp-content\/uploads\/2011\/12\/shatter-cones-steinheim-counter-300x225.jpg 300w, http:\/\/estructuras-de-impacto.impact-structures.com\/wp-content\/uploads\/2011\/12\/shatter-cones-steinheim-counter-400x300.jpg 400w, http:\/\/estructuras-de-impacto.impact-structures.com\/wp-content\/uploads\/2011\/12\/shatter-cones-steinheim-counter.jpg 640w\" sizes=\"auto, (max-width: 300px) 85vw, 300px\" \/><\/a><\/p>\n<p>Fig. 3. Conos astillados, negativo y positivo, presentes en una caliza del Malm; estructura de impacto de Steinheim (Alemania)<\/p>\n<p><a href=\"http:\/\/impacto.impact-structures.com\/wp-content\/uploads\/2011\/12\/kentland-shattercones.jpg\" target=\"_blank\"><img loading=\"lazy\" decoding=\"async\" class=\"alignnone size-medium wp-image-1899\" title=\"kentland shattercones\" src=\"http:\/\/impacto.impact-structures.com\/wp-content\/uploads\/2011\/12\/kentland-shattercones-300x225.jpg\" alt=\"\" width=\"300\" height=\"225\" srcset=\"http:\/\/estructuras-de-impacto.impact-structures.com\/wp-content\/uploads\/2011\/12\/kentland-shattercones-300x225.jpg 300w, http:\/\/estructuras-de-impacto.impact-structures.com\/wp-content\/uploads\/2011\/12\/kentland-shattercones-400x300.jpg 400w, http:\/\/estructuras-de-impacto.impact-structures.com\/wp-content\/uploads\/2011\/12\/kentland-shattercones.jpg 864w\" sizes=\"auto, (max-width: 300px) 85vw, 300px\" \/><\/a><\/p>\n<p>Fig. 4. Dos conos astillados con orientaciones contrapuestas. Estructura de impacto de Kentland (Indiana, USA)<\/p>\n<p>&nbsp;<\/p>\n<p>El proceso de fracturaci\u00f3n mec\u00e1nica que da lugar a la formaci\u00f3n los conos astillados ha sido discutido desde hace d\u00e9cadas, incluso hoy en d\u00eda no existe un modelo satisfactorio en todos los aspectos tal y como puede leerse en:<\/p>\n<p><a href=\"http:\/\/www.lpi.usra.edu\/meetings\/lpsc2003\/pdf\/1546.pdf\" target=\"_blank\">http:\/\/www.lpi.usra.edu\/meetings\/lpsc2003\/pdf\/1546.pdf\u00a0<\/a><\/p>\n<p><a href=\"http:\/\/www.lpi.usra.edu\/meetings\/impacts97\/pdf\/6032.pdf\" target=\"_blank\">http:\/\/www.lpi.usra.edu\/meetings\/impacts97\/pdf\/6032.pdf<\/a><\/p>\n<p><a href=\"http:\/\/www.nature.com\/nature\/journal\/v418\/n6895\/full\/nature00903.html\" target=\"_blank\">http:\/\/www.nature.com\/nature\/journal\/v418\/n6895\/full\/nature00903.html<\/a><\/p>\n<p><a href=\"http:\/\/www.lpi.usra.edu\/meetings\/largeimpacts2003\/pdf\/4008.pdf\" target=\"_blank\">http:\/\/www.lpi.usra.edu\/meetings\/largeimpacts2003\/pdf\/4008.pdf<\/a><\/p>\n<p>&nbsp;<\/p>\n<p>Entre comillas citamos:<\/p>\n<p>\u201c Los resultados de este estudio indican que ninguna de las hip\u00f3tesis existentes para la formaci\u00f3n de los conos astillados son en la actualidad capaces de explicar de una manera adecuada todas las caracter\u00edsticas de este fen\u00f3meno de fracturaci\u00f3n\u201d.<\/p>\n<p>Un aspecto sobre\u00a0 la fracturaci\u00f3n mec\u00e1nica que origina los conos astillados trata de ser explicado en nuestra web (clicar <span style=\"text-decoration: underline;\"><span style=\"color: #0000ff; text-decoration: underline;\"><a href=\"http:\/\/estructuras-de-impacto.impact-structures.com\/?page_id=212\" target=\"_blank\">aqu\u00ed<\/a><\/span><\/span>).<\/p>\n<p><img loading=\"lazy\" decoding=\"async\" src=\"http:\/\/www.impact-structures.com\/shattercone\/shatterconepage\/image012.gif\" alt=\"Image012\" width=\"269\" height=\"202\" \/><\/p>\n<p>Fig. 5. Estriaci\u00f3n \u2013 una formaci\u00f3n completamente diferente por comparaci\u00f3n con el proceso de formaci\u00f3n de marcas de fractura en los conos astillados. Muestra procedente de la cuenca de impacto de Rubielos de la C\u00e9rida.<\/p>\n<p>Con respecto a la mec\u00e1nica de fracturaci\u00f3n y a la terminolog\u00eda, debe destacarse que a menudo \u2013 por nop decir de un modo regular \u2013 las marcas de conos astillados son descritas de manera confusa o denominadas como \u201cestriaciones\u201d o \u201cestr\u00edas\u201d (p.e. en los art\u00edculos de referencia citados arriba), circunstancia que debiera evitarse. \u201cLas estriaciones\u201d (Fig. 5) en sentido geol\u00f3gico son surcos paralelos y l\u00edneas ralladas formadas por el desplazamiento relativo de masas de rocas durante el fallamiento o el movimiento de glaciares; nos indican las direcciones de movimiento. Dado que las estriaciones son un rasgo com\u00fan en las estructuras de impacto (debido a los movimientos de masas de rocas que se produce durante los estadios de excavaci\u00f3n y modificaci\u00f3n del proceso de craterizaci\u00f3n por impacto), la confusi\u00f3n de marcas de fractura de los conos astillados con las estriaciones es especialmente molesta.<\/p>\n<ul>\n<ul>\n<li>A menudo, aparte del confuso t\u00e9rmino \u201cestriaci\u00f3n\u201d, diversas formas c\u00f3nicas de origen sedimentario, as\u00ed como rasgos diagen\u00e9ticos y de meteorizaci\u00f3n han sido confundidos e interpretados como conos astillados. Entre las interpretaciones err\u00f3neas, las estructuras diagen\u00e9ticas de cone-in- cone (cono dentro de cono) que se desarrollan sobretodo en calizas son las que ocupan el primer lugar. En contraste con los verdaderos conos astillados, \u00e9stas pueden ser f\u00e1cilmente desacreditadas y por tanto no confundidas por su estructura interna generalmente fibrosa. Una vez reconocidos, los verdaderos conos astillados ya no ser\u00e1n m\u00e1s veces confundidos gracias a sus distintivas marcas de fracturaci\u00f3n. Para ello, para facilitar su reconocimiento y por tanto evitar confusiones, os proponemos que mir\u00e9is los diferentes ejemplos procedentes de diversas estructuras de impacto del mundo que pueden verse en las diversas p\u00e1ginas del submen\u00fa. En nuestra web os mostramos im\u00e1genes de conos astillados en rocas que proceden de las siguientes estructuras de impacto:<span style=\"text-decoration: underline; color: #000000;\">USA:\u00a0<\/span><span style=\"color: #000000;\">Beaverhead, Crooked Creek, Kentland, Wells Creek, Santa Fe<\/span><\/li>\n<\/ul>\n<\/ul>\n<ul>\n<ul>\n<li><span style=\"text-decoration: underline; color: #000000;\">Canada:\u00a0<\/span>Sudbury<\/li>\n<\/ul>\n<\/ul>\n<ul>\n<ul>\n<li><span style=\"text-decoration: underline;\">Sudafrica: Vredefort<\/span><\/li>\n<\/ul>\n<\/ul>\n<ul>\n<ul>\n<li><span style=\"text-decoration: underline; color: #000000;\">Francia:\u00a0<\/span>Rochechouart<\/li>\n<\/ul>\n<\/ul>\n<ul>\n<ul>\n<li><span style=\"text-decoration: underline; color: #ff0000;\"><span style=\"color: #000000; text-decoration: underline;\">Alemania<\/span><span style=\"text-decoration: underline;\"><span style=\"color: #ff0000;\">:<\/span><\/span><\/span><span style=\"color: #ff0000;\">\u00a0<\/span>Ries (N\u00f6rdlinger Ries), Steinheim Basin<\/li>\n<\/ul>\n<\/ul>\n<ul>\n<ul>\n<li><span style=\"text-decoration: underline; color: #ff0000;\"><span style=\"color: #000000; text-decoration: underline;\">Suecia<\/span><span style=\"color: #000000; text-decoration: underline;\">:<\/span><\/span><span style=\"color: #ff0000;\">\u00a0<\/span>Siljan<\/li>\n<\/ul>\n<\/ul>\n<ul>\n<ul>\n<li><span style=\"text-decoration: underline; color: #000000;\">Finlandia:\u00a0<\/span>Karrikoselk\u00e4, Keurusselk\u00e4, Saarij\u00e4rvi, Suvasvesi South<\/li>\n<\/ul>\n<\/ul>\n<ul>\n<ul>\n<li><span style=\"color: #000000;\"><span style=\"text-decoration: underline;\"> <span style=\"text-decoration: underline;\">Espa\u00f1a:\u00a0<\/span><\/span><\/span>Azuara, Rubielos de la C\u00e9rida<\/li>\n<\/ul>\n<\/ul>\n","protected":false},"excerpt":{"rendered":"<p>Los conos astillados son fracturas c\u00f3nicas con marcas t\u00edpicas producidas por ondas de choque, y pertenecen al conjunto de rasgos de choque mesosc\u00f3picos identificables en las rocas de estructuras de impacto (Fig. 1). Fig. 1. Conos astillados en rocas gran\u00edticas, estructura de impacto de Rochechouart (Francia) Han sido observados en rocas afectadas por ondas de &hellip; <a href=\"http:\/\/estructuras-de-impacto.impact-structures.com\/?page_id=1408\" class=\"more-link\">Continuar leyendo<span class=\"screen-reader-text\"> \u00abP\u00e1gina sobre conos astillados\u00bb<\/span><\/a><\/p>\n","protected":false},"author":1,"featured_media":0,"parent":13,"menu_order":0,"comment_status":"closed","ping_status":"closed","template":"sidebar-page.php","meta":{"footnotes":""},"class_list":["post-1408","page","type-page","status-publish","hentry"],"yoast_head":"<!-- This site is optimized with the Yoast SEO plugin v27.3 - https:\/\/yoast.com\/product\/yoast-seo-wordpress\/ -->\n<title>P\u00e1gina sobre conos astillados - ERNSTSON CLAUDIN ESTRUCTURAS DE IMPACTO - CR\u00c1TERES METEOR\u00cdTICOS<\/title>\n<meta name=\"robots\" content=\"index, follow, max-snippet:-1, max-image-preview:large, max-video-preview:-1\" \/>\n<link rel=\"canonical\" href=\"http:\/\/estructuras-de-impacto.impact-structures.com\/?page_id=1408\" \/>\n<meta property=\"og:locale\" content=\"es_ES\" \/>\n<meta property=\"og:type\" content=\"article\" \/>\n<meta property=\"og:title\" content=\"P\u00e1gina sobre conos astillados - ERNSTSON CLAUDIN ESTRUCTURAS DE IMPACTO - CR\u00c1TERES METEOR\u00cdTICOS\" \/>\n<meta property=\"og:description\" content=\"Los conos astillados son fracturas c\u00f3nicas con marcas t\u00edpicas producidas por ondas de choque, y pertenecen al conjunto de rasgos de choque mesosc\u00f3picos identificables en las rocas de estructuras de impacto (Fig. 1). Fig. 1. Conos astillados en rocas gran\u00edticas, estructura de impacto de Rochechouart (Francia) Han sido observados en rocas afectadas por ondas de &hellip; Continuar leyendo &quot;P\u00e1gina sobre conos astillados&quot;\" \/>\n<meta property=\"og:url\" content=\"http:\/\/estructuras-de-impacto.impact-structures.com\/?page_id=1408\" \/>\n<meta property=\"og:site_name\" content=\"ERNSTSON CLAUDIN ESTRUCTURAS DE IMPACTO - CR\u00c1TERES METEOR\u00cdTICOS\" \/>\n<meta property=\"article:modified_time\" content=\"2012-06-16T17:15:43+00:00\" \/>\n<meta property=\"og:image\" content=\"http:\/\/www.impact-structures.com\/shattercone\/shatterconepage\/image002.gif\" \/>\n<meta name=\"twitter:card\" content=\"summary_large_image\" \/>\n<meta name=\"twitter:label1\" content=\"Tiempo de lectura\" \/>\n\t<meta name=\"twitter:data1\" content=\"4 minutos\" \/>\n<script type=\"application\/ld+json\" class=\"yoast-schema-graph\">{\"@context\":\"https:\\\/\\\/schema.org\",\"@graph\":[{\"@type\":\"WebPage\",\"@id\":\"http:\\\/\\\/estructuras-de-impacto.impact-structures.com\\\/?page_id=1408\",\"url\":\"http:\\\/\\\/estructuras-de-impacto.impact-structures.com\\\/?page_id=1408\",\"name\":\"P\u00e1gina sobre conos astillados - ERNSTSON CLAUDIN ESTRUCTURAS DE IMPACTO - CR\u00c1TERES METEOR\u00cdTICOS\",\"isPartOf\":{\"@id\":\"http:\\\/\\\/estructuras-de-impacto.impact-structures.com\\\/#website\"},\"primaryImageOfPage\":{\"@id\":\"http:\\\/\\\/estructuras-de-impacto.impact-structures.com\\\/?page_id=1408#primaryimage\"},\"image\":{\"@id\":\"http:\\\/\\\/estructuras-de-impacto.impact-structures.com\\\/?page_id=1408#primaryimage\"},\"thumbnailUrl\":\"http:\\\/\\\/www.impact-structures.com\\\/shattercone\\\/shatterconepage\\\/image002.gif\",\"datePublished\":\"2011-12-02T15:52:30+00:00\",\"dateModified\":\"2012-06-16T17:15:43+00:00\",\"breadcrumb\":{\"@id\":\"http:\\\/\\\/estructuras-de-impacto.impact-structures.com\\\/?page_id=1408#breadcrumb\"},\"inLanguage\":\"es\",\"potentialAction\":[{\"@type\":\"ReadAction\",\"target\":[\"http:\\\/\\\/estructuras-de-impacto.impact-structures.com\\\/?page_id=1408\"]}]},{\"@type\":\"ImageObject\",\"inLanguage\":\"es\",\"@id\":\"http:\\\/\\\/estructuras-de-impacto.impact-structures.com\\\/?page_id=1408#primaryimage\",\"url\":\"http:\\\/\\\/www.impact-structures.com\\\/shattercone\\\/shatterconepage\\\/image002.gif\",\"contentUrl\":\"http:\\\/\\\/www.impact-structures.com\\\/shattercone\\\/shatterconepage\\\/image002.gif\"},{\"@type\":\"BreadcrumbList\",\"@id\":\"http:\\\/\\\/estructuras-de-impacto.impact-structures.com\\\/?page_id=1408#breadcrumb\",\"itemListElement\":[{\"@type\":\"ListItem\",\"position\":1,\"name\":\"Portada\",\"item\":\"http:\\\/\\\/estructuras-de-impacto.impact-structures.com\\\/\"},{\"@type\":\"ListItem\",\"position\":2,\"name\":\"Rocas de impacto \u2013 impactitas\",\"item\":\"http:\\\/\\\/estructuras-de-impacto.impact-structures.com\\\/?page_id=13\"},{\"@type\":\"ListItem\",\"position\":3,\"name\":\"P\u00e1gina sobre conos astillados\"}]},{\"@type\":\"WebSite\",\"@id\":\"http:\\\/\\\/estructuras-de-impacto.impact-structures.com\\\/#website\",\"url\":\"http:\\\/\\\/estructuras-de-impacto.impact-structures.com\\\/\",\"name\":\"ERNSTSON CLAUDIN ESTRUCTURAS DE IMPACTO - CR\u00c1TERES METEOR\u00cdTICOS\",\"description\":\"Investigaci\u00f3n sobre la geolog\u00eda, geof\u00edsica, y petrolog\u00eda\",\"potentialAction\":[{\"@type\":\"SearchAction\",\"target\":{\"@type\":\"EntryPoint\",\"urlTemplate\":\"http:\\\/\\\/estructuras-de-impacto.impact-structures.com\\\/?s={search_term_string}\"},\"query-input\":{\"@type\":\"PropertyValueSpecification\",\"valueRequired\":true,\"valueName\":\"search_term_string\"}}],\"inLanguage\":\"es\"}]}<\/script>\n<!-- \/ Yoast SEO plugin. -->","yoast_head_json":{"title":"P\u00e1gina sobre conos astillados - ERNSTSON CLAUDIN ESTRUCTURAS DE IMPACTO - CR\u00c1TERES METEOR\u00cdTICOS","robots":{"index":"index","follow":"follow","max-snippet":"max-snippet:-1","max-image-preview":"max-image-preview:large","max-video-preview":"max-video-preview:-1"},"canonical":"http:\/\/estructuras-de-impacto.impact-structures.com\/?page_id=1408","og_locale":"es_ES","og_type":"article","og_title":"P\u00e1gina sobre conos astillados - ERNSTSON CLAUDIN ESTRUCTURAS DE IMPACTO - CR\u00c1TERES METEOR\u00cdTICOS","og_description":"Los conos astillados son fracturas c\u00f3nicas con marcas t\u00edpicas producidas por ondas de choque, y pertenecen al conjunto de rasgos de choque mesosc\u00f3picos identificables en las rocas de estructuras de impacto (Fig. 1). Fig. 1. Conos astillados en rocas gran\u00edticas, estructura de impacto de Rochechouart (Francia) Han sido observados en rocas afectadas por ondas de &hellip; Continuar leyendo \"P\u00e1gina sobre conos astillados\"","og_url":"http:\/\/estructuras-de-impacto.impact-structures.com\/?page_id=1408","og_site_name":"ERNSTSON CLAUDIN ESTRUCTURAS DE IMPACTO - CR\u00c1TERES METEOR\u00cdTICOS","article_modified_time":"2012-06-16T17:15:43+00:00","og_image":[{"url":"http:\/\/www.impact-structures.com\/shattercone\/shatterconepage\/image002.gif","type":"","width":"","height":""}],"twitter_card":"summary_large_image","twitter_misc":{"Tiempo de lectura":"4 minutos"},"schema":{"@context":"https:\/\/schema.org","@graph":[{"@type":"WebPage","@id":"http:\/\/estructuras-de-impacto.impact-structures.com\/?page_id=1408","url":"http:\/\/estructuras-de-impacto.impact-structures.com\/?page_id=1408","name":"P\u00e1gina sobre conos astillados - ERNSTSON CLAUDIN ESTRUCTURAS DE IMPACTO - CR\u00c1TERES METEOR\u00cdTICOS","isPartOf":{"@id":"http:\/\/estructuras-de-impacto.impact-structures.com\/#website"},"primaryImageOfPage":{"@id":"http:\/\/estructuras-de-impacto.impact-structures.com\/?page_id=1408#primaryimage"},"image":{"@id":"http:\/\/estructuras-de-impacto.impact-structures.com\/?page_id=1408#primaryimage"},"thumbnailUrl":"http:\/\/www.impact-structures.com\/shattercone\/shatterconepage\/image002.gif","datePublished":"2011-12-02T15:52:30+00:00","dateModified":"2012-06-16T17:15:43+00:00","breadcrumb":{"@id":"http:\/\/estructuras-de-impacto.impact-structures.com\/?page_id=1408#breadcrumb"},"inLanguage":"es","potentialAction":[{"@type":"ReadAction","target":["http:\/\/estructuras-de-impacto.impact-structures.com\/?page_id=1408"]}]},{"@type":"ImageObject","inLanguage":"es","@id":"http:\/\/estructuras-de-impacto.impact-structures.com\/?page_id=1408#primaryimage","url":"http:\/\/www.impact-structures.com\/shattercone\/shatterconepage\/image002.gif","contentUrl":"http:\/\/www.impact-structures.com\/shattercone\/shatterconepage\/image002.gif"},{"@type":"BreadcrumbList","@id":"http:\/\/estructuras-de-impacto.impact-structures.com\/?page_id=1408#breadcrumb","itemListElement":[{"@type":"ListItem","position":1,"name":"Portada","item":"http:\/\/estructuras-de-impacto.impact-structures.com\/"},{"@type":"ListItem","position":2,"name":"Rocas de impacto \u2013 impactitas","item":"http:\/\/estructuras-de-impacto.impact-structures.com\/?page_id=13"},{"@type":"ListItem","position":3,"name":"P\u00e1gina sobre conos astillados"}]},{"@type":"WebSite","@id":"http:\/\/estructuras-de-impacto.impact-structures.com\/#website","url":"http:\/\/estructuras-de-impacto.impact-structures.com\/","name":"ERNSTSON CLAUDIN ESTRUCTURAS DE IMPACTO - CR\u00c1TERES METEOR\u00cdTICOS","description":"Investigaci\u00f3n sobre la geolog\u00eda, geof\u00edsica, y petrolog\u00eda","potentialAction":[{"@type":"SearchAction","target":{"@type":"EntryPoint","urlTemplate":"http:\/\/estructuras-de-impacto.impact-structures.com\/?s={search_term_string}"},"query-input":{"@type":"PropertyValueSpecification","valueRequired":true,"valueName":"search_term_string"}}],"inLanguage":"es"}]}},"_links":{"self":[{"href":"http:\/\/estructuras-de-impacto.impact-structures.com\/index.php?rest_route=\/wp\/v2\/pages\/1408","targetHints":{"allow":["GET"]}}],"collection":[{"href":"http:\/\/estructuras-de-impacto.impact-structures.com\/index.php?rest_route=\/wp\/v2\/pages"}],"about":[{"href":"http:\/\/estructuras-de-impacto.impact-structures.com\/index.php?rest_route=\/wp\/v2\/types\/page"}],"author":[{"embeddable":true,"href":"http:\/\/estructuras-de-impacto.impact-structures.com\/index.php?rest_route=\/wp\/v2\/users\/1"}],"replies":[{"embeddable":true,"href":"http:\/\/estructuras-de-impacto.impact-structures.com\/index.php?rest_route=%2Fwp%2Fv2%2Fcomments&post=1408"}],"version-history":[{"count":0,"href":"http:\/\/estructuras-de-impacto.impact-structures.com\/index.php?rest_route=\/wp\/v2\/pages\/1408\/revisions"}],"up":[{"embeddable":true,"href":"http:\/\/estructuras-de-impacto.impact-structures.com\/index.php?rest_route=\/wp\/v2\/pages\/13"}],"wp:attachment":[{"href":"http:\/\/estructuras-de-impacto.impact-structures.com\/index.php?rest_route=%2Fwp%2Fv2%2Fmedia&parent=1408"}],"curies":[{"name":"wp","href":"https:\/\/api.w.org\/{rel}","templated":true}]}}