{"id":1407,"date":"2011-12-02T15:51:46","date_gmt":"2011-12-02T15:51:46","guid":{"rendered":"http:\/\/cms.impact-structures.com\/?page_id=114"},"modified":"2012-06-06T13:25:41","modified_gmt":"2012-06-06T13:25:41","slug":"the-impact-breccia-page","status":"publish","type":"page","link":"http:\/\/estructuras-de-impacto.impact-structures.com\/?page_id=1407","title":{"rendered":"P\u00e1gina sobre brechas de impacto"},"content":{"rendered":"<h2>Introducci\u00f3n<\/h2>\n<p>Una brecha es una roca sedimentaria cl\u00e1stica compuesta por clastos angulares inmersos en una matriz consolidada. Las brechas pueden ser producidas por diversos procesos geol\u00f3gicos: brechas tect\u00f3nicas, brechas volc\u00e1nicas (brechas eruptivas, brechas de conducto), brechas sedimentarias (p.e., brechas de caida), brechas de colapso (p.e., en zonas carstificadas). Dependiendo del origen de los clastos, pueden ser clasificadas en brechas monom\u00edcticas (monogen\u00e9ticas, monolitol\u00f3gicas) y polim\u00edcticas (poligen\u00e9ticas, polilitol\u00f3gicas).<\/p>\n<p><img loading=\"lazy\" decoding=\"async\" src=\"http:\/\/www.impact-structures.com\/breccia\/impact-breccia\/image002.gif\" alt=\"Image002\" width=\"276\" height=\"185\" \/><\/p>\n<p>Fig. 1. Brecha polim\u00edctica de impacto; estructura de impacto de Wanapitei (Canada).<\/p>\n<p align=\"left\">En las estructuras de impacto, las brechas monom\u00edcticas y polim\u00edcticas constituyen uno de los rasgos macrosc\u00f3picos m\u00e1s prominentes. \u00c9stas pueden formarse en diversas fases de proceso de craterizac i\u00f3n por impacto: en el flujo de la masa de rocas ubicadas por detr\u00e1s del frente de choque que se inicia en el punto de impacto, durante la excavaci\u00f3n y formaci\u00f3n de la denominada cavidad transitoria (Grieve et al., 1981; Melosh, 1989), durante la eyecci\u00f3n del material excavado, durante el aterrizaje de los eyectas y su emplazamiento y mezcla con material local (erosi\u00f3n y sedimentaci\u00f3n bal\u00edstica; Oberbeck, 1975), y durante el colapso de la cavidad transitoria en el estadio de modificaci\u00f3n (Melosh, 1989). A lo largo de este complejo proceso, las brechas pueden incorporar a brechas ya preexistentes, lo cual conlleva la aparici\u00f3n de brechas dentro de brechas e incluso a diversas generaciones de brechas (situaci\u00f3n por lo general desconocida en otros procesos geol\u00f3gicos).<\/p>\n<p><img loading=\"lazy\" decoding=\"async\" src=\"http:\/\/www.impact-structures.com\/breccia\/impact-breccia\/image004.gif\" alt=\"Image004\" width=\"269\" height=\"202\" \/><\/p>\n<p><span style=\"color: #000000;\">Fig. 2.\u00a0<\/span>Capa massiva de brecha de impacto (eyecta de la \u201cbrecha Bunte\u201d) que sobreyace una caliza aut\u00f2ctona del Malm; estructura de impacto de Ries (Alemania), cantera de Gundelsheim.<\/p>\n<p>&nbsp;<\/p>\n<p><img loading=\"lazy\" decoding=\"async\" src=\"http:\/\/www.impact-structures.com\/breccia\/impact-breccia\/image006.gif\" alt=\"Image006\" width=\"269\" height=\"202\" \/><\/p>\n<p><span style=\"color: #000000;\">Fig. 3.\u00a0C<\/span>apa masiva de brechas de impacto (brecha basal) que corta de manera erosiva a los sedimentos cret\u00e1cicos de la Fm. Utrillas; cuenca de impacto de Rubielos de la C\u00e9rida; cerca de Fuentes Calientes.<\/p>\n<p><a href=\"http:\/\/impacto.impact-structures.com\/wp-content\/uploads\/2011\/12\/meteor-breccia.jpg\" target=\"_blank\"><img loading=\"lazy\" decoding=\"async\" class=\"alignnone size-medium wp-image-1848\" title=\"meteor breccia\" src=\"http:\/\/impacto.impact-structures.com\/wp-content\/uploads\/2011\/12\/meteor-breccia-300x213.jpg\" alt=\"\" width=\"300\" height=\"213\" srcset=\"http:\/\/estructuras-de-impacto.impact-structures.com\/wp-content\/uploads\/2011\/12\/meteor-breccia-300x213.jpg 300w, http:\/\/estructuras-de-impacto.impact-structures.com\/wp-content\/uploads\/2011\/12\/meteor-breccia-1024x728.jpg 1024w, http:\/\/estructuras-de-impacto.impact-structures.com\/wp-content\/uploads\/2011\/12\/meteor-breccia-421x300.jpg 421w, http:\/\/estructuras-de-impacto.impact-structures.com\/wp-content\/uploads\/2011\/12\/meteor-breccia.jpg 1134w\" sizes=\"auto, (max-width: 300px) 85vw, 300px\" \/><\/a><\/p>\n<p align=\"left\"><span style=\"color: #ff0000;\"><span style=\"color: #000000;\">Fig. 4.\u00a0 Brecha de impacto d\u00e9bilmente cementada procedente del Meteor Crater (cr\u00e1ter Barringer) en Arizona<\/span>. <\/span><\/p>\n<p align=\"left\">Las brechas de impacto pueden ser observadas a escala megasc\u00f3pica (megabrecha), macrosc\u00f3pica y microsc\u00f3pica, siendo abundantes bajo la forma de diques. Los diques, en el sentido geol\u00f3gico normal, consisten en cuerpos tabulares formados por diversos materiales (minerales, rocas, menas) que intersectan a una roca encajante. En las estructuras de impacto, los diques de brechas tienen un papel importante en la comprensi\u00f3n del proceso de craterizaci\u00f3n. Han sido citados en diversas estructuras, y han sido investigados en detalle en las estructuras de Rochechouart (Francia) y Azuara (Espa\u00f1a). Por lo general se ha sugerido que la mayor\u00eda de los diques de brecha se han formado durante el estadio de excavaci\u00f3n, a trav\u00e9s de la inyecci\u00f3n del material brechificado en las paredes y suelo de la creciente cavidad de excavaci\u00f3n. Las \u00faltimas formaciones de diques de brecha en el estadio de modificaci\u00f3n incorporan a las primeras en formarse, pudiendo dar lugar a generaciones de diques de brecha.<\/p>\n<p align=\"left\"><img loading=\"lazy\" decoding=\"async\" src=\"http:\/\/www.impact-structures.com\/breccia\/impact-breccia\/image010.gif\" alt=\"Image010\" width=\"275\" height=\"184\" \/><\/p>\n<p align=\"left\"><span style=\"color: #000000;\">Fig. 5.\u00a0<\/span>Dique de brechas de impacto que corta de manera brusca unas dolom\u00edas bien estratificadas del Muschelkalk. Cuenca de impacto de Rubielos de la C\u00e9rida (Espa\u00f1a).<\/p>\n<p>Aqu\u00ed (ver el submen\u00fa), presentamos una secuencia de im\u00e1genes de t\u00edpicas brechas de impacto y breves descripciones, as\u00ed como unos pocos comentarios sobre la nomenclatura usual (Subcomisi\u00f3n sobre la sistem\u00e1tica de las Rocas Metam\u00f3rficas, grupo de estudio para impactitas, IUGS).<\/p>\n<p>M\u00e1s brechas de impacto pueden hallarse en:<\/p>\n<p><span style=\"color: #ff0000;\"><a href=\"http:\/\/estructuras-de-impacto.impact-structures.com\/?page_id=125\" target=\"_blank\">http:\/\/estructuras-de-impacto.impact-structures.com\/?page_id=125<\/a><span style=\"color: #000000;\">\u00a0&#8211; Azuara: brechas de impacto<\/span><\/span><\/p>\n<p><span class=\"Apple-style-span\" style=\"color: #ff0000;\"><a href=\"http:\/\/estructuras-de-impacto.impact-structures.com\/?page_id=127\" target=\"_blank\">http:\/\/estructuras-de-impacto.impact-structures.com\/?page_id=127<\/a>\u00a0<span style=\"color: #000000;\">&#8211; Azuara: diques de brechas<\/span><\/span><\/p>\n<p><a href=\"http:\/\/estructuras-de-impacto.impact-structures.com\/?page_id=1420\" target=\"_blank\">http:\/\/estructuras-de-impacto.impact-structures.com\/?page_id=1420<\/a>\u00a0<span style=\"color: #000000;\">&#8211; brecha basal suev\u00edtica<\/span><\/p>\n<p><span style=\"color: #ff0000;\"><a href=\"http:\/\/estructuras-de-impacto.impact-structures.com\/?page_id=1423\" target=\"_blank\">http:\/\/estructuras-de-impacto.impact-structures.com\/?page_id=1423<\/a>\u00a0<span style=\"color: #000000;\">&#8211; m\u00e1s brechas peculiares<\/span><\/span><\/p>\n<p><span style=\"color: #ff0000;\"><a href=\"http:\/\/estructuras-de-impacto.impact-structures.com\/?page_id=282\" target=\"_blank\">http:\/\/estructuras-de-impacto.impact-structures.com\/?page_id=282<\/a>\u00a0 <span style=\"color: #000000;\">&#8211;<\/span> <span style=\"color: #000000;\">megabrechas<\/span><\/span><\/p>\n<p><span class=\"Apple-style-span\" style=\"color: #ff0000;\"><a href=\"http:\/\/estructuras-de-impacto.impact-structures.com\/?page_id=1422\" target=\"_blank\">http:\/\/estructuras-de-impacto.impact-structures.com\/?page_id=1422\u00a0<\/a><span style=\"color: #000000;\">&#8211; brechas monom\u00edcticas de movimiento<\/span><\/span><\/p>\n<p><span style=\"color: #ff0000;\"><a href=\"http:\/\/estructuras-de-impacto.impact-structures.com\/?page_id=1421\" target=\"_blank\">http:\/\/estructuras-de-impacto.impact-structures.com\/?page_id=1421<\/a>\u00a0<span style=\"color: #000000;\">&#8211; l<\/span><\/span><span style=\"color: #000000;\">a<\/span> suevita de Barrachina y las brechas tipo suevitas<\/p>\n","protected":false},"excerpt":{"rendered":"<p>Introducci\u00f3n Una brecha es una roca sedimentaria cl\u00e1stica compuesta por clastos angulares inmersos en una matriz consolidada. Las brechas pueden ser producidas por diversos procesos geol\u00f3gicos: brechas tect\u00f3nicas, brechas volc\u00e1nicas (brechas eruptivas, brechas de conducto), brechas sedimentarias (p.e., brechas de caida), brechas de colapso (p.e., en zonas carstificadas). Dependiendo del origen de los clastos, pueden &hellip; <a href=\"http:\/\/estructuras-de-impacto.impact-structures.com\/?page_id=1407\" class=\"more-link\">Continuar leyendo<span class=\"screen-reader-text\"> \u00abP\u00e1gina sobre brechas de impacto\u00bb<\/span><\/a><\/p>\n","protected":false},"author":1,"featured_media":0,"parent":13,"menu_order":0,"comment_status":"closed","ping_status":"closed","template":"sidebar-page.php","meta":{"footnotes":""},"class_list":["post-1407","page","type-page","status-publish","hentry"],"yoast_head":"<!-- This site is optimized with the Yoast SEO plugin v27.3 - https:\/\/yoast.com\/product\/yoast-seo-wordpress\/ -->\n<title>P\u00e1gina sobre brechas de impacto - ERNSTSON CLAUDIN ESTRUCTURAS DE IMPACTO - CR\u00c1TERES METEOR\u00cdTICOS<\/title>\n<meta name=\"robots\" content=\"index, follow, max-snippet:-1, max-image-preview:large, max-video-preview:-1\" \/>\n<link rel=\"canonical\" href=\"http:\/\/estructuras-de-impacto.impact-structures.com\/?page_id=1407\" \/>\n<meta property=\"og:locale\" content=\"es_ES\" \/>\n<meta property=\"og:type\" content=\"article\" \/>\n<meta property=\"og:title\" content=\"P\u00e1gina sobre brechas de impacto - ERNSTSON CLAUDIN ESTRUCTURAS DE IMPACTO - CR\u00c1TERES METEOR\u00cdTICOS\" \/>\n<meta property=\"og:description\" content=\"Introducci\u00f3n Una brecha es una roca sedimentaria cl\u00e1stica compuesta por clastos angulares inmersos en una matriz consolidada. Las brechas pueden ser producidas por diversos procesos geol\u00f3gicos: brechas tect\u00f3nicas, brechas volc\u00e1nicas (brechas eruptivas, brechas de conducto), brechas sedimentarias (p.e., brechas de caida), brechas de colapso (p.e., en zonas carstificadas). Dependiendo del origen de los clastos, pueden &hellip; Continuar leyendo &quot;P\u00e1gina sobre brechas de impacto&quot;\" \/>\n<meta property=\"og:url\" content=\"http:\/\/estructuras-de-impacto.impact-structures.com\/?page_id=1407\" \/>\n<meta property=\"og:site_name\" content=\"ERNSTSON CLAUDIN ESTRUCTURAS DE IMPACTO - CR\u00c1TERES METEOR\u00cdTICOS\" \/>\n<meta property=\"article:modified_time\" content=\"2012-06-06T13:25:41+00:00\" \/>\n<meta property=\"og:image\" content=\"http:\/\/www.impact-structures.com\/breccia\/impact-breccia\/image002.gif\" \/>\n<meta name=\"twitter:card\" content=\"summary_large_image\" \/>\n<meta name=\"twitter:label1\" content=\"Tiempo de lectura\" \/>\n\t<meta name=\"twitter:data1\" content=\"3 minutos\" \/>\n<script type=\"application\/ld+json\" class=\"yoast-schema-graph\">{\"@context\":\"https:\\\/\\\/schema.org\",\"@graph\":[{\"@type\":\"WebPage\",\"@id\":\"http:\\\/\\\/estructuras-de-impacto.impact-structures.com\\\/?page_id=1407\",\"url\":\"http:\\\/\\\/estructuras-de-impacto.impact-structures.com\\\/?page_id=1407\",\"name\":\"P\u00e1gina sobre brechas de impacto - ERNSTSON CLAUDIN ESTRUCTURAS DE IMPACTO - CR\u00c1TERES METEOR\u00cdTICOS\",\"isPartOf\":{\"@id\":\"http:\\\/\\\/estructuras-de-impacto.impact-structures.com\\\/#website\"},\"primaryImageOfPage\":{\"@id\":\"http:\\\/\\\/estructuras-de-impacto.impact-structures.com\\\/?page_id=1407#primaryimage\"},\"image\":{\"@id\":\"http:\\\/\\\/estructuras-de-impacto.impact-structures.com\\\/?page_id=1407#primaryimage\"},\"thumbnailUrl\":\"http:\\\/\\\/www.impact-structures.com\\\/breccia\\\/impact-breccia\\\/image002.gif\",\"datePublished\":\"2011-12-02T15:51:46+00:00\",\"dateModified\":\"2012-06-06T13:25:41+00:00\",\"breadcrumb\":{\"@id\":\"http:\\\/\\\/estructuras-de-impacto.impact-structures.com\\\/?page_id=1407#breadcrumb\"},\"inLanguage\":\"es\",\"potentialAction\":[{\"@type\":\"ReadAction\",\"target\":[\"http:\\\/\\\/estructuras-de-impacto.impact-structures.com\\\/?page_id=1407\"]}]},{\"@type\":\"ImageObject\",\"inLanguage\":\"es\",\"@id\":\"http:\\\/\\\/estructuras-de-impacto.impact-structures.com\\\/?page_id=1407#primaryimage\",\"url\":\"http:\\\/\\\/www.impact-structures.com\\\/breccia\\\/impact-breccia\\\/image002.gif\",\"contentUrl\":\"http:\\\/\\\/www.impact-structures.com\\\/breccia\\\/impact-breccia\\\/image002.gif\"},{\"@type\":\"BreadcrumbList\",\"@id\":\"http:\\\/\\\/estructuras-de-impacto.impact-structures.com\\\/?page_id=1407#breadcrumb\",\"itemListElement\":[{\"@type\":\"ListItem\",\"position\":1,\"name\":\"Portada\",\"item\":\"http:\\\/\\\/estructuras-de-impacto.impact-structures.com\\\/\"},{\"@type\":\"ListItem\",\"position\":2,\"name\":\"Rocas de impacto \u2013 impactitas\",\"item\":\"http:\\\/\\\/estructuras-de-impacto.impact-structures.com\\\/?page_id=13\"},{\"@type\":\"ListItem\",\"position\":3,\"name\":\"P\u00e1gina sobre brechas de impacto\"}]},{\"@type\":\"WebSite\",\"@id\":\"http:\\\/\\\/estructuras-de-impacto.impact-structures.com\\\/#website\",\"url\":\"http:\\\/\\\/estructuras-de-impacto.impact-structures.com\\\/\",\"name\":\"ERNSTSON CLAUDIN ESTRUCTURAS DE IMPACTO - CR\u00c1TERES METEOR\u00cdTICOS\",\"description\":\"Investigaci\u00f3n sobre la geolog\u00eda, geof\u00edsica, y petrolog\u00eda\",\"potentialAction\":[{\"@type\":\"SearchAction\",\"target\":{\"@type\":\"EntryPoint\",\"urlTemplate\":\"http:\\\/\\\/estructuras-de-impacto.impact-structures.com\\\/?s={search_term_string}\"},\"query-input\":{\"@type\":\"PropertyValueSpecification\",\"valueRequired\":true,\"valueName\":\"search_term_string\"}}],\"inLanguage\":\"es\"}]}<\/script>\n<!-- \/ Yoast SEO plugin. -->","yoast_head_json":{"title":"P\u00e1gina sobre brechas de impacto - ERNSTSON CLAUDIN ESTRUCTURAS DE IMPACTO - CR\u00c1TERES METEOR\u00cdTICOS","robots":{"index":"index","follow":"follow","max-snippet":"max-snippet:-1","max-image-preview":"max-image-preview:large","max-video-preview":"max-video-preview:-1"},"canonical":"http:\/\/estructuras-de-impacto.impact-structures.com\/?page_id=1407","og_locale":"es_ES","og_type":"article","og_title":"P\u00e1gina sobre brechas de impacto - ERNSTSON CLAUDIN ESTRUCTURAS DE IMPACTO - CR\u00c1TERES METEOR\u00cdTICOS","og_description":"Introducci\u00f3n Una brecha es una roca sedimentaria cl\u00e1stica compuesta por clastos angulares inmersos en una matriz consolidada. Las brechas pueden ser producidas por diversos procesos geol\u00f3gicos: brechas tect\u00f3nicas, brechas volc\u00e1nicas (brechas eruptivas, brechas de conducto), brechas sedimentarias (p.e., brechas de caida), brechas de colapso (p.e., en zonas carstificadas). Dependiendo del origen de los clastos, pueden &hellip; Continuar leyendo \"P\u00e1gina sobre brechas de impacto\"","og_url":"http:\/\/estructuras-de-impacto.impact-structures.com\/?page_id=1407","og_site_name":"ERNSTSON CLAUDIN ESTRUCTURAS DE IMPACTO - CR\u00c1TERES METEOR\u00cdTICOS","article_modified_time":"2012-06-06T13:25:41+00:00","og_image":[{"url":"http:\/\/www.impact-structures.com\/breccia\/impact-breccia\/image002.gif","type":"","width":"","height":""}],"twitter_card":"summary_large_image","twitter_misc":{"Tiempo de lectura":"3 minutos"},"schema":{"@context":"https:\/\/schema.org","@graph":[{"@type":"WebPage","@id":"http:\/\/estructuras-de-impacto.impact-structures.com\/?page_id=1407","url":"http:\/\/estructuras-de-impacto.impact-structures.com\/?page_id=1407","name":"P\u00e1gina sobre brechas de impacto - ERNSTSON CLAUDIN ESTRUCTURAS DE IMPACTO - CR\u00c1TERES METEOR\u00cdTICOS","isPartOf":{"@id":"http:\/\/estructuras-de-impacto.impact-structures.com\/#website"},"primaryImageOfPage":{"@id":"http:\/\/estructuras-de-impacto.impact-structures.com\/?page_id=1407#primaryimage"},"image":{"@id":"http:\/\/estructuras-de-impacto.impact-structures.com\/?page_id=1407#primaryimage"},"thumbnailUrl":"http:\/\/www.impact-structures.com\/breccia\/impact-breccia\/image002.gif","datePublished":"2011-12-02T15:51:46+00:00","dateModified":"2012-06-06T13:25:41+00:00","breadcrumb":{"@id":"http:\/\/estructuras-de-impacto.impact-structures.com\/?page_id=1407#breadcrumb"},"inLanguage":"es","potentialAction":[{"@type":"ReadAction","target":["http:\/\/estructuras-de-impacto.impact-structures.com\/?page_id=1407"]}]},{"@type":"ImageObject","inLanguage":"es","@id":"http:\/\/estructuras-de-impacto.impact-structures.com\/?page_id=1407#primaryimage","url":"http:\/\/www.impact-structures.com\/breccia\/impact-breccia\/image002.gif","contentUrl":"http:\/\/www.impact-structures.com\/breccia\/impact-breccia\/image002.gif"},{"@type":"BreadcrumbList","@id":"http:\/\/estructuras-de-impacto.impact-structures.com\/?page_id=1407#breadcrumb","itemListElement":[{"@type":"ListItem","position":1,"name":"Portada","item":"http:\/\/estructuras-de-impacto.impact-structures.com\/"},{"@type":"ListItem","position":2,"name":"Rocas de impacto \u2013 impactitas","item":"http:\/\/estructuras-de-impacto.impact-structures.com\/?page_id=13"},{"@type":"ListItem","position":3,"name":"P\u00e1gina sobre brechas de impacto"}]},{"@type":"WebSite","@id":"http:\/\/estructuras-de-impacto.impact-structures.com\/#website","url":"http:\/\/estructuras-de-impacto.impact-structures.com\/","name":"ERNSTSON CLAUDIN ESTRUCTURAS DE IMPACTO - CR\u00c1TERES METEOR\u00cdTICOS","description":"Investigaci\u00f3n sobre la geolog\u00eda, geof\u00edsica, y petrolog\u00eda","potentialAction":[{"@type":"SearchAction","target":{"@type":"EntryPoint","urlTemplate":"http:\/\/estructuras-de-impacto.impact-structures.com\/?s={search_term_string}"},"query-input":{"@type":"PropertyValueSpecification","valueRequired":true,"valueName":"search_term_string"}}],"inLanguage":"es"}]}},"_links":{"self":[{"href":"http:\/\/estructuras-de-impacto.impact-structures.com\/index.php?rest_route=\/wp\/v2\/pages\/1407","targetHints":{"allow":["GET"]}}],"collection":[{"href":"http:\/\/estructuras-de-impacto.impact-structures.com\/index.php?rest_route=\/wp\/v2\/pages"}],"about":[{"href":"http:\/\/estructuras-de-impacto.impact-structures.com\/index.php?rest_route=\/wp\/v2\/types\/page"}],"author":[{"embeddable":true,"href":"http:\/\/estructuras-de-impacto.impact-structures.com\/index.php?rest_route=\/wp\/v2\/users\/1"}],"replies":[{"embeddable":true,"href":"http:\/\/estructuras-de-impacto.impact-structures.com\/index.php?rest_route=%2Fwp%2Fv2%2Fcomments&post=1407"}],"version-history":[{"count":0,"href":"http:\/\/estructuras-de-impacto.impact-structures.com\/index.php?rest_route=\/wp\/v2\/pages\/1407\/revisions"}],"up":[{"embeddable":true,"href":"http:\/\/estructuras-de-impacto.impact-structures.com\/index.php?rest_route=\/wp\/v2\/pages\/13"}],"wp:attachment":[{"href":"http:\/\/estructuras-de-impacto.impact-structures.com\/index.php?rest_route=%2Fwp%2Fv2%2Fmedia&parent=1407"}],"curies":[{"name":"wp","href":"https:\/\/api.w.org\/{rel}","templated":true}]}}