{"id":1406,"date":"2011-12-02T15:51:17","date_gmt":"2011-12-02T15:51:17","guid":{"rendered":"http:\/\/cms.impact-structures.com\/?page_id=112"},"modified":"2012-04-19T08:53:50","modified_gmt":"2012-04-19T08:53:50","slug":"the-suevite-page","status":"publish","type":"page","link":"http:\/\/estructuras-de-impacto.impact-structures.com\/?page_id=1406","title":{"rendered":"P\u00e1gina sobre suevitas"},"content":{"rendered":"<p style=\"margin-top: 0px; margin-right: 0px; margin-bottom: 1em; margin-left: 0px; line-height: 1.5em; padding: 0px;\"><span class=\"Apple-style-span\" style=\"line-height: 24px;\">De acuerdo con la Subcomisi\u00f3n de la IUGS sobre la Sistem\u00e1tica de las rocas Metam\u00f3rficas, Grupo de estudio para impactitas, una suevita o brecha suev\u00edtica es una brecha de impacto polim\u00edctica con una matriz cl\u00e1stica y fragmentos minerales que presentan diversos estadios de metamorfismo de choque incluyendo part\u00edculas fundidas de impacto cogen\u00e9ticas que se encuentran en un estado v\u00edtreo o cristalizado.<\/span><\/p>\n<p style=\"margin-top: 0px; margin-right: 0px; margin-bottom: 1em; margin-left: 0px; line-height: 1.5em; padding: 0px;\"><span class=\"Apple-style-span\" style=\"line-height: 24px;\"><br \/>\n<a href=\"http:\/\/impacto.impact-structures.com\/wp-content\/uploads\/2011\/12\/suevit.jpg\"><img loading=\"lazy\" decoding=\"async\" class=\"alignnone size-full wp-image-1816\" title=\"suevit\" src=\"http:\/\/impacto.impact-structures.com\/wp-content\/uploads\/2011\/12\/suevit.jpg\" alt=\"\" width=\"266\" height=\"237\" \/><\/a><\/span><\/p>\n<p>Suevita, estructura de impacto del lago Mien (Suecia).<\/p>\n<p>Originalmente, suevita fue el nombre asignado a una brecha de fundido sita en el cr\u00e0ter de Ries y derivada de la provincia de Swabia (Sur de Alemania), y que significava literalment \u201c Piedra de Swabia\u201d. Durante d\u00e8cades, la suevita del cr\u00e0ter de Ries fue considerada un tipo particular de brecha volc\u00e0nica \u00fanica en el mundo. Tanto el or\u00edgen volc\u00e1nico como la excepcionalidad fueron t\u00e9rminos abandonados cuando se demostr\u00f3 que la suevita de Ries era en realidad una impactita fuertemente chocada y que rocas comparables fueron halladas en otras estructures de impacto de la Tierra.<\/p>\n<p>Tan solo recientemente, dentro del marco de un nuevo debate acerca de la nomenclatura de las impactitas [ver, p.e.,<\/p>\n<p><a href=\"http:\/\/www.lpi.usra.edu\/meetings\/lmi2008\/pdf\/3033.pdf\">http:\/\/www.lpi.usra.edu\/meetings\/lmi2008\/pdf\/3033.pdf<\/a>\u00a0,<\/p>\n<p><a href=\"http:\/\/www.bgs.ac.uk\/SCMR\/docs\/papers\/paper_11.pdf\">http:\/\/www.bgs.ac.uk\/SCMR\/docs\/papers\/paper_11.pdf<\/a>\u00a0],<\/p>\n<p>la suevita de Ries y su clasificaci\u00f3n han sido revisitadas (Osinski,G.R., 2003, MAPS 38, 1641-1668; Osinski, G.R., 2004, EPSL 226, 529-543), sugiri\u00e9ndose que la suevita de Ries es m\u00e1s que una roca de fundido de impacto (ver tambi\u00e9n la discusi\u00f3n en<span style=\"color: #ff0000;\"><a href=\"http:\/\/www.impact-structures.com\/impact-rocks-impactites\/impact-melt-page-impact-melt-rocks-impact-glasses-and-congeners\/\">\u00a0http:\/\/www.impact-structures.com\/impact-rocks-impactites\/impact-melt-page-impact-melt-rocks-impact-glasses-and-congeners\/<\/a><\/span><\/p>\n<p>En esta p\u00e0gina, mostraremos y describiremos suevitas procedentes de diferentes estructures de impacto (Ries \u2013 de acuerdo con la clasificaci\u00f3n al uso, Rochechouart, Dellen, Mien, S\u00e4\u00e4ksjarvi, Lappaj\u00e4rvi, Siljam, Kara, Wanapitei) haciendo un \u00e8mfasis especial en las suevitas de las estructures de impacto de Azuara y Rubielos de la C\u00e9rida (Espa\u00f1a)<\/p>\n","protected":false},"excerpt":{"rendered":"<p>De acuerdo con la Subcomisi\u00f3n de la IUGS sobre la Sistem\u00e1tica de las rocas Metam\u00f3rficas, Grupo de estudio para impactitas, una suevita o brecha suev\u00edtica es una brecha de impacto polim\u00edctica con una matriz cl\u00e1stica y fragmentos minerales que presentan diversos estadios de metamorfismo de choque incluyendo part\u00edculas fundidas de impacto cogen\u00e9ticas que se encuentran &hellip; <a href=\"http:\/\/estructuras-de-impacto.impact-structures.com\/?page_id=1406\" class=\"more-link\">Continuar leyendo<span class=\"screen-reader-text\"> \u00abP\u00e1gina sobre suevitas\u00bb<\/span><\/a><\/p>\n","protected":false},"author":1,"featured_media":0,"parent":13,"menu_order":0,"comment_status":"closed","ping_status":"closed","template":"sidebar-page.php","meta":{"footnotes":""},"class_list":["post-1406","page","type-page","status-publish","hentry"],"yoast_head":"<!-- This site is optimized with the Yoast SEO plugin v27.3 - https:\/\/yoast.com\/product\/yoast-seo-wordpress\/ -->\n<title>P\u00e1gina sobre suevitas - ERNSTSON CLAUDIN ESTRUCTURAS DE IMPACTO - CR\u00c1TERES METEOR\u00cdTICOS<\/title>\n<meta name=\"robots\" content=\"index, follow, max-snippet:-1, max-image-preview:large, max-video-preview:-1\" \/>\n<link rel=\"canonical\" href=\"http:\/\/estructuras-de-impacto.impact-structures.com\/?page_id=1406\" \/>\n<meta property=\"og:locale\" content=\"es_ES\" \/>\n<meta property=\"og:type\" content=\"article\" \/>\n<meta property=\"og:title\" content=\"P\u00e1gina sobre suevitas - ERNSTSON CLAUDIN ESTRUCTURAS DE IMPACTO - CR\u00c1TERES METEOR\u00cdTICOS\" \/>\n<meta property=\"og:description\" content=\"De acuerdo con la Subcomisi\u00f3n de la IUGS sobre la Sistem\u00e1tica de las rocas Metam\u00f3rficas, Grupo de estudio para impactitas, una suevita o brecha suev\u00edtica es una brecha de impacto polim\u00edctica con una matriz cl\u00e1stica y fragmentos minerales que presentan diversos estadios de metamorfismo de choque incluyendo part\u00edculas fundidas de impacto cogen\u00e9ticas que se encuentran &hellip; Continuar leyendo &quot;P\u00e1gina sobre suevitas&quot;\" \/>\n<meta property=\"og:url\" content=\"http:\/\/estructuras-de-impacto.impact-structures.com\/?page_id=1406\" \/>\n<meta property=\"og:site_name\" content=\"ERNSTSON CLAUDIN ESTRUCTURAS DE IMPACTO - CR\u00c1TERES METEOR\u00cdTICOS\" \/>\n<meta property=\"article:modified_time\" content=\"2012-04-19T08:53:50+00:00\" \/>\n<meta property=\"og:image\" content=\"http:\/\/impacto.impact-structures.com\/wp-content\/uploads\/2011\/12\/suevit.jpg\" \/>\n<meta name=\"twitter:card\" content=\"summary_large_image\" \/>\n<meta name=\"twitter:label1\" content=\"Tiempo de lectura\" \/>\n\t<meta name=\"twitter:data1\" content=\"2 minutos\" \/>\n<script type=\"application\/ld+json\" class=\"yoast-schema-graph\">{\"@context\":\"https:\\\/\\\/schema.org\",\"@graph\":[{\"@type\":\"WebPage\",\"@id\":\"http:\\\/\\\/estructuras-de-impacto.impact-structures.com\\\/?page_id=1406\",\"url\":\"http:\\\/\\\/estructuras-de-impacto.impact-structures.com\\\/?page_id=1406\",\"name\":\"P\u00e1gina sobre suevitas - ERNSTSON CLAUDIN ESTRUCTURAS DE IMPACTO - CR\u00c1TERES METEOR\u00cdTICOS\",\"isPartOf\":{\"@id\":\"http:\\\/\\\/estructuras-de-impacto.impact-structures.com\\\/#website\"},\"primaryImageOfPage\":{\"@id\":\"http:\\\/\\\/estructuras-de-impacto.impact-structures.com\\\/?page_id=1406#primaryimage\"},\"image\":{\"@id\":\"http:\\\/\\\/estructuras-de-impacto.impact-structures.com\\\/?page_id=1406#primaryimage\"},\"thumbnailUrl\":\"http:\\\/\\\/impacto.impact-structures.com\\\/wp-content\\\/uploads\\\/2011\\\/12\\\/suevit.jpg\",\"datePublished\":\"2011-12-02T15:51:17+00:00\",\"dateModified\":\"2012-04-19T08:53:50+00:00\",\"breadcrumb\":{\"@id\":\"http:\\\/\\\/estructuras-de-impacto.impact-structures.com\\\/?page_id=1406#breadcrumb\"},\"inLanguage\":\"es\",\"potentialAction\":[{\"@type\":\"ReadAction\",\"target\":[\"http:\\\/\\\/estructuras-de-impacto.impact-structures.com\\\/?page_id=1406\"]}]},{\"@type\":\"ImageObject\",\"inLanguage\":\"es\",\"@id\":\"http:\\\/\\\/estructuras-de-impacto.impact-structures.com\\\/?page_id=1406#primaryimage\",\"url\":\"http:\\\/\\\/impacto.impact-structures.com\\\/wp-content\\\/uploads\\\/2011\\\/12\\\/suevit.jpg\",\"contentUrl\":\"http:\\\/\\\/impacto.impact-structures.com\\\/wp-content\\\/uploads\\\/2011\\\/12\\\/suevit.jpg\"},{\"@type\":\"BreadcrumbList\",\"@id\":\"http:\\\/\\\/estructuras-de-impacto.impact-structures.com\\\/?page_id=1406#breadcrumb\",\"itemListElement\":[{\"@type\":\"ListItem\",\"position\":1,\"name\":\"Portada\",\"item\":\"http:\\\/\\\/estructuras-de-impacto.impact-structures.com\\\/\"},{\"@type\":\"ListItem\",\"position\":2,\"name\":\"Rocas de impacto \u2013 impactitas\",\"item\":\"http:\\\/\\\/estructuras-de-impacto.impact-structures.com\\\/?page_id=13\"},{\"@type\":\"ListItem\",\"position\":3,\"name\":\"P\u00e1gina sobre suevitas\"}]},{\"@type\":\"WebSite\",\"@id\":\"http:\\\/\\\/estructuras-de-impacto.impact-structures.com\\\/#website\",\"url\":\"http:\\\/\\\/estructuras-de-impacto.impact-structures.com\\\/\",\"name\":\"ERNSTSON CLAUDIN ESTRUCTURAS DE IMPACTO - CR\u00c1TERES METEOR\u00cdTICOS\",\"description\":\"Investigaci\u00f3n sobre la geolog\u00eda, geof\u00edsica, y petrolog\u00eda\",\"potentialAction\":[{\"@type\":\"SearchAction\",\"target\":{\"@type\":\"EntryPoint\",\"urlTemplate\":\"http:\\\/\\\/estructuras-de-impacto.impact-structures.com\\\/?s={search_term_string}\"},\"query-input\":{\"@type\":\"PropertyValueSpecification\",\"valueRequired\":true,\"valueName\":\"search_term_string\"}}],\"inLanguage\":\"es\"}]}<\/script>\n<!-- \/ Yoast SEO plugin. -->","yoast_head_json":{"title":"P\u00e1gina sobre suevitas - ERNSTSON CLAUDIN ESTRUCTURAS DE IMPACTO - CR\u00c1TERES METEOR\u00cdTICOS","robots":{"index":"index","follow":"follow","max-snippet":"max-snippet:-1","max-image-preview":"max-image-preview:large","max-video-preview":"max-video-preview:-1"},"canonical":"http:\/\/estructuras-de-impacto.impact-structures.com\/?page_id=1406","og_locale":"es_ES","og_type":"article","og_title":"P\u00e1gina sobre suevitas - ERNSTSON CLAUDIN ESTRUCTURAS DE IMPACTO - CR\u00c1TERES METEOR\u00cdTICOS","og_description":"De acuerdo con la Subcomisi\u00f3n de la IUGS sobre la Sistem\u00e1tica de las rocas Metam\u00f3rficas, Grupo de estudio para impactitas, una suevita o brecha suev\u00edtica es una brecha de impacto polim\u00edctica con una matriz cl\u00e1stica y fragmentos minerales que presentan diversos estadios de metamorfismo de choque incluyendo part\u00edculas fundidas de impacto cogen\u00e9ticas que se encuentran &hellip; Continuar leyendo \"P\u00e1gina sobre suevitas\"","og_url":"http:\/\/estructuras-de-impacto.impact-structures.com\/?page_id=1406","og_site_name":"ERNSTSON CLAUDIN ESTRUCTURAS DE IMPACTO - CR\u00c1TERES METEOR\u00cdTICOS","article_modified_time":"2012-04-19T08:53:50+00:00","og_image":[{"url":"http:\/\/impacto.impact-structures.com\/wp-content\/uploads\/2011\/12\/suevit.jpg","type":"","width":"","height":""}],"twitter_card":"summary_large_image","twitter_misc":{"Tiempo de lectura":"2 minutos"},"schema":{"@context":"https:\/\/schema.org","@graph":[{"@type":"WebPage","@id":"http:\/\/estructuras-de-impacto.impact-structures.com\/?page_id=1406","url":"http:\/\/estructuras-de-impacto.impact-structures.com\/?page_id=1406","name":"P\u00e1gina sobre suevitas - ERNSTSON CLAUDIN ESTRUCTURAS DE IMPACTO - CR\u00c1TERES METEOR\u00cdTICOS","isPartOf":{"@id":"http:\/\/estructuras-de-impacto.impact-structures.com\/#website"},"primaryImageOfPage":{"@id":"http:\/\/estructuras-de-impacto.impact-structures.com\/?page_id=1406#primaryimage"},"image":{"@id":"http:\/\/estructuras-de-impacto.impact-structures.com\/?page_id=1406#primaryimage"},"thumbnailUrl":"http:\/\/impacto.impact-structures.com\/wp-content\/uploads\/2011\/12\/suevit.jpg","datePublished":"2011-12-02T15:51:17+00:00","dateModified":"2012-04-19T08:53:50+00:00","breadcrumb":{"@id":"http:\/\/estructuras-de-impacto.impact-structures.com\/?page_id=1406#breadcrumb"},"inLanguage":"es","potentialAction":[{"@type":"ReadAction","target":["http:\/\/estructuras-de-impacto.impact-structures.com\/?page_id=1406"]}]},{"@type":"ImageObject","inLanguage":"es","@id":"http:\/\/estructuras-de-impacto.impact-structures.com\/?page_id=1406#primaryimage","url":"http:\/\/impacto.impact-structures.com\/wp-content\/uploads\/2011\/12\/suevit.jpg","contentUrl":"http:\/\/impacto.impact-structures.com\/wp-content\/uploads\/2011\/12\/suevit.jpg"},{"@type":"BreadcrumbList","@id":"http:\/\/estructuras-de-impacto.impact-structures.com\/?page_id=1406#breadcrumb","itemListElement":[{"@type":"ListItem","position":1,"name":"Portada","item":"http:\/\/estructuras-de-impacto.impact-structures.com\/"},{"@type":"ListItem","position":2,"name":"Rocas de impacto \u2013 impactitas","item":"http:\/\/estructuras-de-impacto.impact-structures.com\/?page_id=13"},{"@type":"ListItem","position":3,"name":"P\u00e1gina sobre suevitas"}]},{"@type":"WebSite","@id":"http:\/\/estructuras-de-impacto.impact-structures.com\/#website","url":"http:\/\/estructuras-de-impacto.impact-structures.com\/","name":"ERNSTSON CLAUDIN ESTRUCTURAS DE IMPACTO - CR\u00c1TERES METEOR\u00cdTICOS","description":"Investigaci\u00f3n sobre la geolog\u00eda, geof\u00edsica, y petrolog\u00eda","potentialAction":[{"@type":"SearchAction","target":{"@type":"EntryPoint","urlTemplate":"http:\/\/estructuras-de-impacto.impact-structures.com\/?s={search_term_string}"},"query-input":{"@type":"PropertyValueSpecification","valueRequired":true,"valueName":"search_term_string"}}],"inLanguage":"es"}]}},"_links":{"self":[{"href":"http:\/\/estructuras-de-impacto.impact-structures.com\/index.php?rest_route=\/wp\/v2\/pages\/1406","targetHints":{"allow":["GET"]}}],"collection":[{"href":"http:\/\/estructuras-de-impacto.impact-structures.com\/index.php?rest_route=\/wp\/v2\/pages"}],"about":[{"href":"http:\/\/estructuras-de-impacto.impact-structures.com\/index.php?rest_route=\/wp\/v2\/types\/page"}],"author":[{"embeddable":true,"href":"http:\/\/estructuras-de-impacto.impact-structures.com\/index.php?rest_route=\/wp\/v2\/users\/1"}],"replies":[{"embeddable":true,"href":"http:\/\/estructuras-de-impacto.impact-structures.com\/index.php?rest_route=%2Fwp%2Fv2%2Fcomments&post=1406"}],"version-history":[{"count":0,"href":"http:\/\/estructuras-de-impacto.impact-structures.com\/index.php?rest_route=\/wp\/v2\/pages\/1406\/revisions"}],"up":[{"embeddable":true,"href":"http:\/\/estructuras-de-impacto.impact-structures.com\/index.php?rest_route=\/wp\/v2\/pages\/13"}],"wp:attachment":[{"href":"http:\/\/estructuras-de-impacto.impact-structures.com\/index.php?rest_route=%2Fwp%2Fv2%2Fmedia&parent=1406"}],"curies":[{"name":"wp","href":"https:\/\/api.w.org\/{rel}","templated":true}]}}