{"id":1405,"date":"2011-12-02T15:49:16","date_gmt":"2011-12-02T15:49:16","guid":{"rendered":"http:\/\/cms.impact-structures.com\/?page_id=105"},"modified":"2011-12-17T09:52:58","modified_gmt":"2011-12-17T09:52:58","slug":"impact-france","status":"publish","type":"page","link":"http:\/\/estructuras-de-impacto.impact-structures.com\/?page_id=1405","title":{"rendered":"Francia: estructura de impacto de Rochechouart"},"content":{"rendered":"<p><a href=\"\/?page_id=143\">La estructura de impacto de Rochechouart<\/a><\/p>\n<p><a href=\"\/?page_id=145\">Rochechouart: rocas de impacto, metamorfismo de choque y geof\u00edsica<\/a><\/p>\n<p><img loading=\"lazy\" decoding=\"async\" src=\"http:\/\/www.impact-structures.com\/images\/france.gif\" alt=\"\" width=\"289\" height=\"289\" usemap=\"#FPMap2\" border=\"0\" \/><\/p>\n<p>Localizaci\u00f3n de la estructura de impacto de Rochechouart.<\/p>\n","protected":false},"excerpt":{"rendered":"<p>La estructura de impacto de Rochechouart Rochechouart: rocas de impacto, metamorfismo de choque y geof\u00edsica Localizaci\u00f3n de la estructura de impacto de Rochechouart.<\/p>\n","protected":false},"author":1,"featured_media":0,"parent":0,"menu_order":3,"comment_status":"closed","ping_status":"closed","template":"sidebar-page.php","meta":{"footnotes":""},"class_list":["post-1405","page","type-page","status-publish","hentry"],"yoast_head":"<!-- This site is optimized with the Yoast SEO plugin v27.3 - https:\/\/yoast.com\/product\/yoast-seo-wordpress\/ -->\n<title>Francia: estructura de impacto de Rochechouart - ERNSTSON CLAUDIN ESTRUCTURAS DE IMPACTO - CR\u00c1TERES METEOR\u00cdTICOS<\/title>\n<meta name=\"robots\" content=\"index, follow, max-snippet:-1, max-image-preview:large, max-video-preview:-1\" \/>\n<link rel=\"canonical\" href=\"http:\/\/estructuras-de-impacto.impact-structures.com\/?page_id=1405\" \/>\n<meta property=\"og:locale\" content=\"es_ES\" \/>\n<meta property=\"og:type\" content=\"article\" \/>\n<meta property=\"og:title\" content=\"Francia: estructura de impacto de Rochechouart - ERNSTSON CLAUDIN ESTRUCTURAS DE IMPACTO - CR\u00c1TERES METEOR\u00cdTICOS\" \/>\n<meta property=\"og:description\" content=\"La estructura de impacto de Rochechouart Rochechouart: rocas de impacto, metamorfismo de choque y geof\u00edsica Localizaci\u00f3n de la estructura de impacto de Rochechouart.\" \/>\n<meta property=\"og:url\" content=\"http:\/\/estructuras-de-impacto.impact-structures.com\/?page_id=1405\" \/>\n<meta property=\"og:site_name\" content=\"ERNSTSON CLAUDIN ESTRUCTURAS DE IMPACTO - CR\u00c1TERES METEOR\u00cdTICOS\" \/>\n<meta property=\"article:modified_time\" content=\"2011-12-17T09:52:58+00:00\" \/>\n<meta property=\"og:image\" content=\"http:\/\/www.impact-structures.com\/images\/france.gif\" \/>\n<meta name=\"twitter:card\" content=\"summary_large_image\" \/>\n<script type=\"application\/ld+json\" class=\"yoast-schema-graph\">{\"@context\":\"https:\\\/\\\/schema.org\",\"@graph\":[{\"@type\":\"WebPage\",\"@id\":\"http:\\\/\\\/estructuras-de-impacto.impact-structures.com\\\/?page_id=1405\",\"url\":\"http:\\\/\\\/estructuras-de-impacto.impact-structures.com\\\/?page_id=1405\",\"name\":\"Francia: estructura de impacto de Rochechouart - ERNSTSON CLAUDIN ESTRUCTURAS DE IMPACTO - CR\u00c1TERES METEOR\u00cdTICOS\",\"isPartOf\":{\"@id\":\"http:\\\/\\\/estructuras-de-impacto.impact-structures.com\\\/#website\"},\"primaryImageOfPage\":{\"@id\":\"http:\\\/\\\/estructuras-de-impacto.impact-structures.com\\\/?page_id=1405#primaryimage\"},\"image\":{\"@id\":\"http:\\\/\\\/estructuras-de-impacto.impact-structures.com\\\/?page_id=1405#primaryimage\"},\"thumbnailUrl\":\"http:\\\/\\\/www.impact-structures.com\\\/images\\\/france.gif\",\"datePublished\":\"2011-12-02T15:49:16+00:00\",\"dateModified\":\"2011-12-17T09:52:58+00:00\",\"breadcrumb\":{\"@id\":\"http:\\\/\\\/estructuras-de-impacto.impact-structures.com\\\/?page_id=1405#breadcrumb\"},\"inLanguage\":\"es\",\"potentialAction\":[{\"@type\":\"ReadAction\",\"target\":[\"http:\\\/\\\/estructuras-de-impacto.impact-structures.com\\\/?page_id=1405\"]}]},{\"@type\":\"ImageObject\",\"inLanguage\":\"es\",\"@id\":\"http:\\\/\\\/estructuras-de-impacto.impact-structures.com\\\/?page_id=1405#primaryimage\",\"url\":\"http:\\\/\\\/www.impact-structures.com\\\/images\\\/france.gif\",\"contentUrl\":\"http:\\\/\\\/www.impact-structures.com\\\/images\\\/france.gif\"},{\"@type\":\"BreadcrumbList\",\"@id\":\"http:\\\/\\\/estructuras-de-impacto.impact-structures.com\\\/?page_id=1405#breadcrumb\",\"itemListElement\":[{\"@type\":\"ListItem\",\"position\":1,\"name\":\"Portada\",\"item\":\"http:\\\/\\\/estructuras-de-impacto.impact-structures.com\\\/\"},{\"@type\":\"ListItem\",\"position\":2,\"name\":\"Francia: estructura de impacto de Rochechouart\"}]},{\"@type\":\"WebSite\",\"@id\":\"http:\\\/\\\/estructuras-de-impacto.impact-structures.com\\\/#website\",\"url\":\"http:\\\/\\\/estructuras-de-impacto.impact-structures.com\\\/\",\"name\":\"ERNSTSON CLAUDIN ESTRUCTURAS DE IMPACTO - CR\u00c1TERES METEOR\u00cdTICOS\",\"description\":\"Investigaci\u00f3n sobre la geolog\u00eda, geof\u00edsica, y petrolog\u00eda\",\"potentialAction\":[{\"@type\":\"SearchAction\",\"target\":{\"@type\":\"EntryPoint\",\"urlTemplate\":\"http:\\\/\\\/estructuras-de-impacto.impact-structures.com\\\/?s={search_term_string}\"},\"query-input\":{\"@type\":\"PropertyValueSpecification\",\"valueRequired\":true,\"valueName\":\"search_term_string\"}}],\"inLanguage\":\"es\"}]}<\/script>\n<!-- \/ Yoast SEO plugin. -->","yoast_head_json":{"title":"Francia: estructura de impacto de Rochechouart - ERNSTSON CLAUDIN ESTRUCTURAS DE IMPACTO - CR\u00c1TERES METEOR\u00cdTICOS","robots":{"index":"index","follow":"follow","max-snippet":"max-snippet:-1","max-image-preview":"max-image-preview:large","max-video-preview":"max-video-preview:-1"},"canonical":"http:\/\/estructuras-de-impacto.impact-structures.com\/?page_id=1405","og_locale":"es_ES","og_type":"article","og_title":"Francia: estructura de impacto de Rochechouart - ERNSTSON CLAUDIN ESTRUCTURAS DE IMPACTO - CR\u00c1TERES METEOR\u00cdTICOS","og_description":"La estructura de impacto de Rochechouart Rochechouart: rocas de impacto, metamorfismo de choque y geof\u00edsica Localizaci\u00f3n de la estructura de impacto de Rochechouart.","og_url":"http:\/\/estructuras-de-impacto.impact-structures.com\/?page_id=1405","og_site_name":"ERNSTSON CLAUDIN ESTRUCTURAS DE IMPACTO - CR\u00c1TERES METEOR\u00cdTICOS","article_modified_time":"2011-12-17T09:52:58+00:00","og_image":[{"url":"http:\/\/www.impact-structures.com\/images\/france.gif","type":"","width":"","height":""}],"twitter_card":"summary_large_image","schema":{"@context":"https:\/\/schema.org","@graph":[{"@type":"WebPage","@id":"http:\/\/estructuras-de-impacto.impact-structures.com\/?page_id=1405","url":"http:\/\/estructuras-de-impacto.impact-structures.com\/?page_id=1405","name":"Francia: estructura de impacto de Rochechouart - ERNSTSON CLAUDIN ESTRUCTURAS DE IMPACTO - CR\u00c1TERES METEOR\u00cdTICOS","isPartOf":{"@id":"http:\/\/estructuras-de-impacto.impact-structures.com\/#website"},"primaryImageOfPage":{"@id":"http:\/\/estructuras-de-impacto.impact-structures.com\/?page_id=1405#primaryimage"},"image":{"@id":"http:\/\/estructuras-de-impacto.impact-structures.com\/?page_id=1405#primaryimage"},"thumbnailUrl":"http:\/\/www.impact-structures.com\/images\/france.gif","datePublished":"2011-12-02T15:49:16+00:00","dateModified":"2011-12-17T09:52:58+00:00","breadcrumb":{"@id":"http:\/\/estructuras-de-impacto.impact-structures.com\/?page_id=1405#breadcrumb"},"inLanguage":"es","potentialAction":[{"@type":"ReadAction","target":["http:\/\/estructuras-de-impacto.impact-structures.com\/?page_id=1405"]}]},{"@type":"ImageObject","inLanguage":"es","@id":"http:\/\/estructuras-de-impacto.impact-structures.com\/?page_id=1405#primaryimage","url":"http:\/\/www.impact-structures.com\/images\/france.gif","contentUrl":"http:\/\/www.impact-structures.com\/images\/france.gif"},{"@type":"BreadcrumbList","@id":"http:\/\/estructuras-de-impacto.impact-structures.com\/?page_id=1405#breadcrumb","itemListElement":[{"@type":"ListItem","position":1,"name":"Portada","item":"http:\/\/estructuras-de-impacto.impact-structures.com\/"},{"@type":"ListItem","position":2,"name":"Francia: estructura de impacto de Rochechouart"}]},{"@type":"WebSite","@id":"http:\/\/estructuras-de-impacto.impact-structures.com\/#website","url":"http:\/\/estructuras-de-impacto.impact-structures.com\/","name":"ERNSTSON CLAUDIN ESTRUCTURAS DE IMPACTO - CR\u00c1TERES METEOR\u00cdTICOS","description":"Investigaci\u00f3n sobre la geolog\u00eda, geof\u00edsica, y petrolog\u00eda","potentialAction":[{"@type":"SearchAction","target":{"@type":"EntryPoint","urlTemplate":"http:\/\/estructuras-de-impacto.impact-structures.com\/?s={search_term_string}"},"query-input":{"@type":"PropertyValueSpecification","valueRequired":true,"valueName":"search_term_string"}}],"inLanguage":"es"}]}},"_links":{"self":[{"href":"http:\/\/estructuras-de-impacto.impact-structures.com\/index.php?rest_route=\/wp\/v2\/pages\/1405","targetHints":{"allow":["GET"]}}],"collection":[{"href":"http:\/\/estructuras-de-impacto.impact-structures.com\/index.php?rest_route=\/wp\/v2\/pages"}],"about":[{"href":"http:\/\/estructuras-de-impacto.impact-structures.com\/index.php?rest_route=\/wp\/v2\/types\/page"}],"author":[{"embeddable":true,"href":"http:\/\/estructuras-de-impacto.impact-structures.com\/index.php?rest_route=\/wp\/v2\/users\/1"}],"replies":[{"embeddable":true,"href":"http:\/\/estructuras-de-impacto.impact-structures.com\/index.php?rest_route=%2Fwp%2Fv2%2Fcomments&post=1405"}],"version-history":[{"count":0,"href":"http:\/\/estructuras-de-impacto.impact-structures.com\/index.php?rest_route=\/wp\/v2\/pages\/1405\/revisions"}],"wp:attachment":[{"href":"http:\/\/estructuras-de-impacto.impact-structures.com\/index.php?rest_route=%2Fwp%2Fv2%2Fmedia&parent=1405"}],"curies":[{"name":"wp","href":"https:\/\/api.w.org\/{rel}","templated":true}]}}