{"id":1404,"date":"2011-12-02T15:48:55","date_gmt":"2011-12-02T15:48:55","guid":{"rendered":"http:\/\/cms.impact-structures.com\/?page_id=103"},"modified":"2020-01-29T12:33:30","modified_gmt":"2020-01-29T12:33:30","slug":"impact-spain","status":"publish","type":"page","link":"http:\/\/estructuras-de-impacto.impact-structures.com\/?page_id=1404","title":{"rendered":"Las estructuras de impacto en Espa\u00f1a"},"content":{"rendered":"<h2>&nbsp;Las estructuras de impacto en Espa\u00f1a y temas relacionados<\/h2>\n<h3><span class=\"Apple-style-span\" style=\"color: #333333; font-weight: 300;\"><a href=\"\/?page_id=119\" target=\"_blank\" rel=\"noopener noreferrer\">La estructura de impacto de Azuara<\/a><\/span><\/h3>\n<h3><a href=\"http:\/\/impacto.impact-structures.com\/?page_id=1417\" target=\"_blank\" rel=\"noopener noreferrer\">La cuenca de impacto de Rubielos de la C\u00e9rida<\/a><\/h3>\n<h3><a id=\"\" title=\"ptominguez\" href=\"http:\/\/impacto.impact-structures.com\/?page_id=1428\" target=\"_blank\" rel=\"noopener noreferrer\">Las eyectas de impacto de Puerto M\u00ednguez<\/a><\/h3>\n<h3><a href=\"http:\/\/impacto.impact-structures.com\/?page_id=1431\">Deformaci\u00f3n por choque en conglomerados Tri\u00e1sicos del Buntsandstein, Espa\u00f1a<\/a><\/h3>\n<h3><a id=\"\" title=\"workshop\" href=\"\/?page_id=318\" target=\"_blank\" rel=\"noopener noreferrer\">6th IMPACT workshop Granada (Spain)<\/a><\/h3>\n<p><img loading=\"lazy\" decoding=\"async\" src=\"http:\/\/www.impact-structures.com\/images\/spain.gif\" alt=\"\" usemap=\"#FPMap8\" width=\"333\" height=\"311\" border=\"0\"><\/p>\n<p>Localizaci\u00f3n de la estructura de Azuara y de la cuenca de impacto de&nbsp;Rubielos de la C\u00e9rida.<\/p>\n<p><strong>Art\u00edculo<\/strong><\/p>\n<p><strong>The mid-Tertiary Azuara and Rubielos de la C\u00e9rida paired impact structures (Spain)&nbsp;&nbsp;&nbsp; <\/strong>by K. Ernstson, F. Claud\u00edn, U. Sch\u00fcssler and K. Hradil<\/p>\n<p><strong>Las estructuras de impacto doble del terciario medio de Azuara y Rubielos de la C\u00e9rida (Espa\u00f1a)<\/strong>&nbsp; &nbsp; por K. Ernstson, F. Claud\u00edn, U. Sch\u00fcssler and K. Hradil<\/p>\n<p>El extenso art\u00edculo sobre las estructuras de impacto espa\u00f1olas de Azuara y Rubielos de la C\u00e9rida, publicado en 2002, puede&nbsp;<span style=\"text-decoration: underline;\"><a href=\"http:\/\/w3.bcn.es\/fitxers\/icub\/museuciencies\/tmgvol11pp565.874.pdf\" target=\"_blank\" rel=\"noopener noreferrer\">descargarse en formato PDF<\/a><\/span>. El&nbsp;<a href=\"http:\/\/w3.bcn.es\/V65\/Serveis\/Noticies\/V65Relacio_NoticiaGaleriaDetallCtl\/0,4702,418159056_418914208_2_1348247381_1315827826,00.html?accio=detall\" target=\"_blank\" rel=\"noopener noreferrer\"><span style=\"text-decoration: underline;\">resumen (abstract) puede leerse aqu\u00ed<\/span>. <\/a><\/p>\n<p>Algunas separatas del art\u00edculo pueden ser a\u00fan suministradas bajo petici\u00f3n.<\/p>\n<p>Despu\u00e9s de la impresi\u00f3n del art\u00edculo, el posterior trabajo geol\u00f3gico y petrol\u00f3gico mostr\u00f3 que la estructura de Rubielos de la C\u00e9rida se extend\u00eda hacia el sur para formar una cuenca de impacto de alrededor de 80 Km. Un art\u00edculo sobre este asunto apareci\u00f3 publicado en la revista&nbsp;<em>Meteorite<\/em>, pudiendo ser visualizado&nbsp;<span style=\"text-decoration: underline;\"><a href=\"http:\/\/www.impact-structures.com\/2011\/12\/an-impact-crater-chain-in-northern-spain-2\/\" target=\"_blank\" rel=\"noopener noreferrer\">aqu\u00ed<\/a>.<\/span><\/p>\n","protected":false},"excerpt":{"rendered":"<p>&nbsp;Las estructuras de impacto en Espa\u00f1a y temas relacionados La estructura de impacto de Azuara La cuenca de impacto de Rubielos de la C\u00e9rida Las eyectas de impacto de Puerto M\u00ednguez Deformaci\u00f3n por choque en conglomerados Tri\u00e1sicos del Buntsandstein, Espa\u00f1a 6th IMPACT workshop Granada (Spain) Localizaci\u00f3n de la estructura de Azuara y de la cuenca &hellip; <a href=\"http:\/\/estructuras-de-impacto.impact-structures.com\/?page_id=1404\" class=\"more-link\">Continuar leyendo<span class=\"screen-reader-text\"> \u00abLas estructuras de impacto en Espa\u00f1a\u00bb<\/span><\/a><\/p>\n","protected":false},"author":1,"featured_media":0,"parent":0,"menu_order":2,"comment_status":"closed","ping_status":"closed","template":"","meta":{"footnotes":""},"class_list":["post-1404","page","type-page","status-publish","hentry"],"yoast_head":"<!-- This site is optimized with the Yoast SEO plugin v27.3 - https:\/\/yoast.com\/product\/yoast-seo-wordpress\/ -->\n<title>Las estructuras de impacto en Espa\u00f1a - ERNSTSON CLAUDIN ESTRUCTURAS DE IMPACTO - CR\u00c1TERES METEOR\u00cdTICOS<\/title>\n<meta name=\"description\" content=\"Estructuras de Impacto en Espa\u00f1a - estructuras de impacto de Azuara y Rubielos de la C\u00e9rida, eyectas de impacto - defvormaciones de choque\" \/>\n<meta name=\"robots\" content=\"index, follow, max-snippet:-1, max-image-preview:large, max-video-preview:-1\" \/>\n<link rel=\"canonical\" href=\"http:\/\/estructuras-de-impacto.impact-structures.com\/?page_id=1404\" \/>\n<meta property=\"og:locale\" content=\"es_ES\" \/>\n<meta property=\"og:type\" content=\"article\" \/>\n<meta property=\"og:title\" content=\"Las estructuras de impacto en Espa\u00f1a - ERNSTSON CLAUDIN ESTRUCTURAS DE IMPACTO - CR\u00c1TERES METEOR\u00cdTICOS\" \/>\n<meta property=\"og:description\" content=\"Estructuras de Impacto en Espa\u00f1a - estructuras de impacto de Azuara y Rubielos de la C\u00e9rida, eyectas de impacto - defvormaciones de choque\" \/>\n<meta property=\"og:url\" content=\"http:\/\/estructuras-de-impacto.impact-structures.com\/?page_id=1404\" \/>\n<meta property=\"og:site_name\" content=\"ERNSTSON CLAUDIN ESTRUCTURAS DE IMPACTO - CR\u00c1TERES METEOR\u00cdTICOS\" \/>\n<meta property=\"article:modified_time\" content=\"2020-01-29T12:33:30+00:00\" \/>\n<meta property=\"og:image\" content=\"http:\/\/www.impact-structures.com\/images\/spain.gif\" \/>\n<meta name=\"twitter:card\" content=\"summary_large_image\" \/>\n<meta name=\"twitter:label1\" content=\"Tiempo de lectura\" \/>\n\t<meta name=\"twitter:data1\" content=\"1 minuto\" \/>\n<script type=\"application\/ld+json\" class=\"yoast-schema-graph\">{\"@context\":\"https:\\\/\\\/schema.org\",\"@graph\":[{\"@type\":\"WebPage\",\"@id\":\"http:\\\/\\\/estructuras-de-impacto.impact-structures.com\\\/?page_id=1404\",\"url\":\"http:\\\/\\\/estructuras-de-impacto.impact-structures.com\\\/?page_id=1404\",\"name\":\"Las estructuras de impacto en Espa\u00f1a - ERNSTSON CLAUDIN ESTRUCTURAS DE IMPACTO - CR\u00c1TERES METEOR\u00cdTICOS\",\"isPartOf\":{\"@id\":\"http:\\\/\\\/estructuras-de-impacto.impact-structures.com\\\/#website\"},\"primaryImageOfPage\":{\"@id\":\"http:\\\/\\\/estructuras-de-impacto.impact-structures.com\\\/?page_id=1404#primaryimage\"},\"image\":{\"@id\":\"http:\\\/\\\/estructuras-de-impacto.impact-structures.com\\\/?page_id=1404#primaryimage\"},\"thumbnailUrl\":\"http:\\\/\\\/www.impact-structures.com\\\/images\\\/spain.gif\",\"datePublished\":\"2011-12-02T15:48:55+00:00\",\"dateModified\":\"2020-01-29T12:33:30+00:00\",\"description\":\"Estructuras de Impacto en Espa\u00f1a - estructuras de impacto de Azuara y Rubielos de la C\u00e9rida, eyectas de impacto - defvormaciones de choque\",\"breadcrumb\":{\"@id\":\"http:\\\/\\\/estructuras-de-impacto.impact-structures.com\\\/?page_id=1404#breadcrumb\"},\"inLanguage\":\"es\",\"potentialAction\":[{\"@type\":\"ReadAction\",\"target\":[\"http:\\\/\\\/estructuras-de-impacto.impact-structures.com\\\/?page_id=1404\"]}]},{\"@type\":\"ImageObject\",\"inLanguage\":\"es\",\"@id\":\"http:\\\/\\\/estructuras-de-impacto.impact-structures.com\\\/?page_id=1404#primaryimage\",\"url\":\"http:\\\/\\\/www.impact-structures.com\\\/images\\\/spain.gif\",\"contentUrl\":\"http:\\\/\\\/www.impact-structures.com\\\/images\\\/spain.gif\"},{\"@type\":\"BreadcrumbList\",\"@id\":\"http:\\\/\\\/estructuras-de-impacto.impact-structures.com\\\/?page_id=1404#breadcrumb\",\"itemListElement\":[{\"@type\":\"ListItem\",\"position\":1,\"name\":\"Portada\",\"item\":\"http:\\\/\\\/estructuras-de-impacto.impact-structures.com\\\/\"},{\"@type\":\"ListItem\",\"position\":2,\"name\":\"Las estructuras de impacto en Espa\u00f1a\"}]},{\"@type\":\"WebSite\",\"@id\":\"http:\\\/\\\/estructuras-de-impacto.impact-structures.com\\\/#website\",\"url\":\"http:\\\/\\\/estructuras-de-impacto.impact-structures.com\\\/\",\"name\":\"ERNSTSON CLAUDIN ESTRUCTURAS DE IMPACTO - CR\u00c1TERES METEOR\u00cdTICOS\",\"description\":\"Investigaci\u00f3n sobre la geolog\u00eda, geof\u00edsica, y petrolog\u00eda\",\"potentialAction\":[{\"@type\":\"SearchAction\",\"target\":{\"@type\":\"EntryPoint\",\"urlTemplate\":\"http:\\\/\\\/estructuras-de-impacto.impact-structures.com\\\/?s={search_term_string}\"},\"query-input\":{\"@type\":\"PropertyValueSpecification\",\"valueRequired\":true,\"valueName\":\"search_term_string\"}}],\"inLanguage\":\"es\"}]}<\/script>\n<!-- \/ Yoast SEO plugin. -->","yoast_head_json":{"title":"Las estructuras de impacto en Espa\u00f1a - ERNSTSON CLAUDIN ESTRUCTURAS DE IMPACTO - CR\u00c1TERES METEOR\u00cdTICOS","description":"Estructuras de Impacto en Espa\u00f1a - estructuras de impacto de Azuara y Rubielos de la C\u00e9rida, eyectas de impacto - defvormaciones de choque","robots":{"index":"index","follow":"follow","max-snippet":"max-snippet:-1","max-image-preview":"max-image-preview:large","max-video-preview":"max-video-preview:-1"},"canonical":"http:\/\/estructuras-de-impacto.impact-structures.com\/?page_id=1404","og_locale":"es_ES","og_type":"article","og_title":"Las estructuras de impacto en Espa\u00f1a - ERNSTSON CLAUDIN ESTRUCTURAS DE IMPACTO - CR\u00c1TERES METEOR\u00cdTICOS","og_description":"Estructuras de Impacto en Espa\u00f1a - estructuras de impacto de Azuara y Rubielos de la C\u00e9rida, eyectas de impacto - defvormaciones de choque","og_url":"http:\/\/estructuras-de-impacto.impact-structures.com\/?page_id=1404","og_site_name":"ERNSTSON CLAUDIN ESTRUCTURAS DE IMPACTO - CR\u00c1TERES METEOR\u00cdTICOS","article_modified_time":"2020-01-29T12:33:30+00:00","og_image":[{"url":"http:\/\/www.impact-structures.com\/images\/spain.gif","type":"","width":"","height":""}],"twitter_card":"summary_large_image","twitter_misc":{"Tiempo de lectura":"1 minuto"},"schema":{"@context":"https:\/\/schema.org","@graph":[{"@type":"WebPage","@id":"http:\/\/estructuras-de-impacto.impact-structures.com\/?page_id=1404","url":"http:\/\/estructuras-de-impacto.impact-structures.com\/?page_id=1404","name":"Las estructuras de impacto en Espa\u00f1a - ERNSTSON CLAUDIN ESTRUCTURAS DE IMPACTO - CR\u00c1TERES METEOR\u00cdTICOS","isPartOf":{"@id":"http:\/\/estructuras-de-impacto.impact-structures.com\/#website"},"primaryImageOfPage":{"@id":"http:\/\/estructuras-de-impacto.impact-structures.com\/?page_id=1404#primaryimage"},"image":{"@id":"http:\/\/estructuras-de-impacto.impact-structures.com\/?page_id=1404#primaryimage"},"thumbnailUrl":"http:\/\/www.impact-structures.com\/images\/spain.gif","datePublished":"2011-12-02T15:48:55+00:00","dateModified":"2020-01-29T12:33:30+00:00","description":"Estructuras de Impacto en Espa\u00f1a - estructuras de impacto de Azuara y Rubielos de la C\u00e9rida, eyectas de impacto - defvormaciones de choque","breadcrumb":{"@id":"http:\/\/estructuras-de-impacto.impact-structures.com\/?page_id=1404#breadcrumb"},"inLanguage":"es","potentialAction":[{"@type":"ReadAction","target":["http:\/\/estructuras-de-impacto.impact-structures.com\/?page_id=1404"]}]},{"@type":"ImageObject","inLanguage":"es","@id":"http:\/\/estructuras-de-impacto.impact-structures.com\/?page_id=1404#primaryimage","url":"http:\/\/www.impact-structures.com\/images\/spain.gif","contentUrl":"http:\/\/www.impact-structures.com\/images\/spain.gif"},{"@type":"BreadcrumbList","@id":"http:\/\/estructuras-de-impacto.impact-structures.com\/?page_id=1404#breadcrumb","itemListElement":[{"@type":"ListItem","position":1,"name":"Portada","item":"http:\/\/estructuras-de-impacto.impact-structures.com\/"},{"@type":"ListItem","position":2,"name":"Las estructuras de impacto en Espa\u00f1a"}]},{"@type":"WebSite","@id":"http:\/\/estructuras-de-impacto.impact-structures.com\/#website","url":"http:\/\/estructuras-de-impacto.impact-structures.com\/","name":"ERNSTSON CLAUDIN ESTRUCTURAS DE IMPACTO - CR\u00c1TERES METEOR\u00cdTICOS","description":"Investigaci\u00f3n sobre la geolog\u00eda, geof\u00edsica, y petrolog\u00eda","potentialAction":[{"@type":"SearchAction","target":{"@type":"EntryPoint","urlTemplate":"http:\/\/estructuras-de-impacto.impact-structures.com\/?s={search_term_string}"},"query-input":{"@type":"PropertyValueSpecification","valueRequired":true,"valueName":"search_term_string"}}],"inLanguage":"es"}]}},"_links":{"self":[{"href":"http:\/\/estructuras-de-impacto.impact-structures.com\/index.php?rest_route=\/wp\/v2\/pages\/1404","targetHints":{"allow":["GET"]}}],"collection":[{"href":"http:\/\/estructuras-de-impacto.impact-structures.com\/index.php?rest_route=\/wp\/v2\/pages"}],"about":[{"href":"http:\/\/estructuras-de-impacto.impact-structures.com\/index.php?rest_route=\/wp\/v2\/types\/page"}],"author":[{"embeddable":true,"href":"http:\/\/estructuras-de-impacto.impact-structures.com\/index.php?rest_route=\/wp\/v2\/users\/1"}],"replies":[{"embeddable":true,"href":"http:\/\/estructuras-de-impacto.impact-structures.com\/index.php?rest_route=%2Fwp%2Fv2%2Fcomments&post=1404"}],"version-history":[{"count":0,"href":"http:\/\/estructuras-de-impacto.impact-structures.com\/index.php?rest_route=\/wp\/v2\/pages\/1404\/revisions"}],"wp:attachment":[{"href":"http:\/\/estructuras-de-impacto.impact-structures.com\/index.php?rest_route=%2Fwp%2Fv2%2Fmedia&parent=1404"}],"curies":[{"name":"wp","href":"https:\/\/api.w.org\/{rel}","templated":true}]}}